{"id":17354,"date":"2024-03-16T08:39:16","date_gmt":"2024-03-16T08:39:16","guid":{"rendered":"https:\/\/www.ghostysky.com\/?post_type=product&#038;p=17354"},"modified":"2024-05-26T08:54:30","modified_gmt":"2024-05-26T08:54:30","slug":"dji-rc-plus-flycart-30","status":"publish","type":"product","link":"https:\/\/www.ghostysky.com\/fr\/product\/dji-rc-plus-flycart-30\/","title":{"rendered":"DJI RC Plus (FlyCart 30)"},"content":{"rendered":"<p><strong>Caract\u00e9ristiques<\/strong><\/p>\n<ul data-sourcepos=\"3:1-8:0\">\n<li data-sourcepos=\"3:1-3:166\"><strong>\u00c9cran haute luminosit\u00e9 :<\/strong>\u00a0Le RC Plus dispose d&#039;un \u00e9cran haute luminosit\u00e9 de 7 pouces et 1 200 nits, ce qui facilite la visualisation des donn\u00e9es et des param\u00e8tres de vol, m\u00eame en plein soleil.<\/li>\n<li data-sourcepos=\"4:1-4:180\"><strong>Plusieurs boutons et molettes :<\/strong>\u00a0Le contr\u00f4leur dispose d&#039;une vari\u00e9t\u00e9 de boutons et de cadrans qui offrent un contr\u00f4le pr\u00e9cis du FlyCart 30, permettant un fonctionnement fluide et stable.<\/li>\n<li data-sourcepos=\"5:1-5:193\"><strong>Transmission longue port\u00e9e :<\/strong>\u00a0Le RC Plus est \u00e9quip\u00e9 d&#039;un syst\u00e8me de transmission longue port\u00e9e qui assure une connexion fiable entre le contr\u00f4leur et le drone, m\u00eame sur de longues distances.<\/li>\n<li data-sourcepos=\"6:1-6:229\"><strong>Syst\u00e8me de batterie double :<\/strong>\u00a0Pour une s\u00e9curit\u00e9 de vol accrue, le RC Plus int\u00e8gre un syst\u00e8me \u00e0 double batterie. En cas de panne d&#039;une batterie pendant le vol, l&#039;autre prend le relais, permettant au drone de retourner \u00e0 sa zone d&#039;atterrissage en toute s\u00e9curit\u00e9.<\/li>\n<li data-sourcepos=\"7:1-8:0\"><strong>Dur\u00e9e de fonctionnement prolong\u00e9e :<\/strong>\u00a0La batterie externe WB37 fournie avec le RC Plus offre une autonomie allant jusqu&#039;\u00e0 six heures. De plus, la t\u00e9l\u00e9commande permet le remplacement \u00e0 chaud des batteries, minimisant ainsi les temps d&#039;arr\u00eat entre les vols.<\/li>\n<\/ul>\n<p data-sourcepos=\"9:1-9:266\">Globalement, la DJI RC Plus est une radiocommande hautes performances offrant un contr\u00f4le fiable et efficace du drone DJI FlyCart 30. Ses fonctionnalit\u00e9s sont sp\u00e9cifiquement adapt\u00e9es aux exigences des applications industrielles, garantissant un fonctionnement s\u00fbr et efficace.<\/p>","protected":false},"excerpt":{"rendered":"<p>Le DJI RC Plus est une t\u00e9l\u00e9commande sp\u00e9cialement con\u00e7ue pour \u00eatre utilis\u00e9e avec le DJI FlyCart 30, un drone longue port\u00e9e et lourd destin\u00e9 aux applications industrielles<\/p>","protected":false},"featured_media":17356,"comment_status":"open","ping_status":"closed","template":"","meta":[],"product_brand":[],"product_cat":[743,37,29,741],"product_tag":[747,42,751,744,748],"class_list":{"0":"post-17354","1":"product","2":"type-product","3":"status-publish","4":"has-post-thumbnail","6":"product_cat-accessories-flycart","7":"product_cat-dji","8":"product_cat-drones","9":"product_cat-flycart","10":"product_tag-accessories","11":"product_tag-dji","12":"product_tag-dji-rc-plus-flycart-30","13":"product_tag-flycart-30","14":"product_tag-rc-plus","16":"first","17":"onbackorder","18":"taxable","19":"shipping-taxable","20":"purchasable","21":"product-type-simple"},"yoast_head":"<!-- This site is optimized with the Yoast SEO plugin v27.4 - https:\/\/yoast.com\/product\/yoast-seo-wordpress\/ -->\n<title>DJI RC Plus (FlyCart 30) - Ghostysky<\/title>\n<meta name=\"description\" content=\"The DJI RC Plus is a remote controller specifically designed for use with the DJI FlyCart 30, a long-range, heavy-lift drone intended for industrial applications\" \/>\n<meta name=\"robots\" content=\"index, follow, max-snippet:-1, max-image-preview:large, max-video-preview:-1\" \/>\n<link rel=\"canonical\" href=\"https:\/\/www.ghostysky.com\/fr\/product\/dji-rc-plus-flycart-30\/\" \/>\n<meta property=\"og:locale\" content=\"fr_FR\" \/>\n<meta property=\"og:type\" content=\"article\" \/>\n<meta property=\"og:title\" content=\"DJI RC Plus (FlyCart 30) - Ghostysky\" \/>\n<meta property=\"og:description\" content=\"The DJI RC Plus is a remote controller specifically designed for use with the DJI FlyCart 30, a long-range, heavy-lift drone intended for industrial applications\" \/>\n<meta property=\"og:url\" content=\"https:\/\/www.ghostysky.com\/fr\/product\/dji-rc-plus-flycart-30\/\" \/>\n<meta property=\"og:site_name\" content=\"Ghostysky\" \/>\n<meta property=\"article:publisher\" content=\"https:\/\/www.facebook.com\/people\/Ghostysky\/100057676170234\/\" \/>\n<meta property=\"article:modified_time\" content=\"2024-05-26T08:54:30+00:00\" \/>\n<meta property=\"og:image\" content=\"https:\/\/www.ghostysky.com\/wp-content\/uploads\/2024\/03\/GH_Flycart_30_RC_3.jpg\" \/>\n\t<meta property=\"og:image:width\" content=\"800\" \/>\n\t<meta property=\"og:image:height\" content=\"800\" \/>\n\t<meta property=\"og:image:type\" content=\"image\/jpeg\" \/>\n<meta name=\"twitter:card\" content=\"summary_large_image\" \/>\n<meta name=\"twitter:site\" content=\"@Gh0stysky\" \/>\n<meta name=\"twitter:label1\" content=\"Dur\u00e9e de lecture estim\u00e9e\" \/>\n\t<meta name=\"twitter:data1\" content=\"1 minute\" \/>\n<script type=\"application\/ld+json\" class=\"yoast-schema-graph\">{\"@context\":\"https:\\\/\\\/schema.org\",\"@graph\":[{\"@type\":\"WebPage\",\"@id\":\"https:\\\/\\\/www.ghostysky.com\\\/product\\\/dji-rc-plus-flycart-30\\\/\",\"url\":\"https:\\\/\\\/www.ghostysky.com\\\/product\\\/dji-rc-plus-flycart-30\\\/\",\"name\":\"DJI RC Plus (FlyCart 30) - Ghostysky\",\"isPartOf\":{\"@id\":\"https:\\\/\\\/www.ghostysky.com\\\/#website\"},\"primaryImageOfPage\":{\"@id\":\"https:\\\/\\\/www.ghostysky.com\\\/product\\\/dji-rc-plus-flycart-30\\\/#primaryimage\"},\"image\":{\"@id\":\"https:\\\/\\\/www.ghostysky.com\\\/product\\\/dji-rc-plus-flycart-30\\\/#primaryimage\"},\"thumbnailUrl\":\"https:\\\/\\\/www.ghostysky.com\\\/wp-content\\\/uploads\\\/2024\\\/03\\\/GH_Flycart_30_RC_3.jpg\",\"datePublished\":\"2024-03-16T08:39:16+00:00\",\"dateModified\":\"2024-05-26T08:54:30+00:00\",\"description\":\"The DJI RC Plus is a remote controller specifically designed for use with the DJI FlyCart 30, a long-range, heavy-lift drone intended for industrial applications\",\"breadcrumb\":{\"@id\":\"https:\\\/\\\/www.ghostysky.com\\\/product\\\/dji-rc-plus-flycart-30\\\/#breadcrumb\"},\"inLanguage\":\"fr-FR\",\"potentialAction\":[{\"@type\":\"ReadAction\",\"target\":[\"https:\\\/\\\/www.ghostysky.com\\\/product\\\/dji-rc-plus-flycart-30\\\/\"]}]},{\"@type\":\"ImageObject\",\"inLanguage\":\"fr-FR\",\"@id\":\"https:\\\/\\\/www.ghostysky.com\\\/product\\\/dji-rc-plus-flycart-30\\\/#primaryimage\",\"url\":\"https:\\\/\\\/www.ghostysky.com\\\/wp-content\\\/uploads\\\/2024\\\/03\\\/GH_Flycart_30_RC_3.jpg\",\"contentUrl\":\"https:\\\/\\\/www.ghostysky.com\\\/wp-content\\\/uploads\\\/2024\\\/03\\\/GH_Flycart_30_RC_3.jpg\",\"width\":800,\"height\":800},{\"@type\":\"BreadcrumbList\",\"@id\":\"https:\\\/\\\/www.ghostysky.com\\\/product\\\/dji-rc-plus-flycart-30\\\/#breadcrumb\",\"itemListElement\":[{\"@type\":\"ListItem\",\"position\":1,\"name\":\"Home\",\"item\":\"https:\\\/\\\/www.ghostysky.com\\\/\"},{\"@type\":\"ListItem\",\"position\":2,\"name\":\"Shop\",\"item\":\"https:\\\/\\\/www.ghostysky.com\\\/shop\\\/\"},{\"@type\":\"ListItem\",\"position\":3,\"name\":\"DJI RC Plus (FlyCart 30)\"}]},{\"@type\":\"WebSite\",\"@id\":\"https:\\\/\\\/www.ghostysky.com\\\/#website\",\"url\":\"https:\\\/\\\/www.ghostysky.com\\\/\",\"name\":\"Ghostysky\",\"description\":\"Delivering professional drones and robotics solutions\",\"publisher\":{\"@id\":\"https:\\\/\\\/www.ghostysky.com\\\/#organization\"},\"potentialAction\":[{\"@type\":\"SearchAction\",\"target\":{\"@type\":\"EntryPoint\",\"urlTemplate\":\"https:\\\/\\\/www.ghostysky.com\\\/?s={search_term_string}\"},\"query-input\":{\"@type\":\"PropertyValueSpecification\",\"valueRequired\":true,\"valueName\":\"search_term_string\"}}],\"inLanguage\":\"fr-FR\"},{\"@type\":\"Organization\",\"@id\":\"https:\\\/\\\/www.ghostysky.com\\\/#organization\",\"name\":\"Ghostysky\",\"url\":\"https:\\\/\\\/www.ghostysky.com\\\/\",\"logo\":{\"@type\":\"ImageObject\",\"inLanguage\":\"fr-FR\",\"@id\":\"https:\\\/\\\/www.ghostysky.com\\\/#\\\/schema\\\/logo\\\/image\\\/\",\"url\":\"https:\\\/\\\/www.ghostysky.com\\\/wp-content\\\/uploads\\\/2020\\\/06\\\/cropped-ghostyskylogo_text_white2.png\",\"contentUrl\":\"https:\\\/\\\/www.ghostysky.com\\\/wp-content\\\/uploads\\\/2020\\\/06\\\/cropped-ghostyskylogo_text_white2.png\",\"width\":169,\"height\":56,\"caption\":\"Ghostysky\"},\"image\":{\"@id\":\"https:\\\/\\\/www.ghostysky.com\\\/#\\\/schema\\\/logo\\\/image\\\/\"},\"sameAs\":[\"https:\\\/\\\/www.facebook.com\\\/people\\\/Ghostysky\\\/100057676170234\\\/\",\"https:\\\/\\\/x.com\\\/Gh0stysky\",\"https:\\\/\\\/www.linkedin.com\\\/company\\\/34739653\",\"https:\\\/\\\/www.instagram.com\\\/gh0stysky\"]}]}<\/script>\n<!-- \/ Yoast SEO plugin. -->","yoast_head_json":{"title":"DJI RC Plus (FlyCart 30) - Ghostysky","description":"Le DJI RC Plus est une t\u00e9l\u00e9commande sp\u00e9cialement con\u00e7ue pour \u00eatre utilis\u00e9e avec le DJI FlyCart 30, un drone longue port\u00e9e et lourd destin\u00e9 aux applications industrielles","robots":{"index":"index","follow":"follow","max-snippet":"max-snippet:-1","max-image-preview":"max-image-preview:large","max-video-preview":"max-video-preview:-1"},"canonical":"https:\/\/www.ghostysky.com\/fr\/product\/dji-rc-plus-flycart-30\/","og_locale":"fr_FR","og_type":"article","og_title":"DJI RC Plus (FlyCart 30) - Ghostysky","og_description":"The DJI RC Plus is a remote controller specifically designed for use with the DJI FlyCart 30, a long-range, heavy-lift drone intended for industrial applications","og_url":"https:\/\/www.ghostysky.com\/fr\/product\/dji-rc-plus-flycart-30\/","og_site_name":"Ghostysky","article_publisher":"https:\/\/www.facebook.com\/people\/Ghostysky\/100057676170234\/","article_modified_time":"2024-05-26T08:54:30+00:00","og_image":[{"width":800,"height":800,"url":"https:\/\/www.ghostysky.com\/wp-content\/uploads\/2024\/03\/GH_Flycart_30_RC_3.jpg","type":"image\/jpeg"}],"twitter_card":"summary_large_image","twitter_site":"@Gh0stysky","twitter_misc":{"Dur\u00e9e de lecture estim\u00e9e":"1 minute"},"schema":{"@context":"https:\/\/schema.org","@graph":[{"@type":"WebPage","@id":"https:\/\/www.ghostysky.com\/product\/dji-rc-plus-flycart-30\/","url":"https:\/\/www.ghostysky.com\/product\/dji-rc-plus-flycart-30\/","name":"DJI RC Plus (FlyCart 30) - Ghostysky","isPartOf":{"@id":"https:\/\/www.ghostysky.com\/#website"},"primaryImageOfPage":{"@id":"https:\/\/www.ghostysky.com\/product\/dji-rc-plus-flycart-30\/#primaryimage"},"image":{"@id":"https:\/\/www.ghostysky.com\/product\/dji-rc-plus-flycart-30\/#primaryimage"},"thumbnailUrl":"https:\/\/www.ghostysky.com\/wp-content\/uploads\/2024\/03\/GH_Flycart_30_RC_3.jpg","datePublished":"2024-03-16T08:39:16+00:00","dateModified":"2024-05-26T08:54:30+00:00","description":"Le DJI RC Plus est une t\u00e9l\u00e9commande sp\u00e9cialement con\u00e7ue pour \u00eatre utilis\u00e9e avec le DJI FlyCart 30, un drone longue port\u00e9e et lourd destin\u00e9 aux applications industrielles","breadcrumb":{"@id":"https:\/\/www.ghostysky.com\/product\/dji-rc-plus-flycart-30\/#breadcrumb"},"inLanguage":"fr-FR","potentialAction":[{"@type":"ReadAction","target":["https:\/\/www.ghostysky.com\/product\/dji-rc-plus-flycart-30\/"]}]},{"@type":"ImageObject","inLanguage":"fr-FR","@id":"https:\/\/www.ghostysky.com\/product\/dji-rc-plus-flycart-30\/#primaryimage","url":"https:\/\/www.ghostysky.com\/wp-content\/uploads\/2024\/03\/GH_Flycart_30_RC_3.jpg","contentUrl":"https:\/\/www.ghostysky.com\/wp-content\/uploads\/2024\/03\/GH_Flycart_30_RC_3.jpg","width":800,"height":800},{"@type":"BreadcrumbList","@id":"https:\/\/www.ghostysky.com\/product\/dji-rc-plus-flycart-30\/#breadcrumb","itemListElement":[{"@type":"ListItem","position":1,"name":"Home","item":"https:\/\/www.ghostysky.com\/"},{"@type":"ListItem","position":2,"name":"Shop","item":"https:\/\/www.ghostysky.com\/shop\/"},{"@type":"ListItem","position":3,"name":"DJI RC Plus (FlyCart 30)"}]},{"@type":"WebSite","@id":"https:\/\/www.ghostysky.com\/#website","url":"https:\/\/www.ghostysky.com\/","name":"Ghostysky","description":"Fourniture de solutions professionnelles en mati\u00e8re de drones et de robotique","publisher":{"@id":"https:\/\/www.ghostysky.com\/#organization"},"potentialAction":[{"@type":"SearchAction","target":{"@type":"EntryPoint","urlTemplate":"https:\/\/www.ghostysky.com\/?s={search_term_string}"},"query-input":{"@type":"PropertyValueSpecification","valueRequired":true,"valueName":"search_term_string"}}],"inLanguage":"fr-FR"},{"@type":"Organization","@id":"https:\/\/www.ghostysky.com\/#organization","name":"Ghostysky","url":"https:\/\/www.ghostysky.com\/","logo":{"@type":"ImageObject","inLanguage":"fr-FR","@id":"https:\/\/www.ghostysky.com\/#\/schema\/logo\/image\/","url":"https:\/\/www.ghostysky.com\/wp-content\/uploads\/2020\/06\/cropped-ghostyskylogo_text_white2.png","contentUrl":"https:\/\/www.ghostysky.com\/wp-content\/uploads\/2020\/06\/cropped-ghostyskylogo_text_white2.png","width":169,"height":56,"caption":"Ghostysky"},"image":{"@id":"https:\/\/www.ghostysky.com\/#\/schema\/logo\/image\/"},"sameAs":["https:\/\/www.facebook.com\/people\/Ghostysky\/100057676170234\/","https:\/\/x.com\/Gh0stysky","https:\/\/www.linkedin.com\/company\/34739653","https:\/\/www.instagram.com\/gh0stysky"]}]}},"_links":{"self":[{"href":"https:\/\/www.ghostysky.com\/fr\/wp-json\/wp\/v2\/product\/17354","targetHints":{"allow":["GET"]}}],"collection":[{"href":"https:\/\/www.ghostysky.com\/fr\/wp-json\/wp\/v2\/product"}],"about":[{"href":"https:\/\/www.ghostysky.com\/fr\/wp-json\/wp\/v2\/types\/product"}],"replies":[{"embeddable":true,"href":"https:\/\/www.ghostysky.com\/fr\/wp-json\/wp\/v2\/comments?post=17354"}],"version-history":[{"count":0,"href":"https:\/\/www.ghostysky.com\/fr\/wp-json\/wp\/v2\/product\/17354\/revisions"}],"wp:featuredmedia":[{"embeddable":true,"href":"https:\/\/www.ghostysky.com\/fr\/wp-json\/wp\/v2\/media\/17356"}],"wp:attachment":[{"href":"https:\/\/www.ghostysky.com\/fr\/wp-json\/wp\/v2\/media?parent=17354"}],"wp:term":[{"taxonomy":"product_brand","embeddable":true,"href":"https:\/\/www.ghostysky.com\/fr\/wp-json\/wp\/v2\/product_brand?post=17354"},{"taxonomy":"product_cat","embeddable":true,"href":"https:\/\/www.ghostysky.com\/fr\/wp-json\/wp\/v2\/product_cat?post=17354"},{"taxonomy":"product_tag","embeddable":true,"href":"https:\/\/www.ghostysky.com\/fr\/wp-json\/wp\/v2\/product_tag?post=17354"}],"curies":[{"name":"wp","href":"https:\/\/api.w.org\/{rel}","templated":true}]}}