{"id":17382,"date":"2024-03-16T09:26:45","date_gmt":"2024-03-16T09:26:45","guid":{"rendered":"https:\/\/www.ghostysky.com\/?post_type=product&#038;p=17382"},"modified":"2026-01-15T06:50:17","modified_gmt":"2026-01-15T06:50:17","slug":"dji-air-3","status":"publish","type":"product","link":"https:\/\/www.ghostysky.com\/fr\/product\/dji-air-3\/","title":{"rendered":"DJI Air 3 (DJI RC-N2)"},"content":{"rendered":"<p data-sourcepos=\"1:1-1:176\"><strong>Caract\u00e9ristiques<\/strong><\/p>\n<ul data-sourcepos=\"3:1-14:0\">\n<li data-sourcepos=\"3:1-5:0\">\n<p data-sourcepos=\"3:3-4:26\"><strong>Cam\u00e9ra:<\/strong> L&#039;Air 3 est dot\u00e9 d&#039;un syst\u00e8me double cam\u00e9ra, une premi\u00e8re dans la s\u00e9rie Air. Il est \u00e9quip\u00e9 d&#039;un capteur CMOS grand angle de 1\/1,3 pouce et d&#039;un t\u00e9l\u00e9objectif 3x de 1\/1,3 pouce. Ce syst\u00e8me vous permet de prendre des photos et des vid\u00e9os de haute qualit\u00e9, avec une r\u00e9solution maximale de 4K HDR \u00e0 60 ips.<\/p>\n<\/li>\n<\/ul>\n<ul data-sourcepos=\"3:1-14:0\">\n<li data-sourcepos=\"6:1-7:0\">\n<p data-sourcepos=\"6:3-6:269\"><strong>Dur\u00e9e du vol :<\/strong> L&#039;Air 3 offre une autonomie de vol maximale impressionnante de 46 minutes, ce qui repr\u00e9sente une am\u00e9lioration significative par rapport \u00e0 la g\u00e9n\u00e9ration pr\u00e9c\u00e9dente de drones Air. Cette autonomie prolong\u00e9e vous laisse amplement le temps de capturer la photo parfaite ou d&#039;explorer les environs.<\/p>\n<\/li>\n<li data-sourcepos=\"8:1-9:0\">\n<p data-sourcepos=\"8:3-8:265\"><strong>D\u00e9tection d&#039;obstacles :<\/strong> L&#039;Air 3 est \u00e9quip\u00e9 d&#039;un syst\u00e8me de d\u00e9tection d&#039;obstacles omnidirectionnel, qui assure votre s\u00e9curit\u00e9 et celle de votre drone pendant le vol. Ce syst\u00e8me d\u00e9tecte les obstacles dans toutes les directions et vous avertit automatiquement en cas de risque de collision.<\/p>\n<\/li>\n<li data-sourcepos=\"10:1-11:0\">\n<p data-sourcepos=\"10:3-10:199\"><strong>Port\u00e9e de transmission :<\/strong> L&#039;Air 3 utilise le syst\u00e8me de transmission vid\u00e9o O4 de DJI, qui offre une port\u00e9e allant jusqu&#039;\u00e0 20 km. Vous pouvez ainsi piloter votre drone plus loin sans perdre le signal.<\/p>\n<\/li>\n<li data-sourcepos=\"12:1-14:0\">\n<p data-sourcepos=\"12:3-12:433\"><strong>Fonctionnalit\u00e9s intelligentes :<\/strong> L&#039;Air 3 int\u00e8gre diverses fonctionnalit\u00e9s intelligentes pour capturer facilement de superbes images a\u00e9riennes. Parmi ces fonctionnalit\u00e9s, on trouve QuickShots, MasterShots et SmartPhoto 3.0. QuickShots vous permet de capturer des vid\u00e9os de qualit\u00e9 professionnelle en quelques clics, tandis que MasterShots cr\u00e9e de courts extraits cin\u00e9matographiques de votre sujet. SmartPhoto 3.0 optimise automatiquement vos photos pour un r\u00e9sultat optimal.<\/p>\n<\/li>\n<\/ul>\n<p data-sourcepos=\"15:1-15:255\">Globalement, le DJI Air 3 est un drone polyvalent et riche en fonctionnalit\u00e9s, parfaitement adapt\u00e9 \u00e0 de nombreuses applications. Si vous recherchez un drone compact et puissant capable de capturer des photos et des vid\u00e9os de haute qualit\u00e9, l&#039;Air 3 est une excellente option.<\/p>\n<p data-sourcepos=\"1:1-1:121\"><strong>Sp\u00e9cifications techniques<\/strong><\/p>\n<p data-sourcepos=\"3:1-3:11\"><strong>Cam\u00e9ra:<\/strong><\/p>\n<ul data-sourcepos=\"5:1-8:0\">\n<li data-sourcepos=\"5:1-5:67\">Deux capteurs CMOS 1\/1,3 pouce (grand angle et t\u00e9l\u00e9objectif moyen 3x)<\/li>\n<li data-sourcepos=\"6:1-6:13\">Photos de 48 MP<\/li>\n<li data-sourcepos=\"7:1-8:0\">Enregistrement vid\u00e9o 4K HDR jusqu&#039;\u00e0 60 ips<\/li>\n<\/ul>\n<p data-sourcepos=\"9:1-9:23\"><strong>Performances de vol :<\/strong><\/p>\n<ul data-sourcepos=\"11:1-13:0\">\n<li data-sourcepos=\"11:1-11:33\">Dur\u00e9e maximale du vol : 46 minutes<\/li>\n<li data-sourcepos=\"12:1-13:0\">Transmission vid\u00e9o O4 avec une port\u00e9e allant jusqu&#039;\u00e0 20 km<\/li>\n<\/ul>\n<p data-sourcepos=\"14:1-14:19\"><strong>Autres caract\u00e9ristiques :<\/strong><\/p>\n<ul data-sourcepos=\"16:1-19:0\">\n<li data-sourcepos=\"16:1-16:34\">D\u00e9tection d&#039;obstacles omnidirectionnelle<\/li>\n<li data-sourcepos=\"17:1-17:68\">Modes de vol intelligents (QuickShots, MasterShots, SmartPhoto 3.0)<\/li>\n<li data-sourcepos=\"18:1-19:0\">Conception compacte et l\u00e9g\u00e8re (moins de 720 g)<\/li>\n<\/ul>","protected":false},"excerpt":{"rendered":"<p>Le DJI Air 3 est un drone pliable compact dot\u00e9 d&#039;une vari\u00e9t\u00e9 de fonctionnalit\u00e9s qui le rendent attrayant pour les pilotes de drones d\u00e9butants et exp\u00e9riment\u00e9s.<\/p>","protected":false},"featured_media":17387,"comment_status":"open","ping_status":"closed","template":"","meta":[],"product_brand":[],"product_cat":[752,775,37,29,776],"product_tag":[754,753,42],"class_list":{"0":"post-17382","1":"product","2":"type-product","3":"status-publish","4":"has-post-thumbnail","6":"product_cat-aerial-photography","7":"product_cat-air-3","8":"product_cat-dji","9":"product_cat-drones","10":"product_cat-drones-air3","11":"product_tag-aerial-photography","12":"product_tag-air-3","13":"product_tag-dji","15":"first","16":"instock","17":"taxable","18":"shipping-taxable","19":"purchasable","20":"product-type-simple"},"yoast_head":"<!-- This site is optimized with the Yoast SEO plugin v27.4 - https:\/\/yoast.com\/product\/yoast-seo-wordpress\/ -->\n<title>DJI Air 3 (DJI RC-N2) - Ghostysky<\/title>\n<meta name=\"description\" content=\"The DJI Air 3 is a compact foldable drone with a variety of features that make it appealing to both beginner and experienced drone pilots.\" \/>\n<meta name=\"robots\" content=\"index, follow, max-snippet:-1, max-image-preview:large, max-video-preview:-1\" \/>\n<link rel=\"canonical\" href=\"https:\/\/www.ghostysky.com\/fr\/product\/dji-air-3\/\" \/>\n<meta property=\"og:locale\" content=\"fr_FR\" \/>\n<meta property=\"og:type\" content=\"article\" \/>\n<meta property=\"og:title\" content=\"DJI Air 3 (DJI RC-N2) - Ghostysky\" \/>\n<meta property=\"og:description\" content=\"The DJI Air 3 is a compact foldable drone with a variety of features that make it appealing to both beginner and experienced drone pilots.\" \/>\n<meta property=\"og:url\" content=\"https:\/\/www.ghostysky.com\/fr\/product\/dji-air-3\/\" \/>\n<meta property=\"og:site_name\" content=\"Ghostysky\" \/>\n<meta property=\"article:publisher\" content=\"https:\/\/www.facebook.com\/people\/Ghostysky\/100057676170234\/\" \/>\n<meta property=\"article:modified_time\" content=\"2026-01-15T06:50:17+00:00\" \/>\n<meta property=\"og:image\" content=\"https:\/\/www.ghostysky.com\/wp-content\/uploads\/2024\/03\/GH_DJI_Air3_1.jpg\" \/>\n\t<meta property=\"og:image:width\" content=\"500\" \/>\n\t<meta property=\"og:image:height\" content=\"500\" \/>\n\t<meta property=\"og:image:type\" content=\"image\/jpeg\" \/>\n<meta name=\"twitter:card\" content=\"summary_large_image\" \/>\n<meta name=\"twitter:site\" content=\"@Gh0stysky\" \/>\n<meta name=\"twitter:label1\" content=\"Dur\u00e9e de lecture estim\u00e9e\" \/>\n\t<meta name=\"twitter:data1\" content=\"2 minutes\" \/>\n<script type=\"application\/ld+json\" class=\"yoast-schema-graph\">{\"@context\":\"https:\\\/\\\/schema.org\",\"@graph\":[{\"@type\":\"WebPage\",\"@id\":\"https:\\\/\\\/www.ghostysky.com\\\/product\\\/dji-air-3\\\/\",\"url\":\"https:\\\/\\\/www.ghostysky.com\\\/product\\\/dji-air-3\\\/\",\"name\":\"DJI Air 3 (DJI RC-N2) - Ghostysky\",\"isPartOf\":{\"@id\":\"https:\\\/\\\/www.ghostysky.com\\\/#website\"},\"primaryImageOfPage\":{\"@id\":\"https:\\\/\\\/www.ghostysky.com\\\/product\\\/dji-air-3\\\/#primaryimage\"},\"image\":{\"@id\":\"https:\\\/\\\/www.ghostysky.com\\\/product\\\/dji-air-3\\\/#primaryimage\"},\"thumbnailUrl\":\"https:\\\/\\\/www.ghostysky.com\\\/wp-content\\\/uploads\\\/2024\\\/03\\\/GH_DJI_Air3_1.jpg\",\"datePublished\":\"2024-03-16T09:26:45+00:00\",\"dateModified\":\"2026-01-15T06:50:17+00:00\",\"description\":\"The DJI Air 3 is a compact foldable drone with a variety of features that make it appealing to both beginner and experienced drone pilots.\",\"breadcrumb\":{\"@id\":\"https:\\\/\\\/www.ghostysky.com\\\/product\\\/dji-air-3\\\/#breadcrumb\"},\"inLanguage\":\"fr-FR\",\"potentialAction\":[{\"@type\":\"ReadAction\",\"target\":[\"https:\\\/\\\/www.ghostysky.com\\\/product\\\/dji-air-3\\\/\"]}]},{\"@type\":\"ImageObject\",\"inLanguage\":\"fr-FR\",\"@id\":\"https:\\\/\\\/www.ghostysky.com\\\/product\\\/dji-air-3\\\/#primaryimage\",\"url\":\"https:\\\/\\\/www.ghostysky.com\\\/wp-content\\\/uploads\\\/2024\\\/03\\\/GH_DJI_Air3_1.jpg\",\"contentUrl\":\"https:\\\/\\\/www.ghostysky.com\\\/wp-content\\\/uploads\\\/2024\\\/03\\\/GH_DJI_Air3_1.jpg\",\"width\":500,\"height\":500},{\"@type\":\"BreadcrumbList\",\"@id\":\"https:\\\/\\\/www.ghostysky.com\\\/product\\\/dji-air-3\\\/#breadcrumb\",\"itemListElement\":[{\"@type\":\"ListItem\",\"position\":1,\"name\":\"Home\",\"item\":\"https:\\\/\\\/www.ghostysky.com\\\/\"},{\"@type\":\"ListItem\",\"position\":2,\"name\":\"Shop\",\"item\":\"https:\\\/\\\/www.ghostysky.com\\\/shop\\\/\"},{\"@type\":\"ListItem\",\"position\":3,\"name\":\"DJI Air 3 (DJI RC-N2)\"}]},{\"@type\":\"WebSite\",\"@id\":\"https:\\\/\\\/www.ghostysky.com\\\/#website\",\"url\":\"https:\\\/\\\/www.ghostysky.com\\\/\",\"name\":\"Ghostysky\",\"description\":\"Delivering professional drones and robotics solutions\",\"publisher\":{\"@id\":\"https:\\\/\\\/www.ghostysky.com\\\/#organization\"},\"potentialAction\":[{\"@type\":\"SearchAction\",\"target\":{\"@type\":\"EntryPoint\",\"urlTemplate\":\"https:\\\/\\\/www.ghostysky.com\\\/?s={search_term_string}\"},\"query-input\":{\"@type\":\"PropertyValueSpecification\",\"valueRequired\":true,\"valueName\":\"search_term_string\"}}],\"inLanguage\":\"fr-FR\"},{\"@type\":\"Organization\",\"@id\":\"https:\\\/\\\/www.ghostysky.com\\\/#organization\",\"name\":\"Ghostysky\",\"url\":\"https:\\\/\\\/www.ghostysky.com\\\/\",\"logo\":{\"@type\":\"ImageObject\",\"inLanguage\":\"fr-FR\",\"@id\":\"https:\\\/\\\/www.ghostysky.com\\\/#\\\/schema\\\/logo\\\/image\\\/\",\"url\":\"https:\\\/\\\/www.ghostysky.com\\\/wp-content\\\/uploads\\\/2020\\\/06\\\/cropped-ghostyskylogo_text_white2.png\",\"contentUrl\":\"https:\\\/\\\/www.ghostysky.com\\\/wp-content\\\/uploads\\\/2020\\\/06\\\/cropped-ghostyskylogo_text_white2.png\",\"width\":169,\"height\":56,\"caption\":\"Ghostysky\"},\"image\":{\"@id\":\"https:\\\/\\\/www.ghostysky.com\\\/#\\\/schema\\\/logo\\\/image\\\/\"},\"sameAs\":[\"https:\\\/\\\/www.facebook.com\\\/people\\\/Ghostysky\\\/100057676170234\\\/\",\"https:\\\/\\\/x.com\\\/Gh0stysky\",\"https:\\\/\\\/www.linkedin.com\\\/company\\\/34739653\",\"https:\\\/\\\/www.instagram.com\\\/gh0stysky\"]}]}<\/script>\n<!-- \/ Yoast SEO plugin. -->","yoast_head_json":{"title":"DJI Air 3 (DJI RC-N2) - Ghostysky","description":"Le DJI Air 3 est un drone pliable compact dot\u00e9 d&#039;une vari\u00e9t\u00e9 de fonctionnalit\u00e9s qui le rendent attrayant pour les pilotes de drones d\u00e9butants et exp\u00e9riment\u00e9s.","robots":{"index":"index","follow":"follow","max-snippet":"max-snippet:-1","max-image-preview":"max-image-preview:large","max-video-preview":"max-video-preview:-1"},"canonical":"https:\/\/www.ghostysky.com\/fr\/product\/dji-air-3\/","og_locale":"fr_FR","og_type":"article","og_title":"DJI Air 3 (DJI RC-N2) - Ghostysky","og_description":"The DJI Air 3 is a compact foldable drone with a variety of features that make it appealing to both beginner and experienced drone pilots.","og_url":"https:\/\/www.ghostysky.com\/fr\/product\/dji-air-3\/","og_site_name":"Ghostysky","article_publisher":"https:\/\/www.facebook.com\/people\/Ghostysky\/100057676170234\/","article_modified_time":"2026-01-15T06:50:17+00:00","og_image":[{"width":500,"height":500,"url":"https:\/\/www.ghostysky.com\/wp-content\/uploads\/2024\/03\/GH_DJI_Air3_1.jpg","type":"image\/jpeg"}],"twitter_card":"summary_large_image","twitter_site":"@Gh0stysky","twitter_misc":{"Dur\u00e9e de lecture estim\u00e9e":"2 minutes"},"schema":{"@context":"https:\/\/schema.org","@graph":[{"@type":"WebPage","@id":"https:\/\/www.ghostysky.com\/product\/dji-air-3\/","url":"https:\/\/www.ghostysky.com\/product\/dji-air-3\/","name":"DJI Air 3 (DJI RC-N2) - Ghostysky","isPartOf":{"@id":"https:\/\/www.ghostysky.com\/#website"},"primaryImageOfPage":{"@id":"https:\/\/www.ghostysky.com\/product\/dji-air-3\/#primaryimage"},"image":{"@id":"https:\/\/www.ghostysky.com\/product\/dji-air-3\/#primaryimage"},"thumbnailUrl":"https:\/\/www.ghostysky.com\/wp-content\/uploads\/2024\/03\/GH_DJI_Air3_1.jpg","datePublished":"2024-03-16T09:26:45+00:00","dateModified":"2026-01-15T06:50:17+00:00","description":"Le DJI Air 3 est un drone pliable compact dot\u00e9 d&#039;une vari\u00e9t\u00e9 de fonctionnalit\u00e9s qui le rendent attrayant pour les pilotes de drones d\u00e9butants et exp\u00e9riment\u00e9s.","breadcrumb":{"@id":"https:\/\/www.ghostysky.com\/product\/dji-air-3\/#breadcrumb"},"inLanguage":"fr-FR","potentialAction":[{"@type":"ReadAction","target":["https:\/\/www.ghostysky.com\/product\/dji-air-3\/"]}]},{"@type":"ImageObject","inLanguage":"fr-FR","@id":"https:\/\/www.ghostysky.com\/product\/dji-air-3\/#primaryimage","url":"https:\/\/www.ghostysky.com\/wp-content\/uploads\/2024\/03\/GH_DJI_Air3_1.jpg","contentUrl":"https:\/\/www.ghostysky.com\/wp-content\/uploads\/2024\/03\/GH_DJI_Air3_1.jpg","width":500,"height":500},{"@type":"BreadcrumbList","@id":"https:\/\/www.ghostysky.com\/product\/dji-air-3\/#breadcrumb","itemListElement":[{"@type":"ListItem","position":1,"name":"Home","item":"https:\/\/www.ghostysky.com\/"},{"@type":"ListItem","position":2,"name":"Shop","item":"https:\/\/www.ghostysky.com\/shop\/"},{"@type":"ListItem","position":3,"name":"DJI Air 3 (DJI RC-N2)"}]},{"@type":"WebSite","@id":"https:\/\/www.ghostysky.com\/#website","url":"https:\/\/www.ghostysky.com\/","name":"Ghostysky","description":"Fourniture de solutions professionnelles en mati\u00e8re de drones et de robotique","publisher":{"@id":"https:\/\/www.ghostysky.com\/#organization"},"potentialAction":[{"@type":"SearchAction","target":{"@type":"EntryPoint","urlTemplate":"https:\/\/www.ghostysky.com\/?s={search_term_string}"},"query-input":{"@type":"PropertyValueSpecification","valueRequired":true,"valueName":"search_term_string"}}],"inLanguage":"fr-FR"},{"@type":"Organization","@id":"https:\/\/www.ghostysky.com\/#organization","name":"Ghostysky","url":"https:\/\/www.ghostysky.com\/","logo":{"@type":"ImageObject","inLanguage":"fr-FR","@id":"https:\/\/www.ghostysky.com\/#\/schema\/logo\/image\/","url":"https:\/\/www.ghostysky.com\/wp-content\/uploads\/2020\/06\/cropped-ghostyskylogo_text_white2.png","contentUrl":"https:\/\/www.ghostysky.com\/wp-content\/uploads\/2020\/06\/cropped-ghostyskylogo_text_white2.png","width":169,"height":56,"caption":"Ghostysky"},"image":{"@id":"https:\/\/www.ghostysky.com\/#\/schema\/logo\/image\/"},"sameAs":["https:\/\/www.facebook.com\/people\/Ghostysky\/100057676170234\/","https:\/\/x.com\/Gh0stysky","https:\/\/www.linkedin.com\/company\/34739653","https:\/\/www.instagram.com\/gh0stysky"]}]}},"_links":{"self":[{"href":"https:\/\/www.ghostysky.com\/fr\/wp-json\/wp\/v2\/product\/17382","targetHints":{"allow":["GET"]}}],"collection":[{"href":"https:\/\/www.ghostysky.com\/fr\/wp-json\/wp\/v2\/product"}],"about":[{"href":"https:\/\/www.ghostysky.com\/fr\/wp-json\/wp\/v2\/types\/product"}],"replies":[{"embeddable":true,"href":"https:\/\/www.ghostysky.com\/fr\/wp-json\/wp\/v2\/comments?post=17382"}],"version-history":[{"count":0,"href":"https:\/\/www.ghostysky.com\/fr\/wp-json\/wp\/v2\/product\/17382\/revisions"}],"wp:featuredmedia":[{"embeddable":true,"href":"https:\/\/www.ghostysky.com\/fr\/wp-json\/wp\/v2\/media\/17387"}],"wp:attachment":[{"href":"https:\/\/www.ghostysky.com\/fr\/wp-json\/wp\/v2\/media?parent=17382"}],"wp:term":[{"taxonomy":"product_brand","embeddable":true,"href":"https:\/\/www.ghostysky.com\/fr\/wp-json\/wp\/v2\/product_brand?post=17382"},{"taxonomy":"product_cat","embeddable":true,"href":"https:\/\/www.ghostysky.com\/fr\/wp-json\/wp\/v2\/product_cat?post=17382"},{"taxonomy":"product_tag","embeddable":true,"href":"https:\/\/www.ghostysky.com\/fr\/wp-json\/wp\/v2\/product_tag?post=17382"}],"curies":[{"name":"wp","href":"https:\/\/api.w.org\/{rel}","templated":true}]}}