{"id":17410,"date":"2024-03-16T09:46:04","date_gmt":"2024-03-16T09:46:04","guid":{"rendered":"https:\/\/www.ghostysky.com\/?post_type=product&#038;p=17410"},"modified":"2026-01-15T06:59:32","modified_gmt":"2026-01-15T06:59:32","slug":"dji-mini-3-dji-rc-n1","status":"publish","type":"product","link":"https:\/\/www.ghostysky.com\/fr\/product\/dji-mini-3-dji-rc-n1\/","title":{"rendered":"DJI Mini 3 (DJI RC-N1)"},"content":{"rendered":"<p data-sourcepos=\"1:1-1:158\"><strong>Caract\u00e9ristiques<\/strong><\/p>\n<ul data-sourcepos=\"3:1-10:0\">\n<li data-sourcepos=\"3:1-3:189\"><strong>Ultra-l\u00e9ger :<\/strong>\u00a0Pesant moins de 249 grammes, la limite cruciale, le DJI Mini 3 \u00e9vite d&#039;avoir \u00e0 \u00eatre enregistr\u00e9 aupr\u00e8s de la plupart des autorit\u00e9s a\u00e9ronautiques, ce qui facilite son vol dans de nombreux endroits.<\/li>\n<li data-sourcepos=\"4:1-4:150\"><strong>Dur\u00e9e de vie prolong\u00e9e de la batterie :<\/strong>\u00a0B\u00e9n\u00e9ficiez de temps de vol prolong\u00e9s allant jusqu&#039;\u00e0 34 minutes avec une seule batterie, vous donnant plus de temps pour capturer ces photos parfaites.<\/li>\n<li data-sourcepos=\"5:1-5:150\"><strong>Superbe vid\u00e9o 4K HDR :<\/strong>\u00a0Enregistrez des vid\u00e9os 4K HDR incroyables avec des couleurs et des d\u00e9tails vifs, parfaites pour capturer des paysages \u00e9poustouflants et des photos d&#039;action.<\/li>\n<li data-sourcepos=\"6:1-6:155\"><strong>Prise de vue verticale r\u00e9elle :<\/strong>\u00a0Passez \u00e0 un mode de prise de vue vertical pour capturer facilement des s\u00e9quences optimis\u00e9es pour les plateformes de m\u00e9dias sociaux comme TikTok et Instagram.<\/li>\n<li data-sourcepos=\"7:1-7:262\"><strong>Fonctionnalit\u00e9s intelligentes :<\/strong>\u00a0Le DJI Mini 3 est dot\u00e9 d&#039;une vari\u00e9t\u00e9 de fonctionnalit\u00e9s intelligentes telles que FocusTrack (qui comprend ActiveTrack, Spotlight et Point of Interest) et MasterShots, ce qui facilite la capture de vid\u00e9os d&#039;aspect professionnel sans trop d&#039;efforts.<\/li>\n<li data-sourcepos=\"8:1-8:163\"><strong>R\u00e9sistance au vent :<\/strong>\u00a0Le DJI Mini 3 peut g\u00e9rer des vitesses de vent allant jusqu&#039;\u00e0 38 kilom\u00e8tres par heure (niveau 5), vous pouvez donc voler en toute confiance m\u00eame les jours l\u00e9g\u00e8rement venteux.<\/li>\n<li data-sourcepos=\"9:1-10:0\"><strong>Adapt\u00e9 aux d\u00e9butants :<\/strong>\u00a0Le DJI Mini 3 est con\u00e7u pour \u00eatre facile \u00e0 piloter et \u00e0 utiliser, m\u00eame pour les d\u00e9butants. Gr\u00e2ce \u00e0 ses commandes et modes de vol intuitifs, vous serez op\u00e9rationnel en un rien de temps.<\/li>\n<\/ul>\n<p data-sourcepos=\"11:1-11:259\">Globalement, le DJI Mini 3 (DJI RC-N1) est un drone polyvalent et facile \u00e0 utiliser, id\u00e9al pour capturer de superbes photos et vid\u00e9os a\u00e9riennes. Il est particuli\u00e8rement adapt\u00e9 aux d\u00e9butants gr\u00e2ce \u00e0 sa l\u00e9g\u00e8ret\u00e9, sa grande autonomie et ses fonctionnalit\u00e9s intelligentes.<\/p>","protected":false},"excerpt":{"rendered":"<p>Le DJI Mini 3 (DJI RC-N1) est un drone l\u00e9ger de moins de 249 grammes, parfait pour les d\u00e9butants comme pour les pilotes exp\u00e9riment\u00e9s.<\/p>","protected":false},"featured_media":17416,"comment_status":"open","ping_status":"closed","template":"","meta":[],"product_brand":[],"product_cat":[752,37,29,792,790],"product_tag":[42,757],"class_list":{"0":"post-17410","1":"product","2":"type-product","3":"status-publish","4":"has-post-thumbnail","6":"product_cat-aerial-photography","7":"product_cat-dji","8":"product_cat-drones","9":"product_cat-drones-mini-3","10":"product_cat-mini-3","11":"product_tag-dji","12":"product_tag-mini-3-dji-rc-n1","14":"first","15":"outofstock","16":"taxable","17":"shipping-taxable","18":"purchasable","19":"product-type-simple"},"yoast_head":"<!-- This site is optimized with the Yoast SEO plugin v27.1.1 - https:\/\/yoast.com\/product\/yoast-seo-wordpress\/ -->\n<title>DJI Mini 3 (DJI RC-N1) - Ghostysky<\/title>\n<meta name=\"description\" content=\"The DJI Mini 3 (DJI RC-N1) is a lightweight, sub-249 gram drone that is perfect for beginners and experienced flyers alike.\" \/>\n<meta name=\"robots\" content=\"index, follow, max-snippet:-1, max-image-preview:large, max-video-preview:-1\" \/>\n<link rel=\"canonical\" href=\"https:\/\/www.ghostysky.com\/fr\/product\/dji-mini-3-dji-rc-n1\/\" \/>\n<meta property=\"og:locale\" content=\"fr_FR\" \/>\n<meta property=\"og:type\" content=\"article\" \/>\n<meta property=\"og:title\" content=\"DJI Mini 3 (DJI RC-N1) - Ghostysky\" \/>\n<meta property=\"og:description\" content=\"The DJI Mini 3 (DJI RC-N1) is a lightweight, sub-249 gram drone that is perfect for beginners and experienced flyers alike.\" \/>\n<meta property=\"og:url\" content=\"https:\/\/www.ghostysky.com\/fr\/product\/dji-mini-3-dji-rc-n1\/\" \/>\n<meta property=\"og:site_name\" content=\"Ghostysky\" \/>\n<meta property=\"article:publisher\" content=\"https:\/\/www.facebook.com\/people\/Ghostysky\/100057676170234\/\" \/>\n<meta property=\"article:modified_time\" content=\"2026-01-15T06:59:32+00:00\" \/>\n<meta property=\"og:image\" content=\"https:\/\/www.ghostysky.com\/wp-content\/uploads\/2024\/03\/GH-Mini3_1.jpg\" \/>\n\t<meta property=\"og:image:width\" content=\"1280\" \/>\n\t<meta property=\"og:image:height\" content=\"1280\" \/>\n\t<meta property=\"og:image:type\" content=\"image\/jpeg\" \/>\n<meta name=\"twitter:card\" content=\"summary_large_image\" \/>\n<meta name=\"twitter:site\" content=\"@Gh0stysky\" \/>\n<meta name=\"twitter:label1\" content=\"Dur\u00e9e de lecture estim\u00e9e\" \/>\n\t<meta name=\"twitter:data1\" content=\"2 minutes\" \/>\n<script type=\"application\/ld+json\" class=\"yoast-schema-graph\">{\"@context\":\"https:\/\/schema.org\",\"@graph\":[{\"@type\":\"WebPage\",\"@id\":\"https:\/\/www.ghostysky.com\/product\/dji-mini-3-dji-rc-n1\/\",\"url\":\"https:\/\/www.ghostysky.com\/product\/dji-mini-3-dji-rc-n1\/\",\"name\":\"DJI Mini 3 (DJI RC-N1) - Ghostysky\",\"isPartOf\":{\"@id\":\"https:\/\/www.ghostysky.com\/#website\"},\"primaryImageOfPage\":{\"@id\":\"https:\/\/www.ghostysky.com\/product\/dji-mini-3-dji-rc-n1\/#primaryimage\"},\"image\":{\"@id\":\"https:\/\/www.ghostysky.com\/product\/dji-mini-3-dji-rc-n1\/#primaryimage\"},\"thumbnailUrl\":\"https:\/\/www.ghostysky.com\/wp-content\/uploads\/2024\/03\/GH-Mini3_1.jpg\",\"datePublished\":\"2024-03-16T09:46:04+00:00\",\"dateModified\":\"2026-01-15T06:59:32+00:00\",\"description\":\"The DJI Mini 3 (DJI RC-N1) is a lightweight, sub-249 gram drone that is perfect for beginners and experienced flyers alike.\",\"breadcrumb\":{\"@id\":\"https:\/\/www.ghostysky.com\/product\/dji-mini-3-dji-rc-n1\/#breadcrumb\"},\"inLanguage\":\"fr-FR\",\"potentialAction\":[{\"@type\":\"ReadAction\",\"target\":[\"https:\/\/www.ghostysky.com\/product\/dji-mini-3-dji-rc-n1\/\"]}]},{\"@type\":\"ImageObject\",\"inLanguage\":\"fr-FR\",\"@id\":\"https:\/\/www.ghostysky.com\/product\/dji-mini-3-dji-rc-n1\/#primaryimage\",\"url\":\"https:\/\/www.ghostysky.com\/wp-content\/uploads\/2024\/03\/GH-Mini3_1.jpg\",\"contentUrl\":\"https:\/\/www.ghostysky.com\/wp-content\/uploads\/2024\/03\/GH-Mini3_1.jpg\",\"width\":1280,\"height\":1280},{\"@type\":\"BreadcrumbList\",\"@id\":\"https:\/\/www.ghostysky.com\/product\/dji-mini-3-dji-rc-n1\/#breadcrumb\",\"itemListElement\":[{\"@type\":\"ListItem\",\"position\":1,\"name\":\"Home\",\"item\":\"https:\/\/www.ghostysky.com\/\"},{\"@type\":\"ListItem\",\"position\":2,\"name\":\"Shop\",\"item\":\"https:\/\/www.ghostysky.com\/shop\/\"},{\"@type\":\"ListItem\",\"position\":3,\"name\":\"DJI Mini 3 (DJI RC-N1)\"}]},{\"@type\":\"WebSite\",\"@id\":\"https:\/\/www.ghostysky.com\/#website\",\"url\":\"https:\/\/www.ghostysky.com\/\",\"name\":\"Ghostysky\",\"description\":\"Delivering professional drones and services\",\"publisher\":{\"@id\":\"https:\/\/www.ghostysky.com\/#organization\"},\"potentialAction\":[{\"@type\":\"SearchAction\",\"target\":{\"@type\":\"EntryPoint\",\"urlTemplate\":\"https:\/\/www.ghostysky.com\/?s={search_term_string}\"},\"query-input\":{\"@type\":\"PropertyValueSpecification\",\"valueRequired\":true,\"valueName\":\"search_term_string\"}}],\"inLanguage\":\"fr-FR\"},{\"@type\":\"Organization\",\"@id\":\"https:\/\/www.ghostysky.com\/#organization\",\"name\":\"Ghostysky\",\"url\":\"https:\/\/www.ghostysky.com\/\",\"logo\":{\"@type\":\"ImageObject\",\"inLanguage\":\"fr-FR\",\"@id\":\"https:\/\/www.ghostysky.com\/#\/schema\/logo\/image\/\",\"url\":\"https:\/\/www.ghostysky.com\/wp-content\/uploads\/2020\/06\/cropped-ghostyskylogo_text_white2.png\",\"contentUrl\":\"https:\/\/www.ghostysky.com\/wp-content\/uploads\/2020\/06\/cropped-ghostyskylogo_text_white2.png\",\"width\":169,\"height\":56,\"caption\":\"Ghostysky\"},\"image\":{\"@id\":\"https:\/\/www.ghostysky.com\/#\/schema\/logo\/image\/\"},\"sameAs\":[\"https:\/\/www.facebook.com\/people\/Ghostysky\/100057676170234\/\",\"https:\/\/x.com\/Gh0stysky\",\"https:\/\/www.linkedin.com\/company\/34739653\",\"https:\/\/www.instagram.com\/gh0stysky\"]}]}<\/script>\n<!-- \/ Yoast SEO plugin. -->","yoast_head_json":{"title":"DJI Mini 3 (DJI RC-N1) - Ghostysky","description":"Le DJI Mini 3 (DJI RC-N1) est un drone l\u00e9ger de moins de 249 grammes, parfait pour les d\u00e9butants comme pour les pilotes exp\u00e9riment\u00e9s.","robots":{"index":"index","follow":"follow","max-snippet":"max-snippet:-1","max-image-preview":"max-image-preview:large","max-video-preview":"max-video-preview:-1"},"canonical":"https:\/\/www.ghostysky.com\/fr\/product\/dji-mini-3-dji-rc-n1\/","og_locale":"fr_FR","og_type":"article","og_title":"DJI Mini 3 (DJI RC-N1) - Ghostysky","og_description":"The DJI Mini 3 (DJI RC-N1) is a lightweight, sub-249 gram drone that is perfect for beginners and experienced flyers alike.","og_url":"https:\/\/www.ghostysky.com\/fr\/product\/dji-mini-3-dji-rc-n1\/","og_site_name":"Ghostysky","article_publisher":"https:\/\/www.facebook.com\/people\/Ghostysky\/100057676170234\/","article_modified_time":"2026-01-15T06:59:32+00:00","og_image":[{"width":1280,"height":1280,"url":"https:\/\/www.ghostysky.com\/wp-content\/uploads\/2024\/03\/GH-Mini3_1.jpg","type":"image\/jpeg"}],"twitter_card":"summary_large_image","twitter_site":"@Gh0stysky","twitter_misc":{"Dur\u00e9e de lecture estim\u00e9e":"2 minutes"},"schema":{"@context":"https:\/\/schema.org","@graph":[{"@type":"WebPage","@id":"https:\/\/www.ghostysky.com\/product\/dji-mini-3-dji-rc-n1\/","url":"https:\/\/www.ghostysky.com\/product\/dji-mini-3-dji-rc-n1\/","name":"DJI Mini 3 (DJI RC-N1) - Ghostysky","isPartOf":{"@id":"https:\/\/www.ghostysky.com\/#website"},"primaryImageOfPage":{"@id":"https:\/\/www.ghostysky.com\/product\/dji-mini-3-dji-rc-n1\/#primaryimage"},"image":{"@id":"https:\/\/www.ghostysky.com\/product\/dji-mini-3-dji-rc-n1\/#primaryimage"},"thumbnailUrl":"https:\/\/www.ghostysky.com\/wp-content\/uploads\/2024\/03\/GH-Mini3_1.jpg","datePublished":"2024-03-16T09:46:04+00:00","dateModified":"2026-01-15T06:59:32+00:00","description":"Le DJI Mini 3 (DJI RC-N1) est un drone l\u00e9ger de moins de 249 grammes, parfait pour les d\u00e9butants comme pour les pilotes exp\u00e9riment\u00e9s.","breadcrumb":{"@id":"https:\/\/www.ghostysky.com\/product\/dji-mini-3-dji-rc-n1\/#breadcrumb"},"inLanguage":"fr-FR","potentialAction":[{"@type":"ReadAction","target":["https:\/\/www.ghostysky.com\/product\/dji-mini-3-dji-rc-n1\/"]}]},{"@type":"ImageObject","inLanguage":"fr-FR","@id":"https:\/\/www.ghostysky.com\/product\/dji-mini-3-dji-rc-n1\/#primaryimage","url":"https:\/\/www.ghostysky.com\/wp-content\/uploads\/2024\/03\/GH-Mini3_1.jpg","contentUrl":"https:\/\/www.ghostysky.com\/wp-content\/uploads\/2024\/03\/GH-Mini3_1.jpg","width":1280,"height":1280},{"@type":"BreadcrumbList","@id":"https:\/\/www.ghostysky.com\/product\/dji-mini-3-dji-rc-n1\/#breadcrumb","itemListElement":[{"@type":"ListItem","position":1,"name":"Home","item":"https:\/\/www.ghostysky.com\/"},{"@type":"ListItem","position":2,"name":"Shop","item":"https:\/\/www.ghostysky.com\/shop\/"},{"@type":"ListItem","position":3,"name":"DJI Mini 3 (DJI RC-N1)"}]},{"@type":"WebSite","@id":"https:\/\/www.ghostysky.com\/#website","url":"https:\/\/www.ghostysky.com\/","name":"Ghostysky","description":"Livraison de drones et de services professionnels","publisher":{"@id":"https:\/\/www.ghostysky.com\/#organization"},"potentialAction":[{"@type":"SearchAction","target":{"@type":"EntryPoint","urlTemplate":"https:\/\/www.ghostysky.com\/?s={search_term_string}"},"query-input":{"@type":"PropertyValueSpecification","valueRequired":true,"valueName":"search_term_string"}}],"inLanguage":"fr-FR"},{"@type":"Organization","@id":"https:\/\/www.ghostysky.com\/#organization","name":"Ghostysky","url":"https:\/\/www.ghostysky.com\/","logo":{"@type":"ImageObject","inLanguage":"fr-FR","@id":"https:\/\/www.ghostysky.com\/#\/schema\/logo\/image\/","url":"https:\/\/www.ghostysky.com\/wp-content\/uploads\/2020\/06\/cropped-ghostyskylogo_text_white2.png","contentUrl":"https:\/\/www.ghostysky.com\/wp-content\/uploads\/2020\/06\/cropped-ghostyskylogo_text_white2.png","width":169,"height":56,"caption":"Ghostysky"},"image":{"@id":"https:\/\/www.ghostysky.com\/#\/schema\/logo\/image\/"},"sameAs":["https:\/\/www.facebook.com\/people\/Ghostysky\/100057676170234\/","https:\/\/x.com\/Gh0stysky","https:\/\/www.linkedin.com\/company\/34739653","https:\/\/www.instagram.com\/gh0stysky"]}]}},"_links":{"self":[{"href":"https:\/\/www.ghostysky.com\/fr\/wp-json\/wp\/v2\/product\/17410","targetHints":{"allow":["GET"]}}],"collection":[{"href":"https:\/\/www.ghostysky.com\/fr\/wp-json\/wp\/v2\/product"}],"about":[{"href":"https:\/\/www.ghostysky.com\/fr\/wp-json\/wp\/v2\/types\/product"}],"replies":[{"embeddable":true,"href":"https:\/\/www.ghostysky.com\/fr\/wp-json\/wp\/v2\/comments?post=17410"}],"wp:featuredmedia":[{"embeddable":true,"href":"https:\/\/www.ghostysky.com\/fr\/wp-json\/wp\/v2\/media\/17416"}],"wp:attachment":[{"href":"https:\/\/www.ghostysky.com\/fr\/wp-json\/wp\/v2\/media?parent=17410"}],"wp:term":[{"taxonomy":"product_brand","embeddable":true,"href":"https:\/\/www.ghostysky.com\/fr\/wp-json\/wp\/v2\/product_brand?post=17410"},{"taxonomy":"product_cat","embeddable":true,"href":"https:\/\/www.ghostysky.com\/fr\/wp-json\/wp\/v2\/product_cat?post=17410"},{"taxonomy":"product_tag","embeddable":true,"href":"https:\/\/www.ghostysky.com\/fr\/wp-json\/wp\/v2\/product_tag?post=17410"}],"curies":[{"name":"wp","href":"https:\/\/api.w.org\/{rel}","templated":true}]}}