{"id":17417,"date":"2024-03-16T09:50:48","date_gmt":"2024-03-16T09:50:48","guid":{"rendered":"https:\/\/www.ghostysky.com\/?post_type=product&#038;p=17417"},"modified":"2024-05-26T10:09:38","modified_gmt":"2024-05-26T10:09:38","slug":"dji-mini-3-pro-dji-rc-n1","status":"publish","type":"product","link":"https:\/\/www.ghostysky.com\/fr\/product\/dji-mini-3-pro-dji-rc-n1\/","title":{"rendered":"DJI Mini 3 Pro (DJI RC-N1)"},"content":{"rendered":"<p data-sourcepos=\"3:1-3:34\"><strong>Caract\u00e9ristiques principales<\/strong><\/p>\n<ul data-sourcepos=\"5:1-13:0\">\n<li data-sourcepos=\"5:1-5:106\"><strong>Moins de 249 grammes :<\/strong>\u00a0Vole en dessous de la limite de poids qui l&#039;exempte des r\u00e9glementations sur les drones dans de nombreux endroits.<\/li>\n<li data-sourcepos=\"6:1-6:80\"><strong>D\u00e9tection d&#039;obstacles tridirectionnelle :<\/strong>\u00a0Vous aide \u00e0 \u00e9viter les obstacles pendant le vol.<\/li>\n<li data-sourcepos=\"7:1-7:87\"><strong>Vid\u00e9o 4K HDR :<\/strong>\u00a0Enregistre des vid\u00e9os de haute qualit\u00e9 avec une large gamme de couleurs et de d\u00e9tails.<\/li>\n<li data-sourcepos=\"8:1-8:95\"><strong>Dur\u00e9e maximale du vol : 34 minutes<\/strong>\u00a0Vous permet de capturer plus de s\u00e9quences avec une seule charge de batterie.<\/li>\n<li data-sourcepos=\"9:1-9:77\"><strong>Prise de vue verticale r\u00e9elle :<\/strong>\u00a0Id\u00e9al pour capturer des images pour les r\u00e9seaux sociaux.<\/li>\n<li data-sourcepos=\"10:1-10:108\"><strong>FocusTrack :<\/strong>\u00a0Inclut des fonctionnalit\u00e9s de suivi intelligentes telles que ActiveTrack, Spotlight et Point of Interest.<\/li>\n<li data-sourcepos=\"11:1-11:53\"><strong>MasterShots :<\/strong>\u00a0Cr\u00e9e des prises de vue cin\u00e9matiques automatis\u00e9es.<\/li>\n<li data-sourcepos=\"12:1-13:0\"><strong>Timelapse :<\/strong>\u00a0Vous permet de capturer le passage du temps de mani\u00e8re cr\u00e9ative.<\/li>\n<\/ul>\n<p data-sourcepos=\"14:1-14:159\">Dans l\u2019ensemble, le DJI Mini 3 Pro (DJI RC-N1) est une bonne option pour les pilotes de drone d\u00e9butants qui souhaitent un drone compact et facile \u00e0 piloter, capable de capturer des s\u00e9quences de haute qualit\u00e9.<\/p>","protected":false},"excerpt":{"rendered":"<p>Le DJI Mini 3 Pro (DJI RC-N1) est un drone l\u00e9ger de moins de 249 grammes, ce qui lui permet d&#039;\u00eatre exempt\u00e9 de certaines r\u00e9glementations sur les drones dans de nombreux pays. Il capture des images fluides et stables gr\u00e2ce \u00e0 l&#039;enregistrement vid\u00e9o 4K HDR jusqu&#039;\u00e0 60 ips. Il dispose \u00e9galement d&#039;une d\u00e9tection d&#039;obstacles tridirectionnelle (avant, arri\u00e8re et bas) pour vous aider \u00e0 \u00e9viter les collisions en vol.<\/p>","protected":false},"featured_media":17423,"comment_status":"open","ping_status":"closed","template":"","meta":[],"product_brand":[],"product_cat":[752,37,29,795,794],"product_tag":[42,758],"class_list":{"0":"post-17417","1":"product","2":"type-product","3":"status-publish","4":"has-post-thumbnail","6":"product_cat-aerial-photography","7":"product_cat-dji","8":"product_cat-drones","9":"product_cat-drones-mini-3-pro","10":"product_cat-mini-3-pro","11":"product_tag-dji","12":"product_tag-mini-3-pro-dji-rc-n1","14":"first","15":"outofstock","16":"taxable","17":"shipping-taxable","18":"purchasable","19":"product-type-simple"},"yoast_head":"<!-- This site is optimized with the Yoast SEO plugin v27.1.1 - https:\/\/yoast.com\/product\/yoast-seo-wordpress\/ -->\n<title>DJI Mini 3 Pro (DJI RC-N1) - Ghostysky<\/title>\n<meta name=\"description\" content=\"The DJI Mini 3 Pro (DJI RC-N1) is a lightweight drone under 249 grams, making it exempt from certain drone regulations in many places. It captures smooth, stable footage with 4K HDR video recording at up to 60 fps. It also features tri-directional obstacle sensing (forward, backward, and downward) to help you avoid collisions while flying.\" \/>\n<meta name=\"robots\" content=\"index, follow, max-snippet:-1, max-image-preview:large, max-video-preview:-1\" \/>\n<link rel=\"canonical\" href=\"https:\/\/www.ghostysky.com\/fr\/product\/dji-mini-3-pro-dji-rc-n1\/\" \/>\n<meta property=\"og:locale\" content=\"fr_FR\" \/>\n<meta property=\"og:type\" content=\"article\" \/>\n<meta property=\"og:title\" content=\"DJI Mini 3 Pro (DJI RC-N1) - Ghostysky\" \/>\n<meta property=\"og:description\" content=\"The DJI Mini 3 Pro (DJI RC-N1) is a lightweight drone under 249 grams, making it exempt from certain drone regulations in many places. It captures smooth, stable footage with 4K HDR video recording at up to 60 fps. It also features tri-directional obstacle sensing (forward, backward, and downward) to help you avoid collisions while flying.\" \/>\n<meta property=\"og:url\" content=\"https:\/\/www.ghostysky.com\/fr\/product\/dji-mini-3-pro-dji-rc-n1\/\" \/>\n<meta property=\"og:site_name\" content=\"Ghostysky\" \/>\n<meta property=\"article:publisher\" content=\"https:\/\/www.facebook.com\/people\/Ghostysky\/100057676170234\/\" \/>\n<meta property=\"article:modified_time\" content=\"2024-05-26T10:09:38+00:00\" \/>\n<meta property=\"og:image\" content=\"https:\/\/www.ghostysky.com\/wp-content\/uploads\/2024\/03\/GH-Mini3_Pro_1.jpg\" \/>\n\t<meta property=\"og:image:width\" content=\"1280\" \/>\n\t<meta property=\"og:image:height\" content=\"1280\" \/>\n\t<meta property=\"og:image:type\" content=\"image\/jpeg\" \/>\n<meta name=\"twitter:card\" content=\"summary_large_image\" \/>\n<meta name=\"twitter:site\" content=\"@Gh0stysky\" \/>\n<meta name=\"twitter:label1\" content=\"Dur\u00e9e de lecture estim\u00e9e\" \/>\n\t<meta name=\"twitter:data1\" content=\"1 minute\" \/>\n<script type=\"application\/ld+json\" class=\"yoast-schema-graph\">{\"@context\":\"https:\/\/schema.org\",\"@graph\":[{\"@type\":\"WebPage\",\"@id\":\"https:\/\/www.ghostysky.com\/product\/dji-mini-3-pro-dji-rc-n1\/\",\"url\":\"https:\/\/www.ghostysky.com\/product\/dji-mini-3-pro-dji-rc-n1\/\",\"name\":\"DJI Mini 3 Pro (DJI RC-N1) - Ghostysky\",\"isPartOf\":{\"@id\":\"https:\/\/www.ghostysky.com\/#website\"},\"primaryImageOfPage\":{\"@id\":\"https:\/\/www.ghostysky.com\/product\/dji-mini-3-pro-dji-rc-n1\/#primaryimage\"},\"image\":{\"@id\":\"https:\/\/www.ghostysky.com\/product\/dji-mini-3-pro-dji-rc-n1\/#primaryimage\"},\"thumbnailUrl\":\"https:\/\/www.ghostysky.com\/wp-content\/uploads\/2024\/03\/GH-Mini3_Pro_1.jpg\",\"datePublished\":\"2024-03-16T09:50:48+00:00\",\"dateModified\":\"2024-05-26T10:09:38+00:00\",\"description\":\"The DJI Mini 3 Pro (DJI RC-N1) is a lightweight drone under 249 grams, making it exempt from certain drone regulations in many places. It captures smooth, stable footage with 4K HDR video recording at up to 60 fps. It also features tri-directional obstacle sensing (forward, backward, and downward) to help you avoid collisions while flying.\",\"breadcrumb\":{\"@id\":\"https:\/\/www.ghostysky.com\/product\/dji-mini-3-pro-dji-rc-n1\/#breadcrumb\"},\"inLanguage\":\"fr-FR\",\"potentialAction\":[{\"@type\":\"ReadAction\",\"target\":[\"https:\/\/www.ghostysky.com\/product\/dji-mini-3-pro-dji-rc-n1\/\"]}]},{\"@type\":\"ImageObject\",\"inLanguage\":\"fr-FR\",\"@id\":\"https:\/\/www.ghostysky.com\/product\/dji-mini-3-pro-dji-rc-n1\/#primaryimage\",\"url\":\"https:\/\/www.ghostysky.com\/wp-content\/uploads\/2024\/03\/GH-Mini3_Pro_1.jpg\",\"contentUrl\":\"https:\/\/www.ghostysky.com\/wp-content\/uploads\/2024\/03\/GH-Mini3_Pro_1.jpg\",\"width\":1280,\"height\":1280},{\"@type\":\"BreadcrumbList\",\"@id\":\"https:\/\/www.ghostysky.com\/product\/dji-mini-3-pro-dji-rc-n1\/#breadcrumb\",\"itemListElement\":[{\"@type\":\"ListItem\",\"position\":1,\"name\":\"Home\",\"item\":\"https:\/\/www.ghostysky.com\/\"},{\"@type\":\"ListItem\",\"position\":2,\"name\":\"Shop\",\"item\":\"https:\/\/www.ghostysky.com\/shop\/\"},{\"@type\":\"ListItem\",\"position\":3,\"name\":\"DJI Mini 3 Pro (DJI RC-N1)\"}]},{\"@type\":\"WebSite\",\"@id\":\"https:\/\/www.ghostysky.com\/#website\",\"url\":\"https:\/\/www.ghostysky.com\/\",\"name\":\"Ghostysky\",\"description\":\"Delivering professional drones and services\",\"publisher\":{\"@id\":\"https:\/\/www.ghostysky.com\/#organization\"},\"potentialAction\":[{\"@type\":\"SearchAction\",\"target\":{\"@type\":\"EntryPoint\",\"urlTemplate\":\"https:\/\/www.ghostysky.com\/?s={search_term_string}\"},\"query-input\":{\"@type\":\"PropertyValueSpecification\",\"valueRequired\":true,\"valueName\":\"search_term_string\"}}],\"inLanguage\":\"fr-FR\"},{\"@type\":\"Organization\",\"@id\":\"https:\/\/www.ghostysky.com\/#organization\",\"name\":\"Ghostysky\",\"url\":\"https:\/\/www.ghostysky.com\/\",\"logo\":{\"@type\":\"ImageObject\",\"inLanguage\":\"fr-FR\",\"@id\":\"https:\/\/www.ghostysky.com\/#\/schema\/logo\/image\/\",\"url\":\"https:\/\/www.ghostysky.com\/wp-content\/uploads\/2020\/06\/cropped-ghostyskylogo_text_white2.png\",\"contentUrl\":\"https:\/\/www.ghostysky.com\/wp-content\/uploads\/2020\/06\/cropped-ghostyskylogo_text_white2.png\",\"width\":169,\"height\":56,\"caption\":\"Ghostysky\"},\"image\":{\"@id\":\"https:\/\/www.ghostysky.com\/#\/schema\/logo\/image\/\"},\"sameAs\":[\"https:\/\/www.facebook.com\/people\/Ghostysky\/100057676170234\/\",\"https:\/\/x.com\/Gh0stysky\",\"https:\/\/www.linkedin.com\/company\/34739653\",\"https:\/\/www.instagram.com\/gh0stysky\"]}]}<\/script>\n<!-- \/ Yoast SEO plugin. -->","yoast_head_json":{"title":"DJI Mini 3 Pro (DJI RC-N1) - Ghostysky","description":"Le DJI Mini 3 Pro (DJI RC-N1) est un drone l\u00e9ger de moins de 249 grammes, ce qui lui permet d&#039;\u00eatre exempt\u00e9 de certaines r\u00e9glementations sur les drones dans de nombreux pays. Il capture des images fluides et stables gr\u00e2ce \u00e0 l&#039;enregistrement vid\u00e9o 4K HDR jusqu&#039;\u00e0 60 ips. Il dispose \u00e9galement d&#039;une d\u00e9tection d&#039;obstacles tridirectionnelle (avant, arri\u00e8re et bas) pour vous aider \u00e0 \u00e9viter les collisions en vol.","robots":{"index":"index","follow":"follow","max-snippet":"max-snippet:-1","max-image-preview":"max-image-preview:large","max-video-preview":"max-video-preview:-1"},"canonical":"https:\/\/www.ghostysky.com\/fr\/product\/dji-mini-3-pro-dji-rc-n1\/","og_locale":"fr_FR","og_type":"article","og_title":"DJI Mini 3 Pro (DJI RC-N1) - Ghostysky","og_description":"The DJI Mini 3 Pro (DJI RC-N1) is a lightweight drone under 249 grams, making it exempt from certain drone regulations in many places. It captures smooth, stable footage with 4K HDR video recording at up to 60 fps. It also features tri-directional obstacle sensing (forward, backward, and downward) to help you avoid collisions while flying.","og_url":"https:\/\/www.ghostysky.com\/fr\/product\/dji-mini-3-pro-dji-rc-n1\/","og_site_name":"Ghostysky","article_publisher":"https:\/\/www.facebook.com\/people\/Ghostysky\/100057676170234\/","article_modified_time":"2024-05-26T10:09:38+00:00","og_image":[{"width":1280,"height":1280,"url":"https:\/\/www.ghostysky.com\/wp-content\/uploads\/2024\/03\/GH-Mini3_Pro_1.jpg","type":"image\/jpeg"}],"twitter_card":"summary_large_image","twitter_site":"@Gh0stysky","twitter_misc":{"Dur\u00e9e de lecture estim\u00e9e":"1 minute"},"schema":{"@context":"https:\/\/schema.org","@graph":[{"@type":"WebPage","@id":"https:\/\/www.ghostysky.com\/product\/dji-mini-3-pro-dji-rc-n1\/","url":"https:\/\/www.ghostysky.com\/product\/dji-mini-3-pro-dji-rc-n1\/","name":"DJI Mini 3 Pro (DJI RC-N1) - Ghostysky","isPartOf":{"@id":"https:\/\/www.ghostysky.com\/#website"},"primaryImageOfPage":{"@id":"https:\/\/www.ghostysky.com\/product\/dji-mini-3-pro-dji-rc-n1\/#primaryimage"},"image":{"@id":"https:\/\/www.ghostysky.com\/product\/dji-mini-3-pro-dji-rc-n1\/#primaryimage"},"thumbnailUrl":"https:\/\/www.ghostysky.com\/wp-content\/uploads\/2024\/03\/GH-Mini3_Pro_1.jpg","datePublished":"2024-03-16T09:50:48+00:00","dateModified":"2024-05-26T10:09:38+00:00","description":"Le DJI Mini 3 Pro (DJI RC-N1) est un drone l\u00e9ger de moins de 249 grammes, ce qui lui permet d&#039;\u00eatre exempt\u00e9 de certaines r\u00e9glementations sur les drones dans de nombreux pays. Il capture des images fluides et stables gr\u00e2ce \u00e0 l&#039;enregistrement vid\u00e9o 4K HDR jusqu&#039;\u00e0 60 ips. Il dispose \u00e9galement d&#039;une d\u00e9tection d&#039;obstacles tridirectionnelle (avant, arri\u00e8re et bas) pour vous aider \u00e0 \u00e9viter les collisions en vol.","breadcrumb":{"@id":"https:\/\/www.ghostysky.com\/product\/dji-mini-3-pro-dji-rc-n1\/#breadcrumb"},"inLanguage":"fr-FR","potentialAction":[{"@type":"ReadAction","target":["https:\/\/www.ghostysky.com\/product\/dji-mini-3-pro-dji-rc-n1\/"]}]},{"@type":"ImageObject","inLanguage":"fr-FR","@id":"https:\/\/www.ghostysky.com\/product\/dji-mini-3-pro-dji-rc-n1\/#primaryimage","url":"https:\/\/www.ghostysky.com\/wp-content\/uploads\/2024\/03\/GH-Mini3_Pro_1.jpg","contentUrl":"https:\/\/www.ghostysky.com\/wp-content\/uploads\/2024\/03\/GH-Mini3_Pro_1.jpg","width":1280,"height":1280},{"@type":"BreadcrumbList","@id":"https:\/\/www.ghostysky.com\/product\/dji-mini-3-pro-dji-rc-n1\/#breadcrumb","itemListElement":[{"@type":"ListItem","position":1,"name":"Home","item":"https:\/\/www.ghostysky.com\/"},{"@type":"ListItem","position":2,"name":"Shop","item":"https:\/\/www.ghostysky.com\/shop\/"},{"@type":"ListItem","position":3,"name":"DJI Mini 3 Pro (DJI RC-N1)"}]},{"@type":"WebSite","@id":"https:\/\/www.ghostysky.com\/#website","url":"https:\/\/www.ghostysky.com\/","name":"Ghostysky","description":"Livraison de drones et de services professionnels","publisher":{"@id":"https:\/\/www.ghostysky.com\/#organization"},"potentialAction":[{"@type":"SearchAction","target":{"@type":"EntryPoint","urlTemplate":"https:\/\/www.ghostysky.com\/?s={search_term_string}"},"query-input":{"@type":"PropertyValueSpecification","valueRequired":true,"valueName":"search_term_string"}}],"inLanguage":"fr-FR"},{"@type":"Organization","@id":"https:\/\/www.ghostysky.com\/#organization","name":"Ghostysky","url":"https:\/\/www.ghostysky.com\/","logo":{"@type":"ImageObject","inLanguage":"fr-FR","@id":"https:\/\/www.ghostysky.com\/#\/schema\/logo\/image\/","url":"https:\/\/www.ghostysky.com\/wp-content\/uploads\/2020\/06\/cropped-ghostyskylogo_text_white2.png","contentUrl":"https:\/\/www.ghostysky.com\/wp-content\/uploads\/2020\/06\/cropped-ghostyskylogo_text_white2.png","width":169,"height":56,"caption":"Ghostysky"},"image":{"@id":"https:\/\/www.ghostysky.com\/#\/schema\/logo\/image\/"},"sameAs":["https:\/\/www.facebook.com\/people\/Ghostysky\/100057676170234\/","https:\/\/x.com\/Gh0stysky","https:\/\/www.linkedin.com\/company\/34739653","https:\/\/www.instagram.com\/gh0stysky"]}]}},"_links":{"self":[{"href":"https:\/\/www.ghostysky.com\/fr\/wp-json\/wp\/v2\/product\/17417","targetHints":{"allow":["GET"]}}],"collection":[{"href":"https:\/\/www.ghostysky.com\/fr\/wp-json\/wp\/v2\/product"}],"about":[{"href":"https:\/\/www.ghostysky.com\/fr\/wp-json\/wp\/v2\/types\/product"}],"replies":[{"embeddable":true,"href":"https:\/\/www.ghostysky.com\/fr\/wp-json\/wp\/v2\/comments?post=17417"}],"wp:featuredmedia":[{"embeddable":true,"href":"https:\/\/www.ghostysky.com\/fr\/wp-json\/wp\/v2\/media\/17423"}],"wp:attachment":[{"href":"https:\/\/www.ghostysky.com\/fr\/wp-json\/wp\/v2\/media?parent=17417"}],"wp:term":[{"taxonomy":"product_brand","embeddable":true,"href":"https:\/\/www.ghostysky.com\/fr\/wp-json\/wp\/v2\/product_brand?post=17417"},{"taxonomy":"product_cat","embeddable":true,"href":"https:\/\/www.ghostysky.com\/fr\/wp-json\/wp\/v2\/product_cat?post=17417"},{"taxonomy":"product_tag","embeddable":true,"href":"https:\/\/www.ghostysky.com\/fr\/wp-json\/wp\/v2\/product_tag?post=17417"}],"curies":[{"name":"wp","href":"https:\/\/api.w.org\/{rel}","templated":true}]}}