{"id":17424,"date":"2024-03-16T09:55:22","date_gmt":"2024-03-16T09:55:22","guid":{"rendered":"https:\/\/www.ghostysky.com\/?post_type=product&#038;p=17424"},"modified":"2024-08-28T15:29:03","modified_gmt":"2024-08-28T15:29:03","slug":"dji-mini-4-pro-dji-rc-n2","status":"publish","type":"product","link":"https:\/\/www.ghostysky.com\/fr\/product\/dji-mini-4-pro-dji-rc-n2\/","title":{"rendered":"DJI Mini 4 Pro (DJI RC-N2)"},"content":{"rendered":"<p data-sourcepos=\"1:1-1:148\">caract\u00e9ristiques:<\/p>\n<p data-sourcepos=\"3:1-3:11\"><strong>Cam\u00e9ra:<\/strong><\/p>\n<ul data-sourcepos=\"5:1-8:0\">\n<li data-sourcepos=\"5:1-5:137\">Enregistre des vid\u00e9os 4K jusqu&#039;\u00e0 60 ips (images par seconde) avec HDR (High Dynamic Range) pour capturer des d\u00e9tails riches dans les hautes lumi\u00e8res et les ombres.<\/li>\n<li data-sourcepos=\"6:1-6:41\">Capteur 48MP pour des photos haute r\u00e9solution.<\/li>\n<li data-sourcepos=\"7:1-8:0\">Offre un format d&#039;enregistrement d&#039;image RAW pour plus de flexibilit\u00e9 dans l&#039;\u00e9dition.<\/li>\n<\/ul>\n<p data-sourcepos=\"9:1-9:23\"><strong>Performances de vol :<\/strong><\/p>\n<ul data-sourcepos=\"11:1-14:0\">\n<li data-sourcepos=\"11:1-11:54\">Jusqu&#039;\u00e0 34 minutes de temps de vol avec une seule batterie.<\/li>\n<li data-sourcepos=\"12:1-12:58\">Atteint des vitesses allant jusqu&#039;\u00e0 46,8 mph (75 km\/h) en mode Sport.<\/li>\n<li data-sourcepos=\"13:1-14:0\">Comprend le syst\u00e8me de transmission vid\u00e9o O4 DJI pour une port\u00e9e maximale allant jusqu&#039;\u00e0 12,4 miles (20 km) avec une faible latence, ce qui signifie un d\u00e9calage minimal entre le mouvement du drone et ce que vous voyez sur le contr\u00f4leur.<\/li>\n<\/ul>\n<p data-sourcepos=\"15:1-15:25\"><strong>Fonctionnalit\u00e9s intelligentes :<\/strong><\/p>\n<ul data-sourcepos=\"17:1-20:0\">\n<li data-sourcepos=\"17:1-17:191\">\u00c9quip\u00e9 de la derni\u00e8re version d&#039;ActiveTrack de DJI, qui vous permet de suivre automatiquement vos sujets en vol. Cette version inclut l&#039;\u00e9vitement d&#039;obstacles \u00e0 360 degr\u00e9s pour un suivi plus s\u00fbr.<\/li>\n<li data-sourcepos=\"18:1-18:110\">Propose divers modes de vol pr\u00e9programm\u00e9s comme QuickShots et Dronie pour capturer des s\u00e9quences a\u00e9riennes cr\u00e9atives.<\/li>\n<li data-sourcepos=\"19:1-20:0\">Waypoint Flight vous permet de planifier une trajectoire de vol que le drone pourra suivre de mani\u00e8re autonome.<\/li>\n<\/ul>\n<p data-sourcepos=\"21:1-21:22\"><strong>T\u00e9l\u00e9commande :<\/strong><\/p>\n<ul data-sourcepos=\"23:1-24:0\">\n<li data-sourcepos=\"23:1-24:0\">La manette DJI RC-N2 n\u00e9cessite un smartphone ou une tablette pour fonctionner comme \u00e9cran. Cela permet de r\u00e9duire la taille et le poids de la manette.<\/li>\n<\/ul>\n<p data-sourcepos=\"25:1-25:151\"><strong>Dans l\u2019ensemble, le DJI Mini 4 Pro (DJI RC-N2) est une bonne option pour ceux qui veulent un drone puissant et portable capable de capturer de superbes images a\u00e9riennes.<\/strong><\/p>\n<p>&nbsp;<\/p>","protected":false},"excerpt":{"rendered":"<p>Le DJI Mini 4 Pro (DJI RC-N2) est un drone compact dot\u00e9 d&#039;une cam\u00e9ra puissante et de capacit\u00e9s de vol impressionnantes.<\/p>","protected":false},"featured_media":17430,"comment_status":"open","ping_status":"closed","template":"","meta":[],"product_brand":[],"product_cat":[752,37,29,798,796],"product_tag":[42,759],"class_list":{"0":"post-17424","1":"product","2":"type-product","3":"status-publish","4":"has-post-thumbnail","6":"product_cat-aerial-photography","7":"product_cat-dji","8":"product_cat-drones","9":"product_cat-drones-mini-4-pro","10":"product_cat-mini-4-pro","11":"product_tag-dji","12":"product_tag-mini-4-pro-dji-rc-n2","14":"first","15":"instock","16":"taxable","17":"shipping-taxable","18":"purchasable","19":"product-type-simple"},"yoast_head":"<!-- This site is optimized with the Yoast SEO plugin v27.4 - https:\/\/yoast.com\/product\/yoast-seo-wordpress\/ -->\n<title>DJI Mini 4 Pro (DJI RC-N2) - Ghostysky<\/title>\n<meta name=\"description\" content=\"The DJI Mini 4 Pro (DJI RC-N2) is a compact drone with a powerful camera and impressive flight capabilities.\" \/>\n<meta name=\"robots\" content=\"index, follow, max-snippet:-1, max-image-preview:large, max-video-preview:-1\" \/>\n<link rel=\"canonical\" href=\"https:\/\/www.ghostysky.com\/fr\/product\/dji-mini-4-pro-dji-rc-n2\/\" \/>\n<meta property=\"og:locale\" content=\"fr_FR\" \/>\n<meta property=\"og:type\" content=\"article\" \/>\n<meta property=\"og:title\" content=\"DJI Mini 4 Pro (DJI RC-N2) - Ghostysky\" \/>\n<meta property=\"og:description\" content=\"The DJI Mini 4 Pro (DJI RC-N2) is a compact drone with a powerful camera and impressive flight capabilities.\" \/>\n<meta property=\"og:url\" content=\"https:\/\/www.ghostysky.com\/fr\/product\/dji-mini-4-pro-dji-rc-n2\/\" \/>\n<meta property=\"og:site_name\" content=\"Ghostysky\" \/>\n<meta property=\"article:publisher\" content=\"https:\/\/www.facebook.com\/people\/Ghostysky\/100057676170234\/\" \/>\n<meta property=\"article:modified_time\" content=\"2024-08-28T15:29:03+00:00\" \/>\n<meta property=\"og:image\" content=\"https:\/\/www.ghostysky.com\/wp-content\/uploads\/2024\/03\/GH-Mini4_Pro_1.jpg\" \/>\n\t<meta property=\"og:image:width\" content=\"1280\" \/>\n\t<meta property=\"og:image:height\" content=\"1280\" \/>\n\t<meta property=\"og:image:type\" content=\"image\/jpeg\" \/>\n<meta name=\"twitter:card\" content=\"summary_large_image\" \/>\n<meta name=\"twitter:site\" content=\"@Gh0stysky\" \/>\n<meta name=\"twitter:label1\" content=\"Dur\u00e9e de lecture estim\u00e9e\" \/>\n\t<meta name=\"twitter:data1\" content=\"1 minute\" \/>\n<script type=\"application\/ld+json\" class=\"yoast-schema-graph\">{\"@context\":\"https:\\\/\\\/schema.org\",\"@graph\":[{\"@type\":\"WebPage\",\"@id\":\"https:\\\/\\\/www.ghostysky.com\\\/product\\\/dji-mini-4-pro-dji-rc-n2\\\/\",\"url\":\"https:\\\/\\\/www.ghostysky.com\\\/product\\\/dji-mini-4-pro-dji-rc-n2\\\/\",\"name\":\"DJI Mini 4 Pro (DJI RC-N2) - Ghostysky\",\"isPartOf\":{\"@id\":\"https:\\\/\\\/www.ghostysky.com\\\/#website\"},\"primaryImageOfPage\":{\"@id\":\"https:\\\/\\\/www.ghostysky.com\\\/product\\\/dji-mini-4-pro-dji-rc-n2\\\/#primaryimage\"},\"image\":{\"@id\":\"https:\\\/\\\/www.ghostysky.com\\\/product\\\/dji-mini-4-pro-dji-rc-n2\\\/#primaryimage\"},\"thumbnailUrl\":\"https:\\\/\\\/www.ghostysky.com\\\/wp-content\\\/uploads\\\/2024\\\/03\\\/GH-Mini4_Pro_1.jpg\",\"datePublished\":\"2024-03-16T09:55:22+00:00\",\"dateModified\":\"2024-08-28T15:29:03+00:00\",\"description\":\"The DJI Mini 4 Pro (DJI RC-N2) is a compact drone with a powerful camera and impressive flight capabilities.\",\"breadcrumb\":{\"@id\":\"https:\\\/\\\/www.ghostysky.com\\\/product\\\/dji-mini-4-pro-dji-rc-n2\\\/#breadcrumb\"},\"inLanguage\":\"fr-FR\",\"potentialAction\":[{\"@type\":\"ReadAction\",\"target\":[\"https:\\\/\\\/www.ghostysky.com\\\/product\\\/dji-mini-4-pro-dji-rc-n2\\\/\"]}]},{\"@type\":\"ImageObject\",\"inLanguage\":\"fr-FR\",\"@id\":\"https:\\\/\\\/www.ghostysky.com\\\/product\\\/dji-mini-4-pro-dji-rc-n2\\\/#primaryimage\",\"url\":\"https:\\\/\\\/www.ghostysky.com\\\/wp-content\\\/uploads\\\/2024\\\/03\\\/GH-Mini4_Pro_1.jpg\",\"contentUrl\":\"https:\\\/\\\/www.ghostysky.com\\\/wp-content\\\/uploads\\\/2024\\\/03\\\/GH-Mini4_Pro_1.jpg\",\"width\":1280,\"height\":1280},{\"@type\":\"BreadcrumbList\",\"@id\":\"https:\\\/\\\/www.ghostysky.com\\\/product\\\/dji-mini-4-pro-dji-rc-n2\\\/#breadcrumb\",\"itemListElement\":[{\"@type\":\"ListItem\",\"position\":1,\"name\":\"Home\",\"item\":\"https:\\\/\\\/www.ghostysky.com\\\/\"},{\"@type\":\"ListItem\",\"position\":2,\"name\":\"Shop\",\"item\":\"https:\\\/\\\/www.ghostysky.com\\\/shop\\\/\"},{\"@type\":\"ListItem\",\"position\":3,\"name\":\"DJI Mini 4 Pro (DJI RC-N2)\"}]},{\"@type\":\"WebSite\",\"@id\":\"https:\\\/\\\/www.ghostysky.com\\\/#website\",\"url\":\"https:\\\/\\\/www.ghostysky.com\\\/\",\"name\":\"Ghostysky\",\"description\":\"Delivering professional drones and robotics solutions\",\"publisher\":{\"@id\":\"https:\\\/\\\/www.ghostysky.com\\\/#organization\"},\"potentialAction\":[{\"@type\":\"SearchAction\",\"target\":{\"@type\":\"EntryPoint\",\"urlTemplate\":\"https:\\\/\\\/www.ghostysky.com\\\/?s={search_term_string}\"},\"query-input\":{\"@type\":\"PropertyValueSpecification\",\"valueRequired\":true,\"valueName\":\"search_term_string\"}}],\"inLanguage\":\"fr-FR\"},{\"@type\":\"Organization\",\"@id\":\"https:\\\/\\\/www.ghostysky.com\\\/#organization\",\"name\":\"Ghostysky\",\"url\":\"https:\\\/\\\/www.ghostysky.com\\\/\",\"logo\":{\"@type\":\"ImageObject\",\"inLanguage\":\"fr-FR\",\"@id\":\"https:\\\/\\\/www.ghostysky.com\\\/#\\\/schema\\\/logo\\\/image\\\/\",\"url\":\"https:\\\/\\\/www.ghostysky.com\\\/wp-content\\\/uploads\\\/2020\\\/06\\\/cropped-ghostyskylogo_text_white2.png\",\"contentUrl\":\"https:\\\/\\\/www.ghostysky.com\\\/wp-content\\\/uploads\\\/2020\\\/06\\\/cropped-ghostyskylogo_text_white2.png\",\"width\":169,\"height\":56,\"caption\":\"Ghostysky\"},\"image\":{\"@id\":\"https:\\\/\\\/www.ghostysky.com\\\/#\\\/schema\\\/logo\\\/image\\\/\"},\"sameAs\":[\"https:\\\/\\\/www.facebook.com\\\/people\\\/Ghostysky\\\/100057676170234\\\/\",\"https:\\\/\\\/x.com\\\/Gh0stysky\",\"https:\\\/\\\/www.linkedin.com\\\/company\\\/34739653\",\"https:\\\/\\\/www.instagram.com\\\/gh0stysky\"]}]}<\/script>\n<!-- \/ Yoast SEO plugin. -->","yoast_head_json":{"title":"DJI Mini 4 Pro (DJI RC-N2) - Ghostysky","description":"Le DJI Mini 4 Pro (DJI RC-N2) est un drone compact dot\u00e9 d&#039;une cam\u00e9ra puissante et de capacit\u00e9s de vol impressionnantes.","robots":{"index":"index","follow":"follow","max-snippet":"max-snippet:-1","max-image-preview":"max-image-preview:large","max-video-preview":"max-video-preview:-1"},"canonical":"https:\/\/www.ghostysky.com\/fr\/product\/dji-mini-4-pro-dji-rc-n2\/","og_locale":"fr_FR","og_type":"article","og_title":"DJI Mini 4 Pro (DJI RC-N2) - Ghostysky","og_description":"The DJI Mini 4 Pro (DJI RC-N2) is a compact drone with a powerful camera and impressive flight capabilities.","og_url":"https:\/\/www.ghostysky.com\/fr\/product\/dji-mini-4-pro-dji-rc-n2\/","og_site_name":"Ghostysky","article_publisher":"https:\/\/www.facebook.com\/people\/Ghostysky\/100057676170234\/","article_modified_time":"2024-08-28T15:29:03+00:00","og_image":[{"width":1280,"height":1280,"url":"https:\/\/www.ghostysky.com\/wp-content\/uploads\/2024\/03\/GH-Mini4_Pro_1.jpg","type":"image\/jpeg"}],"twitter_card":"summary_large_image","twitter_site":"@Gh0stysky","twitter_misc":{"Dur\u00e9e de lecture estim\u00e9e":"1 minute"},"schema":{"@context":"https:\/\/schema.org","@graph":[{"@type":"WebPage","@id":"https:\/\/www.ghostysky.com\/product\/dji-mini-4-pro-dji-rc-n2\/","url":"https:\/\/www.ghostysky.com\/product\/dji-mini-4-pro-dji-rc-n2\/","name":"DJI Mini 4 Pro (DJI RC-N2) - Ghostysky","isPartOf":{"@id":"https:\/\/www.ghostysky.com\/#website"},"primaryImageOfPage":{"@id":"https:\/\/www.ghostysky.com\/product\/dji-mini-4-pro-dji-rc-n2\/#primaryimage"},"image":{"@id":"https:\/\/www.ghostysky.com\/product\/dji-mini-4-pro-dji-rc-n2\/#primaryimage"},"thumbnailUrl":"https:\/\/www.ghostysky.com\/wp-content\/uploads\/2024\/03\/GH-Mini4_Pro_1.jpg","datePublished":"2024-03-16T09:55:22+00:00","dateModified":"2024-08-28T15:29:03+00:00","description":"Le DJI Mini 4 Pro (DJI RC-N2) est un drone compact dot\u00e9 d&#039;une cam\u00e9ra puissante et de capacit\u00e9s de vol impressionnantes.","breadcrumb":{"@id":"https:\/\/www.ghostysky.com\/product\/dji-mini-4-pro-dji-rc-n2\/#breadcrumb"},"inLanguage":"fr-FR","potentialAction":[{"@type":"ReadAction","target":["https:\/\/www.ghostysky.com\/product\/dji-mini-4-pro-dji-rc-n2\/"]}]},{"@type":"ImageObject","inLanguage":"fr-FR","@id":"https:\/\/www.ghostysky.com\/product\/dji-mini-4-pro-dji-rc-n2\/#primaryimage","url":"https:\/\/www.ghostysky.com\/wp-content\/uploads\/2024\/03\/GH-Mini4_Pro_1.jpg","contentUrl":"https:\/\/www.ghostysky.com\/wp-content\/uploads\/2024\/03\/GH-Mini4_Pro_1.jpg","width":1280,"height":1280},{"@type":"BreadcrumbList","@id":"https:\/\/www.ghostysky.com\/product\/dji-mini-4-pro-dji-rc-n2\/#breadcrumb","itemListElement":[{"@type":"ListItem","position":1,"name":"Home","item":"https:\/\/www.ghostysky.com\/"},{"@type":"ListItem","position":2,"name":"Shop","item":"https:\/\/www.ghostysky.com\/shop\/"},{"@type":"ListItem","position":3,"name":"DJI Mini 4 Pro (DJI RC-N2)"}]},{"@type":"WebSite","@id":"https:\/\/www.ghostysky.com\/#website","url":"https:\/\/www.ghostysky.com\/","name":"Ghostysky","description":"Fourniture de solutions professionnelles en mati\u00e8re de drones et de robotique","publisher":{"@id":"https:\/\/www.ghostysky.com\/#organization"},"potentialAction":[{"@type":"SearchAction","target":{"@type":"EntryPoint","urlTemplate":"https:\/\/www.ghostysky.com\/?s={search_term_string}"},"query-input":{"@type":"PropertyValueSpecification","valueRequired":true,"valueName":"search_term_string"}}],"inLanguage":"fr-FR"},{"@type":"Organization","@id":"https:\/\/www.ghostysky.com\/#organization","name":"Ghostysky","url":"https:\/\/www.ghostysky.com\/","logo":{"@type":"ImageObject","inLanguage":"fr-FR","@id":"https:\/\/www.ghostysky.com\/#\/schema\/logo\/image\/","url":"https:\/\/www.ghostysky.com\/wp-content\/uploads\/2020\/06\/cropped-ghostyskylogo_text_white2.png","contentUrl":"https:\/\/www.ghostysky.com\/wp-content\/uploads\/2020\/06\/cropped-ghostyskylogo_text_white2.png","width":169,"height":56,"caption":"Ghostysky"},"image":{"@id":"https:\/\/www.ghostysky.com\/#\/schema\/logo\/image\/"},"sameAs":["https:\/\/www.facebook.com\/people\/Ghostysky\/100057676170234\/","https:\/\/x.com\/Gh0stysky","https:\/\/www.linkedin.com\/company\/34739653","https:\/\/www.instagram.com\/gh0stysky"]}]}},"_links":{"self":[{"href":"https:\/\/www.ghostysky.com\/fr\/wp-json\/wp\/v2\/product\/17424","targetHints":{"allow":["GET"]}}],"collection":[{"href":"https:\/\/www.ghostysky.com\/fr\/wp-json\/wp\/v2\/product"}],"about":[{"href":"https:\/\/www.ghostysky.com\/fr\/wp-json\/wp\/v2\/types\/product"}],"replies":[{"embeddable":true,"href":"https:\/\/www.ghostysky.com\/fr\/wp-json\/wp\/v2\/comments?post=17424"}],"version-history":[{"count":0,"href":"https:\/\/www.ghostysky.com\/fr\/wp-json\/wp\/v2\/product\/17424\/revisions"}],"wp:featuredmedia":[{"embeddable":true,"href":"https:\/\/www.ghostysky.com\/fr\/wp-json\/wp\/v2\/media\/17430"}],"wp:attachment":[{"href":"https:\/\/www.ghostysky.com\/fr\/wp-json\/wp\/v2\/media?parent=17424"}],"wp:term":[{"taxonomy":"product_brand","embeddable":true,"href":"https:\/\/www.ghostysky.com\/fr\/wp-json\/wp\/v2\/product_brand?post=17424"},{"taxonomy":"product_cat","embeddable":true,"href":"https:\/\/www.ghostysky.com\/fr\/wp-json\/wp\/v2\/product_cat?post=17424"},{"taxonomy":"product_tag","embeddable":true,"href":"https:\/\/www.ghostysky.com\/fr\/wp-json\/wp\/v2\/product_tag?post=17424"}],"curies":[{"name":"wp","href":"https:\/\/api.w.org\/{rel}","templated":true}]}}