{"id":17499,"date":"2024-03-16T11:18:54","date_gmt":"2024-03-16T11:18:54","guid":{"rendered":"https:\/\/www.ghostysky.com\/?post_type=product&#038;p=17499"},"modified":"2025-10-14T11:21:51","modified_gmt":"2025-10-14T11:21:51","slug":"evo-nano-standard-package","status":"publish","type":"product","link":"https:\/\/www.ghostysky.com\/fr\/product\/evo-nano-standard-package\/","title":{"rendered":"Pack standard EVO Nano"},"content":{"rendered":"<p data-sourcepos=\"1:1-1:176\"><strong>Caract\u00e9ristiques<\/strong><\/p>\n<ul data-sourcepos=\"3:1-9:0\">\n<li data-sourcepos=\"3:1-3:101\"><strong>Cam\u00e9ra:<\/strong>\u00a0Il dispose d&#039;un appareil photo 48MP avec un capteur CMOS 1\/2 pouce qui peut filmer des vid\u00e9os 4K HDR \u00e0 30 ips.<\/li>\n<li data-sourcepos=\"4:1-4:110\"><strong>Stabilisation d&#039;image :<\/strong>\u00a0Un cardan m\u00e9canique \u00e0 trois axes maintient vos vid\u00e9os fluides, m\u00eame dans des conditions venteuses.<\/li>\n<li data-sourcepos=\"5:1-5:93\"><strong>Dur\u00e9e du vol :<\/strong>\u00a0Vous pouvez piloter l&#039;EVO Nano jusqu&#039;\u00e0 28 minutes avec une seule charge de batterie.<\/li>\n<li data-sourcepos=\"6:1-6:80\"><strong>Distance de transmission :<\/strong>\u00a0Sa port\u00e9e de transmission peut atteindre 10 kilom\u00e8tres.<\/li>\n<li data-sourcepos=\"7:1-7:129\"><strong>\u00c9vitement d&#039;obstacles :<\/strong>\u00a0Le drone dispose d&#039;un syst\u00e8me d&#039;\u00e9vitement d&#039;obstacles vers l&#039;avant, vers l&#039;arri\u00e8re et vers le bas pour vous aider \u00e0 \u00e9viter les collisions.<\/li>\n<li data-sourcepos=\"8:1-9:0\"><strong>Autres caract\u00e9ristiques :<\/strong>\u00a0Il dispose \u00e9galement de fonctionnalit\u00e9s telles que SkyPortrait (qui peut prendre automatiquement des selfies), Dynamic Track 2.1 (qui peut suivre des personnes, des animaux ou des v\u00e9hicules) et MovieMaster (une application de montage vid\u00e9o int\u00e9gr\u00e9e).<\/li>\n<\/ul>\n<p data-sourcepos=\"10:1-10:203\">Le pack standard comprend g\u00e9n\u00e9ralement le drone, une batterie, une t\u00e9l\u00e9commande et un \u00e9tui de transport. Cependant, il est toujours judicieux de v\u00e9rifier aupr\u00e8s du revendeur pour confirmer pr\u00e9cis\u00e9ment le contenu.<\/p>","protected":false},"excerpt":{"rendered":"<p>L&#039;Autel Robotics EVO Nano Standard Package en Orange est un drone compact et l\u00e9ger qui ne p\u00e8se que 249 grammes, soit environ le poids d&#039;une orange.<\/p>","protected":false},"featured_media":17504,"comment_status":"open","ping_status":"closed","template":"","meta":[],"product_brand":[],"product_cat":[761,220,29],"product_tag":[495,767,768],"class_list":{"0":"post-17499","1":"product","2":"type-product","3":"status-publish","4":"has-post-thumbnail","6":"product_cat-aerial-photography-autel","7":"product_cat-autel","8":"product_cat-drones","9":"product_tag-autel-robotics","10":"product_tag-evo-nano","11":"product_tag-standard-package-orange","13":"first","14":"onbackorder","15":"taxable","16":"shipping-taxable","17":"product-type-simple"},"yoast_head":"<!-- This site is optimized with the Yoast SEO plugin v27.1.1 - https:\/\/yoast.com\/product\/yoast-seo-wordpress\/ -->\n<title>EVO Nano Standard Package - Ghostysky<\/title>\n<meta name=\"description\" content=\"The Autel Robotics EVO Nano Standard Package in Orange is a compact and lightweight drone that weighs only 249 grams, about as much as an orange.\" \/>\n<meta name=\"robots\" content=\"index, follow, max-snippet:-1, max-image-preview:large, max-video-preview:-1\" \/>\n<link rel=\"canonical\" href=\"https:\/\/www.ghostysky.com\/fr\/product\/evo-nano-standard-package\/\" \/>\n<meta property=\"og:locale\" content=\"fr_FR\" \/>\n<meta property=\"og:type\" content=\"article\" \/>\n<meta property=\"og:title\" content=\"EVO Nano Standard Package - Ghostysky\" \/>\n<meta property=\"og:description\" content=\"The Autel Robotics EVO Nano Standard Package in Orange is a compact and lightweight drone that weighs only 249 grams, about as much as an orange.\" \/>\n<meta property=\"og:url\" content=\"https:\/\/www.ghostysky.com\/fr\/product\/evo-nano-standard-package\/\" \/>\n<meta property=\"og:site_name\" content=\"Ghostysky\" \/>\n<meta property=\"article:publisher\" content=\"https:\/\/www.facebook.com\/people\/Ghostysky\/100057676170234\/\" \/>\n<meta property=\"article:modified_time\" content=\"2025-10-14T11:21:51+00:00\" \/>\n<meta property=\"og:image\" content=\"https:\/\/www.ghostysky.com\/wp-content\/uploads\/2024\/03\/GH_EVO-Nano-Standard-Package-Orange_1.jpg\" \/>\n\t<meta property=\"og:image:width\" content=\"450\" \/>\n\t<meta property=\"og:image:height\" content=\"330\" \/>\n\t<meta property=\"og:image:type\" content=\"image\/jpeg\" \/>\n<meta name=\"twitter:card\" content=\"summary_large_image\" \/>\n<meta name=\"twitter:site\" content=\"@Gh0stysky\" \/>\n<meta name=\"twitter:label1\" content=\"Dur\u00e9e de lecture estim\u00e9e\" \/>\n\t<meta name=\"twitter:data1\" content=\"1 minute\" \/>\n<script type=\"application\/ld+json\" class=\"yoast-schema-graph\">{\"@context\":\"https:\/\/schema.org\",\"@graph\":[{\"@type\":\"WebPage\",\"@id\":\"https:\/\/www.ghostysky.com\/product\/evo-nano-standard-package\/\",\"url\":\"https:\/\/www.ghostysky.com\/product\/evo-nano-standard-package\/\",\"name\":\"EVO Nano Standard Package - Ghostysky\",\"isPartOf\":{\"@id\":\"https:\/\/www.ghostysky.com\/#website\"},\"primaryImageOfPage\":{\"@id\":\"https:\/\/www.ghostysky.com\/product\/evo-nano-standard-package\/#primaryimage\"},\"image\":{\"@id\":\"https:\/\/www.ghostysky.com\/product\/evo-nano-standard-package\/#primaryimage\"},\"thumbnailUrl\":\"https:\/\/www.ghostysky.com\/wp-content\/uploads\/2024\/03\/GH_EVO-Nano-Standard-Package-Orange_1.jpg\",\"datePublished\":\"2024-03-16T11:18:54+00:00\",\"dateModified\":\"2025-10-14T11:21:51+00:00\",\"description\":\"The Autel Robotics EVO Nano Standard Package in Orange is a compact and lightweight drone that weighs only 249 grams, about as much as an orange.\",\"breadcrumb\":{\"@id\":\"https:\/\/www.ghostysky.com\/product\/evo-nano-standard-package\/#breadcrumb\"},\"inLanguage\":\"fr-FR\",\"potentialAction\":[{\"@type\":\"ReadAction\",\"target\":[\"https:\/\/www.ghostysky.com\/product\/evo-nano-standard-package\/\"]}]},{\"@type\":\"ImageObject\",\"inLanguage\":\"fr-FR\",\"@id\":\"https:\/\/www.ghostysky.com\/product\/evo-nano-standard-package\/#primaryimage\",\"url\":\"https:\/\/www.ghostysky.com\/wp-content\/uploads\/2024\/03\/GH_EVO-Nano-Standard-Package-Orange_1.jpg\",\"contentUrl\":\"https:\/\/www.ghostysky.com\/wp-content\/uploads\/2024\/03\/GH_EVO-Nano-Standard-Package-Orange_1.jpg\",\"width\":450,\"height\":330},{\"@type\":\"BreadcrumbList\",\"@id\":\"https:\/\/www.ghostysky.com\/product\/evo-nano-standard-package\/#breadcrumb\",\"itemListElement\":[{\"@type\":\"ListItem\",\"position\":1,\"name\":\"Home\",\"item\":\"https:\/\/www.ghostysky.com\/\"},{\"@type\":\"ListItem\",\"position\":2,\"name\":\"Shop\",\"item\":\"https:\/\/www.ghostysky.com\/shop\/\"},{\"@type\":\"ListItem\",\"position\":3,\"name\":\"EVO Nano Standard Package\"}]},{\"@type\":\"WebSite\",\"@id\":\"https:\/\/www.ghostysky.com\/#website\",\"url\":\"https:\/\/www.ghostysky.com\/\",\"name\":\"Ghostysky\",\"description\":\"Delivering professional drones and services\",\"publisher\":{\"@id\":\"https:\/\/www.ghostysky.com\/#organization\"},\"potentialAction\":[{\"@type\":\"SearchAction\",\"target\":{\"@type\":\"EntryPoint\",\"urlTemplate\":\"https:\/\/www.ghostysky.com\/?s={search_term_string}\"},\"query-input\":{\"@type\":\"PropertyValueSpecification\",\"valueRequired\":true,\"valueName\":\"search_term_string\"}}],\"inLanguage\":\"fr-FR\"},{\"@type\":\"Organization\",\"@id\":\"https:\/\/www.ghostysky.com\/#organization\",\"name\":\"Ghostysky\",\"url\":\"https:\/\/www.ghostysky.com\/\",\"logo\":{\"@type\":\"ImageObject\",\"inLanguage\":\"fr-FR\",\"@id\":\"https:\/\/www.ghostysky.com\/#\/schema\/logo\/image\/\",\"url\":\"https:\/\/www.ghostysky.com\/wp-content\/uploads\/2020\/06\/cropped-ghostyskylogo_text_white2.png\",\"contentUrl\":\"https:\/\/www.ghostysky.com\/wp-content\/uploads\/2020\/06\/cropped-ghostyskylogo_text_white2.png\",\"width\":169,\"height\":56,\"caption\":\"Ghostysky\"},\"image\":{\"@id\":\"https:\/\/www.ghostysky.com\/#\/schema\/logo\/image\/\"},\"sameAs\":[\"https:\/\/www.facebook.com\/people\/Ghostysky\/100057676170234\/\",\"https:\/\/x.com\/Gh0stysky\",\"https:\/\/www.linkedin.com\/company\/34739653\",\"https:\/\/www.instagram.com\/gh0stysky\"]}]}<\/script>\n<!-- \/ Yoast SEO plugin. -->","yoast_head_json":{"title":"Pack standard EVO Nano - Ghostysky","description":"L&#039;Autel Robotics EVO Nano Standard Package en Orange est un drone compact et l\u00e9ger qui ne p\u00e8se que 249 grammes, soit environ le poids d&#039;une orange.","robots":{"index":"index","follow":"follow","max-snippet":"max-snippet:-1","max-image-preview":"max-image-preview:large","max-video-preview":"max-video-preview:-1"},"canonical":"https:\/\/www.ghostysky.com\/fr\/product\/evo-nano-standard-package\/","og_locale":"fr_FR","og_type":"article","og_title":"EVO Nano Standard Package - Ghostysky","og_description":"The Autel Robotics EVO Nano Standard Package in Orange is a compact and lightweight drone that weighs only 249 grams, about as much as an orange.","og_url":"https:\/\/www.ghostysky.com\/fr\/product\/evo-nano-standard-package\/","og_site_name":"Ghostysky","article_publisher":"https:\/\/www.facebook.com\/people\/Ghostysky\/100057676170234\/","article_modified_time":"2025-10-14T11:21:51+00:00","og_image":[{"width":450,"height":330,"url":"https:\/\/www.ghostysky.com\/wp-content\/uploads\/2024\/03\/GH_EVO-Nano-Standard-Package-Orange_1.jpg","type":"image\/jpeg"}],"twitter_card":"summary_large_image","twitter_site":"@Gh0stysky","twitter_misc":{"Dur\u00e9e de lecture estim\u00e9e":"1 minute"},"schema":{"@context":"https:\/\/schema.org","@graph":[{"@type":"WebPage","@id":"https:\/\/www.ghostysky.com\/product\/evo-nano-standard-package\/","url":"https:\/\/www.ghostysky.com\/product\/evo-nano-standard-package\/","name":"Pack standard EVO Nano - Ghostysky","isPartOf":{"@id":"https:\/\/www.ghostysky.com\/#website"},"primaryImageOfPage":{"@id":"https:\/\/www.ghostysky.com\/product\/evo-nano-standard-package\/#primaryimage"},"image":{"@id":"https:\/\/www.ghostysky.com\/product\/evo-nano-standard-package\/#primaryimage"},"thumbnailUrl":"https:\/\/www.ghostysky.com\/wp-content\/uploads\/2024\/03\/GH_EVO-Nano-Standard-Package-Orange_1.jpg","datePublished":"2024-03-16T11:18:54+00:00","dateModified":"2025-10-14T11:21:51+00:00","description":"L&#039;Autel Robotics EVO Nano Standard Package en Orange est un drone compact et l\u00e9ger qui ne p\u00e8se que 249 grammes, soit environ le poids d&#039;une orange.","breadcrumb":{"@id":"https:\/\/www.ghostysky.com\/product\/evo-nano-standard-package\/#breadcrumb"},"inLanguage":"fr-FR","potentialAction":[{"@type":"ReadAction","target":["https:\/\/www.ghostysky.com\/product\/evo-nano-standard-package\/"]}]},{"@type":"ImageObject","inLanguage":"fr-FR","@id":"https:\/\/www.ghostysky.com\/product\/evo-nano-standard-package\/#primaryimage","url":"https:\/\/www.ghostysky.com\/wp-content\/uploads\/2024\/03\/GH_EVO-Nano-Standard-Package-Orange_1.jpg","contentUrl":"https:\/\/www.ghostysky.com\/wp-content\/uploads\/2024\/03\/GH_EVO-Nano-Standard-Package-Orange_1.jpg","width":450,"height":330},{"@type":"BreadcrumbList","@id":"https:\/\/www.ghostysky.com\/product\/evo-nano-standard-package\/#breadcrumb","itemListElement":[{"@type":"ListItem","position":1,"name":"Home","item":"https:\/\/www.ghostysky.com\/"},{"@type":"ListItem","position":2,"name":"Shop","item":"https:\/\/www.ghostysky.com\/shop\/"},{"@type":"ListItem","position":3,"name":"EVO Nano Standard Package"}]},{"@type":"WebSite","@id":"https:\/\/www.ghostysky.com\/#website","url":"https:\/\/www.ghostysky.com\/","name":"Ghostysky","description":"Livraison de drones et de services professionnels","publisher":{"@id":"https:\/\/www.ghostysky.com\/#organization"},"potentialAction":[{"@type":"SearchAction","target":{"@type":"EntryPoint","urlTemplate":"https:\/\/www.ghostysky.com\/?s={search_term_string}"},"query-input":{"@type":"PropertyValueSpecification","valueRequired":true,"valueName":"search_term_string"}}],"inLanguage":"fr-FR"},{"@type":"Organization","@id":"https:\/\/www.ghostysky.com\/#organization","name":"Ghostysky","url":"https:\/\/www.ghostysky.com\/","logo":{"@type":"ImageObject","inLanguage":"fr-FR","@id":"https:\/\/www.ghostysky.com\/#\/schema\/logo\/image\/","url":"https:\/\/www.ghostysky.com\/wp-content\/uploads\/2020\/06\/cropped-ghostyskylogo_text_white2.png","contentUrl":"https:\/\/www.ghostysky.com\/wp-content\/uploads\/2020\/06\/cropped-ghostyskylogo_text_white2.png","width":169,"height":56,"caption":"Ghostysky"},"image":{"@id":"https:\/\/www.ghostysky.com\/#\/schema\/logo\/image\/"},"sameAs":["https:\/\/www.facebook.com\/people\/Ghostysky\/100057676170234\/","https:\/\/x.com\/Gh0stysky","https:\/\/www.linkedin.com\/company\/34739653","https:\/\/www.instagram.com\/gh0stysky"]}]}},"_links":{"self":[{"href":"https:\/\/www.ghostysky.com\/fr\/wp-json\/wp\/v2\/product\/17499","targetHints":{"allow":["GET"]}}],"collection":[{"href":"https:\/\/www.ghostysky.com\/fr\/wp-json\/wp\/v2\/product"}],"about":[{"href":"https:\/\/www.ghostysky.com\/fr\/wp-json\/wp\/v2\/types\/product"}],"replies":[{"embeddable":true,"href":"https:\/\/www.ghostysky.com\/fr\/wp-json\/wp\/v2\/comments?post=17499"}],"wp:featuredmedia":[{"embeddable":true,"href":"https:\/\/www.ghostysky.com\/fr\/wp-json\/wp\/v2\/media\/17504"}],"wp:attachment":[{"href":"https:\/\/www.ghostysky.com\/fr\/wp-json\/wp\/v2\/media?parent=17499"}],"wp:term":[{"taxonomy":"product_brand","embeddable":true,"href":"https:\/\/www.ghostysky.com\/fr\/wp-json\/wp\/v2\/product_brand?post=17499"},{"taxonomy":"product_cat","embeddable":true,"href":"https:\/\/www.ghostysky.com\/fr\/wp-json\/wp\/v2\/product_cat?post=17499"},{"taxonomy":"product_tag","embeddable":true,"href":"https:\/\/www.ghostysky.com\/fr\/wp-json\/wp\/v2\/product_tag?post=17499"}],"curies":[{"name":"wp","href":"https:\/\/api.w.org\/{rel}","templated":true}]}}