{"id":17517,"date":"2024-03-16T11:41:29","date_gmt":"2024-03-16T11:41:29","guid":{"rendered":"https:\/\/www.ghostysky.com\/?post_type=product&#038;p=17517"},"modified":"2024-03-16T11:41:54","modified_gmt":"2024-03-16T11:41:54","slug":"dragonfish","status":"publish","type":"product","link":"https:\/\/www.ghostysky.com\/fr\/product\/dragonfish\/","title":{"rendered":"Autel Robotics DragonFish"},"content":{"rendered":"<p data-sourcepos=\"1:1-1:149\"><strong>Caract\u00e9ristiques<\/strong><\/p>\n<ul data-sourcepos=\"3:1-9:0\">\n<li data-sourcepos=\"3:1-3:118\"><strong>Longue dur\u00e9e de vol :<\/strong>\u00a0Jusqu&#039;\u00e0 180 minutes avec une charge utile, ce qui constitue un avantage significatif par rapport \u00e0 de nombreux drones concurrents.<\/li>\n<li data-sourcepos=\"4:1-4:68\"><strong>Montage rapide :<\/strong>\u00a0Peut \u00eatre assembl\u00e9 pour le vol en seulement 3 minutes.<\/li>\n<li data-sourcepos=\"5:1-5:136\"><strong>Options de charge utile modulaires\u00a0:<\/strong>\u00a0Permet une personnalisation pour diff\u00e9rentes t\u00e2ches, telles que la recherche et le sauvetage, la lutte contre les incendies ou les inspections.<\/li>\n<li data-sourcepos=\"6:1-6:136\"><strong>Suivi de l&#039;IA :<\/strong>\u00a0Peut suivre automatiquement les sujets, ce qui peut \u00eatre utile pour des t\u00e2ches telles que suivre une voiture en mouvement ou surveiller la faune.<\/li>\n<li data-sourcepos=\"7:1-7:153\"><strong>Facile \u00e0 utiliser :<\/strong>\u00a0Autel met l&#039;accent sur la conception conviviale du Dragonfish, ce qui signifie qu&#039;il peut n\u00e9cessiter moins de formation pour \u00eatre utilis\u00e9 que certains autres drones.<\/li>\n<li data-sourcepos=\"8:1-9:0\"><strong>Durabilit\u00e9:<\/strong>\u00a0Le Dragonfish est \u00e9tanche et con\u00e7u pour un fonctionnement fiable dans des conditions difficiles.<\/li>\n<\/ul>\n<p data-sourcepos=\"10:1-10:33\">Voici quelques d\u00e9tails suppl\u00e9mentaires\u00a0:<\/p>\n<ul data-sourcepos=\"12:1-15:0\">\n<li data-sourcepos=\"12:1-12:161\">Le Dragonfish est dot\u00e9 d&#039;un rotor inclinable, ce qui lui permet de d\u00e9coller et d&#039;atterrir verticalement comme un h\u00e9licopt\u00e8re, mais aussi de voler efficacement comme un avion \u00e0 voilure fixe.<\/li>\n<li data-sourcepos=\"13:1-13:116\">Il a une vitesse maximale de 108 kilom\u00e8tres par heure (67 mph) et une port\u00e9e de transmission de 18,6 miles (30 kilom\u00e8tres).<\/li>\n<li data-sourcepos=\"14:1-15:0\">Le Dragonfish est relativement silencieux par rapport \u00e0 certains autres drones.<\/li>\n<\/ul>\n<p data-sourcepos=\"16:1-16:153\">Dans l\u2019ensemble, l\u2019Autel Robotics Dragonfish semble \u00eatre un drone polyvalent et puissant qui pourrait \u00eatre une bonne option pour une vari\u00e9t\u00e9 d\u2019applications commerciales.<\/p>","protected":false},"excerpt":{"rendered":"<p>L&#039;Autel Robotics Dragonfish est un drone \u00e0 d\u00e9collage et atterrissage verticaux (VTOL) con\u00e7u pour des applications commerciales.<\/p>","protected":false},"featured_media":17522,"comment_status":"open","ping_status":"closed","template":"","meta":[],"product_brand":[],"product_cat":[220,29,294],"product_tag":[495,770,41],"class_list":{"0":"post-17517","1":"product","2":"type-product","3":"status-publish","4":"has-post-thumbnail","6":"product_cat-autel","7":"product_cat-drones","8":"product_cat-drone-autel","9":"product_tag-autel-robotics","10":"product_tag-dragonfish","11":"product_tag-vtol","13":"first","14":"onbackorder","15":"taxable","16":"shipping-taxable","17":"product-type-simple"},"yoast_head":"<!-- This site is optimized with the Yoast SEO plugin v27.1.1 - https:\/\/yoast.com\/product\/yoast-seo-wordpress\/ -->\n<title>Autel Robotics DragonFish - Ghostysky<\/title>\n<meta name=\"description\" content=\"The Autel Robotics Dragonfish is a vertical takeoff and landing (VTOL) drone designed for commercial applications.\" \/>\n<meta name=\"robots\" content=\"index, follow, max-snippet:-1, max-image-preview:large, max-video-preview:-1\" \/>\n<link rel=\"canonical\" href=\"https:\/\/www.ghostysky.com\/fr\/product\/dragonfish\/\" \/>\n<meta property=\"og:locale\" content=\"fr_FR\" \/>\n<meta property=\"og:type\" content=\"article\" \/>\n<meta property=\"og:title\" content=\"Autel Robotics DragonFish - Ghostysky\" \/>\n<meta property=\"og:description\" content=\"The Autel Robotics Dragonfish is a vertical takeoff and landing (VTOL) drone designed for commercial applications.\" \/>\n<meta property=\"og:url\" content=\"https:\/\/www.ghostysky.com\/fr\/product\/dragonfish\/\" \/>\n<meta property=\"og:site_name\" content=\"Ghostysky\" \/>\n<meta property=\"article:publisher\" content=\"https:\/\/www.facebook.com\/people\/Ghostysky\/100057676170234\/\" \/>\n<meta property=\"article:modified_time\" content=\"2024-03-16T11:41:54+00:00\" \/>\n<meta property=\"og:image\" content=\"https:\/\/www.ghostysky.com\/wp-content\/uploads\/2024\/03\/GH_AutelRobotics_Dragonfish_1.jpg\" \/>\n\t<meta property=\"og:image:width\" content=\"500\" \/>\n\t<meta property=\"og:image:height\" content=\"353\" \/>\n\t<meta property=\"og:image:type\" content=\"image\/jpeg\" \/>\n<meta name=\"twitter:card\" content=\"summary_large_image\" \/>\n<meta name=\"twitter:site\" content=\"@Gh0stysky\" \/>\n<meta name=\"twitter:label1\" content=\"Dur\u00e9e de lecture estim\u00e9e\" \/>\n\t<meta name=\"twitter:data1\" content=\"1 minute\" \/>\n<script type=\"application\/ld+json\" class=\"yoast-schema-graph\">{\"@context\":\"https:\/\/schema.org\",\"@graph\":[{\"@type\":\"WebPage\",\"@id\":\"https:\/\/www.ghostysky.com\/product\/dragonfish\/\",\"url\":\"https:\/\/www.ghostysky.com\/product\/dragonfish\/\",\"name\":\"Autel Robotics DragonFish - Ghostysky\",\"isPartOf\":{\"@id\":\"https:\/\/www.ghostysky.com\/#website\"},\"primaryImageOfPage\":{\"@id\":\"https:\/\/www.ghostysky.com\/product\/dragonfish\/#primaryimage\"},\"image\":{\"@id\":\"https:\/\/www.ghostysky.com\/product\/dragonfish\/#primaryimage\"},\"thumbnailUrl\":\"https:\/\/www.ghostysky.com\/wp-content\/uploads\/2024\/03\/GH_AutelRobotics_Dragonfish_1.jpg\",\"datePublished\":\"2024-03-16T11:41:29+00:00\",\"dateModified\":\"2024-03-16T11:41:54+00:00\",\"description\":\"The Autel Robotics Dragonfish is a vertical takeoff and landing (VTOL) drone designed for commercial applications.\",\"breadcrumb\":{\"@id\":\"https:\/\/www.ghostysky.com\/product\/dragonfish\/#breadcrumb\"},\"inLanguage\":\"fr-FR\",\"potentialAction\":[{\"@type\":\"ReadAction\",\"target\":[\"https:\/\/www.ghostysky.com\/product\/dragonfish\/\"]}]},{\"@type\":\"ImageObject\",\"inLanguage\":\"fr-FR\",\"@id\":\"https:\/\/www.ghostysky.com\/product\/dragonfish\/#primaryimage\",\"url\":\"https:\/\/www.ghostysky.com\/wp-content\/uploads\/2024\/03\/GH_AutelRobotics_Dragonfish_1.jpg\",\"contentUrl\":\"https:\/\/www.ghostysky.com\/wp-content\/uploads\/2024\/03\/GH_AutelRobotics_Dragonfish_1.jpg\",\"width\":500,\"height\":353},{\"@type\":\"BreadcrumbList\",\"@id\":\"https:\/\/www.ghostysky.com\/product\/dragonfish\/#breadcrumb\",\"itemListElement\":[{\"@type\":\"ListItem\",\"position\":1,\"name\":\"Home\",\"item\":\"https:\/\/www.ghostysky.com\/\"},{\"@type\":\"ListItem\",\"position\":2,\"name\":\"Shop\",\"item\":\"https:\/\/www.ghostysky.com\/shop\/\"},{\"@type\":\"ListItem\",\"position\":3,\"name\":\"Autel Robotics DragonFish\"}]},{\"@type\":\"WebSite\",\"@id\":\"https:\/\/www.ghostysky.com\/#website\",\"url\":\"https:\/\/www.ghostysky.com\/\",\"name\":\"Ghostysky\",\"description\":\"Delivering professional drones and services\",\"publisher\":{\"@id\":\"https:\/\/www.ghostysky.com\/#organization\"},\"potentialAction\":[{\"@type\":\"SearchAction\",\"target\":{\"@type\":\"EntryPoint\",\"urlTemplate\":\"https:\/\/www.ghostysky.com\/?s={search_term_string}\"},\"query-input\":{\"@type\":\"PropertyValueSpecification\",\"valueRequired\":true,\"valueName\":\"search_term_string\"}}],\"inLanguage\":\"fr-FR\"},{\"@type\":\"Organization\",\"@id\":\"https:\/\/www.ghostysky.com\/#organization\",\"name\":\"Ghostysky\",\"url\":\"https:\/\/www.ghostysky.com\/\",\"logo\":{\"@type\":\"ImageObject\",\"inLanguage\":\"fr-FR\",\"@id\":\"https:\/\/www.ghostysky.com\/#\/schema\/logo\/image\/\",\"url\":\"https:\/\/www.ghostysky.com\/wp-content\/uploads\/2020\/06\/cropped-ghostyskylogo_text_white2.png\",\"contentUrl\":\"https:\/\/www.ghostysky.com\/wp-content\/uploads\/2020\/06\/cropped-ghostyskylogo_text_white2.png\",\"width\":169,\"height\":56,\"caption\":\"Ghostysky\"},\"image\":{\"@id\":\"https:\/\/www.ghostysky.com\/#\/schema\/logo\/image\/\"},\"sameAs\":[\"https:\/\/www.facebook.com\/people\/Ghostysky\/100057676170234\/\",\"https:\/\/x.com\/Gh0stysky\",\"https:\/\/www.linkedin.com\/company\/34739653\",\"https:\/\/www.instagram.com\/gh0stysky\"]}]}<\/script>\n<!-- \/ Yoast SEO plugin. -->","yoast_head_json":{"title":"Autel Robotics DragonFish - Ghostysky","description":"L&#039;Autel Robotics Dragonfish est un drone \u00e0 d\u00e9collage et atterrissage verticaux (VTOL) con\u00e7u pour des applications commerciales.","robots":{"index":"index","follow":"follow","max-snippet":"max-snippet:-1","max-image-preview":"max-image-preview:large","max-video-preview":"max-video-preview:-1"},"canonical":"https:\/\/www.ghostysky.com\/fr\/product\/dragonfish\/","og_locale":"fr_FR","og_type":"article","og_title":"Autel Robotics DragonFish - Ghostysky","og_description":"The Autel Robotics Dragonfish is a vertical takeoff and landing (VTOL) drone designed for commercial applications.","og_url":"https:\/\/www.ghostysky.com\/fr\/product\/dragonfish\/","og_site_name":"Ghostysky","article_publisher":"https:\/\/www.facebook.com\/people\/Ghostysky\/100057676170234\/","article_modified_time":"2024-03-16T11:41:54+00:00","og_image":[{"width":500,"height":353,"url":"https:\/\/www.ghostysky.com\/wp-content\/uploads\/2024\/03\/GH_AutelRobotics_Dragonfish_1.jpg","type":"image\/jpeg"}],"twitter_card":"summary_large_image","twitter_site":"@Gh0stysky","twitter_misc":{"Dur\u00e9e de lecture estim\u00e9e":"1 minute"},"schema":{"@context":"https:\/\/schema.org","@graph":[{"@type":"WebPage","@id":"https:\/\/www.ghostysky.com\/product\/dragonfish\/","url":"https:\/\/www.ghostysky.com\/product\/dragonfish\/","name":"Autel Robotics DragonFish - Ghostysky","isPartOf":{"@id":"https:\/\/www.ghostysky.com\/#website"},"primaryImageOfPage":{"@id":"https:\/\/www.ghostysky.com\/product\/dragonfish\/#primaryimage"},"image":{"@id":"https:\/\/www.ghostysky.com\/product\/dragonfish\/#primaryimage"},"thumbnailUrl":"https:\/\/www.ghostysky.com\/wp-content\/uploads\/2024\/03\/GH_AutelRobotics_Dragonfish_1.jpg","datePublished":"2024-03-16T11:41:29+00:00","dateModified":"2024-03-16T11:41:54+00:00","description":"L&#039;Autel Robotics Dragonfish est un drone \u00e0 d\u00e9collage et atterrissage verticaux (VTOL) con\u00e7u pour des applications commerciales.","breadcrumb":{"@id":"https:\/\/www.ghostysky.com\/product\/dragonfish\/#breadcrumb"},"inLanguage":"fr-FR","potentialAction":[{"@type":"ReadAction","target":["https:\/\/www.ghostysky.com\/product\/dragonfish\/"]}]},{"@type":"ImageObject","inLanguage":"fr-FR","@id":"https:\/\/www.ghostysky.com\/product\/dragonfish\/#primaryimage","url":"https:\/\/www.ghostysky.com\/wp-content\/uploads\/2024\/03\/GH_AutelRobotics_Dragonfish_1.jpg","contentUrl":"https:\/\/www.ghostysky.com\/wp-content\/uploads\/2024\/03\/GH_AutelRobotics_Dragonfish_1.jpg","width":500,"height":353},{"@type":"BreadcrumbList","@id":"https:\/\/www.ghostysky.com\/product\/dragonfish\/#breadcrumb","itemListElement":[{"@type":"ListItem","position":1,"name":"Home","item":"https:\/\/www.ghostysky.com\/"},{"@type":"ListItem","position":2,"name":"Shop","item":"https:\/\/www.ghostysky.com\/shop\/"},{"@type":"ListItem","position":3,"name":"Autel Robotics DragonFish"}]},{"@type":"WebSite","@id":"https:\/\/www.ghostysky.com\/#website","url":"https:\/\/www.ghostysky.com\/","name":"Ghostysky","description":"Livraison de drones et de services professionnels","publisher":{"@id":"https:\/\/www.ghostysky.com\/#organization"},"potentialAction":[{"@type":"SearchAction","target":{"@type":"EntryPoint","urlTemplate":"https:\/\/www.ghostysky.com\/?s={search_term_string}"},"query-input":{"@type":"PropertyValueSpecification","valueRequired":true,"valueName":"search_term_string"}}],"inLanguage":"fr-FR"},{"@type":"Organization","@id":"https:\/\/www.ghostysky.com\/#organization","name":"Ghostysky","url":"https:\/\/www.ghostysky.com\/","logo":{"@type":"ImageObject","inLanguage":"fr-FR","@id":"https:\/\/www.ghostysky.com\/#\/schema\/logo\/image\/","url":"https:\/\/www.ghostysky.com\/wp-content\/uploads\/2020\/06\/cropped-ghostyskylogo_text_white2.png","contentUrl":"https:\/\/www.ghostysky.com\/wp-content\/uploads\/2020\/06\/cropped-ghostyskylogo_text_white2.png","width":169,"height":56,"caption":"Ghostysky"},"image":{"@id":"https:\/\/www.ghostysky.com\/#\/schema\/logo\/image\/"},"sameAs":["https:\/\/www.facebook.com\/people\/Ghostysky\/100057676170234\/","https:\/\/x.com\/Gh0stysky","https:\/\/www.linkedin.com\/company\/34739653","https:\/\/www.instagram.com\/gh0stysky"]}]}},"_links":{"self":[{"href":"https:\/\/www.ghostysky.com\/fr\/wp-json\/wp\/v2\/product\/17517","targetHints":{"allow":["GET"]}}],"collection":[{"href":"https:\/\/www.ghostysky.com\/fr\/wp-json\/wp\/v2\/product"}],"about":[{"href":"https:\/\/www.ghostysky.com\/fr\/wp-json\/wp\/v2\/types\/product"}],"replies":[{"embeddable":true,"href":"https:\/\/www.ghostysky.com\/fr\/wp-json\/wp\/v2\/comments?post=17517"}],"wp:featuredmedia":[{"embeddable":true,"href":"https:\/\/www.ghostysky.com\/fr\/wp-json\/wp\/v2\/media\/17522"}],"wp:attachment":[{"href":"https:\/\/www.ghostysky.com\/fr\/wp-json\/wp\/v2\/media?parent=17517"}],"wp:term":[{"taxonomy":"product_brand","embeddable":true,"href":"https:\/\/www.ghostysky.com\/fr\/wp-json\/wp\/v2\/product_brand?post=17517"},{"taxonomy":"product_cat","embeddable":true,"href":"https:\/\/www.ghostysky.com\/fr\/wp-json\/wp\/v2\/product_cat?post=17517"},{"taxonomy":"product_tag","embeddable":true,"href":"https:\/\/www.ghostysky.com\/fr\/wp-json\/wp\/v2\/product_tag?post=17517"}],"curies":[{"name":"wp","href":"https:\/\/api.w.org\/{rel}","templated":true}]}}