{"id":17592,"date":"2024-03-17T07:26:54","date_gmt":"2024-03-17T07:26:54","guid":{"rendered":"https:\/\/www.ghostysky.com\/?post_type=product&#038;p=17592"},"modified":"2026-01-15T06:50:59","modified_gmt":"2026-01-15T06:50:59","slug":"dji-air-3-fly-more-combo-dji-rc-n2","status":"publish","type":"product","link":"https:\/\/www.ghostysky.com\/fr\/product\/dji-air-3-fly-more-combo-dji-rc-n2\/","title":{"rendered":"Ensemble Fly More pour DJI Air 3 (DJI RC-N2)"},"content":{"rendered":"<p data-sourcepos=\"1:1-1:179\"><strong>Caract\u00e9ristiques<\/strong><\/p>\n<ul data-sourcepos=\"3:1-10:0\">\n<li data-sourcepos=\"3:1-4:0\">\n<p data-sourcepos=\"3:3-3:150\"><strong>Double cam\u00e9ra :<\/strong> Il dispose d&#039;un capteur CMOS 1\/1,3 pouce avec un grand angle et un t\u00e9l\u00e9objectif, capable de capturer des photos 48MP et des vid\u00e9os HDR 4K\/60fps.<\/p>\n<\/li>\n<li data-sourcepos=\"5:1-6:0\">\n<p data-sourcepos=\"5:3-5:124\"><strong>Dur\u00e9e du vol :<\/strong> Il peut voler jusqu&#039;\u00e0 46 minutes avec une seule batterie, ce qui vous donne amplement le temps de capturer ces photos a\u00e9riennes.<\/p>\n<\/li>\n<li data-sourcepos=\"7:1-8:0\">\n<p data-sourcepos=\"7:3-7:113\"><strong>\u00c9vitement des obstacles :<\/strong> Il dispose d&#039;une d\u00e9tection d&#039;obstacles omnidirectionnelle qui vous aide \u00e0 \u00e9viter les collisions pendant le vol.<\/p>\n<\/li>\n<li data-sourcepos=\"9:1-10:0\">\n<p data-sourcepos=\"9:3-9:168\"><strong>Port\u00e9e de transmission :<\/strong> Le syst\u00e8me de transmission vid\u00e9o DJI O4 offre une port\u00e9e allant jusqu&#039;\u00e0 20 km, assurant une connexion fiable entre le drone et la t\u00e9l\u00e9commande.<\/p>\n<\/li>\n<\/ul>\n<p data-sourcepos=\"11:1-11:28\"><strong>Avantage combin\u00e9 Fly More<\/strong><\/p>\n<p data-sourcepos=\"13:1-13:157\">Le Fly More Combo ajoute sp\u00e9cifiquement plus de batteries et d&#039;accessoires au pack de base DJI Air 3, prolongeant ainsi votre temps de vol et offrant plus de commodit\u00e9.<\/p>\n<p data-sourcepos=\"15:1-15:88\">Bien que le contenu exact du combo puisse varier selon les d\u00e9taillants, il comprend g\u00e9n\u00e9ralement\u00a0:<\/p>\n<ul data-sourcepos=\"17:1-20:0\">\n<li data-sourcepos=\"17:1-17:43\">Batteries suppl\u00e9mentaires pour une dur\u00e9e de vol prolong\u00e9e<\/li>\n<li data-sourcepos=\"18:1-18:18\">H\u00e9lices suppl\u00e9mentaires<\/li>\n<li data-sourcepos=\"19:1-20:0\">Un sac de transport<\/li>\n<\/ul>\n<p data-sourcepos=\"21:1-21:21\"><strong>T\u00e9l\u00e9commande<\/strong><\/p>\n<p data-sourcepos=\"23:1-23:328\">La DJI RC-N2 est la radiocommande standard incluse dans ce pack. Elle n\u00e9cessite un smartphone ou une tablette pour servir d&#039;\u00e9cran, que vous devrez connecter \u00e0 la radiocommande. Un pack DJI Air 3 Fly More est disponible avec la radiocommande DJI RC 2, avec \u00e9cran int\u00e9gr\u00e9 et sans appareil suppl\u00e9mentaire.<\/p>","protected":false},"excerpt":{"rendered":"<p>Le DJI Air 3 Fly More Combo (DJI RC-N2) est un pack de drone qui comprend le drone DJI Air 3 et la t\u00e9l\u00e9commande DJI RC-N2.<\/p>","protected":false},"featured_media":17387,"comment_status":"open","ping_status":"closed","template":"","meta":[],"product_brand":[],"product_cat":[752,775,37,29,776],"product_tag":[754,753,42,773,774],"class_list":{"0":"post-17592","1":"product","2":"type-product","3":"status-publish","4":"has-post-thumbnail","6":"product_cat-aerial-photography","7":"product_cat-air-3","8":"product_cat-dji","9":"product_cat-drones","10":"product_cat-drones-air3","11":"product_tag-aerial-photography","12":"product_tag-air-3","13":"product_tag-dji","14":"product_tag-dji-rc-n2","15":"product_tag-fly-more-combo","17":"first","18":"instock","19":"taxable","20":"shipping-taxable","21":"purchasable","22":"product-type-simple"},"yoast_head":"<!-- This site is optimized with the Yoast SEO plugin v27.1.1 - https:\/\/yoast.com\/product\/yoast-seo-wordpress\/ -->\n<title>DJI Air 3 Fly More Combo (DJI RC-N2) - Ghostysky<\/title>\n<meta name=\"description\" content=\"The DJI Air 3 Fly More Combo (DJI RC-N2) is a drone bundle that includes the DJI Air 3 drone and the DJI RC-N2 remote controller.\" \/>\n<meta name=\"robots\" content=\"index, follow, max-snippet:-1, max-image-preview:large, max-video-preview:-1\" \/>\n<link rel=\"canonical\" href=\"https:\/\/www.ghostysky.com\/fr\/product\/dji-air-3-fly-more-combo-dji-rc-n2\/\" \/>\n<meta property=\"og:locale\" content=\"fr_FR\" \/>\n<meta property=\"og:type\" content=\"article\" \/>\n<meta property=\"og:title\" content=\"DJI Air 3 Fly More Combo (DJI RC-N2) - Ghostysky\" \/>\n<meta property=\"og:description\" content=\"The DJI Air 3 Fly More Combo (DJI RC-N2) is a drone bundle that includes the DJI Air 3 drone and the DJI RC-N2 remote controller.\" \/>\n<meta property=\"og:url\" content=\"https:\/\/www.ghostysky.com\/fr\/product\/dji-air-3-fly-more-combo-dji-rc-n2\/\" \/>\n<meta property=\"og:site_name\" content=\"Ghostysky\" \/>\n<meta property=\"article:publisher\" content=\"https:\/\/www.facebook.com\/people\/Ghostysky\/100057676170234\/\" \/>\n<meta property=\"article:modified_time\" content=\"2026-01-15T06:50:59+00:00\" \/>\n<meta property=\"og:image\" content=\"https:\/\/www.ghostysky.com\/wp-content\/uploads\/2024\/03\/GH_DJI_Air3_1.jpg\" \/>\n\t<meta property=\"og:image:width\" content=\"500\" \/>\n\t<meta property=\"og:image:height\" content=\"500\" \/>\n\t<meta property=\"og:image:type\" content=\"image\/jpeg\" \/>\n<meta name=\"twitter:card\" content=\"summary_large_image\" \/>\n<meta name=\"twitter:site\" content=\"@Gh0stysky\" \/>\n<meta name=\"twitter:label1\" content=\"Dur\u00e9e de lecture estim\u00e9e\" \/>\n\t<meta name=\"twitter:data1\" content=\"2 minutes\" \/>\n<script type=\"application\/ld+json\" class=\"yoast-schema-graph\">{\"@context\":\"https:\/\/schema.org\",\"@graph\":[{\"@type\":\"WebPage\",\"@id\":\"https:\/\/www.ghostysky.com\/product\/dji-air-3-fly-more-combo-dji-rc-n2\/\",\"url\":\"https:\/\/www.ghostysky.com\/product\/dji-air-3-fly-more-combo-dji-rc-n2\/\",\"name\":\"DJI Air 3 Fly More Combo (DJI RC-N2) - Ghostysky\",\"isPartOf\":{\"@id\":\"https:\/\/www.ghostysky.com\/#website\"},\"primaryImageOfPage\":{\"@id\":\"https:\/\/www.ghostysky.com\/product\/dji-air-3-fly-more-combo-dji-rc-n2\/#primaryimage\"},\"image\":{\"@id\":\"https:\/\/www.ghostysky.com\/product\/dji-air-3-fly-more-combo-dji-rc-n2\/#primaryimage\"},\"thumbnailUrl\":\"https:\/\/www.ghostysky.com\/wp-content\/uploads\/2024\/03\/GH_DJI_Air3_1.jpg\",\"datePublished\":\"2024-03-17T07:26:54+00:00\",\"dateModified\":\"2026-01-15T06:50:59+00:00\",\"description\":\"The DJI Air 3 Fly More Combo (DJI RC-N2) is a drone bundle that includes the DJI Air 3 drone and the DJI RC-N2 remote controller.\",\"breadcrumb\":{\"@id\":\"https:\/\/www.ghostysky.com\/product\/dji-air-3-fly-more-combo-dji-rc-n2\/#breadcrumb\"},\"inLanguage\":\"fr-FR\",\"potentialAction\":[{\"@type\":\"ReadAction\",\"target\":[\"https:\/\/www.ghostysky.com\/product\/dji-air-3-fly-more-combo-dji-rc-n2\/\"]}]},{\"@type\":\"ImageObject\",\"inLanguage\":\"fr-FR\",\"@id\":\"https:\/\/www.ghostysky.com\/product\/dji-air-3-fly-more-combo-dji-rc-n2\/#primaryimage\",\"url\":\"https:\/\/www.ghostysky.com\/wp-content\/uploads\/2024\/03\/GH_DJI_Air3_1.jpg\",\"contentUrl\":\"https:\/\/www.ghostysky.com\/wp-content\/uploads\/2024\/03\/GH_DJI_Air3_1.jpg\",\"width\":500,\"height\":500},{\"@type\":\"BreadcrumbList\",\"@id\":\"https:\/\/www.ghostysky.com\/product\/dji-air-3-fly-more-combo-dji-rc-n2\/#breadcrumb\",\"itemListElement\":[{\"@type\":\"ListItem\",\"position\":1,\"name\":\"Home\",\"item\":\"https:\/\/www.ghostysky.com\/\"},{\"@type\":\"ListItem\",\"position\":2,\"name\":\"Shop\",\"item\":\"https:\/\/www.ghostysky.com\/shop\/\"},{\"@type\":\"ListItem\",\"position\":3,\"name\":\"DJI Air 3 Fly More Combo (DJI RC-N2)\"}]},{\"@type\":\"WebSite\",\"@id\":\"https:\/\/www.ghostysky.com\/#website\",\"url\":\"https:\/\/www.ghostysky.com\/\",\"name\":\"Ghostysky\",\"description\":\"Delivering professional drones and services\",\"publisher\":{\"@id\":\"https:\/\/www.ghostysky.com\/#organization\"},\"potentialAction\":[{\"@type\":\"SearchAction\",\"target\":{\"@type\":\"EntryPoint\",\"urlTemplate\":\"https:\/\/www.ghostysky.com\/?s={search_term_string}\"},\"query-input\":{\"@type\":\"PropertyValueSpecification\",\"valueRequired\":true,\"valueName\":\"search_term_string\"}}],\"inLanguage\":\"fr-FR\"},{\"@type\":\"Organization\",\"@id\":\"https:\/\/www.ghostysky.com\/#organization\",\"name\":\"Ghostysky\",\"url\":\"https:\/\/www.ghostysky.com\/\",\"logo\":{\"@type\":\"ImageObject\",\"inLanguage\":\"fr-FR\",\"@id\":\"https:\/\/www.ghostysky.com\/#\/schema\/logo\/image\/\",\"url\":\"https:\/\/www.ghostysky.com\/wp-content\/uploads\/2020\/06\/cropped-ghostyskylogo_text_white2.png\",\"contentUrl\":\"https:\/\/www.ghostysky.com\/wp-content\/uploads\/2020\/06\/cropped-ghostyskylogo_text_white2.png\",\"width\":169,\"height\":56,\"caption\":\"Ghostysky\"},\"image\":{\"@id\":\"https:\/\/www.ghostysky.com\/#\/schema\/logo\/image\/\"},\"sameAs\":[\"https:\/\/www.facebook.com\/people\/Ghostysky\/100057676170234\/\",\"https:\/\/x.com\/Gh0stysky\",\"https:\/\/www.linkedin.com\/company\/34739653\",\"https:\/\/www.instagram.com\/gh0stysky\"]}]}<\/script>\n<!-- \/ Yoast SEO plugin. -->","yoast_head_json":{"title":"Pack Fly More pour DJI Air 3 (DJI RC-N2) - Ghostysky","description":"Le DJI Air 3 Fly More Combo (DJI RC-N2) est un pack de drone qui comprend le drone DJI Air 3 et la t\u00e9l\u00e9commande DJI RC-N2.","robots":{"index":"index","follow":"follow","max-snippet":"max-snippet:-1","max-image-preview":"max-image-preview:large","max-video-preview":"max-video-preview:-1"},"canonical":"https:\/\/www.ghostysky.com\/fr\/product\/dji-air-3-fly-more-combo-dji-rc-n2\/","og_locale":"fr_FR","og_type":"article","og_title":"DJI Air 3 Fly More Combo (DJI RC-N2) - Ghostysky","og_description":"The DJI Air 3 Fly More Combo (DJI RC-N2) is a drone bundle that includes the DJI Air 3 drone and the DJI RC-N2 remote controller.","og_url":"https:\/\/www.ghostysky.com\/fr\/product\/dji-air-3-fly-more-combo-dji-rc-n2\/","og_site_name":"Ghostysky","article_publisher":"https:\/\/www.facebook.com\/people\/Ghostysky\/100057676170234\/","article_modified_time":"2026-01-15T06:50:59+00:00","og_image":[{"width":500,"height":500,"url":"https:\/\/www.ghostysky.com\/wp-content\/uploads\/2024\/03\/GH_DJI_Air3_1.jpg","type":"image\/jpeg"}],"twitter_card":"summary_large_image","twitter_site":"@Gh0stysky","twitter_misc":{"Dur\u00e9e de lecture estim\u00e9e":"2 minutes"},"schema":{"@context":"https:\/\/schema.org","@graph":[{"@type":"WebPage","@id":"https:\/\/www.ghostysky.com\/product\/dji-air-3-fly-more-combo-dji-rc-n2\/","url":"https:\/\/www.ghostysky.com\/product\/dji-air-3-fly-more-combo-dji-rc-n2\/","name":"Pack Fly More pour DJI Air 3 (DJI RC-N2) - Ghostysky","isPartOf":{"@id":"https:\/\/www.ghostysky.com\/#website"},"primaryImageOfPage":{"@id":"https:\/\/www.ghostysky.com\/product\/dji-air-3-fly-more-combo-dji-rc-n2\/#primaryimage"},"image":{"@id":"https:\/\/www.ghostysky.com\/product\/dji-air-3-fly-more-combo-dji-rc-n2\/#primaryimage"},"thumbnailUrl":"https:\/\/www.ghostysky.com\/wp-content\/uploads\/2024\/03\/GH_DJI_Air3_1.jpg","datePublished":"2024-03-17T07:26:54+00:00","dateModified":"2026-01-15T06:50:59+00:00","description":"Le DJI Air 3 Fly More Combo (DJI RC-N2) est un pack de drone qui comprend le drone DJI Air 3 et la t\u00e9l\u00e9commande DJI RC-N2.","breadcrumb":{"@id":"https:\/\/www.ghostysky.com\/product\/dji-air-3-fly-more-combo-dji-rc-n2\/#breadcrumb"},"inLanguage":"fr-FR","potentialAction":[{"@type":"ReadAction","target":["https:\/\/www.ghostysky.com\/product\/dji-air-3-fly-more-combo-dji-rc-n2\/"]}]},{"@type":"ImageObject","inLanguage":"fr-FR","@id":"https:\/\/www.ghostysky.com\/product\/dji-air-3-fly-more-combo-dji-rc-n2\/#primaryimage","url":"https:\/\/www.ghostysky.com\/wp-content\/uploads\/2024\/03\/GH_DJI_Air3_1.jpg","contentUrl":"https:\/\/www.ghostysky.com\/wp-content\/uploads\/2024\/03\/GH_DJI_Air3_1.jpg","width":500,"height":500},{"@type":"BreadcrumbList","@id":"https:\/\/www.ghostysky.com\/product\/dji-air-3-fly-more-combo-dji-rc-n2\/#breadcrumb","itemListElement":[{"@type":"ListItem","position":1,"name":"Home","item":"https:\/\/www.ghostysky.com\/"},{"@type":"ListItem","position":2,"name":"Shop","item":"https:\/\/www.ghostysky.com\/shop\/"},{"@type":"ListItem","position":3,"name":"DJI Air 3 Fly More Combo (DJI RC-N2)"}]},{"@type":"WebSite","@id":"https:\/\/www.ghostysky.com\/#website","url":"https:\/\/www.ghostysky.com\/","name":"Ghostysky","description":"Livraison de drones et de services professionnels","publisher":{"@id":"https:\/\/www.ghostysky.com\/#organization"},"potentialAction":[{"@type":"SearchAction","target":{"@type":"EntryPoint","urlTemplate":"https:\/\/www.ghostysky.com\/?s={search_term_string}"},"query-input":{"@type":"PropertyValueSpecification","valueRequired":true,"valueName":"search_term_string"}}],"inLanguage":"fr-FR"},{"@type":"Organization","@id":"https:\/\/www.ghostysky.com\/#organization","name":"Ghostysky","url":"https:\/\/www.ghostysky.com\/","logo":{"@type":"ImageObject","inLanguage":"fr-FR","@id":"https:\/\/www.ghostysky.com\/#\/schema\/logo\/image\/","url":"https:\/\/www.ghostysky.com\/wp-content\/uploads\/2020\/06\/cropped-ghostyskylogo_text_white2.png","contentUrl":"https:\/\/www.ghostysky.com\/wp-content\/uploads\/2020\/06\/cropped-ghostyskylogo_text_white2.png","width":169,"height":56,"caption":"Ghostysky"},"image":{"@id":"https:\/\/www.ghostysky.com\/#\/schema\/logo\/image\/"},"sameAs":["https:\/\/www.facebook.com\/people\/Ghostysky\/100057676170234\/","https:\/\/x.com\/Gh0stysky","https:\/\/www.linkedin.com\/company\/34739653","https:\/\/www.instagram.com\/gh0stysky"]}]}},"_links":{"self":[{"href":"https:\/\/www.ghostysky.com\/fr\/wp-json\/wp\/v2\/product\/17592","targetHints":{"allow":["GET"]}}],"collection":[{"href":"https:\/\/www.ghostysky.com\/fr\/wp-json\/wp\/v2\/product"}],"about":[{"href":"https:\/\/www.ghostysky.com\/fr\/wp-json\/wp\/v2\/types\/product"}],"replies":[{"embeddable":true,"href":"https:\/\/www.ghostysky.com\/fr\/wp-json\/wp\/v2\/comments?post=17592"}],"wp:featuredmedia":[{"embeddable":true,"href":"https:\/\/www.ghostysky.com\/fr\/wp-json\/wp\/v2\/media\/17387"}],"wp:attachment":[{"href":"https:\/\/www.ghostysky.com\/fr\/wp-json\/wp\/v2\/media?parent=17592"}],"wp:term":[{"taxonomy":"product_brand","embeddable":true,"href":"https:\/\/www.ghostysky.com\/fr\/wp-json\/wp\/v2\/product_brand?post=17592"},{"taxonomy":"product_cat","embeddable":true,"href":"https:\/\/www.ghostysky.com\/fr\/wp-json\/wp\/v2\/product_cat?post=17592"},{"taxonomy":"product_tag","embeddable":true,"href":"https:\/\/www.ghostysky.com\/fr\/wp-json\/wp\/v2\/product_tag?post=17592"}],"curies":[{"name":"wp","href":"https:\/\/api.w.org\/{rel}","templated":true}]}}