{"id":17628,"date":"2024-03-17T08:09:40","date_gmt":"2024-03-17T08:09:40","guid":{"rendered":"https:\/\/www.ghostysky.com\/?post_type=product&#038;p=17628"},"modified":"2026-01-15T06:54:30","modified_gmt":"2026-01-15T06:54:30","slug":"dji-mavic-3-pro-fly-more-combo-dji-rc","status":"publish","type":"product","link":"https:\/\/www.ghostysky.com\/fr\/product\/dji-mavic-3-pro-fly-more-combo-dji-rc\/","title":{"rendered":"Combo Fly More pour DJI Mavic 3 Pro (DJI RC)"},"content":{"rendered":"<p>Le DJI Mavic 3 Pro est un drone puissant \u00e9quip\u00e9 d&#039;une cam\u00e9ra Hasselblad L2D-20c capable de capturer de superbes vid\u00e9os 5,1K et des photos 20 Mpx. Il est \u00e9galement \u00e9quip\u00e9 d&#039;un capteur CMOS 4\/3 et d&#039;un objectif \u00e0 ouverture variable de f\/2,8 \u00e0 f\/11. Le drone peut voler jusqu&#039;\u00e0 46 minutes avec une seule batterie et dispose d&#039;une autonomie allant jusqu&#039;\u00e0 15 km.<\/p>\n<p data-sourcepos=\"6:1-6:306\">La t\u00e9l\u00e9commande DJI est une nouvelle manette con\u00e7ue pour la s\u00e9rie DJI Mavic 3. Elle est \u00e9quip\u00e9e d&#039;un \u00e9cran 1080p de 5,5 pouces int\u00e9gr\u00e9, vous permettant de visualiser le drone sans avoir \u00e0 connecter votre smartphone. Elle dispose \u00e9galement de nombreux boutons et molettes pour un contr\u00f4le facile du drone.<\/p>\n<p data-sourcepos=\"8:1-8:326\">Les deux batteries de vol intelligentes suppl\u00e9mentaires incluses dans le Fly More Combo vous offrent un total de trois batteries, vous permettant de voler jusqu&#039;\u00e0 2 heures et 18 minutes sans recharge. La station de charge (100 W) peut charger les trois batteries simultan\u00e9ment, pour que vous soyez toujours pr\u00eat \u00e0 voler.<\/p>\n<p data-sourcepos=\"10:1-10:227\">Les filtres ND du Fly More Combo r\u00e9duisent la quantit\u00e9 de lumi\u00e8re p\u00e9n\u00e9trant dans le capteur de l&#039;appareil photo. Ils sont utiles pour prendre des photos et des vid\u00e9os dans des conditions de forte luminosit\u00e9, car ils permettent d&#039;\u00e9viter la surexposition.<\/p>\n<p data-sourcepos=\"12:1-12:341\">Globalement, le DJI Mavic 3 Pro Fly More Combo (DJI RC) est une excellente option pour les photographes et vid\u00e9astes professionnels \u00e0 la recherche d&#039;un drone de haute qualit\u00e9 capable de capturer des images a\u00e9riennes \u00e9poustouflantes. Le Fly More Combo comprend tout le n\u00e9cessaire pour d\u00e9buter\u00a0: le drone, la t\u00e9l\u00e9commande, des batteries suppl\u00e9mentaires, un chargeur et des filtres ND.<\/p>\n<p data-sourcepos=\"14:1-14:81\">Voici quelques-unes des principales caract\u00e9ristiques du DJI Mavic 3 Pro Fly More Combo (DJI RC)\u00a0:<\/p>\n<ul data-sourcepos=\"16:1-23:27\">\n<li data-sourcepos=\"16:1-16:79\">Appareil photo Hasselblad L2D-20c avec un capteur CMOS 4\/3 et un objectif \u00e0 ouverture variable<\/li>\n<li data-sourcepos=\"17:1-17:49\">Peut capturer de superbes vid\u00e9os 5,1K et des photos 20MP<\/li>\n<li data-sourcepos=\"18:1-18:50\">Peut voler jusqu&#039;\u00e0 46 minutes avec une seule batterie<\/li>\n<li data-sourcepos=\"19:1-19:40\">A une port\u00e9e allant jusqu&#039;\u00e0 9,3 miles (15 km)<\/li>\n<li data-sourcepos=\"20:1-20:58\">Contr\u00f4leur DJI RC avec \u00e9cran 1080p de 5,5 pouces int\u00e9gr\u00e9<\/li>\n<li data-sourcepos=\"21:1-21:45\">Deux batteries de vol intelligentes suppl\u00e9mentaires<\/li>\n<li data-sourcepos=\"22:1-22:29\">Station de charge de batterie (100 W)<\/li>\n<li data-sourcepos=\"23:1-23:27\">Filtres ND (ND8\/16\/32\/64)<\/li>\n<\/ul>","protected":false},"excerpt":{"rendered":"<p>Le DJI Mavic 3 Pro Fly More Combo (DJI RC) est un drone haut de gamme qui comprend le drone DJI Mavic 3 Pro, le contr\u00f4leur DJI RC, deux batteries de vol intelligentes suppl\u00e9mentaires, un hub de chargement de batterie (100 W) et un ensemble de filtres ND (ND8\/16\/32\/64).<\/p>","protected":false},"featured_media":17409,"comment_status":"open","ping_status":"closed","template":"","meta":[],"product_brand":[],"product_cat":[752,37,29,786,784],"product_tag":[42,783,774,787],"class_list":{"0":"post-17628","1":"product","2":"type-product","3":"status-publish","4":"has-post-thumbnail","6":"product_cat-aerial-photography","7":"product_cat-dji","8":"product_cat-drones","9":"product_cat-drones-mavic-3-pro","10":"product_cat-mavic-3-pro","11":"product_tag-dji","12":"product_tag-dji-rc","13":"product_tag-fly-more-combo","14":"product_tag-mavic-3-pro","16":"first","17":"outofstock","18":"taxable","19":"shipping-taxable","20":"purchasable","21":"product-type-simple"},"yoast_head":"<!-- This site is optimized with the Yoast SEO plugin v27.1.1 - https:\/\/yoast.com\/product\/yoast-seo-wordpress\/ -->\n<title>DJI Mavic 3 Pro Fly More Combo (DJI RC) - Ghostysky<\/title>\n<meta name=\"description\" content=\"The DJI Mavic 3 Pro Fly More Combo (DJI RC) is a high-end drone that includes the DJI Mavic 3 Pro drone, the DJI RC controller, two additional Intelligent Flight Batteries, a Battery Charging Hub (100W), and a set of ND filters (ND8\/16\/32\/64).\" \/>\n<meta name=\"robots\" content=\"index, follow, max-snippet:-1, max-image-preview:large, max-video-preview:-1\" \/>\n<link rel=\"canonical\" href=\"https:\/\/www.ghostysky.com\/fr\/product\/dji-mavic-3-pro-fly-more-combo-dji-rc\/\" \/>\n<meta property=\"og:locale\" content=\"fr_FR\" \/>\n<meta property=\"og:type\" content=\"article\" \/>\n<meta property=\"og:title\" content=\"DJI Mavic 3 Pro Fly More Combo (DJI RC) - Ghostysky\" \/>\n<meta property=\"og:description\" content=\"The DJI Mavic 3 Pro Fly More Combo (DJI RC) is a high-end drone that includes the DJI Mavic 3 Pro drone, the DJI RC controller, two additional Intelligent Flight Batteries, a Battery Charging Hub (100W), and a set of ND filters (ND8\/16\/32\/64).\" \/>\n<meta property=\"og:url\" content=\"https:\/\/www.ghostysky.com\/fr\/product\/dji-mavic-3-pro-fly-more-combo-dji-rc\/\" \/>\n<meta property=\"og:site_name\" content=\"Ghostysky\" \/>\n<meta property=\"article:publisher\" content=\"https:\/\/www.facebook.com\/people\/Ghostysky\/100057676170234\/\" \/>\n<meta property=\"article:modified_time\" content=\"2026-01-15T06:54:30+00:00\" \/>\n<meta property=\"og:image\" content=\"https:\/\/www.ghostysky.com\/wp-content\/uploads\/2024\/03\/GH-Mavic3_pro_1.jpg\" \/>\n\t<meta property=\"og:image:width\" content=\"1280\" \/>\n\t<meta property=\"og:image:height\" content=\"1280\" \/>\n\t<meta property=\"og:image:type\" content=\"image\/jpeg\" \/>\n<meta name=\"twitter:card\" content=\"summary_large_image\" \/>\n<meta name=\"twitter:site\" content=\"@Gh0stysky\" \/>\n<meta name=\"twitter:label1\" content=\"Dur\u00e9e de lecture estim\u00e9e\" \/>\n\t<meta name=\"twitter:data1\" content=\"2 minutes\" \/>\n<script type=\"application\/ld+json\" class=\"yoast-schema-graph\">{\"@context\":\"https:\/\/schema.org\",\"@graph\":[{\"@type\":\"WebPage\",\"@id\":\"https:\/\/www.ghostysky.com\/product\/dji-mavic-3-pro-fly-more-combo-dji-rc\/\",\"url\":\"https:\/\/www.ghostysky.com\/product\/dji-mavic-3-pro-fly-more-combo-dji-rc\/\",\"name\":\"DJI Mavic 3 Pro Fly More Combo (DJI RC) - Ghostysky\",\"isPartOf\":{\"@id\":\"https:\/\/www.ghostysky.com\/#website\"},\"primaryImageOfPage\":{\"@id\":\"https:\/\/www.ghostysky.com\/product\/dji-mavic-3-pro-fly-more-combo-dji-rc\/#primaryimage\"},\"image\":{\"@id\":\"https:\/\/www.ghostysky.com\/product\/dji-mavic-3-pro-fly-more-combo-dji-rc\/#primaryimage\"},\"thumbnailUrl\":\"https:\/\/www.ghostysky.com\/wp-content\/uploads\/2024\/03\/GH-Mavic3_pro_1.jpg\",\"datePublished\":\"2024-03-17T08:09:40+00:00\",\"dateModified\":\"2026-01-15T06:54:30+00:00\",\"description\":\"The DJI Mavic 3 Pro Fly More Combo (DJI RC) is a high-end drone that includes the DJI Mavic 3 Pro drone, the DJI RC controller, two additional Intelligent Flight Batteries, a Battery Charging Hub (100W), and a set of ND filters (ND8\/16\/32\/64).\",\"breadcrumb\":{\"@id\":\"https:\/\/www.ghostysky.com\/product\/dji-mavic-3-pro-fly-more-combo-dji-rc\/#breadcrumb\"},\"inLanguage\":\"fr-FR\",\"potentialAction\":[{\"@type\":\"ReadAction\",\"target\":[\"https:\/\/www.ghostysky.com\/product\/dji-mavic-3-pro-fly-more-combo-dji-rc\/\"]}]},{\"@type\":\"ImageObject\",\"inLanguage\":\"fr-FR\",\"@id\":\"https:\/\/www.ghostysky.com\/product\/dji-mavic-3-pro-fly-more-combo-dji-rc\/#primaryimage\",\"url\":\"https:\/\/www.ghostysky.com\/wp-content\/uploads\/2024\/03\/GH-Mavic3_pro_1.jpg\",\"contentUrl\":\"https:\/\/www.ghostysky.com\/wp-content\/uploads\/2024\/03\/GH-Mavic3_pro_1.jpg\",\"width\":1280,\"height\":1280},{\"@type\":\"BreadcrumbList\",\"@id\":\"https:\/\/www.ghostysky.com\/product\/dji-mavic-3-pro-fly-more-combo-dji-rc\/#breadcrumb\",\"itemListElement\":[{\"@type\":\"ListItem\",\"position\":1,\"name\":\"Home\",\"item\":\"https:\/\/www.ghostysky.com\/\"},{\"@type\":\"ListItem\",\"position\":2,\"name\":\"Shop\",\"item\":\"https:\/\/www.ghostysky.com\/shop\/\"},{\"@type\":\"ListItem\",\"position\":3,\"name\":\"DJI Mavic 3 Pro Fly More Combo (DJI RC)\"}]},{\"@type\":\"WebSite\",\"@id\":\"https:\/\/www.ghostysky.com\/#website\",\"url\":\"https:\/\/www.ghostysky.com\/\",\"name\":\"Ghostysky\",\"description\":\"Delivering professional drones and services\",\"publisher\":{\"@id\":\"https:\/\/www.ghostysky.com\/#organization\"},\"potentialAction\":[{\"@type\":\"SearchAction\",\"target\":{\"@type\":\"EntryPoint\",\"urlTemplate\":\"https:\/\/www.ghostysky.com\/?s={search_term_string}\"},\"query-input\":{\"@type\":\"PropertyValueSpecification\",\"valueRequired\":true,\"valueName\":\"search_term_string\"}}],\"inLanguage\":\"fr-FR\"},{\"@type\":\"Organization\",\"@id\":\"https:\/\/www.ghostysky.com\/#organization\",\"name\":\"Ghostysky\",\"url\":\"https:\/\/www.ghostysky.com\/\",\"logo\":{\"@type\":\"ImageObject\",\"inLanguage\":\"fr-FR\",\"@id\":\"https:\/\/www.ghostysky.com\/#\/schema\/logo\/image\/\",\"url\":\"https:\/\/www.ghostysky.com\/wp-content\/uploads\/2020\/06\/cropped-ghostyskylogo_text_white2.png\",\"contentUrl\":\"https:\/\/www.ghostysky.com\/wp-content\/uploads\/2020\/06\/cropped-ghostyskylogo_text_white2.png\",\"width\":169,\"height\":56,\"caption\":\"Ghostysky\"},\"image\":{\"@id\":\"https:\/\/www.ghostysky.com\/#\/schema\/logo\/image\/\"},\"sameAs\":[\"https:\/\/www.facebook.com\/people\/Ghostysky\/100057676170234\/\",\"https:\/\/x.com\/Gh0stysky\",\"https:\/\/www.linkedin.com\/company\/34739653\",\"https:\/\/www.instagram.com\/gh0stysky\"]}]}<\/script>\n<!-- \/ Yoast SEO plugin. -->","yoast_head_json":{"title":"DJI Mavic 3 Pro Fly More Combo (DJI RC) - Ghostysky","description":"Le DJI Mavic 3 Pro Fly More Combo (DJI RC) est un drone haut de gamme qui comprend le drone DJI Mavic 3 Pro, le contr\u00f4leur DJI RC, deux batteries de vol intelligentes suppl\u00e9mentaires, un hub de chargement de batterie (100 W) et un ensemble de filtres ND (ND8\/16\/32\/64).","robots":{"index":"index","follow":"follow","max-snippet":"max-snippet:-1","max-image-preview":"max-image-preview:large","max-video-preview":"max-video-preview:-1"},"canonical":"https:\/\/www.ghostysky.com\/fr\/product\/dji-mavic-3-pro-fly-more-combo-dji-rc\/","og_locale":"fr_FR","og_type":"article","og_title":"DJI Mavic 3 Pro Fly More Combo (DJI RC) - Ghostysky","og_description":"The DJI Mavic 3 Pro Fly More Combo (DJI RC) is a high-end drone that includes the DJI Mavic 3 Pro drone, the DJI RC controller, two additional Intelligent Flight Batteries, a Battery Charging Hub (100W), and a set of ND filters (ND8\/16\/32\/64).","og_url":"https:\/\/www.ghostysky.com\/fr\/product\/dji-mavic-3-pro-fly-more-combo-dji-rc\/","og_site_name":"Ghostysky","article_publisher":"https:\/\/www.facebook.com\/people\/Ghostysky\/100057676170234\/","article_modified_time":"2026-01-15T06:54:30+00:00","og_image":[{"width":1280,"height":1280,"url":"https:\/\/www.ghostysky.com\/wp-content\/uploads\/2024\/03\/GH-Mavic3_pro_1.jpg","type":"image\/jpeg"}],"twitter_card":"summary_large_image","twitter_site":"@Gh0stysky","twitter_misc":{"Dur\u00e9e de lecture estim\u00e9e":"2 minutes"},"schema":{"@context":"https:\/\/schema.org","@graph":[{"@type":"WebPage","@id":"https:\/\/www.ghostysky.com\/product\/dji-mavic-3-pro-fly-more-combo-dji-rc\/","url":"https:\/\/www.ghostysky.com\/product\/dji-mavic-3-pro-fly-more-combo-dji-rc\/","name":"DJI Mavic 3 Pro Fly More Combo (DJI RC) - Ghostysky","isPartOf":{"@id":"https:\/\/www.ghostysky.com\/#website"},"primaryImageOfPage":{"@id":"https:\/\/www.ghostysky.com\/product\/dji-mavic-3-pro-fly-more-combo-dji-rc\/#primaryimage"},"image":{"@id":"https:\/\/www.ghostysky.com\/product\/dji-mavic-3-pro-fly-more-combo-dji-rc\/#primaryimage"},"thumbnailUrl":"https:\/\/www.ghostysky.com\/wp-content\/uploads\/2024\/03\/GH-Mavic3_pro_1.jpg","datePublished":"2024-03-17T08:09:40+00:00","dateModified":"2026-01-15T06:54:30+00:00","description":"Le DJI Mavic 3 Pro Fly More Combo (DJI RC) est un drone haut de gamme qui comprend le drone DJI Mavic 3 Pro, le contr\u00f4leur DJI RC, deux batteries de vol intelligentes suppl\u00e9mentaires, un hub de chargement de batterie (100 W) et un ensemble de filtres ND (ND8\/16\/32\/64).","breadcrumb":{"@id":"https:\/\/www.ghostysky.com\/product\/dji-mavic-3-pro-fly-more-combo-dji-rc\/#breadcrumb"},"inLanguage":"fr-FR","potentialAction":[{"@type":"ReadAction","target":["https:\/\/www.ghostysky.com\/product\/dji-mavic-3-pro-fly-more-combo-dji-rc\/"]}]},{"@type":"ImageObject","inLanguage":"fr-FR","@id":"https:\/\/www.ghostysky.com\/product\/dji-mavic-3-pro-fly-more-combo-dji-rc\/#primaryimage","url":"https:\/\/www.ghostysky.com\/wp-content\/uploads\/2024\/03\/GH-Mavic3_pro_1.jpg","contentUrl":"https:\/\/www.ghostysky.com\/wp-content\/uploads\/2024\/03\/GH-Mavic3_pro_1.jpg","width":1280,"height":1280},{"@type":"BreadcrumbList","@id":"https:\/\/www.ghostysky.com\/product\/dji-mavic-3-pro-fly-more-combo-dji-rc\/#breadcrumb","itemListElement":[{"@type":"ListItem","position":1,"name":"Home","item":"https:\/\/www.ghostysky.com\/"},{"@type":"ListItem","position":2,"name":"Shop","item":"https:\/\/www.ghostysky.com\/shop\/"},{"@type":"ListItem","position":3,"name":"DJI Mavic 3 Pro Fly More Combo (DJI RC)"}]},{"@type":"WebSite","@id":"https:\/\/www.ghostysky.com\/#website","url":"https:\/\/www.ghostysky.com\/","name":"Ghostysky","description":"Livraison de drones et de services professionnels","publisher":{"@id":"https:\/\/www.ghostysky.com\/#organization"},"potentialAction":[{"@type":"SearchAction","target":{"@type":"EntryPoint","urlTemplate":"https:\/\/www.ghostysky.com\/?s={search_term_string}"},"query-input":{"@type":"PropertyValueSpecification","valueRequired":true,"valueName":"search_term_string"}}],"inLanguage":"fr-FR"},{"@type":"Organization","@id":"https:\/\/www.ghostysky.com\/#organization","name":"Ghostysky","url":"https:\/\/www.ghostysky.com\/","logo":{"@type":"ImageObject","inLanguage":"fr-FR","@id":"https:\/\/www.ghostysky.com\/#\/schema\/logo\/image\/","url":"https:\/\/www.ghostysky.com\/wp-content\/uploads\/2020\/06\/cropped-ghostyskylogo_text_white2.png","contentUrl":"https:\/\/www.ghostysky.com\/wp-content\/uploads\/2020\/06\/cropped-ghostyskylogo_text_white2.png","width":169,"height":56,"caption":"Ghostysky"},"image":{"@id":"https:\/\/www.ghostysky.com\/#\/schema\/logo\/image\/"},"sameAs":["https:\/\/www.facebook.com\/people\/Ghostysky\/100057676170234\/","https:\/\/x.com\/Gh0stysky","https:\/\/www.linkedin.com\/company\/34739653","https:\/\/www.instagram.com\/gh0stysky"]}]}},"_links":{"self":[{"href":"https:\/\/www.ghostysky.com\/fr\/wp-json\/wp\/v2\/product\/17628","targetHints":{"allow":["GET"]}}],"collection":[{"href":"https:\/\/www.ghostysky.com\/fr\/wp-json\/wp\/v2\/product"}],"about":[{"href":"https:\/\/www.ghostysky.com\/fr\/wp-json\/wp\/v2\/types\/product"}],"replies":[{"embeddable":true,"href":"https:\/\/www.ghostysky.com\/fr\/wp-json\/wp\/v2\/comments?post=17628"}],"wp:featuredmedia":[{"embeddable":true,"href":"https:\/\/www.ghostysky.com\/fr\/wp-json\/wp\/v2\/media\/17409"}],"wp:attachment":[{"href":"https:\/\/www.ghostysky.com\/fr\/wp-json\/wp\/v2\/media?parent=17628"}],"wp:term":[{"taxonomy":"product_brand","embeddable":true,"href":"https:\/\/www.ghostysky.com\/fr\/wp-json\/wp\/v2\/product_brand?post=17628"},{"taxonomy":"product_cat","embeddable":true,"href":"https:\/\/www.ghostysky.com\/fr\/wp-json\/wp\/v2\/product_cat?post=17628"},{"taxonomy":"product_tag","embeddable":true,"href":"https:\/\/www.ghostysky.com\/fr\/wp-json\/wp\/v2\/product_tag?post=17628"}],"curies":[{"name":"wp","href":"https:\/\/api.w.org\/{rel}","templated":true}]}}