{"id":17631,"date":"2024-03-17T08:15:00","date_gmt":"2024-03-17T08:15:00","guid":{"rendered":"https:\/\/www.ghostysky.com\/?post_type=product&#038;p=17631"},"modified":"2026-01-15T06:52:42","modified_gmt":"2026-01-15T06:52:42","slug":"dji-mavic-3-pro-fly-more-combo-dji-rc-pro","status":"publish","type":"product","link":"https:\/\/www.ghostysky.com\/fr\/product\/dji-mavic-3-pro-fly-more-combo-dji-rc-pro\/","title":{"rendered":"Combo Fly More pour DJI Mavic 3 Pro (DJI RC Pro)"},"content":{"rendered":"<p data-sourcepos=\"3:1-3:11\"><strong>Cam\u00e9ra:<\/strong><\/p>\n<ul data-sourcepos=\"5:1-8:0\">\n<li data-sourcepos=\"5:1-5:81\">Syst\u00e8me de double cam\u00e9ra Hasselblad avec un capteur CMOS 4\/3 pour une qualit\u00e9 d&#039;image \u00e9poustouflante<\/li>\n<li data-sourcepos=\"6:1-6:38\">Photos 20MP et enregistrement vid\u00e9o 5.1K<\/li>\n<li data-sourcepos=\"7:1-8:0\">T\u00e9l\u00e9objectif 70 mm pour capturer des sujets \u00e9loign\u00e9s<\/li>\n<\/ul>\n<p data-sourcepos=\"9:1-9:23\"><strong>Performances de vol :<\/strong><\/p>\n<ul data-sourcepos=\"11:1-14:0\">\n<li data-sourcepos=\"11:1-11:79\">Jusqu&#039;\u00e0 46 minutes de temps de vol avec une seule batterie (selon les conditions)<\/li>\n<li data-sourcepos=\"12:1-12:91\">Syst\u00e8me de transmission OcuSync 3+ pour une port\u00e9e de transmission vid\u00e9o maximale de 15 km (conforme FCC)<\/li>\n<li data-sourcepos=\"13:1-14:0\">Fonctions avanc\u00e9es d&#039;\u00e9vitement d&#039;obstacles pour un vol plus s\u00fbr<\/li>\n<\/ul>\n<p data-sourcepos=\"15:1-15:26\"><strong>Contr\u00f4leur DJI RC Pro :<\/strong><\/p>\n<ul data-sourcepos=\"17:1-20:0\">\n<li data-sourcepos=\"17:1-17:79\">\u00c9cran haute luminosit\u00e9 (1000 nits) pour une visualisation claire m\u00eame en plein soleil<\/li>\n<li data-sourcepos=\"18:1-18:47\">Transmission longue port\u00e9e int\u00e9gr\u00e9e (jusqu&#039;\u00e0 15 km)<\/li>\n<li data-sourcepos=\"19:1-20:0\">Conception ergonomique confortable<\/li>\n<\/ul>\n<p data-sourcepos=\"21:1-21:19\"><strong>Combo Fly More :<\/strong><\/p>\n<p data-sourcepos=\"23:1-23:92\">Le combo comprend des batteries et des accessoires suppl\u00e9mentaires pour une dur\u00e9e de vol prolong\u00e9e et une polyvalence\u00a0:<\/p>\n<ul data-sourcepos=\"25:1-28:0\">\n<li data-sourcepos=\"25:1-25:32\">3 batteries de vol intelligentes<\/li>\n<li data-sourcepos=\"26:1-26:24\">6 h\u00e9lices \u00e0 faible bruit<\/li>\n<li data-sourcepos=\"27:1-28:0\">Filtres ND (ND 8\/16\/32\/64) pour un meilleur contr\u00f4le de la vitesse d&#039;obturation<\/li>\n<\/ul>\n<p data-sourcepos=\"29:1-29:302\">Globalement, le DJI Mavic 3 Pro Fly More Combo (DJI RC Pro) est un drone puissant et polyvalent destin\u00e9 aux photographes, vid\u00e9astes et cr\u00e9ateurs de contenu professionnels. Gr\u00e2ce \u00e0 son syst\u00e8me de cam\u00e9ra de haute qualit\u00e9, son autonomie de vol prolong\u00e9e et ses fonctionnalit\u00e9s avanc\u00e9es, il vous permet de capturer des images et s\u00e9quences a\u00e9riennes \u00e9poustouflantes.<\/p>\n<p data-sourcepos=\"31:1-31:58\">Voici quelques \u00e9l\u00e9ments \u00e0 prendre en compte avant d\u2019acheter ce drone\u00a0:<\/p>\n<ul data-sourcepos=\"33:1-35:96\">\n<li data-sourcepos=\"33:1-33:100\">Prix : Le DJI Mavic 3 Pro Fly More Combo (DJI RC Pro) est un drone haut de gamme et son prix est en cons\u00e9quence.<\/li>\n<li data-sourcepos=\"34:1-34:136\">Complexit\u00e9 : Il poss\u00e8de une vari\u00e9t\u00e9 de caract\u00e9ristiques et de fonctionnalit\u00e9s, il faudra donc un certain temps pour apprendre \u00e0 le piloter et \u00e0 l&#039;utiliser efficacement.<\/li>\n<li data-sourcepos=\"35:1-35:96\">R\u00e9glementation : Assurez-vous de bien conna\u00eetre la r\u00e9glementation sur les drones dans votre r\u00e9gion avant de voler.<\/li>\n<\/ul>","protected":false},"excerpt":{"rendered":"<p>Le DJI Mavic 3 Pro Fly More Combo (DJI RC Pro) est un ensemble de drones haut de gamme con\u00e7u pour un usage professionnel.<\/p>","protected":false},"featured_media":17409,"comment_status":"open","ping_status":"closed","template":"","meta":[],"product_brand":[],"product_cat":[752,37,29,786,784],"product_tag":[42,774,787,788],"class_list":{"0":"post-17631","1":"product","2":"type-product","3":"status-publish","4":"has-post-thumbnail","6":"product_cat-aerial-photography","7":"product_cat-dji","8":"product_cat-drones","9":"product_cat-drones-mavic-3-pro","10":"product_cat-mavic-3-pro","11":"product_tag-dji","12":"product_tag-fly-more-combo","13":"product_tag-mavic-3-pro","14":"product_tag-rc-pro","16":"first","17":"outofstock","18":"taxable","19":"shipping-taxable","20":"purchasable","21":"product-type-simple"},"yoast_head":"<!-- This site is optimized with the Yoast SEO plugin v27.1.1 - https:\/\/yoast.com\/product\/yoast-seo-wordpress\/ -->\n<title>DJI Mavic 3 Pro Fly More Combo (DJI RC Pro) - Ghostysky<\/title>\n<meta name=\"description\" content=\"The DJI Mavic 3 Pro Fly More Combo (DJI RC Pro) is a high-end drone bundle designed for professional use.\" \/>\n<meta name=\"robots\" content=\"index, follow, max-snippet:-1, max-image-preview:large, max-video-preview:-1\" \/>\n<link rel=\"canonical\" href=\"https:\/\/www.ghostysky.com\/fr\/product\/dji-mavic-3-pro-fly-more-combo-dji-rc-pro\/\" \/>\n<meta property=\"og:locale\" content=\"fr_FR\" \/>\n<meta property=\"og:type\" content=\"article\" \/>\n<meta property=\"og:title\" content=\"DJI Mavic 3 Pro Fly More Combo (DJI RC Pro) - Ghostysky\" \/>\n<meta property=\"og:description\" content=\"The DJI Mavic 3 Pro Fly More Combo (DJI RC Pro) is a high-end drone bundle designed for professional use.\" \/>\n<meta property=\"og:url\" content=\"https:\/\/www.ghostysky.com\/fr\/product\/dji-mavic-3-pro-fly-more-combo-dji-rc-pro\/\" \/>\n<meta property=\"og:site_name\" content=\"Ghostysky\" \/>\n<meta property=\"article:publisher\" content=\"https:\/\/www.facebook.com\/people\/Ghostysky\/100057676170234\/\" \/>\n<meta property=\"article:modified_time\" content=\"2026-01-15T06:52:42+00:00\" \/>\n<meta property=\"og:image\" content=\"https:\/\/www.ghostysky.com\/wp-content\/uploads\/2024\/03\/GH-Mavic3_pro_1.jpg\" \/>\n\t<meta property=\"og:image:width\" content=\"1280\" \/>\n\t<meta property=\"og:image:height\" content=\"1280\" \/>\n\t<meta property=\"og:image:type\" content=\"image\/jpeg\" \/>\n<meta name=\"twitter:card\" content=\"summary_large_image\" \/>\n<meta name=\"twitter:site\" content=\"@Gh0stysky\" \/>\n<meta name=\"twitter:label1\" content=\"Dur\u00e9e de lecture estim\u00e9e\" \/>\n\t<meta name=\"twitter:data1\" content=\"2 minutes\" \/>\n<script type=\"application\/ld+json\" class=\"yoast-schema-graph\">{\"@context\":\"https:\/\/schema.org\",\"@graph\":[{\"@type\":\"WebPage\",\"@id\":\"https:\/\/www.ghostysky.com\/product\/dji-mavic-3-pro-fly-more-combo-dji-rc-pro\/\",\"url\":\"https:\/\/www.ghostysky.com\/product\/dji-mavic-3-pro-fly-more-combo-dji-rc-pro\/\",\"name\":\"DJI Mavic 3 Pro Fly More Combo (DJI RC Pro) - Ghostysky\",\"isPartOf\":{\"@id\":\"https:\/\/www.ghostysky.com\/#website\"},\"primaryImageOfPage\":{\"@id\":\"https:\/\/www.ghostysky.com\/product\/dji-mavic-3-pro-fly-more-combo-dji-rc-pro\/#primaryimage\"},\"image\":{\"@id\":\"https:\/\/www.ghostysky.com\/product\/dji-mavic-3-pro-fly-more-combo-dji-rc-pro\/#primaryimage\"},\"thumbnailUrl\":\"https:\/\/www.ghostysky.com\/wp-content\/uploads\/2024\/03\/GH-Mavic3_pro_1.jpg\",\"datePublished\":\"2024-03-17T08:15:00+00:00\",\"dateModified\":\"2026-01-15T06:52:42+00:00\",\"description\":\"The DJI Mavic 3 Pro Fly More Combo (DJI RC Pro) is a high-end drone bundle designed for professional use.\",\"breadcrumb\":{\"@id\":\"https:\/\/www.ghostysky.com\/product\/dji-mavic-3-pro-fly-more-combo-dji-rc-pro\/#breadcrumb\"},\"inLanguage\":\"fr-FR\",\"potentialAction\":[{\"@type\":\"ReadAction\",\"target\":[\"https:\/\/www.ghostysky.com\/product\/dji-mavic-3-pro-fly-more-combo-dji-rc-pro\/\"]}]},{\"@type\":\"ImageObject\",\"inLanguage\":\"fr-FR\",\"@id\":\"https:\/\/www.ghostysky.com\/product\/dji-mavic-3-pro-fly-more-combo-dji-rc-pro\/#primaryimage\",\"url\":\"https:\/\/www.ghostysky.com\/wp-content\/uploads\/2024\/03\/GH-Mavic3_pro_1.jpg\",\"contentUrl\":\"https:\/\/www.ghostysky.com\/wp-content\/uploads\/2024\/03\/GH-Mavic3_pro_1.jpg\",\"width\":1280,\"height\":1280},{\"@type\":\"BreadcrumbList\",\"@id\":\"https:\/\/www.ghostysky.com\/product\/dji-mavic-3-pro-fly-more-combo-dji-rc-pro\/#breadcrumb\",\"itemListElement\":[{\"@type\":\"ListItem\",\"position\":1,\"name\":\"Home\",\"item\":\"https:\/\/www.ghostysky.com\/\"},{\"@type\":\"ListItem\",\"position\":2,\"name\":\"Shop\",\"item\":\"https:\/\/www.ghostysky.com\/shop\/\"},{\"@type\":\"ListItem\",\"position\":3,\"name\":\"DJI Mavic 3 Pro Fly More Combo (DJI RC Pro)\"}]},{\"@type\":\"WebSite\",\"@id\":\"https:\/\/www.ghostysky.com\/#website\",\"url\":\"https:\/\/www.ghostysky.com\/\",\"name\":\"Ghostysky\",\"description\":\"Delivering professional drones and services\",\"publisher\":{\"@id\":\"https:\/\/www.ghostysky.com\/#organization\"},\"potentialAction\":[{\"@type\":\"SearchAction\",\"target\":{\"@type\":\"EntryPoint\",\"urlTemplate\":\"https:\/\/www.ghostysky.com\/?s={search_term_string}\"},\"query-input\":{\"@type\":\"PropertyValueSpecification\",\"valueRequired\":true,\"valueName\":\"search_term_string\"}}],\"inLanguage\":\"fr-FR\"},{\"@type\":\"Organization\",\"@id\":\"https:\/\/www.ghostysky.com\/#organization\",\"name\":\"Ghostysky\",\"url\":\"https:\/\/www.ghostysky.com\/\",\"logo\":{\"@type\":\"ImageObject\",\"inLanguage\":\"fr-FR\",\"@id\":\"https:\/\/www.ghostysky.com\/#\/schema\/logo\/image\/\",\"url\":\"https:\/\/www.ghostysky.com\/wp-content\/uploads\/2020\/06\/cropped-ghostyskylogo_text_white2.png\",\"contentUrl\":\"https:\/\/www.ghostysky.com\/wp-content\/uploads\/2020\/06\/cropped-ghostyskylogo_text_white2.png\",\"width\":169,\"height\":56,\"caption\":\"Ghostysky\"},\"image\":{\"@id\":\"https:\/\/www.ghostysky.com\/#\/schema\/logo\/image\/\"},\"sameAs\":[\"https:\/\/www.facebook.com\/people\/Ghostysky\/100057676170234\/\",\"https:\/\/x.com\/Gh0stysky\",\"https:\/\/www.linkedin.com\/company\/34739653\",\"https:\/\/www.instagram.com\/gh0stysky\"]}]}<\/script>\n<!-- \/ Yoast SEO plugin. -->","yoast_head_json":{"title":"DJI Mavic 3 Pro Fly More Combo (DJI RC Pro) - Ghostysky","description":"Le DJI Mavic 3 Pro Fly More Combo (DJI RC Pro) est un ensemble de drones haut de gamme con\u00e7u pour un usage professionnel.","robots":{"index":"index","follow":"follow","max-snippet":"max-snippet:-1","max-image-preview":"max-image-preview:large","max-video-preview":"max-video-preview:-1"},"canonical":"https:\/\/www.ghostysky.com\/fr\/product\/dji-mavic-3-pro-fly-more-combo-dji-rc-pro\/","og_locale":"fr_FR","og_type":"article","og_title":"DJI Mavic 3 Pro Fly More Combo (DJI RC Pro) - Ghostysky","og_description":"The DJI Mavic 3 Pro Fly More Combo (DJI RC Pro) is a high-end drone bundle designed for professional use.","og_url":"https:\/\/www.ghostysky.com\/fr\/product\/dji-mavic-3-pro-fly-more-combo-dji-rc-pro\/","og_site_name":"Ghostysky","article_publisher":"https:\/\/www.facebook.com\/people\/Ghostysky\/100057676170234\/","article_modified_time":"2026-01-15T06:52:42+00:00","og_image":[{"width":1280,"height":1280,"url":"https:\/\/www.ghostysky.com\/wp-content\/uploads\/2024\/03\/GH-Mavic3_pro_1.jpg","type":"image\/jpeg"}],"twitter_card":"summary_large_image","twitter_site":"@Gh0stysky","twitter_misc":{"Dur\u00e9e de lecture estim\u00e9e":"2 minutes"},"schema":{"@context":"https:\/\/schema.org","@graph":[{"@type":"WebPage","@id":"https:\/\/www.ghostysky.com\/product\/dji-mavic-3-pro-fly-more-combo-dji-rc-pro\/","url":"https:\/\/www.ghostysky.com\/product\/dji-mavic-3-pro-fly-more-combo-dji-rc-pro\/","name":"DJI Mavic 3 Pro Fly More Combo (DJI RC Pro) - Ghostysky","isPartOf":{"@id":"https:\/\/www.ghostysky.com\/#website"},"primaryImageOfPage":{"@id":"https:\/\/www.ghostysky.com\/product\/dji-mavic-3-pro-fly-more-combo-dji-rc-pro\/#primaryimage"},"image":{"@id":"https:\/\/www.ghostysky.com\/product\/dji-mavic-3-pro-fly-more-combo-dji-rc-pro\/#primaryimage"},"thumbnailUrl":"https:\/\/www.ghostysky.com\/wp-content\/uploads\/2024\/03\/GH-Mavic3_pro_1.jpg","datePublished":"2024-03-17T08:15:00+00:00","dateModified":"2026-01-15T06:52:42+00:00","description":"Le DJI Mavic 3 Pro Fly More Combo (DJI RC Pro) est un ensemble de drones haut de gamme con\u00e7u pour un usage professionnel.","breadcrumb":{"@id":"https:\/\/www.ghostysky.com\/product\/dji-mavic-3-pro-fly-more-combo-dji-rc-pro\/#breadcrumb"},"inLanguage":"fr-FR","potentialAction":[{"@type":"ReadAction","target":["https:\/\/www.ghostysky.com\/product\/dji-mavic-3-pro-fly-more-combo-dji-rc-pro\/"]}]},{"@type":"ImageObject","inLanguage":"fr-FR","@id":"https:\/\/www.ghostysky.com\/product\/dji-mavic-3-pro-fly-more-combo-dji-rc-pro\/#primaryimage","url":"https:\/\/www.ghostysky.com\/wp-content\/uploads\/2024\/03\/GH-Mavic3_pro_1.jpg","contentUrl":"https:\/\/www.ghostysky.com\/wp-content\/uploads\/2024\/03\/GH-Mavic3_pro_1.jpg","width":1280,"height":1280},{"@type":"BreadcrumbList","@id":"https:\/\/www.ghostysky.com\/product\/dji-mavic-3-pro-fly-more-combo-dji-rc-pro\/#breadcrumb","itemListElement":[{"@type":"ListItem","position":1,"name":"Home","item":"https:\/\/www.ghostysky.com\/"},{"@type":"ListItem","position":2,"name":"Shop","item":"https:\/\/www.ghostysky.com\/shop\/"},{"@type":"ListItem","position":3,"name":"DJI Mavic 3 Pro Fly More Combo (DJI RC Pro)"}]},{"@type":"WebSite","@id":"https:\/\/www.ghostysky.com\/#website","url":"https:\/\/www.ghostysky.com\/","name":"Ghostysky","description":"Livraison de drones et de services professionnels","publisher":{"@id":"https:\/\/www.ghostysky.com\/#organization"},"potentialAction":[{"@type":"SearchAction","target":{"@type":"EntryPoint","urlTemplate":"https:\/\/www.ghostysky.com\/?s={search_term_string}"},"query-input":{"@type":"PropertyValueSpecification","valueRequired":true,"valueName":"search_term_string"}}],"inLanguage":"fr-FR"},{"@type":"Organization","@id":"https:\/\/www.ghostysky.com\/#organization","name":"Ghostysky","url":"https:\/\/www.ghostysky.com\/","logo":{"@type":"ImageObject","inLanguage":"fr-FR","@id":"https:\/\/www.ghostysky.com\/#\/schema\/logo\/image\/","url":"https:\/\/www.ghostysky.com\/wp-content\/uploads\/2020\/06\/cropped-ghostyskylogo_text_white2.png","contentUrl":"https:\/\/www.ghostysky.com\/wp-content\/uploads\/2020\/06\/cropped-ghostyskylogo_text_white2.png","width":169,"height":56,"caption":"Ghostysky"},"image":{"@id":"https:\/\/www.ghostysky.com\/#\/schema\/logo\/image\/"},"sameAs":["https:\/\/www.facebook.com\/people\/Ghostysky\/100057676170234\/","https:\/\/x.com\/Gh0stysky","https:\/\/www.linkedin.com\/company\/34739653","https:\/\/www.instagram.com\/gh0stysky"]}]}},"_links":{"self":[{"href":"https:\/\/www.ghostysky.com\/fr\/wp-json\/wp\/v2\/product\/17631","targetHints":{"allow":["GET"]}}],"collection":[{"href":"https:\/\/www.ghostysky.com\/fr\/wp-json\/wp\/v2\/product"}],"about":[{"href":"https:\/\/www.ghostysky.com\/fr\/wp-json\/wp\/v2\/types\/product"}],"replies":[{"embeddable":true,"href":"https:\/\/www.ghostysky.com\/fr\/wp-json\/wp\/v2\/comments?post=17631"}],"wp:featuredmedia":[{"embeddable":true,"href":"https:\/\/www.ghostysky.com\/fr\/wp-json\/wp\/v2\/media\/17409"}],"wp:attachment":[{"href":"https:\/\/www.ghostysky.com\/fr\/wp-json\/wp\/v2\/media?parent=17631"}],"wp:term":[{"taxonomy":"product_brand","embeddable":true,"href":"https:\/\/www.ghostysky.com\/fr\/wp-json\/wp\/v2\/product_brand?post=17631"},{"taxonomy":"product_cat","embeddable":true,"href":"https:\/\/www.ghostysky.com\/fr\/wp-json\/wp\/v2\/product_cat?post=17631"},{"taxonomy":"product_tag","embeddable":true,"href":"https:\/\/www.ghostysky.com\/fr\/wp-json\/wp\/v2\/product_tag?post=17631"}],"curies":[{"name":"wp","href":"https:\/\/api.w.org\/{rel}","templated":true}]}}