{"id":17634,"date":"2024-03-17T08:19:17","date_gmt":"2024-03-17T08:19:17","guid":{"rendered":"https:\/\/www.ghostysky.com\/?post_type=product&#038;p=17634"},"modified":"2026-01-15T06:52:12","modified_gmt":"2026-01-15T06:52:12","slug":"dji-mavic-3-pro-cine-premium-combo-dji-rc-pro","status":"publish","type":"product","link":"https:\/\/www.ghostysky.com\/fr\/product\/dji-mavic-3-pro-cine-premium-combo-dji-rc-pro\/","title":{"rendered":"DJI Mavic 3 Pro Cine Premium Combo (DJI RC Pro)"},"content":{"rendered":"<p data-sourcepos=\"3:1-3:11\"><strong>Cam\u00e9ra:<\/strong><\/p>\n<ul data-sourcepos=\"5:1-9:0\">\n<li data-sourcepos=\"5:1-5:189\">Appareil photo Hasselblad avec capteur CMOS 4\/3 : ce capteur est plus grand que ceux que l&#039;on trouve dans la plupart des drones grand public, ce qui lui permet de capturer des images de meilleure qualit\u00e9 avec plus de d\u00e9tails et moins de bruit.<\/li>\n<li data-sourcepos=\"6:1-6:101\">Appareils photo t\u00e9l\u00e9objectifs doubles : ces appareils photo vous permettent de zoomer sur vos sujets sans perte de qualit\u00e9.<\/li>\n<li data-sourcepos=\"7:1-7:120\">Photos RAW 12 bits\u00a0: les photos RAW capturent plus de donn\u00e9es que les JPEG, ce qui vous offre plus de flexibilit\u00e9 lors de l&#039;\u00e9dition de vos photos.<\/li>\n<li data-sourcepos=\"8:1-9:0\">Jusqu&#039;\u00e0 12,8 arr\u00eats de plage dynamique : cela vous permet de capturer les d\u00e9tails dans les hautes lumi\u00e8res et les ombres de vos photos.<\/li>\n<\/ul>\n<p data-sourcepos=\"10:1-10:23\"><strong>Performances de vol :<\/strong><\/p>\n<ul data-sourcepos=\"12:1-15:0\">\n<li data-sourcepos=\"12:1-12:95\">Jusqu&#039;\u00e0 43 minutes de temps de vol : cela vous donne amplement le temps de capturer les photos dont vous avez besoin.<\/li>\n<li data-sourcepos=\"13:1-13:87\">D\u00e9tection d&#039;obstacles omnidirectionnelle : cela permet de prot\u00e9ger votre drone des collisions.<\/li>\n<li data-sourcepos=\"14:1-15:0\">Transmission vid\u00e9o HD de 15 km : cela vous permet de voir ce que voit votre drone \u00e0 longue distance.<\/li>\n<\/ul>\n<p data-sourcepos=\"16:1-16:19\"><strong>Autres caract\u00e9ristiques :<\/strong><\/p>\n<ul data-sourcepos=\"18:1-20:0\">\n<li data-sourcepos=\"18:1-18:154\">Contr\u00f4leur DJI RC Pro : Ce contr\u00f4leur dispose d&#039;un \u00e9cran int\u00e9gr\u00e9 qui vous permet de voir ce que voit votre drone sans avoir \u00e0 connecter votre smartphone.<\/li>\n<li data-sourcepos=\"19:1-20:0\">H\u00e9lices \u00e0 faible bruit : Ces h\u00e9lices aident \u00e0 r\u00e9duire le bruit pendant le vol.<\/li>\n<\/ul>\n<p data-sourcepos=\"21:1-21:216\"><strong>Globalement, le DJI Mavic 3 Pro Cine Premium Combo (DJI RC Pro) est un drone puissant, capable de capturer de superbes photos et vid\u00e9os a\u00e9riennes. Cependant, c&#039;est aussi l&#039;un des drones les plus chers du march\u00e9.<\/strong><\/p>\n<p data-sourcepos=\"21:1-21:216\"><strong>DANS LA BO\u00ceTE<\/strong><\/p>\n<ul>\n<li data-sourcepos=\"21:1-21:216\">1x DJI Mavic 3 Pro<\/li>\n<li data-sourcepos=\"21:1-21:216\">1x t\u00e9l\u00e9commande DJI RC PRO<\/li>\n<li data-sourcepos=\"21:1-21:216\">1x manette de t\u00e9l\u00e9commande DJI RC PRO<\/li>\n<li data-sourcepos=\"21:1-21:216\">1x C\u00e2ble DJI RC PRO (connecteur USB Type-C)<\/li>\n<li data-sourcepos=\"21:1-21:216\">1x C\u00e2ble DJI RC PRO (connecteur micro-USB standard)<\/li>\n<li data-sourcepos=\"21:1-21:216\">1x C\u00e2ble DJI RC PRO (connecteur Lightning)<\/li>\n<li data-sourcepos=\"21:1-21:216\">3x Batterie de vol intelligente DJI Mavic 3<\/li>\n<li data-sourcepos=\"21:1-21:216\">6 h\u00e9lices \u00e0 faible bruit pour DJI Mavic 3 (paire)<\/li>\n<li data-sourcepos=\"21:1-21:216\">1x Station de charge de batterie DJI Mavic 3<\/li>\n<li data-sourcepos=\"21:1-21:216\">1x Chargeur portable DJI 65W<\/li>\n<li data-sourcepos=\"21:1-21:216\">1x Housse de rangement pour DJI Mavic 3 Pro<\/li>\n<li data-sourcepos=\"21:1-21:216\">1x Ensemble de filtres ND pour DJI Mavic 3 Pro (ND481632)<\/li>\n<li data-sourcepos=\"21:1-21:216\">1x sac \u00e0 bandouli\u00e8re DJI<\/li>\n<\/ul>","protected":false},"excerpt":{"rendered":"<p>Le DJI Mavic 3 Pro Cine Premium Combo (DJI RC Pro) est un drone haut de gamme destin\u00e9 aux vid\u00e9astes et photographes professionnels.<\/p>","protected":false},"featured_media":17409,"comment_status":"open","ping_status":"closed","template":"","meta":[],"product_brand":[],"product_cat":[752,37,29,786,784],"product_tag":[789,42,787,788],"class_list":{"0":"post-17634","1":"product","2":"type-product","3":"status-publish","4":"has-post-thumbnail","6":"product_cat-aerial-photography","7":"product_cat-dji","8":"product_cat-drones","9":"product_cat-drones-mavic-3-pro","10":"product_cat-mavic-3-pro","11":"product_tag-cine-premium-combo","12":"product_tag-dji","13":"product_tag-mavic-3-pro","14":"product_tag-rc-pro","16":"first","17":"outofstock","18":"taxable","19":"shipping-taxable","20":"purchasable","21":"product-type-simple"},"yoast_head":"<!-- This site is optimized with the Yoast SEO plugin v27.4 - https:\/\/yoast.com\/product\/yoast-seo-wordpress\/ -->\n<title>DJI Mavic 3 Pro Cine Premium Combo (DJI RC Pro) - Ghostysky<\/title>\n<meta name=\"description\" content=\"The DJI Mavic 3 Pro Cine Premium Combo (DJI RC Pro) is a high-end drone that is targeted towards professional videographers and photographers.\" \/>\n<meta name=\"robots\" content=\"index, follow, max-snippet:-1, max-image-preview:large, max-video-preview:-1\" \/>\n<link rel=\"canonical\" href=\"https:\/\/www.ghostysky.com\/fr\/product\/dji-mavic-3-pro-cine-premium-combo-dji-rc-pro\/\" \/>\n<meta property=\"og:locale\" content=\"fr_FR\" \/>\n<meta property=\"og:type\" content=\"article\" \/>\n<meta property=\"og:title\" content=\"DJI Mavic 3 Pro Cine Premium Combo (DJI RC Pro) - Ghostysky\" \/>\n<meta property=\"og:description\" content=\"The DJI Mavic 3 Pro Cine Premium Combo (DJI RC Pro) is a high-end drone that is targeted towards professional videographers and photographers.\" \/>\n<meta property=\"og:url\" content=\"https:\/\/www.ghostysky.com\/fr\/product\/dji-mavic-3-pro-cine-premium-combo-dji-rc-pro\/\" \/>\n<meta property=\"og:site_name\" content=\"Ghostysky\" \/>\n<meta property=\"article:publisher\" content=\"https:\/\/www.facebook.com\/people\/Ghostysky\/100057676170234\/\" \/>\n<meta property=\"article:modified_time\" content=\"2026-01-15T06:52:12+00:00\" \/>\n<meta property=\"og:image\" content=\"https:\/\/www.ghostysky.com\/wp-content\/uploads\/2024\/03\/GH-Mavic3_pro_1.jpg\" \/>\n\t<meta property=\"og:image:width\" content=\"1280\" \/>\n\t<meta property=\"og:image:height\" content=\"1280\" \/>\n\t<meta property=\"og:image:type\" content=\"image\/jpeg\" \/>\n<meta name=\"twitter:card\" content=\"summary_large_image\" \/>\n<meta name=\"twitter:site\" content=\"@Gh0stysky\" \/>\n<meta name=\"twitter:label1\" content=\"Dur\u00e9e de lecture estim\u00e9e\" \/>\n\t<meta name=\"twitter:data1\" content=\"2 minutes\" \/>\n<script type=\"application\/ld+json\" class=\"yoast-schema-graph\">{\"@context\":\"https:\\\/\\\/schema.org\",\"@graph\":[{\"@type\":\"WebPage\",\"@id\":\"https:\\\/\\\/www.ghostysky.com\\\/product\\\/dji-mavic-3-pro-cine-premium-combo-dji-rc-pro\\\/\",\"url\":\"https:\\\/\\\/www.ghostysky.com\\\/product\\\/dji-mavic-3-pro-cine-premium-combo-dji-rc-pro\\\/\",\"name\":\"DJI Mavic 3 Pro Cine Premium Combo (DJI RC Pro) - Ghostysky\",\"isPartOf\":{\"@id\":\"https:\\\/\\\/www.ghostysky.com\\\/#website\"},\"primaryImageOfPage\":{\"@id\":\"https:\\\/\\\/www.ghostysky.com\\\/product\\\/dji-mavic-3-pro-cine-premium-combo-dji-rc-pro\\\/#primaryimage\"},\"image\":{\"@id\":\"https:\\\/\\\/www.ghostysky.com\\\/product\\\/dji-mavic-3-pro-cine-premium-combo-dji-rc-pro\\\/#primaryimage\"},\"thumbnailUrl\":\"https:\\\/\\\/www.ghostysky.com\\\/wp-content\\\/uploads\\\/2024\\\/03\\\/GH-Mavic3_pro_1.jpg\",\"datePublished\":\"2024-03-17T08:19:17+00:00\",\"dateModified\":\"2026-01-15T06:52:12+00:00\",\"description\":\"The DJI Mavic 3 Pro Cine Premium Combo (DJI RC Pro) is a high-end drone that is targeted towards professional videographers and photographers.\",\"breadcrumb\":{\"@id\":\"https:\\\/\\\/www.ghostysky.com\\\/product\\\/dji-mavic-3-pro-cine-premium-combo-dji-rc-pro\\\/#breadcrumb\"},\"inLanguage\":\"fr-FR\",\"potentialAction\":[{\"@type\":\"ReadAction\",\"target\":[\"https:\\\/\\\/www.ghostysky.com\\\/product\\\/dji-mavic-3-pro-cine-premium-combo-dji-rc-pro\\\/\"]}]},{\"@type\":\"ImageObject\",\"inLanguage\":\"fr-FR\",\"@id\":\"https:\\\/\\\/www.ghostysky.com\\\/product\\\/dji-mavic-3-pro-cine-premium-combo-dji-rc-pro\\\/#primaryimage\",\"url\":\"https:\\\/\\\/www.ghostysky.com\\\/wp-content\\\/uploads\\\/2024\\\/03\\\/GH-Mavic3_pro_1.jpg\",\"contentUrl\":\"https:\\\/\\\/www.ghostysky.com\\\/wp-content\\\/uploads\\\/2024\\\/03\\\/GH-Mavic3_pro_1.jpg\",\"width\":1280,\"height\":1280},{\"@type\":\"BreadcrumbList\",\"@id\":\"https:\\\/\\\/www.ghostysky.com\\\/product\\\/dji-mavic-3-pro-cine-premium-combo-dji-rc-pro\\\/#breadcrumb\",\"itemListElement\":[{\"@type\":\"ListItem\",\"position\":1,\"name\":\"Home\",\"item\":\"https:\\\/\\\/www.ghostysky.com\\\/\"},{\"@type\":\"ListItem\",\"position\":2,\"name\":\"Shop\",\"item\":\"https:\\\/\\\/www.ghostysky.com\\\/shop\\\/\"},{\"@type\":\"ListItem\",\"position\":3,\"name\":\"DJI Mavic 3 Pro Cine Premium Combo (DJI RC Pro)\"}]},{\"@type\":\"WebSite\",\"@id\":\"https:\\\/\\\/www.ghostysky.com\\\/#website\",\"url\":\"https:\\\/\\\/www.ghostysky.com\\\/\",\"name\":\"Ghostysky\",\"description\":\"Delivering professional drones and robotics solutions\",\"publisher\":{\"@id\":\"https:\\\/\\\/www.ghostysky.com\\\/#organization\"},\"potentialAction\":[{\"@type\":\"SearchAction\",\"target\":{\"@type\":\"EntryPoint\",\"urlTemplate\":\"https:\\\/\\\/www.ghostysky.com\\\/?s={search_term_string}\"},\"query-input\":{\"@type\":\"PropertyValueSpecification\",\"valueRequired\":true,\"valueName\":\"search_term_string\"}}],\"inLanguage\":\"fr-FR\"},{\"@type\":\"Organization\",\"@id\":\"https:\\\/\\\/www.ghostysky.com\\\/#organization\",\"name\":\"Ghostysky\",\"url\":\"https:\\\/\\\/www.ghostysky.com\\\/\",\"logo\":{\"@type\":\"ImageObject\",\"inLanguage\":\"fr-FR\",\"@id\":\"https:\\\/\\\/www.ghostysky.com\\\/#\\\/schema\\\/logo\\\/image\\\/\",\"url\":\"https:\\\/\\\/www.ghostysky.com\\\/wp-content\\\/uploads\\\/2020\\\/06\\\/cropped-ghostyskylogo_text_white2.png\",\"contentUrl\":\"https:\\\/\\\/www.ghostysky.com\\\/wp-content\\\/uploads\\\/2020\\\/06\\\/cropped-ghostyskylogo_text_white2.png\",\"width\":169,\"height\":56,\"caption\":\"Ghostysky\"},\"image\":{\"@id\":\"https:\\\/\\\/www.ghostysky.com\\\/#\\\/schema\\\/logo\\\/image\\\/\"},\"sameAs\":[\"https:\\\/\\\/www.facebook.com\\\/people\\\/Ghostysky\\\/100057676170234\\\/\",\"https:\\\/\\\/x.com\\\/Gh0stysky\",\"https:\\\/\\\/www.linkedin.com\\\/company\\\/34739653\",\"https:\\\/\\\/www.instagram.com\\\/gh0stysky\"]}]}<\/script>\n<!-- \/ Yoast SEO plugin. -->","yoast_head_json":{"title":"DJI Mavic 3 Pro Cine Premium Combo (DJI RC Pro) - Ghostysky","description":"Le DJI Mavic 3 Pro Cine Premium Combo (DJI RC Pro) est un drone haut de gamme destin\u00e9 aux vid\u00e9astes et photographes professionnels.","robots":{"index":"index","follow":"follow","max-snippet":"max-snippet:-1","max-image-preview":"max-image-preview:large","max-video-preview":"max-video-preview:-1"},"canonical":"https:\/\/www.ghostysky.com\/fr\/product\/dji-mavic-3-pro-cine-premium-combo-dji-rc-pro\/","og_locale":"fr_FR","og_type":"article","og_title":"DJI Mavic 3 Pro Cine Premium Combo (DJI RC Pro) - Ghostysky","og_description":"The DJI Mavic 3 Pro Cine Premium Combo (DJI RC Pro) is a high-end drone that is targeted towards professional videographers and photographers.","og_url":"https:\/\/www.ghostysky.com\/fr\/product\/dji-mavic-3-pro-cine-premium-combo-dji-rc-pro\/","og_site_name":"Ghostysky","article_publisher":"https:\/\/www.facebook.com\/people\/Ghostysky\/100057676170234\/","article_modified_time":"2026-01-15T06:52:12+00:00","og_image":[{"width":1280,"height":1280,"url":"https:\/\/www.ghostysky.com\/wp-content\/uploads\/2024\/03\/GH-Mavic3_pro_1.jpg","type":"image\/jpeg"}],"twitter_card":"summary_large_image","twitter_site":"@Gh0stysky","twitter_misc":{"Dur\u00e9e de lecture estim\u00e9e":"2 minutes"},"schema":{"@context":"https:\/\/schema.org","@graph":[{"@type":"WebPage","@id":"https:\/\/www.ghostysky.com\/product\/dji-mavic-3-pro-cine-premium-combo-dji-rc-pro\/","url":"https:\/\/www.ghostysky.com\/product\/dji-mavic-3-pro-cine-premium-combo-dji-rc-pro\/","name":"DJI Mavic 3 Pro Cine Premium Combo (DJI RC Pro) - Ghostysky","isPartOf":{"@id":"https:\/\/www.ghostysky.com\/#website"},"primaryImageOfPage":{"@id":"https:\/\/www.ghostysky.com\/product\/dji-mavic-3-pro-cine-premium-combo-dji-rc-pro\/#primaryimage"},"image":{"@id":"https:\/\/www.ghostysky.com\/product\/dji-mavic-3-pro-cine-premium-combo-dji-rc-pro\/#primaryimage"},"thumbnailUrl":"https:\/\/www.ghostysky.com\/wp-content\/uploads\/2024\/03\/GH-Mavic3_pro_1.jpg","datePublished":"2024-03-17T08:19:17+00:00","dateModified":"2026-01-15T06:52:12+00:00","description":"Le DJI Mavic 3 Pro Cine Premium Combo (DJI RC Pro) est un drone haut de gamme destin\u00e9 aux vid\u00e9astes et photographes professionnels.","breadcrumb":{"@id":"https:\/\/www.ghostysky.com\/product\/dji-mavic-3-pro-cine-premium-combo-dji-rc-pro\/#breadcrumb"},"inLanguage":"fr-FR","potentialAction":[{"@type":"ReadAction","target":["https:\/\/www.ghostysky.com\/product\/dji-mavic-3-pro-cine-premium-combo-dji-rc-pro\/"]}]},{"@type":"ImageObject","inLanguage":"fr-FR","@id":"https:\/\/www.ghostysky.com\/product\/dji-mavic-3-pro-cine-premium-combo-dji-rc-pro\/#primaryimage","url":"https:\/\/www.ghostysky.com\/wp-content\/uploads\/2024\/03\/GH-Mavic3_pro_1.jpg","contentUrl":"https:\/\/www.ghostysky.com\/wp-content\/uploads\/2024\/03\/GH-Mavic3_pro_1.jpg","width":1280,"height":1280},{"@type":"BreadcrumbList","@id":"https:\/\/www.ghostysky.com\/product\/dji-mavic-3-pro-cine-premium-combo-dji-rc-pro\/#breadcrumb","itemListElement":[{"@type":"ListItem","position":1,"name":"Home","item":"https:\/\/www.ghostysky.com\/"},{"@type":"ListItem","position":2,"name":"Shop","item":"https:\/\/www.ghostysky.com\/shop\/"},{"@type":"ListItem","position":3,"name":"DJI Mavic 3 Pro Cine Premium Combo (DJI RC Pro)"}]},{"@type":"WebSite","@id":"https:\/\/www.ghostysky.com\/#website","url":"https:\/\/www.ghostysky.com\/","name":"Ghostysky","description":"Fourniture de solutions professionnelles en mati\u00e8re de drones et de robotique","publisher":{"@id":"https:\/\/www.ghostysky.com\/#organization"},"potentialAction":[{"@type":"SearchAction","target":{"@type":"EntryPoint","urlTemplate":"https:\/\/www.ghostysky.com\/?s={search_term_string}"},"query-input":{"@type":"PropertyValueSpecification","valueRequired":true,"valueName":"search_term_string"}}],"inLanguage":"fr-FR"},{"@type":"Organization","@id":"https:\/\/www.ghostysky.com\/#organization","name":"Ghostysky","url":"https:\/\/www.ghostysky.com\/","logo":{"@type":"ImageObject","inLanguage":"fr-FR","@id":"https:\/\/www.ghostysky.com\/#\/schema\/logo\/image\/","url":"https:\/\/www.ghostysky.com\/wp-content\/uploads\/2020\/06\/cropped-ghostyskylogo_text_white2.png","contentUrl":"https:\/\/www.ghostysky.com\/wp-content\/uploads\/2020\/06\/cropped-ghostyskylogo_text_white2.png","width":169,"height":56,"caption":"Ghostysky"},"image":{"@id":"https:\/\/www.ghostysky.com\/#\/schema\/logo\/image\/"},"sameAs":["https:\/\/www.facebook.com\/people\/Ghostysky\/100057676170234\/","https:\/\/x.com\/Gh0stysky","https:\/\/www.linkedin.com\/company\/34739653","https:\/\/www.instagram.com\/gh0stysky"]}]}},"_links":{"self":[{"href":"https:\/\/www.ghostysky.com\/fr\/wp-json\/wp\/v2\/product\/17634","targetHints":{"allow":["GET"]}}],"collection":[{"href":"https:\/\/www.ghostysky.com\/fr\/wp-json\/wp\/v2\/product"}],"about":[{"href":"https:\/\/www.ghostysky.com\/fr\/wp-json\/wp\/v2\/types\/product"}],"replies":[{"embeddable":true,"href":"https:\/\/www.ghostysky.com\/fr\/wp-json\/wp\/v2\/comments?post=17634"}],"version-history":[{"count":0,"href":"https:\/\/www.ghostysky.com\/fr\/wp-json\/wp\/v2\/product\/17634\/revisions"}],"wp:featuredmedia":[{"embeddable":true,"href":"https:\/\/www.ghostysky.com\/fr\/wp-json\/wp\/v2\/media\/17409"}],"wp:attachment":[{"href":"https:\/\/www.ghostysky.com\/fr\/wp-json\/wp\/v2\/media?parent=17634"}],"wp:term":[{"taxonomy":"product_brand","embeddable":true,"href":"https:\/\/www.ghostysky.com\/fr\/wp-json\/wp\/v2\/product_brand?post=17634"},{"taxonomy":"product_cat","embeddable":true,"href":"https:\/\/www.ghostysky.com\/fr\/wp-json\/wp\/v2\/product_cat?post=17634"},{"taxonomy":"product_tag","embeddable":true,"href":"https:\/\/www.ghostysky.com\/fr\/wp-json\/wp\/v2\/product_tag?post=17634"}],"curies":[{"name":"wp","href":"https:\/\/api.w.org\/{rel}","templated":true}]}}