{"id":17651,"date":"2024-03-17T08:46:39","date_gmt":"2024-03-17T08:46:39","guid":{"rendered":"https:\/\/www.ghostysky.com\/?post_type=product&#038;p=17651"},"modified":"2026-01-15T06:59:46","modified_gmt":"2026-01-15T06:59:46","slug":"dji-mini-3-dji-rc","status":"publish","type":"product","link":"https:\/\/www.ghostysky.com\/fr\/product\/dji-mini-3-dji-rc\/","title":{"rendered":"DJI Mini 3 (DJI RC)"},"content":{"rendered":"<div id=\"model-response-message-contentr_70cf726c5fab04a5\" class=\"markdown markdown-main-panel response-optimization stronger\" dir=\"ltr\">\n<ul data-sourcepos=\"5:1-12:0\">\n<li data-sourcepos=\"5:1-5:109\"><strong><span class=\"citation-3 recitation\">Compact et l\u00e9ger :<\/span><\/strong><span class=\"citation-3 recitation citation-end-3\"> Pesant moins de 249 g, le Mini 3 est facile \u00e0 transporter et \u00e0 emporter en voyage.<\/span><span class=\"button-container hide-from-message-actions ng-star-inserted\">\u00a0 \u00a0<\/span>\n<div class=\"container ng-tns-c1096152320-38 hide\">\n<div class=\"carousel-container ng-tns-c1096152320-38\">\n<div class=\"carousel-content ng-tns-c1096152320-38\">\n<div class=\"sources-carousel-source ng-tns-c1096152320-38 hide ng-star-inserted\" data-test-id=\"sources-carousel-source\"><\/div>\n<\/div>\n<\/div>\n<\/div>\n<\/li>\n<li data-sourcepos=\"6:1-6:115\"><strong><span class=\"citation-4 recitation\">Dur\u00e9e de vie prolong\u00e9e de la batterie :<\/span><\/strong><span class=\"citation-4 recitation citation-end-4\"> Profitez jusqu&#039;\u00e0 38 minutes de temps de vol, en capturant plus de s\u00e9quences par charge.<\/span><span class=\"button-container hide-from-message-actions ng-star-inserted\"> \u00a0<\/span>\n<div class=\"container ng-tns-c1096152320-39 hide\">\n<div class=\"carousel-container ng-tns-c1096152320-39\">\n<div class=\"carousel-content ng-tns-c1096152320-39\">\n<div class=\"sources-carousel-source ng-tns-c1096152320-39 hide ng-star-inserted\" data-test-id=\"sources-carousel-source\"><\/div>\n<\/div>\n<\/div>\n<\/div>\n<\/li>\n<li data-sourcepos=\"7:1-7:114\"><strong><span class=\"citation-5 recitation\">Vid\u00e9o 4K HDR :<\/span><\/strong><span class=\"citation-5 recitation citation-end-5\"> Enregistrez de superbes vid\u00e9os 4K HDR avec des couleurs r\u00e9alistes dans toutes les conditions d&#039;\u00e9clairage.<\/span><span class=\"button-container hide-from-message-actions ng-star-inserted\">\u00a0 \u00a0<\/span>\n<div class=\"container ng-tns-c1096152320-40 hide\">\n<div class=\"carousel-container ng-tns-c1096152320-40\">\n<div class=\"carousel-content ng-tns-c1096152320-40\">\n<div class=\"sources-carousel-source ng-tns-c1096152320-40 hide ng-star-inserted\" data-test-id=\"sources-carousel-source\"><\/div>\n<\/div>\n<\/div>\n<\/div>\n<\/li>\n<li data-sourcepos=\"8:1-8:105\"><strong>Prise de vue verticale r\u00e9elle :<\/strong> <span class=\"citation-6 recitation citation-end-6\">Capturez des photos et des vid\u00e9os pr\u00eates pour les r\u00e9seaux sociaux sans recadrage.<\/span><span class=\"button-container hide-from-message-actions ng-star-inserted\">\u00a0 \u00a0<\/span>\n<div class=\"container ng-tns-c1096152320-41 hide\">\n<div class=\"carousel-container ng-tns-c1096152320-41\">\n<div class=\"carousel-content ng-tns-c1096152320-41\">\n<div class=\"sources-carousel-source ng-tns-c1096152320-41 hide ng-star-inserted\" data-test-id=\"sources-carousel-source\"><\/div>\n<\/div>\n<\/div>\n<\/div>\n<\/li>\n<li data-sourcepos=\"9:1-9:149\"><strong><span class=\"citation-7 recitation\">Fonctionnalit\u00e9s intelligentes :<\/span><\/strong><span class=\"citation-7 recitation citation-end-7\"> QuickShots, FocusTrack et d&#039;autres fonctionnalit\u00e9s intelligentes facilitent la capture de s\u00e9quences de qualit\u00e9 professionnelle.<\/span><span class=\"button-container hide-from-message-actions ng-star-inserted\">\u00a0 \u00a0<\/span>\n<div class=\"container ng-tns-c1096152320-42 hide\">\n<div class=\"carousel-container ng-tns-c1096152320-42\">\n<div class=\"carousel-content ng-tns-c1096152320-42\">\n<div class=\"sources-carousel-source ng-tns-c1096152320-42 hide ng-star-inserted\" data-test-id=\"sources-carousel-source\"><\/div>\n<\/div>\n<\/div>\n<\/div>\n<\/li>\n<li data-sourcepos=\"10:1-10:96\"><strong>Adapt\u00e9 aux d\u00e9butants :<\/strong> <span class=\"citation-8 recitation citation-end-8\">Facile \u00e0 piloter et \u00e0 contr\u00f4ler, m\u00eame pour les pilotes de drone d\u00e9butants.<\/span><span class=\"button-container hide-from-message-actions ng-star-inserted\">\u00a0 \u00a0<\/span>\n<div class=\"container ng-tns-c1096152320-43 hide\">\n<div class=\"carousel-container ng-tns-c1096152320-43\">\n<div class=\"carousel-content ng-tns-c1096152320-43\">\n<div class=\"sources-carousel-source ng-tns-c1096152320-43 hide ng-star-inserted\" data-test-id=\"sources-carousel-source\"><\/div>\n<\/div>\n<\/div>\n<\/div>\n<\/li>\n<li data-sourcepos=\"11:1-12:0\"><strong><span class=\"citation-9 recitation\">Transmission vid\u00e9o num\u00e9rique O2 :<\/span><\/strong><span class=\"citation-9 recitation citation-end-9\"> Profitez d&#039;une transmission vid\u00e9o stable et fiable jusqu&#039;\u00e0 10 km.<\/span><span class=\"button-container hide-from-message-actions ng-star-inserted\">\u00a0 \u00a0<\/span>\n<div class=\"container ng-tns-c1096152320-44 hide\">\n<div class=\"carousel-container ng-tns-c1096152320-44\">\n<div class=\"carousel-content ng-tns-c1096152320-44\">\n<div class=\"sources-carousel-source ng-tns-c1096152320-44 hide ng-star-inserted\" data-test-id=\"sources-carousel-source\"><\/div>\n<\/div>\n<\/div>\n<\/div>\n<\/li>\n<\/ul>\n<p data-sourcepos=\"13:1-13:122\"><span class=\"citation-10 recitation citation-end-10\">Le DJI Mini 3 (DJI RC) est le drone parfait pour tous ceux qui cherchent \u00e0 capturer facilement de superbes images a\u00e9riennes.<\/span><span class=\"button-container hide-from-message-actions ng-star-inserted\">\u00a0 \u00a0<\/span><\/p>\n<\/div>\n<div class=\"response-footer gap complete\">\n<div class=\"container ng-tns-c1096152320-31\">\n<div class=\"carousel-container ng-tns-c1096152320-31\">\n<div class=\"carousel-content ng-tns-c1096152320-31\">\n<div class=\"sources-carousel-source ng-tns-c1096152320-31 ng-star-inserted\" data-test-id=\"sources-carousel-source\">\n<div class=\"source-card-container\">\n<div class=\"source-card-content\">\n<div class=\"source-card-body\">\n<div class=\"source-card-header\">\n<div class=\"source-card-title\"><\/div>\n<\/div>\n<\/div>\n<\/div>\n<\/div>\n<\/div>\n<\/div>\n<\/div>\n<\/div>\n<\/div>","protected":false},"excerpt":{"rendered":"<p>Le DJI Mini 3 (DJI RC) est un drone cam\u00e9ra compact et ultra-l\u00e9ger con\u00e7u pour l&#039;aventure. Il offre une autonomie prolong\u00e9e, des vid\u00e9os 4K HDR riches en d\u00e9tails et des fonctionnalit\u00e9s ludiques comme la prise de vue verticale pour des images optimis\u00e9es pour les r\u00e9seaux sociaux. Que vous immortalisiez un voyage m\u00e9morable ou simplement une journ\u00e9e pass\u00e9e dans votre jardin, le Mini 3 est pr\u00eat \u00e0 tout.<\/p>","protected":false},"featured_media":17416,"comment_status":"open","ping_status":"closed","template":"","meta":[],"product_brand":[],"product_cat":[752,37,29,792,790],"product_tag":[42,799,783],"class_list":{"0":"post-17651","1":"product","2":"type-product","3":"status-publish","4":"has-post-thumbnail","6":"product_cat-aerial-photography","7":"product_cat-dji","8":"product_cat-drones","9":"product_cat-drones-mini-3","10":"product_cat-mini-3","11":"product_tag-dji","12":"product_tag-dji-mini-3","13":"product_tag-dji-rc","15":"first","16":"outofstock","17":"taxable","18":"shipping-taxable","19":"purchasable","20":"product-type-simple"},"yoast_head":"<!-- This site is optimized with the Yoast SEO plugin v27.4 - https:\/\/yoast.com\/product\/yoast-seo-wordpress\/ -->\n<title>DJI Mini 3 (DJI RC) - Ghostysky<\/title>\n<meta name=\"description\" content=\"The DJI Mini 3 (DJI RC) is a compact, ultra-lightweight camera drone designed for adventure. It features an extended battery life, detail-rich 4K HDR video, and fun features like True Vertical Shooting for social-media-optimized shots. Whether you&#039;re capturing an epic journey or just a day in your own backyard, the Mini 3 is ready for the moment.\" \/>\n<meta name=\"robots\" content=\"index, follow, max-snippet:-1, max-image-preview:large, max-video-preview:-1\" \/>\n<link rel=\"canonical\" href=\"https:\/\/www.ghostysky.com\/fr\/product\/dji-mini-3-dji-rc\/\" \/>\n<meta property=\"og:locale\" content=\"fr_FR\" \/>\n<meta property=\"og:type\" content=\"article\" \/>\n<meta property=\"og:title\" content=\"DJI Mini 3 (DJI RC) - Ghostysky\" \/>\n<meta property=\"og:description\" content=\"The DJI Mini 3 (DJI RC) is a compact, ultra-lightweight camera drone designed for adventure. It features an extended battery life, detail-rich 4K HDR video, and fun features like True Vertical Shooting for social-media-optimized shots. Whether you&#039;re capturing an epic journey or just a day in your own backyard, the Mini 3 is ready for the moment.\" \/>\n<meta property=\"og:url\" content=\"https:\/\/www.ghostysky.com\/fr\/product\/dji-mini-3-dji-rc\/\" \/>\n<meta property=\"og:site_name\" content=\"Ghostysky\" \/>\n<meta property=\"article:publisher\" content=\"https:\/\/www.facebook.com\/people\/Ghostysky\/100057676170234\/\" \/>\n<meta property=\"article:modified_time\" content=\"2026-01-15T06:59:46+00:00\" \/>\n<meta property=\"og:image\" content=\"https:\/\/www.ghostysky.com\/wp-content\/uploads\/2024\/03\/GH-Mini3_1.jpg\" \/>\n\t<meta property=\"og:image:width\" content=\"1280\" \/>\n\t<meta property=\"og:image:height\" content=\"1280\" \/>\n\t<meta property=\"og:image:type\" content=\"image\/jpeg\" \/>\n<meta name=\"twitter:card\" content=\"summary_large_image\" \/>\n<meta name=\"twitter:site\" content=\"@Gh0stysky\" \/>\n<meta name=\"twitter:label1\" content=\"Dur\u00e9e de lecture estim\u00e9e\" \/>\n\t<meta name=\"twitter:data1\" content=\"1 minute\" \/>\n<script type=\"application\/ld+json\" class=\"yoast-schema-graph\">{\"@context\":\"https:\\\/\\\/schema.org\",\"@graph\":[{\"@type\":\"WebPage\",\"@id\":\"https:\\\/\\\/www.ghostysky.com\\\/product\\\/dji-mini-3-dji-rc\\\/\",\"url\":\"https:\\\/\\\/www.ghostysky.com\\\/product\\\/dji-mini-3-dji-rc\\\/\",\"name\":\"DJI Mini 3 (DJI RC) - Ghostysky\",\"isPartOf\":{\"@id\":\"https:\\\/\\\/www.ghostysky.com\\\/#website\"},\"primaryImageOfPage\":{\"@id\":\"https:\\\/\\\/www.ghostysky.com\\\/product\\\/dji-mini-3-dji-rc\\\/#primaryimage\"},\"image\":{\"@id\":\"https:\\\/\\\/www.ghostysky.com\\\/product\\\/dji-mini-3-dji-rc\\\/#primaryimage\"},\"thumbnailUrl\":\"https:\\\/\\\/www.ghostysky.com\\\/wp-content\\\/uploads\\\/2024\\\/03\\\/GH-Mini3_1.jpg\",\"datePublished\":\"2024-03-17T08:46:39+00:00\",\"dateModified\":\"2026-01-15T06:59:46+00:00\",\"description\":\"The DJI Mini 3 (DJI RC) is a compact, ultra-lightweight camera drone designed for adventure. It features an extended battery life, detail-rich 4K HDR video, and fun features like True Vertical Shooting for social-media-optimized shots. Whether you're capturing an epic journey or just a day in your own backyard, the Mini 3 is ready for the moment.\",\"breadcrumb\":{\"@id\":\"https:\\\/\\\/www.ghostysky.com\\\/product\\\/dji-mini-3-dji-rc\\\/#breadcrumb\"},\"inLanguage\":\"fr-FR\",\"potentialAction\":[{\"@type\":\"ReadAction\",\"target\":[\"https:\\\/\\\/www.ghostysky.com\\\/product\\\/dji-mini-3-dji-rc\\\/\"]}]},{\"@type\":\"ImageObject\",\"inLanguage\":\"fr-FR\",\"@id\":\"https:\\\/\\\/www.ghostysky.com\\\/product\\\/dji-mini-3-dji-rc\\\/#primaryimage\",\"url\":\"https:\\\/\\\/www.ghostysky.com\\\/wp-content\\\/uploads\\\/2024\\\/03\\\/GH-Mini3_1.jpg\",\"contentUrl\":\"https:\\\/\\\/www.ghostysky.com\\\/wp-content\\\/uploads\\\/2024\\\/03\\\/GH-Mini3_1.jpg\",\"width\":1280,\"height\":1280},{\"@type\":\"BreadcrumbList\",\"@id\":\"https:\\\/\\\/www.ghostysky.com\\\/product\\\/dji-mini-3-dji-rc\\\/#breadcrumb\",\"itemListElement\":[{\"@type\":\"ListItem\",\"position\":1,\"name\":\"Home\",\"item\":\"https:\\\/\\\/www.ghostysky.com\\\/\"},{\"@type\":\"ListItem\",\"position\":2,\"name\":\"Shop\",\"item\":\"https:\\\/\\\/www.ghostysky.com\\\/shop\\\/\"},{\"@type\":\"ListItem\",\"position\":3,\"name\":\"DJI Mini 3 (DJI RC)\"}]},{\"@type\":\"WebSite\",\"@id\":\"https:\\\/\\\/www.ghostysky.com\\\/#website\",\"url\":\"https:\\\/\\\/www.ghostysky.com\\\/\",\"name\":\"Ghostysky\",\"description\":\"Delivering professional drones and services\",\"publisher\":{\"@id\":\"https:\\\/\\\/www.ghostysky.com\\\/#organization\"},\"potentialAction\":[{\"@type\":\"SearchAction\",\"target\":{\"@type\":\"EntryPoint\",\"urlTemplate\":\"https:\\\/\\\/www.ghostysky.com\\\/?s={search_term_string}\"},\"query-input\":{\"@type\":\"PropertyValueSpecification\",\"valueRequired\":true,\"valueName\":\"search_term_string\"}}],\"inLanguage\":\"fr-FR\"},{\"@type\":\"Organization\",\"@id\":\"https:\\\/\\\/www.ghostysky.com\\\/#organization\",\"name\":\"Ghostysky\",\"url\":\"https:\\\/\\\/www.ghostysky.com\\\/\",\"logo\":{\"@type\":\"ImageObject\",\"inLanguage\":\"fr-FR\",\"@id\":\"https:\\\/\\\/www.ghostysky.com\\\/#\\\/schema\\\/logo\\\/image\\\/\",\"url\":\"https:\\\/\\\/www.ghostysky.com\\\/wp-content\\\/uploads\\\/2020\\\/06\\\/cropped-ghostyskylogo_text_white2.png\",\"contentUrl\":\"https:\\\/\\\/www.ghostysky.com\\\/wp-content\\\/uploads\\\/2020\\\/06\\\/cropped-ghostyskylogo_text_white2.png\",\"width\":169,\"height\":56,\"caption\":\"Ghostysky\"},\"image\":{\"@id\":\"https:\\\/\\\/www.ghostysky.com\\\/#\\\/schema\\\/logo\\\/image\\\/\"},\"sameAs\":[\"https:\\\/\\\/www.facebook.com\\\/people\\\/Ghostysky\\\/100057676170234\\\/\",\"https:\\\/\\\/x.com\\\/Gh0stysky\",\"https:\\\/\\\/www.linkedin.com\\\/company\\\/34739653\",\"https:\\\/\\\/www.instagram.com\\\/gh0stysky\"]}]}<\/script>\n<!-- \/ Yoast SEO plugin. -->","yoast_head_json":{"title":"DJI Mini 3 (DJI RC) - Ghostysky","description":"Le DJI Mini 3 (DJI RC) est un drone cam\u00e9ra compact et ultra-l\u00e9ger con\u00e7u pour l&#039;aventure. Il offre une autonomie prolong\u00e9e, des vid\u00e9os 4K HDR riches en d\u00e9tails et des fonctionnalit\u00e9s ludiques comme la prise de vue verticale pour des images optimis\u00e9es pour les r\u00e9seaux sociaux. Que vous immortalisiez un voyage m\u00e9morable ou simplement une journ\u00e9e pass\u00e9e dans votre jardin, le Mini 3 est pr\u00eat \u00e0 tout.","robots":{"index":"index","follow":"follow","max-snippet":"max-snippet:-1","max-image-preview":"max-image-preview:large","max-video-preview":"max-video-preview:-1"},"canonical":"https:\/\/www.ghostysky.com\/fr\/product\/dji-mini-3-dji-rc\/","og_locale":"fr_FR","og_type":"article","og_title":"DJI Mini 3 (DJI RC) - Ghostysky","og_description":"The DJI Mini 3 (DJI RC) is a compact, ultra-lightweight camera drone designed for adventure. It features an extended battery life, detail-rich 4K HDR video, and fun features like True Vertical Shooting for social-media-optimized shots. Whether you're capturing an epic journey or just a day in your own backyard, the Mini 3 is ready for the moment.","og_url":"https:\/\/www.ghostysky.com\/fr\/product\/dji-mini-3-dji-rc\/","og_site_name":"Ghostysky","article_publisher":"https:\/\/www.facebook.com\/people\/Ghostysky\/100057676170234\/","article_modified_time":"2026-01-15T06:59:46+00:00","og_image":[{"width":1280,"height":1280,"url":"https:\/\/www.ghostysky.com\/wp-content\/uploads\/2024\/03\/GH-Mini3_1.jpg","type":"image\/jpeg"}],"twitter_card":"summary_large_image","twitter_site":"@Gh0stysky","twitter_misc":{"Dur\u00e9e de lecture estim\u00e9e":"1 minute"},"schema":{"@context":"https:\/\/schema.org","@graph":[{"@type":"WebPage","@id":"https:\/\/www.ghostysky.com\/product\/dji-mini-3-dji-rc\/","url":"https:\/\/www.ghostysky.com\/product\/dji-mini-3-dji-rc\/","name":"DJI Mini 3 (DJI RC) - Ghostysky","isPartOf":{"@id":"https:\/\/www.ghostysky.com\/#website"},"primaryImageOfPage":{"@id":"https:\/\/www.ghostysky.com\/product\/dji-mini-3-dji-rc\/#primaryimage"},"image":{"@id":"https:\/\/www.ghostysky.com\/product\/dji-mini-3-dji-rc\/#primaryimage"},"thumbnailUrl":"https:\/\/www.ghostysky.com\/wp-content\/uploads\/2024\/03\/GH-Mini3_1.jpg","datePublished":"2024-03-17T08:46:39+00:00","dateModified":"2026-01-15T06:59:46+00:00","description":"Le DJI Mini 3 (DJI RC) est un drone cam\u00e9ra compact et ultra-l\u00e9ger con\u00e7u pour l&#039;aventure. Il offre une autonomie prolong\u00e9e, des vid\u00e9os 4K HDR riches en d\u00e9tails et des fonctionnalit\u00e9s ludiques comme la prise de vue verticale pour des images optimis\u00e9es pour les r\u00e9seaux sociaux. Que vous immortalisiez un voyage m\u00e9morable ou simplement une journ\u00e9e pass\u00e9e dans votre jardin, le Mini 3 est pr\u00eat \u00e0 tout.","breadcrumb":{"@id":"https:\/\/www.ghostysky.com\/product\/dji-mini-3-dji-rc\/#breadcrumb"},"inLanguage":"fr-FR","potentialAction":[{"@type":"ReadAction","target":["https:\/\/www.ghostysky.com\/product\/dji-mini-3-dji-rc\/"]}]},{"@type":"ImageObject","inLanguage":"fr-FR","@id":"https:\/\/www.ghostysky.com\/product\/dji-mini-3-dji-rc\/#primaryimage","url":"https:\/\/www.ghostysky.com\/wp-content\/uploads\/2024\/03\/GH-Mini3_1.jpg","contentUrl":"https:\/\/www.ghostysky.com\/wp-content\/uploads\/2024\/03\/GH-Mini3_1.jpg","width":1280,"height":1280},{"@type":"BreadcrumbList","@id":"https:\/\/www.ghostysky.com\/product\/dji-mini-3-dji-rc\/#breadcrumb","itemListElement":[{"@type":"ListItem","position":1,"name":"Home","item":"https:\/\/www.ghostysky.com\/"},{"@type":"ListItem","position":2,"name":"Shop","item":"https:\/\/www.ghostysky.com\/shop\/"},{"@type":"ListItem","position":3,"name":"DJI Mini 3 (DJI RC)"}]},{"@type":"WebSite","@id":"https:\/\/www.ghostysky.com\/#website","url":"https:\/\/www.ghostysky.com\/","name":"Ghostysky","description":"Livraison de drones et de services professionnels","publisher":{"@id":"https:\/\/www.ghostysky.com\/#organization"},"potentialAction":[{"@type":"SearchAction","target":{"@type":"EntryPoint","urlTemplate":"https:\/\/www.ghostysky.com\/?s={search_term_string}"},"query-input":{"@type":"PropertyValueSpecification","valueRequired":true,"valueName":"search_term_string"}}],"inLanguage":"fr-FR"},{"@type":"Organization","@id":"https:\/\/www.ghostysky.com\/#organization","name":"Ghostysky","url":"https:\/\/www.ghostysky.com\/","logo":{"@type":"ImageObject","inLanguage":"fr-FR","@id":"https:\/\/www.ghostysky.com\/#\/schema\/logo\/image\/","url":"https:\/\/www.ghostysky.com\/wp-content\/uploads\/2020\/06\/cropped-ghostyskylogo_text_white2.png","contentUrl":"https:\/\/www.ghostysky.com\/wp-content\/uploads\/2020\/06\/cropped-ghostyskylogo_text_white2.png","width":169,"height":56,"caption":"Ghostysky"},"image":{"@id":"https:\/\/www.ghostysky.com\/#\/schema\/logo\/image\/"},"sameAs":["https:\/\/www.facebook.com\/people\/Ghostysky\/100057676170234\/","https:\/\/x.com\/Gh0stysky","https:\/\/www.linkedin.com\/company\/34739653","https:\/\/www.instagram.com\/gh0stysky"]}]}},"_links":{"self":[{"href":"https:\/\/www.ghostysky.com\/fr\/wp-json\/wp\/v2\/product\/17651","targetHints":{"allow":["GET"]}}],"collection":[{"href":"https:\/\/www.ghostysky.com\/fr\/wp-json\/wp\/v2\/product"}],"about":[{"href":"https:\/\/www.ghostysky.com\/fr\/wp-json\/wp\/v2\/types\/product"}],"replies":[{"embeddable":true,"href":"https:\/\/www.ghostysky.com\/fr\/wp-json\/wp\/v2\/comments?post=17651"}],"version-history":[{"count":0,"href":"https:\/\/www.ghostysky.com\/fr\/wp-json\/wp\/v2\/product\/17651\/revisions"}],"wp:featuredmedia":[{"embeddable":true,"href":"https:\/\/www.ghostysky.com\/fr\/wp-json\/wp\/v2\/media\/17416"}],"wp:attachment":[{"href":"https:\/\/www.ghostysky.com\/fr\/wp-json\/wp\/v2\/media?parent=17651"}],"wp:term":[{"taxonomy":"product_brand","embeddable":true,"href":"https:\/\/www.ghostysky.com\/fr\/wp-json\/wp\/v2\/product_brand?post=17651"},{"taxonomy":"product_cat","embeddable":true,"href":"https:\/\/www.ghostysky.com\/fr\/wp-json\/wp\/v2\/product_cat?post=17651"},{"taxonomy":"product_tag","embeddable":true,"href":"https:\/\/www.ghostysky.com\/fr\/wp-json\/wp\/v2\/product_tag?post=17651"}],"curies":[{"name":"wp","href":"https:\/\/api.w.org\/{rel}","templated":true}]}}