{"id":17654,"date":"2024-03-17T08:51:15","date_gmt":"2024-03-17T08:51:15","guid":{"rendered":"https:\/\/www.ghostysky.com\/?post_type=product&#038;p=17654"},"modified":"2026-01-15T07:00:01","modified_gmt":"2026-01-15T07:00:01","slug":"dji-mini-3-fly-more-combo-dji-rc","status":"publish","type":"product","link":"https:\/\/www.ghostysky.com\/fr\/product\/dji-mini-3-fly-more-combo-dji-rc\/","title":{"rendered":"Combo DJI Mini 3 Fly More (DJI RC)"},"content":{"rendered":"<p data-sourcepos=\"3:1-3:11\"><strong>Cam\u00e9ra:<\/strong><\/p>\n<ul data-sourcepos=\"5:1-8:0\">\n<li data-sourcepos=\"5:1-5:21\">capteur de 12 m\u00e9gapixels<\/li>\n<li data-sourcepos=\"6:1-6:21\">Filme des vid\u00e9os 4K HDR<\/li>\n<li data-sourcepos=\"7:1-8:0\">Id\u00e9al pour les r\u00e9seaux sociaux avec son mode \u00ab True Vertical Shooting \u00bb<\/li>\n<\/ul>\n<p data-sourcepos=\"9:1-9:23\"><strong>Performances de vol :<\/strong><\/p>\n<ul data-sourcepos=\"11:1-15:0\">\n<li data-sourcepos=\"11:1-11:123\">Moins de 249 grammes, ce qui signifie qu&#039;il peut voler dans la plupart des endroits sans avoir besoin de permis sp\u00e9ciaux (les r\u00e9glementations peuvent varier selon l&#039;emplacement)<\/li>\n<li data-sourcepos=\"12:1-12:43\">Autonomie prolong\u00e9e de la batterie jusqu&#039;\u00e0 38 minutes<\/li>\n<li data-sourcepos=\"13:1-13:46\">R\u00e9sistance au vent jusqu&#039;\u00e0 38 kilom\u00e8tres par heure<\/li>\n<li data-sourcepos=\"14:1-15:0\">Facile \u00e0 piloter pour les d\u00e9butants<\/li>\n<\/ul>\n<p data-sourcepos=\"16:1-16:19\"><strong>Autres caract\u00e9ristiques :<\/strong><\/p>\n<ul data-sourcepos=\"18:1-21:0\">\n<li data-sourcepos=\"18:1-18:28\">Contr\u00f4leur DJI RC inclus<\/li>\n<li data-sourcepos=\"19:1-19:41\">Compatible avec les appareils Android et iOS<\/li>\n<li data-sourcepos=\"20:1-21:0\">Des fonctionnalit\u00e9s telles que le retour automatique, la stabilisation d&#039;image et le GPS pour un vol s\u00fbr et facile<\/li>\n<\/ul>\n<p data-sourcepos=\"22:1-22:275\">Globalement, le DJI Mini 3 Fly More Combo (DJI RC) est une bonne option pour les amateurs et les photographes qui recherchent un drone compact et facile \u00e0 utiliser, capable de capturer des images a\u00e9riennes \u00e9poustouflantes. Le Fly More Combo comprend g\u00e9n\u00e9ralement des batteries et des accessoires suppl\u00e9mentaires pour une autonomie de vol prolong\u00e9e.<\/p>","protected":false},"excerpt":{"rendered":"<p>Le DJI Mini 3 Fly More Combo (DJI RC) est un drone l\u00e9ger avec une cam\u00e9ra int\u00e9gr\u00e9e qui capture des photos et des vid\u00e9os de haute qualit\u00e9.<\/p>","protected":false},"featured_media":17416,"comment_status":"open","ping_status":"closed","template":"","meta":[],"product_brand":[],"product_cat":[752,37,29,792,790],"product_tag":[42,799,783,774],"class_list":{"0":"post-17654","1":"product","2":"type-product","3":"status-publish","4":"has-post-thumbnail","6":"product_cat-aerial-photography","7":"product_cat-dji","8":"product_cat-drones","9":"product_cat-drones-mini-3","10":"product_cat-mini-3","11":"product_tag-dji","12":"product_tag-dji-mini-3","13":"product_tag-dji-rc","14":"product_tag-fly-more-combo","16":"first","17":"outofstock","18":"taxable","19":"shipping-taxable","20":"purchasable","21":"product-type-simple"},"yoast_head":"<!-- This site is optimized with the Yoast SEO plugin v27.1.1 - https:\/\/yoast.com\/product\/yoast-seo-wordpress\/ -->\n<title>DJI Mini 3 Fly More Combo (DJI RC) - Ghostysky<\/title>\n<meta name=\"description\" content=\"The DJI Mini 3 Fly More Combo (DJI RC) is a lightweight drone with a built-in camera that captures high-quality photos and videos.\" \/>\n<meta name=\"robots\" content=\"index, follow, max-snippet:-1, max-image-preview:large, max-video-preview:-1\" \/>\n<link rel=\"canonical\" href=\"https:\/\/www.ghostysky.com\/fr\/product\/dji-mini-3-fly-more-combo-dji-rc\/\" \/>\n<meta property=\"og:locale\" content=\"fr_FR\" \/>\n<meta property=\"og:type\" content=\"article\" \/>\n<meta property=\"og:title\" content=\"DJI Mini 3 Fly More Combo (DJI RC) - Ghostysky\" \/>\n<meta property=\"og:description\" content=\"The DJI Mini 3 Fly More Combo (DJI RC) is a lightweight drone with a built-in camera that captures high-quality photos and videos.\" \/>\n<meta property=\"og:url\" content=\"https:\/\/www.ghostysky.com\/fr\/product\/dji-mini-3-fly-more-combo-dji-rc\/\" \/>\n<meta property=\"og:site_name\" content=\"Ghostysky\" \/>\n<meta property=\"article:publisher\" content=\"https:\/\/www.facebook.com\/people\/Ghostysky\/100057676170234\/\" \/>\n<meta property=\"article:modified_time\" content=\"2026-01-15T07:00:01+00:00\" \/>\n<meta property=\"og:image\" content=\"https:\/\/www.ghostysky.com\/wp-content\/uploads\/2024\/03\/GH-Mini3_1.jpg\" \/>\n\t<meta property=\"og:image:width\" content=\"1280\" \/>\n\t<meta property=\"og:image:height\" content=\"1280\" \/>\n\t<meta property=\"og:image:type\" content=\"image\/jpeg\" \/>\n<meta name=\"twitter:card\" content=\"summary_large_image\" \/>\n<meta name=\"twitter:site\" content=\"@Gh0stysky\" \/>\n<meta name=\"twitter:label1\" content=\"Dur\u00e9e de lecture estim\u00e9e\" \/>\n\t<meta name=\"twitter:data1\" content=\"1 minute\" \/>\n<script type=\"application\/ld+json\" class=\"yoast-schema-graph\">{\"@context\":\"https:\/\/schema.org\",\"@graph\":[{\"@type\":\"WebPage\",\"@id\":\"https:\/\/www.ghostysky.com\/product\/dji-mini-3-fly-more-combo-dji-rc\/\",\"url\":\"https:\/\/www.ghostysky.com\/product\/dji-mini-3-fly-more-combo-dji-rc\/\",\"name\":\"DJI Mini 3 Fly More Combo (DJI RC) - Ghostysky\",\"isPartOf\":{\"@id\":\"https:\/\/www.ghostysky.com\/#website\"},\"primaryImageOfPage\":{\"@id\":\"https:\/\/www.ghostysky.com\/product\/dji-mini-3-fly-more-combo-dji-rc\/#primaryimage\"},\"image\":{\"@id\":\"https:\/\/www.ghostysky.com\/product\/dji-mini-3-fly-more-combo-dji-rc\/#primaryimage\"},\"thumbnailUrl\":\"https:\/\/www.ghostysky.com\/wp-content\/uploads\/2024\/03\/GH-Mini3_1.jpg\",\"datePublished\":\"2024-03-17T08:51:15+00:00\",\"dateModified\":\"2026-01-15T07:00:01+00:00\",\"description\":\"The DJI Mini 3 Fly More Combo (DJI RC) is a lightweight drone with a built-in camera that captures high-quality photos and videos.\",\"breadcrumb\":{\"@id\":\"https:\/\/www.ghostysky.com\/product\/dji-mini-3-fly-more-combo-dji-rc\/#breadcrumb\"},\"inLanguage\":\"fr-FR\",\"potentialAction\":[{\"@type\":\"ReadAction\",\"target\":[\"https:\/\/www.ghostysky.com\/product\/dji-mini-3-fly-more-combo-dji-rc\/\"]}]},{\"@type\":\"ImageObject\",\"inLanguage\":\"fr-FR\",\"@id\":\"https:\/\/www.ghostysky.com\/product\/dji-mini-3-fly-more-combo-dji-rc\/#primaryimage\",\"url\":\"https:\/\/www.ghostysky.com\/wp-content\/uploads\/2024\/03\/GH-Mini3_1.jpg\",\"contentUrl\":\"https:\/\/www.ghostysky.com\/wp-content\/uploads\/2024\/03\/GH-Mini3_1.jpg\",\"width\":1280,\"height\":1280},{\"@type\":\"BreadcrumbList\",\"@id\":\"https:\/\/www.ghostysky.com\/product\/dji-mini-3-fly-more-combo-dji-rc\/#breadcrumb\",\"itemListElement\":[{\"@type\":\"ListItem\",\"position\":1,\"name\":\"Home\",\"item\":\"https:\/\/www.ghostysky.com\/\"},{\"@type\":\"ListItem\",\"position\":2,\"name\":\"Shop\",\"item\":\"https:\/\/www.ghostysky.com\/shop\/\"},{\"@type\":\"ListItem\",\"position\":3,\"name\":\"DJI Mini 3 Fly More Combo (DJI RC)\"}]},{\"@type\":\"WebSite\",\"@id\":\"https:\/\/www.ghostysky.com\/#website\",\"url\":\"https:\/\/www.ghostysky.com\/\",\"name\":\"Ghostysky\",\"description\":\"Delivering professional drones and services\",\"publisher\":{\"@id\":\"https:\/\/www.ghostysky.com\/#organization\"},\"potentialAction\":[{\"@type\":\"SearchAction\",\"target\":{\"@type\":\"EntryPoint\",\"urlTemplate\":\"https:\/\/www.ghostysky.com\/?s={search_term_string}\"},\"query-input\":{\"@type\":\"PropertyValueSpecification\",\"valueRequired\":true,\"valueName\":\"search_term_string\"}}],\"inLanguage\":\"fr-FR\"},{\"@type\":\"Organization\",\"@id\":\"https:\/\/www.ghostysky.com\/#organization\",\"name\":\"Ghostysky\",\"url\":\"https:\/\/www.ghostysky.com\/\",\"logo\":{\"@type\":\"ImageObject\",\"inLanguage\":\"fr-FR\",\"@id\":\"https:\/\/www.ghostysky.com\/#\/schema\/logo\/image\/\",\"url\":\"https:\/\/www.ghostysky.com\/wp-content\/uploads\/2020\/06\/cropped-ghostyskylogo_text_white2.png\",\"contentUrl\":\"https:\/\/www.ghostysky.com\/wp-content\/uploads\/2020\/06\/cropped-ghostyskylogo_text_white2.png\",\"width\":169,\"height\":56,\"caption\":\"Ghostysky\"},\"image\":{\"@id\":\"https:\/\/www.ghostysky.com\/#\/schema\/logo\/image\/\"},\"sameAs\":[\"https:\/\/www.facebook.com\/people\/Ghostysky\/100057676170234\/\",\"https:\/\/x.com\/Gh0stysky\",\"https:\/\/www.linkedin.com\/company\/34739653\",\"https:\/\/www.instagram.com\/gh0stysky\"]}]}<\/script>\n<!-- \/ Yoast SEO plugin. -->","yoast_head_json":{"title":"Combo DJI Mini 3 Fly More (DJI RC) - Ghostysky","description":"Le DJI Mini 3 Fly More Combo (DJI RC) est un drone l\u00e9ger avec une cam\u00e9ra int\u00e9gr\u00e9e qui capture des photos et des vid\u00e9os de haute qualit\u00e9.","robots":{"index":"index","follow":"follow","max-snippet":"max-snippet:-1","max-image-preview":"max-image-preview:large","max-video-preview":"max-video-preview:-1"},"canonical":"https:\/\/www.ghostysky.com\/fr\/product\/dji-mini-3-fly-more-combo-dji-rc\/","og_locale":"fr_FR","og_type":"article","og_title":"DJI Mini 3 Fly More Combo (DJI RC) - Ghostysky","og_description":"The DJI Mini 3 Fly More Combo (DJI RC) is a lightweight drone with a built-in camera that captures high-quality photos and videos.","og_url":"https:\/\/www.ghostysky.com\/fr\/product\/dji-mini-3-fly-more-combo-dji-rc\/","og_site_name":"Ghostysky","article_publisher":"https:\/\/www.facebook.com\/people\/Ghostysky\/100057676170234\/","article_modified_time":"2026-01-15T07:00:01+00:00","og_image":[{"width":1280,"height":1280,"url":"https:\/\/www.ghostysky.com\/wp-content\/uploads\/2024\/03\/GH-Mini3_1.jpg","type":"image\/jpeg"}],"twitter_card":"summary_large_image","twitter_site":"@Gh0stysky","twitter_misc":{"Dur\u00e9e de lecture estim\u00e9e":"1 minute"},"schema":{"@context":"https:\/\/schema.org","@graph":[{"@type":"WebPage","@id":"https:\/\/www.ghostysky.com\/product\/dji-mini-3-fly-more-combo-dji-rc\/","url":"https:\/\/www.ghostysky.com\/product\/dji-mini-3-fly-more-combo-dji-rc\/","name":"Combo DJI Mini 3 Fly More (DJI RC) - Ghostysky","isPartOf":{"@id":"https:\/\/www.ghostysky.com\/#website"},"primaryImageOfPage":{"@id":"https:\/\/www.ghostysky.com\/product\/dji-mini-3-fly-more-combo-dji-rc\/#primaryimage"},"image":{"@id":"https:\/\/www.ghostysky.com\/product\/dji-mini-3-fly-more-combo-dji-rc\/#primaryimage"},"thumbnailUrl":"https:\/\/www.ghostysky.com\/wp-content\/uploads\/2024\/03\/GH-Mini3_1.jpg","datePublished":"2024-03-17T08:51:15+00:00","dateModified":"2026-01-15T07:00:01+00:00","description":"Le DJI Mini 3 Fly More Combo (DJI RC) est un drone l\u00e9ger avec une cam\u00e9ra int\u00e9gr\u00e9e qui capture des photos et des vid\u00e9os de haute qualit\u00e9.","breadcrumb":{"@id":"https:\/\/www.ghostysky.com\/product\/dji-mini-3-fly-more-combo-dji-rc\/#breadcrumb"},"inLanguage":"fr-FR","potentialAction":[{"@type":"ReadAction","target":["https:\/\/www.ghostysky.com\/product\/dji-mini-3-fly-more-combo-dji-rc\/"]}]},{"@type":"ImageObject","inLanguage":"fr-FR","@id":"https:\/\/www.ghostysky.com\/product\/dji-mini-3-fly-more-combo-dji-rc\/#primaryimage","url":"https:\/\/www.ghostysky.com\/wp-content\/uploads\/2024\/03\/GH-Mini3_1.jpg","contentUrl":"https:\/\/www.ghostysky.com\/wp-content\/uploads\/2024\/03\/GH-Mini3_1.jpg","width":1280,"height":1280},{"@type":"BreadcrumbList","@id":"https:\/\/www.ghostysky.com\/product\/dji-mini-3-fly-more-combo-dji-rc\/#breadcrumb","itemListElement":[{"@type":"ListItem","position":1,"name":"Home","item":"https:\/\/www.ghostysky.com\/"},{"@type":"ListItem","position":2,"name":"Shop","item":"https:\/\/www.ghostysky.com\/shop\/"},{"@type":"ListItem","position":3,"name":"DJI Mini 3 Fly More Combo (DJI RC)"}]},{"@type":"WebSite","@id":"https:\/\/www.ghostysky.com\/#website","url":"https:\/\/www.ghostysky.com\/","name":"Ghostysky","description":"Livraison de drones et de services professionnels","publisher":{"@id":"https:\/\/www.ghostysky.com\/#organization"},"potentialAction":[{"@type":"SearchAction","target":{"@type":"EntryPoint","urlTemplate":"https:\/\/www.ghostysky.com\/?s={search_term_string}"},"query-input":{"@type":"PropertyValueSpecification","valueRequired":true,"valueName":"search_term_string"}}],"inLanguage":"fr-FR"},{"@type":"Organization","@id":"https:\/\/www.ghostysky.com\/#organization","name":"Ghostysky","url":"https:\/\/www.ghostysky.com\/","logo":{"@type":"ImageObject","inLanguage":"fr-FR","@id":"https:\/\/www.ghostysky.com\/#\/schema\/logo\/image\/","url":"https:\/\/www.ghostysky.com\/wp-content\/uploads\/2020\/06\/cropped-ghostyskylogo_text_white2.png","contentUrl":"https:\/\/www.ghostysky.com\/wp-content\/uploads\/2020\/06\/cropped-ghostyskylogo_text_white2.png","width":169,"height":56,"caption":"Ghostysky"},"image":{"@id":"https:\/\/www.ghostysky.com\/#\/schema\/logo\/image\/"},"sameAs":["https:\/\/www.facebook.com\/people\/Ghostysky\/100057676170234\/","https:\/\/x.com\/Gh0stysky","https:\/\/www.linkedin.com\/company\/34739653","https:\/\/www.instagram.com\/gh0stysky"]}]}},"_links":{"self":[{"href":"https:\/\/www.ghostysky.com\/fr\/wp-json\/wp\/v2\/product\/17654","targetHints":{"allow":["GET"]}}],"collection":[{"href":"https:\/\/www.ghostysky.com\/fr\/wp-json\/wp\/v2\/product"}],"about":[{"href":"https:\/\/www.ghostysky.com\/fr\/wp-json\/wp\/v2\/types\/product"}],"replies":[{"embeddable":true,"href":"https:\/\/www.ghostysky.com\/fr\/wp-json\/wp\/v2\/comments?post=17654"}],"wp:featuredmedia":[{"embeddable":true,"href":"https:\/\/www.ghostysky.com\/fr\/wp-json\/wp\/v2\/media\/17416"}],"wp:attachment":[{"href":"https:\/\/www.ghostysky.com\/fr\/wp-json\/wp\/v2\/media?parent=17654"}],"wp:term":[{"taxonomy":"product_brand","embeddable":true,"href":"https:\/\/www.ghostysky.com\/fr\/wp-json\/wp\/v2\/product_brand?post=17654"},{"taxonomy":"product_cat","embeddable":true,"href":"https:\/\/www.ghostysky.com\/fr\/wp-json\/wp\/v2\/product_cat?post=17654"},{"taxonomy":"product_tag","embeddable":true,"href":"https:\/\/www.ghostysky.com\/fr\/wp-json\/wp\/v2\/product_tag?post=17654"}],"curies":[{"name":"wp","href":"https:\/\/api.w.org\/{rel}","templated":true}]}}