{"id":17663,"date":"2024-03-17T09:08:35","date_gmt":"2024-03-17T09:08:35","guid":{"rendered":"https:\/\/www.ghostysky.com\/?post_type=product&#038;p=17663"},"modified":"2024-05-26T10:11:28","modified_gmt":"2024-05-26T10:11:28","slug":"dji-mini-4-pro-fly-more-combo-dji-rc2","status":"publish","type":"product","link":"https:\/\/www.ghostysky.com\/fr\/product\/dji-mini-4-pro-fly-more-combo-dji-rc2\/","title":{"rendered":"DJI Mini 4 Pro Fly Plus Combo (DJI RC2)"},"content":{"rendered":"<p data-sourcepos=\"3:1-3:19\"><strong>DJI Mini 4 Pro :<\/strong><\/p>\n<ul data-sourcepos=\"5:1-8:0\">\n<li data-sourcepos=\"5:1-5:166\">L\u00e9ger et portable : pesant moins de 250 grammes, le drone est soumis \u00e0 des r\u00e9glementations de poids qui lui permettent de voler dans la plupart des zones sans avoir besoin de permis sp\u00e9ciaux.<\/li>\n<li data-sourcepos=\"6:1-6:123\">Appareil photo puissant : il dispose d&#039;un appareil photo de 48 MP capable de prendre des photos et des vid\u00e9os de haute qualit\u00e9 en r\u00e9solution 4K jusqu&#039;\u00e0 100 ips.<\/li>\n<li data-sourcepos=\"7:1-8:0\">Autonomie de vol prolong\u00e9e : une seule batterie offre jusqu&#039;\u00e0 30 minutes d&#039;autonomie de vol, et le Fly More Combo ajoute des batteries suppl\u00e9mentaires et un hub de charge pour des sessions de vol prolong\u00e9es.<\/li>\n<\/ul>\n<p data-sourcepos=\"9:1-9:30\"><strong>T\u00e9l\u00e9commande DJI RC2 :<\/strong><\/p>\n<ul data-sourcepos=\"11:1-12:0\">\n<li data-sourcepos=\"11:1-12:0\">\u00c9cran int\u00e9gr\u00e9 : le contr\u00f4leur DJI RC2 dispose d&#039;un \u00e9cran FHD int\u00e9gr\u00e9, \u00e9liminant ainsi le besoin d&#039;un smartphone ou d&#039;une tablette s\u00e9par\u00e9 pour visualiser le flux en direct du drone.<\/li>\n<\/ul>\n<p data-sourcepos=\"13:1-13:28\"><strong>Avantages du Fly More Combo :<\/strong><\/p>\n<ul data-sourcepos=\"15:1-17:0\">\n<li data-sourcepos=\"15:1-15:124\">Batteries suppl\u00e9mentaires : Le combo comprend des batteries suppl\u00e9mentaires, vous permettant de voler plus longtemps sans avoir besoin de les recharger.<\/li>\n<li data-sourcepos=\"16:1-17:0\">Concentrateur de charge : le concentrateur de charge inclus peut charger plusieurs batteries simultan\u00e9ment, ce qui permet de garder vos batteries sous tension.<\/li>\n<\/ul>\n<p data-sourcepos=\"18:1-18:270\">Globalement, le DJI Mini 4 Pro Fly More Combo (DJI RC2) est une bonne option pour ceux qui recherchent un drone puissant et portable offrant une autonomie de vol prolong\u00e9e. La radiocommande incluse avec \u00e9cran int\u00e9gr\u00e9 est un atout pratique, \u00e9liminant le besoin d&#039;un appareil s\u00e9par\u00e9.<\/p>","protected":false},"excerpt":{"rendered":"<p>Le DJI Mini 4 Pro Fly More Combo (DJI RC2) est un pack comprenant le drone DJI Mini 4 Pro et la radiocommande DJI RC2. Ce drone est r\u00e9put\u00e9 pour sa l\u00e9g\u00e8ret\u00e9 et sa portabilit\u00e9, tout en offrant une qualit\u00e9 de cam\u00e9ra et des performances de vol impressionnantes.<\/p>","protected":false},"featured_media":17430,"comment_status":"open","ping_status":"closed","template":"","meta":[],"product_brand":[],"product_cat":[752,37,29,798,796],"product_tag":[42,778,774,802],"class_list":{"0":"post-17663","1":"product","2":"type-product","3":"status-publish","4":"has-post-thumbnail","6":"product_cat-aerial-photography","7":"product_cat-dji","8":"product_cat-drones","9":"product_cat-drones-mini-4-pro","10":"product_cat-mini-4-pro","11":"product_tag-dji","12":"product_tag-dji-rc2","13":"product_tag-fly-more-combo","14":"product_tag-mini-4-pro","16":"first","17":"outofstock","18":"taxable","19":"shipping-taxable","20":"purchasable","21":"product-type-simple"},"yoast_head":"<!-- This site is optimized with the Yoast SEO plugin v27.4 - https:\/\/yoast.com\/product\/yoast-seo-wordpress\/ -->\n<title>DJI Mini 4 Pro Fly More Combo (DJI RC2) - Ghostysky<\/title>\n<meta name=\"description\" content=\"The DJI Mini 4 Pro Fly More Combo (DJI RC2) is a bundle that includes the DJI Mini 4 Pro drone and the DJI RC2 remote controller. The drone itself is known for being lightweight and portable, while still offering impressive camera quality and flight performance.\" \/>\n<meta name=\"robots\" content=\"index, follow, max-snippet:-1, max-image-preview:large, max-video-preview:-1\" \/>\n<link rel=\"canonical\" href=\"https:\/\/www.ghostysky.com\/fr\/product\/dji-mini-4-pro-fly-more-combo-dji-rc2\/\" \/>\n<meta property=\"og:locale\" content=\"fr_FR\" \/>\n<meta property=\"og:type\" content=\"article\" \/>\n<meta property=\"og:title\" content=\"DJI Mini 4 Pro Fly More Combo (DJI RC2) - Ghostysky\" \/>\n<meta property=\"og:description\" content=\"The DJI Mini 4 Pro Fly More Combo (DJI RC2) is a bundle that includes the DJI Mini 4 Pro drone and the DJI RC2 remote controller. The drone itself is known for being lightweight and portable, while still offering impressive camera quality and flight performance.\" \/>\n<meta property=\"og:url\" content=\"https:\/\/www.ghostysky.com\/fr\/product\/dji-mini-4-pro-fly-more-combo-dji-rc2\/\" \/>\n<meta property=\"og:site_name\" content=\"Ghostysky\" \/>\n<meta property=\"article:publisher\" content=\"https:\/\/www.facebook.com\/people\/Ghostysky\/100057676170234\/\" \/>\n<meta property=\"article:modified_time\" content=\"2024-05-26T10:11:28+00:00\" \/>\n<meta property=\"og:image\" content=\"https:\/\/www.ghostysky.com\/wp-content\/uploads\/2024\/03\/GH-Mini4_Pro_1.jpg\" \/>\n\t<meta property=\"og:image:width\" content=\"1280\" \/>\n\t<meta property=\"og:image:height\" content=\"1280\" \/>\n\t<meta property=\"og:image:type\" content=\"image\/jpeg\" \/>\n<meta name=\"twitter:card\" content=\"summary_large_image\" \/>\n<meta name=\"twitter:site\" content=\"@Gh0stysky\" \/>\n<meta name=\"twitter:label1\" content=\"Dur\u00e9e de lecture estim\u00e9e\" \/>\n\t<meta name=\"twitter:data1\" content=\"1 minute\" \/>\n<script type=\"application\/ld+json\" class=\"yoast-schema-graph\">{\"@context\":\"https:\\\/\\\/schema.org\",\"@graph\":[{\"@type\":\"WebPage\",\"@id\":\"https:\\\/\\\/www.ghostysky.com\\\/product\\\/dji-mini-4-pro-fly-more-combo-dji-rc2\\\/\",\"url\":\"https:\\\/\\\/www.ghostysky.com\\\/product\\\/dji-mini-4-pro-fly-more-combo-dji-rc2\\\/\",\"name\":\"DJI Mini 4 Pro Fly More Combo (DJI RC2) - Ghostysky\",\"isPartOf\":{\"@id\":\"https:\\\/\\\/www.ghostysky.com\\\/#website\"},\"primaryImageOfPage\":{\"@id\":\"https:\\\/\\\/www.ghostysky.com\\\/product\\\/dji-mini-4-pro-fly-more-combo-dji-rc2\\\/#primaryimage\"},\"image\":{\"@id\":\"https:\\\/\\\/www.ghostysky.com\\\/product\\\/dji-mini-4-pro-fly-more-combo-dji-rc2\\\/#primaryimage\"},\"thumbnailUrl\":\"https:\\\/\\\/www.ghostysky.com\\\/wp-content\\\/uploads\\\/2024\\\/03\\\/GH-Mini4_Pro_1.jpg\",\"datePublished\":\"2024-03-17T09:08:35+00:00\",\"dateModified\":\"2024-05-26T10:11:28+00:00\",\"description\":\"The DJI Mini 4 Pro Fly More Combo (DJI RC2) is a bundle that includes the DJI Mini 4 Pro drone and the DJI RC2 remote controller. The drone itself is known for being lightweight and portable, while still offering impressive camera quality and flight performance.\",\"breadcrumb\":{\"@id\":\"https:\\\/\\\/www.ghostysky.com\\\/product\\\/dji-mini-4-pro-fly-more-combo-dji-rc2\\\/#breadcrumb\"},\"inLanguage\":\"fr-FR\",\"potentialAction\":[{\"@type\":\"ReadAction\",\"target\":[\"https:\\\/\\\/www.ghostysky.com\\\/product\\\/dji-mini-4-pro-fly-more-combo-dji-rc2\\\/\"]}]},{\"@type\":\"ImageObject\",\"inLanguage\":\"fr-FR\",\"@id\":\"https:\\\/\\\/www.ghostysky.com\\\/product\\\/dji-mini-4-pro-fly-more-combo-dji-rc2\\\/#primaryimage\",\"url\":\"https:\\\/\\\/www.ghostysky.com\\\/wp-content\\\/uploads\\\/2024\\\/03\\\/GH-Mini4_Pro_1.jpg\",\"contentUrl\":\"https:\\\/\\\/www.ghostysky.com\\\/wp-content\\\/uploads\\\/2024\\\/03\\\/GH-Mini4_Pro_1.jpg\",\"width\":1280,\"height\":1280},{\"@type\":\"BreadcrumbList\",\"@id\":\"https:\\\/\\\/www.ghostysky.com\\\/product\\\/dji-mini-4-pro-fly-more-combo-dji-rc2\\\/#breadcrumb\",\"itemListElement\":[{\"@type\":\"ListItem\",\"position\":1,\"name\":\"Home\",\"item\":\"https:\\\/\\\/www.ghostysky.com\\\/\"},{\"@type\":\"ListItem\",\"position\":2,\"name\":\"Shop\",\"item\":\"https:\\\/\\\/www.ghostysky.com\\\/shop\\\/\"},{\"@type\":\"ListItem\",\"position\":3,\"name\":\"DJI Mini 4 Pro Fly More Combo (DJI RC2)\"}]},{\"@type\":\"WebSite\",\"@id\":\"https:\\\/\\\/www.ghostysky.com\\\/#website\",\"url\":\"https:\\\/\\\/www.ghostysky.com\\\/\",\"name\":\"Ghostysky\",\"description\":\"Delivering professional drones and robotics solutions\",\"publisher\":{\"@id\":\"https:\\\/\\\/www.ghostysky.com\\\/#organization\"},\"potentialAction\":[{\"@type\":\"SearchAction\",\"target\":{\"@type\":\"EntryPoint\",\"urlTemplate\":\"https:\\\/\\\/www.ghostysky.com\\\/?s={search_term_string}\"},\"query-input\":{\"@type\":\"PropertyValueSpecification\",\"valueRequired\":true,\"valueName\":\"search_term_string\"}}],\"inLanguage\":\"fr-FR\"},{\"@type\":\"Organization\",\"@id\":\"https:\\\/\\\/www.ghostysky.com\\\/#organization\",\"name\":\"Ghostysky\",\"url\":\"https:\\\/\\\/www.ghostysky.com\\\/\",\"logo\":{\"@type\":\"ImageObject\",\"inLanguage\":\"fr-FR\",\"@id\":\"https:\\\/\\\/www.ghostysky.com\\\/#\\\/schema\\\/logo\\\/image\\\/\",\"url\":\"https:\\\/\\\/www.ghostysky.com\\\/wp-content\\\/uploads\\\/2020\\\/06\\\/cropped-ghostyskylogo_text_white2.png\",\"contentUrl\":\"https:\\\/\\\/www.ghostysky.com\\\/wp-content\\\/uploads\\\/2020\\\/06\\\/cropped-ghostyskylogo_text_white2.png\",\"width\":169,\"height\":56,\"caption\":\"Ghostysky\"},\"image\":{\"@id\":\"https:\\\/\\\/www.ghostysky.com\\\/#\\\/schema\\\/logo\\\/image\\\/\"},\"sameAs\":[\"https:\\\/\\\/www.facebook.com\\\/people\\\/Ghostysky\\\/100057676170234\\\/\",\"https:\\\/\\\/x.com\\\/Gh0stysky\",\"https:\\\/\\\/www.linkedin.com\\\/company\\\/34739653\",\"https:\\\/\\\/www.instagram.com\\\/gh0stysky\"]}]}<\/script>\n<!-- \/ Yoast SEO plugin. -->","yoast_head_json":{"title":"Combo DJI Mini 4 Pro Fly More (DJI RC2) - Ghostysky","description":"Le DJI Mini 4 Pro Fly More Combo (DJI RC2) est un pack comprenant le drone DJI Mini 4 Pro et la radiocommande DJI RC2. Ce drone est r\u00e9put\u00e9 pour sa l\u00e9g\u00e8ret\u00e9 et sa portabilit\u00e9, tout en offrant une qualit\u00e9 de cam\u00e9ra et des performances de vol impressionnantes.","robots":{"index":"index","follow":"follow","max-snippet":"max-snippet:-1","max-image-preview":"max-image-preview:large","max-video-preview":"max-video-preview:-1"},"canonical":"https:\/\/www.ghostysky.com\/fr\/product\/dji-mini-4-pro-fly-more-combo-dji-rc2\/","og_locale":"fr_FR","og_type":"article","og_title":"DJI Mini 4 Pro Fly More Combo (DJI RC2) - Ghostysky","og_description":"The DJI Mini 4 Pro Fly More Combo (DJI RC2) is a bundle that includes the DJI Mini 4 Pro drone and the DJI RC2 remote controller. The drone itself is known for being lightweight and portable, while still offering impressive camera quality and flight performance.","og_url":"https:\/\/www.ghostysky.com\/fr\/product\/dji-mini-4-pro-fly-more-combo-dji-rc2\/","og_site_name":"Ghostysky","article_publisher":"https:\/\/www.facebook.com\/people\/Ghostysky\/100057676170234\/","article_modified_time":"2024-05-26T10:11:28+00:00","og_image":[{"width":1280,"height":1280,"url":"https:\/\/www.ghostysky.com\/wp-content\/uploads\/2024\/03\/GH-Mini4_Pro_1.jpg","type":"image\/jpeg"}],"twitter_card":"summary_large_image","twitter_site":"@Gh0stysky","twitter_misc":{"Dur\u00e9e de lecture estim\u00e9e":"1 minute"},"schema":{"@context":"https:\/\/schema.org","@graph":[{"@type":"WebPage","@id":"https:\/\/www.ghostysky.com\/product\/dji-mini-4-pro-fly-more-combo-dji-rc2\/","url":"https:\/\/www.ghostysky.com\/product\/dji-mini-4-pro-fly-more-combo-dji-rc2\/","name":"Combo DJI Mini 4 Pro Fly More (DJI RC2) - Ghostysky","isPartOf":{"@id":"https:\/\/www.ghostysky.com\/#website"},"primaryImageOfPage":{"@id":"https:\/\/www.ghostysky.com\/product\/dji-mini-4-pro-fly-more-combo-dji-rc2\/#primaryimage"},"image":{"@id":"https:\/\/www.ghostysky.com\/product\/dji-mini-4-pro-fly-more-combo-dji-rc2\/#primaryimage"},"thumbnailUrl":"https:\/\/www.ghostysky.com\/wp-content\/uploads\/2024\/03\/GH-Mini4_Pro_1.jpg","datePublished":"2024-03-17T09:08:35+00:00","dateModified":"2024-05-26T10:11:28+00:00","description":"Le DJI Mini 4 Pro Fly More Combo (DJI RC2) est un pack comprenant le drone DJI Mini 4 Pro et la radiocommande DJI RC2. Ce drone est r\u00e9put\u00e9 pour sa l\u00e9g\u00e8ret\u00e9 et sa portabilit\u00e9, tout en offrant une qualit\u00e9 de cam\u00e9ra et des performances de vol impressionnantes.","breadcrumb":{"@id":"https:\/\/www.ghostysky.com\/product\/dji-mini-4-pro-fly-more-combo-dji-rc2\/#breadcrumb"},"inLanguage":"fr-FR","potentialAction":[{"@type":"ReadAction","target":["https:\/\/www.ghostysky.com\/product\/dji-mini-4-pro-fly-more-combo-dji-rc2\/"]}]},{"@type":"ImageObject","inLanguage":"fr-FR","@id":"https:\/\/www.ghostysky.com\/product\/dji-mini-4-pro-fly-more-combo-dji-rc2\/#primaryimage","url":"https:\/\/www.ghostysky.com\/wp-content\/uploads\/2024\/03\/GH-Mini4_Pro_1.jpg","contentUrl":"https:\/\/www.ghostysky.com\/wp-content\/uploads\/2024\/03\/GH-Mini4_Pro_1.jpg","width":1280,"height":1280},{"@type":"BreadcrumbList","@id":"https:\/\/www.ghostysky.com\/product\/dji-mini-4-pro-fly-more-combo-dji-rc2\/#breadcrumb","itemListElement":[{"@type":"ListItem","position":1,"name":"Home","item":"https:\/\/www.ghostysky.com\/"},{"@type":"ListItem","position":2,"name":"Shop","item":"https:\/\/www.ghostysky.com\/shop\/"},{"@type":"ListItem","position":3,"name":"DJI Mini 4 Pro Fly More Combo (DJI RC2)"}]},{"@type":"WebSite","@id":"https:\/\/www.ghostysky.com\/#website","url":"https:\/\/www.ghostysky.com\/","name":"Ghostysky","description":"Fourniture de solutions professionnelles en mati\u00e8re de drones et de robotique","publisher":{"@id":"https:\/\/www.ghostysky.com\/#organization"},"potentialAction":[{"@type":"SearchAction","target":{"@type":"EntryPoint","urlTemplate":"https:\/\/www.ghostysky.com\/?s={search_term_string}"},"query-input":{"@type":"PropertyValueSpecification","valueRequired":true,"valueName":"search_term_string"}}],"inLanguage":"fr-FR"},{"@type":"Organization","@id":"https:\/\/www.ghostysky.com\/#organization","name":"Ghostysky","url":"https:\/\/www.ghostysky.com\/","logo":{"@type":"ImageObject","inLanguage":"fr-FR","@id":"https:\/\/www.ghostysky.com\/#\/schema\/logo\/image\/","url":"https:\/\/www.ghostysky.com\/wp-content\/uploads\/2020\/06\/cropped-ghostyskylogo_text_white2.png","contentUrl":"https:\/\/www.ghostysky.com\/wp-content\/uploads\/2020\/06\/cropped-ghostyskylogo_text_white2.png","width":169,"height":56,"caption":"Ghostysky"},"image":{"@id":"https:\/\/www.ghostysky.com\/#\/schema\/logo\/image\/"},"sameAs":["https:\/\/www.facebook.com\/people\/Ghostysky\/100057676170234\/","https:\/\/x.com\/Gh0stysky","https:\/\/www.linkedin.com\/company\/34739653","https:\/\/www.instagram.com\/gh0stysky"]}]}},"_links":{"self":[{"href":"https:\/\/www.ghostysky.com\/fr\/wp-json\/wp\/v2\/product\/17663","targetHints":{"allow":["GET"]}}],"collection":[{"href":"https:\/\/www.ghostysky.com\/fr\/wp-json\/wp\/v2\/product"}],"about":[{"href":"https:\/\/www.ghostysky.com\/fr\/wp-json\/wp\/v2\/types\/product"}],"replies":[{"embeddable":true,"href":"https:\/\/www.ghostysky.com\/fr\/wp-json\/wp\/v2\/comments?post=17663"}],"version-history":[{"count":0,"href":"https:\/\/www.ghostysky.com\/fr\/wp-json\/wp\/v2\/product\/17663\/revisions"}],"wp:featuredmedia":[{"embeddable":true,"href":"https:\/\/www.ghostysky.com\/fr\/wp-json\/wp\/v2\/media\/17430"}],"wp:attachment":[{"href":"https:\/\/www.ghostysky.com\/fr\/wp-json\/wp\/v2\/media?parent=17663"}],"wp:term":[{"taxonomy":"product_brand","embeddable":true,"href":"https:\/\/www.ghostysky.com\/fr\/wp-json\/wp\/v2\/product_brand?post=17663"},{"taxonomy":"product_cat","embeddable":true,"href":"https:\/\/www.ghostysky.com\/fr\/wp-json\/wp\/v2\/product_cat?post=17663"},{"taxonomy":"product_tag","embeddable":true,"href":"https:\/\/www.ghostysky.com\/fr\/wp-json\/wp\/v2\/product_tag?post=17663"}],"curies":[{"name":"wp","href":"https:\/\/api.w.org\/{rel}","templated":true}]}}