{"id":17668,"date":"2024-03-17T09:24:59","date_gmt":"2024-03-17T09:24:59","guid":{"rendered":"https:\/\/www.ghostysky.com\/?post_type=product&#038;p=17668"},"modified":"2024-05-26T09:26:49","modified_gmt":"2024-05-26T09:26:49","slug":"dji-air-3-intelligent-flight-battery","status":"publish","type":"product","link":"https:\/\/www.ghostysky.com\/fr\/product\/dji-air-3-intelligent-flight-battery\/","title":{"rendered":"Batterie de vol intelligente DJI Air 3"},"content":{"rendered":"<p data-sourcepos=\"3:1-3:71\">Voici quelques caract\u00e9ristiques cl\u00e9s de la batterie de vol intelligente DJI Air 3\u00a0:<\/p>\n<ul data-sourcepos=\"5:1-9:0\">\n<li data-sourcepos=\"5:1-5:20\">Capacit\u00e9 : 4241 mAh<\/li>\n<li data-sourcepos=\"6:1-6:25\">Type de batterie : Li-ion 4S<\/li>\n<li data-sourcepos=\"7:1-7:64\">Dur\u00e9e de vol maximale : jusqu&#039;\u00e0 46 minutes (dans des conditions id\u00e9ales)<\/li>\n<li data-sourcepos=\"8:1-9:0\">Compatible avec : DJI Air 3<\/li>\n<\/ul>\n<p data-sourcepos=\"10:1-10:223\"><strong>Important \u00e0 noter :<\/strong> La dur\u00e9e de vol de 46 minutes est obtenue dans des conditions id\u00e9ales, sans vent et avec des r\u00e9glages de vol sp\u00e9cifiques. La dur\u00e9e r\u00e9elle du vol peut varier en fonction des conditions m\u00e9t\u00e9orologiques, des itin\u00e9raires de vol et d&#039;autres facteurs.<\/p>","protected":false},"excerpt":{"rendered":"<p>La batterie de vol intelligente DJI Air 3 est une batterie lithium-ion (Li-ion) con\u00e7ue pour le drone DJI Air 3. Elle offre au drone une autonomie de vol maximale de 46 minutes dans des conditions id\u00e9ales.<\/p>","protected":false},"featured_media":17670,"comment_status":"open","ping_status":"closed","template":"","meta":[],"product_brand":[],"product_cat":[777,752,775,37,29],"product_tag":[753,42,804],"class_list":{"0":"post-17668","1":"product","2":"type-product","3":"status-publish","4":"has-post-thumbnail","6":"product_cat-accessories-air-3","7":"product_cat-aerial-photography","8":"product_cat-air-3","9":"product_cat-dji","10":"product_cat-drones","11":"product_tag-air-3","12":"product_tag-dji","13":"product_tag-intelligent-flight-battery","15":"first","16":"instock","17":"taxable","18":"shipping-taxable","19":"purchasable","20":"product-type-simple"},"yoast_head":"<!-- This site is optimized with the Yoast SEO plugin v27.4 - https:\/\/yoast.com\/product\/yoast-seo-wordpress\/ -->\n<title>DJI Air 3 Intelligent Flight Battery - Ghostysky<\/title>\n<meta name=\"description\" content=\"The DJI Air 3 Intelligent Flight Battery is a lithium-ion (Li-ion) battery designed for the DJI Air 3 drone. It provides the drone with a maximum flight time of up to 46 minutes under ideal conditions.\" \/>\n<meta name=\"robots\" content=\"index, follow, max-snippet:-1, max-image-preview:large, max-video-preview:-1\" \/>\n<link rel=\"canonical\" href=\"https:\/\/www.ghostysky.com\/fr\/product\/dji-air-3-intelligent-flight-battery\/\" \/>\n<meta property=\"og:locale\" content=\"fr_FR\" \/>\n<meta property=\"og:type\" content=\"article\" \/>\n<meta property=\"og:title\" content=\"DJI Air 3 Intelligent Flight Battery - Ghostysky\" \/>\n<meta property=\"og:description\" content=\"The DJI Air 3 Intelligent Flight Battery is a lithium-ion (Li-ion) battery designed for the DJI Air 3 drone. It provides the drone with a maximum flight time of up to 46 minutes under ideal conditions.\" \/>\n<meta property=\"og:url\" content=\"https:\/\/www.ghostysky.com\/fr\/product\/dji-air-3-intelligent-flight-battery\/\" \/>\n<meta property=\"og:site_name\" content=\"Ghostysky\" \/>\n<meta property=\"article:publisher\" content=\"https:\/\/www.facebook.com\/people\/Ghostysky\/100057676170234\/\" \/>\n<meta property=\"article:modified_time\" content=\"2024-05-26T09:26:49+00:00\" \/>\n<meta property=\"og:image\" content=\"https:\/\/www.ghostysky.com\/wp-content\/uploads\/2024\/03\/GH_DJI-Air-3-Intelligent-Flight-Battery_1.jpg\" \/>\n\t<meta property=\"og:image:width\" content=\"800\" \/>\n\t<meta property=\"og:image:height\" content=\"800\" \/>\n\t<meta property=\"og:image:type\" content=\"image\/jpeg\" \/>\n<meta name=\"twitter:card\" content=\"summary_large_image\" \/>\n<meta name=\"twitter:site\" content=\"@Gh0stysky\" \/>\n<meta name=\"twitter:label1\" content=\"Dur\u00e9e de lecture estim\u00e9e\" \/>\n\t<meta name=\"twitter:data1\" content=\"1 minute\" \/>\n<script type=\"application\/ld+json\" class=\"yoast-schema-graph\">{\"@context\":\"https:\\\/\\\/schema.org\",\"@graph\":[{\"@type\":\"WebPage\",\"@id\":\"https:\\\/\\\/www.ghostysky.com\\\/product\\\/dji-air-3-intelligent-flight-battery\\\/\",\"url\":\"https:\\\/\\\/www.ghostysky.com\\\/product\\\/dji-air-3-intelligent-flight-battery\\\/\",\"name\":\"DJI Air 3 Intelligent Flight Battery - Ghostysky\",\"isPartOf\":{\"@id\":\"https:\\\/\\\/www.ghostysky.com\\\/#website\"},\"primaryImageOfPage\":{\"@id\":\"https:\\\/\\\/www.ghostysky.com\\\/product\\\/dji-air-3-intelligent-flight-battery\\\/#primaryimage\"},\"image\":{\"@id\":\"https:\\\/\\\/www.ghostysky.com\\\/product\\\/dji-air-3-intelligent-flight-battery\\\/#primaryimage\"},\"thumbnailUrl\":\"https:\\\/\\\/www.ghostysky.com\\\/wp-content\\\/uploads\\\/2024\\\/03\\\/GH_DJI-Air-3-Intelligent-Flight-Battery_1.jpg\",\"datePublished\":\"2024-03-17T09:24:59+00:00\",\"dateModified\":\"2024-05-26T09:26:49+00:00\",\"description\":\"The DJI Air 3 Intelligent Flight Battery is a lithium-ion (Li-ion) battery designed for the DJI Air 3 drone. It provides the drone with a maximum flight time of up to 46 minutes under ideal conditions.\",\"breadcrumb\":{\"@id\":\"https:\\\/\\\/www.ghostysky.com\\\/product\\\/dji-air-3-intelligent-flight-battery\\\/#breadcrumb\"},\"inLanguage\":\"fr-FR\",\"potentialAction\":[{\"@type\":\"ReadAction\",\"target\":[\"https:\\\/\\\/www.ghostysky.com\\\/product\\\/dji-air-3-intelligent-flight-battery\\\/\"]}]},{\"@type\":\"ImageObject\",\"inLanguage\":\"fr-FR\",\"@id\":\"https:\\\/\\\/www.ghostysky.com\\\/product\\\/dji-air-3-intelligent-flight-battery\\\/#primaryimage\",\"url\":\"https:\\\/\\\/www.ghostysky.com\\\/wp-content\\\/uploads\\\/2024\\\/03\\\/GH_DJI-Air-3-Intelligent-Flight-Battery_1.jpg\",\"contentUrl\":\"https:\\\/\\\/www.ghostysky.com\\\/wp-content\\\/uploads\\\/2024\\\/03\\\/GH_DJI-Air-3-Intelligent-Flight-Battery_1.jpg\",\"width\":800,\"height\":800},{\"@type\":\"BreadcrumbList\",\"@id\":\"https:\\\/\\\/www.ghostysky.com\\\/product\\\/dji-air-3-intelligent-flight-battery\\\/#breadcrumb\",\"itemListElement\":[{\"@type\":\"ListItem\",\"position\":1,\"name\":\"Home\",\"item\":\"https:\\\/\\\/www.ghostysky.com\\\/\"},{\"@type\":\"ListItem\",\"position\":2,\"name\":\"Shop\",\"item\":\"https:\\\/\\\/www.ghostysky.com\\\/shop\\\/\"},{\"@type\":\"ListItem\",\"position\":3,\"name\":\"DJI Air 3 Intelligent Flight Battery\"}]},{\"@type\":\"WebSite\",\"@id\":\"https:\\\/\\\/www.ghostysky.com\\\/#website\",\"url\":\"https:\\\/\\\/www.ghostysky.com\\\/\",\"name\":\"Ghostysky\",\"description\":\"Delivering professional drones and robotics solutions\",\"publisher\":{\"@id\":\"https:\\\/\\\/www.ghostysky.com\\\/#organization\"},\"potentialAction\":[{\"@type\":\"SearchAction\",\"target\":{\"@type\":\"EntryPoint\",\"urlTemplate\":\"https:\\\/\\\/www.ghostysky.com\\\/?s={search_term_string}\"},\"query-input\":{\"@type\":\"PropertyValueSpecification\",\"valueRequired\":true,\"valueName\":\"search_term_string\"}}],\"inLanguage\":\"fr-FR\"},{\"@type\":\"Organization\",\"@id\":\"https:\\\/\\\/www.ghostysky.com\\\/#organization\",\"name\":\"Ghostysky\",\"url\":\"https:\\\/\\\/www.ghostysky.com\\\/\",\"logo\":{\"@type\":\"ImageObject\",\"inLanguage\":\"fr-FR\",\"@id\":\"https:\\\/\\\/www.ghostysky.com\\\/#\\\/schema\\\/logo\\\/image\\\/\",\"url\":\"https:\\\/\\\/www.ghostysky.com\\\/wp-content\\\/uploads\\\/2020\\\/06\\\/cropped-ghostyskylogo_text_white2.png\",\"contentUrl\":\"https:\\\/\\\/www.ghostysky.com\\\/wp-content\\\/uploads\\\/2020\\\/06\\\/cropped-ghostyskylogo_text_white2.png\",\"width\":169,\"height\":56,\"caption\":\"Ghostysky\"},\"image\":{\"@id\":\"https:\\\/\\\/www.ghostysky.com\\\/#\\\/schema\\\/logo\\\/image\\\/\"},\"sameAs\":[\"https:\\\/\\\/www.facebook.com\\\/people\\\/Ghostysky\\\/100057676170234\\\/\",\"https:\\\/\\\/x.com\\\/Gh0stysky\",\"https:\\\/\\\/www.linkedin.com\\\/company\\\/34739653\",\"https:\\\/\\\/www.instagram.com\\\/gh0stysky\"]}]}<\/script>\n<!-- \/ Yoast SEO plugin. -->","yoast_head_json":{"title":"Batterie de vol intelligente DJI Air 3 - Ghostysky","description":"La batterie de vol intelligente DJI Air 3 est une batterie lithium-ion (Li-ion) con\u00e7ue pour le drone DJI Air 3. Elle offre au drone une autonomie de vol maximale de 46 minutes dans des conditions id\u00e9ales.","robots":{"index":"index","follow":"follow","max-snippet":"max-snippet:-1","max-image-preview":"max-image-preview:large","max-video-preview":"max-video-preview:-1"},"canonical":"https:\/\/www.ghostysky.com\/fr\/product\/dji-air-3-intelligent-flight-battery\/","og_locale":"fr_FR","og_type":"article","og_title":"DJI Air 3 Intelligent Flight Battery - Ghostysky","og_description":"The DJI Air 3 Intelligent Flight Battery is a lithium-ion (Li-ion) battery designed for the DJI Air 3 drone. It provides the drone with a maximum flight time of up to 46 minutes under ideal conditions.","og_url":"https:\/\/www.ghostysky.com\/fr\/product\/dji-air-3-intelligent-flight-battery\/","og_site_name":"Ghostysky","article_publisher":"https:\/\/www.facebook.com\/people\/Ghostysky\/100057676170234\/","article_modified_time":"2024-05-26T09:26:49+00:00","og_image":[{"width":800,"height":800,"url":"https:\/\/www.ghostysky.com\/wp-content\/uploads\/2024\/03\/GH_DJI-Air-3-Intelligent-Flight-Battery_1.jpg","type":"image\/jpeg"}],"twitter_card":"summary_large_image","twitter_site":"@Gh0stysky","twitter_misc":{"Dur\u00e9e de lecture estim\u00e9e":"1 minute"},"schema":{"@context":"https:\/\/schema.org","@graph":[{"@type":"WebPage","@id":"https:\/\/www.ghostysky.com\/product\/dji-air-3-intelligent-flight-battery\/","url":"https:\/\/www.ghostysky.com\/product\/dji-air-3-intelligent-flight-battery\/","name":"Batterie de vol intelligente DJI Air 3 - Ghostysky","isPartOf":{"@id":"https:\/\/www.ghostysky.com\/#website"},"primaryImageOfPage":{"@id":"https:\/\/www.ghostysky.com\/product\/dji-air-3-intelligent-flight-battery\/#primaryimage"},"image":{"@id":"https:\/\/www.ghostysky.com\/product\/dji-air-3-intelligent-flight-battery\/#primaryimage"},"thumbnailUrl":"https:\/\/www.ghostysky.com\/wp-content\/uploads\/2024\/03\/GH_DJI-Air-3-Intelligent-Flight-Battery_1.jpg","datePublished":"2024-03-17T09:24:59+00:00","dateModified":"2024-05-26T09:26:49+00:00","description":"La batterie de vol intelligente DJI Air 3 est une batterie lithium-ion (Li-ion) con\u00e7ue pour le drone DJI Air 3. Elle offre au drone une autonomie de vol maximale de 46 minutes dans des conditions id\u00e9ales.","breadcrumb":{"@id":"https:\/\/www.ghostysky.com\/product\/dji-air-3-intelligent-flight-battery\/#breadcrumb"},"inLanguage":"fr-FR","potentialAction":[{"@type":"ReadAction","target":["https:\/\/www.ghostysky.com\/product\/dji-air-3-intelligent-flight-battery\/"]}]},{"@type":"ImageObject","inLanguage":"fr-FR","@id":"https:\/\/www.ghostysky.com\/product\/dji-air-3-intelligent-flight-battery\/#primaryimage","url":"https:\/\/www.ghostysky.com\/wp-content\/uploads\/2024\/03\/GH_DJI-Air-3-Intelligent-Flight-Battery_1.jpg","contentUrl":"https:\/\/www.ghostysky.com\/wp-content\/uploads\/2024\/03\/GH_DJI-Air-3-Intelligent-Flight-Battery_1.jpg","width":800,"height":800},{"@type":"BreadcrumbList","@id":"https:\/\/www.ghostysky.com\/product\/dji-air-3-intelligent-flight-battery\/#breadcrumb","itemListElement":[{"@type":"ListItem","position":1,"name":"Home","item":"https:\/\/www.ghostysky.com\/"},{"@type":"ListItem","position":2,"name":"Shop","item":"https:\/\/www.ghostysky.com\/shop\/"},{"@type":"ListItem","position":3,"name":"DJI Air 3 Intelligent Flight Battery"}]},{"@type":"WebSite","@id":"https:\/\/www.ghostysky.com\/#website","url":"https:\/\/www.ghostysky.com\/","name":"Ghostysky","description":"Fourniture de solutions professionnelles en mati\u00e8re de drones et de robotique","publisher":{"@id":"https:\/\/www.ghostysky.com\/#organization"},"potentialAction":[{"@type":"SearchAction","target":{"@type":"EntryPoint","urlTemplate":"https:\/\/www.ghostysky.com\/?s={search_term_string}"},"query-input":{"@type":"PropertyValueSpecification","valueRequired":true,"valueName":"search_term_string"}}],"inLanguage":"fr-FR"},{"@type":"Organization","@id":"https:\/\/www.ghostysky.com\/#organization","name":"Ghostysky","url":"https:\/\/www.ghostysky.com\/","logo":{"@type":"ImageObject","inLanguage":"fr-FR","@id":"https:\/\/www.ghostysky.com\/#\/schema\/logo\/image\/","url":"https:\/\/www.ghostysky.com\/wp-content\/uploads\/2020\/06\/cropped-ghostyskylogo_text_white2.png","contentUrl":"https:\/\/www.ghostysky.com\/wp-content\/uploads\/2020\/06\/cropped-ghostyskylogo_text_white2.png","width":169,"height":56,"caption":"Ghostysky"},"image":{"@id":"https:\/\/www.ghostysky.com\/#\/schema\/logo\/image\/"},"sameAs":["https:\/\/www.facebook.com\/people\/Ghostysky\/100057676170234\/","https:\/\/x.com\/Gh0stysky","https:\/\/www.linkedin.com\/company\/34739653","https:\/\/www.instagram.com\/gh0stysky"]}]}},"_links":{"self":[{"href":"https:\/\/www.ghostysky.com\/fr\/wp-json\/wp\/v2\/product\/17668","targetHints":{"allow":["GET"]}}],"collection":[{"href":"https:\/\/www.ghostysky.com\/fr\/wp-json\/wp\/v2\/product"}],"about":[{"href":"https:\/\/www.ghostysky.com\/fr\/wp-json\/wp\/v2\/types\/product"}],"replies":[{"embeddable":true,"href":"https:\/\/www.ghostysky.com\/fr\/wp-json\/wp\/v2\/comments?post=17668"}],"version-history":[{"count":0,"href":"https:\/\/www.ghostysky.com\/fr\/wp-json\/wp\/v2\/product\/17668\/revisions"}],"wp:featuredmedia":[{"embeddable":true,"href":"https:\/\/www.ghostysky.com\/fr\/wp-json\/wp\/v2\/media\/17670"}],"wp:attachment":[{"href":"https:\/\/www.ghostysky.com\/fr\/wp-json\/wp\/v2\/media?parent=17668"}],"wp:term":[{"taxonomy":"product_brand","embeddable":true,"href":"https:\/\/www.ghostysky.com\/fr\/wp-json\/wp\/v2\/product_brand?post=17668"},{"taxonomy":"product_cat","embeddable":true,"href":"https:\/\/www.ghostysky.com\/fr\/wp-json\/wp\/v2\/product_cat?post=17668"},{"taxonomy":"product_tag","embeddable":true,"href":"https:\/\/www.ghostysky.com\/fr\/wp-json\/wp\/v2\/product_tag?post=17668"}],"curies":[{"name":"wp","href":"https:\/\/api.w.org\/{rel}","templated":true}]}}