{"id":17678,"date":"2024-03-17T10:01:57","date_gmt":"2024-03-17T10:01:57","guid":{"rendered":"https:\/\/www.ghostysky.com\/?post_type=product&#038;p=17678"},"modified":"2024-09-05T23:35:06","modified_gmt":"2024-09-05T23:35:06","slug":"dji-air-3-gimbal-protector","status":"publish","type":"product","link":"https:\/\/www.ghostysky.com\/fr\/product\/dji-air-3-gimbal-protector\/","title":{"rendered":"Protecteur de cardan DJI Air 3"},"content":{"rendered":"<ul data-sourcepos=\"5:1-8:0\">\n<li data-sourcepos=\"5:1-5:69\">Il est g\u00e9n\u00e9ralement fabriqu\u00e9 \u00e0 partir d\u2019un mat\u00e9riau l\u00e9ger et absorbant les chocs.<\/li>\n<li data-sourcepos=\"6:1-6:61\">Il se fixe au corps du drone autour du cardan et de la cam\u00e9ra.<\/li>\n<li data-sourcepos=\"7:1-8:0\">Il est con\u00e7u pour \u00eatre facile \u00e0 installer et \u00e0 retirer.<\/li>\n<\/ul>\n<p data-sourcepos=\"9:1-9:200\">Bien qu&#039;une protection de nacelle puisse offrir une certaine tranquillit\u00e9 d&#039;esprit, il est important de garder \u00e0 l&#039;esprit que ce n&#039;est pas une solution infaillible. Pilotez toujours votre drone avec prudence et \u00e9vitez les situations o\u00f9 une collision est probable.<\/p>","protected":false},"excerpt":{"rendered":"<p>La protection de nacelle DJI Air 3 est un accessoire sp\u00e9cialement con\u00e7u pour le drone DJI Air 3. Elle prot\u00e8ge la nacelle et la cam\u00e9ra du drone des dommages potentiels caus\u00e9s par les collisions. Ces protections sont g\u00e9n\u00e9ralement faciles \u00e0 installer et \u00e0 retirer.<\/p>","protected":false},"featured_media":17680,"comment_status":"open","ping_status":"closed","template":"","meta":[],"product_brand":[],"product_cat":[461,777,752,775,37,29],"product_tag":[753,42,807],"class_list":{"0":"post-17678","1":"product","2":"type-product","3":"status-publish","4":"has-post-thumbnail","6":"product_cat-accessories-2","7":"product_cat-accessories-air-3","8":"product_cat-aerial-photography","9":"product_cat-air-3","10":"product_cat-dji","11":"product_cat-drones","12":"product_tag-air-3","13":"product_tag-dji","14":"product_tag-gimbal-protector","16":"first","17":"instock","18":"taxable","19":"shipping-taxable","20":"purchasable","21":"product-type-simple"},"yoast_head":"<!-- This site is optimized with the Yoast SEO plugin v27.4 - https:\/\/yoast.com\/product\/yoast-seo-wordpress\/ -->\n<title>DJI Air 3 Gimbal Protector - Ghostysky<\/title>\n<meta name=\"description\" content=\"The DJI Air 3 Gimbal Protector is an accessory designed specifically for the DJI Air 3 drone. Its purpose is to shield the drone&#039;s gimbal and camera from potential damage caused by collisions. These protectors are generally easy to install and remove.\" \/>\n<meta name=\"robots\" content=\"index, follow, max-snippet:-1, max-image-preview:large, max-video-preview:-1\" \/>\n<link rel=\"canonical\" href=\"https:\/\/www.ghostysky.com\/fr\/product\/dji-air-3-gimbal-protector\/\" \/>\n<meta property=\"og:locale\" content=\"fr_FR\" \/>\n<meta property=\"og:type\" content=\"article\" \/>\n<meta property=\"og:title\" content=\"DJI Air 3 Gimbal Protector - Ghostysky\" \/>\n<meta property=\"og:description\" content=\"The DJI Air 3 Gimbal Protector is an accessory designed specifically for the DJI Air 3 drone. Its purpose is to shield the drone&#039;s gimbal and camera from potential damage caused by collisions. These protectors are generally easy to install and remove.\" \/>\n<meta property=\"og:url\" content=\"https:\/\/www.ghostysky.com\/fr\/product\/dji-air-3-gimbal-protector\/\" \/>\n<meta property=\"og:site_name\" content=\"Ghostysky\" \/>\n<meta property=\"article:publisher\" content=\"https:\/\/www.facebook.com\/people\/Ghostysky\/100057676170234\/\" \/>\n<meta property=\"article:modified_time\" content=\"2024-09-05T23:35:06+00:00\" \/>\n<meta property=\"og:image\" content=\"https:\/\/www.ghostysky.com\/wp-content\/uploads\/2024\/03\/GH_DJI-Air-3-Gimbal-Protector_1.jpg\" \/>\n\t<meta property=\"og:image:width\" content=\"800\" \/>\n\t<meta property=\"og:image:height\" content=\"800\" \/>\n\t<meta property=\"og:image:type\" content=\"image\/jpeg\" \/>\n<meta name=\"twitter:card\" content=\"summary_large_image\" \/>\n<meta name=\"twitter:site\" content=\"@Gh0stysky\" \/>\n<meta name=\"twitter:label1\" content=\"Dur\u00e9e de lecture estim\u00e9e\" \/>\n\t<meta name=\"twitter:data1\" content=\"1 minute\" \/>\n<script type=\"application\/ld+json\" class=\"yoast-schema-graph\">{\"@context\":\"https:\\\/\\\/schema.org\",\"@graph\":[{\"@type\":\"WebPage\",\"@id\":\"https:\\\/\\\/www.ghostysky.com\\\/product\\\/dji-air-3-gimbal-protector\\\/\",\"url\":\"https:\\\/\\\/www.ghostysky.com\\\/product\\\/dji-air-3-gimbal-protector\\\/\",\"name\":\"DJI Air 3 Gimbal Protector - Ghostysky\",\"isPartOf\":{\"@id\":\"https:\\\/\\\/www.ghostysky.com\\\/#website\"},\"primaryImageOfPage\":{\"@id\":\"https:\\\/\\\/www.ghostysky.com\\\/product\\\/dji-air-3-gimbal-protector\\\/#primaryimage\"},\"image\":{\"@id\":\"https:\\\/\\\/www.ghostysky.com\\\/product\\\/dji-air-3-gimbal-protector\\\/#primaryimage\"},\"thumbnailUrl\":\"https:\\\/\\\/www.ghostysky.com\\\/wp-content\\\/uploads\\\/2024\\\/03\\\/GH_DJI-Air-3-Gimbal-Protector_1.jpg\",\"datePublished\":\"2024-03-17T10:01:57+00:00\",\"dateModified\":\"2024-09-05T23:35:06+00:00\",\"description\":\"The DJI Air 3 Gimbal Protector is an accessory designed specifically for the DJI Air 3 drone. Its purpose is to shield the drone's gimbal and camera from potential damage caused by collisions. These protectors are generally easy to install and remove.\",\"breadcrumb\":{\"@id\":\"https:\\\/\\\/www.ghostysky.com\\\/product\\\/dji-air-3-gimbal-protector\\\/#breadcrumb\"},\"inLanguage\":\"fr-FR\",\"potentialAction\":[{\"@type\":\"ReadAction\",\"target\":[\"https:\\\/\\\/www.ghostysky.com\\\/product\\\/dji-air-3-gimbal-protector\\\/\"]}]},{\"@type\":\"ImageObject\",\"inLanguage\":\"fr-FR\",\"@id\":\"https:\\\/\\\/www.ghostysky.com\\\/product\\\/dji-air-3-gimbal-protector\\\/#primaryimage\",\"url\":\"https:\\\/\\\/www.ghostysky.com\\\/wp-content\\\/uploads\\\/2024\\\/03\\\/GH_DJI-Air-3-Gimbal-Protector_1.jpg\",\"contentUrl\":\"https:\\\/\\\/www.ghostysky.com\\\/wp-content\\\/uploads\\\/2024\\\/03\\\/GH_DJI-Air-3-Gimbal-Protector_1.jpg\",\"width\":800,\"height\":800},{\"@type\":\"BreadcrumbList\",\"@id\":\"https:\\\/\\\/www.ghostysky.com\\\/product\\\/dji-air-3-gimbal-protector\\\/#breadcrumb\",\"itemListElement\":[{\"@type\":\"ListItem\",\"position\":1,\"name\":\"Home\",\"item\":\"https:\\\/\\\/www.ghostysky.com\\\/\"},{\"@type\":\"ListItem\",\"position\":2,\"name\":\"Shop\",\"item\":\"https:\\\/\\\/www.ghostysky.com\\\/shop\\\/\"},{\"@type\":\"ListItem\",\"position\":3,\"name\":\"DJI Air 3 Gimbal Protector\"}]},{\"@type\":\"WebSite\",\"@id\":\"https:\\\/\\\/www.ghostysky.com\\\/#website\",\"url\":\"https:\\\/\\\/www.ghostysky.com\\\/\",\"name\":\"Ghostysky\",\"description\":\"Delivering professional drones and services\",\"publisher\":{\"@id\":\"https:\\\/\\\/www.ghostysky.com\\\/#organization\"},\"potentialAction\":[{\"@type\":\"SearchAction\",\"target\":{\"@type\":\"EntryPoint\",\"urlTemplate\":\"https:\\\/\\\/www.ghostysky.com\\\/?s={search_term_string}\"},\"query-input\":{\"@type\":\"PropertyValueSpecification\",\"valueRequired\":true,\"valueName\":\"search_term_string\"}}],\"inLanguage\":\"fr-FR\"},{\"@type\":\"Organization\",\"@id\":\"https:\\\/\\\/www.ghostysky.com\\\/#organization\",\"name\":\"Ghostysky\",\"url\":\"https:\\\/\\\/www.ghostysky.com\\\/\",\"logo\":{\"@type\":\"ImageObject\",\"inLanguage\":\"fr-FR\",\"@id\":\"https:\\\/\\\/www.ghostysky.com\\\/#\\\/schema\\\/logo\\\/image\\\/\",\"url\":\"https:\\\/\\\/www.ghostysky.com\\\/wp-content\\\/uploads\\\/2020\\\/06\\\/cropped-ghostyskylogo_text_white2.png\",\"contentUrl\":\"https:\\\/\\\/www.ghostysky.com\\\/wp-content\\\/uploads\\\/2020\\\/06\\\/cropped-ghostyskylogo_text_white2.png\",\"width\":169,\"height\":56,\"caption\":\"Ghostysky\"},\"image\":{\"@id\":\"https:\\\/\\\/www.ghostysky.com\\\/#\\\/schema\\\/logo\\\/image\\\/\"},\"sameAs\":[\"https:\\\/\\\/www.facebook.com\\\/people\\\/Ghostysky\\\/100057676170234\\\/\",\"https:\\\/\\\/x.com\\\/Gh0stysky\",\"https:\\\/\\\/www.linkedin.com\\\/company\\\/34739653\",\"https:\\\/\\\/www.instagram.com\\\/gh0stysky\"]}]}<\/script>\n<!-- \/ Yoast SEO plugin. -->","yoast_head_json":{"title":"Protection pour cardan DJI Air 3 - Ghostysky","description":"La protection de nacelle DJI Air 3 est un accessoire sp\u00e9cialement con\u00e7u pour le drone DJI Air 3. Elle prot\u00e8ge la nacelle et la cam\u00e9ra du drone des dommages potentiels caus\u00e9s par les collisions. Ces protections sont g\u00e9n\u00e9ralement faciles \u00e0 installer et \u00e0 retirer.","robots":{"index":"index","follow":"follow","max-snippet":"max-snippet:-1","max-image-preview":"max-image-preview:large","max-video-preview":"max-video-preview:-1"},"canonical":"https:\/\/www.ghostysky.com\/fr\/product\/dji-air-3-gimbal-protector\/","og_locale":"fr_FR","og_type":"article","og_title":"DJI Air 3 Gimbal Protector - Ghostysky","og_description":"The DJI Air 3 Gimbal Protector is an accessory designed specifically for the DJI Air 3 drone. Its purpose is to shield the drone's gimbal and camera from potential damage caused by collisions. These protectors are generally easy to install and remove.","og_url":"https:\/\/www.ghostysky.com\/fr\/product\/dji-air-3-gimbal-protector\/","og_site_name":"Ghostysky","article_publisher":"https:\/\/www.facebook.com\/people\/Ghostysky\/100057676170234\/","article_modified_time":"2024-09-05T23:35:06+00:00","og_image":[{"width":800,"height":800,"url":"https:\/\/www.ghostysky.com\/wp-content\/uploads\/2024\/03\/GH_DJI-Air-3-Gimbal-Protector_1.jpg","type":"image\/jpeg"}],"twitter_card":"summary_large_image","twitter_site":"@Gh0stysky","twitter_misc":{"Dur\u00e9e de lecture estim\u00e9e":"1 minute"},"schema":{"@context":"https:\/\/schema.org","@graph":[{"@type":"WebPage","@id":"https:\/\/www.ghostysky.com\/product\/dji-air-3-gimbal-protector\/","url":"https:\/\/www.ghostysky.com\/product\/dji-air-3-gimbal-protector\/","name":"Protection pour cardan DJI Air 3 - Ghostysky","isPartOf":{"@id":"https:\/\/www.ghostysky.com\/#website"},"primaryImageOfPage":{"@id":"https:\/\/www.ghostysky.com\/product\/dji-air-3-gimbal-protector\/#primaryimage"},"image":{"@id":"https:\/\/www.ghostysky.com\/product\/dji-air-3-gimbal-protector\/#primaryimage"},"thumbnailUrl":"https:\/\/www.ghostysky.com\/wp-content\/uploads\/2024\/03\/GH_DJI-Air-3-Gimbal-Protector_1.jpg","datePublished":"2024-03-17T10:01:57+00:00","dateModified":"2024-09-05T23:35:06+00:00","description":"La protection de nacelle DJI Air 3 est un accessoire sp\u00e9cialement con\u00e7u pour le drone DJI Air 3. Elle prot\u00e8ge la nacelle et la cam\u00e9ra du drone des dommages potentiels caus\u00e9s par les collisions. Ces protections sont g\u00e9n\u00e9ralement faciles \u00e0 installer et \u00e0 retirer.","breadcrumb":{"@id":"https:\/\/www.ghostysky.com\/product\/dji-air-3-gimbal-protector\/#breadcrumb"},"inLanguage":"fr-FR","potentialAction":[{"@type":"ReadAction","target":["https:\/\/www.ghostysky.com\/product\/dji-air-3-gimbal-protector\/"]}]},{"@type":"ImageObject","inLanguage":"fr-FR","@id":"https:\/\/www.ghostysky.com\/product\/dji-air-3-gimbal-protector\/#primaryimage","url":"https:\/\/www.ghostysky.com\/wp-content\/uploads\/2024\/03\/GH_DJI-Air-3-Gimbal-Protector_1.jpg","contentUrl":"https:\/\/www.ghostysky.com\/wp-content\/uploads\/2024\/03\/GH_DJI-Air-3-Gimbal-Protector_1.jpg","width":800,"height":800},{"@type":"BreadcrumbList","@id":"https:\/\/www.ghostysky.com\/product\/dji-air-3-gimbal-protector\/#breadcrumb","itemListElement":[{"@type":"ListItem","position":1,"name":"Home","item":"https:\/\/www.ghostysky.com\/"},{"@type":"ListItem","position":2,"name":"Shop","item":"https:\/\/www.ghostysky.com\/shop\/"},{"@type":"ListItem","position":3,"name":"DJI Air 3 Gimbal Protector"}]},{"@type":"WebSite","@id":"https:\/\/www.ghostysky.com\/#website","url":"https:\/\/www.ghostysky.com\/","name":"Ghostysky","description":"Livraison de drones et de services professionnels","publisher":{"@id":"https:\/\/www.ghostysky.com\/#organization"},"potentialAction":[{"@type":"SearchAction","target":{"@type":"EntryPoint","urlTemplate":"https:\/\/www.ghostysky.com\/?s={search_term_string}"},"query-input":{"@type":"PropertyValueSpecification","valueRequired":true,"valueName":"search_term_string"}}],"inLanguage":"fr-FR"},{"@type":"Organization","@id":"https:\/\/www.ghostysky.com\/#organization","name":"Ghostysky","url":"https:\/\/www.ghostysky.com\/","logo":{"@type":"ImageObject","inLanguage":"fr-FR","@id":"https:\/\/www.ghostysky.com\/#\/schema\/logo\/image\/","url":"https:\/\/www.ghostysky.com\/wp-content\/uploads\/2020\/06\/cropped-ghostyskylogo_text_white2.png","contentUrl":"https:\/\/www.ghostysky.com\/wp-content\/uploads\/2020\/06\/cropped-ghostyskylogo_text_white2.png","width":169,"height":56,"caption":"Ghostysky"},"image":{"@id":"https:\/\/www.ghostysky.com\/#\/schema\/logo\/image\/"},"sameAs":["https:\/\/www.facebook.com\/people\/Ghostysky\/100057676170234\/","https:\/\/x.com\/Gh0stysky","https:\/\/www.linkedin.com\/company\/34739653","https:\/\/www.instagram.com\/gh0stysky"]}]}},"_links":{"self":[{"href":"https:\/\/www.ghostysky.com\/fr\/wp-json\/wp\/v2\/product\/17678","targetHints":{"allow":["GET"]}}],"collection":[{"href":"https:\/\/www.ghostysky.com\/fr\/wp-json\/wp\/v2\/product"}],"about":[{"href":"https:\/\/www.ghostysky.com\/fr\/wp-json\/wp\/v2\/types\/product"}],"replies":[{"embeddable":true,"href":"https:\/\/www.ghostysky.com\/fr\/wp-json\/wp\/v2\/comments?post=17678"}],"version-history":[{"count":0,"href":"https:\/\/www.ghostysky.com\/fr\/wp-json\/wp\/v2\/product\/17678\/revisions"}],"wp:featuredmedia":[{"embeddable":true,"href":"https:\/\/www.ghostysky.com\/fr\/wp-json\/wp\/v2\/media\/17680"}],"wp:attachment":[{"href":"https:\/\/www.ghostysky.com\/fr\/wp-json\/wp\/v2\/media?parent=17678"}],"wp:term":[{"taxonomy":"product_brand","embeddable":true,"href":"https:\/\/www.ghostysky.com\/fr\/wp-json\/wp\/v2\/product_brand?post=17678"},{"taxonomy":"product_cat","embeddable":true,"href":"https:\/\/www.ghostysky.com\/fr\/wp-json\/wp\/v2\/product_cat?post=17678"},{"taxonomy":"product_tag","embeddable":true,"href":"https:\/\/www.ghostysky.com\/fr\/wp-json\/wp\/v2\/product_tag?post=17678"}],"curies":[{"name":"wp","href":"https:\/\/api.w.org\/{rel}","templated":true}]}}