{"id":17701,"date":"2024-03-17T10:48:19","date_gmt":"2024-03-17T10:48:19","guid":{"rendered":"https:\/\/www.ghostysky.com\/?post_type=product&#038;p=17701"},"modified":"2024-11-01T16:39:17","modified_gmt":"2024-11-01T16:39:17","slug":"dji-mini-4-pro-mini-3-pro-propellers","status":"publish","type":"product","link":"https:\/\/www.ghostysky.com\/fr\/product\/dji-mini-4-pro-mini-3-pro-propellers\/","title":{"rendered":"H\u00e9lices DJI Mini 4 Pro\/Mini 3 Pro"},"content":{"rendered":"<p data-sourcepos=\"4:1-4:548\">Les h\u00e9lices sont livr\u00e9es par paire\u00a0: deux h\u00e9lices \u00e0 rotation horaire (CW) et deux h\u00e9lices \u00e0 rotation antihoraire (CCW). Il est important de fixer les h\u00e9lices aux bons moteurs de votre drone, sinon celui-ci ne pourra pas voler. Les h\u00e9lices du DJI Mini 4 Pro\/Mini 3 Pro sont fabriqu\u00e9es en plastique r\u00e9sistant et devraient r\u00e9sister \u00e0 une usure importante. Cependant, si vous endommagez une h\u00e9lice, il est important de la remplacer au plus vite. Des h\u00e9lices endommag\u00e9es peuvent entra\u00eener un vol irr\u00e9gulier de votre drone, voire un crash.<\/p>\n<p data-sourcepos=\"6:1-6:91\">Voici quelques \u00e9l\u00e9ments suppl\u00e9mentaires \u00e0 garder \u00e0 l&#039;esprit \u00e0 propos des h\u00e9lices DJI Mini 4 Pro\/Mini 3 Pro\u00a0:<\/p>\n<ul data-sourcepos=\"8:1-10:75\">\n<li data-sourcepos=\"8:1-8:54\">Ils sont relativement peu co\u00fbteux et faciles \u00e0 remplacer.<\/li>\n<li data-sourcepos=\"9:1-9:86\">DJI vous recommande de remplacer vos h\u00e9lices toutes les 50 heures de vol.<\/li>\n<li data-sourcepos=\"10:1-10:75\">Vous pouvez trouver des h\u00e9lices de remplacement aupr\u00e8s de DJI ou de fournisseurs tiers.<\/li>\n<\/ul>","protected":false},"excerpt":{"rendered":"<p>Les h\u00e9lices DJI Mini 4 Pro\/Mini 3 Pro sont sp\u00e9cialement con\u00e7ues pour les drones DJI Mini 4 Pro et DJI Mini 3 Pro. Con\u00e7ues pour une a\u00e9rodynamique optimale, elles permettront \u00e0 votre drone de voler plus longtemps et plus silencieusement. Elles ont \u00e9galement \u00e9t\u00e9 pr\u00e9cis\u00e9ment \u00e9quilibr\u00e9es pour r\u00e9duire les vibrations et am\u00e9liorer la qualit\u00e9 de vos images.<\/p>","protected":false},"featured_media":17703,"comment_status":"open","ping_status":"closed","template":"","meta":[],"product_brand":[],"product_cat":[793,797,752,37,29,794,796],"product_tag":[42,800,802,168],"class_list":{"0":"post-17701","1":"product","2":"type-product","3":"status-publish","4":"has-post-thumbnail","6":"product_cat-accessories-mini-3-pro","7":"product_cat-accessories-mini-4-pro","8":"product_cat-aerial-photography","9":"product_cat-dji","10":"product_cat-drones","11":"product_cat-mini-3-pro","12":"product_cat-mini-4-pro","13":"product_tag-dji","14":"product_tag-mini-3-pro","15":"product_tag-mini-4-pro","16":"product_tag-propellers","18":"first","19":"onbackorder","20":"taxable","21":"shipping-taxable","22":"purchasable","23":"product-type-simple"},"yoast_head":"<!-- This site is optimized with the Yoast SEO plugin v27.1.1 - https:\/\/yoast.com\/product\/yoast-seo-wordpress\/ -->\n<title>DJI Mini 4 Pro\/Mini 3 Pro Propellers - Ghostysky<\/title>\n<meta name=\"description\" content=\"DJI Mini 4 Pro\/Mini 3 Pro propellers are specifically designed for the DJI Mini 4 Pro and DJI Mini 3 Pro drones. These propellers are made to be aerodynamically efficient, which means they will help your drone fly longer and quieter. They have also been precisely balanced to reduce vibrations, which can improve the quality of your footage.\" \/>\n<meta name=\"robots\" content=\"index, follow, max-snippet:-1, max-image-preview:large, max-video-preview:-1\" \/>\n<link rel=\"canonical\" href=\"https:\/\/www.ghostysky.com\/fr\/product\/dji-mini-4-pro-mini-3-pro-propellers\/\" \/>\n<meta property=\"og:locale\" content=\"fr_FR\" \/>\n<meta property=\"og:type\" content=\"article\" \/>\n<meta property=\"og:title\" content=\"DJI Mini 4 Pro\/Mini 3 Pro Propellers - Ghostysky\" \/>\n<meta property=\"og:description\" content=\"DJI Mini 4 Pro\/Mini 3 Pro propellers are specifically designed for the DJI Mini 4 Pro and DJI Mini 3 Pro drones. These propellers are made to be aerodynamically efficient, which means they will help your drone fly longer and quieter. They have also been precisely balanced to reduce vibrations, which can improve the quality of your footage.\" \/>\n<meta property=\"og:url\" content=\"https:\/\/www.ghostysky.com\/fr\/product\/dji-mini-4-pro-mini-3-pro-propellers\/\" \/>\n<meta property=\"og:site_name\" content=\"Ghostysky\" \/>\n<meta property=\"article:publisher\" content=\"https:\/\/www.facebook.com\/people\/Ghostysky\/100057676170234\/\" \/>\n<meta property=\"article:modified_time\" content=\"2024-11-01T16:39:17+00:00\" \/>\n<meta property=\"og:image\" content=\"https:\/\/www.ghostysky.com\/wp-content\/uploads\/2024\/03\/GH_DJI-Mini-4-Pro-Mini-3-Pro-Propellers_1.jpg\" \/>\n\t<meta property=\"og:image:width\" content=\"1200\" \/>\n\t<meta property=\"og:image:height\" content=\"800\" \/>\n\t<meta property=\"og:image:type\" content=\"image\/jpeg\" \/>\n<meta name=\"twitter:card\" content=\"summary_large_image\" \/>\n<meta name=\"twitter:site\" content=\"@Gh0stysky\" \/>\n<meta name=\"twitter:label1\" content=\"Dur\u00e9e de lecture estim\u00e9e\" \/>\n\t<meta name=\"twitter:data1\" content=\"1 minute\" \/>\n<script type=\"application\/ld+json\" class=\"yoast-schema-graph\">{\"@context\":\"https:\/\/schema.org\",\"@graph\":[{\"@type\":\"WebPage\",\"@id\":\"https:\/\/www.ghostysky.com\/product\/dji-mini-4-pro-mini-3-pro-propellers\/\",\"url\":\"https:\/\/www.ghostysky.com\/product\/dji-mini-4-pro-mini-3-pro-propellers\/\",\"name\":\"DJI Mini 4 Pro\/Mini 3 Pro Propellers - Ghostysky\",\"isPartOf\":{\"@id\":\"https:\/\/www.ghostysky.com\/#website\"},\"primaryImageOfPage\":{\"@id\":\"https:\/\/www.ghostysky.com\/product\/dji-mini-4-pro-mini-3-pro-propellers\/#primaryimage\"},\"image\":{\"@id\":\"https:\/\/www.ghostysky.com\/product\/dji-mini-4-pro-mini-3-pro-propellers\/#primaryimage\"},\"thumbnailUrl\":\"https:\/\/www.ghostysky.com\/wp-content\/uploads\/2024\/03\/GH_DJI-Mini-4-Pro-Mini-3-Pro-Propellers_1.jpg\",\"datePublished\":\"2024-03-17T10:48:19+00:00\",\"dateModified\":\"2024-11-01T16:39:17+00:00\",\"description\":\"DJI Mini 4 Pro\/Mini 3 Pro propellers are specifically designed for the DJI Mini 4 Pro and DJI Mini 3 Pro drones. These propellers are made to be aerodynamically efficient, which means they will help your drone fly longer and quieter. They have also been precisely balanced to reduce vibrations, which can improve the quality of your footage.\",\"breadcrumb\":{\"@id\":\"https:\/\/www.ghostysky.com\/product\/dji-mini-4-pro-mini-3-pro-propellers\/#breadcrumb\"},\"inLanguage\":\"fr-FR\",\"potentialAction\":[{\"@type\":\"ReadAction\",\"target\":[\"https:\/\/www.ghostysky.com\/product\/dji-mini-4-pro-mini-3-pro-propellers\/\"]}]},{\"@type\":\"ImageObject\",\"inLanguage\":\"fr-FR\",\"@id\":\"https:\/\/www.ghostysky.com\/product\/dji-mini-4-pro-mini-3-pro-propellers\/#primaryimage\",\"url\":\"https:\/\/www.ghostysky.com\/wp-content\/uploads\/2024\/03\/GH_DJI-Mini-4-Pro-Mini-3-Pro-Propellers_1.jpg\",\"contentUrl\":\"https:\/\/www.ghostysky.com\/wp-content\/uploads\/2024\/03\/GH_DJI-Mini-4-Pro-Mini-3-Pro-Propellers_1.jpg\",\"width\":1200,\"height\":800},{\"@type\":\"BreadcrumbList\",\"@id\":\"https:\/\/www.ghostysky.com\/product\/dji-mini-4-pro-mini-3-pro-propellers\/#breadcrumb\",\"itemListElement\":[{\"@type\":\"ListItem\",\"position\":1,\"name\":\"Home\",\"item\":\"https:\/\/www.ghostysky.com\/\"},{\"@type\":\"ListItem\",\"position\":2,\"name\":\"Shop\",\"item\":\"https:\/\/www.ghostysky.com\/shop\/\"},{\"@type\":\"ListItem\",\"position\":3,\"name\":\"DJI Mini 4 Pro\/Mini 3 Pro Propellers\"}]},{\"@type\":\"WebSite\",\"@id\":\"https:\/\/www.ghostysky.com\/#website\",\"url\":\"https:\/\/www.ghostysky.com\/\",\"name\":\"Ghostysky\",\"description\":\"Delivering professional drones and services\",\"publisher\":{\"@id\":\"https:\/\/www.ghostysky.com\/#organization\"},\"potentialAction\":[{\"@type\":\"SearchAction\",\"target\":{\"@type\":\"EntryPoint\",\"urlTemplate\":\"https:\/\/www.ghostysky.com\/?s={search_term_string}\"},\"query-input\":{\"@type\":\"PropertyValueSpecification\",\"valueRequired\":true,\"valueName\":\"search_term_string\"}}],\"inLanguage\":\"fr-FR\"},{\"@type\":\"Organization\",\"@id\":\"https:\/\/www.ghostysky.com\/#organization\",\"name\":\"Ghostysky\",\"url\":\"https:\/\/www.ghostysky.com\/\",\"logo\":{\"@type\":\"ImageObject\",\"inLanguage\":\"fr-FR\",\"@id\":\"https:\/\/www.ghostysky.com\/#\/schema\/logo\/image\/\",\"url\":\"https:\/\/www.ghostysky.com\/wp-content\/uploads\/2020\/06\/cropped-ghostyskylogo_text_white2.png\",\"contentUrl\":\"https:\/\/www.ghostysky.com\/wp-content\/uploads\/2020\/06\/cropped-ghostyskylogo_text_white2.png\",\"width\":169,\"height\":56,\"caption\":\"Ghostysky\"},\"image\":{\"@id\":\"https:\/\/www.ghostysky.com\/#\/schema\/logo\/image\/\"},\"sameAs\":[\"https:\/\/www.facebook.com\/people\/Ghostysky\/100057676170234\/\",\"https:\/\/x.com\/Gh0stysky\",\"https:\/\/www.linkedin.com\/company\/34739653\",\"https:\/\/www.instagram.com\/gh0stysky\"]}]}<\/script>\n<!-- \/ Yoast SEO plugin. -->","yoast_head_json":{"title":"H\u00e9lices DJI Mini 4 Pro\/Mini 3 Pro - Ghostysky","description":"Les h\u00e9lices DJI Mini 4 Pro\/Mini 3 Pro sont sp\u00e9cialement con\u00e7ues pour les drones DJI Mini 4 Pro et DJI Mini 3 Pro. Con\u00e7ues pour une a\u00e9rodynamique optimale, elles permettront \u00e0 votre drone de voler plus longtemps et plus silencieusement. Elles ont \u00e9galement \u00e9t\u00e9 pr\u00e9cis\u00e9ment \u00e9quilibr\u00e9es pour r\u00e9duire les vibrations et am\u00e9liorer la qualit\u00e9 de vos images.","robots":{"index":"index","follow":"follow","max-snippet":"max-snippet:-1","max-image-preview":"max-image-preview:large","max-video-preview":"max-video-preview:-1"},"canonical":"https:\/\/www.ghostysky.com\/fr\/product\/dji-mini-4-pro-mini-3-pro-propellers\/","og_locale":"fr_FR","og_type":"article","og_title":"DJI Mini 4 Pro\/Mini 3 Pro Propellers - Ghostysky","og_description":"DJI Mini 4 Pro\/Mini 3 Pro propellers are specifically designed for the DJI Mini 4 Pro and DJI Mini 3 Pro drones. These propellers are made to be aerodynamically efficient, which means they will help your drone fly longer and quieter. They have also been precisely balanced to reduce vibrations, which can improve the quality of your footage.","og_url":"https:\/\/www.ghostysky.com\/fr\/product\/dji-mini-4-pro-mini-3-pro-propellers\/","og_site_name":"Ghostysky","article_publisher":"https:\/\/www.facebook.com\/people\/Ghostysky\/100057676170234\/","article_modified_time":"2024-11-01T16:39:17+00:00","og_image":[{"width":1200,"height":800,"url":"https:\/\/www.ghostysky.com\/wp-content\/uploads\/2024\/03\/GH_DJI-Mini-4-Pro-Mini-3-Pro-Propellers_1.jpg","type":"image\/jpeg"}],"twitter_card":"summary_large_image","twitter_site":"@Gh0stysky","twitter_misc":{"Dur\u00e9e de lecture estim\u00e9e":"1 minute"},"schema":{"@context":"https:\/\/schema.org","@graph":[{"@type":"WebPage","@id":"https:\/\/www.ghostysky.com\/product\/dji-mini-4-pro-mini-3-pro-propellers\/","url":"https:\/\/www.ghostysky.com\/product\/dji-mini-4-pro-mini-3-pro-propellers\/","name":"H\u00e9lices DJI Mini 4 Pro\/Mini 3 Pro - Ghostysky","isPartOf":{"@id":"https:\/\/www.ghostysky.com\/#website"},"primaryImageOfPage":{"@id":"https:\/\/www.ghostysky.com\/product\/dji-mini-4-pro-mini-3-pro-propellers\/#primaryimage"},"image":{"@id":"https:\/\/www.ghostysky.com\/product\/dji-mini-4-pro-mini-3-pro-propellers\/#primaryimage"},"thumbnailUrl":"https:\/\/www.ghostysky.com\/wp-content\/uploads\/2024\/03\/GH_DJI-Mini-4-Pro-Mini-3-Pro-Propellers_1.jpg","datePublished":"2024-03-17T10:48:19+00:00","dateModified":"2024-11-01T16:39:17+00:00","description":"Les h\u00e9lices DJI Mini 4 Pro\/Mini 3 Pro sont sp\u00e9cialement con\u00e7ues pour les drones DJI Mini 4 Pro et DJI Mini 3 Pro. Con\u00e7ues pour une a\u00e9rodynamique optimale, elles permettront \u00e0 votre drone de voler plus longtemps et plus silencieusement. Elles ont \u00e9galement \u00e9t\u00e9 pr\u00e9cis\u00e9ment \u00e9quilibr\u00e9es pour r\u00e9duire les vibrations et am\u00e9liorer la qualit\u00e9 de vos images.","breadcrumb":{"@id":"https:\/\/www.ghostysky.com\/product\/dji-mini-4-pro-mini-3-pro-propellers\/#breadcrumb"},"inLanguage":"fr-FR","potentialAction":[{"@type":"ReadAction","target":["https:\/\/www.ghostysky.com\/product\/dji-mini-4-pro-mini-3-pro-propellers\/"]}]},{"@type":"ImageObject","inLanguage":"fr-FR","@id":"https:\/\/www.ghostysky.com\/product\/dji-mini-4-pro-mini-3-pro-propellers\/#primaryimage","url":"https:\/\/www.ghostysky.com\/wp-content\/uploads\/2024\/03\/GH_DJI-Mini-4-Pro-Mini-3-Pro-Propellers_1.jpg","contentUrl":"https:\/\/www.ghostysky.com\/wp-content\/uploads\/2024\/03\/GH_DJI-Mini-4-Pro-Mini-3-Pro-Propellers_1.jpg","width":1200,"height":800},{"@type":"BreadcrumbList","@id":"https:\/\/www.ghostysky.com\/product\/dji-mini-4-pro-mini-3-pro-propellers\/#breadcrumb","itemListElement":[{"@type":"ListItem","position":1,"name":"Home","item":"https:\/\/www.ghostysky.com\/"},{"@type":"ListItem","position":2,"name":"Shop","item":"https:\/\/www.ghostysky.com\/shop\/"},{"@type":"ListItem","position":3,"name":"DJI Mini 4 Pro\/Mini 3 Pro Propellers"}]},{"@type":"WebSite","@id":"https:\/\/www.ghostysky.com\/#website","url":"https:\/\/www.ghostysky.com\/","name":"Ghostysky","description":"Livraison de drones et de services professionnels","publisher":{"@id":"https:\/\/www.ghostysky.com\/#organization"},"potentialAction":[{"@type":"SearchAction","target":{"@type":"EntryPoint","urlTemplate":"https:\/\/www.ghostysky.com\/?s={search_term_string}"},"query-input":{"@type":"PropertyValueSpecification","valueRequired":true,"valueName":"search_term_string"}}],"inLanguage":"fr-FR"},{"@type":"Organization","@id":"https:\/\/www.ghostysky.com\/#organization","name":"Ghostysky","url":"https:\/\/www.ghostysky.com\/","logo":{"@type":"ImageObject","inLanguage":"fr-FR","@id":"https:\/\/www.ghostysky.com\/#\/schema\/logo\/image\/","url":"https:\/\/www.ghostysky.com\/wp-content\/uploads\/2020\/06\/cropped-ghostyskylogo_text_white2.png","contentUrl":"https:\/\/www.ghostysky.com\/wp-content\/uploads\/2020\/06\/cropped-ghostyskylogo_text_white2.png","width":169,"height":56,"caption":"Ghostysky"},"image":{"@id":"https:\/\/www.ghostysky.com\/#\/schema\/logo\/image\/"},"sameAs":["https:\/\/www.facebook.com\/people\/Ghostysky\/100057676170234\/","https:\/\/x.com\/Gh0stysky","https:\/\/www.linkedin.com\/company\/34739653","https:\/\/www.instagram.com\/gh0stysky"]}]}},"_links":{"self":[{"href":"https:\/\/www.ghostysky.com\/fr\/wp-json\/wp\/v2\/product\/17701","targetHints":{"allow":["GET"]}}],"collection":[{"href":"https:\/\/www.ghostysky.com\/fr\/wp-json\/wp\/v2\/product"}],"about":[{"href":"https:\/\/www.ghostysky.com\/fr\/wp-json\/wp\/v2\/types\/product"}],"replies":[{"embeddable":true,"href":"https:\/\/www.ghostysky.com\/fr\/wp-json\/wp\/v2\/comments?post=17701"}],"wp:featuredmedia":[{"embeddable":true,"href":"https:\/\/www.ghostysky.com\/fr\/wp-json\/wp\/v2\/media\/17703"}],"wp:attachment":[{"href":"https:\/\/www.ghostysky.com\/fr\/wp-json\/wp\/v2\/media?parent=17701"}],"wp:term":[{"taxonomy":"product_brand","embeddable":true,"href":"https:\/\/www.ghostysky.com\/fr\/wp-json\/wp\/v2\/product_brand?post=17701"},{"taxonomy":"product_cat","embeddable":true,"href":"https:\/\/www.ghostysky.com\/fr\/wp-json\/wp\/v2\/product_cat?post=17701"},{"taxonomy":"product_tag","embeddable":true,"href":"https:\/\/www.ghostysky.com\/fr\/wp-json\/wp\/v2\/product_tag?post=17701"}],"curies":[{"name":"wp","href":"https:\/\/api.w.org\/{rel}","templated":true}]}}