{"id":17776,"date":"2024-03-20T18:17:43","date_gmt":"2024-03-20T18:17:43","guid":{"rendered":"https:\/\/www.ghostysky.com\/?post_type=product&#038;p=17776"},"modified":"2024-03-26T18:19:42","modified_gmt":"2024-03-26T18:19:42","slug":"sidusm1-mini-show-drone","status":"publish","type":"product","link":"https:\/\/www.ghostysky.com\/fr\/product\/sidusm1-mini-show-drone\/","title":{"rendered":"Sidus M1 \u2013 Mini drone de spectacle"},"content":{"rendered":"<h3>Caract\u00e9ristiques<\/h3>\n<p>\u25ba Cellule \u00e9tanche<br \/>\n\u25ba Poids arm\u00e9 249-320 g<br \/>\n\u25ba 28 min de temps de vol<br \/>\n\u25ba Plus de 2000 flottes de drones prises en charge<br \/>\n\u25ba D\u00e9collage\/Atterrissage\/Chargement dans la bo\u00eete<br \/>\n\u25ba Cages d&#039;h\u00e9lices 360\u00b0<br \/>\n\u25ba Lampe LED 15 W (20 W en Turbo)<br \/>\n\u25ba Positionnement GPS RTK au niveau du cm<br \/>\n\u25ba Port\u00e9e de contr\u00f4le de plus de 500 m<br \/>\n\u25ba D\u00e9ploiement\/Maintenance facile<\/p>\n<h3>Sp\u00e9cifications techniques<\/h3>\n<table style=\"height: 613px;\" width=\"909\">\n<tbody>\n<tr>\n<td width=\"107\">Cellule<\/td>\n<td width=\"404\">Cellule \u00e9tanche, compacte et s\u00fbre<\/td>\n<\/tr>\n<tr>\n<td>Dimensions<\/td>\n<td>330 x 290 x 110 mm avec cages, 200 x 160 x 105 mm sans cages<\/td>\n<\/tr>\n<tr>\n<td>Poids<\/td>\n<td>320 g avec cages, 249 g sans cages<\/td>\n<\/tr>\n<tr>\n<td>Pilote automatique<\/td>\n<td>Micrologiciels Pixhawk FMU v6, Ardupilot et PX4 pris en charge<\/td>\n<\/tr>\n<tr>\n<td>GCS<\/td>\n<td>SKYBRUSH, DroneShowSoftware (flotte &gt;2000 drones prise en charge)<\/td>\n<\/tr>\n<tr>\n<td>Positionnement<\/td>\n<td>ZED-F9P, GPS RTK multibande au niveau cm<\/td>\n<\/tr>\n<tr>\n<td>DIRIG\u00c9<\/td>\n<td>Lampe LED haute luminosit\u00e9 15 W, couleur compl\u00e8te, 20 W en mode turbo<\/td>\n<\/tr>\n<tr>\n<td>Temps de vol<\/td>\n<td>28 min en vol stationnaire, 31 min de vol maximum (AMSL 0 m, sans vent)<\/td>\n<\/tr>\n<tr>\n<td>Batterie<\/td>\n<td>Batterie LiPo 2400 (l\u00e9g\u00e8re) ou 3850 (haute capacit\u00e9) mAh, 2S<\/td>\n<\/tr>\n<tr>\n<td>T\u00e9l\u00e9m\u00e9trie<\/td>\n<td>T\u00e9l\u00e9m\u00e9trie WiFi 5 GHz (500 m+), radio Sik 433\/915 Mhz (1 km+)<\/td>\n<\/tr>\n<tr>\n<td>R\u00e9sistance au vent<\/td>\n<td>&lt;8 m\/s (constant), &lt;12 m\/s (instantan\u00e9)<\/td>\n<\/tr>\n<tr>\n<td>Pouss\u00e9e maximale<\/td>\n<td>550 g<\/td>\n<\/tr>\n<tr>\n<td>Moteur, ESC, h\u00e9lice<\/td>\n<td>Moteur 1503\/3800 KV, ESC 2S 20A, h\u00e9lice 5 pouces<\/td>\n<\/tr>\n<tr>\n<td>Chargeur<\/td>\n<td>Chargeur de batterie LiPo intelligent \u00e0 12 canaux<\/td>\n<\/tr>\n<tr>\n<td>Temp\u00e9rature de fonctionnement<\/td>\n<td>-20\u00b0C \u00e0 50\u00b0C (Remarque : une temp\u00e9rature basse r\u00e9duira le temps de vol)<\/td>\n<\/tr>\n<tr>\n<td>Temp\u00e9rature de charge<\/td>\n<td>0\u00b0C \u00e0 40\u00b0C<\/td>\n<\/tr>\n<\/tbody>\n<\/table>\n<p>&nbsp;<\/p>","protected":false},"excerpt":{"rendered":"<p>Les mini drones Sidus M1 sont <strong>compatible avec tous les logiciels Drone Light Show<\/strong> sur le march\u00e9. Sa conception est probablement similaire \u00e0 celle d&#039;autres drones utilis\u00e9s dans les spectacles lumineux. Ces drones sont g\u00e9n\u00e9ralement tr\u00e8s petits, <strong>pesant moins de 250 g<\/strong>Ils sont \u00e9quip\u00e9s de plusieurs rotors qui leur permettent de se d\u00e9placer rapidement et de changer de direction avec pr\u00e9cision. Ils sont \u00e9galement \u00e9quip\u00e9s de lumi\u00e8res LED lumineuses programmables pour cr\u00e9er une vari\u00e9t\u00e9 de couleurs et de motifs.<\/p>","protected":false},"featured_media":17778,"comment_status":"open","ping_status":"closed","template":"","meta":[],"product_brand":[],"product_cat":[181],"product_tag":[383,814,815],"class_list":{"0":"post-17776","1":"product","2":"type-product","3":"status-publish","4":"has-post-thumbnail","6":"product_cat-dls-drones","7":"product_tag-drone-light-show","8":"product_tag-mini-drones","9":"product_tag-sidus-m1","11":"first","12":"onbackorder","13":"taxable","14":"shipping-taxable","15":"product-type-simple"},"yoast_head":"<!-- This site is optimized with the Yoast SEO plugin v27.4 - https:\/\/yoast.com\/product\/yoast-seo-wordpress\/ -->\n<title>Sidus M1 - Mini Show Drone - Ghostysky<\/title>\n<meta name=\"description\" content=\"Sidus M1 mini drones are compatible with all Drone Light Show software on the market. It is likely similar in design to other drones used in light shows. These drones are typically very small, weighing less than 250g, and have multiple rotors that allow them to move quickly and change direction precisely. They are also equipped with bright LED lights that can be programmed to create a variety of colors and patterns.\" \/>\n<meta name=\"robots\" content=\"index, follow, max-snippet:-1, max-image-preview:large, max-video-preview:-1\" \/>\n<link rel=\"canonical\" href=\"https:\/\/www.ghostysky.com\/fr\/product\/sidusm1-mini-show-drone\/\" \/>\n<meta property=\"og:locale\" content=\"fr_FR\" \/>\n<meta property=\"og:type\" content=\"article\" \/>\n<meta property=\"og:title\" content=\"Sidus M1 - Mini Show Drone - Ghostysky\" \/>\n<meta property=\"og:description\" content=\"Sidus M1 mini drones are compatible with all Drone Light Show software on the market. It is likely similar in design to other drones used in light shows. These drones are typically very small, weighing less than 250g, and have multiple rotors that allow them to move quickly and change direction precisely. They are also equipped with bright LED lights that can be programmed to create a variety of colors and patterns.\" \/>\n<meta property=\"og:url\" content=\"https:\/\/www.ghostysky.com\/fr\/product\/sidusm1-mini-show-drone\/\" \/>\n<meta property=\"og:site_name\" content=\"Ghostysky\" \/>\n<meta property=\"article:publisher\" content=\"https:\/\/www.facebook.com\/people\/Ghostysky\/100057676170234\/\" \/>\n<meta property=\"article:modified_time\" content=\"2024-03-26T18:19:42+00:00\" \/>\n<meta property=\"og:image\" content=\"https:\/\/www.ghostysky.com\/wp-content\/uploads\/2024\/03\/Entron_MiniDrone_New_1.jpg\" \/>\n\t<meta property=\"og:image:width\" content=\"1016\" \/>\n\t<meta property=\"og:image:height\" content=\"742\" \/>\n\t<meta property=\"og:image:type\" content=\"image\/jpeg\" \/>\n<meta name=\"twitter:card\" content=\"summary_large_image\" \/>\n<meta name=\"twitter:site\" content=\"@Gh0stysky\" \/>\n<meta name=\"twitter:label1\" content=\"Dur\u00e9e de lecture estim\u00e9e\" \/>\n\t<meta name=\"twitter:data1\" content=\"1 minute\" \/>\n<script type=\"application\/ld+json\" class=\"yoast-schema-graph\">{\"@context\":\"https:\\\/\\\/schema.org\",\"@graph\":[{\"@type\":\"WebPage\",\"@id\":\"https:\\\/\\\/www.ghostysky.com\\\/product\\\/sidusm1-mini-show-drone\\\/\",\"url\":\"https:\\\/\\\/www.ghostysky.com\\\/product\\\/sidusm1-mini-show-drone\\\/\",\"name\":\"Sidus M1 - Mini Show Drone - Ghostysky\",\"isPartOf\":{\"@id\":\"https:\\\/\\\/www.ghostysky.com\\\/#website\"},\"primaryImageOfPage\":{\"@id\":\"https:\\\/\\\/www.ghostysky.com\\\/product\\\/sidusm1-mini-show-drone\\\/#primaryimage\"},\"image\":{\"@id\":\"https:\\\/\\\/www.ghostysky.com\\\/product\\\/sidusm1-mini-show-drone\\\/#primaryimage\"},\"thumbnailUrl\":\"https:\\\/\\\/www.ghostysky.com\\\/wp-content\\\/uploads\\\/2024\\\/03\\\/Entron_MiniDrone_New_1.jpg\",\"datePublished\":\"2024-03-20T18:17:43+00:00\",\"dateModified\":\"2024-03-26T18:19:42+00:00\",\"description\":\"Sidus M1 mini drones are compatible with all Drone Light Show software on the market. It is likely similar in design to other drones used in light shows. These drones are typically very small, weighing less than 250g, and have multiple rotors that allow them to move quickly and change direction precisely. They are also equipped with bright LED lights that can be programmed to create a variety of colors and patterns.\",\"breadcrumb\":{\"@id\":\"https:\\\/\\\/www.ghostysky.com\\\/product\\\/sidusm1-mini-show-drone\\\/#breadcrumb\"},\"inLanguage\":\"fr-FR\",\"potentialAction\":[{\"@type\":\"ReadAction\",\"target\":[\"https:\\\/\\\/www.ghostysky.com\\\/product\\\/sidusm1-mini-show-drone\\\/\"]}]},{\"@type\":\"ImageObject\",\"inLanguage\":\"fr-FR\",\"@id\":\"https:\\\/\\\/www.ghostysky.com\\\/product\\\/sidusm1-mini-show-drone\\\/#primaryimage\",\"url\":\"https:\\\/\\\/www.ghostysky.com\\\/wp-content\\\/uploads\\\/2024\\\/03\\\/Entron_MiniDrone_New_1.jpg\",\"contentUrl\":\"https:\\\/\\\/www.ghostysky.com\\\/wp-content\\\/uploads\\\/2024\\\/03\\\/Entron_MiniDrone_New_1.jpg\",\"width\":1016,\"height\":742},{\"@type\":\"BreadcrumbList\",\"@id\":\"https:\\\/\\\/www.ghostysky.com\\\/product\\\/sidusm1-mini-show-drone\\\/#breadcrumb\",\"itemListElement\":[{\"@type\":\"ListItem\",\"position\":1,\"name\":\"Home\",\"item\":\"https:\\\/\\\/www.ghostysky.com\\\/\"},{\"@type\":\"ListItem\",\"position\":2,\"name\":\"Shop\",\"item\":\"https:\\\/\\\/www.ghostysky.com\\\/shop\\\/\"},{\"@type\":\"ListItem\",\"position\":3,\"name\":\"Sidus M1 &#8211; Mini Show Drone\"}]},{\"@type\":\"WebSite\",\"@id\":\"https:\\\/\\\/www.ghostysky.com\\\/#website\",\"url\":\"https:\\\/\\\/www.ghostysky.com\\\/\",\"name\":\"Ghostysky\",\"description\":\"Delivering professional drones and services\",\"publisher\":{\"@id\":\"https:\\\/\\\/www.ghostysky.com\\\/#organization\"},\"potentialAction\":[{\"@type\":\"SearchAction\",\"target\":{\"@type\":\"EntryPoint\",\"urlTemplate\":\"https:\\\/\\\/www.ghostysky.com\\\/?s={search_term_string}\"},\"query-input\":{\"@type\":\"PropertyValueSpecification\",\"valueRequired\":true,\"valueName\":\"search_term_string\"}}],\"inLanguage\":\"fr-FR\"},{\"@type\":\"Organization\",\"@id\":\"https:\\\/\\\/www.ghostysky.com\\\/#organization\",\"name\":\"Ghostysky\",\"url\":\"https:\\\/\\\/www.ghostysky.com\\\/\",\"logo\":{\"@type\":\"ImageObject\",\"inLanguage\":\"fr-FR\",\"@id\":\"https:\\\/\\\/www.ghostysky.com\\\/#\\\/schema\\\/logo\\\/image\\\/\",\"url\":\"https:\\\/\\\/www.ghostysky.com\\\/wp-content\\\/uploads\\\/2020\\\/06\\\/cropped-ghostyskylogo_text_white2.png\",\"contentUrl\":\"https:\\\/\\\/www.ghostysky.com\\\/wp-content\\\/uploads\\\/2020\\\/06\\\/cropped-ghostyskylogo_text_white2.png\",\"width\":169,\"height\":56,\"caption\":\"Ghostysky\"},\"image\":{\"@id\":\"https:\\\/\\\/www.ghostysky.com\\\/#\\\/schema\\\/logo\\\/image\\\/\"},\"sameAs\":[\"https:\\\/\\\/www.facebook.com\\\/people\\\/Ghostysky\\\/100057676170234\\\/\",\"https:\\\/\\\/x.com\\\/Gh0stysky\",\"https:\\\/\\\/www.linkedin.com\\\/company\\\/34739653\",\"https:\\\/\\\/www.instagram.com\\\/gh0stysky\"]}]}<\/script>\n<!-- \/ Yoast SEO plugin. -->","yoast_head_json":{"title":"Sidus M1 - Mini Drone de Spectacle - Ghostysky","description":"Les mini-drones Sidus M1 sont compatibles avec tous les logiciels Drone Light Show du march\u00e9. Leur conception est similaire \u00e0 celle des autres drones utilis\u00e9s pour les spectacles lumineux. Ces drones sont g\u00e9n\u00e9ralement tr\u00e8s petits, pesant moins de 250 g, et \u00e9quip\u00e9s de plusieurs rotors leur permettant de se d\u00e9placer rapidement et de changer de direction avec pr\u00e9cision. Ils sont \u00e9galement \u00e9quip\u00e9s de LED puissantes programmables pour cr\u00e9er une vari\u00e9t\u00e9 de couleurs et de motifs.","robots":{"index":"index","follow":"follow","max-snippet":"max-snippet:-1","max-image-preview":"max-image-preview:large","max-video-preview":"max-video-preview:-1"},"canonical":"https:\/\/www.ghostysky.com\/fr\/product\/sidusm1-mini-show-drone\/","og_locale":"fr_FR","og_type":"article","og_title":"Sidus M1 - Mini Show Drone - Ghostysky","og_description":"Sidus M1 mini drones are compatible with all Drone Light Show software on the market. It is likely similar in design to other drones used in light shows. These drones are typically very small, weighing less than 250g, and have multiple rotors that allow them to move quickly and change direction precisely. They are also equipped with bright LED lights that can be programmed to create a variety of colors and patterns.","og_url":"https:\/\/www.ghostysky.com\/fr\/product\/sidusm1-mini-show-drone\/","og_site_name":"Ghostysky","article_publisher":"https:\/\/www.facebook.com\/people\/Ghostysky\/100057676170234\/","article_modified_time":"2024-03-26T18:19:42+00:00","og_image":[{"width":1016,"height":742,"url":"https:\/\/www.ghostysky.com\/wp-content\/uploads\/2024\/03\/Entron_MiniDrone_New_1.jpg","type":"image\/jpeg"}],"twitter_card":"summary_large_image","twitter_site":"@Gh0stysky","twitter_misc":{"Dur\u00e9e de lecture estim\u00e9e":"1 minute"},"schema":{"@context":"https:\/\/schema.org","@graph":[{"@type":"WebPage","@id":"https:\/\/www.ghostysky.com\/product\/sidusm1-mini-show-drone\/","url":"https:\/\/www.ghostysky.com\/product\/sidusm1-mini-show-drone\/","name":"Sidus M1 - Mini Drone de Spectacle - Ghostysky","isPartOf":{"@id":"https:\/\/www.ghostysky.com\/#website"},"primaryImageOfPage":{"@id":"https:\/\/www.ghostysky.com\/product\/sidusm1-mini-show-drone\/#primaryimage"},"image":{"@id":"https:\/\/www.ghostysky.com\/product\/sidusm1-mini-show-drone\/#primaryimage"},"thumbnailUrl":"https:\/\/www.ghostysky.com\/wp-content\/uploads\/2024\/03\/Entron_MiniDrone_New_1.jpg","datePublished":"2024-03-20T18:17:43+00:00","dateModified":"2024-03-26T18:19:42+00:00","description":"Les mini-drones Sidus M1 sont compatibles avec tous les logiciels Drone Light Show du march\u00e9. Leur conception est similaire \u00e0 celle des autres drones utilis\u00e9s pour les spectacles lumineux. Ces drones sont g\u00e9n\u00e9ralement tr\u00e8s petits, pesant moins de 250 g, et \u00e9quip\u00e9s de plusieurs rotors leur permettant de se d\u00e9placer rapidement et de changer de direction avec pr\u00e9cision. Ils sont \u00e9galement \u00e9quip\u00e9s de LED puissantes programmables pour cr\u00e9er une vari\u00e9t\u00e9 de couleurs et de motifs.","breadcrumb":{"@id":"https:\/\/www.ghostysky.com\/product\/sidusm1-mini-show-drone\/#breadcrumb"},"inLanguage":"fr-FR","potentialAction":[{"@type":"ReadAction","target":["https:\/\/www.ghostysky.com\/product\/sidusm1-mini-show-drone\/"]}]},{"@type":"ImageObject","inLanguage":"fr-FR","@id":"https:\/\/www.ghostysky.com\/product\/sidusm1-mini-show-drone\/#primaryimage","url":"https:\/\/www.ghostysky.com\/wp-content\/uploads\/2024\/03\/Entron_MiniDrone_New_1.jpg","contentUrl":"https:\/\/www.ghostysky.com\/wp-content\/uploads\/2024\/03\/Entron_MiniDrone_New_1.jpg","width":1016,"height":742},{"@type":"BreadcrumbList","@id":"https:\/\/www.ghostysky.com\/product\/sidusm1-mini-show-drone\/#breadcrumb","itemListElement":[{"@type":"ListItem","position":1,"name":"Home","item":"https:\/\/www.ghostysky.com\/"},{"@type":"ListItem","position":2,"name":"Shop","item":"https:\/\/www.ghostysky.com\/shop\/"},{"@type":"ListItem","position":3,"name":"Sidus M1 &#8211; Mini Show Drone"}]},{"@type":"WebSite","@id":"https:\/\/www.ghostysky.com\/#website","url":"https:\/\/www.ghostysky.com\/","name":"Ghostysky","description":"Livraison de drones et de services professionnels","publisher":{"@id":"https:\/\/www.ghostysky.com\/#organization"},"potentialAction":[{"@type":"SearchAction","target":{"@type":"EntryPoint","urlTemplate":"https:\/\/www.ghostysky.com\/?s={search_term_string}"},"query-input":{"@type":"PropertyValueSpecification","valueRequired":true,"valueName":"search_term_string"}}],"inLanguage":"fr-FR"},{"@type":"Organization","@id":"https:\/\/www.ghostysky.com\/#organization","name":"Ghostysky","url":"https:\/\/www.ghostysky.com\/","logo":{"@type":"ImageObject","inLanguage":"fr-FR","@id":"https:\/\/www.ghostysky.com\/#\/schema\/logo\/image\/","url":"https:\/\/www.ghostysky.com\/wp-content\/uploads\/2020\/06\/cropped-ghostyskylogo_text_white2.png","contentUrl":"https:\/\/www.ghostysky.com\/wp-content\/uploads\/2020\/06\/cropped-ghostyskylogo_text_white2.png","width":169,"height":56,"caption":"Ghostysky"},"image":{"@id":"https:\/\/www.ghostysky.com\/#\/schema\/logo\/image\/"},"sameAs":["https:\/\/www.facebook.com\/people\/Ghostysky\/100057676170234\/","https:\/\/x.com\/Gh0stysky","https:\/\/www.linkedin.com\/company\/34739653","https:\/\/www.instagram.com\/gh0stysky"]}]}},"_links":{"self":[{"href":"https:\/\/www.ghostysky.com\/fr\/wp-json\/wp\/v2\/product\/17776","targetHints":{"allow":["GET"]}}],"collection":[{"href":"https:\/\/www.ghostysky.com\/fr\/wp-json\/wp\/v2\/product"}],"about":[{"href":"https:\/\/www.ghostysky.com\/fr\/wp-json\/wp\/v2\/types\/product"}],"replies":[{"embeddable":true,"href":"https:\/\/www.ghostysky.com\/fr\/wp-json\/wp\/v2\/comments?post=17776"}],"version-history":[{"count":0,"href":"https:\/\/www.ghostysky.com\/fr\/wp-json\/wp\/v2\/product\/17776\/revisions"}],"wp:featuredmedia":[{"embeddable":true,"href":"https:\/\/www.ghostysky.com\/fr\/wp-json\/wp\/v2\/media\/17778"}],"wp:attachment":[{"href":"https:\/\/www.ghostysky.com\/fr\/wp-json\/wp\/v2\/media?parent=17776"}],"wp:term":[{"taxonomy":"product_brand","embeddable":true,"href":"https:\/\/www.ghostysky.com\/fr\/wp-json\/wp\/v2\/product_brand?post=17776"},{"taxonomy":"product_cat","embeddable":true,"href":"https:\/\/www.ghostysky.com\/fr\/wp-json\/wp\/v2\/product_cat?post=17776"},{"taxonomy":"product_tag","embeddable":true,"href":"https:\/\/www.ghostysky.com\/fr\/wp-json\/wp\/v2\/product_tag?post=17776"}],"curies":[{"name":"wp","href":"https:\/\/api.w.org\/{rel}","templated":true}]}}