{"id":18391,"date":"2024-04-18T16:15:43","date_gmt":"2024-04-18T16:15:43","guid":{"rendered":"https:\/\/www.ghostysky.com\/?post_type=product&#038;p=18391"},"modified":"2024-10-24T18:44:05","modified_gmt":"2024-10-24T18:44:05","slug":"dji-matrice-3td","status":"publish","type":"product","link":"https:\/\/www.ghostysky.com\/fr\/product\/dji-matrice-3td\/","title":{"rendered":"DJI Matrice 3TD"},"content":{"rendered":"<ul data-sourcepos=\"5:1-19:0\">\n<li data-sourcepos=\"5:1-9:0\">\n<h3 class=\"style__headline___1ripS style__headline-text___1tW5r\" data-aos=\"none\" data-aos-once=\"true\">Cam\u00e9ra grand angle<\/h3>\n<ul data-sourcepos=\"5:1-19:0\">\n<li data-sourcepos=\"5:1-9:0\">CMOS 1\/1,32 pouce<\/li>\n<li data-sourcepos=\"5:1-9:0\">\u00c9quivalent au format 24 mm<\/li>\n<li data-sourcepos=\"5:1-9:0\">48\u00a0MP de pixels effectifs<\/li>\n<\/ul>\n<\/li>\n<\/ul>\n<div id=\"54100\" class=\"section-content\" data-hydration-on-demand=\"true\" data-ga-category=\"enterprise\/dock-2_54100\" data-component=\"333c7089\" data-gtm-vis-first-on-screen6907517_879=\"18612\" data-gtm-vis-total-visible-time6907517_879=\"100\" data-gtm-vis-has-fired6907517_879=\"1\">\n<div class=\"atom-component\" tabindex=\"0\" role=\"button\">\n<div class=\"atom-design-v1 style__hero-vertical-component___2JEHR\">\n<div id=\"\" class=\"style__hero-vertical-wrapper___2mUEj\">\n<div class=\"style__vertical-card-list___LceQJ style__vertical-top-align___3JPlu\" data-aos=\"none\" data-aos-once=\"true\">\n<div class=\"style__vertical-card-col___3agtC\">\n<div class=\"atom-design-v1 style__hero-vertical-card___2B64y\">\n<div class=\"style__card-wrapper___3yqfZ style__vertical-top-align___3w7Dp style__horizontal-left-align___3tk_z\" tabindex=\"0\" role=\"button\" data-ga-label=\"\">\n<div class=\"style__card-container___KPQkl style__size-l___2n_6X\">\n<div class=\"style__text-content-container___1aLKY\">\n<ul>\n<li class=\"style__headline___1ripS style__headline-text___1tW5r\" data-aos=\"none\" data-aos-once=\"true\">\n<h3>T\u00e9l\u00e9cam\u00e9ra<\/h3>\n<ul>\n<li class=\"style__headline___1ripS style__headline-text___1tW5r\" data-aos=\"none\" data-aos-once=\"true\">CMOS 1\/2 pouce<\/li>\n<li class=\"style__headline___1ripS style__headline-text___1tW5r\" data-aos=\"none\" data-aos-once=\"true\">\u00c9quivalent au format 162 mm<\/li>\n<li class=\"style__headline___1ripS style__headline-text___1tW5r\" data-aos=\"none\" data-aos-once=\"true\">12\u00a0MP de pixels effectifs<\/li>\n<\/ul>\n<\/li>\n<\/ul>\n<\/div>\n<\/div>\n<\/div>\n<\/div>\n<\/div>\n<\/div>\n<\/div>\n<\/div>\n<\/div>\n<\/div>\n<div id=\"54101\" class=\"section-content\" data-hydration-on-demand=\"true\" data-ga-category=\"enterprise\/dock-2_54101\" data-component=\"ad8daad1\" data-gtm-vis-first-on-screen6907517_879=\"18758\" data-gtm-vis-total-visible-time6907517_879=\"100\" data-gtm-vis-has-fired6907517_879=\"1\">\n<div class=\"atom-component\" tabindex=\"0\" role=\"button\">\n<div class=\"atom-design-v1 style__hero-vertical-component___2JEHR\">\n<div id=\"\" class=\"style__hero-vertical-wrapper___2mUEj\">\n<div class=\"style__vertical-card-list___LceQJ style__vertical-center-align___39Pu3\" data-aos=\"none\" data-aos-once=\"true\">\n<div class=\"style__vertical-card-col___3agtC\">\n<div class=\"atom-design-v1 style__hero-vertical-card___2B64y\">\n<div>\n<div class=\"style__card-wrapper___3yqfZ style__vertical-top-align___3w7Dp style__horizontal-left-align___3tk_z\" tabindex=\"0\" role=\"button\" data-ga-label=\"\">\n<div class=\"style__card-container___KPQkl style__size-l___2n_6X\">\n<div class=\"style__text-content-container___1aLKY\">\n<ul>\n<li class=\"style__description___2V1Q7\" data-aos=\"none\" data-aos-once=\"true\">\n<h3>Cam\u00e9ra infrarouge<\/h3>\n<ul>\n<li class=\"style__description___2V1Q7\" data-aos=\"none\" data-aos-once=\"true\">\u00c9quivalent au format 40 mm<\/li>\n<li class=\"style__description___2V1Q7\" data-aos=\"none\" data-aos-once=\"true\">Mode normal\u00a0: 640 \u00d7 512 \u00e0 30\u00a0ips<\/li>\n<li class=\"style__description___2V1Q7\" data-aos=\"none\" data-aos-once=\"true\">Mode d&#039;image infrarouge UHR\u00a0: 1280 \u00d7 1024 \u00e0 30 ips<\/li>\n<li class=\"style__description___2V1Q7\" data-aos=\"none\" data-aos-once=\"true\">(Avec la fonction Image infrarouge UHR activ\u00e9e, l&#039;avion active ou d\u00e9sactive automatiquement le mode Image infrarouge UHR en fonction de la luminosit\u00e9 ambiante.)<\/li>\n<li class=\"style__description___2V1Q7\" data-aos=\"none\" data-aos-once=\"true\">Zoom num\u00e9rique 28x<\/li>\n<\/ul>\n<\/li>\n<\/ul>\n<\/div>\n<\/div>\n<\/div>\n<\/div>\n<\/div>\n<\/div>\n<\/div>\n<\/div>\n<\/div>\n<\/div>\n<\/div>\n<ul data-sourcepos=\"5:1-19:0\">\n<li data-sourcepos=\"10:1-14:0\">\n<p data-sourcepos=\"10:3-10:24\"><strong>Performances de vol<\/strong><\/p>\n<ul data-sourcepos=\"11:3-14:0\">\n<li data-sourcepos=\"11:3-11:35\">Jusqu&#039;\u00e0 45 minutes de temps de vol<\/li>\n<li data-sourcepos=\"11:3-11:35\">Une vitesse de vol maximale de 43 mph (70 km\/h)<\/li>\n<li data-sourcepos=\"13:3-14:0\">Une altitude de fonctionnement maximale de 15 000 pieds (4 500 m\u00e8tres)<\/li>\n<\/ul>\n<\/li>\n<li data-sourcepos=\"15:1-19:0\">\n<p data-sourcepos=\"15:3-15:20\"><strong>Autres fonctionnalit\u00e9s<\/strong><\/p>\n<ul data-sourcepos=\"16:3-19:0\">\n<li data-sourcepos=\"16:3-16:44\">Certifi\u00e9 IP55 pour la r\u00e9sistance \u00e0 la poussi\u00e8re et \u00e0 l&#039;eau<\/li>\n<li data-sourcepos=\"17:3-17:38\">\u00c9vitement d&#039;obstacles omnidirectionnel<\/li>\n<li data-sourcepos=\"18:3-19:0\">RTK (Real-Time Kinematic) pour un positionnement de haute pr\u00e9cision<\/li>\n<\/ul>\n<\/li>\n<\/ul>","protected":false},"excerpt":{"rendered":"<p>Le DJI Matrice 3DT est un nouveau drone industriel sp\u00e9cialement con\u00e7u pour \u00eatre utilis\u00e9 avec la station de charge DJI Dock 2. Il s&#039;agit du premier drone DJI sp\u00e9cialement con\u00e7u pour \u00eatre compatible avec une station d&#039;accueil.<\/p>\n<p>Le Matrice 3DT poss\u00e8de un certain nombre de caract\u00e9ristiques qui le rendent parfaitement adapt\u00e9 aux applications industrielles, notamment une conception robuste, un long temps de vol et une vari\u00e9t\u00e9 de capteurs hautes performances.<\/p>","protected":false},"featured_media":18386,"comment_status":"open","ping_status":"closed","template":"","meta":[],"product_brand":[],"product_cat":[461,37,816,29,848],"product_tag":[42,850,849],"class_list":{"0":"post-18391","1":"product","2":"type-product","3":"status-publish","4":"has-post-thumbnail","6":"product_cat-accessories-2","7":"product_cat-dji","8":"product_cat-dock-2","9":"product_cat-drones","10":"product_cat-drones-dock2","11":"product_tag-dji","12":"product_tag-dock2","13":"product_tag-matrice-3td","15":"first","16":"onbackorder","17":"taxable","18":"shipping-taxable","19":"purchasable","20":"product-type-simple"},"yoast_head":"<!-- This site is optimized with the Yoast SEO plugin v27.4 - https:\/\/yoast.com\/product\/yoast-seo-wordpress\/ -->\n<title>DJI Matrice 3TD - Ghostysky<\/title>\n<meta name=\"description\" content=\"The DJI Matrice 3DT is a new industrial drone designed specifically for use with the DJI Dock 2 charging station . It is the first drone from DJI that is specifically designed to be compatible with a docking station.The Matrice 3DT has a number of features that make it well-suited for industrial applications, including a rugged design, a long flight time, and a variety of high-performance sensors.\" \/>\n<meta name=\"robots\" content=\"index, follow, max-snippet:-1, max-image-preview:large, max-video-preview:-1\" \/>\n<link rel=\"canonical\" href=\"https:\/\/www.ghostysky.com\/fr\/product\/dji-matrice-3td\/\" \/>\n<meta property=\"og:locale\" content=\"fr_FR\" \/>\n<meta property=\"og:type\" content=\"article\" \/>\n<meta property=\"og:title\" content=\"DJI Matrice 3TD - Ghostysky\" \/>\n<meta property=\"og:description\" content=\"The DJI Matrice 3DT is a new industrial drone designed specifically for use with the DJI Dock 2 charging station . It is the first drone from DJI that is specifically designed to be compatible with a docking station.The Matrice 3DT has a number of features that make it well-suited for industrial applications, including a rugged design, a long flight time, and a variety of high-performance sensors.\" \/>\n<meta property=\"og:url\" content=\"https:\/\/www.ghostysky.com\/fr\/product\/dji-matrice-3td\/\" \/>\n<meta property=\"og:site_name\" content=\"Ghostysky\" \/>\n<meta property=\"article:publisher\" content=\"https:\/\/www.facebook.com\/people\/Ghostysky\/100057676170234\/\" \/>\n<meta property=\"article:modified_time\" content=\"2024-10-24T18:44:05+00:00\" \/>\n<meta property=\"og:image\" content=\"https:\/\/www.ghostysky.com\/wp-content\/uploads\/2024\/04\/GH_DJI_MAtrice3DT_1.jpg\" \/>\n\t<meta property=\"og:image:width\" content=\"800\" \/>\n\t<meta property=\"og:image:height\" content=\"800\" \/>\n\t<meta property=\"og:image:type\" content=\"image\/jpeg\" \/>\n<meta name=\"twitter:card\" content=\"summary_large_image\" \/>\n<meta name=\"twitter:site\" content=\"@Gh0stysky\" \/>\n<meta name=\"twitter:label1\" content=\"Dur\u00e9e de lecture estim\u00e9e\" \/>\n\t<meta name=\"twitter:data1\" content=\"1 minute\" \/>\n<script type=\"application\/ld+json\" class=\"yoast-schema-graph\">{\"@context\":\"https:\\\/\\\/schema.org\",\"@graph\":[{\"@type\":\"WebPage\",\"@id\":\"https:\\\/\\\/www.ghostysky.com\\\/product\\\/dji-matrice-3td\\\/\",\"url\":\"https:\\\/\\\/www.ghostysky.com\\\/product\\\/dji-matrice-3td\\\/\",\"name\":\"DJI Matrice 3TD - Ghostysky\",\"isPartOf\":{\"@id\":\"https:\\\/\\\/www.ghostysky.com\\\/#website\"},\"primaryImageOfPage\":{\"@id\":\"https:\\\/\\\/www.ghostysky.com\\\/product\\\/dji-matrice-3td\\\/#primaryimage\"},\"image\":{\"@id\":\"https:\\\/\\\/www.ghostysky.com\\\/product\\\/dji-matrice-3td\\\/#primaryimage\"},\"thumbnailUrl\":\"https:\\\/\\\/www.ghostysky.com\\\/wp-content\\\/uploads\\\/2024\\\/04\\\/GH_DJI_MAtrice3DT_1.jpg\",\"datePublished\":\"2024-04-18T16:15:43+00:00\",\"dateModified\":\"2024-10-24T18:44:05+00:00\",\"description\":\"The DJI Matrice 3DT is a new industrial drone designed specifically for use with the DJI Dock 2 charging station . It is the first drone from DJI that is specifically designed to be compatible with a docking station.The Matrice 3DT has a number of features that make it well-suited for industrial applications, including a rugged design, a long flight time, and a variety of high-performance sensors.\",\"breadcrumb\":{\"@id\":\"https:\\\/\\\/www.ghostysky.com\\\/product\\\/dji-matrice-3td\\\/#breadcrumb\"},\"inLanguage\":\"fr-FR\",\"potentialAction\":[{\"@type\":\"ReadAction\",\"target\":[\"https:\\\/\\\/www.ghostysky.com\\\/product\\\/dji-matrice-3td\\\/\"]}]},{\"@type\":\"ImageObject\",\"inLanguage\":\"fr-FR\",\"@id\":\"https:\\\/\\\/www.ghostysky.com\\\/product\\\/dji-matrice-3td\\\/#primaryimage\",\"url\":\"https:\\\/\\\/www.ghostysky.com\\\/wp-content\\\/uploads\\\/2024\\\/04\\\/GH_DJI_MAtrice3DT_1.jpg\",\"contentUrl\":\"https:\\\/\\\/www.ghostysky.com\\\/wp-content\\\/uploads\\\/2024\\\/04\\\/GH_DJI_MAtrice3DT_1.jpg\",\"width\":800,\"height\":800},{\"@type\":\"BreadcrumbList\",\"@id\":\"https:\\\/\\\/www.ghostysky.com\\\/product\\\/dji-matrice-3td\\\/#breadcrumb\",\"itemListElement\":[{\"@type\":\"ListItem\",\"position\":1,\"name\":\"Home\",\"item\":\"https:\\\/\\\/www.ghostysky.com\\\/\"},{\"@type\":\"ListItem\",\"position\":2,\"name\":\"Shop\",\"item\":\"https:\\\/\\\/www.ghostysky.com\\\/shop\\\/\"},{\"@type\":\"ListItem\",\"position\":3,\"name\":\"DJI Matrice 3TD\"}]},{\"@type\":\"WebSite\",\"@id\":\"https:\\\/\\\/www.ghostysky.com\\\/#website\",\"url\":\"https:\\\/\\\/www.ghostysky.com\\\/\",\"name\":\"Ghostysky\",\"description\":\"Delivering professional drones and robotics solutions\",\"publisher\":{\"@id\":\"https:\\\/\\\/www.ghostysky.com\\\/#organization\"},\"potentialAction\":[{\"@type\":\"SearchAction\",\"target\":{\"@type\":\"EntryPoint\",\"urlTemplate\":\"https:\\\/\\\/www.ghostysky.com\\\/?s={search_term_string}\"},\"query-input\":{\"@type\":\"PropertyValueSpecification\",\"valueRequired\":true,\"valueName\":\"search_term_string\"}}],\"inLanguage\":\"fr-FR\"},{\"@type\":\"Organization\",\"@id\":\"https:\\\/\\\/www.ghostysky.com\\\/#organization\",\"name\":\"Ghostysky\",\"url\":\"https:\\\/\\\/www.ghostysky.com\\\/\",\"logo\":{\"@type\":\"ImageObject\",\"inLanguage\":\"fr-FR\",\"@id\":\"https:\\\/\\\/www.ghostysky.com\\\/#\\\/schema\\\/logo\\\/image\\\/\",\"url\":\"https:\\\/\\\/www.ghostysky.com\\\/wp-content\\\/uploads\\\/2020\\\/06\\\/cropped-ghostyskylogo_text_white2.png\",\"contentUrl\":\"https:\\\/\\\/www.ghostysky.com\\\/wp-content\\\/uploads\\\/2020\\\/06\\\/cropped-ghostyskylogo_text_white2.png\",\"width\":169,\"height\":56,\"caption\":\"Ghostysky\"},\"image\":{\"@id\":\"https:\\\/\\\/www.ghostysky.com\\\/#\\\/schema\\\/logo\\\/image\\\/\"},\"sameAs\":[\"https:\\\/\\\/www.facebook.com\\\/people\\\/Ghostysky\\\/100057676170234\\\/\",\"https:\\\/\\\/x.com\\\/Gh0stysky\",\"https:\\\/\\\/www.linkedin.com\\\/company\\\/34739653\",\"https:\\\/\\\/www.instagram.com\\\/gh0stysky\"]}]}<\/script>\n<!-- \/ Yoast SEO plugin. -->","yoast_head_json":{"title":"DJI Matrice 3TD - Ghostysky","description":"Le DJI Matrice 3DT est un nouveau drone industriel con\u00e7u sp\u00e9cifiquement pour \u00eatre utilis\u00e9 avec la station de charge DJI Dock 2. Il s&#039;agit du premier drone DJI sp\u00e9cialement con\u00e7u pour \u00eatre compatible avec une station d&#039;accueil. Le Matrice 3DT pr\u00e9sente de nombreuses caract\u00e9ristiques qui le rendent parfaitement adapt\u00e9 aux applications industrielles, notamment une conception robuste, une longue dur\u00e9e de vol et une vari\u00e9t\u00e9 de capteurs hautes performances.","robots":{"index":"index","follow":"follow","max-snippet":"max-snippet:-1","max-image-preview":"max-image-preview:large","max-video-preview":"max-video-preview:-1"},"canonical":"https:\/\/www.ghostysky.com\/fr\/product\/dji-matrice-3td\/","og_locale":"fr_FR","og_type":"article","og_title":"DJI Matrice 3TD - Ghostysky","og_description":"The DJI Matrice 3DT is a new industrial drone designed specifically for use with the DJI Dock 2 charging station . It is the first drone from DJI that is specifically designed to be compatible with a docking station.The Matrice 3DT has a number of features that make it well-suited for industrial applications, including a rugged design, a long flight time, and a variety of high-performance sensors.","og_url":"https:\/\/www.ghostysky.com\/fr\/product\/dji-matrice-3td\/","og_site_name":"Ghostysky","article_publisher":"https:\/\/www.facebook.com\/people\/Ghostysky\/100057676170234\/","article_modified_time":"2024-10-24T18:44:05+00:00","og_image":[{"width":800,"height":800,"url":"https:\/\/www.ghostysky.com\/wp-content\/uploads\/2024\/04\/GH_DJI_MAtrice3DT_1.jpg","type":"image\/jpeg"}],"twitter_card":"summary_large_image","twitter_site":"@Gh0stysky","twitter_misc":{"Dur\u00e9e de lecture estim\u00e9e":"1 minute"},"schema":{"@context":"https:\/\/schema.org","@graph":[{"@type":"WebPage","@id":"https:\/\/www.ghostysky.com\/product\/dji-matrice-3td\/","url":"https:\/\/www.ghostysky.com\/product\/dji-matrice-3td\/","name":"DJI Matrice 3TD - Ghostysky","isPartOf":{"@id":"https:\/\/www.ghostysky.com\/#website"},"primaryImageOfPage":{"@id":"https:\/\/www.ghostysky.com\/product\/dji-matrice-3td\/#primaryimage"},"image":{"@id":"https:\/\/www.ghostysky.com\/product\/dji-matrice-3td\/#primaryimage"},"thumbnailUrl":"https:\/\/www.ghostysky.com\/wp-content\/uploads\/2024\/04\/GH_DJI_MAtrice3DT_1.jpg","datePublished":"2024-04-18T16:15:43+00:00","dateModified":"2024-10-24T18:44:05+00:00","description":"Le DJI Matrice 3DT est un nouveau drone industriel con\u00e7u sp\u00e9cifiquement pour \u00eatre utilis\u00e9 avec la station de charge DJI Dock 2. Il s&#039;agit du premier drone DJI sp\u00e9cialement con\u00e7u pour \u00eatre compatible avec une station d&#039;accueil. Le Matrice 3DT pr\u00e9sente de nombreuses caract\u00e9ristiques qui le rendent parfaitement adapt\u00e9 aux applications industrielles, notamment une conception robuste, une longue dur\u00e9e de vol et une vari\u00e9t\u00e9 de capteurs hautes performances.","breadcrumb":{"@id":"https:\/\/www.ghostysky.com\/product\/dji-matrice-3td\/#breadcrumb"},"inLanguage":"fr-FR","potentialAction":[{"@type":"ReadAction","target":["https:\/\/www.ghostysky.com\/product\/dji-matrice-3td\/"]}]},{"@type":"ImageObject","inLanguage":"fr-FR","@id":"https:\/\/www.ghostysky.com\/product\/dji-matrice-3td\/#primaryimage","url":"https:\/\/www.ghostysky.com\/wp-content\/uploads\/2024\/04\/GH_DJI_MAtrice3DT_1.jpg","contentUrl":"https:\/\/www.ghostysky.com\/wp-content\/uploads\/2024\/04\/GH_DJI_MAtrice3DT_1.jpg","width":800,"height":800},{"@type":"BreadcrumbList","@id":"https:\/\/www.ghostysky.com\/product\/dji-matrice-3td\/#breadcrumb","itemListElement":[{"@type":"ListItem","position":1,"name":"Home","item":"https:\/\/www.ghostysky.com\/"},{"@type":"ListItem","position":2,"name":"Shop","item":"https:\/\/www.ghostysky.com\/shop\/"},{"@type":"ListItem","position":3,"name":"DJI Matrice 3TD"}]},{"@type":"WebSite","@id":"https:\/\/www.ghostysky.com\/#website","url":"https:\/\/www.ghostysky.com\/","name":"Ghostysky","description":"Fourniture de solutions professionnelles en mati\u00e8re de drones et de robotique","publisher":{"@id":"https:\/\/www.ghostysky.com\/#organization"},"potentialAction":[{"@type":"SearchAction","target":{"@type":"EntryPoint","urlTemplate":"https:\/\/www.ghostysky.com\/?s={search_term_string}"},"query-input":{"@type":"PropertyValueSpecification","valueRequired":true,"valueName":"search_term_string"}}],"inLanguage":"fr-FR"},{"@type":"Organization","@id":"https:\/\/www.ghostysky.com\/#organization","name":"Ghostysky","url":"https:\/\/www.ghostysky.com\/","logo":{"@type":"ImageObject","inLanguage":"fr-FR","@id":"https:\/\/www.ghostysky.com\/#\/schema\/logo\/image\/","url":"https:\/\/www.ghostysky.com\/wp-content\/uploads\/2020\/06\/cropped-ghostyskylogo_text_white2.png","contentUrl":"https:\/\/www.ghostysky.com\/wp-content\/uploads\/2020\/06\/cropped-ghostyskylogo_text_white2.png","width":169,"height":56,"caption":"Ghostysky"},"image":{"@id":"https:\/\/www.ghostysky.com\/#\/schema\/logo\/image\/"},"sameAs":["https:\/\/www.facebook.com\/people\/Ghostysky\/100057676170234\/","https:\/\/x.com\/Gh0stysky","https:\/\/www.linkedin.com\/company\/34739653","https:\/\/www.instagram.com\/gh0stysky"]}]}},"_links":{"self":[{"href":"https:\/\/www.ghostysky.com\/fr\/wp-json\/wp\/v2\/product\/18391","targetHints":{"allow":["GET"]}}],"collection":[{"href":"https:\/\/www.ghostysky.com\/fr\/wp-json\/wp\/v2\/product"}],"about":[{"href":"https:\/\/www.ghostysky.com\/fr\/wp-json\/wp\/v2\/types\/product"}],"replies":[{"embeddable":true,"href":"https:\/\/www.ghostysky.com\/fr\/wp-json\/wp\/v2\/comments?post=18391"}],"version-history":[{"count":0,"href":"https:\/\/www.ghostysky.com\/fr\/wp-json\/wp\/v2\/product\/18391\/revisions"}],"wp:featuredmedia":[{"embeddable":true,"href":"https:\/\/www.ghostysky.com\/fr\/wp-json\/wp\/v2\/media\/18386"}],"wp:attachment":[{"href":"https:\/\/www.ghostysky.com\/fr\/wp-json\/wp\/v2\/media?parent=18391"}],"wp:term":[{"taxonomy":"product_brand","embeddable":true,"href":"https:\/\/www.ghostysky.com\/fr\/wp-json\/wp\/v2\/product_brand?post=18391"},{"taxonomy":"product_cat","embeddable":true,"href":"https:\/\/www.ghostysky.com\/fr\/wp-json\/wp\/v2\/product_cat?post=18391"},{"taxonomy":"product_tag","embeddable":true,"href":"https:\/\/www.ghostysky.com\/fr\/wp-json\/wp\/v2\/product_tag?post=18391"}],"curies":[{"name":"wp","href":"https:\/\/api.w.org\/{rel}","templated":true}]}}