{"id":18412,"date":"2024-04-18T17:27:40","date_gmt":"2024-04-18T17:27:40","guid":{"rendered":"https:\/\/www.ghostysky.com\/?post_type=product&#038;p=18412"},"modified":"2024-10-31T21:17:47","modified_gmt":"2024-10-31T21:17:47","slug":"dji-care-enterprise-plus-dji-matrice-3d","status":"publish","type":"product","link":"https:\/\/www.ghostysky.com\/fr\/product\/dji-care-enterprise-plus-dji-matrice-3d\/","title":{"rendered":"DJI Care Enterprise Plus (DJI Matrice 3D)"},"content":{"rendered":"<h3 data-sourcepos=\"3:1-3:74\">Caract\u00e9ristiques principales<\/h3>\n<ul data-sourcepos=\"5:1-8:0\">\n<li data-sourcepos=\"5:1-5:252\"><strong>R\u00e9parations ou remplacements illimit\u00e9s :<\/strong>\u00a0En cas de dommage accidentel, DJI r\u00e9parera votre drone ou le remplacera gratuitement par un appareil reconditionn\u00e9. Le nombre de r\u00e9parations ou de remplacements possibles pendant la p\u00e9riode de couverture est illimit\u00e9.<\/li>\n<li data-sourcepos=\"6:1-6:101\"><strong>Remplacements de batterie gratuits\u00a0:<\/strong>\u00a0Le plan couvre jusqu\u2019\u00e0 deux remplacements de batterie gratuits dans un d\u00e9lai d\u2019un an.<\/li>\n<li data-sourcepos=\"7:1-8:0\"><strong>Service d&#039;entretien standard :<\/strong>\u00a0DJI fournira un service de maintenance standard pour votre Matrice 3D pendant la p\u00e9riode de couverture.<\/li>\n<\/ul>\n<p data-sourcepos=\"9:1-9:202\">Dans l\u2019ensemble, DJI Care Enterprise Plus est une bonne option pour les entreprises qui comptent sur leur Matrice 3D pour leurs op\u00e9rations critiques et qui souhaitent avoir l\u2019esprit tranquille en sachant que leur investissement est prot\u00e9g\u00e9 en cas d\u2019accident.<\/p>","protected":false},"excerpt":{"rendered":"<p>DJI Care Enterprise Plus est une assurance dommages propos\u00e9e par DJI pour ses drones commerciaux, dont le Matrice 3D. Elle offre une couverture compl\u00e8te contre les dommages accidentels caus\u00e9s \u00e0 votre drone, \u00e0 votre nacelle et \u00e0 votre cam\u00e9ra, y compris les collisions, les d\u00e9g\u00e2ts des eaux et les interf\u00e9rences de signal.<\/p>","protected":false},"featured_media":18411,"comment_status":"open","ping_status":"closed","template":"","meta":[],"product_brand":[],"product_cat":[851,37,816,29],"product_tag":[855,42,857],"class_list":{"0":"post-18412","1":"product","2":"type-product","3":"status-publish","4":"has-post-thumbnail","6":"product_cat-accessories-dock2","7":"product_cat-dji","8":"product_cat-dock-2","9":"product_cat-drones","10":"product_tag-care-enterprise-plus","11":"product_tag-dji","12":"product_tag-dji-matrice-3d","14":"first","15":"instock","16":"taxable","17":"shipping-taxable","18":"purchasable","19":"product-type-simple"},"yoast_head":"<!-- This site is optimized with the Yoast SEO plugin v27.4 - https:\/\/yoast.com\/product\/yoast-seo-wordpress\/ -->\n<title>DJI Care Enterprise Plus (DJI Matrice 3D) - Ghostysky<\/title>\n<meta name=\"description\" content=\"DJI Care Enterprise Plus is a damage protection plan offered by DJI for their commercial drone products, including the Matrice 3D. It provides comprehensive coverage for accidental damage to your drone, gimbal, and camera, including crashes, water damage, and signal interference.\" \/>\n<meta name=\"robots\" content=\"index, follow, max-snippet:-1, max-image-preview:large, max-video-preview:-1\" \/>\n<link rel=\"canonical\" href=\"https:\/\/www.ghostysky.com\/fr\/product\/dji-care-enterprise-plus-dji-matrice-3d\/\" \/>\n<meta property=\"og:locale\" content=\"fr_FR\" \/>\n<meta property=\"og:type\" content=\"article\" \/>\n<meta property=\"og:title\" content=\"DJI Care Enterprise Plus (DJI Matrice 3D) - Ghostysky\" \/>\n<meta property=\"og:description\" content=\"DJI Care Enterprise Plus is a damage protection plan offered by DJI for their commercial drone products, including the Matrice 3D. It provides comprehensive coverage for accidental damage to your drone, gimbal, and camera, including crashes, water damage, and signal interference.\" \/>\n<meta property=\"og:url\" content=\"https:\/\/www.ghostysky.com\/fr\/product\/dji-care-enterprise-plus-dji-matrice-3d\/\" \/>\n<meta property=\"og:site_name\" content=\"Ghostysky\" \/>\n<meta property=\"article:publisher\" content=\"https:\/\/www.facebook.com\/people\/Ghostysky\/100057676170234\/\" \/>\n<meta property=\"article:modified_time\" content=\"2024-10-31T21:17:47+00:00\" \/>\n<meta property=\"og:image\" content=\"https:\/\/www.ghostysky.com\/wp-content\/uploads\/2024\/04\/GH_dji-care-enterprise.jpg\" \/>\n\t<meta property=\"og:image:width\" content=\"1200\" \/>\n\t<meta property=\"og:image:height\" content=\"1200\" \/>\n\t<meta property=\"og:image:type\" content=\"image\/jpeg\" \/>\n<meta name=\"twitter:card\" content=\"summary_large_image\" \/>\n<meta name=\"twitter:site\" content=\"@Gh0stysky\" \/>\n<meta name=\"twitter:label1\" content=\"Dur\u00e9e de lecture estim\u00e9e\" \/>\n\t<meta name=\"twitter:data1\" content=\"1 minute\" \/>\n<script type=\"application\/ld+json\" class=\"yoast-schema-graph\">{\"@context\":\"https:\\\/\\\/schema.org\",\"@graph\":[{\"@type\":\"WebPage\",\"@id\":\"https:\\\/\\\/www.ghostysky.com\\\/product\\\/dji-care-enterprise-plus-dji-matrice-3d\\\/\",\"url\":\"https:\\\/\\\/www.ghostysky.com\\\/product\\\/dji-care-enterprise-plus-dji-matrice-3d\\\/\",\"name\":\"DJI Care Enterprise Plus (DJI Matrice 3D) - Ghostysky\",\"isPartOf\":{\"@id\":\"https:\\\/\\\/www.ghostysky.com\\\/#website\"},\"primaryImageOfPage\":{\"@id\":\"https:\\\/\\\/www.ghostysky.com\\\/product\\\/dji-care-enterprise-plus-dji-matrice-3d\\\/#primaryimage\"},\"image\":{\"@id\":\"https:\\\/\\\/www.ghostysky.com\\\/product\\\/dji-care-enterprise-plus-dji-matrice-3d\\\/#primaryimage\"},\"thumbnailUrl\":\"https:\\\/\\\/www.ghostysky.com\\\/wp-content\\\/uploads\\\/2024\\\/04\\\/GH_dji-care-enterprise.jpg\",\"datePublished\":\"2024-04-18T17:27:40+00:00\",\"dateModified\":\"2024-10-31T21:17:47+00:00\",\"description\":\"DJI Care Enterprise Plus is a damage protection plan offered by DJI for their commercial drone products, including the Matrice 3D. It provides comprehensive coverage for accidental damage to your drone, gimbal, and camera, including crashes, water damage, and signal interference.\",\"breadcrumb\":{\"@id\":\"https:\\\/\\\/www.ghostysky.com\\\/product\\\/dji-care-enterprise-plus-dji-matrice-3d\\\/#breadcrumb\"},\"inLanguage\":\"fr-FR\",\"potentialAction\":[{\"@type\":\"ReadAction\",\"target\":[\"https:\\\/\\\/www.ghostysky.com\\\/product\\\/dji-care-enterprise-plus-dji-matrice-3d\\\/\"]}]},{\"@type\":\"ImageObject\",\"inLanguage\":\"fr-FR\",\"@id\":\"https:\\\/\\\/www.ghostysky.com\\\/product\\\/dji-care-enterprise-plus-dji-matrice-3d\\\/#primaryimage\",\"url\":\"https:\\\/\\\/www.ghostysky.com\\\/wp-content\\\/uploads\\\/2024\\\/04\\\/GH_dji-care-enterprise.jpg\",\"contentUrl\":\"https:\\\/\\\/www.ghostysky.com\\\/wp-content\\\/uploads\\\/2024\\\/04\\\/GH_dji-care-enterprise.jpg\",\"width\":1200,\"height\":1200},{\"@type\":\"BreadcrumbList\",\"@id\":\"https:\\\/\\\/www.ghostysky.com\\\/product\\\/dji-care-enterprise-plus-dji-matrice-3d\\\/#breadcrumb\",\"itemListElement\":[{\"@type\":\"ListItem\",\"position\":1,\"name\":\"Home\",\"item\":\"https:\\\/\\\/www.ghostysky.com\\\/\"},{\"@type\":\"ListItem\",\"position\":2,\"name\":\"Shop\",\"item\":\"https:\\\/\\\/www.ghostysky.com\\\/shop\\\/\"},{\"@type\":\"ListItem\",\"position\":3,\"name\":\"DJI Care Enterprise Plus (DJI Matrice 3D)\"}]},{\"@type\":\"WebSite\",\"@id\":\"https:\\\/\\\/www.ghostysky.com\\\/#website\",\"url\":\"https:\\\/\\\/www.ghostysky.com\\\/\",\"name\":\"Ghostysky\",\"description\":\"Delivering professional drones and robotics solutions\",\"publisher\":{\"@id\":\"https:\\\/\\\/www.ghostysky.com\\\/#organization\"},\"potentialAction\":[{\"@type\":\"SearchAction\",\"target\":{\"@type\":\"EntryPoint\",\"urlTemplate\":\"https:\\\/\\\/www.ghostysky.com\\\/?s={search_term_string}\"},\"query-input\":{\"@type\":\"PropertyValueSpecification\",\"valueRequired\":true,\"valueName\":\"search_term_string\"}}],\"inLanguage\":\"fr-FR\"},{\"@type\":\"Organization\",\"@id\":\"https:\\\/\\\/www.ghostysky.com\\\/#organization\",\"name\":\"Ghostysky\",\"url\":\"https:\\\/\\\/www.ghostysky.com\\\/\",\"logo\":{\"@type\":\"ImageObject\",\"inLanguage\":\"fr-FR\",\"@id\":\"https:\\\/\\\/www.ghostysky.com\\\/#\\\/schema\\\/logo\\\/image\\\/\",\"url\":\"https:\\\/\\\/www.ghostysky.com\\\/wp-content\\\/uploads\\\/2020\\\/06\\\/cropped-ghostyskylogo_text_white2.png\",\"contentUrl\":\"https:\\\/\\\/www.ghostysky.com\\\/wp-content\\\/uploads\\\/2020\\\/06\\\/cropped-ghostyskylogo_text_white2.png\",\"width\":169,\"height\":56,\"caption\":\"Ghostysky\"},\"image\":{\"@id\":\"https:\\\/\\\/www.ghostysky.com\\\/#\\\/schema\\\/logo\\\/image\\\/\"},\"sameAs\":[\"https:\\\/\\\/www.facebook.com\\\/people\\\/Ghostysky\\\/100057676170234\\\/\",\"https:\\\/\\\/x.com\\\/Gh0stysky\",\"https:\\\/\\\/www.linkedin.com\\\/company\\\/34739653\",\"https:\\\/\\\/www.instagram.com\\\/gh0stysky\"]}]}<\/script>\n<!-- \/ Yoast SEO plugin. -->","yoast_head_json":{"title":"DJI Care Enterprise Plus (DJI Matrice 3D) - Ghostysky","description":"DJI Care Enterprise Plus est une assurance dommages propos\u00e9e par DJI pour ses drones commerciaux, dont le Matrice 3D. Elle offre une couverture compl\u00e8te contre les dommages accidentels caus\u00e9s \u00e0 votre drone, \u00e0 votre nacelle et \u00e0 votre cam\u00e9ra, y compris les collisions, les d\u00e9g\u00e2ts des eaux et les interf\u00e9rences de signal.","robots":{"index":"index","follow":"follow","max-snippet":"max-snippet:-1","max-image-preview":"max-image-preview:large","max-video-preview":"max-video-preview:-1"},"canonical":"https:\/\/www.ghostysky.com\/fr\/product\/dji-care-enterprise-plus-dji-matrice-3d\/","og_locale":"fr_FR","og_type":"article","og_title":"DJI Care Enterprise Plus (DJI Matrice 3D) - Ghostysky","og_description":"DJI Care Enterprise Plus is a damage protection plan offered by DJI for their commercial drone products, including the Matrice 3D. It provides comprehensive coverage for accidental damage to your drone, gimbal, and camera, including crashes, water damage, and signal interference.","og_url":"https:\/\/www.ghostysky.com\/fr\/product\/dji-care-enterprise-plus-dji-matrice-3d\/","og_site_name":"Ghostysky","article_publisher":"https:\/\/www.facebook.com\/people\/Ghostysky\/100057676170234\/","article_modified_time":"2024-10-31T21:17:47+00:00","og_image":[{"width":1200,"height":1200,"url":"https:\/\/www.ghostysky.com\/wp-content\/uploads\/2024\/04\/GH_dji-care-enterprise.jpg","type":"image\/jpeg"}],"twitter_card":"summary_large_image","twitter_site":"@Gh0stysky","twitter_misc":{"Dur\u00e9e de lecture estim\u00e9e":"1 minute"},"schema":{"@context":"https:\/\/schema.org","@graph":[{"@type":"WebPage","@id":"https:\/\/www.ghostysky.com\/product\/dji-care-enterprise-plus-dji-matrice-3d\/","url":"https:\/\/www.ghostysky.com\/product\/dji-care-enterprise-plus-dji-matrice-3d\/","name":"DJI Care Enterprise Plus (DJI Matrice 3D) - Ghostysky","isPartOf":{"@id":"https:\/\/www.ghostysky.com\/#website"},"primaryImageOfPage":{"@id":"https:\/\/www.ghostysky.com\/product\/dji-care-enterprise-plus-dji-matrice-3d\/#primaryimage"},"image":{"@id":"https:\/\/www.ghostysky.com\/product\/dji-care-enterprise-plus-dji-matrice-3d\/#primaryimage"},"thumbnailUrl":"https:\/\/www.ghostysky.com\/wp-content\/uploads\/2024\/04\/GH_dji-care-enterprise.jpg","datePublished":"2024-04-18T17:27:40+00:00","dateModified":"2024-10-31T21:17:47+00:00","description":"DJI Care Enterprise Plus est une assurance dommages propos\u00e9e par DJI pour ses drones commerciaux, dont le Matrice 3D. Elle offre une couverture compl\u00e8te contre les dommages accidentels caus\u00e9s \u00e0 votre drone, \u00e0 votre nacelle et \u00e0 votre cam\u00e9ra, y compris les collisions, les d\u00e9g\u00e2ts des eaux et les interf\u00e9rences de signal.","breadcrumb":{"@id":"https:\/\/www.ghostysky.com\/product\/dji-care-enterprise-plus-dji-matrice-3d\/#breadcrumb"},"inLanguage":"fr-FR","potentialAction":[{"@type":"ReadAction","target":["https:\/\/www.ghostysky.com\/product\/dji-care-enterprise-plus-dji-matrice-3d\/"]}]},{"@type":"ImageObject","inLanguage":"fr-FR","@id":"https:\/\/www.ghostysky.com\/product\/dji-care-enterprise-plus-dji-matrice-3d\/#primaryimage","url":"https:\/\/www.ghostysky.com\/wp-content\/uploads\/2024\/04\/GH_dji-care-enterprise.jpg","contentUrl":"https:\/\/www.ghostysky.com\/wp-content\/uploads\/2024\/04\/GH_dji-care-enterprise.jpg","width":1200,"height":1200},{"@type":"BreadcrumbList","@id":"https:\/\/www.ghostysky.com\/product\/dji-care-enterprise-plus-dji-matrice-3d\/#breadcrumb","itemListElement":[{"@type":"ListItem","position":1,"name":"Home","item":"https:\/\/www.ghostysky.com\/"},{"@type":"ListItem","position":2,"name":"Shop","item":"https:\/\/www.ghostysky.com\/shop\/"},{"@type":"ListItem","position":3,"name":"DJI Care Enterprise Plus (DJI Matrice 3D)"}]},{"@type":"WebSite","@id":"https:\/\/www.ghostysky.com\/#website","url":"https:\/\/www.ghostysky.com\/","name":"Ghostysky","description":"Fourniture de solutions professionnelles en mati\u00e8re de drones et de robotique","publisher":{"@id":"https:\/\/www.ghostysky.com\/#organization"},"potentialAction":[{"@type":"SearchAction","target":{"@type":"EntryPoint","urlTemplate":"https:\/\/www.ghostysky.com\/?s={search_term_string}"},"query-input":{"@type":"PropertyValueSpecification","valueRequired":true,"valueName":"search_term_string"}}],"inLanguage":"fr-FR"},{"@type":"Organization","@id":"https:\/\/www.ghostysky.com\/#organization","name":"Ghostysky","url":"https:\/\/www.ghostysky.com\/","logo":{"@type":"ImageObject","inLanguage":"fr-FR","@id":"https:\/\/www.ghostysky.com\/#\/schema\/logo\/image\/","url":"https:\/\/www.ghostysky.com\/wp-content\/uploads\/2020\/06\/cropped-ghostyskylogo_text_white2.png","contentUrl":"https:\/\/www.ghostysky.com\/wp-content\/uploads\/2020\/06\/cropped-ghostyskylogo_text_white2.png","width":169,"height":56,"caption":"Ghostysky"},"image":{"@id":"https:\/\/www.ghostysky.com\/#\/schema\/logo\/image\/"},"sameAs":["https:\/\/www.facebook.com\/people\/Ghostysky\/100057676170234\/","https:\/\/x.com\/Gh0stysky","https:\/\/www.linkedin.com\/company\/34739653","https:\/\/www.instagram.com\/gh0stysky"]}]}},"_links":{"self":[{"href":"https:\/\/www.ghostysky.com\/fr\/wp-json\/wp\/v2\/product\/18412","targetHints":{"allow":["GET"]}}],"collection":[{"href":"https:\/\/www.ghostysky.com\/fr\/wp-json\/wp\/v2\/product"}],"about":[{"href":"https:\/\/www.ghostysky.com\/fr\/wp-json\/wp\/v2\/types\/product"}],"replies":[{"embeddable":true,"href":"https:\/\/www.ghostysky.com\/fr\/wp-json\/wp\/v2\/comments?post=18412"}],"version-history":[{"count":0,"href":"https:\/\/www.ghostysky.com\/fr\/wp-json\/wp\/v2\/product\/18412\/revisions"}],"wp:featuredmedia":[{"embeddable":true,"href":"https:\/\/www.ghostysky.com\/fr\/wp-json\/wp\/v2\/media\/18411"}],"wp:attachment":[{"href":"https:\/\/www.ghostysky.com\/fr\/wp-json\/wp\/v2\/media?parent=18412"}],"wp:term":[{"taxonomy":"product_brand","embeddable":true,"href":"https:\/\/www.ghostysky.com\/fr\/wp-json\/wp\/v2\/product_brand?post=18412"},{"taxonomy":"product_cat","embeddable":true,"href":"https:\/\/www.ghostysky.com\/fr\/wp-json\/wp\/v2\/product_cat?post=18412"},{"taxonomy":"product_tag","embeddable":true,"href":"https:\/\/www.ghostysky.com\/fr\/wp-json\/wp\/v2\/product_tag?post=18412"}],"curies":[{"name":"wp","href":"https:\/\/api.w.org\/{rel}","templated":true}]}}