{"id":18440,"date":"2024-04-20T07:39:51","date_gmt":"2024-04-20T07:39:51","guid":{"rendered":"https:\/\/www.ghostysky.com\/?post_type=product&#038;p=18440"},"modified":"2024-04-20T07:59:21","modified_gmt":"2024-04-20T07:59:21","slug":"dji-power-500-120w-solar-panel-x-1","status":"publish","type":"product","link":"https:\/\/www.ghostysky.com\/fr\/product\/dji-power-500-120w-solar-panel-x-1\/","title":{"rendered":"Panneau solaire DJI Power 500 et 120 W \u00d7 1"},"content":{"rendered":"<h3 data-sourcepos=\"3:1-3:55\">Caract\u00e9ristiques<\/h3>\n<ul data-sourcepos=\"5:1-11:0\">\n<li data-sourcepos=\"5:1-5:120\"><strong>Charges rapides des drones DJI :<\/strong>\u00a0Le DJI Power 500 peut charger rapidement certaines batteries de drones DJI en environ 30 minutes.<\/li>\n<li data-sourcepos=\"6:1-6:89\"><strong>Compact et portable :<\/strong>\u00a0Pesant seulement 7,3 kg, le DJI Power 500 est facile \u00e0 transporter.<\/li>\n<li data-sourcepos=\"7:1-7:99\"><strong>Recharge rapide :<\/strong>\u00a0Le DJI Power 500 peut \u00eatre enti\u00e8rement recharg\u00e9 en seulement 70 minutes en utilisant le secteur.<\/li>\n<li data-sourcepos=\"8:1-8:136\"><strong>Sorties polyvalentes :<\/strong>\u00a0Le DJI Power 500 dispose de deux ports USB-C qui peuvent \u00eatre utilis\u00e9s \u00e0 la fois pour l&#039;entr\u00e9e et la sortie, avec une puissance maximale de 100 W.<\/li>\n<li data-sourcepos=\"9:1-9:115\"><strong>Recharge solaire :<\/strong>\u00a0Le DJI Power 500 peut \u00eatre charg\u00e9 \u00e0 l&#039;aide de panneaux solaires (vendus s\u00e9par\u00e9ment) pour une alimentation respectueuse de l&#039;environnement.<\/li>\n<li data-sourcepos=\"10:1-11:0\"><strong>S\u00fbr et durable :<\/strong>\u00a0Le DJI Power 500 dispose d&#039;une cellule LFP d&#039;une dur\u00e9e de vie de 10 ans, conservant une capacit\u00e9 de plus de 70% apr\u00e8s 4000 cycles de vie.<\/li>\n<\/ul>\n<p data-sourcepos=\"12:1-12:141\">Dans l\u2019ensemble, le DJI Power 500 est une centrale \u00e9lectrique portable polyvalente et puissante, parfaite pour tous ceux qui ont besoin de rester charg\u00e9s en d\u00e9placement.<\/p>\n<h3 data-sourcepos=\"12:1-12:141\">Drones pris en charge<\/h3>\n<ul data-sourcepos=\"3:1-7:0\">\n<li data-sourcepos=\"3:1-3:47\"><strong>Batterie de vol intelligente Mavic 3 Series<\/strong><\/li>\n<li data-sourcepos=\"4:1-4:42\"><strong>Batterie de vol intelligente DJI Air 3<\/strong><\/li>\n<li data-sourcepos=\"5:1-5:47\"><strong>Batterie de vol intelligente Inspire 3 TB51<\/strong><\/li>\n<li data-sourcepos=\"6:1-7:0\"><strong>Batterie de vol intelligente Matrice s\u00e9rie 30 TB30<\/strong>\u00a0(charge la plus rapide \u00e0 230 W)<\/li>\n<\/ul>\n<h3>Sp\u00e9cifications techniques<\/h3>\n<ul>\n<li><strong>G\u00e9n\u00e9ral<\/strong>\n<ul>\n<li>Mod\u00e8le : DYM500L\/DYM500H<\/li>\n<li>Capacit\u00e9 : 512 Wh<\/li>\n<li>Poids net : environ 7,3 kg<\/li>\n<li>Dimensions : 305 \u00d7 207 \u00d7 177 mm (L \u00d7 l \u00d7 H)<\/li>\n<li>Nombre de ports\u00a0: Sortie CA \u00d7 2, USB-C \u00d7 2, USB-A \u00d7 2, SDC Lite \u00d7 1, Entr\u00e9e CA \u00d7 1<\/li>\n<li>Altitude maximale de fonctionnement : 3\u00a0000 m<\/li>\n<\/ul>\n<\/li>\n<li><strong>Sp\u00e9cifications de sortie<\/strong>\n<ul>\n<li>Sortie CA<br \/>\nDYM500L\u00a0: 100-120\u00a0V CA, 50\/60\u00a0Hz, puissance continue maximale\u00a0: 1\u00a0000\u00a0W<br \/>\n\u200cDYM500H\u00a0: 220-240\u00a0V CA, 50\/60\u00a0Hz, puissance continue maximale\u00a0: 1\u00a0000\u00a0W<\/p>\n<ul>\n<li>La puissance de sortie continue maximale est disponible lorsque le niveau de batterie du produit est sup\u00e9rieur \u00e0 20%. Les donn\u00e9es de sortie CA varient selon le pays et la r\u00e9gion.<\/li>\n<\/ul>\n<\/li>\n<li>Sortie CA (mode bypass)<br \/>\nDYM500L : CA 100-120 V, max. 1\u00a0000 W<br \/>\nDYM500H : CA 220-240 V, max. 1\u00a0000 W<\/li>\n<li>Sortie USB-A\u00a0: 5\u00a0V, 3\u00a0A \/ 9\u00a0V, 2\u00a0A \/ 12\u00a0V, 2\u00a0A \u2013 Puissance de sortie maximale par canal\u00a0: 24\u00a0W<\/li>\n<li>Sortie USB-C\u00a0: 5\u00a0V, 5\u00a0A \/ 9\u00a0V, 5\u00a0A \/ 12\u00a0V, 5\u00a0A \/ 15\u00a0V, 5\u00a0A \/ 20\u00a0V, 5\u00a0A \u2013 Puissance de sortie maximale par canal\u00a0: 100\u00a0W (l\u2019appareil en charge doit prendre en charge le protocole PD\u00a03.0)<\/li>\n<li>Sortie SDC Lite\u00a0: SDC Lite\u00a0: 9-27\u00a0V, puissance de sortie maximale\u00a0: 240\u00a0W<\/li>\n<\/ul>\n<\/li>\n<li><strong>Sp\u00e9cifications d&#039;entr\u00e9e<\/strong>\n<ul>\n<li>Entr\u00e9e CA<br \/>\nDYM500L\u00a0: AC 100-120\u00a0V, 540\u00a0W (recharge), 1\u00a0000\u00a0W (mode Bypass)<br \/>\nDYM500H\u00a0: AC 220-240\u00a0V, 540\u00a0W (recharge), 1\u00a0000\u00a0W (mode Bypass)<\/li>\n<li>Entr\u00e9e SDC Lite\u00a0: 22,4-29,2\u00a0V CC, max. 300\u00a0W, 10\u00a0A<\/li>\n<li>Entr\u00e9e USB-C\u00a0:<br \/>\nDC 5-20 V, max 100 W (le chargeur doit prendre en charge le protocole PD 3.0)<br \/>\nPrend en charge l&#039;entr\u00e9e d&#039;alimentation simultan\u00e9e avec deux ports USB-C \u00e0 un maximum de 200 W.<\/li>\n<\/ul>\n<\/li>\n<li><strong>Batterie<\/strong>\n<ul>\n<li>Chimie cellulaire : LFP (ferrophosphate de lithium)<\/li>\n<li>Dur\u00e9e de vie\u00a0: Conserve une capacit\u00e9 sup\u00e9rieure \u00e0 celle de la batterie 70% apr\u00e8s 4\u00a0000 cycles. Mesur\u00e9 \u00e0 temp\u00e9rature ambiante de 25\u00a0\u00b0C (77\u00a0\u00b0F), en mode de recharge standard de 270\u00a0W et avec une puissance de sortie de 500\u00a0W.<\/li>\n<\/ul>\n<\/li>\n<li><strong>Temp\u00e9rature de fonctionnement<\/strong>\n<ul>\n<li>Temp\u00e9rature d&#039;alimentation : -10\u00b0 \u00e0 45\u00b0 C (14\u00b0 \u00e0 113\u00b0 F)<\/li>\n<li>Temp\u00e9rature de recharge : 0\u00b0 \u00e0 45\u00b0 C (32\u00b0 \u00e0 113\u00b0 F)<\/li>\n<li>Temp\u00e9rature de stockage : -10\u00b0 \u00e0 45\u00b0 C (14\u00b0 \u00e0 113\u00b0 F)<\/li>\n<\/ul>\n<\/li>\n<\/ul>\n<p><a href=\"https:\/\/www.ghostysky.com\/wp-content\/uploads\/2024\/04\/DJIP500_2_ITB.jpg\"><img fetchpriority=\"high\" decoding=\"async\" class=\"alignnone size-full wp-image-18455 lazyload\" src=\"data:image\/gif;base64,R0lGODlhAQABAAAAACH5BAEKAAEALAAAAAABAAEAAAICTAEAOw==\" alt=\"\" width=\"1487\" height=\"435\" data-src=\"data:image\/gif;base64,R0lGODlhAQABAAAAACH5BAEKAAEALAAAAAABAAEAAAICTAEAOw==\"><\/a><\/p>","protected":false},"excerpt":{"rendered":"<p>La DJI Power 500 est une station d&#039;alimentation portable con\u00e7ue pour les cr\u00e9ateurs de contenu et les amateurs de plein air. D&#039;une capacit\u00e9 de 512 Wh et d&#039;une puissance de sortie maximale de 1000 W, elle permet de recharger divers appareils, notamment des drones, des appareils photo, des ordinateurs portables et des smartphones. Un panneau solaire de 120 W est inclus.<\/p>","protected":false},"featured_media":18420,"comment_status":"open","ping_status":"closed","template":"","meta":[],"product_brand":[],"product_cat":[461,777,615,430,781,785,752,775,37,614,429,29,779,784,511],"product_tag":[42,860,859],"class_list":{"0":"post-18440","1":"product","2":"type-product","3":"status-publish","4":"has-post-thumbnail","6":"product_cat-accessories-2","7":"product_cat-accessories-air-3","8":"product_cat-dji-matrice-30-accessories","9":"product_cat-accessories-dji-mavic3-ent","10":"product_cat-accessories-mavic-3-classic","11":"product_cat-accessories-mavic-3-pro","12":"product_cat-aerial-photography","13":"product_cat-air-3","14":"product_cat-dji","15":"product_cat-dji-matrice-30","16":"product_cat-dji-mavic3-ent","17":"product_cat-drones","18":"product_cat-mavic-3-classic","19":"product_cat-mavic-3-pro","20":"product_cat-power-station","21":"product_tag-dji","22":"product_tag-dji-power-station","23":"product_tag-power-station-500","25":"first","26":"onbackorder","27":"taxable","28":"shipping-taxable","29":"product-type-simple"},"yoast_head":"<!-- This site is optimized with the Yoast SEO plugin v27.4 - https:\/\/yoast.com\/product\/yoast-seo-wordpress\/ -->\n<title>DJI Power 500 &amp; 120W Solar Panel \u00d7 1 - Ghostysky<\/title>\n<meta name=\"description\" content=\"The DJI Power 500 is a portable power station designed for content creators and outdoor enthusiasts. It has a capacity of 512Wh and a maximum output power of 1000W, which can be used to charge a variety of devices, including drones, cameras, laptops, and smartphones. The package includes a 120W Solar Panel.\" \/>\n<meta name=\"robots\" content=\"index, follow, max-snippet:-1, max-image-preview:large, max-video-preview:-1\" \/>\n<link rel=\"canonical\" href=\"https:\/\/www.ghostysky.com\/fr\/product\/dji-power-500-120w-solar-panel-x-1\/\" \/>\n<meta property=\"og:locale\" content=\"fr_FR\" \/>\n<meta property=\"og:type\" content=\"article\" \/>\n<meta property=\"og:title\" content=\"DJI Power 500 &amp; 120W Solar Panel \u00d7 1 - Ghostysky\" \/>\n<meta property=\"og:description\" content=\"The DJI Power 500 is a portable power station designed for content creators and outdoor enthusiasts. It has a capacity of 512Wh and a maximum output power of 1000W, which can be used to charge a variety of devices, including drones, cameras, laptops, and smartphones. The package includes a 120W Solar Panel.\" \/>\n<meta property=\"og:url\" content=\"https:\/\/www.ghostysky.com\/fr\/product\/dji-power-500-120w-solar-panel-x-1\/\" \/>\n<meta property=\"og:site_name\" content=\"Ghostysky\" \/>\n<meta property=\"article:publisher\" content=\"https:\/\/www.facebook.com\/people\/Ghostysky\/100057676170234\/\" \/>\n<meta property=\"article:modified_time\" content=\"2024-04-20T07:59:21+00:00\" \/>\n<meta property=\"og:image\" content=\"https:\/\/www.ghostysky.com\/wp-content\/uploads\/2024\/04\/DJI-Power-500_7_Solarx1.jpg\" \/>\n\t<meta property=\"og:image:width\" content=\"1280\" \/>\n\t<meta property=\"og:image:height\" content=\"1280\" \/>\n\t<meta property=\"og:image:type\" content=\"image\/jpeg\" \/>\n<meta name=\"twitter:card\" content=\"summary_large_image\" \/>\n<meta name=\"twitter:site\" content=\"@Gh0stysky\" \/>\n<meta name=\"twitter:label1\" content=\"Dur\u00e9e de lecture estim\u00e9e\" \/>\n\t<meta name=\"twitter:data1\" content=\"3 minutes\" \/>\n<script type=\"application\/ld+json\" class=\"yoast-schema-graph\">{\"@context\":\"https:\\\/\\\/schema.org\",\"@graph\":[{\"@type\":\"WebPage\",\"@id\":\"https:\\\/\\\/www.ghostysky.com\\\/product\\\/dji-power-500-120w-solar-panel-x-1\\\/\",\"url\":\"https:\\\/\\\/www.ghostysky.com\\\/product\\\/dji-power-500-120w-solar-panel-x-1\\\/\",\"name\":\"DJI Power 500 & 120W Solar Panel \u00d7 1 - Ghostysky\",\"isPartOf\":{\"@id\":\"https:\\\/\\\/www.ghostysky.com\\\/#website\"},\"primaryImageOfPage\":{\"@id\":\"https:\\\/\\\/www.ghostysky.com\\\/product\\\/dji-power-500-120w-solar-panel-x-1\\\/#primaryimage\"},\"image\":{\"@id\":\"https:\\\/\\\/www.ghostysky.com\\\/product\\\/dji-power-500-120w-solar-panel-x-1\\\/#primaryimage\"},\"thumbnailUrl\":\"https:\\\/\\\/www.ghostysky.com\\\/wp-content\\\/uploads\\\/2024\\\/04\\\/DJI-Power-500_7_Solarx1.jpg\",\"datePublished\":\"2024-04-20T07:39:51+00:00\",\"dateModified\":\"2024-04-20T07:59:21+00:00\",\"description\":\"The DJI Power 500 is a portable power station designed for content creators and outdoor enthusiasts. It has a capacity of 512Wh and a maximum output power of 1000W, which can be used to charge a variety of devices, including drones, cameras, laptops, and smartphones. The package includes a 120W Solar Panel.\",\"breadcrumb\":{\"@id\":\"https:\\\/\\\/www.ghostysky.com\\\/product\\\/dji-power-500-120w-solar-panel-x-1\\\/#breadcrumb\"},\"inLanguage\":\"fr-FR\",\"potentialAction\":[{\"@type\":\"ReadAction\",\"target\":[\"https:\\\/\\\/www.ghostysky.com\\\/product\\\/dji-power-500-120w-solar-panel-x-1\\\/\"]}]},{\"@type\":\"ImageObject\",\"inLanguage\":\"fr-FR\",\"@id\":\"https:\\\/\\\/www.ghostysky.com\\\/product\\\/dji-power-500-120w-solar-panel-x-1\\\/#primaryimage\",\"url\":\"https:\\\/\\\/www.ghostysky.com\\\/wp-content\\\/uploads\\\/2024\\\/04\\\/DJI-Power-500_7_Solarx1.jpg\",\"contentUrl\":\"https:\\\/\\\/www.ghostysky.com\\\/wp-content\\\/uploads\\\/2024\\\/04\\\/DJI-Power-500_7_Solarx1.jpg\",\"width\":1280,\"height\":1280},{\"@type\":\"BreadcrumbList\",\"@id\":\"https:\\\/\\\/www.ghostysky.com\\\/product\\\/dji-power-500-120w-solar-panel-x-1\\\/#breadcrumb\",\"itemListElement\":[{\"@type\":\"ListItem\",\"position\":1,\"name\":\"Home\",\"item\":\"https:\\\/\\\/www.ghostysky.com\\\/\"},{\"@type\":\"ListItem\",\"position\":2,\"name\":\"Shop\",\"item\":\"https:\\\/\\\/www.ghostysky.com\\\/shop\\\/\"},{\"@type\":\"ListItem\",\"position\":3,\"name\":\"DJI Power 500 &#038; 120W Solar Panel \u00d7 1\"}]},{\"@type\":\"WebSite\",\"@id\":\"https:\\\/\\\/www.ghostysky.com\\\/#website\",\"url\":\"https:\\\/\\\/www.ghostysky.com\\\/\",\"name\":\"Ghostysky\",\"description\":\"Delivering professional drones and robotics solutions\",\"publisher\":{\"@id\":\"https:\\\/\\\/www.ghostysky.com\\\/#organization\"},\"potentialAction\":[{\"@type\":\"SearchAction\",\"target\":{\"@type\":\"EntryPoint\",\"urlTemplate\":\"https:\\\/\\\/www.ghostysky.com\\\/?s={search_term_string}\"},\"query-input\":{\"@type\":\"PropertyValueSpecification\",\"valueRequired\":true,\"valueName\":\"search_term_string\"}}],\"inLanguage\":\"fr-FR\"},{\"@type\":\"Organization\",\"@id\":\"https:\\\/\\\/www.ghostysky.com\\\/#organization\",\"name\":\"Ghostysky\",\"url\":\"https:\\\/\\\/www.ghostysky.com\\\/\",\"logo\":{\"@type\":\"ImageObject\",\"inLanguage\":\"fr-FR\",\"@id\":\"https:\\\/\\\/www.ghostysky.com\\\/#\\\/schema\\\/logo\\\/image\\\/\",\"url\":\"https:\\\/\\\/www.ghostysky.com\\\/wp-content\\\/uploads\\\/2020\\\/06\\\/cropped-ghostyskylogo_text_white2.png\",\"contentUrl\":\"https:\\\/\\\/www.ghostysky.com\\\/wp-content\\\/uploads\\\/2020\\\/06\\\/cropped-ghostyskylogo_text_white2.png\",\"width\":169,\"height\":56,\"caption\":\"Ghostysky\"},\"image\":{\"@id\":\"https:\\\/\\\/www.ghostysky.com\\\/#\\\/schema\\\/logo\\\/image\\\/\"},\"sameAs\":[\"https:\\\/\\\/www.facebook.com\\\/people\\\/Ghostysky\\\/100057676170234\\\/\",\"https:\\\/\\\/x.com\\\/Gh0stysky\",\"https:\\\/\\\/www.linkedin.com\\\/company\\\/34739653\",\"https:\\\/\\\/www.instagram.com\\\/gh0stysky\"]}]}<\/script>\n<!-- \/ Yoast SEO plugin. -->","yoast_head_json":{"title":"Panneau solaire DJI Power 500 et 120 W \u00d7 1 - Ghostysky","description":"La DJI Power 500 est une station d&#039;alimentation portable con\u00e7ue pour les cr\u00e9ateurs de contenu et les amateurs de plein air. D&#039;une capacit\u00e9 de 512 Wh et d&#039;une puissance de sortie maximale de 1000 W, elle permet de recharger divers appareils, notamment des drones, des appareils photo, des ordinateurs portables et des smartphones. Un panneau solaire de 120 W est inclus.","robots":{"index":"index","follow":"follow","max-snippet":"max-snippet:-1","max-image-preview":"max-image-preview:large","max-video-preview":"max-video-preview:-1"},"canonical":"https:\/\/www.ghostysky.com\/fr\/product\/dji-power-500-120w-solar-panel-x-1\/","og_locale":"fr_FR","og_type":"article","og_title":"DJI Power 500 & 120W Solar Panel \u00d7 1 - Ghostysky","og_description":"The DJI Power 500 is a portable power station designed for content creators and outdoor enthusiasts. It has a capacity of 512Wh and a maximum output power of 1000W, which can be used to charge a variety of devices, including drones, cameras, laptops, and smartphones. The package includes a 120W Solar Panel.","og_url":"https:\/\/www.ghostysky.com\/fr\/product\/dji-power-500-120w-solar-panel-x-1\/","og_site_name":"Ghostysky","article_publisher":"https:\/\/www.facebook.com\/people\/Ghostysky\/100057676170234\/","article_modified_time":"2024-04-20T07:59:21+00:00","og_image":[{"width":1280,"height":1280,"url":"https:\/\/www.ghostysky.com\/wp-content\/uploads\/2024\/04\/DJI-Power-500_7_Solarx1.jpg","type":"image\/jpeg"}],"twitter_card":"summary_large_image","twitter_site":"@Gh0stysky","twitter_misc":{"Dur\u00e9e de lecture estim\u00e9e":"3 minutes"},"schema":{"@context":"https:\/\/schema.org","@graph":[{"@type":"WebPage","@id":"https:\/\/www.ghostysky.com\/product\/dji-power-500-120w-solar-panel-x-1\/","url":"https:\/\/www.ghostysky.com\/product\/dji-power-500-120w-solar-panel-x-1\/","name":"Panneau solaire DJI Power 500 et 120 W \u00d7 1 - Ghostysky","isPartOf":{"@id":"https:\/\/www.ghostysky.com\/#website"},"primaryImageOfPage":{"@id":"https:\/\/www.ghostysky.com\/product\/dji-power-500-120w-solar-panel-x-1\/#primaryimage"},"image":{"@id":"https:\/\/www.ghostysky.com\/product\/dji-power-500-120w-solar-panel-x-1\/#primaryimage"},"thumbnailUrl":"https:\/\/www.ghostysky.com\/wp-content\/uploads\/2024\/04\/DJI-Power-500_7_Solarx1.jpg","datePublished":"2024-04-20T07:39:51+00:00","dateModified":"2024-04-20T07:59:21+00:00","description":"La DJI Power 500 est une station d&#039;alimentation portable con\u00e7ue pour les cr\u00e9ateurs de contenu et les amateurs de plein air. D&#039;une capacit\u00e9 de 512 Wh et d&#039;une puissance de sortie maximale de 1000 W, elle permet de recharger divers appareils, notamment des drones, des appareils photo, des ordinateurs portables et des smartphones. Un panneau solaire de 120 W est inclus.","breadcrumb":{"@id":"https:\/\/www.ghostysky.com\/product\/dji-power-500-120w-solar-panel-x-1\/#breadcrumb"},"inLanguage":"fr-FR","potentialAction":[{"@type":"ReadAction","target":["https:\/\/www.ghostysky.com\/product\/dji-power-500-120w-solar-panel-x-1\/"]}]},{"@type":"ImageObject","inLanguage":"fr-FR","@id":"https:\/\/www.ghostysky.com\/product\/dji-power-500-120w-solar-panel-x-1\/#primaryimage","url":"https:\/\/www.ghostysky.com\/wp-content\/uploads\/2024\/04\/DJI-Power-500_7_Solarx1.jpg","contentUrl":"https:\/\/www.ghostysky.com\/wp-content\/uploads\/2024\/04\/DJI-Power-500_7_Solarx1.jpg","width":1280,"height":1280},{"@type":"BreadcrumbList","@id":"https:\/\/www.ghostysky.com\/product\/dji-power-500-120w-solar-panel-x-1\/#breadcrumb","itemListElement":[{"@type":"ListItem","position":1,"name":"Home","item":"https:\/\/www.ghostysky.com\/"},{"@type":"ListItem","position":2,"name":"Shop","item":"https:\/\/www.ghostysky.com\/shop\/"},{"@type":"ListItem","position":3,"name":"DJI Power 500 &#038; 120W Solar Panel \u00d7 1"}]},{"@type":"WebSite","@id":"https:\/\/www.ghostysky.com\/#website","url":"https:\/\/www.ghostysky.com\/","name":"Ghostysky","description":"Fourniture de solutions professionnelles en mati\u00e8re de drones et de robotique","publisher":{"@id":"https:\/\/www.ghostysky.com\/#organization"},"potentialAction":[{"@type":"SearchAction","target":{"@type":"EntryPoint","urlTemplate":"https:\/\/www.ghostysky.com\/?s={search_term_string}"},"query-input":{"@type":"PropertyValueSpecification","valueRequired":true,"valueName":"search_term_string"}}],"inLanguage":"fr-FR"},{"@type":"Organization","@id":"https:\/\/www.ghostysky.com\/#organization","name":"Ghostysky","url":"https:\/\/www.ghostysky.com\/","logo":{"@type":"ImageObject","inLanguage":"fr-FR","@id":"https:\/\/www.ghostysky.com\/#\/schema\/logo\/image\/","url":"https:\/\/www.ghostysky.com\/wp-content\/uploads\/2020\/06\/cropped-ghostyskylogo_text_white2.png","contentUrl":"https:\/\/www.ghostysky.com\/wp-content\/uploads\/2020\/06\/cropped-ghostyskylogo_text_white2.png","width":169,"height":56,"caption":"Ghostysky"},"image":{"@id":"https:\/\/www.ghostysky.com\/#\/schema\/logo\/image\/"},"sameAs":["https:\/\/www.facebook.com\/people\/Ghostysky\/100057676170234\/","https:\/\/x.com\/Gh0stysky","https:\/\/www.linkedin.com\/company\/34739653","https:\/\/www.instagram.com\/gh0stysky"]}]}},"_links":{"self":[{"href":"https:\/\/www.ghostysky.com\/fr\/wp-json\/wp\/v2\/product\/18440","targetHints":{"allow":["GET"]}}],"collection":[{"href":"https:\/\/www.ghostysky.com\/fr\/wp-json\/wp\/v2\/product"}],"about":[{"href":"https:\/\/www.ghostysky.com\/fr\/wp-json\/wp\/v2\/types\/product"}],"replies":[{"embeddable":true,"href":"https:\/\/www.ghostysky.com\/fr\/wp-json\/wp\/v2\/comments?post=18440"}],"version-history":[{"count":0,"href":"https:\/\/www.ghostysky.com\/fr\/wp-json\/wp\/v2\/product\/18440\/revisions"}],"wp:featuredmedia":[{"embeddable":true,"href":"https:\/\/www.ghostysky.com\/fr\/wp-json\/wp\/v2\/media\/18420"}],"wp:attachment":[{"href":"https:\/\/www.ghostysky.com\/fr\/wp-json\/wp\/v2\/media?parent=18440"}],"wp:term":[{"taxonomy":"product_brand","embeddable":true,"href":"https:\/\/www.ghostysky.com\/fr\/wp-json\/wp\/v2\/product_brand?post=18440"},{"taxonomy":"product_cat","embeddable":true,"href":"https:\/\/www.ghostysky.com\/fr\/wp-json\/wp\/v2\/product_cat?post=18440"},{"taxonomy":"product_tag","embeddable":true,"href":"https:\/\/www.ghostysky.com\/fr\/wp-json\/wp\/v2\/product_tag?post=18440"}],"curies":[{"name":"wp","href":"https:\/\/api.w.org\/{rel}","templated":true}]}}