{"id":18456,"date":"2024-04-20T08:02:23","date_gmt":"2024-04-20T08:02:23","guid":{"rendered":"https:\/\/www.ghostysky.com\/?post_type=product&#038;p=18456"},"modified":"2025-10-14T11:12:50","modified_gmt":"2025-10-14T11:12:50","slug":"dji-power-1000","status":"publish","type":"product","link":"https:\/\/www.ghostysky.com\/fr\/product\/dji-power-1000\/","title":{"rendered":"DJI Power 1000"},"content":{"rendered":"<p data-sourcepos=\"3:1-3:35\"><strong>Haute capacit\u00e9 et puissance de sortie :<\/strong><\/p>\n<ul data-sourcepos=\"5:1-6:0\">\n<li data-sourcepos=\"5:1-6:0\">B\u00e9n\u00e9ficiant d&#039;une capacit\u00e9 de batterie de 1024 Wh, il fournit une puissance de sortie CA maximale de 2200 \u00e0 2400 W, ce qui le rend adapt\u00e9 m\u00eame aux appareils les plus exigeants.<\/li>\n<\/ul>\n<p data-sourcepos=\"7:1-7:18\"><strong>Charge rapide :<\/strong><\/p>\n<ul data-sourcepos=\"9:1-10:0\">\n<li data-sourcepos=\"9:1-10:0\">Lib\u00e9rez votre cr\u00e9ativit\u00e9 a\u00e9rienne plus rapidement. Le DJI Power 1000 charge rapidement les batteries de drones DJI compatibles, certains mod\u00e8les atteignant une charge compl\u00e8te en environ 30 minutes.<\/li>\n<\/ul>\n<p data-sourcepos=\"11:1-11:29\"><strong>Alimentation \u00e9lectrique polyvalente :<\/strong><\/p>\n<ul data-sourcepos=\"13:1-14:0\">\n<li data-sourcepos=\"13:1-14:0\">Gardez tous vos appareils charg\u00e9s. Il est dot\u00e9 de deux ports USB-C avec Power Delivery 3.1 prenant en charge jusqu&#039;\u00e0 140 W chacun, id\u00e9al pour les ordinateurs portables, les appareils photo et les smartphones.<\/li>\n<\/ul>\n<p data-sourcepos=\"15:1-15:28\"><strong>Recharge \u00e9cologique :<\/strong><\/p>\n<ul data-sourcepos=\"17:1-18:0\">\n<li data-sourcepos=\"17:1-18:0\">Adoptez une \u00e9nergie durable. Le DJI Power 1000 peut \u00eatre recharg\u00e9 gr\u00e2ce \u00e0 des panneaux solaires (vendus s\u00e9par\u00e9ment) gr\u00e2ce au module adaptateur de panneau solaire DJI Power (MPPT) pour des aventures hors r\u00e9seau.<\/li>\n<\/ul>\n<p data-sourcepos=\"19:1-19:21\"><strong>Durable et s\u00fbr :<\/strong><\/p>\n<ul data-sourcepos=\"21:1-22:0\">\n<li data-sourcepos=\"21:1-22:0\">Con\u00e7u pour durer. Il utilise une cellule LFP offrant une dur\u00e9e de vie de 10 ans, conservant une capacit\u00e9 sup\u00e9rieure \u00e0 70% apr\u00e8s 4\u00a0000 cycles de charge. De plus, diverses fonctions de s\u00e9curit\u00e9 garantissent un fonctionnement sans souci.<\/li>\n<\/ul>\n<p data-sourcepos=\"23:1-23:20\"><strong>Fonctionnement silencieux :<\/strong><\/p>\n<ul data-sourcepos=\"25:1-26:0\">\n<li data-sourcepos=\"25:1-26:0\">Profitez d&#039;une puissance silencieuse. Le DJI Power 1000 est silencieux, id\u00e9al pour filmer ou \u00eatre utilis\u00e9 dans des environnements sensibles au bruit.<\/li>\n<\/ul>\n<p data-sourcepos=\"27:1-27:50\"><strong>Nombreuses options d&#039;accessoires<\/strong> (vendu s\u00e9par\u00e9ment) :<\/p>\n<ul data-sourcepos=\"29:1-30:0\">\n<li data-sourcepos=\"29:1-30:0\">\u00c9tendez ses fonctionnalit\u00e9s avec une vari\u00e9t\u00e9 d&#039;accessoires, notamment l&#039;adaptateur de panneau solaire et le chargeur de voiture susmentionn\u00e9s, pour encore plus de polyvalence.<\/li>\n<\/ul>\n<p data-sourcepos=\"31:1-31:170\">En r\u00e9sum\u00e9, le DJI Power 1000 est une solution puissante et portable pour les cr\u00e9ateurs de contenu, les passionn\u00e9s de drones et tous ceux qui ont besoin d&#039;une alimentation hors r\u00e9seau fiable pour leurs appareils.<\/p>\n<h3 data-sourcepos=\"31:1-31:170\">Sp\u00e9cifications techniques<\/h3>\n<div class=\"specs-parameter-wrap\">\n<h4 class=\"group-list-title\">G\u00e9n\u00e9ral<\/h4>\n<ul class=\"detailed-parameter-list\">\n<li class=\"detailed-parameter-key\">\n<h4>Mod\u00e8le<\/h4>\n<ul class=\"detailed-parameter-list\">\n<li class=\"detailed-parameter\">\n<div class=\"detailed-parameter-value\">DYM1000L\/DYM1000H<\/div>\n<\/li>\n<\/ul>\n<\/li>\n<\/ul>\n<ul class=\"detailed-parameter-list\">\n<li class=\"detailed-parameter-key\">\n<h4>Capacit\u00e9<\/h4>\n<ul class=\"detailed-parameter-list\">\n<li class=\"detailed-parameter\">\n<div class=\"detailed-parameter-value\">1024 Wh<\/div>\n<\/li>\n<\/ul>\n<\/li>\n<\/ul>\n<ul class=\"detailed-parameter-list\">\n<li class=\"detailed-parameter-key\">\n<h4>Poids net<\/h4>\n<ul class=\"detailed-parameter-list\">\n<li class=\"detailed-parameter\">\n<div class=\"detailed-parameter-value\">Environ 13 kg<\/div>\n<\/li>\n<\/ul>\n<\/li>\n<\/ul>\n<ul class=\"detailed-parameter-list\">\n<li class=\"detailed-parameter-key\">\n<h4>Dimensions<\/h4>\n<ul class=\"detailed-parameter-list\">\n<li class=\"detailed-parameter-key\">\n<h4>448 \u00d7 225 \u00d7 230 mm (L \u00d7 l \u00d7 H)<\/h4>\n<\/li>\n<\/ul>\n<\/li>\n<\/ul>\n<ul class=\"detailed-parameter-list\">\n<li class=\"detailed-parameter-key\">\n<h4>Nombre de ports<\/h4>\n<ul class=\"detailed-parameter-list\">\n<li class=\"detailed-parameter\">\n<div class=\"detailed-parameter-value\">Sortie CA \u00d7 2<br \/>\nUSB-C \u00d7 2<br \/>\nUSB-A \u00d7 2<br \/>\nSDC \u00d7 1<br \/>\nSDC Lite \u00d7 1<br \/>\nEntr\u00e9e CA \u00d7 1<\/div>\n<\/li>\n<\/ul>\n<\/li>\n<\/ul>\n<ul class=\"detailed-parameter-list\">\n<li class=\"detailed-parameter-key\">\n<h4>Altitude maximale de fonctionnement<\/h4>\n<ul class=\"detailed-parameter-list\">\n<li class=\"detailed-parameter\">\n<div class=\"detailed-parameter-value\">3000 m<\/div>\n<\/li>\n<\/ul>\n<\/li>\n<\/ul>\n<\/div>\n<div class=\"specs-parameter-wrap\">\n<h4 class=\"group-list-title\">Sp\u00e9cifications de sortie<\/h4>\n<ul class=\"detailed-parameter-list\">\n<li class=\"detailed-parameter-key\">\n<h4>Sortie CA<\/h4>\n<ul class=\"detailed-parameter-list\">\n<li class=\"detailed-parameter\">\n<div class=\"detailed-parameter-value\">DYM1000L\u00a0: 100-120\u00a0V CA, 50\/60\u00a0Hz, puissance continue maximale\u00a0: 2\u00a0200\u00a0W<br \/>\nDYM1000H\u00a0: 220-240\u00a0V CA, 50\/60\u00a0Hz, puissance continue maximale\u00a0: 2\u00a0400\u00a0W\u00a0<sup>La puissance de sortie continue maximale est disponible lorsque le niveau de batterie du produit est sup\u00e9rieur \u00e0 20%. Les donn\u00e9es de sortie CA varient selon le pays et la r\u00e9gion.<\/sup><br \/>\n\u200c\u00a0<sup>\u00c9tant donn\u00e9 que la tension au Japon est de 100 V, la puissance de sortie continue maximale de la version japonaise est de 2 000 W.<\/sup><\/div>\n<\/li>\n<\/ul>\n<\/li>\n<\/ul>\n<ul class=\"detailed-parameter-list\">\n<li class=\"detailed-parameter-key\">\n<h4>Sortie CA (mode bypass)<\/h4>\n<ul class=\"detailed-parameter-list\">\n<li class=\"detailed-parameter\">\n<div class=\"detailed-parameter-value\">DYM1000L : CA 100-120 V, 12 A, 1440 W<br \/>\n\u200cDYM1000H\u00a0: CA 220-240\u00a0V, 10\u00a0A, 2\u00a0200\u00a0W<\/div>\n<\/li>\n<\/ul>\n<\/li>\n<\/ul>\n<ul class=\"detailed-parameter-list\">\n<li class=\"detailed-parameter-key\">\n<h4>Sortie USB-A<\/h4>\n<ul class=\"detailed-parameter-list\">\n<li class=\"detailed-parameter\">\n<div class=\"detailed-parameter-value\">5 V, 3 A<br \/>\n9 V, 2 A<br \/>\n12 V, 2 A<br \/>\nPuissance de sortie maximale par canal : 24 W<\/div>\n<\/li>\n<\/ul>\n<\/li>\n<\/ul>\n<ul class=\"detailed-parameter-list\">\n<li class=\"detailed-parameter-key\">\n<h4>Sortie USB-C<\/h4>\n<ul class=\"detailed-parameter-list\">\n<li class=\"detailed-parameter\">\n<div class=\"detailed-parameter-value\">5 V, 5 A<br \/>\n9 V, 5 A<br \/>\n12 V, 5 A<br \/>\n15 V, 5 A<br \/>\n20 V, 5 A<br \/>\n28 V, 5 A (EPR)<br \/>\nPuissance de sortie maximale par canal : 140 W*<sup>* Le port USB-C prend en charge une puissance de sortie maximale de 140 W. L&#039;appareil en charge doit prendre en charge le protocole PD 3.1 et utiliser un c\u00e2ble USB conforme aux sp\u00e9cifications EPR.<\/sup><\/div>\n<\/li>\n<\/ul>\n<\/li>\n<\/ul>\n<ul class=\"detailed-parameter-list\">\n<li class=\"detailed-parameter-key\">\n<h4>Sortie SDC et SDC Lite<\/h4>\n<ul class=\"detailed-parameter-list\">\n<li class=\"detailed-parameter\">\n<div class=\"detailed-parameter-value\">SDC\u00a0: 9-27\u00a0V, courant max.\u00a0: 10\u00a0A, puissance de sortie max.\u00a0: 240\u00a0W<br \/>\nSDC Lite\u00a0: 9-27\u00a0V, courant max.\u00a0: 10\u00a0A, puissance de sortie max.\u00a0: 240\u00a0W<sup>Les ports SDC et SDC Lite prennent en charge de nombreux accessoires.<\/sup><\/div>\n<\/li>\n<\/ul>\n<\/li>\n<\/ul>\n<\/div>\n<div class=\"specs-parameter-wrap\">\n<h4 class=\"group-list-title\">Sp\u00e9cifications d&#039;entr\u00e9e<\/h4>\n<ul class=\"detailed-parameter-list\">\n<li class=\"detailed-parameter-key\">\n<h4>Entr\u00e9e CA<\/h4>\n<ul class=\"detailed-parameter-list\">\n<li class=\"detailed-parameter\">\n<div class=\"detailed-parameter-value\">DYM1000L\u00a0: 100-120\u00a0V CA, 1\u00a0200\u00a0W (recharge), 1\u00a0440\u00a0W (mode Bypass)<br \/>\nDYM1000H\u00a0: AC 220-240\u00a0V, 1\u00a0200\u00a0W (recharge), 2\u00a0200\u00a0W (mode Bypass)<\/div>\n<\/li>\n<\/ul>\n<\/li>\n<\/ul>\n<ul class=\"detailed-parameter-list\">\n<li class=\"detailed-parameter-key\">\n<h4>Entr\u00e9e SDC et SDC Lite<\/h4>\n<ul class=\"detailed-parameter-list\">\n<li class=\"detailed-parameter\">\n<div class=\"detailed-parameter-value\">SDC : CC 32-58,4 V, max. 400 W, 8 A<br \/>\nSDC Lite\u00a0: 32-58,4\u00a0V CC, 400\u00a0W max., 8\u00a0A<sup>Les ports SDC et SDC Lite prennent en charge de nombreux accessoires.<\/sup><\/div>\n<\/li>\n<\/ul>\n<\/li>\n<\/ul>\n<\/div>\n<div class=\"specs-parameter-wrap\">\n<h4 class=\"group-list-title\">Batterie<\/h4>\n<ul class=\"detailed-parameter-list\">\n<li class=\"detailed-parameter-key\">\n<h4>Chimie cellulaire<\/h4>\n<ul class=\"detailed-parameter-list\">\n<li class=\"detailed-parameter\">\n<div class=\"detailed-parameter-value\">LFP (ferrophosphate de lithium)<\/div>\n<\/li>\n<\/ul>\n<\/li>\n<\/ul>\n<ul class=\"detailed-parameter-list\">\n<li class=\"detailed-parameter-key\">\n<h4>Cycle de vie<\/h4>\n<ul class=\"detailed-parameter-list\">\n<li class=\"detailed-parameter\">\n<div class=\"detailed-parameter-value\">\n<p>Maintient une capacit\u00e9 sup\u00e9rieure \u00e0 70% apr\u00e8s 4000 cycles.<\/p>\n<p><sup>Mesur\u00e9 \u00e0 une temp\u00e9rature ambiante de 25 \u00b0C\/77 \u00b0F, recharg\u00e9 en mode de recharge standard de 600 W et \u00e0 une puissance de sortie de 1 000 W.<\/sup><\/p>\n<\/div>\n<\/li>\n<\/ul>\n<\/li>\n<\/ul>\n<\/div>\n<div class=\"specs-parameter-wrap\">\n<h4 class=\"group-list-title\">Temp\u00e9rature de fonctionnement<\/h4>\n<ul class=\"detailed-parameter-list\">\n<li class=\"detailed-parameter-key\">\n<h4>Temp\u00e9rature de l&#039;alimentation \u00e9lectrique<\/h4>\n<ul class=\"detailed-parameter-list\">\n<li class=\"detailed-parameter\">\n<div class=\"detailed-parameter-value\">-10\u00b0 \u00e0 45\u00b0 C (14\u00b0 \u00e0 113\u00b0 F)<\/div>\n<\/li>\n<\/ul>\n<\/li>\n<\/ul>\n<ul class=\"detailed-parameter-list\">\n<li class=\"detailed-parameter-key\">\n<h4>Temp\u00e9rature de recharge<\/h4>\n<ul class=\"detailed-parameter-list\">\n<li class=\"detailed-parameter\">\n<div class=\"detailed-parameter-value\">0\u00b0 \u00e0 45\u00b0 C (32\u00b0 \u00e0 113\u00b0 F)<\/div>\n<\/li>\n<\/ul>\n<\/li>\n<\/ul>\n<ul class=\"detailed-parameter-list\">\n<li class=\"detailed-parameter-key\">\n<h4>Temp\u00e9rature de stockage<\/h4>\n<ul class=\"detailed-parameter-list\">\n<li class=\"detailed-parameter\">\n<div class=\"detailed-parameter-value\">-10\u00b0 \u00e0 45\u00b0 C (14\u00b0 \u00e0 113\u00b0 F)<\/div>\n<\/li>\n<\/ul>\n<\/li>\n<\/ul>\n<p><a href=\"https:\/\/www.ghostysky.com\/wp-content\/uploads\/2024\/04\/DJIP1000_0_ITB.jpg\"><img fetchpriority=\"high\" decoding=\"async\" class=\"alignnone size-full wp-image-18464 lazyload\" src=\"data:image\/gif;base64,R0lGODlhAQABAAAAACH5BAEKAAEALAAAAAABAAEAAAICTAEAOw==\" alt=\"\" width=\"1543\" height=\"440\" data-src=\"data:image\/gif;base64,R0lGODlhAQABAAAAACH5BAEKAAEALAAAAAABAAEAAAICTAEAOw==\"><\/a><\/p>\n<\/div>","protected":false},"excerpt":{"rendered":"<p data-sourcepos=\"1:1-1:72\">La DJI Power 1000 est une station d&#039;alimentation portable haute capacit\u00e9 con\u00e7ue pour les cr\u00e9ateurs de contenu, les pilotes de drones et les amateurs de plein air qui ont besoin d&#039;une alimentation fiable en d\u00e9placement. Elle offre une alimentation stable gr\u00e2ce \u00e0 une batterie de 1024 Wh, une puissance de sortie maximale de 2400 W et une charge rapide pour certains drones DJI.<\/p>","protected":false},"featured_media":18437,"comment_status":"open","ping_status":"closed","template":"","meta":[],"product_brand":[],"product_cat":[461,777,615,430,781,785,775,37,614,429,29,779,784,511],"product_tag":[42,860,861],"class_list":{"0":"post-18456","1":"product","2":"type-product","3":"status-publish","4":"has-post-thumbnail","6":"product_cat-accessories-2","7":"product_cat-accessories-air-3","8":"product_cat-dji-matrice-30-accessories","9":"product_cat-accessories-dji-mavic3-ent","10":"product_cat-accessories-mavic-3-classic","11":"product_cat-accessories-mavic-3-pro","12":"product_cat-air-3","13":"product_cat-dji","14":"product_cat-dji-matrice-30","15":"product_cat-dji-mavic3-ent","16":"product_cat-drones","17":"product_cat-mavic-3-classic","18":"product_cat-mavic-3-pro","19":"product_cat-power-station","20":"product_tag-dji","21":"product_tag-dji-power-station","22":"product_tag-power-1000","24":"first","25":"onbackorder","26":"taxable","27":"shipping-taxable","28":"product-type-simple"},"yoast_head":"<!-- This site is optimized with the Yoast SEO plugin v27.4 - https:\/\/yoast.com\/product\/yoast-seo-wordpress\/ -->\n<title>DJI Power 1000 - Ghostysky<\/title>\n<meta name=\"description\" content=\"The DJI Power 1000 is a high-capacity portable power station designed for content creators, drone pilots, and outdoor enthusiasts who need reliable power on the go. It provides stable power with a battery capacity of 1024 Wh, max output power of 2400 W,\u00a0and fast charging for select DJI drones.\" \/>\n<meta name=\"robots\" content=\"index, follow, max-snippet:-1, max-image-preview:large, max-video-preview:-1\" \/>\n<link rel=\"canonical\" href=\"https:\/\/www.ghostysky.com\/fr\/product\/dji-power-1000\/\" \/>\n<meta property=\"og:locale\" content=\"fr_FR\" \/>\n<meta property=\"og:type\" content=\"article\" \/>\n<meta property=\"og:title\" content=\"DJI Power 1000 - Ghostysky\" \/>\n<meta property=\"og:description\" content=\"The DJI Power 1000 is a high-capacity portable power station designed for content creators, drone pilots, and outdoor enthusiasts who need reliable power on the go. It provides stable power with a battery capacity of 1024 Wh, max output power of 2400 W,\u00a0and fast charging for select DJI drones.\" \/>\n<meta property=\"og:url\" content=\"https:\/\/www.ghostysky.com\/fr\/product\/dji-power-1000\/\" \/>\n<meta property=\"og:site_name\" content=\"Ghostysky\" \/>\n<meta property=\"article:publisher\" content=\"https:\/\/www.facebook.com\/people\/Ghostysky\/100057676170234\/\" \/>\n<meta property=\"article:modified_time\" content=\"2025-10-14T11:12:50+00:00\" \/>\n<meta property=\"og:image\" content=\"https:\/\/www.ghostysky.com\/wp-content\/uploads\/2024\/04\/DJI-Power-1000_1.jpg\" \/>\n\t<meta property=\"og:image:width\" content=\"1280\" \/>\n\t<meta property=\"og:image:height\" content=\"1280\" \/>\n\t<meta property=\"og:image:type\" content=\"image\/jpeg\" \/>\n<meta name=\"twitter:card\" content=\"summary_large_image\" \/>\n<meta name=\"twitter:site\" content=\"@Gh0stysky\" \/>\n<meta name=\"twitter:label1\" content=\"Dur\u00e9e de lecture estim\u00e9e\" \/>\n\t<meta name=\"twitter:data1\" content=\"4 minutes\" \/>\n<script type=\"application\/ld+json\" class=\"yoast-schema-graph\">{\"@context\":\"https:\\\/\\\/schema.org\",\"@graph\":[{\"@type\":\"WebPage\",\"@id\":\"https:\\\/\\\/www.ghostysky.com\\\/product\\\/dji-power-1000\\\/\",\"url\":\"https:\\\/\\\/www.ghostysky.com\\\/product\\\/dji-power-1000\\\/\",\"name\":\"DJI Power 1000 - Ghostysky\",\"isPartOf\":{\"@id\":\"https:\\\/\\\/www.ghostysky.com\\\/#website\"},\"primaryImageOfPage\":{\"@id\":\"https:\\\/\\\/www.ghostysky.com\\\/product\\\/dji-power-1000\\\/#primaryimage\"},\"image\":{\"@id\":\"https:\\\/\\\/www.ghostysky.com\\\/product\\\/dji-power-1000\\\/#primaryimage\"},\"thumbnailUrl\":\"https:\\\/\\\/www.ghostysky.com\\\/wp-content\\\/uploads\\\/2024\\\/04\\\/DJI-Power-1000_1.jpg\",\"datePublished\":\"2024-04-20T08:02:23+00:00\",\"dateModified\":\"2025-10-14T11:12:50+00:00\",\"description\":\"The DJI Power 1000 is a high-capacity portable power station designed for content creators, drone pilots, and outdoor enthusiasts who need reliable power on the go. It provides stable power with a battery capacity of 1024 Wh, max output power of 2400 W,\u00a0and fast charging for select DJI drones.\",\"breadcrumb\":{\"@id\":\"https:\\\/\\\/www.ghostysky.com\\\/product\\\/dji-power-1000\\\/#breadcrumb\"},\"inLanguage\":\"fr-FR\",\"potentialAction\":[{\"@type\":\"ReadAction\",\"target\":[\"https:\\\/\\\/www.ghostysky.com\\\/product\\\/dji-power-1000\\\/\"]}]},{\"@type\":\"ImageObject\",\"inLanguage\":\"fr-FR\",\"@id\":\"https:\\\/\\\/www.ghostysky.com\\\/product\\\/dji-power-1000\\\/#primaryimage\",\"url\":\"https:\\\/\\\/www.ghostysky.com\\\/wp-content\\\/uploads\\\/2024\\\/04\\\/DJI-Power-1000_1.jpg\",\"contentUrl\":\"https:\\\/\\\/www.ghostysky.com\\\/wp-content\\\/uploads\\\/2024\\\/04\\\/DJI-Power-1000_1.jpg\",\"width\":1280,\"height\":1280},{\"@type\":\"BreadcrumbList\",\"@id\":\"https:\\\/\\\/www.ghostysky.com\\\/product\\\/dji-power-1000\\\/#breadcrumb\",\"itemListElement\":[{\"@type\":\"ListItem\",\"position\":1,\"name\":\"Home\",\"item\":\"https:\\\/\\\/www.ghostysky.com\\\/\"},{\"@type\":\"ListItem\",\"position\":2,\"name\":\"Shop\",\"item\":\"https:\\\/\\\/www.ghostysky.com\\\/shop\\\/\"},{\"@type\":\"ListItem\",\"position\":3,\"name\":\"DJI Power 1000\"}]},{\"@type\":\"WebSite\",\"@id\":\"https:\\\/\\\/www.ghostysky.com\\\/#website\",\"url\":\"https:\\\/\\\/www.ghostysky.com\\\/\",\"name\":\"Ghostysky\",\"description\":\"Delivering professional drones and services\",\"publisher\":{\"@id\":\"https:\\\/\\\/www.ghostysky.com\\\/#organization\"},\"potentialAction\":[{\"@type\":\"SearchAction\",\"target\":{\"@type\":\"EntryPoint\",\"urlTemplate\":\"https:\\\/\\\/www.ghostysky.com\\\/?s={search_term_string}\"},\"query-input\":{\"@type\":\"PropertyValueSpecification\",\"valueRequired\":true,\"valueName\":\"search_term_string\"}}],\"inLanguage\":\"fr-FR\"},{\"@type\":\"Organization\",\"@id\":\"https:\\\/\\\/www.ghostysky.com\\\/#organization\",\"name\":\"Ghostysky\",\"url\":\"https:\\\/\\\/www.ghostysky.com\\\/\",\"logo\":{\"@type\":\"ImageObject\",\"inLanguage\":\"fr-FR\",\"@id\":\"https:\\\/\\\/www.ghostysky.com\\\/#\\\/schema\\\/logo\\\/image\\\/\",\"url\":\"https:\\\/\\\/www.ghostysky.com\\\/wp-content\\\/uploads\\\/2020\\\/06\\\/cropped-ghostyskylogo_text_white2.png\",\"contentUrl\":\"https:\\\/\\\/www.ghostysky.com\\\/wp-content\\\/uploads\\\/2020\\\/06\\\/cropped-ghostyskylogo_text_white2.png\",\"width\":169,\"height\":56,\"caption\":\"Ghostysky\"},\"image\":{\"@id\":\"https:\\\/\\\/www.ghostysky.com\\\/#\\\/schema\\\/logo\\\/image\\\/\"},\"sameAs\":[\"https:\\\/\\\/www.facebook.com\\\/people\\\/Ghostysky\\\/100057676170234\\\/\",\"https:\\\/\\\/x.com\\\/Gh0stysky\",\"https:\\\/\\\/www.linkedin.com\\\/company\\\/34739653\",\"https:\\\/\\\/www.instagram.com\\\/gh0stysky\"]}]}<\/script>\n<!-- \/ Yoast SEO plugin. -->","yoast_head_json":{"title":"DJI Power 1000 - Ghostysky","description":"La DJI Power 1000 est une station d&#039;alimentation portable haute capacit\u00e9 con\u00e7ue pour les cr\u00e9ateurs de contenu, les pilotes de drones et les amateurs de plein air qui ont besoin d&#039;une alimentation fiable en d\u00e9placement. Elle offre une alimentation stable gr\u00e2ce \u00e0 une batterie de 1024 Wh, une puissance de sortie maximale de 2400 W et une charge rapide pour certains drones DJI.","robots":{"index":"index","follow":"follow","max-snippet":"max-snippet:-1","max-image-preview":"max-image-preview:large","max-video-preview":"max-video-preview:-1"},"canonical":"https:\/\/www.ghostysky.com\/fr\/product\/dji-power-1000\/","og_locale":"fr_FR","og_type":"article","og_title":"DJI Power 1000 - Ghostysky","og_description":"The DJI Power 1000 is a high-capacity portable power station designed for content creators, drone pilots, and outdoor enthusiasts who need reliable power on the go. It provides stable power with a battery capacity of 1024 Wh, max output power of 2400 W,\u00a0and fast charging for select DJI drones.","og_url":"https:\/\/www.ghostysky.com\/fr\/product\/dji-power-1000\/","og_site_name":"Ghostysky","article_publisher":"https:\/\/www.facebook.com\/people\/Ghostysky\/100057676170234\/","article_modified_time":"2025-10-14T11:12:50+00:00","og_image":[{"width":1280,"height":1280,"url":"https:\/\/www.ghostysky.com\/wp-content\/uploads\/2024\/04\/DJI-Power-1000_1.jpg","type":"image\/jpeg"}],"twitter_card":"summary_large_image","twitter_site":"@Gh0stysky","twitter_misc":{"Dur\u00e9e de lecture estim\u00e9e":"4 minutes"},"schema":{"@context":"https:\/\/schema.org","@graph":[{"@type":"WebPage","@id":"https:\/\/www.ghostysky.com\/product\/dji-power-1000\/","url":"https:\/\/www.ghostysky.com\/product\/dji-power-1000\/","name":"DJI Power 1000 - Ghostysky","isPartOf":{"@id":"https:\/\/www.ghostysky.com\/#website"},"primaryImageOfPage":{"@id":"https:\/\/www.ghostysky.com\/product\/dji-power-1000\/#primaryimage"},"image":{"@id":"https:\/\/www.ghostysky.com\/product\/dji-power-1000\/#primaryimage"},"thumbnailUrl":"https:\/\/www.ghostysky.com\/wp-content\/uploads\/2024\/04\/DJI-Power-1000_1.jpg","datePublished":"2024-04-20T08:02:23+00:00","dateModified":"2025-10-14T11:12:50+00:00","description":"La DJI Power 1000 est une station d&#039;alimentation portable haute capacit\u00e9 con\u00e7ue pour les cr\u00e9ateurs de contenu, les pilotes de drones et les amateurs de plein air qui ont besoin d&#039;une alimentation fiable en d\u00e9placement. Elle offre une alimentation stable gr\u00e2ce \u00e0 une batterie de 1024 Wh, une puissance de sortie maximale de 2400 W et une charge rapide pour certains drones DJI.","breadcrumb":{"@id":"https:\/\/www.ghostysky.com\/product\/dji-power-1000\/#breadcrumb"},"inLanguage":"fr-FR","potentialAction":[{"@type":"ReadAction","target":["https:\/\/www.ghostysky.com\/product\/dji-power-1000\/"]}]},{"@type":"ImageObject","inLanguage":"fr-FR","@id":"https:\/\/www.ghostysky.com\/product\/dji-power-1000\/#primaryimage","url":"https:\/\/www.ghostysky.com\/wp-content\/uploads\/2024\/04\/DJI-Power-1000_1.jpg","contentUrl":"https:\/\/www.ghostysky.com\/wp-content\/uploads\/2024\/04\/DJI-Power-1000_1.jpg","width":1280,"height":1280},{"@type":"BreadcrumbList","@id":"https:\/\/www.ghostysky.com\/product\/dji-power-1000\/#breadcrumb","itemListElement":[{"@type":"ListItem","position":1,"name":"Home","item":"https:\/\/www.ghostysky.com\/"},{"@type":"ListItem","position":2,"name":"Shop","item":"https:\/\/www.ghostysky.com\/shop\/"},{"@type":"ListItem","position":3,"name":"DJI Power 1000"}]},{"@type":"WebSite","@id":"https:\/\/www.ghostysky.com\/#website","url":"https:\/\/www.ghostysky.com\/","name":"Ghostysky","description":"Livraison de drones et de services professionnels","publisher":{"@id":"https:\/\/www.ghostysky.com\/#organization"},"potentialAction":[{"@type":"SearchAction","target":{"@type":"EntryPoint","urlTemplate":"https:\/\/www.ghostysky.com\/?s={search_term_string}"},"query-input":{"@type":"PropertyValueSpecification","valueRequired":true,"valueName":"search_term_string"}}],"inLanguage":"fr-FR"},{"@type":"Organization","@id":"https:\/\/www.ghostysky.com\/#organization","name":"Ghostysky","url":"https:\/\/www.ghostysky.com\/","logo":{"@type":"ImageObject","inLanguage":"fr-FR","@id":"https:\/\/www.ghostysky.com\/#\/schema\/logo\/image\/","url":"https:\/\/www.ghostysky.com\/wp-content\/uploads\/2020\/06\/cropped-ghostyskylogo_text_white2.png","contentUrl":"https:\/\/www.ghostysky.com\/wp-content\/uploads\/2020\/06\/cropped-ghostyskylogo_text_white2.png","width":169,"height":56,"caption":"Ghostysky"},"image":{"@id":"https:\/\/www.ghostysky.com\/#\/schema\/logo\/image\/"},"sameAs":["https:\/\/www.facebook.com\/people\/Ghostysky\/100057676170234\/","https:\/\/x.com\/Gh0stysky","https:\/\/www.linkedin.com\/company\/34739653","https:\/\/www.instagram.com\/gh0stysky"]}]}},"_links":{"self":[{"href":"https:\/\/www.ghostysky.com\/fr\/wp-json\/wp\/v2\/product\/18456","targetHints":{"allow":["GET"]}}],"collection":[{"href":"https:\/\/www.ghostysky.com\/fr\/wp-json\/wp\/v2\/product"}],"about":[{"href":"https:\/\/www.ghostysky.com\/fr\/wp-json\/wp\/v2\/types\/product"}],"replies":[{"embeddable":true,"href":"https:\/\/www.ghostysky.com\/fr\/wp-json\/wp\/v2\/comments?post=18456"}],"version-history":[{"count":0,"href":"https:\/\/www.ghostysky.com\/fr\/wp-json\/wp\/v2\/product\/18456\/revisions"}],"wp:featuredmedia":[{"embeddable":true,"href":"https:\/\/www.ghostysky.com\/fr\/wp-json\/wp\/v2\/media\/18437"}],"wp:attachment":[{"href":"https:\/\/www.ghostysky.com\/fr\/wp-json\/wp\/v2\/media?parent=18456"}],"wp:term":[{"taxonomy":"product_brand","embeddable":true,"href":"https:\/\/www.ghostysky.com\/fr\/wp-json\/wp\/v2\/product_brand?post=18456"},{"taxonomy":"product_cat","embeddable":true,"href":"https:\/\/www.ghostysky.com\/fr\/wp-json\/wp\/v2\/product_cat?post=18456"},{"taxonomy":"product_tag","embeddable":true,"href":"https:\/\/www.ghostysky.com\/fr\/wp-json\/wp\/v2\/product_tag?post=18456"}],"curies":[{"name":"wp","href":"https:\/\/api.w.org\/{rel}","templated":true}]}}