{"id":18554,"date":"2024-04-26T12:14:42","date_gmt":"2024-04-26T12:14:42","guid":{"rendered":"https:\/\/www.ghostysky.com\/?post_type=product&#038;p=18554"},"modified":"2024-04-26T12:17:55","modified_gmt":"2024-04-26T12:17:55","slug":"entron-300-drone-light-show-drone-used-c","status":"publish","type":"product","link":"https:\/\/www.ghostysky.com\/fr\/product\/entron-300-drone-light-show-drone-used-c\/","title":{"rendered":"Entron 300 &#8211; Drone Light Show drone [Used C]"},"content":{"rendered":"<h2>Drones Entron 300<\/h2>\n<p><img decoding=\"async\" style=\"height: 500px;\" src=\"data:image\/gif;base64,R0lGODlhAQABAAAAACH5BAEKAAEALAAAAAABAAEAAAICTAEAOw==\" class=\"lazyload\" data-src=\"data:image\/gif;base64,R0lGODlhAQABAAAAACH5BAEKAAEALAAAAAABAAEAAAICTAEAOw==\"><br \/>\n<img decoding=\"async\" style=\"height: 500px;\" src=\"data:image\/gif;base64,R0lGODlhAQABAAAAACH5BAEKAAEALAAAAAABAAEAAAICTAEAOw==\" class=\"lazyload\" data-src=\"data:image\/gif;base64,R0lGODlhAQABAAAAACH5BAEKAAEALAAAAAABAAEAAAICTAEAOw==\"><\/p>","protected":false},"excerpt":{"rendered":"<p>Les drones Entron 300 sont parfaits pour les spectacles de drones et de lumi\u00e8res. Compacts, robustes et l\u00e9gers, ils int\u00e8grent un pilote automatique Pixhawk compatible avec tous les logiciels de drones et de lumi\u00e8res du march\u00e9.<\/p>\n<p>Fonctionnalit\u00e9s mises en \u00e9vidence<\/p>\n<ul>\n<li>Compatible avec le logiciel UgCS DroneShow<\/li>\n<li>Cellule compacte, durable et l\u00e9g\u00e8re<\/li>\n<li>Jusqu&#039;\u00e0 26 minutes de temps de vol<\/li>\n<li>Contr\u00f4leur de vol Pixhawk standard permettant une configuration et un d\u00e9veloppement flexibles<\/li>\n<li>GPS RTK permettant une pr\u00e9cision de positionnement au centim\u00e8tre pr\u00e8s<\/li>\n<li>Liaisons de donn\u00e9es doubles pour une communication redondante<\/li>\n<li>LED RVB 15 W couleur haute luminosit\u00e9<\/li>\n<li>Cages d&#039;h\u00e9lice en option<\/li>\n<li>\u00c9tais auto-serrants ou pliables<\/li>\n<\/ul>","protected":false},"featured_media":18556,"comment_status":"open","ping_status":"closed","template":"","meta":[],"product_brand":[],"product_cat":[29,584],"product_tag":[38,383,384,184,428,586],"class_list":{"0":"post-18554","1":"product","2":"type-product","3":"status-publish","4":"has-post-thumbnail","6":"product_cat-drones","7":"product_cat-outlet","8":"product_tag-drone","9":"product_tag-drone-light-show","10":"product_tag-drone-show-software","11":"product_tag-entron-300","12":"product_tag-other-applications","13":"product_tag-outlet-used","15":"first","16":"instock","17":"sale","18":"taxable","19":"shipping-taxable","20":"purchasable","21":"product-type-simple"},"yoast_head":"<!-- This site is optimized with the Yoast SEO plugin v27.1.1 - https:\/\/yoast.com\/product\/yoast-seo-wordpress\/ -->\n<title>Entron 300 - Drone Light Show drone [Used C] -<\/title>\n<meta name=\"description\" content=\"Entron 300 drones are a perfect choice for Drone Light Shows events. Compact, durable and light-weight it incorporates a Pixhawk autopilot compatible with all Drone Light Show software in the market.\" \/>\n<meta name=\"robots\" content=\"index, follow, max-snippet:-1, max-image-preview:large, max-video-preview:-1\" \/>\n<link rel=\"canonical\" href=\"https:\/\/www.ghostysky.com\/fr\/product\/entron-300-drone-light-show-drone-used-c\/\" \/>\n<meta property=\"og:locale\" content=\"fr_FR\" \/>\n<meta property=\"og:type\" content=\"article\" \/>\n<meta property=\"og:title\" content=\"Entron 300 - Drone Light Show drone [Used C] -\" \/>\n<meta property=\"og:description\" content=\"Entron 300 drones are a perfect choice for Drone Light Shows events. Compact, durable and light-weight it incorporates a Pixhawk autopilot compatible with all Drone Light Show software in the market.\" \/>\n<meta property=\"og:url\" content=\"https:\/\/www.ghostysky.com\/fr\/product\/entron-300-drone-light-show-drone-used-c\/\" \/>\n<meta property=\"og:site_name\" content=\"Ghostysky\" \/>\n<meta property=\"article:publisher\" content=\"https:\/\/www.facebook.com\/people\/Ghostysky\/100057676170234\/\" \/>\n<meta property=\"article:modified_time\" content=\"2024-04-26T12:17:55+00:00\" \/>\n<meta property=\"og:image\" content=\"https:\/\/www.ghostysky.com\/wp-content\/uploads\/2024\/04\/Entron300_1_C.jpg\" \/>\n\t<meta property=\"og:image:width\" content=\"1000\" \/>\n\t<meta property=\"og:image:height\" content=\"681\" \/>\n\t<meta property=\"og:image:type\" content=\"image\/jpeg\" \/>\n<meta name=\"twitter:card\" content=\"summary_large_image\" \/>\n<meta name=\"twitter:site\" content=\"@Gh0stysky\" \/>\n<meta name=\"twitter:label1\" content=\"Dur\u00e9e de lecture estim\u00e9e\" \/>\n\t<meta name=\"twitter:data1\" content=\"1 minute\" \/>\n<script type=\"application\/ld+json\" class=\"yoast-schema-graph\">{\"@context\":\"https:\/\/schema.org\",\"@graph\":[{\"@type\":\"WebPage\",\"@id\":\"https:\/\/www.ghostysky.com\/product\/entron-300-drone-light-show-drone-used-c\/\",\"url\":\"https:\/\/www.ghostysky.com\/product\/entron-300-drone-light-show-drone-used-c\/\",\"name\":\"Entron 300 - Drone Light Show drone [Used C] -\",\"isPartOf\":{\"@id\":\"https:\/\/www.ghostysky.com\/#website\"},\"primaryImageOfPage\":{\"@id\":\"https:\/\/www.ghostysky.com\/product\/entron-300-drone-light-show-drone-used-c\/#primaryimage\"},\"image\":{\"@id\":\"https:\/\/www.ghostysky.com\/product\/entron-300-drone-light-show-drone-used-c\/#primaryimage\"},\"thumbnailUrl\":\"https:\/\/www.ghostysky.com\/wp-content\/uploads\/2024\/04\/Entron300_1_C.jpg\",\"datePublished\":\"2024-04-26T12:14:42+00:00\",\"dateModified\":\"2024-04-26T12:17:55+00:00\",\"description\":\"Entron 300 drones are a perfect choice for Drone Light Shows events. Compact, durable and light-weight it incorporates a Pixhawk autopilot compatible with all Drone Light Show software in the market.\",\"breadcrumb\":{\"@id\":\"https:\/\/www.ghostysky.com\/product\/entron-300-drone-light-show-drone-used-c\/#breadcrumb\"},\"inLanguage\":\"fr-FR\",\"potentialAction\":[{\"@type\":\"ReadAction\",\"target\":[\"https:\/\/www.ghostysky.com\/product\/entron-300-drone-light-show-drone-used-c\/\"]}]},{\"@type\":\"ImageObject\",\"inLanguage\":\"fr-FR\",\"@id\":\"https:\/\/www.ghostysky.com\/product\/entron-300-drone-light-show-drone-used-c\/#primaryimage\",\"url\":\"https:\/\/www.ghostysky.com\/wp-content\/uploads\/2024\/04\/Entron300_1_C.jpg\",\"contentUrl\":\"https:\/\/www.ghostysky.com\/wp-content\/uploads\/2024\/04\/Entron300_1_C.jpg\",\"width\":1000,\"height\":681},{\"@type\":\"BreadcrumbList\",\"@id\":\"https:\/\/www.ghostysky.com\/product\/entron-300-drone-light-show-drone-used-c\/#breadcrumb\",\"itemListElement\":[{\"@type\":\"ListItem\",\"position\":1,\"name\":\"Home\",\"item\":\"https:\/\/www.ghostysky.com\/\"},{\"@type\":\"ListItem\",\"position\":2,\"name\":\"Shop\",\"item\":\"https:\/\/www.ghostysky.com\/shop\/\"},{\"@type\":\"ListItem\",\"position\":3,\"name\":\"Entron 300 &#8211; Drone Light Show drone [Used C]\"}]},{\"@type\":\"WebSite\",\"@id\":\"https:\/\/www.ghostysky.com\/#website\",\"url\":\"https:\/\/www.ghostysky.com\/\",\"name\":\"Ghostysky\",\"description\":\"Delivering professional drones and services\",\"publisher\":{\"@id\":\"https:\/\/www.ghostysky.com\/#organization\"},\"potentialAction\":[{\"@type\":\"SearchAction\",\"target\":{\"@type\":\"EntryPoint\",\"urlTemplate\":\"https:\/\/www.ghostysky.com\/?s={search_term_string}\"},\"query-input\":{\"@type\":\"PropertyValueSpecification\",\"valueRequired\":true,\"valueName\":\"search_term_string\"}}],\"inLanguage\":\"fr-FR\"},{\"@type\":\"Organization\",\"@id\":\"https:\/\/www.ghostysky.com\/#organization\",\"name\":\"Ghostysky\",\"url\":\"https:\/\/www.ghostysky.com\/\",\"logo\":{\"@type\":\"ImageObject\",\"inLanguage\":\"fr-FR\",\"@id\":\"https:\/\/www.ghostysky.com\/#\/schema\/logo\/image\/\",\"url\":\"https:\/\/www.ghostysky.com\/wp-content\/uploads\/2020\/06\/cropped-ghostyskylogo_text_white2.png\",\"contentUrl\":\"https:\/\/www.ghostysky.com\/wp-content\/uploads\/2020\/06\/cropped-ghostyskylogo_text_white2.png\",\"width\":169,\"height\":56,\"caption\":\"Ghostysky\"},\"image\":{\"@id\":\"https:\/\/www.ghostysky.com\/#\/schema\/logo\/image\/\"},\"sameAs\":[\"https:\/\/www.facebook.com\/people\/Ghostysky\/100057676170234\/\",\"https:\/\/x.com\/Gh0stysky\",\"https:\/\/www.linkedin.com\/company\/34739653\",\"https:\/\/www.instagram.com\/gh0stysky\"]}]}<\/script>\n<!-- \/ Yoast SEO plugin. -->","yoast_head_json":{"title":"Entron 300 - Drone Light Show drone [Used C] -","description":"Les drones Entron 300 sont parfaits pour les spectacles de drones et de lumi\u00e8res. Compacts, robustes et l\u00e9gers, ils int\u00e8grent un pilote automatique Pixhawk compatible avec tous les logiciels de drones et de lumi\u00e8res du march\u00e9.","robots":{"index":"index","follow":"follow","max-snippet":"max-snippet:-1","max-image-preview":"max-image-preview:large","max-video-preview":"max-video-preview:-1"},"canonical":"https:\/\/www.ghostysky.com\/fr\/product\/entron-300-drone-light-show-drone-used-c\/","og_locale":"fr_FR","og_type":"article","og_title":"Entron 300 - Drone Light Show drone [Used C] -","og_description":"Entron 300 drones are a perfect choice for Drone Light Shows events. Compact, durable and light-weight it incorporates a Pixhawk autopilot compatible with all Drone Light Show software in the market.","og_url":"https:\/\/www.ghostysky.com\/fr\/product\/entron-300-drone-light-show-drone-used-c\/","og_site_name":"Ghostysky","article_publisher":"https:\/\/www.facebook.com\/people\/Ghostysky\/100057676170234\/","article_modified_time":"2024-04-26T12:17:55+00:00","og_image":[{"width":1000,"height":681,"url":"https:\/\/www.ghostysky.com\/wp-content\/uploads\/2024\/04\/Entron300_1_C.jpg","type":"image\/jpeg"}],"twitter_card":"summary_large_image","twitter_site":"@Gh0stysky","twitter_misc":{"Dur\u00e9e de lecture estim\u00e9e":"1 minute"},"schema":{"@context":"https:\/\/schema.org","@graph":[{"@type":"WebPage","@id":"https:\/\/www.ghostysky.com\/product\/entron-300-drone-light-show-drone-used-c\/","url":"https:\/\/www.ghostysky.com\/product\/entron-300-drone-light-show-drone-used-c\/","name":"Entron 300 - Drone Light Show drone [Used C] -","isPartOf":{"@id":"https:\/\/www.ghostysky.com\/#website"},"primaryImageOfPage":{"@id":"https:\/\/www.ghostysky.com\/product\/entron-300-drone-light-show-drone-used-c\/#primaryimage"},"image":{"@id":"https:\/\/www.ghostysky.com\/product\/entron-300-drone-light-show-drone-used-c\/#primaryimage"},"thumbnailUrl":"https:\/\/www.ghostysky.com\/wp-content\/uploads\/2024\/04\/Entron300_1_C.jpg","datePublished":"2024-04-26T12:14:42+00:00","dateModified":"2024-04-26T12:17:55+00:00","description":"Les drones Entron 300 sont parfaits pour les spectacles de drones et de lumi\u00e8res. Compacts, robustes et l\u00e9gers, ils int\u00e8grent un pilote automatique Pixhawk compatible avec tous les logiciels de drones et de lumi\u00e8res du march\u00e9.","breadcrumb":{"@id":"https:\/\/www.ghostysky.com\/product\/entron-300-drone-light-show-drone-used-c\/#breadcrumb"},"inLanguage":"fr-FR","potentialAction":[{"@type":"ReadAction","target":["https:\/\/www.ghostysky.com\/product\/entron-300-drone-light-show-drone-used-c\/"]}]},{"@type":"ImageObject","inLanguage":"fr-FR","@id":"https:\/\/www.ghostysky.com\/product\/entron-300-drone-light-show-drone-used-c\/#primaryimage","url":"https:\/\/www.ghostysky.com\/wp-content\/uploads\/2024\/04\/Entron300_1_C.jpg","contentUrl":"https:\/\/www.ghostysky.com\/wp-content\/uploads\/2024\/04\/Entron300_1_C.jpg","width":1000,"height":681},{"@type":"BreadcrumbList","@id":"https:\/\/www.ghostysky.com\/product\/entron-300-drone-light-show-drone-used-c\/#breadcrumb","itemListElement":[{"@type":"ListItem","position":1,"name":"Home","item":"https:\/\/www.ghostysky.com\/"},{"@type":"ListItem","position":2,"name":"Shop","item":"https:\/\/www.ghostysky.com\/shop\/"},{"@type":"ListItem","position":3,"name":"Entron 300 &#8211; Drone Light Show drone [Used C]"}]},{"@type":"WebSite","@id":"https:\/\/www.ghostysky.com\/#website","url":"https:\/\/www.ghostysky.com\/","name":"Ghostysky","description":"Livraison de drones et de services professionnels","publisher":{"@id":"https:\/\/www.ghostysky.com\/#organization"},"potentialAction":[{"@type":"SearchAction","target":{"@type":"EntryPoint","urlTemplate":"https:\/\/www.ghostysky.com\/?s={search_term_string}"},"query-input":{"@type":"PropertyValueSpecification","valueRequired":true,"valueName":"search_term_string"}}],"inLanguage":"fr-FR"},{"@type":"Organization","@id":"https:\/\/www.ghostysky.com\/#organization","name":"Ghostysky","url":"https:\/\/www.ghostysky.com\/","logo":{"@type":"ImageObject","inLanguage":"fr-FR","@id":"https:\/\/www.ghostysky.com\/#\/schema\/logo\/image\/","url":"https:\/\/www.ghostysky.com\/wp-content\/uploads\/2020\/06\/cropped-ghostyskylogo_text_white2.png","contentUrl":"https:\/\/www.ghostysky.com\/wp-content\/uploads\/2020\/06\/cropped-ghostyskylogo_text_white2.png","width":169,"height":56,"caption":"Ghostysky"},"image":{"@id":"https:\/\/www.ghostysky.com\/#\/schema\/logo\/image\/"},"sameAs":["https:\/\/www.facebook.com\/people\/Ghostysky\/100057676170234\/","https:\/\/x.com\/Gh0stysky","https:\/\/www.linkedin.com\/company\/34739653","https:\/\/www.instagram.com\/gh0stysky"]}]}},"_links":{"self":[{"href":"https:\/\/www.ghostysky.com\/fr\/wp-json\/wp\/v2\/product\/18554","targetHints":{"allow":["GET"]}}],"collection":[{"href":"https:\/\/www.ghostysky.com\/fr\/wp-json\/wp\/v2\/product"}],"about":[{"href":"https:\/\/www.ghostysky.com\/fr\/wp-json\/wp\/v2\/types\/product"}],"replies":[{"embeddable":true,"href":"https:\/\/www.ghostysky.com\/fr\/wp-json\/wp\/v2\/comments?post=18554"}],"wp:featuredmedia":[{"embeddable":true,"href":"https:\/\/www.ghostysky.com\/fr\/wp-json\/wp\/v2\/media\/18556"}],"wp:attachment":[{"href":"https:\/\/www.ghostysky.com\/fr\/wp-json\/wp\/v2\/media?parent=18554"}],"wp:term":[{"taxonomy":"product_brand","embeddable":true,"href":"https:\/\/www.ghostysky.com\/fr\/wp-json\/wp\/v2\/product_brand?post=18554"},{"taxonomy":"product_cat","embeddable":true,"href":"https:\/\/www.ghostysky.com\/fr\/wp-json\/wp\/v2\/product_cat?post=18554"},{"taxonomy":"product_tag","embeddable":true,"href":"https:\/\/www.ghostysky.com\/fr\/wp-json\/wp\/v2\/product_tag?post=18554"}],"curies":[{"name":"wp","href":"https:\/\/api.w.org\/{rel}","templated":true}]}}