{"id":18593,"date":"2024-05-05T11:05:07","date_gmt":"2024-05-05T11:05:07","guid":{"rendered":"https:\/\/www.ghostysky.com\/?post_type=product&#038;p=18593"},"modified":"2026-01-24T10:05:33","modified_gmt":"2026-01-24T10:05:33","slug":"pix4d-emlid-scanning-kit-standard","status":"publish","type":"product","link":"https:\/\/www.ghostysky.com\/fr\/product\/pix4d-emlid-scanning-kit-standard\/","title":{"rendered":"Kit de num\u00e9risation Pix4D et Emlid Standard"},"content":{"rendered":"<h3 data-sourcepos=\"3:1-3:38\">Qu&#039;est-ce qui est inclus ?<\/h3>\n<ul data-sourcepos=\"5:1-14:0\">\n<li data-sourcepos=\"5:1-6:0\">\n<p data-sourcepos=\"5:3-5:144\"><strong>Emlid Reach RX :<\/strong> Un r\u00e9cepteur GNSS de haute pr\u00e9cision qui fournit des corrections cin\u00e9matiques en temps r\u00e9el (RTK) pour un positionnement pr\u00e9cis de vos scans.<\/p>\n<\/li>\n<li data-sourcepos=\"7:1-8:0\">\n<p data-sourcepos=\"7:3-7:177\"><strong>Application mobile Pix4Dcatch :<\/strong> Cette application sur votre smartphone transforme votre appareil en scanner. Elle s&#039;int\u00e8gre au Reach RX pour capturer des donn\u00e9es de localisation synchronis\u00e9es \u00e0 chaque num\u00e9risation.<\/p>\n<\/li>\n<li data-sourcepos=\"9:1-10:0\">\n<p data-sourcepos=\"9:3-9:95\"><strong>Poign\u00e9e de num\u00e9risation :<\/strong> Cette poign\u00e9e ergonomique offre une prise en main confortable lors de la capture des num\u00e9risations.<\/p>\n<\/li>\n<li data-sourcepos=\"11:1-12:0\">\n<p data-sourcepos=\"11:3-11:138\"><strong>Balises au sol :<\/strong> Ces petites balises aident \u00e0 am\u00e9liorer la pr\u00e9cision de votre mod\u00e8le 3D en fournissant des points de r\u00e9f\u00e9rence pendant le processus de num\u00e9risation.<\/p>\n<\/li>\n<li data-sourcepos=\"13:1-14:0\">\n<p data-sourcepos=\"13:3-13:73\"><strong>\u00c9tui de transport :<\/strong> Un \u00e9tui pratique pour ranger et transporter tout.<\/p>\n<\/li>\n<\/ul>\n<p data-sourcepos=\"15:1-15:49\">Ce kit standard est id\u00e9al pour des applications telles que :<\/p>\n<ul data-sourcepos=\"17:1-21:0\">\n<li data-sourcepos=\"17:1-17:25\">Inspection de construction<\/li>\n<li data-sourcepos=\"18:1-18:25\">Mesures volum\u00e9triques<\/li>\n<li data-sourcepos=\"19:1-19:28\">Reconstitution de la sc\u00e8ne de l&#039;accident<\/li>\n<li data-sourcepos=\"20:1-21:0\">Cr\u00e9ation de mod\u00e8les 3D pour une analyse plus approfondie<\/li>\n<\/ul>\n<p data-sourcepos=\"22:1-22:30\"><strong>Autres points \u00e0 noter\u00a0:<\/strong><\/p>\n<ul data-sourcepos=\"24:1-27:0\">\n<li data-sourcepos=\"24:1-24:97\">Un smartphone et une coque de t\u00e9l\u00e9phone compatible (non incluse) sont n\u00e9cessaires pour utiliser l&#039;application Pix4Dcatch.<\/li>\n<li data-sourcepos=\"25:1-27:0\">Le kit de num\u00e9risation Pix4D &amp; Emlid Standard permet le stockage et le partage de donn\u00e9es de base via Pix4Dcloud.<\/li>\n<\/ul>\n<p data-sourcepos=\"28:1-28:143\">Pour des fonctionnalit\u00e9s plus avanc\u00e9es comme l&#039;\u00e9dition de nuages de points denses et l&#039;analyse du terrain, vous pouvez envisager l&#039; <strong>Kit de num\u00e9risation avanc\u00e9 Pix4D et Emlid<\/strong>.<\/p>\n<h3 data-sourcepos=\"28:1-28:143\">Dans la bo\u00eete<\/h3>\n<h4>Logiciel*<\/h4>\n<p>\u2013 PIX4Dcatch**<\/p>\n<p>*Les cl\u00e9s de licence d&#039;un an seront envoy\u00e9es s\u00e9par\u00e9ment par e-mail dans un d\u00e9lai d&#039;un jour ouvrable.<br \/>\n**avec 500 cr\u00e9dits de traitement en nuage et de formation en ligne.<\/p>\n<h4>Mat\u00e9riel<\/h4>\n<p>1. Atteindre le r\u00e9cepteur RX2<br \/>\n\u2013 C\u00e2ble de type C<\/p>\n<p>2. Kit de num\u00e9risation Emlid<br \/>\n\u2013 Poign\u00e9e Emlid<br \/>\n\u2013 Laisse<br \/>\n\u2013 Cl\u00e9 Allen 3 mm<br \/>\n\u2013 \u00c9tui de transport<\/p>\n<h3 class=\"product-specifications-title\">Sp\u00e9cification<\/h3>\n<ul class=\"product-specifications-list flex f-wrap\">\n<li>\n<h3 class=\"h3\">M\u00e9canique<\/h3>\n<ul class=\"product-specifications-list flex f-wrap\">\n<li>\n<h3 class=\"h3\"><strong style=\"font-size: 16px;\">Emballer:<\/strong><span style=\"font-size: 16px;\"> Dans un \u00e9tui en plastique<\/span><\/h3>\n<\/li>\n<li>\n<h3 class=\"h3\"><strong style=\"font-size: 16px;\">Dimensions du kit :<\/strong><span style=\"font-size: 16px;\"> 425 x 324 x 124 mm<\/span><\/h3>\n<\/li>\n<li>\n<h3 class=\"h3\"><strong style=\"font-size: 16px;\">Poids du kit (avec RX et bo\u00eetier en plastique) :<\/strong><span style=\"font-size: 16px;\"> 4300 g (9,48 lb)<\/span><\/h3>\n<\/li>\n<li>\n<h3 class=\"h3\"><strong style=\"font-size: 16px;\">Fil inf\u00e9rieur :<\/strong><span style=\"font-size: 16px;\"> 5\/8\u201d-11 UNC<\/span><\/h3>\n<\/li>\n<li>\n<h3 class=\"h3\"><strong style=\"font-size: 16px;\">Mat\u00e9riau du manche :<\/strong><span style=\"font-size: 16px;\"> Polyamide 12<\/span><\/h3>\n<\/li>\n<li>\n<h3 class=\"h3\"><strong style=\"font-size: 16px;\">Poids de la poign\u00e9e :<\/strong><span style=\"font-size: 16px;\"> 175 g (0,38 lb)<\/span><\/h3>\n<\/li>\n<li>\n<h3 class=\"h3\"><strong style=\"font-size: 16px;\">Dimensions de la poign\u00e9e :<\/strong><span style=\"font-size: 16px;\">\u00a0200 x 119 x 36 mm<\/span><\/h3>\n<\/li>\n<\/ul>\n<\/li>\n<li>\n<h3 class=\"h3\">Compatibilit\u00e9<\/h3>\n<div class=\"rte\">\n<p>\u2013 Coques de t\u00e9l\u00e9phone compatibles avec SPC+ SP connect.<\/p>\n<p>\u2013 La poign\u00e9e peut \u00eatre adapt\u00e9e \u00e0 une utilisation \u00e0 droite ou \u00e0 gauche.<\/p>\n<p>\u2013 L\u2019\u00e9tui SP Connect doit \u00eatre achet\u00e9 s\u00e9par\u00e9ment.<\/p>\n<\/div>\n<\/li>\n<\/ul>","protected":false},"excerpt":{"rendered":"<p>Le kit de num\u00e9risation Pix4D &amp; Emlid Standard est une solution de num\u00e9risation terrestre mobile con\u00e7ue pour cr\u00e9er des mod\u00e8les 3D de haute pr\u00e9cision d&#039;environnements int\u00e9rieurs et ext\u00e9rieurs. Il combine le r\u00e9cepteur GNSS Emlid Reach RX avec l&#039;application mobile Pix4Dcatch pour capturer la r\u00e9alit\u00e9 avec une pr\u00e9cision centim\u00e9trique.<\/p>\n<h4>Logiciel*<\/h4>\n<p>\u2013 PIX4Dcatch**<\/p>\n<p>*Les cl\u00e9s de licence d&#039;un an seront envoy\u00e9es s\u00e9par\u00e9ment par e-mail dans un d\u00e9lai d&#039;un jour ouvrable.<br \/>\n**avec 500 cr\u00e9dits de traitement en nuage et de formation en ligne.<\/p>\n<h4>Mat\u00e9riel<\/h4>\n<p>1. Atteindre le r\u00e9cepteur RX2<br \/>\n\u2013 C\u00e2ble de type C<\/p>\n<p>2. Kit de num\u00e9risation Emlid<br \/>\n\u2013 Poign\u00e9e Emlid<br \/>\n\u2013 Laisse<br \/>\n\u2013 Cl\u00e9 Allen 3 mm<br \/>\n\u2013 \u00c9tui de transport<\/p>","protected":false},"featured_media":22809,"comment_status":"open","ping_status":"closed","template":"","meta":[],"product_brand":[],"product_cat":[89,869,30],"product_tag":[870,102,871],"class_list":{"0":"post-18593","1":"product","2":"type-product","3":"status-publish","4":"has-post-thumbnail","6":"product_cat-emlid","7":"product_cat-kit-emlid","8":"product_cat-mobile-station","9":"product_tag-emlid-scanning-kit","10":"product_tag-pix4d","11":"product_tag-standard","13":"first","14":"onbackorder","15":"taxable","16":"shipping-taxable","17":"product-type-simple"},"yoast_head":"<!-- This site is optimized with the Yoast SEO plugin v27.1.1 - https:\/\/yoast.com\/product\/yoast-seo-wordpress\/ -->\n<title>Pix4D &amp; Emlid Scanning kit Standard - Ghostysky<\/title>\n<meta name=\"description\" content=\"The Pix4D &amp; Emlid Scanning Kit Standard is a mobile terrestrial scanning solution designed for creating high-accuracy 3D models of indoor and outdoor environments. It combines the Emlid Reach RX GNSS receiver with Pix4Dcatch mobile app to capture reality with centimeter-level precision.\" \/>\n<meta name=\"robots\" content=\"index, follow, max-snippet:-1, max-image-preview:large, max-video-preview:-1\" \/>\n<link rel=\"canonical\" href=\"https:\/\/www.ghostysky.com\/fr\/product\/pix4d-emlid-scanning-kit-standard\/\" \/>\n<meta property=\"og:locale\" content=\"fr_FR\" \/>\n<meta property=\"og:type\" content=\"article\" \/>\n<meta property=\"og:title\" content=\"Pix4D &amp; Emlid Scanning kit Standard - Ghostysky\" \/>\n<meta property=\"og:description\" content=\"The Pix4D &amp; Emlid Scanning Kit Standard is a mobile terrestrial scanning solution designed for creating high-accuracy 3D models of indoor and outdoor environments. It combines the Emlid Reach RX GNSS receiver with Pix4Dcatch mobile app to capture reality with centimeter-level precision.\" \/>\n<meta property=\"og:url\" content=\"https:\/\/www.ghostysky.com\/fr\/product\/pix4d-emlid-scanning-kit-standard\/\" \/>\n<meta property=\"og:site_name\" content=\"Ghostysky\" \/>\n<meta property=\"article:publisher\" content=\"https:\/\/www.facebook.com\/people\/Ghostysky\/100057676170234\/\" \/>\n<meta property=\"article:modified_time\" content=\"2026-01-24T10:05:33+00:00\" \/>\n<meta property=\"og:image\" content=\"https:\/\/www.ghostysky.com\/wp-content\/uploads\/2024\/05\/GH_Emlid_Scanning_Kit.webp\" \/>\n\t<meta property=\"og:image:width\" content=\"2400\" \/>\n\t<meta property=\"og:image:height\" content=\"2400\" \/>\n\t<meta property=\"og:image:type\" content=\"image\/webp\" \/>\n<meta name=\"twitter:card\" content=\"summary_large_image\" \/>\n<meta name=\"twitter:site\" content=\"@Gh0stysky\" \/>\n<meta name=\"twitter:label1\" content=\"Dur\u00e9e de lecture estim\u00e9e\" \/>\n\t<meta name=\"twitter:data1\" content=\"2 minutes\" \/>\n<script type=\"application\/ld+json\" class=\"yoast-schema-graph\">{\"@context\":\"https:\/\/schema.org\",\"@graph\":[{\"@type\":\"WebPage\",\"@id\":\"https:\/\/www.ghostysky.com\/product\/pix4d-emlid-scanning-kit-standard\/\",\"url\":\"https:\/\/www.ghostysky.com\/product\/pix4d-emlid-scanning-kit-standard\/\",\"name\":\"Pix4D & Emlid Scanning kit Standard - Ghostysky\",\"isPartOf\":{\"@id\":\"https:\/\/www.ghostysky.com\/#website\"},\"primaryImageOfPage\":{\"@id\":\"https:\/\/www.ghostysky.com\/product\/pix4d-emlid-scanning-kit-standard\/#primaryimage\"},\"image\":{\"@id\":\"https:\/\/www.ghostysky.com\/product\/pix4d-emlid-scanning-kit-standard\/#primaryimage\"},\"thumbnailUrl\":\"https:\/\/www.ghostysky.com\/wp-content\/uploads\/2024\/05\/GH_Emlid_Scanning_Kit.webp\",\"datePublished\":\"2024-05-05T11:05:07+00:00\",\"dateModified\":\"2026-01-24T10:05:33+00:00\",\"description\":\"The Pix4D & Emlid Scanning Kit Standard is a mobile terrestrial scanning solution designed for creating high-accuracy 3D models of indoor and outdoor environments. It combines the Emlid Reach RX GNSS receiver with Pix4Dcatch mobile app to capture reality with centimeter-level precision.\",\"breadcrumb\":{\"@id\":\"https:\/\/www.ghostysky.com\/product\/pix4d-emlid-scanning-kit-standard\/#breadcrumb\"},\"inLanguage\":\"fr-FR\",\"potentialAction\":[{\"@type\":\"ReadAction\",\"target\":[\"https:\/\/www.ghostysky.com\/product\/pix4d-emlid-scanning-kit-standard\/\"]}]},{\"@type\":\"ImageObject\",\"inLanguage\":\"fr-FR\",\"@id\":\"https:\/\/www.ghostysky.com\/product\/pix4d-emlid-scanning-kit-standard\/#primaryimage\",\"url\":\"https:\/\/www.ghostysky.com\/wp-content\/uploads\/2024\/05\/GH_Emlid_Scanning_Kit.webp\",\"contentUrl\":\"https:\/\/www.ghostysky.com\/wp-content\/uploads\/2024\/05\/GH_Emlid_Scanning_Kit.webp\",\"width\":2400,\"height\":2400},{\"@type\":\"BreadcrumbList\",\"@id\":\"https:\/\/www.ghostysky.com\/product\/pix4d-emlid-scanning-kit-standard\/#breadcrumb\",\"itemListElement\":[{\"@type\":\"ListItem\",\"position\":1,\"name\":\"Home\",\"item\":\"https:\/\/www.ghostysky.com\/\"},{\"@type\":\"ListItem\",\"position\":2,\"name\":\"Shop\",\"item\":\"https:\/\/www.ghostysky.com\/shop\/\"},{\"@type\":\"ListItem\",\"position\":3,\"name\":\"Pix4D &#038; Emlid Scanning kit Standard\"}]},{\"@type\":\"WebSite\",\"@id\":\"https:\/\/www.ghostysky.com\/#website\",\"url\":\"https:\/\/www.ghostysky.com\/\",\"name\":\"Ghostysky\",\"description\":\"Delivering professional drones and services\",\"publisher\":{\"@id\":\"https:\/\/www.ghostysky.com\/#organization\"},\"potentialAction\":[{\"@type\":\"SearchAction\",\"target\":{\"@type\":\"EntryPoint\",\"urlTemplate\":\"https:\/\/www.ghostysky.com\/?s={search_term_string}\"},\"query-input\":{\"@type\":\"PropertyValueSpecification\",\"valueRequired\":true,\"valueName\":\"search_term_string\"}}],\"inLanguage\":\"fr-FR\"},{\"@type\":\"Organization\",\"@id\":\"https:\/\/www.ghostysky.com\/#organization\",\"name\":\"Ghostysky\",\"url\":\"https:\/\/www.ghostysky.com\/\",\"logo\":{\"@type\":\"ImageObject\",\"inLanguage\":\"fr-FR\",\"@id\":\"https:\/\/www.ghostysky.com\/#\/schema\/logo\/image\/\",\"url\":\"https:\/\/www.ghostysky.com\/wp-content\/uploads\/2020\/06\/cropped-ghostyskylogo_text_white2.png\",\"contentUrl\":\"https:\/\/www.ghostysky.com\/wp-content\/uploads\/2020\/06\/cropped-ghostyskylogo_text_white2.png\",\"width\":169,\"height\":56,\"caption\":\"Ghostysky\"},\"image\":{\"@id\":\"https:\/\/www.ghostysky.com\/#\/schema\/logo\/image\/\"},\"sameAs\":[\"https:\/\/www.facebook.com\/people\/Ghostysky\/100057676170234\/\",\"https:\/\/x.com\/Gh0stysky\",\"https:\/\/www.linkedin.com\/company\/34739653\",\"https:\/\/www.instagram.com\/gh0stysky\"]}]}<\/script>\n<!-- \/ Yoast SEO plugin. -->","yoast_head_json":{"title":"Kit de num\u00e9risation Pix4D et Emlid Standard - Ghostysky","description":"Le kit de num\u00e9risation Pix4D et Emlid Standard est une solution mobile de num\u00e9risation terrestre con\u00e7ue pour cr\u00e9er des mod\u00e8les 3D haute pr\u00e9cision d&#039;environnements int\u00e9rieurs et ext\u00e9rieurs. Il associe le r\u00e9cepteur GNSS Emlid Reach RX \u00e0 l&#039;application mobile Pix4Dcatch pour capturer la r\u00e9alit\u00e9 avec une pr\u00e9cision centim\u00e9trique.","robots":{"index":"index","follow":"follow","max-snippet":"max-snippet:-1","max-image-preview":"max-image-preview:large","max-video-preview":"max-video-preview:-1"},"canonical":"https:\/\/www.ghostysky.com\/fr\/product\/pix4d-emlid-scanning-kit-standard\/","og_locale":"fr_FR","og_type":"article","og_title":"Pix4D & Emlid Scanning kit Standard - Ghostysky","og_description":"The Pix4D & Emlid Scanning Kit Standard is a mobile terrestrial scanning solution designed for creating high-accuracy 3D models of indoor and outdoor environments. It combines the Emlid Reach RX GNSS receiver with Pix4Dcatch mobile app to capture reality with centimeter-level precision.","og_url":"https:\/\/www.ghostysky.com\/fr\/product\/pix4d-emlid-scanning-kit-standard\/","og_site_name":"Ghostysky","article_publisher":"https:\/\/www.facebook.com\/people\/Ghostysky\/100057676170234\/","article_modified_time":"2026-01-24T10:05:33+00:00","og_image":[{"width":2400,"height":2400,"url":"https:\/\/www.ghostysky.com\/wp-content\/uploads\/2024\/05\/GH_Emlid_Scanning_Kit.webp","type":"image\/webp"}],"twitter_card":"summary_large_image","twitter_site":"@Gh0stysky","twitter_misc":{"Dur\u00e9e de lecture estim\u00e9e":"2 minutes"},"schema":{"@context":"https:\/\/schema.org","@graph":[{"@type":"WebPage","@id":"https:\/\/www.ghostysky.com\/product\/pix4d-emlid-scanning-kit-standard\/","url":"https:\/\/www.ghostysky.com\/product\/pix4d-emlid-scanning-kit-standard\/","name":"Kit de num\u00e9risation Pix4D et Emlid Standard - Ghostysky","isPartOf":{"@id":"https:\/\/www.ghostysky.com\/#website"},"primaryImageOfPage":{"@id":"https:\/\/www.ghostysky.com\/product\/pix4d-emlid-scanning-kit-standard\/#primaryimage"},"image":{"@id":"https:\/\/www.ghostysky.com\/product\/pix4d-emlid-scanning-kit-standard\/#primaryimage"},"thumbnailUrl":"https:\/\/www.ghostysky.com\/wp-content\/uploads\/2024\/05\/GH_Emlid_Scanning_Kit.webp","datePublished":"2024-05-05T11:05:07+00:00","dateModified":"2026-01-24T10:05:33+00:00","description":"Le kit de num\u00e9risation Pix4D et Emlid Standard est une solution mobile de num\u00e9risation terrestre con\u00e7ue pour cr\u00e9er des mod\u00e8les 3D haute pr\u00e9cision d&#039;environnements int\u00e9rieurs et ext\u00e9rieurs. Il associe le r\u00e9cepteur GNSS Emlid Reach RX \u00e0 l&#039;application mobile Pix4Dcatch pour capturer la r\u00e9alit\u00e9 avec une pr\u00e9cision centim\u00e9trique.","breadcrumb":{"@id":"https:\/\/www.ghostysky.com\/product\/pix4d-emlid-scanning-kit-standard\/#breadcrumb"},"inLanguage":"fr-FR","potentialAction":[{"@type":"ReadAction","target":["https:\/\/www.ghostysky.com\/product\/pix4d-emlid-scanning-kit-standard\/"]}]},{"@type":"ImageObject","inLanguage":"fr-FR","@id":"https:\/\/www.ghostysky.com\/product\/pix4d-emlid-scanning-kit-standard\/#primaryimage","url":"https:\/\/www.ghostysky.com\/wp-content\/uploads\/2024\/05\/GH_Emlid_Scanning_Kit.webp","contentUrl":"https:\/\/www.ghostysky.com\/wp-content\/uploads\/2024\/05\/GH_Emlid_Scanning_Kit.webp","width":2400,"height":2400},{"@type":"BreadcrumbList","@id":"https:\/\/www.ghostysky.com\/product\/pix4d-emlid-scanning-kit-standard\/#breadcrumb","itemListElement":[{"@type":"ListItem","position":1,"name":"Home","item":"https:\/\/www.ghostysky.com\/"},{"@type":"ListItem","position":2,"name":"Shop","item":"https:\/\/www.ghostysky.com\/shop\/"},{"@type":"ListItem","position":3,"name":"Pix4D &#038; Emlid Scanning kit Standard"}]},{"@type":"WebSite","@id":"https:\/\/www.ghostysky.com\/#website","url":"https:\/\/www.ghostysky.com\/","name":"Ghostysky","description":"Livraison de drones et de services professionnels","publisher":{"@id":"https:\/\/www.ghostysky.com\/#organization"},"potentialAction":[{"@type":"SearchAction","target":{"@type":"EntryPoint","urlTemplate":"https:\/\/www.ghostysky.com\/?s={search_term_string}"},"query-input":{"@type":"PropertyValueSpecification","valueRequired":true,"valueName":"search_term_string"}}],"inLanguage":"fr-FR"},{"@type":"Organization","@id":"https:\/\/www.ghostysky.com\/#organization","name":"Ghostysky","url":"https:\/\/www.ghostysky.com\/","logo":{"@type":"ImageObject","inLanguage":"fr-FR","@id":"https:\/\/www.ghostysky.com\/#\/schema\/logo\/image\/","url":"https:\/\/www.ghostysky.com\/wp-content\/uploads\/2020\/06\/cropped-ghostyskylogo_text_white2.png","contentUrl":"https:\/\/www.ghostysky.com\/wp-content\/uploads\/2020\/06\/cropped-ghostyskylogo_text_white2.png","width":169,"height":56,"caption":"Ghostysky"},"image":{"@id":"https:\/\/www.ghostysky.com\/#\/schema\/logo\/image\/"},"sameAs":["https:\/\/www.facebook.com\/people\/Ghostysky\/100057676170234\/","https:\/\/x.com\/Gh0stysky","https:\/\/www.linkedin.com\/company\/34739653","https:\/\/www.instagram.com\/gh0stysky"]}]}},"_links":{"self":[{"href":"https:\/\/www.ghostysky.com\/fr\/wp-json\/wp\/v2\/product\/18593","targetHints":{"allow":["GET"]}}],"collection":[{"href":"https:\/\/www.ghostysky.com\/fr\/wp-json\/wp\/v2\/product"}],"about":[{"href":"https:\/\/www.ghostysky.com\/fr\/wp-json\/wp\/v2\/types\/product"}],"replies":[{"embeddable":true,"href":"https:\/\/www.ghostysky.com\/fr\/wp-json\/wp\/v2\/comments?post=18593"}],"wp:featuredmedia":[{"embeddable":true,"href":"https:\/\/www.ghostysky.com\/fr\/wp-json\/wp\/v2\/media\/22809"}],"wp:attachment":[{"href":"https:\/\/www.ghostysky.com\/fr\/wp-json\/wp\/v2\/media?parent=18593"}],"wp:term":[{"taxonomy":"product_brand","embeddable":true,"href":"https:\/\/www.ghostysky.com\/fr\/wp-json\/wp\/v2\/product_brand?post=18593"},{"taxonomy":"product_cat","embeddable":true,"href":"https:\/\/www.ghostysky.com\/fr\/wp-json\/wp\/v2\/product_cat?post=18593"},{"taxonomy":"product_tag","embeddable":true,"href":"https:\/\/www.ghostysky.com\/fr\/wp-json\/wp\/v2\/product_tag?post=18593"}],"curies":[{"name":"wp","href":"https:\/\/api.w.org\/{rel}","templated":true}]}}