{"id":18751,"date":"2024-05-11T11:06:07","date_gmt":"2024-05-11T11:06:07","guid":{"rendered":"https:\/\/www.ghostysky.com\/?post_type=product&#038;p=18751"},"modified":"2024-05-18T03:02:29","modified_gmt":"2024-05-18T03:02:29","slug":"emlid-reach-m2-used-a","status":"publish","type":"product","link":"https:\/\/www.ghostysky.com\/fr\/product\/emlid-reach-m2-used-a\/","title":{"rendered":"Emlid REACH M2 [Used A]"},"content":{"rendered":"<p class=\"translation-block\">EMLID <a href=\"https:\/\/emlid.com\/reach\/\" target=\"_blank\" rel=\"noopener noreferrer\">Reach M2<\/a> est un module GNSS RTK multibande pour une navigation pr\u00e9cise et une cartographie par drone sans GCP. Il calcule les coordonn\u00e9es en temps r\u00e9el avec une pr\u00e9cision centim\u00e9trique et les transmet au format NMEA ou binaire \u00e0 votre appareil via UART, Bluetooth ou Wi-Fi. Il enregistre \u00e9galement l&#039;instant pr\u00e9cis de chaque prise de vue.<\/p>\n<p>Fonctionne parfaitement en combinaison avec un Reach RS2 comme base.<\/p>\n<p>&nbsp;<\/p>\n<p><strong>Caract\u00e9ristiques:<\/strong><\/p>\n<table>\n<tbody>\n<tr>\n<td>Bandes de fr\u00e9quences<\/td>\n<td>L1\/L2\/L5<\/td>\n<\/tr>\n<tr>\n<td>Cha\u00eenes<\/td>\n<td>184<\/td>\n<\/tr>\n<tr>\n<td>Il est temps de proc\u00e9der \u00e0 la premi\u00e8re r\u00e9paration<\/td>\n<td>~5 secondes<\/td>\n<\/tr>\n<tr>\n<td>Positionnement<\/td>\n<td>H : 7 mm + 1 ppm<\/p>\n<p>V : 14 mm + 1 ppm<\/td>\n<\/tr>\n<tr>\n<td>Stockage interne<\/td>\n<td>16 GB<\/td>\n<\/tr>\n<tr>\n<td>Ligne de base en mode RTK<\/td>\n<td>jusqu&#039;\u00e0 60 km<\/td>\n<\/tr>\n<tr>\n<td>Ligne de base en mode PPK<\/td>\n<td>jusqu&#039;\u00e0 100 km<\/td>\n<\/tr>\n<\/tbody>\n<\/table>","protected":false},"excerpt":{"rendered":"<p>EMLID Reach M2 est un module GNSS RTK multibande pour une navigation pr\u00e9cise et une cartographie UAV sans GCP qui calcule les coordonn\u00e9es en temps r\u00e9el avec une pr\u00e9cision centim\u00e9trique et les diffuse au format NMEA ou binaire sur votre appareil via UART, Bluetooth ou WiFi.<\/p>\n<hr \/>\n<p>UTILIS\u00c9: <strong>NOTE A<\/strong><\/p>","protected":false},"featured_media":18752,"comment_status":"open","ping_status":"closed","template":"","meta":[],"product_brand":[],"product_cat":[584],"product_tag":[58,91,586,54,90],"class_list":{"0":"post-18751","1":"product","2":"type-product","3":"status-publish","4":"has-post-thumbnail","6":"product_cat-outlet","7":"product_tag-emlid","8":"product_tag-gnss","9":"product_tag-outlet-used","10":"product_tag-rtk","11":"product_tag-rtk-gnss-module","13":"first","14":"instock","15":"sale","16":"taxable","17":"shipping-taxable","18":"purchasable","19":"product-type-simple"},"yoast_head":"<!-- This site is optimized with the Yoast SEO plugin v27.1.1 - https:\/\/yoast.com\/product\/yoast-seo-wordpress\/ -->\n<title>Emlid REACH M2 [Used A] -<\/title>\n<meta name=\"description\" content=\"EMLID Reach M2 is a Multi-Band RTK GNSS module for UAV mapping, calculates real time coordinates with centimeter accuracy and streams over UART, Bluetooth or WiFi.\" \/>\n<meta name=\"robots\" content=\"index, follow, max-snippet:-1, max-image-preview:large, max-video-preview:-1\" \/>\n<link rel=\"canonical\" href=\"https:\/\/www.ghostysky.com\/fr\/product\/emlid-reach-m2-used-a\/\" \/>\n<meta property=\"og:locale\" content=\"fr_FR\" \/>\n<meta property=\"og:type\" content=\"article\" \/>\n<meta property=\"og:title\" content=\"Emlid REACH M2 [Used A] -\" \/>\n<meta property=\"og:description\" content=\"EMLID Reach M2 is a Multi-Band RTK GNSS module for UAV mapping, calculates real time coordinates with centimeter accuracy and streams over UART, Bluetooth or WiFi.\" \/>\n<meta property=\"og:url\" content=\"https:\/\/www.ghostysky.com\/fr\/product\/emlid-reach-m2-used-a\/\" \/>\n<meta property=\"og:site_name\" content=\"Ghostysky\" \/>\n<meta property=\"article:publisher\" content=\"https:\/\/www.facebook.com\/people\/Ghostysky\/100057676170234\/\" \/>\n<meta property=\"article:modified_time\" content=\"2024-05-18T03:02:29+00:00\" \/>\n<meta property=\"og:image\" content=\"https:\/\/www.ghostysky.com\/wp-content\/uploads\/2024\/05\/GH_M2_1_GradeA-scaled.jpg\" \/>\n\t<meta property=\"og:image:width\" content=\"1024\" \/>\n\t<meta property=\"og:image:height\" content=\"576\" \/>\n\t<meta property=\"og:image:type\" content=\"image\/jpeg\" \/>\n<meta name=\"twitter:card\" content=\"summary_large_image\" \/>\n<meta name=\"twitter:site\" content=\"@Gh0stysky\" \/>\n<meta name=\"twitter:label1\" content=\"Dur\u00e9e de lecture estim\u00e9e\" \/>\n\t<meta name=\"twitter:data1\" content=\"1 minute\" \/>\n<script type=\"application\/ld+json\" class=\"yoast-schema-graph\">{\"@context\":\"https:\/\/schema.org\",\"@graph\":[{\"@type\":\"WebPage\",\"@id\":\"https:\/\/www.ghostysky.com\/product\/emlid-reach-m2-used-a\/\",\"url\":\"https:\/\/www.ghostysky.com\/product\/emlid-reach-m2-used-a\/\",\"name\":\"Emlid REACH M2 [Used A] -\",\"isPartOf\":{\"@id\":\"https:\/\/www.ghostysky.com\/#website\"},\"primaryImageOfPage\":{\"@id\":\"https:\/\/www.ghostysky.com\/product\/emlid-reach-m2-used-a\/#primaryimage\"},\"image\":{\"@id\":\"https:\/\/www.ghostysky.com\/product\/emlid-reach-m2-used-a\/#primaryimage\"},\"thumbnailUrl\":\"https:\/\/www.ghostysky.com\/wp-content\/uploads\/2024\/05\/GH_M2_1_GradeA-scaled.jpg\",\"datePublished\":\"2024-05-11T11:06:07+00:00\",\"dateModified\":\"2024-05-18T03:02:29+00:00\",\"description\":\"EMLID Reach M2 is a Multi-Band RTK GNSS module for UAV mapping, calculates real time coordinates with centimeter accuracy and streams over UART, Bluetooth or WiFi.\",\"breadcrumb\":{\"@id\":\"https:\/\/www.ghostysky.com\/product\/emlid-reach-m2-used-a\/#breadcrumb\"},\"inLanguage\":\"fr-FR\",\"potentialAction\":[{\"@type\":\"ReadAction\",\"target\":[\"https:\/\/www.ghostysky.com\/product\/emlid-reach-m2-used-a\/\"]}]},{\"@type\":\"ImageObject\",\"inLanguage\":\"fr-FR\",\"@id\":\"https:\/\/www.ghostysky.com\/product\/emlid-reach-m2-used-a\/#primaryimage\",\"url\":\"https:\/\/www.ghostysky.com\/wp-content\/uploads\/2024\/05\/GH_M2_1_GradeA-scaled.jpg\",\"contentUrl\":\"https:\/\/www.ghostysky.com\/wp-content\/uploads\/2024\/05\/GH_M2_1_GradeA-scaled.jpg\",\"width\":4032,\"height\":2268,\"caption\":\"binary comment\"},{\"@type\":\"BreadcrumbList\",\"@id\":\"https:\/\/www.ghostysky.com\/product\/emlid-reach-m2-used-a\/#breadcrumb\",\"itemListElement\":[{\"@type\":\"ListItem\",\"position\":1,\"name\":\"Home\",\"item\":\"https:\/\/www.ghostysky.com\/\"},{\"@type\":\"ListItem\",\"position\":2,\"name\":\"Shop\",\"item\":\"https:\/\/www.ghostysky.com\/shop\/\"},{\"@type\":\"ListItem\",\"position\":3,\"name\":\"Emlid REACH M2 [Used A]\"}]},{\"@type\":\"WebSite\",\"@id\":\"https:\/\/www.ghostysky.com\/#website\",\"url\":\"https:\/\/www.ghostysky.com\/\",\"name\":\"Ghostysky\",\"description\":\"Delivering professional drones and services\",\"publisher\":{\"@id\":\"https:\/\/www.ghostysky.com\/#organization\"},\"potentialAction\":[{\"@type\":\"SearchAction\",\"target\":{\"@type\":\"EntryPoint\",\"urlTemplate\":\"https:\/\/www.ghostysky.com\/?s={search_term_string}\"},\"query-input\":{\"@type\":\"PropertyValueSpecification\",\"valueRequired\":true,\"valueName\":\"search_term_string\"}}],\"inLanguage\":\"fr-FR\"},{\"@type\":\"Organization\",\"@id\":\"https:\/\/www.ghostysky.com\/#organization\",\"name\":\"Ghostysky\",\"url\":\"https:\/\/www.ghostysky.com\/\",\"logo\":{\"@type\":\"ImageObject\",\"inLanguage\":\"fr-FR\",\"@id\":\"https:\/\/www.ghostysky.com\/#\/schema\/logo\/image\/\",\"url\":\"https:\/\/www.ghostysky.com\/wp-content\/uploads\/2020\/06\/cropped-ghostyskylogo_text_white2.png\",\"contentUrl\":\"https:\/\/www.ghostysky.com\/wp-content\/uploads\/2020\/06\/cropped-ghostyskylogo_text_white2.png\",\"width\":169,\"height\":56,\"caption\":\"Ghostysky\"},\"image\":{\"@id\":\"https:\/\/www.ghostysky.com\/#\/schema\/logo\/image\/\"},\"sameAs\":[\"https:\/\/www.facebook.com\/people\/Ghostysky\/100057676170234\/\",\"https:\/\/x.com\/Gh0stysky\",\"https:\/\/www.linkedin.com\/company\/34739653\",\"https:\/\/www.instagram.com\/gh0stysky\"]}]}<\/script>\n<!-- \/ Yoast SEO plugin. -->","yoast_head_json":{"title":"Emlid REACH M2 [Used A] -","description":"EMLID Reach M2 est un module GNSS RTK multibande pour la cartographie par drone, calcule les coordonn\u00e9es en temps r\u00e9el avec une pr\u00e9cision centim\u00e9trique et diffuse via UART, Bluetooth ou WiFi.","robots":{"index":"index","follow":"follow","max-snippet":"max-snippet:-1","max-image-preview":"max-image-preview:large","max-video-preview":"max-video-preview:-1"},"canonical":"https:\/\/www.ghostysky.com\/fr\/product\/emlid-reach-m2-used-a\/","og_locale":"fr_FR","og_type":"article","og_title":"Emlid REACH M2 [Used A] -","og_description":"EMLID Reach M2 is a Multi-Band RTK GNSS module for UAV mapping, calculates real time coordinates with centimeter accuracy and streams over UART, Bluetooth or WiFi.","og_url":"https:\/\/www.ghostysky.com\/fr\/product\/emlid-reach-m2-used-a\/","og_site_name":"Ghostysky","article_publisher":"https:\/\/www.facebook.com\/people\/Ghostysky\/100057676170234\/","article_modified_time":"2024-05-18T03:02:29+00:00","og_image":[{"url":"https:\/\/www.ghostysky.com\/wp-content\/uploads\/2024\/05\/GH_M2_1_GradeA-scaled.jpg","width":1024,"height":576,"type":"image\/jpeg"}],"twitter_card":"summary_large_image","twitter_site":"@Gh0stysky","twitter_misc":{"Dur\u00e9e de lecture estim\u00e9e":"1 minute"},"schema":{"@context":"https:\/\/schema.org","@graph":[{"@type":"WebPage","@id":"https:\/\/www.ghostysky.com\/product\/emlid-reach-m2-used-a\/","url":"https:\/\/www.ghostysky.com\/product\/emlid-reach-m2-used-a\/","name":"Emlid REACH M2 [Used A] -","isPartOf":{"@id":"https:\/\/www.ghostysky.com\/#website"},"primaryImageOfPage":{"@id":"https:\/\/www.ghostysky.com\/product\/emlid-reach-m2-used-a\/#primaryimage"},"image":{"@id":"https:\/\/www.ghostysky.com\/product\/emlid-reach-m2-used-a\/#primaryimage"},"thumbnailUrl":"https:\/\/www.ghostysky.com\/wp-content\/uploads\/2024\/05\/GH_M2_1_GradeA-scaled.jpg","datePublished":"2024-05-11T11:06:07+00:00","dateModified":"2024-05-18T03:02:29+00:00","description":"EMLID Reach M2 est un module GNSS RTK multibande pour la cartographie par drone, calcule les coordonn\u00e9es en temps r\u00e9el avec une pr\u00e9cision centim\u00e9trique et diffuse via UART, Bluetooth ou WiFi.","breadcrumb":{"@id":"https:\/\/www.ghostysky.com\/product\/emlid-reach-m2-used-a\/#breadcrumb"},"inLanguage":"fr-FR","potentialAction":[{"@type":"ReadAction","target":["https:\/\/www.ghostysky.com\/product\/emlid-reach-m2-used-a\/"]}]},{"@type":"ImageObject","inLanguage":"fr-FR","@id":"https:\/\/www.ghostysky.com\/product\/emlid-reach-m2-used-a\/#primaryimage","url":"https:\/\/www.ghostysky.com\/wp-content\/uploads\/2024\/05\/GH_M2_1_GradeA-scaled.jpg","contentUrl":"https:\/\/www.ghostysky.com\/wp-content\/uploads\/2024\/05\/GH_M2_1_GradeA-scaled.jpg","width":4032,"height":2268,"caption":"binary comment"},{"@type":"BreadcrumbList","@id":"https:\/\/www.ghostysky.com\/product\/emlid-reach-m2-used-a\/#breadcrumb","itemListElement":[{"@type":"ListItem","position":1,"name":"Home","item":"https:\/\/www.ghostysky.com\/"},{"@type":"ListItem","position":2,"name":"Shop","item":"https:\/\/www.ghostysky.com\/shop\/"},{"@type":"ListItem","position":3,"name":"Emlid REACH M2 [Used A]"}]},{"@type":"WebSite","@id":"https:\/\/www.ghostysky.com\/#website","url":"https:\/\/www.ghostysky.com\/","name":"Ghostysky","description":"Livraison de drones et de services professionnels","publisher":{"@id":"https:\/\/www.ghostysky.com\/#organization"},"potentialAction":[{"@type":"SearchAction","target":{"@type":"EntryPoint","urlTemplate":"https:\/\/www.ghostysky.com\/?s={search_term_string}"},"query-input":{"@type":"PropertyValueSpecification","valueRequired":true,"valueName":"search_term_string"}}],"inLanguage":"fr-FR"},{"@type":"Organization","@id":"https:\/\/www.ghostysky.com\/#organization","name":"Ghostysky","url":"https:\/\/www.ghostysky.com\/","logo":{"@type":"ImageObject","inLanguage":"fr-FR","@id":"https:\/\/www.ghostysky.com\/#\/schema\/logo\/image\/","url":"https:\/\/www.ghostysky.com\/wp-content\/uploads\/2020\/06\/cropped-ghostyskylogo_text_white2.png","contentUrl":"https:\/\/www.ghostysky.com\/wp-content\/uploads\/2020\/06\/cropped-ghostyskylogo_text_white2.png","width":169,"height":56,"caption":"Ghostysky"},"image":{"@id":"https:\/\/www.ghostysky.com\/#\/schema\/logo\/image\/"},"sameAs":["https:\/\/www.facebook.com\/people\/Ghostysky\/100057676170234\/","https:\/\/x.com\/Gh0stysky","https:\/\/www.linkedin.com\/company\/34739653","https:\/\/www.instagram.com\/gh0stysky"]}]}},"_links":{"self":[{"href":"https:\/\/www.ghostysky.com\/fr\/wp-json\/wp\/v2\/product\/18751","targetHints":{"allow":["GET"]}}],"collection":[{"href":"https:\/\/www.ghostysky.com\/fr\/wp-json\/wp\/v2\/product"}],"about":[{"href":"https:\/\/www.ghostysky.com\/fr\/wp-json\/wp\/v2\/types\/product"}],"replies":[{"embeddable":true,"href":"https:\/\/www.ghostysky.com\/fr\/wp-json\/wp\/v2\/comments?post=18751"}],"wp:featuredmedia":[{"embeddable":true,"href":"https:\/\/www.ghostysky.com\/fr\/wp-json\/wp\/v2\/media\/18752"}],"wp:attachment":[{"href":"https:\/\/www.ghostysky.com\/fr\/wp-json\/wp\/v2\/media?parent=18751"}],"wp:term":[{"taxonomy":"product_brand","embeddable":true,"href":"https:\/\/www.ghostysky.com\/fr\/wp-json\/wp\/v2\/product_brand?post=18751"},{"taxonomy":"product_cat","embeddable":true,"href":"https:\/\/www.ghostysky.com\/fr\/wp-json\/wp\/v2\/product_cat?post=18751"},{"taxonomy":"product_tag","embeddable":true,"href":"https:\/\/www.ghostysky.com\/fr\/wp-json\/wp\/v2\/product_tag?post=18751"}],"curies":[{"name":"wp","href":"https:\/\/api.w.org\/{rel}","templated":true}]}}