{"id":18773,"date":"2024-05-11T11:27:28","date_gmt":"2024-05-11T11:27:28","guid":{"rendered":"https:\/\/www.ghostysky.com\/?post_type=product&#038;p=18773"},"modified":"2024-05-11T11:35:22","modified_gmt":"2024-05-11T11:35:22","slug":"emlid-multi-band-gnss-antenna-used-c","status":"publish","type":"product","link":"https:\/\/www.ghostysky.com\/fr\/product\/emlid-multi-band-gnss-antenna-used-c\/","title":{"rendered":"Emlid Multi-band GNSS antenna [Used C]"},"content":{"rendered":"<ul data-sourcepos=\"3:1-8:0\">\n<li data-sourcepos=\"3:1-4:0\">\n<p data-sourcepos=\"3:3-3:244\"><strong>Compatibilit\u00e9 multibande :<\/strong> Il prend en charge une large gamme de signaux GNSS, notamment les bandes L1\/L2 du GPS, GLONASS, BeiDou et E1\/E5 de Galileo. Cela permet d&#039;obtenir des donn\u00e9es de positionnement plus pr\u00e9cises gr\u00e2ce \u00e0 la r\u00e9ception de signaux provenant de plusieurs constellations.<\/p>\n<\/li>\n<li data-sourcepos=\"5:1-6:0\">\n<p data-sourcepos=\"5:3-5:233\"><strong>Conception h\u00e9lico\u00efdale :<\/strong> L&#039;antenne utilise une conception h\u00e9lico\u00efdale, reconnue pour son efficacit\u00e9 \u00e0 recevoir les signaux GNSS de toutes les directions. Ceci est important pour maintenir un signal puissant m\u00eame lorsque l&#039;antenne n&#039;est pas parfaitement horizontale.<\/p>\n<\/li>\n<li data-sourcepos=\"7:1-8:0\">\n<p data-sourcepos=\"7:3-7:188\"><strong>Compact et l\u00e9ger :<\/strong> Avec des dimensions de 56,4 x 45,3 x 14,6 mm et un poids de 20 grammes, c&#039;est une solution portable pour les applications o\u00f9 le poids et la taille sont des facteurs importants.<\/p>\n<\/li>\n<\/ul>\n<p data-sourcepos=\"9:1-9:185\">Dans l\u2019ensemble, l\u2019antenne GNSS multibande Emlid est une antenne polyvalente et hautes performances con\u00e7ue pour am\u00e9liorer la pr\u00e9cision et la fiabilit\u00e9 de la collecte de donn\u00e9es GNSS avec les modules Emlid Reach.<\/p>","protected":false},"excerpt":{"rendered":"<h4>L&#039;antenne GNSS multibande Emlid est un accessoire pour modules GNSS, sp\u00e9cialement con\u00e7u pour fonctionner avec les r\u00e9cepteurs Emlid Reach.<\/h4>\n<h4>Antenne GNSS h\u00e9lico\u00efdale multibande<\/h4>\n<p>Suivi des bandes L1\/L2 sur GPS, GLONASS, BeiDou et E1\/E5 sur Galileo.<\/p>\n<p>UTILIS\u00c9: <strong>NOTE C<\/strong><\/p>","protected":false},"featured_media":18774,"comment_status":"open","ping_status":"closed","template":"","meta":[],"product_brand":[],"product_cat":[584],"product_tag":[58,875,876,586],"class_list":{"0":"post-18773","1":"product","2":"type-product","3":"status-publish","4":"has-post-thumbnail","6":"product_cat-outlet","7":"product_tag-emlid","8":"product_tag-gnss-antenna","9":"product_tag-multi-band","10":"product_tag-outlet-used","12":"first","13":"instock","14":"sale","15":"taxable","16":"shipping-taxable","17":"purchasable","18":"product-type-simple"},"yoast_head":"<!-- This site is optimized with the Yoast SEO plugin v27.4 - https:\/\/yoast.com\/product\/yoast-seo-wordpress\/ -->\n<title>Emlid Multi-band GNSS antenna [Used C] - Ghostysky<\/title>\n<meta name=\"description\" content=\"The Emlid Multi-band GNSS antenna is an accessory for GNSS modules, specifically designed to work with Emlid Reach receivers.Multi-band helical GNSS antennaTracks L1\/L2 bands on GPS, GLONASS, BeiDou and E1\/E5 on Galileo.\" \/>\n<meta name=\"robots\" content=\"index, follow, max-snippet:-1, max-image-preview:large, max-video-preview:-1\" \/>\n<link rel=\"canonical\" href=\"https:\/\/www.ghostysky.com\/fr\/product\/emlid-multi-band-gnss-antenna-used-c\/\" \/>\n<meta property=\"og:locale\" content=\"fr_FR\" \/>\n<meta property=\"og:type\" content=\"article\" \/>\n<meta property=\"og:title\" content=\"Emlid Multi-band GNSS antenna [Used C] - Ghostysky\" \/>\n<meta property=\"og:description\" content=\"The Emlid Multi-band GNSS antenna is an accessory for GNSS modules, specifically designed to work with Emlid Reach receivers.Multi-band helical GNSS antennaTracks L1\/L2 bands on GPS, GLONASS, BeiDou and E1\/E5 on Galileo.\" \/>\n<meta property=\"og:url\" content=\"https:\/\/www.ghostysky.com\/fr\/product\/emlid-multi-band-gnss-antenna-used-c\/\" \/>\n<meta property=\"og:site_name\" content=\"Ghostysky\" \/>\n<meta property=\"article:publisher\" content=\"https:\/\/www.facebook.com\/people\/Ghostysky\/100057676170234\/\" \/>\n<meta property=\"article:modified_time\" content=\"2024-05-11T11:35:22+00:00\" \/>\n<meta property=\"og:image\" content=\"https:\/\/www.ghostysky.com\/wp-content\/uploads\/2024\/05\/GH_Antenna_1_GradeC-scaled.jpg\" \/>\n\t<meta property=\"og:image:width\" content=\"1024\" \/>\n\t<meta property=\"og:image:height\" content=\"576\" \/>\n\t<meta property=\"og:image:type\" content=\"image\/jpeg\" \/>\n<meta name=\"twitter:card\" content=\"summary_large_image\" \/>\n<meta name=\"twitter:site\" content=\"@Gh0stysky\" \/>\n<meta name=\"twitter:label1\" content=\"Dur\u00e9e de lecture estim\u00e9e\" \/>\n\t<meta name=\"twitter:data1\" content=\"1 minute\" \/>\n<script type=\"application\/ld+json\" class=\"yoast-schema-graph\">{\"@context\":\"https:\\\/\\\/schema.org\",\"@graph\":[{\"@type\":\"WebPage\",\"@id\":\"https:\\\/\\\/www.ghostysky.com\\\/product\\\/emlid-multi-band-gnss-antenna-used-c\\\/\",\"url\":\"https:\\\/\\\/www.ghostysky.com\\\/product\\\/emlid-multi-band-gnss-antenna-used-c\\\/\",\"name\":\"Emlid Multi-band GNSS antenna [Used C] - Ghostysky\",\"isPartOf\":{\"@id\":\"https:\\\/\\\/www.ghostysky.com\\\/#website\"},\"primaryImageOfPage\":{\"@id\":\"https:\\\/\\\/www.ghostysky.com\\\/product\\\/emlid-multi-band-gnss-antenna-used-c\\\/#primaryimage\"},\"image\":{\"@id\":\"https:\\\/\\\/www.ghostysky.com\\\/product\\\/emlid-multi-band-gnss-antenna-used-c\\\/#primaryimage\"},\"thumbnailUrl\":\"https:\\\/\\\/www.ghostysky.com\\\/wp-content\\\/uploads\\\/2024\\\/05\\\/GH_Antenna_1_GradeC-scaled.jpg\",\"datePublished\":\"2024-05-11T11:27:28+00:00\",\"dateModified\":\"2024-05-11T11:35:22+00:00\",\"description\":\"The Emlid Multi-band GNSS antenna is an accessory for GNSS modules, specifically designed to work with Emlid Reach receivers.Multi-band helical GNSS antennaTracks L1\\\/L2 bands on GPS, GLONASS, BeiDou and E1\\\/E5 on Galileo.\",\"breadcrumb\":{\"@id\":\"https:\\\/\\\/www.ghostysky.com\\\/product\\\/emlid-multi-band-gnss-antenna-used-c\\\/#breadcrumb\"},\"inLanguage\":\"fr-FR\",\"potentialAction\":[{\"@type\":\"ReadAction\",\"target\":[\"https:\\\/\\\/www.ghostysky.com\\\/product\\\/emlid-multi-band-gnss-antenna-used-c\\\/\"]}]},{\"@type\":\"ImageObject\",\"inLanguage\":\"fr-FR\",\"@id\":\"https:\\\/\\\/www.ghostysky.com\\\/product\\\/emlid-multi-band-gnss-antenna-used-c\\\/#primaryimage\",\"url\":\"https:\\\/\\\/www.ghostysky.com\\\/wp-content\\\/uploads\\\/2024\\\/05\\\/GH_Antenna_1_GradeC-scaled.jpg\",\"contentUrl\":\"https:\\\/\\\/www.ghostysky.com\\\/wp-content\\\/uploads\\\/2024\\\/05\\\/GH_Antenna_1_GradeC-scaled.jpg\",\"width\":4032,\"height\":2268,\"caption\":\"binary comment\"},{\"@type\":\"BreadcrumbList\",\"@id\":\"https:\\\/\\\/www.ghostysky.com\\\/product\\\/emlid-multi-band-gnss-antenna-used-c\\\/#breadcrumb\",\"itemListElement\":[{\"@type\":\"ListItem\",\"position\":1,\"name\":\"Home\",\"item\":\"https:\\\/\\\/www.ghostysky.com\\\/\"},{\"@type\":\"ListItem\",\"position\":2,\"name\":\"Shop\",\"item\":\"https:\\\/\\\/www.ghostysky.com\\\/shop\\\/\"},{\"@type\":\"ListItem\",\"position\":3,\"name\":\"Emlid Multi-band GNSS antenna [Used C]\"}]},{\"@type\":\"WebSite\",\"@id\":\"https:\\\/\\\/www.ghostysky.com\\\/#website\",\"url\":\"https:\\\/\\\/www.ghostysky.com\\\/\",\"name\":\"Ghostysky\",\"description\":\"Delivering professional drones and services\",\"publisher\":{\"@id\":\"https:\\\/\\\/www.ghostysky.com\\\/#organization\"},\"potentialAction\":[{\"@type\":\"SearchAction\",\"target\":{\"@type\":\"EntryPoint\",\"urlTemplate\":\"https:\\\/\\\/www.ghostysky.com\\\/?s={search_term_string}\"},\"query-input\":{\"@type\":\"PropertyValueSpecification\",\"valueRequired\":true,\"valueName\":\"search_term_string\"}}],\"inLanguage\":\"fr-FR\"},{\"@type\":\"Organization\",\"@id\":\"https:\\\/\\\/www.ghostysky.com\\\/#organization\",\"name\":\"Ghostysky\",\"url\":\"https:\\\/\\\/www.ghostysky.com\\\/\",\"logo\":{\"@type\":\"ImageObject\",\"inLanguage\":\"fr-FR\",\"@id\":\"https:\\\/\\\/www.ghostysky.com\\\/#\\\/schema\\\/logo\\\/image\\\/\",\"url\":\"https:\\\/\\\/www.ghostysky.com\\\/wp-content\\\/uploads\\\/2020\\\/06\\\/cropped-ghostyskylogo_text_white2.png\",\"contentUrl\":\"https:\\\/\\\/www.ghostysky.com\\\/wp-content\\\/uploads\\\/2020\\\/06\\\/cropped-ghostyskylogo_text_white2.png\",\"width\":169,\"height\":56,\"caption\":\"Ghostysky\"},\"image\":{\"@id\":\"https:\\\/\\\/www.ghostysky.com\\\/#\\\/schema\\\/logo\\\/image\\\/\"},\"sameAs\":[\"https:\\\/\\\/www.facebook.com\\\/people\\\/Ghostysky\\\/100057676170234\\\/\",\"https:\\\/\\\/x.com\\\/Gh0stysky\",\"https:\\\/\\\/www.linkedin.com\\\/company\\\/34739653\",\"https:\\\/\\\/www.instagram.com\\\/gh0stysky\"]}]}<\/script>\n<!-- \/ Yoast SEO plugin. -->","yoast_head_json":{"title":"Emlid Multi-band GNSS antenna [Used C] - Ghostysky","description":"L&#039;antenne GNSS multibande Emlid est un accessoire pour modules GNSS, sp\u00e9cialement con\u00e7u pour fonctionner avec les r\u00e9cepteurs Emlid Reach.Antenne GNSS h\u00e9lico\u00efdale multibandeSuive les bandes L1\/L2 sur GPS, GLONASS, BeiDou et E1\/E5 sur Galileo.","robots":{"index":"index","follow":"follow","max-snippet":"max-snippet:-1","max-image-preview":"max-image-preview:large","max-video-preview":"max-video-preview:-1"},"canonical":"https:\/\/www.ghostysky.com\/fr\/product\/emlid-multi-band-gnss-antenna-used-c\/","og_locale":"fr_FR","og_type":"article","og_title":"Emlid Multi-band GNSS antenna [Used C] - Ghostysky","og_description":"The Emlid Multi-band GNSS antenna is an accessory for GNSS modules, specifically designed to work with Emlid Reach receivers.Multi-band helical GNSS antennaTracks L1\/L2 bands on GPS, GLONASS, BeiDou and E1\/E5 on Galileo.","og_url":"https:\/\/www.ghostysky.com\/fr\/product\/emlid-multi-band-gnss-antenna-used-c\/","og_site_name":"Ghostysky","article_publisher":"https:\/\/www.facebook.com\/people\/Ghostysky\/100057676170234\/","article_modified_time":"2024-05-11T11:35:22+00:00","og_image":[{"url":"https:\/\/www.ghostysky.com\/wp-content\/uploads\/2024\/05\/GH_Antenna_1_GradeC-scaled.jpg","width":1024,"height":576,"type":"image\/jpeg"}],"twitter_card":"summary_large_image","twitter_site":"@Gh0stysky","twitter_misc":{"Dur\u00e9e de lecture estim\u00e9e":"1 minute"},"schema":{"@context":"https:\/\/schema.org","@graph":[{"@type":"WebPage","@id":"https:\/\/www.ghostysky.com\/product\/emlid-multi-band-gnss-antenna-used-c\/","url":"https:\/\/www.ghostysky.com\/product\/emlid-multi-band-gnss-antenna-used-c\/","name":"Emlid Multi-band GNSS antenna [Used C] - Ghostysky","isPartOf":{"@id":"https:\/\/www.ghostysky.com\/#website"},"primaryImageOfPage":{"@id":"https:\/\/www.ghostysky.com\/product\/emlid-multi-band-gnss-antenna-used-c\/#primaryimage"},"image":{"@id":"https:\/\/www.ghostysky.com\/product\/emlid-multi-band-gnss-antenna-used-c\/#primaryimage"},"thumbnailUrl":"https:\/\/www.ghostysky.com\/wp-content\/uploads\/2024\/05\/GH_Antenna_1_GradeC-scaled.jpg","datePublished":"2024-05-11T11:27:28+00:00","dateModified":"2024-05-11T11:35:22+00:00","description":"L&#039;antenne GNSS multibande Emlid est un accessoire pour modules GNSS, sp\u00e9cialement con\u00e7u pour fonctionner avec les r\u00e9cepteurs Emlid Reach.Antenne GNSS h\u00e9lico\u00efdale multibandeSuive les bandes L1\/L2 sur GPS, GLONASS, BeiDou et E1\/E5 sur Galileo.","breadcrumb":{"@id":"https:\/\/www.ghostysky.com\/product\/emlid-multi-band-gnss-antenna-used-c\/#breadcrumb"},"inLanguage":"fr-FR","potentialAction":[{"@type":"ReadAction","target":["https:\/\/www.ghostysky.com\/product\/emlid-multi-band-gnss-antenna-used-c\/"]}]},{"@type":"ImageObject","inLanguage":"fr-FR","@id":"https:\/\/www.ghostysky.com\/product\/emlid-multi-band-gnss-antenna-used-c\/#primaryimage","url":"https:\/\/www.ghostysky.com\/wp-content\/uploads\/2024\/05\/GH_Antenna_1_GradeC-scaled.jpg","contentUrl":"https:\/\/www.ghostysky.com\/wp-content\/uploads\/2024\/05\/GH_Antenna_1_GradeC-scaled.jpg","width":4032,"height":2268,"caption":"binary comment"},{"@type":"BreadcrumbList","@id":"https:\/\/www.ghostysky.com\/product\/emlid-multi-band-gnss-antenna-used-c\/#breadcrumb","itemListElement":[{"@type":"ListItem","position":1,"name":"Home","item":"https:\/\/www.ghostysky.com\/"},{"@type":"ListItem","position":2,"name":"Shop","item":"https:\/\/www.ghostysky.com\/shop\/"},{"@type":"ListItem","position":3,"name":"Emlid Multi-band GNSS antenna [Used C]"}]},{"@type":"WebSite","@id":"https:\/\/www.ghostysky.com\/#website","url":"https:\/\/www.ghostysky.com\/","name":"Ghostysky","description":"Livraison de drones et de services professionnels","publisher":{"@id":"https:\/\/www.ghostysky.com\/#organization"},"potentialAction":[{"@type":"SearchAction","target":{"@type":"EntryPoint","urlTemplate":"https:\/\/www.ghostysky.com\/?s={search_term_string}"},"query-input":{"@type":"PropertyValueSpecification","valueRequired":true,"valueName":"search_term_string"}}],"inLanguage":"fr-FR"},{"@type":"Organization","@id":"https:\/\/www.ghostysky.com\/#organization","name":"Ghostysky","url":"https:\/\/www.ghostysky.com\/","logo":{"@type":"ImageObject","inLanguage":"fr-FR","@id":"https:\/\/www.ghostysky.com\/#\/schema\/logo\/image\/","url":"https:\/\/www.ghostysky.com\/wp-content\/uploads\/2020\/06\/cropped-ghostyskylogo_text_white2.png","contentUrl":"https:\/\/www.ghostysky.com\/wp-content\/uploads\/2020\/06\/cropped-ghostyskylogo_text_white2.png","width":169,"height":56,"caption":"Ghostysky"},"image":{"@id":"https:\/\/www.ghostysky.com\/#\/schema\/logo\/image\/"},"sameAs":["https:\/\/www.facebook.com\/people\/Ghostysky\/100057676170234\/","https:\/\/x.com\/Gh0stysky","https:\/\/www.linkedin.com\/company\/34739653","https:\/\/www.instagram.com\/gh0stysky"]}]}},"_links":{"self":[{"href":"https:\/\/www.ghostysky.com\/fr\/wp-json\/wp\/v2\/product\/18773","targetHints":{"allow":["GET"]}}],"collection":[{"href":"https:\/\/www.ghostysky.com\/fr\/wp-json\/wp\/v2\/product"}],"about":[{"href":"https:\/\/www.ghostysky.com\/fr\/wp-json\/wp\/v2\/types\/product"}],"replies":[{"embeddable":true,"href":"https:\/\/www.ghostysky.com\/fr\/wp-json\/wp\/v2\/comments?post=18773"}],"version-history":[{"count":0,"href":"https:\/\/www.ghostysky.com\/fr\/wp-json\/wp\/v2\/product\/18773\/revisions"}],"wp:featuredmedia":[{"embeddable":true,"href":"https:\/\/www.ghostysky.com\/fr\/wp-json\/wp\/v2\/media\/18774"}],"wp:attachment":[{"href":"https:\/\/www.ghostysky.com\/fr\/wp-json\/wp\/v2\/media?parent=18773"}],"wp:term":[{"taxonomy":"product_brand","embeddable":true,"href":"https:\/\/www.ghostysky.com\/fr\/wp-json\/wp\/v2\/product_brand?post=18773"},{"taxonomy":"product_cat","embeddable":true,"href":"https:\/\/www.ghostysky.com\/fr\/wp-json\/wp\/v2\/product_cat?post=18773"},{"taxonomy":"product_tag","embeddable":true,"href":"https:\/\/www.ghostysky.com\/fr\/wp-json\/wp\/v2\/product_tag?post=18773"}],"curies":[{"name":"wp","href":"https:\/\/api.w.org\/{rel}","templated":true}]}}