{"id":18888,"date":"2024-05-16T10:08:11","date_gmt":"2024-05-16T10:08:11","guid":{"rendered":"https:\/\/www.ghostysky.com\/?post_type=product&#038;p=18888"},"modified":"2024-05-26T09:42:53","modified_gmt":"2024-05-26T09:42:53","slug":"dji-rc-pro-2","status":"publish","type":"product","link":"https:\/\/www.ghostysky.com\/fr\/product\/dji-rc-pro-2\/","title":{"rendered":"DJI RC Pro"},"content":{"rendered":"<h3><strong>\u00c0 propos du DJI RC Pro<\/strong><\/h3>\n<ul>\n<li data-sourcepos=\"5:1-5:144\">\n<p data-sourcepos=\"5:3-5:278\"><strong>Performances puissantes :<\/strong> \u00c9quip\u00e9e d&#039;un processeur nouvelle g\u00e9n\u00e9ration, la DJI RC Pro offre des performances sup\u00e9rieures et une consommation \u00e9nerg\u00e9tique r\u00e9duite. Elle est dot\u00e9e d&#039;un processeur quatre fois plus puissant, d&#039;un processeur graphique sept fois plus puissant et d&#039;une consommation d&#039;\u00e9nergie de 20% inf\u00e9rieure \u00e0 celle de la radiocommande pr\u00e9c\u00e9dente.<\/p>\n<\/li>\n<li data-sourcepos=\"7:1-8:0\">\n<p data-sourcepos=\"7:3-7:333\"><strong>Technologie de transmission vid\u00e9o O3+ :<\/strong> Le DJI RC Pro int\u00e8gre la technologie de transmission vid\u00e9o O3+ de DJI, capable de transmettre un flux vid\u00e9o en direct 1080p\/60 ips jusqu&#039;\u00e0 15 km de distance avec une faible latence de seulement 120 ms. Une antenne 2T4R \u00e0 gain \u00e9lev\u00e9 am\u00e9liore la couverture du signal et assure une transmission stable et fluide.<\/p>\n<\/li>\n<li data-sourcepos=\"9:1-9:33\">\n<p data-sourcepos=\"9:3-9:33\"><strong>Affichage lumineux :<\/strong> Un \u00e9cran 1080p int\u00e9gr\u00e9 de 5,5 pouces avec une luminosit\u00e9 maximale de 1000 nits assure une visualisation claire, m\u00eame en plein soleil. Son \u00e9cran haute luminosit\u00e9 longue dur\u00e9e est dot\u00e9 d&#039;un mode ext\u00e9rieur qui am\u00e9liore automatiquement les d\u00e9tails des ombres pour une meilleure visibilit\u00e9.<\/p>\n<\/li>\n<li data-sourcepos=\"11:1-12:0\">\n<p data-sourcepos=\"11:3-11:104\"><strong>Lecture vid\u00e9o :<\/strong> Le DJI RC Pro prend en charge la lecture de vid\u00e9os \u00e0 4K\/120 ips dans les codecs H.264 et H.265.<\/p>\n<\/li>\n<li data-sourcepos=\"13:1-13:187\">\n<p data-sourcepos=\"13:3-13:187\"><strong>Connectivit\u00e9 :<\/strong> Un port mini-HDMI, un port USB Type-C polyvalent et un emplacement pour carte microSD sont tous inclus sur le RC Pro, permettant des fonctions telles que le chargement, le stockage et la sortie vid\u00e9o.<\/p>\n<\/li>\n<\/ul>\n<p>Globalement, la DJI RC Pro est une radiocommande puissante et polyvalente, id\u00e9ale pour la photographie a\u00e9rienne professionnelle. Son processeur nouvelle g\u00e9n\u00e9ration, sa technologie de transmission vid\u00e9o O3+, son \u00e9cran haute luminosit\u00e9 et sa prise en charge de la lecture vid\u00e9o 4K\/120 ips en font un excellent choix pour les utilisateurs exigeants.<\/p>\n<p>&nbsp;<\/p>","protected":false},"excerpt":{"rendered":"<p>La DJI RC Pro est une radiocommande hautes performances con\u00e7ue pour la photographie a\u00e9rienne professionnelle. Elle est \u00e9quip\u00e9e d&#039;un nouveau processeur puissant offrant des performances CPU 4 fois plus rapides, des performances GPU 7 fois plus rapides et une consommation d&#039;\u00e9nergie 20% inf\u00e9rieure \u00e0 celle de son pr\u00e9d\u00e9cesseur.<\/p>","protected":false},"featured_media":18890,"comment_status":"open","ping_status":"closed","template":"","meta":[],"product_brand":[],"product_cat":[781,785,37,779,784],"product_tag":[880,881],"class_list":{"0":"post-18888","1":"product","2":"type-product","3":"status-publish","4":"has-post-thumbnail","6":"product_cat-accessories-mavic-3-classic","7":"product_cat-accessories-mavic-3-pro","8":"product_cat-dji","9":"product_cat-mavic-3-classic","10":"product_cat-mavic-3-pro","11":"product_tag-dji-rc-pro","12":"product_tag-mavic-3e","14":"first","15":"instock","16":"taxable","17":"shipping-taxable","18":"purchasable","19":"product-type-simple"},"yoast_head":"<!-- This site is optimized with the Yoast SEO plugin v27.1.1 - https:\/\/yoast.com\/product\/yoast-seo-wordpress\/ -->\n<title>DJI RC Pro - Ghostysky<\/title>\n<meta name=\"description\" content=\"The DJI RC Pro is a high-performance remote controller designed for professional aerial photography applications. It features a powerful new processor that delivers 4x faster CPU performance, 7x faster GPU performance, and 20% lower power consumption compared to its predecessor.\" \/>\n<meta name=\"robots\" content=\"index, follow, max-snippet:-1, max-image-preview:large, max-video-preview:-1\" \/>\n<link rel=\"canonical\" href=\"https:\/\/www.ghostysky.com\/fr\/product\/dji-rc-pro-2\/\" \/>\n<meta property=\"og:locale\" content=\"fr_FR\" \/>\n<meta property=\"og:type\" content=\"article\" \/>\n<meta property=\"og:title\" content=\"DJI RC Pro - Ghostysky\" \/>\n<meta property=\"og:description\" content=\"The DJI RC Pro is a high-performance remote controller designed for professional aerial photography applications. It features a powerful new processor that delivers 4x faster CPU performance, 7x faster GPU performance, and 20% lower power consumption compared to its predecessor.\" \/>\n<meta property=\"og:url\" content=\"https:\/\/www.ghostysky.com\/fr\/product\/dji-rc-pro-2\/\" \/>\n<meta property=\"og:site_name\" content=\"Ghostysky\" \/>\n<meta property=\"article:publisher\" content=\"https:\/\/www.facebook.com\/people\/Ghostysky\/100057676170234\/\" \/>\n<meta property=\"article:modified_time\" content=\"2024-05-26T09:42:53+00:00\" \/>\n<meta property=\"og:image\" content=\"https:\/\/www.ghostysky.com\/wp-content\/uploads\/2024\/05\/GH_dji-rc-pro_1.jpg\" \/>\n\t<meta property=\"og:image:width\" content=\"800\" \/>\n\t<meta property=\"og:image:height\" content=\"800\" \/>\n\t<meta property=\"og:image:type\" content=\"image\/jpeg\" \/>\n<meta name=\"twitter:card\" content=\"summary_large_image\" \/>\n<meta name=\"twitter:site\" content=\"@Gh0stysky\" \/>\n<meta name=\"twitter:label1\" content=\"Dur\u00e9e de lecture estim\u00e9e\" \/>\n\t<meta name=\"twitter:data1\" content=\"2 minutes\" \/>\n<script type=\"application\/ld+json\" class=\"yoast-schema-graph\">{\"@context\":\"https:\/\/schema.org\",\"@graph\":[{\"@type\":\"WebPage\",\"@id\":\"https:\/\/www.ghostysky.com\/product\/dji-rc-pro-2\/\",\"url\":\"https:\/\/www.ghostysky.com\/product\/dji-rc-pro-2\/\",\"name\":\"DJI RC Pro - Ghostysky\",\"isPartOf\":{\"@id\":\"https:\/\/www.ghostysky.com\/#website\"},\"primaryImageOfPage\":{\"@id\":\"https:\/\/www.ghostysky.com\/product\/dji-rc-pro-2\/#primaryimage\"},\"image\":{\"@id\":\"https:\/\/www.ghostysky.com\/product\/dji-rc-pro-2\/#primaryimage\"},\"thumbnailUrl\":\"https:\/\/www.ghostysky.com\/wp-content\/uploads\/2024\/05\/GH_dji-rc-pro_1.jpg\",\"datePublished\":\"2024-05-16T10:08:11+00:00\",\"dateModified\":\"2024-05-26T09:42:53+00:00\",\"description\":\"The DJI RC Pro is a high-performance remote controller designed for professional aerial photography applications. It features a powerful new processor that delivers 4x faster CPU performance, 7x faster GPU performance, and 20% lower power consumption compared to its predecessor.\",\"breadcrumb\":{\"@id\":\"https:\/\/www.ghostysky.com\/product\/dji-rc-pro-2\/#breadcrumb\"},\"inLanguage\":\"fr-FR\",\"potentialAction\":[{\"@type\":\"ReadAction\",\"target\":[\"https:\/\/www.ghostysky.com\/product\/dji-rc-pro-2\/\"]}]},{\"@type\":\"ImageObject\",\"inLanguage\":\"fr-FR\",\"@id\":\"https:\/\/www.ghostysky.com\/product\/dji-rc-pro-2\/#primaryimage\",\"url\":\"https:\/\/www.ghostysky.com\/wp-content\/uploads\/2024\/05\/GH_dji-rc-pro_1.jpg\",\"contentUrl\":\"https:\/\/www.ghostysky.com\/wp-content\/uploads\/2024\/05\/GH_dji-rc-pro_1.jpg\",\"width\":800,\"height\":800},{\"@type\":\"BreadcrumbList\",\"@id\":\"https:\/\/www.ghostysky.com\/product\/dji-rc-pro-2\/#breadcrumb\",\"itemListElement\":[{\"@type\":\"ListItem\",\"position\":1,\"name\":\"Home\",\"item\":\"https:\/\/www.ghostysky.com\/\"},{\"@type\":\"ListItem\",\"position\":2,\"name\":\"Shop\",\"item\":\"https:\/\/www.ghostysky.com\/shop\/\"},{\"@type\":\"ListItem\",\"position\":3,\"name\":\"DJI RC Pro\"}]},{\"@type\":\"WebSite\",\"@id\":\"https:\/\/www.ghostysky.com\/#website\",\"url\":\"https:\/\/www.ghostysky.com\/\",\"name\":\"Ghostysky\",\"description\":\"Delivering professional drones and services\",\"publisher\":{\"@id\":\"https:\/\/www.ghostysky.com\/#organization\"},\"potentialAction\":[{\"@type\":\"SearchAction\",\"target\":{\"@type\":\"EntryPoint\",\"urlTemplate\":\"https:\/\/www.ghostysky.com\/?s={search_term_string}\"},\"query-input\":{\"@type\":\"PropertyValueSpecification\",\"valueRequired\":true,\"valueName\":\"search_term_string\"}}],\"inLanguage\":\"fr-FR\"},{\"@type\":\"Organization\",\"@id\":\"https:\/\/www.ghostysky.com\/#organization\",\"name\":\"Ghostysky\",\"url\":\"https:\/\/www.ghostysky.com\/\",\"logo\":{\"@type\":\"ImageObject\",\"inLanguage\":\"fr-FR\",\"@id\":\"https:\/\/www.ghostysky.com\/#\/schema\/logo\/image\/\",\"url\":\"https:\/\/www.ghostysky.com\/wp-content\/uploads\/2020\/06\/cropped-ghostyskylogo_text_white2.png\",\"contentUrl\":\"https:\/\/www.ghostysky.com\/wp-content\/uploads\/2020\/06\/cropped-ghostyskylogo_text_white2.png\",\"width\":169,\"height\":56,\"caption\":\"Ghostysky\"},\"image\":{\"@id\":\"https:\/\/www.ghostysky.com\/#\/schema\/logo\/image\/\"},\"sameAs\":[\"https:\/\/www.facebook.com\/people\/Ghostysky\/100057676170234\/\",\"https:\/\/x.com\/Gh0stysky\",\"https:\/\/www.linkedin.com\/company\/34739653\",\"https:\/\/www.instagram.com\/gh0stysky\"]}]}<\/script>\n<!-- \/ Yoast SEO plugin. -->","yoast_head_json":{"title":"DJI RC Pro - Ghostysky","description":"La DJI RC Pro est une radiocommande hautes performances con\u00e7ue pour la photographie a\u00e9rienne professionnelle. Elle est \u00e9quip\u00e9e d&#039;un nouveau processeur puissant offrant des performances CPU 4 fois plus rapides, des performances GPU 7 fois plus rapides et une consommation d&#039;\u00e9nergie 20% inf\u00e9rieure \u00e0 celle de son pr\u00e9d\u00e9cesseur.","robots":{"index":"index","follow":"follow","max-snippet":"max-snippet:-1","max-image-preview":"max-image-preview:large","max-video-preview":"max-video-preview:-1"},"canonical":"https:\/\/www.ghostysky.com\/fr\/product\/dji-rc-pro-2\/","og_locale":"fr_FR","og_type":"article","og_title":"DJI RC Pro - Ghostysky","og_description":"The DJI RC Pro is a high-performance remote controller designed for professional aerial photography applications. It features a powerful new processor that delivers 4x faster CPU performance, 7x faster GPU performance, and 20% lower power consumption compared to its predecessor.","og_url":"https:\/\/www.ghostysky.com\/fr\/product\/dji-rc-pro-2\/","og_site_name":"Ghostysky","article_publisher":"https:\/\/www.facebook.com\/people\/Ghostysky\/100057676170234\/","article_modified_time":"2024-05-26T09:42:53+00:00","og_image":[{"width":800,"height":800,"url":"https:\/\/www.ghostysky.com\/wp-content\/uploads\/2024\/05\/GH_dji-rc-pro_1.jpg","type":"image\/jpeg"}],"twitter_card":"summary_large_image","twitter_site":"@Gh0stysky","twitter_misc":{"Dur\u00e9e de lecture estim\u00e9e":"2 minutes"},"schema":{"@context":"https:\/\/schema.org","@graph":[{"@type":"WebPage","@id":"https:\/\/www.ghostysky.com\/product\/dji-rc-pro-2\/","url":"https:\/\/www.ghostysky.com\/product\/dji-rc-pro-2\/","name":"DJI RC Pro - Ghostysky","isPartOf":{"@id":"https:\/\/www.ghostysky.com\/#website"},"primaryImageOfPage":{"@id":"https:\/\/www.ghostysky.com\/product\/dji-rc-pro-2\/#primaryimage"},"image":{"@id":"https:\/\/www.ghostysky.com\/product\/dji-rc-pro-2\/#primaryimage"},"thumbnailUrl":"https:\/\/www.ghostysky.com\/wp-content\/uploads\/2024\/05\/GH_dji-rc-pro_1.jpg","datePublished":"2024-05-16T10:08:11+00:00","dateModified":"2024-05-26T09:42:53+00:00","description":"La DJI RC Pro est une radiocommande hautes performances con\u00e7ue pour la photographie a\u00e9rienne professionnelle. Elle est \u00e9quip\u00e9e d&#039;un nouveau processeur puissant offrant des performances CPU 4 fois plus rapides, des performances GPU 7 fois plus rapides et une consommation d&#039;\u00e9nergie 20% inf\u00e9rieure \u00e0 celle de son pr\u00e9d\u00e9cesseur.","breadcrumb":{"@id":"https:\/\/www.ghostysky.com\/product\/dji-rc-pro-2\/#breadcrumb"},"inLanguage":"fr-FR","potentialAction":[{"@type":"ReadAction","target":["https:\/\/www.ghostysky.com\/product\/dji-rc-pro-2\/"]}]},{"@type":"ImageObject","inLanguage":"fr-FR","@id":"https:\/\/www.ghostysky.com\/product\/dji-rc-pro-2\/#primaryimage","url":"https:\/\/www.ghostysky.com\/wp-content\/uploads\/2024\/05\/GH_dji-rc-pro_1.jpg","contentUrl":"https:\/\/www.ghostysky.com\/wp-content\/uploads\/2024\/05\/GH_dji-rc-pro_1.jpg","width":800,"height":800},{"@type":"BreadcrumbList","@id":"https:\/\/www.ghostysky.com\/product\/dji-rc-pro-2\/#breadcrumb","itemListElement":[{"@type":"ListItem","position":1,"name":"Home","item":"https:\/\/www.ghostysky.com\/"},{"@type":"ListItem","position":2,"name":"Shop","item":"https:\/\/www.ghostysky.com\/shop\/"},{"@type":"ListItem","position":3,"name":"DJI RC Pro"}]},{"@type":"WebSite","@id":"https:\/\/www.ghostysky.com\/#website","url":"https:\/\/www.ghostysky.com\/","name":"Ghostysky","description":"Livraison de drones et de services professionnels","publisher":{"@id":"https:\/\/www.ghostysky.com\/#organization"},"potentialAction":[{"@type":"SearchAction","target":{"@type":"EntryPoint","urlTemplate":"https:\/\/www.ghostysky.com\/?s={search_term_string}"},"query-input":{"@type":"PropertyValueSpecification","valueRequired":true,"valueName":"search_term_string"}}],"inLanguage":"fr-FR"},{"@type":"Organization","@id":"https:\/\/www.ghostysky.com\/#organization","name":"Ghostysky","url":"https:\/\/www.ghostysky.com\/","logo":{"@type":"ImageObject","inLanguage":"fr-FR","@id":"https:\/\/www.ghostysky.com\/#\/schema\/logo\/image\/","url":"https:\/\/www.ghostysky.com\/wp-content\/uploads\/2020\/06\/cropped-ghostyskylogo_text_white2.png","contentUrl":"https:\/\/www.ghostysky.com\/wp-content\/uploads\/2020\/06\/cropped-ghostyskylogo_text_white2.png","width":169,"height":56,"caption":"Ghostysky"},"image":{"@id":"https:\/\/www.ghostysky.com\/#\/schema\/logo\/image\/"},"sameAs":["https:\/\/www.facebook.com\/people\/Ghostysky\/100057676170234\/","https:\/\/x.com\/Gh0stysky","https:\/\/www.linkedin.com\/company\/34739653","https:\/\/www.instagram.com\/gh0stysky"]}]}},"_links":{"self":[{"href":"https:\/\/www.ghostysky.com\/fr\/wp-json\/wp\/v2\/product\/18888","targetHints":{"allow":["GET"]}}],"collection":[{"href":"https:\/\/www.ghostysky.com\/fr\/wp-json\/wp\/v2\/product"}],"about":[{"href":"https:\/\/www.ghostysky.com\/fr\/wp-json\/wp\/v2\/types\/product"}],"replies":[{"embeddable":true,"href":"https:\/\/www.ghostysky.com\/fr\/wp-json\/wp\/v2\/comments?post=18888"}],"wp:featuredmedia":[{"embeddable":true,"href":"https:\/\/www.ghostysky.com\/fr\/wp-json\/wp\/v2\/media\/18890"}],"wp:attachment":[{"href":"https:\/\/www.ghostysky.com\/fr\/wp-json\/wp\/v2\/media?parent=18888"}],"wp:term":[{"taxonomy":"product_brand","embeddable":true,"href":"https:\/\/www.ghostysky.com\/fr\/wp-json\/wp\/v2\/product_brand?post=18888"},{"taxonomy":"product_cat","embeddable":true,"href":"https:\/\/www.ghostysky.com\/fr\/wp-json\/wp\/v2\/product_cat?post=18888"},{"taxonomy":"product_tag","embeddable":true,"href":"https:\/\/www.ghostysky.com\/fr\/wp-json\/wp\/v2\/product_tag?post=18888"}],"curies":[{"name":"wp","href":"https:\/\/api.w.org\/{rel}","templated":true}]}}