{"id":18928,"date":"2024-05-21T18:43:06","date_gmt":"2024-05-21T18:43:06","guid":{"rendered":"https:\/\/www.ghostysky.com\/?post_type=product&#038;p=18928"},"modified":"2026-01-24T09:35:12","modified_gmt":"2026-01-24T09:35:12","slug":"pix4dmapper-monthly-subscription-license-copy","status":"publish","type":"product","link":"https:\/\/www.ghostysky.com\/fr\/product\/pix4dmapper-monthly-subscription-license-copy\/","title":{"rendered":"Pix4Dmapper \u2013 Licence d&#039;abonnement mensuel"},"content":{"rendered":"<p><strong>CAPTURER<\/strong><\/p>\n<p>Capturez des images RVB, thermiques ou multispectrales avec n&#039;importe quel appareil photo.<\/p>\n<p>Si vous utilisez un drone, automatisez le vol et le transfert des donn\u00e9es d&#039;image avec notre application gratuite Pix4Dcapture.<\/p>\n<p><strong>NUM\u00c9RISER<\/strong><\/p>\n<p>Les algorithmes de photogramm\u00e9trie de Pix4Dmapper transforment vos images terrestres ou a\u00e9riennes en cartes num\u00e9riques et mod\u00e8les 3D.<\/p>\n<p>Traitez vos projets de mani\u00e8re transparente sur votre bureau \u00e0 l&#039;aide de notre logiciel de photogramm\u00e9trie ou combinez-les avec Pix4Dcloud pour un traitement en ligne.<\/p>\n<p><strong>CONTR\u00d4LE<\/strong><\/p>\n<p>Utilisez la puissance de la photogramm\u00e9trie dans l&#039;environnement rayCloud pour \u00e9valuer, contr\u00f4ler et am\u00e9liorer la qualit\u00e9 de vos projets.<\/p>\n<p>Utilisez le rapport de qualit\u00e9 pour examiner un aper\u00e7u des r\u00e9sultats g\u00e9n\u00e9r\u00e9s, des d\u00e9tails d\u2019\u00e9talonnage et de nombreux autres indicateurs de qualit\u00e9 du projet.<\/p>\n<p><strong>MESURER ET INSPECTER<\/strong><\/p>\n<p>Mesurez avec pr\u00e9cision les distances, les surfaces et les volumes.<\/p>\n<p><strong>COLLABORER ET PARTAGER<\/strong><\/p>\n<p>Optimisez la communication du projet et le travail d\u2019\u00e9quipe.<br \/>\nPartagez de mani\u00e8re s\u00e9lective et s\u00e9curis\u00e9e les donn\u00e9es et les informations du projet avec votre \u00e9quipe, vos clients et vos fournisseurs, en utilisant des formats de fichiers standard.<\/p>\n<p>Consultez notre d\u00e9mo <a href=\"https:\/\/www.ghostysky.com\/fr\/2020\/10\/27\/agricultura-de-precisao-wingtraone-e-micasense-rededge-mx\/\">ici<\/a>.<\/p>","protected":false},"excerpt":{"rendered":"<p><span style=\"text-decoration: underline;\">Pix4dMapper \u2013 Licence d&#039;abonnement mensuel<\/span><\/p>\n<p><strong>La puissance du logiciel de photogramm\u00e9trie<\/strong><br \/>\nUn environnement unique reliant vos images originales \u00e0 chaque point de la reconstruction 3D pour v\u00e9rifier visuellement et am\u00e9liorer la pr\u00e9cision de votre projet.<\/p>\n<p><strong>G\u00e9n\u00e9rez des sorties haute r\u00e9solution pour n&#039;importe quel projet et cas d&#039;utilisation<\/strong><br \/>\nExportez facilement vos cartes et mod\u00e8les num\u00e9riques vers des formats compatibles avec l&#039;industrie pour une analyse ou un rapport plus approfondi<\/p>\n<hr \/>","protected":false},"featured_media":1908,"comment_status":"open","ping_status":"closed","template":"","meta":[],"product_brand":[],"product_cat":[100,101,31],"product_tag":[104,889,106,105,102,103,71],"class_list":{"0":"post-18928","1":"product","2":"type-product","3":"status-publish","4":"has-post-thumbnail","6":"product_cat-pix4d","7":"product_cat-pix4dmapper","8":"product_cat-software","9":"product_tag-dsm","10":"product_tag-monthly","11":"product_tag-nuvem-de-pontos","12":"product_tag-ortomosaicos","13":"product_tag-pix4d","14":"product_tag-pix4dmapper","15":"product_tag-software","17":"first","18":"instock","19":"taxable","20":"shipping-taxable","21":"purchasable","22":"product-type-simple"},"yoast_head":"<!-- This site is optimized with the Yoast SEO plugin v27.1.1 - https:\/\/yoast.com\/product\/yoast-seo-wordpress\/ -->\n<title>Pix4Dmapper - Montlhy Subscription License -<\/title>\n<meta name=\"description\" content=\"Pix4dMapper - Monthly Subscription LicenseThe power of photogrammetry softwareA unique environment connecting your original images to each point of the 3D reconstruction to visually verify and improve the accuracy of your project.Generate high resolution outputs for any project and use caseEasily export your digital maps and models to industry-compatible formats for further analysis or reporting\" \/>\n<meta name=\"robots\" content=\"index, follow, max-snippet:-1, max-image-preview:large, max-video-preview:-1\" \/>\n<link rel=\"canonical\" href=\"https:\/\/www.ghostysky.com\/fr\/product\/pix4dmapper-monthly-subscription-license-copy\/\" \/>\n<meta property=\"og:locale\" content=\"fr_FR\" \/>\n<meta property=\"og:type\" content=\"article\" \/>\n<meta property=\"og:title\" content=\"Pix4Dmapper - Montlhy Subscription License -\" \/>\n<meta property=\"og:description\" content=\"Pix4dMapper - Monthly Subscription LicenseThe power of photogrammetry softwareA unique environment connecting your original images to each point of the 3D reconstruction to visually verify and improve the accuracy of your project.Generate high resolution outputs for any project and use caseEasily export your digital maps and models to industry-compatible formats for further analysis or reporting\" \/>\n<meta property=\"og:url\" content=\"https:\/\/www.ghostysky.com\/fr\/product\/pix4dmapper-monthly-subscription-license-copy\/\" \/>\n<meta property=\"og:site_name\" content=\"Ghostysky\" \/>\n<meta property=\"article:publisher\" content=\"https:\/\/www.facebook.com\/people\/Ghostysky\/100057676170234\/\" \/>\n<meta property=\"article:modified_time\" content=\"2026-01-24T09:35:12+00:00\" \/>\n<meta property=\"og:image\" content=\"https:\/\/www.ghostysky.com\/wp-content\/uploads\/2021\/02\/p4dmprtc1dsk.jpg\" \/>\n\t<meta property=\"og:image:width\" content=\"450\" \/>\n\t<meta property=\"og:image:height\" content=\"450\" \/>\n\t<meta property=\"og:image:type\" content=\"image\/jpeg\" \/>\n<meta name=\"twitter:card\" content=\"summary_large_image\" \/>\n<meta name=\"twitter:site\" content=\"@Gh0stysky\" \/>\n<meta name=\"twitter:label1\" content=\"Dur\u00e9e de lecture estim\u00e9e\" \/>\n\t<meta name=\"twitter:data1\" content=\"1 minute\" \/>\n<script type=\"application\/ld+json\" class=\"yoast-schema-graph\">{\"@context\":\"https:\/\/schema.org\",\"@graph\":[{\"@type\":\"WebPage\",\"@id\":\"https:\/\/www.ghostysky.com\/product\/pix4dmapper-monthly-subscription-license-copy\/\",\"url\":\"https:\/\/www.ghostysky.com\/product\/pix4dmapper-monthly-subscription-license-copy\/\",\"name\":\"Pix4Dmapper - Montlhy Subscription License -\",\"isPartOf\":{\"@id\":\"https:\/\/www.ghostysky.com\/#website\"},\"primaryImageOfPage\":{\"@id\":\"https:\/\/www.ghostysky.com\/product\/pix4dmapper-monthly-subscription-license-copy\/#primaryimage\"},\"image\":{\"@id\":\"https:\/\/www.ghostysky.com\/product\/pix4dmapper-monthly-subscription-license-copy\/#primaryimage\"},\"thumbnailUrl\":\"https:\/\/www.ghostysky.com\/wp-content\/uploads\/2021\/02\/p4dmprtc1dsk.jpg\",\"datePublished\":\"2024-05-21T18:43:06+00:00\",\"dateModified\":\"2026-01-24T09:35:12+00:00\",\"description\":\"Pix4dMapper - Monthly Subscription LicenseThe power of photogrammetry softwareA unique environment connecting your original images to each point of the 3D reconstruction to visually verify and improve the accuracy of your project.Generate high resolution outputs for any project and use caseEasily export your digital maps and models to industry-compatible formats for further analysis or reporting\",\"breadcrumb\":{\"@id\":\"https:\/\/www.ghostysky.com\/product\/pix4dmapper-monthly-subscription-license-copy\/#breadcrumb\"},\"inLanguage\":\"fr-FR\",\"potentialAction\":[{\"@type\":\"ReadAction\",\"target\":[\"https:\/\/www.ghostysky.com\/product\/pix4dmapper-monthly-subscription-license-copy\/\"]}]},{\"@type\":\"ImageObject\",\"inLanguage\":\"fr-FR\",\"@id\":\"https:\/\/www.ghostysky.com\/product\/pix4dmapper-monthly-subscription-license-copy\/#primaryimage\",\"url\":\"https:\/\/www.ghostysky.com\/wp-content\/uploads\/2021\/02\/p4dmprtc1dsk.jpg\",\"contentUrl\":\"https:\/\/www.ghostysky.com\/wp-content\/uploads\/2021\/02\/p4dmprtc1dsk.jpg\",\"width\":450,\"height\":450},{\"@type\":\"BreadcrumbList\",\"@id\":\"https:\/\/www.ghostysky.com\/product\/pix4dmapper-monthly-subscription-license-copy\/#breadcrumb\",\"itemListElement\":[{\"@type\":\"ListItem\",\"position\":1,\"name\":\"Home\",\"item\":\"https:\/\/www.ghostysky.com\/\"},{\"@type\":\"ListItem\",\"position\":2,\"name\":\"Shop\",\"item\":\"https:\/\/www.ghostysky.com\/shop\/\"},{\"@type\":\"ListItem\",\"position\":3,\"name\":\"Pix4Dmapper &#8211; Montlhy Subscription License\"}]},{\"@type\":\"WebSite\",\"@id\":\"https:\/\/www.ghostysky.com\/#website\",\"url\":\"https:\/\/www.ghostysky.com\/\",\"name\":\"Ghostysky\",\"description\":\"Delivering professional drones and services\",\"publisher\":{\"@id\":\"https:\/\/www.ghostysky.com\/#organization\"},\"potentialAction\":[{\"@type\":\"SearchAction\",\"target\":{\"@type\":\"EntryPoint\",\"urlTemplate\":\"https:\/\/www.ghostysky.com\/?s={search_term_string}\"},\"query-input\":{\"@type\":\"PropertyValueSpecification\",\"valueRequired\":true,\"valueName\":\"search_term_string\"}}],\"inLanguage\":\"fr-FR\"},{\"@type\":\"Organization\",\"@id\":\"https:\/\/www.ghostysky.com\/#organization\",\"name\":\"Ghostysky\",\"url\":\"https:\/\/www.ghostysky.com\/\",\"logo\":{\"@type\":\"ImageObject\",\"inLanguage\":\"fr-FR\",\"@id\":\"https:\/\/www.ghostysky.com\/#\/schema\/logo\/image\/\",\"url\":\"https:\/\/www.ghostysky.com\/wp-content\/uploads\/2020\/06\/cropped-ghostyskylogo_text_white2.png\",\"contentUrl\":\"https:\/\/www.ghostysky.com\/wp-content\/uploads\/2020\/06\/cropped-ghostyskylogo_text_white2.png\",\"width\":169,\"height\":56,\"caption\":\"Ghostysky\"},\"image\":{\"@id\":\"https:\/\/www.ghostysky.com\/#\/schema\/logo\/image\/\"},\"sameAs\":[\"https:\/\/www.facebook.com\/people\/Ghostysky\/100057676170234\/\",\"https:\/\/x.com\/Gh0stysky\",\"https:\/\/www.linkedin.com\/company\/34739653\",\"https:\/\/www.instagram.com\/gh0stysky\"]}]}<\/script>\n<!-- \/ Yoast SEO plugin. -->","yoast_head_json":{"title":"Pix4Dmapper - Licence d&#039;abonnement mensuel -","description":"Pix4dMapper - Licence d&#039;abonnement mensuelLa puissance du logiciel de photogramm\u00e9trieUn environnement unique reliant vos images originales \u00e0 chaque point de la reconstruction 3D pour v\u00e9rifier visuellement et am\u00e9liorer la pr\u00e9cision de votre projet.G\u00e9n\u00e9rez des sorties haute r\u00e9solution pour n&#039;importe quel projet et cas d&#039;utilisationExportez facilement vos cartes et mod\u00e8les num\u00e9riques vers des formats compatibles avec l&#039;industrie pour une analyse ou un rapport plus approfondi","robots":{"index":"index","follow":"follow","max-snippet":"max-snippet:-1","max-image-preview":"max-image-preview:large","max-video-preview":"max-video-preview:-1"},"canonical":"https:\/\/www.ghostysky.com\/fr\/product\/pix4dmapper-monthly-subscription-license-copy\/","og_locale":"fr_FR","og_type":"article","og_title":"Pix4Dmapper - Montlhy Subscription License -","og_description":"Pix4dMapper - Monthly Subscription LicenseThe power of photogrammetry softwareA unique environment connecting your original images to each point of the 3D reconstruction to visually verify and improve the accuracy of your project.Generate high resolution outputs for any project and use caseEasily export your digital maps and models to industry-compatible formats for further analysis or reporting","og_url":"https:\/\/www.ghostysky.com\/fr\/product\/pix4dmapper-monthly-subscription-license-copy\/","og_site_name":"Ghostysky","article_publisher":"https:\/\/www.facebook.com\/people\/Ghostysky\/100057676170234\/","article_modified_time":"2026-01-24T09:35:12+00:00","og_image":[{"width":450,"height":450,"url":"https:\/\/www.ghostysky.com\/wp-content\/uploads\/2021\/02\/p4dmprtc1dsk.jpg","type":"image\/jpeg"}],"twitter_card":"summary_large_image","twitter_site":"@Gh0stysky","twitter_misc":{"Dur\u00e9e de lecture estim\u00e9e":"1 minute"},"schema":{"@context":"https:\/\/schema.org","@graph":[{"@type":"WebPage","@id":"https:\/\/www.ghostysky.com\/product\/pix4dmapper-monthly-subscription-license-copy\/","url":"https:\/\/www.ghostysky.com\/product\/pix4dmapper-monthly-subscription-license-copy\/","name":"Pix4Dmapper - Licence d&#039;abonnement mensuel -","isPartOf":{"@id":"https:\/\/www.ghostysky.com\/#website"},"primaryImageOfPage":{"@id":"https:\/\/www.ghostysky.com\/product\/pix4dmapper-monthly-subscription-license-copy\/#primaryimage"},"image":{"@id":"https:\/\/www.ghostysky.com\/product\/pix4dmapper-monthly-subscription-license-copy\/#primaryimage"},"thumbnailUrl":"https:\/\/www.ghostysky.com\/wp-content\/uploads\/2021\/02\/p4dmprtc1dsk.jpg","datePublished":"2024-05-21T18:43:06+00:00","dateModified":"2026-01-24T09:35:12+00:00","description":"Pix4dMapper - Licence d&#039;abonnement mensuelLa puissance du logiciel de photogramm\u00e9trieUn environnement unique reliant vos images originales \u00e0 chaque point de la reconstruction 3D pour v\u00e9rifier visuellement et am\u00e9liorer la pr\u00e9cision de votre projet.G\u00e9n\u00e9rez des sorties haute r\u00e9solution pour n&#039;importe quel projet et cas d&#039;utilisationExportez facilement vos cartes et mod\u00e8les num\u00e9riques vers des formats compatibles avec l&#039;industrie pour une analyse ou un rapport plus approfondi","breadcrumb":{"@id":"https:\/\/www.ghostysky.com\/product\/pix4dmapper-monthly-subscription-license-copy\/#breadcrumb"},"inLanguage":"fr-FR","potentialAction":[{"@type":"ReadAction","target":["https:\/\/www.ghostysky.com\/product\/pix4dmapper-monthly-subscription-license-copy\/"]}]},{"@type":"ImageObject","inLanguage":"fr-FR","@id":"https:\/\/www.ghostysky.com\/product\/pix4dmapper-monthly-subscription-license-copy\/#primaryimage","url":"https:\/\/www.ghostysky.com\/wp-content\/uploads\/2021\/02\/p4dmprtc1dsk.jpg","contentUrl":"https:\/\/www.ghostysky.com\/wp-content\/uploads\/2021\/02\/p4dmprtc1dsk.jpg","width":450,"height":450},{"@type":"BreadcrumbList","@id":"https:\/\/www.ghostysky.com\/product\/pix4dmapper-monthly-subscription-license-copy\/#breadcrumb","itemListElement":[{"@type":"ListItem","position":1,"name":"Home","item":"https:\/\/www.ghostysky.com\/"},{"@type":"ListItem","position":2,"name":"Shop","item":"https:\/\/www.ghostysky.com\/shop\/"},{"@type":"ListItem","position":3,"name":"Pix4Dmapper &#8211; Montlhy Subscription License"}]},{"@type":"WebSite","@id":"https:\/\/www.ghostysky.com\/#website","url":"https:\/\/www.ghostysky.com\/","name":"Ghostysky","description":"Livraison de drones et de services professionnels","publisher":{"@id":"https:\/\/www.ghostysky.com\/#organization"},"potentialAction":[{"@type":"SearchAction","target":{"@type":"EntryPoint","urlTemplate":"https:\/\/www.ghostysky.com\/?s={search_term_string}"},"query-input":{"@type":"PropertyValueSpecification","valueRequired":true,"valueName":"search_term_string"}}],"inLanguage":"fr-FR"},{"@type":"Organization","@id":"https:\/\/www.ghostysky.com\/#organization","name":"Ghostysky","url":"https:\/\/www.ghostysky.com\/","logo":{"@type":"ImageObject","inLanguage":"fr-FR","@id":"https:\/\/www.ghostysky.com\/#\/schema\/logo\/image\/","url":"https:\/\/www.ghostysky.com\/wp-content\/uploads\/2020\/06\/cropped-ghostyskylogo_text_white2.png","contentUrl":"https:\/\/www.ghostysky.com\/wp-content\/uploads\/2020\/06\/cropped-ghostyskylogo_text_white2.png","width":169,"height":56,"caption":"Ghostysky"},"image":{"@id":"https:\/\/www.ghostysky.com\/#\/schema\/logo\/image\/"},"sameAs":["https:\/\/www.facebook.com\/people\/Ghostysky\/100057676170234\/","https:\/\/x.com\/Gh0stysky","https:\/\/www.linkedin.com\/company\/34739653","https:\/\/www.instagram.com\/gh0stysky"]}]}},"_links":{"self":[{"href":"https:\/\/www.ghostysky.com\/fr\/wp-json\/wp\/v2\/product\/18928","targetHints":{"allow":["GET"]}}],"collection":[{"href":"https:\/\/www.ghostysky.com\/fr\/wp-json\/wp\/v2\/product"}],"about":[{"href":"https:\/\/www.ghostysky.com\/fr\/wp-json\/wp\/v2\/types\/product"}],"replies":[{"embeddable":true,"href":"https:\/\/www.ghostysky.com\/fr\/wp-json\/wp\/v2\/comments?post=18928"}],"wp:featuredmedia":[{"embeddable":true,"href":"https:\/\/www.ghostysky.com\/fr\/wp-json\/wp\/v2\/media\/1908"}],"wp:attachment":[{"href":"https:\/\/www.ghostysky.com\/fr\/wp-json\/wp\/v2\/media?parent=18928"}],"wp:term":[{"taxonomy":"product_brand","embeddable":true,"href":"https:\/\/www.ghostysky.com\/fr\/wp-json\/wp\/v2\/product_brand?post=18928"},{"taxonomy":"product_cat","embeddable":true,"href":"https:\/\/www.ghostysky.com\/fr\/wp-json\/wp\/v2\/product_cat?post=18928"},{"taxonomy":"product_tag","embeddable":true,"href":"https:\/\/www.ghostysky.com\/fr\/wp-json\/wp\/v2\/product_tag?post=18928"}],"curies":[{"name":"wp","href":"https:\/\/api.w.org\/{rel}","templated":true}]}}