{"id":18982,"date":"2024-05-22T07:59:53","date_gmt":"2024-05-22T07:59:53","guid":{"rendered":"https:\/\/www.ghostysky.com\/?post_type=product&#038;p=18982"},"modified":"2026-01-24T09:51:33","modified_gmt":"2026-01-24T09:51:33","slug":"pix4dmatic-student-educational-yearly-license","status":"publish","type":"product","link":"https:\/\/www.ghostysky.com\/fr\/product\/pix4dmatic-student-educational-yearly-license\/","title":{"rendered":"Pix4DMatic Professor Educational \u2013 Licence annuelle"},"content":{"rendered":"<p><strong>Cartographie pr\u00e9cise et rapide par drone, m\u00eame \u00e0 grande \u00e9chelle<\/strong><br \/>\nPix4Dmatic est con\u00e7u pour la derni\u00e8re g\u00e9n\u00e9ration de drones pour des applications professionnelles et transforme vos vastes collections d&#039;images en nuages de points pr\u00e9cis.<\/p>\n<p><strong>Avez-vous de grands projets ?<\/strong><br \/>\nLe logiciel optimal pour des lev\u00e9s et des cartographies innovants<\/p>\n<p><span style=\"text-decoration: underline;\">Des ensembles de donn\u00e9es plus volumineux, des r\u00e9sultats pr\u00e9cis<\/span>Avec Pix4Dmatic, vous pouvez traiter des milliers d&#039;images tout en conservant une pr\u00e9cision de mesure optimale. Convertissez votre collection d&#039;images en nuage de points deux fois plus rapidement, sans avoir \u00e0 fractionner ni fusionner les fichiers.<\/p>\n<p><span style=\"text-decoration: underline;\">Optimisation des processus<\/span>:D\u00e9velopp\u00e9 en \u00e9troite collaboration avec des experts en topographie et des professionnels de la cartographie pour rationaliser vos flux de travail : en quelques clics, vous pouvez importer, traiter et v\u00e9rifier un projet, puis passer en toute transparence de Pix4Dmatic \u00e0 Pix4Dsurvey.<\/p>\n<p><span style=\"text-decoration: underline;\">\u00c0 l&#039;\u00e9preuve du futur, \u00e9galement pour BVLOS<\/span>: Pix4Dmatic est pr\u00e9par\u00e9 pour traiter les vastes ensembles de donn\u00e9es typiques des vols de drones BVLOS (volant hors de vue) *. * L\u00e0 o\u00f9 la loi le permet.<\/p>\n<p><strong>\u2013Pr\u00e9sentation de Pix4Dmatic\u2013<\/strong><\/p>\n<p><div class='wpo_youtube_preview_container'><img src=\"https:\/\/www.ghostysky.com\/wp-content\/cache\/wpo-youtube-thumbnails\/vTX8ialmkY0-maxresdefault.jpg\" class=\"wpo_youtube_preview\" data-video-url=\"https:\/\/www.youtube.com\/embed\/vTX8ialmkY0\" alt=\"Miniature YouTube\" data-iframe-attr=\"{&quot;src&quot;:&quot;https:\\\/\\\/www.youtube.com\\\/embed\\\/vTX8ialmkY0&quot;,&quot;width&quot;:&quot;600&quot;,&quot;height&quot;:&quot;400&quot;}\"\/><span class=\"wpo_youtube_preview_overlay\"><img src=\"https:\/\/www.ghostysky.com\/wp-content\/plugins\/wp-optimize-premium\/images\/icon\/icons8-youtube-96.svg\" alt=\"Ic\u00f4ne YouTube\"\/><\/span><\/div><\/p>\n<p><strong>Tous les formats de sortie pertinents tout en conservant la plus haute pr\u00e9cision<\/strong><br \/>\n..en une fraction du temps<\/p>\n<p><strong>Nuage de points dense<\/strong><br \/>\nCr\u00e9ez des nuages de points denses pour les grandes surfaces. Le format de fichier .bpc de Pix4D est sp\u00e9cialement con\u00e7u pour le chargement et la modification de nuages de points volumineux.<\/p>\n<p><strong>orthomosa\u00efque<\/strong><br \/>\nCr\u00e9ez des cartes 2D g\u00e9om\u00e9triquement corrig\u00e9es et donc fid\u00e8les \u00e0 l&#039;\u00e9chelle. Gr\u00e2ce \u00e0 la correspondance des couleurs, le r\u00e9sultat ressemble \u00e0 une grande photo.<\/p>\n<p><strong>Mod\u00e8le num\u00e9rique de surface (DOM)<\/strong><br \/>\nCr\u00e9ez une image num\u00e9rique de tous les objets de la zone cartographi\u00e9e. Cette image inclut \u00e0 la fois les \u00e9l\u00e9ments naturels du paysage et les objets construits par l&#039;homme, comme les b\u00e2timents.<\/p>\n<p><strong>Compatible avec Pix4Dsurvey<\/strong><br \/>\nExportation transparente des projets trait\u00e9s dans Pix4Dsurvey, o\u00f9 les nuages de points sont convertis en donn\u00e9es utilisables pour les logiciels de CAO.<\/p>","protected":false},"excerpt":{"rendered":"<p><span style=\"text-decoration: underline;\">Pix4DMatic Professor Educational \u2013 Licence annuelle<\/span><\/p>\n<div class=\"dePhmb\">\n<div class=\"eyKpYb\" data-language=\"en\" data-original-language=\"de\" data-result-index=\"0\">\n<div class=\"J0lOec\"><span class=\"VIiyi\" lang=\"en\"><span class=\"JLqJ4b\" data-language-for-alternatives=\"en\" data-language-to-translate-into=\"de\" data-phrase-index=\"0\">Pix4Dmatic est le logiciel de photogramm\u00e9trie leader pour la cartographie professionnelle par drone. Il accompagne les g\u00e9om\u00e8tres dans la cartographie, les entreprises dans la num\u00e9risation et la mod\u00e9lisation 3D, et les ing\u00e9nieurs dans la collecte et l&#039;analyse de donn\u00e9es thermiques de haute pr\u00e9cision gr\u00e2ce au GNSS.<\/span><\/span><\/div>\n<hr \/>\n<\/div>\n<\/div>","protected":false},"featured_media":2327,"comment_status":"open","ping_status":"closed","template":"","meta":[],"product_brand":[],"product_cat":[100,161,31],"product_tag":[104,106,105,102,162,900,71,896],"class_list":{"0":"post-18982","1":"product","2":"type-product","3":"status-publish","4":"has-post-thumbnail","6":"product_cat-pix4d","7":"product_cat-pix4dmatic","8":"product_cat-software","9":"product_tag-dsm","10":"product_tag-nuvem-de-pontos","11":"product_tag-ortomosaicos","12":"product_tag-pix4d","13":"product_tag-pix4dmatic","14":"product_tag-pix4dmatic-educational","15":"product_tag-software","16":"product_tag-yearly-license","18":"first","19":"onbackorder","20":"taxable","21":"shipping-taxable","22":"product-type-simple"},"yoast_head":"<!-- This site is optimized with the Yoast SEO plugin v27.1.1 - https:\/\/yoast.com\/product\/yoast-seo-wordpress\/ -->\n<title>Pix4DMatic Professor Educational - Yearly License -<\/title>\n<meta name=\"description\" content=\"Pix4Dmatic is the leading photogrammetry software for professional drone-based mapping. The software helps surveyors with mapping, companies with digitization and 3-D modeling or engineers with the collection and evaluation of thermal data with high-precision data supported by GNSS.\" \/>\n<meta name=\"robots\" content=\"index, follow, max-snippet:-1, max-image-preview:large, max-video-preview:-1\" \/>\n<link rel=\"canonical\" href=\"https:\/\/www.ghostysky.com\/fr\/product\/pix4dmatic-student-educational-yearly-license\/\" \/>\n<meta property=\"og:locale\" content=\"fr_FR\" \/>\n<meta property=\"og:type\" content=\"article\" \/>\n<meta property=\"og:title\" content=\"Pix4DMatic Professor Educational - Yearly License -\" \/>\n<meta property=\"og:description\" content=\"Pix4Dmatic is the leading photogrammetry software for professional drone-based mapping. The software helps surveyors with mapping, companies with digitization and 3-D modeling or engineers with the collection and evaluation of thermal data with high-precision data supported by GNSS.\" \/>\n<meta property=\"og:url\" content=\"https:\/\/www.ghostysky.com\/fr\/product\/pix4dmatic-student-educational-yearly-license\/\" \/>\n<meta property=\"og:site_name\" content=\"Ghostysky\" \/>\n<meta property=\"article:publisher\" content=\"https:\/\/www.facebook.com\/people\/Ghostysky\/100057676170234\/\" \/>\n<meta property=\"article:modified_time\" content=\"2026-01-24T09:51:33+00:00\" \/>\n<meta property=\"og:image\" content=\"https:\/\/www.ghostysky.com\/wp-content\/uploads\/2021\/06\/LOGO_Pix4Dmatic_name_RGB_Vertical.png\" \/>\n\t<meta property=\"og:image:width\" content=\"800\" \/>\n\t<meta property=\"og:image:height\" content=\"600\" \/>\n\t<meta property=\"og:image:type\" content=\"image\/png\" \/>\n<meta name=\"twitter:card\" content=\"summary_large_image\" \/>\n<meta name=\"twitter:site\" content=\"@Gh0stysky\" \/>\n<meta name=\"twitter:label1\" content=\"Dur\u00e9e de lecture estim\u00e9e\" \/>\n\t<meta name=\"twitter:data1\" content=\"2 minutes\" \/>\n<script type=\"application\/ld+json\" class=\"yoast-schema-graph\">{\"@context\":\"https:\/\/schema.org\",\"@graph\":[{\"@type\":\"WebPage\",\"@id\":\"https:\/\/www.ghostysky.com\/product\/pix4dmatic-student-educational-yearly-license\/\",\"url\":\"https:\/\/www.ghostysky.com\/product\/pix4dmatic-student-educational-yearly-license\/\",\"name\":\"Pix4DMatic Professor Educational - Yearly License -\",\"isPartOf\":{\"@id\":\"https:\/\/www.ghostysky.com\/#website\"},\"primaryImageOfPage\":{\"@id\":\"https:\/\/www.ghostysky.com\/product\/pix4dmatic-student-educational-yearly-license\/#primaryimage\"},\"image\":{\"@id\":\"https:\/\/www.ghostysky.com\/product\/pix4dmatic-student-educational-yearly-license\/#primaryimage\"},\"thumbnailUrl\":\"https:\/\/www.ghostysky.com\/wp-content\/uploads\/2021\/06\/LOGO_Pix4Dmatic_name_RGB_Vertical.png\",\"datePublished\":\"2024-05-22T07:59:53+00:00\",\"dateModified\":\"2026-01-24T09:51:33+00:00\",\"description\":\"Pix4Dmatic is the leading photogrammetry software for professional drone-based mapping. The software helps surveyors with mapping, companies with digitization and 3-D modeling or engineers with the collection and evaluation of thermal data with high-precision data supported by GNSS.\",\"breadcrumb\":{\"@id\":\"https:\/\/www.ghostysky.com\/product\/pix4dmatic-student-educational-yearly-license\/#breadcrumb\"},\"inLanguage\":\"fr-FR\",\"potentialAction\":[{\"@type\":\"ReadAction\",\"target\":[\"https:\/\/www.ghostysky.com\/product\/pix4dmatic-student-educational-yearly-license\/\"]}]},{\"@type\":\"ImageObject\",\"inLanguage\":\"fr-FR\",\"@id\":\"https:\/\/www.ghostysky.com\/product\/pix4dmatic-student-educational-yearly-license\/#primaryimage\",\"url\":\"https:\/\/www.ghostysky.com\/wp-content\/uploads\/2021\/06\/LOGO_Pix4Dmatic_name_RGB_Vertical.png\",\"contentUrl\":\"https:\/\/www.ghostysky.com\/wp-content\/uploads\/2021\/06\/LOGO_Pix4Dmatic_name_RGB_Vertical.png\",\"width\":800,\"height\":600},{\"@type\":\"BreadcrumbList\",\"@id\":\"https:\/\/www.ghostysky.com\/product\/pix4dmatic-student-educational-yearly-license\/#breadcrumb\",\"itemListElement\":[{\"@type\":\"ListItem\",\"position\":1,\"name\":\"Home\",\"item\":\"https:\/\/www.ghostysky.com\/\"},{\"@type\":\"ListItem\",\"position\":2,\"name\":\"Shop\",\"item\":\"https:\/\/www.ghostysky.com\/shop\/\"},{\"@type\":\"ListItem\",\"position\":3,\"name\":\"Pix4DMatic Professor Educational &#8211; Yearly License\"}]},{\"@type\":\"WebSite\",\"@id\":\"https:\/\/www.ghostysky.com\/#website\",\"url\":\"https:\/\/www.ghostysky.com\/\",\"name\":\"Ghostysky\",\"description\":\"Delivering professional drones and services\",\"publisher\":{\"@id\":\"https:\/\/www.ghostysky.com\/#organization\"},\"potentialAction\":[{\"@type\":\"SearchAction\",\"target\":{\"@type\":\"EntryPoint\",\"urlTemplate\":\"https:\/\/www.ghostysky.com\/?s={search_term_string}\"},\"query-input\":{\"@type\":\"PropertyValueSpecification\",\"valueRequired\":true,\"valueName\":\"search_term_string\"}}],\"inLanguage\":\"fr-FR\"},{\"@type\":\"Organization\",\"@id\":\"https:\/\/www.ghostysky.com\/#organization\",\"name\":\"Ghostysky\",\"url\":\"https:\/\/www.ghostysky.com\/\",\"logo\":{\"@type\":\"ImageObject\",\"inLanguage\":\"fr-FR\",\"@id\":\"https:\/\/www.ghostysky.com\/#\/schema\/logo\/image\/\",\"url\":\"https:\/\/www.ghostysky.com\/wp-content\/uploads\/2020\/06\/cropped-ghostyskylogo_text_white2.png\",\"contentUrl\":\"https:\/\/www.ghostysky.com\/wp-content\/uploads\/2020\/06\/cropped-ghostyskylogo_text_white2.png\",\"width\":169,\"height\":56,\"caption\":\"Ghostysky\"},\"image\":{\"@id\":\"https:\/\/www.ghostysky.com\/#\/schema\/logo\/image\/\"},\"sameAs\":[\"https:\/\/www.facebook.com\/people\/Ghostysky\/100057676170234\/\",\"https:\/\/x.com\/Gh0stysky\",\"https:\/\/www.linkedin.com\/company\/34739653\",\"https:\/\/www.instagram.com\/gh0stysky\"]}]}<\/script>\n<!-- \/ Yoast SEO plugin. -->","yoast_head_json":{"title":"Pix4DMatic Professor Educational - Licence annuelle -","description":"Pix4Dmatic est le logiciel de photogramm\u00e9trie leader pour la cartographie professionnelle par drone. Il accompagne les g\u00e9om\u00e8tres dans la cartographie, les entreprises dans la num\u00e9risation et la mod\u00e9lisation 3D, et les ing\u00e9nieurs dans la collecte et l&#039;analyse de donn\u00e9es thermiques de haute pr\u00e9cision gr\u00e2ce au GNSS.","robots":{"index":"index","follow":"follow","max-snippet":"max-snippet:-1","max-image-preview":"max-image-preview:large","max-video-preview":"max-video-preview:-1"},"canonical":"https:\/\/www.ghostysky.com\/fr\/product\/pix4dmatic-student-educational-yearly-license\/","og_locale":"fr_FR","og_type":"article","og_title":"Pix4DMatic Professor Educational - Yearly License -","og_description":"Pix4Dmatic is the leading photogrammetry software for professional drone-based mapping. The software helps surveyors with mapping, companies with digitization and 3-D modeling or engineers with the collection and evaluation of thermal data with high-precision data supported by GNSS.","og_url":"https:\/\/www.ghostysky.com\/fr\/product\/pix4dmatic-student-educational-yearly-license\/","og_site_name":"Ghostysky","article_publisher":"https:\/\/www.facebook.com\/people\/Ghostysky\/100057676170234\/","article_modified_time":"2026-01-24T09:51:33+00:00","og_image":[{"width":800,"height":600,"url":"https:\/\/www.ghostysky.com\/wp-content\/uploads\/2021\/06\/LOGO_Pix4Dmatic_name_RGB_Vertical.png","type":"image\/png"}],"twitter_card":"summary_large_image","twitter_site":"@Gh0stysky","twitter_misc":{"Dur\u00e9e de lecture estim\u00e9e":"2 minutes"},"schema":{"@context":"https:\/\/schema.org","@graph":[{"@type":"WebPage","@id":"https:\/\/www.ghostysky.com\/product\/pix4dmatic-student-educational-yearly-license\/","url":"https:\/\/www.ghostysky.com\/product\/pix4dmatic-student-educational-yearly-license\/","name":"Pix4DMatic Professor Educational - Licence annuelle -","isPartOf":{"@id":"https:\/\/www.ghostysky.com\/#website"},"primaryImageOfPage":{"@id":"https:\/\/www.ghostysky.com\/product\/pix4dmatic-student-educational-yearly-license\/#primaryimage"},"image":{"@id":"https:\/\/www.ghostysky.com\/product\/pix4dmatic-student-educational-yearly-license\/#primaryimage"},"thumbnailUrl":"https:\/\/www.ghostysky.com\/wp-content\/uploads\/2021\/06\/LOGO_Pix4Dmatic_name_RGB_Vertical.png","datePublished":"2024-05-22T07:59:53+00:00","dateModified":"2026-01-24T09:51:33+00:00","description":"Pix4Dmatic est le logiciel de photogramm\u00e9trie leader pour la cartographie professionnelle par drone. Il accompagne les g\u00e9om\u00e8tres dans la cartographie, les entreprises dans la num\u00e9risation et la mod\u00e9lisation 3D, et les ing\u00e9nieurs dans la collecte et l&#039;analyse de donn\u00e9es thermiques de haute pr\u00e9cision gr\u00e2ce au GNSS.","breadcrumb":{"@id":"https:\/\/www.ghostysky.com\/product\/pix4dmatic-student-educational-yearly-license\/#breadcrumb"},"inLanguage":"fr-FR","potentialAction":[{"@type":"ReadAction","target":["https:\/\/www.ghostysky.com\/product\/pix4dmatic-student-educational-yearly-license\/"]}]},{"@type":"ImageObject","inLanguage":"fr-FR","@id":"https:\/\/www.ghostysky.com\/product\/pix4dmatic-student-educational-yearly-license\/#primaryimage","url":"https:\/\/www.ghostysky.com\/wp-content\/uploads\/2021\/06\/LOGO_Pix4Dmatic_name_RGB_Vertical.png","contentUrl":"https:\/\/www.ghostysky.com\/wp-content\/uploads\/2021\/06\/LOGO_Pix4Dmatic_name_RGB_Vertical.png","width":800,"height":600},{"@type":"BreadcrumbList","@id":"https:\/\/www.ghostysky.com\/product\/pix4dmatic-student-educational-yearly-license\/#breadcrumb","itemListElement":[{"@type":"ListItem","position":1,"name":"Home","item":"https:\/\/www.ghostysky.com\/"},{"@type":"ListItem","position":2,"name":"Shop","item":"https:\/\/www.ghostysky.com\/shop\/"},{"@type":"ListItem","position":3,"name":"Pix4DMatic Professor Educational &#8211; Yearly License"}]},{"@type":"WebSite","@id":"https:\/\/www.ghostysky.com\/#website","url":"https:\/\/www.ghostysky.com\/","name":"Ghostysky","description":"Livraison de drones et de services professionnels","publisher":{"@id":"https:\/\/www.ghostysky.com\/#organization"},"potentialAction":[{"@type":"SearchAction","target":{"@type":"EntryPoint","urlTemplate":"https:\/\/www.ghostysky.com\/?s={search_term_string}"},"query-input":{"@type":"PropertyValueSpecification","valueRequired":true,"valueName":"search_term_string"}}],"inLanguage":"fr-FR"},{"@type":"Organization","@id":"https:\/\/www.ghostysky.com\/#organization","name":"Ghostysky","url":"https:\/\/www.ghostysky.com\/","logo":{"@type":"ImageObject","inLanguage":"fr-FR","@id":"https:\/\/www.ghostysky.com\/#\/schema\/logo\/image\/","url":"https:\/\/www.ghostysky.com\/wp-content\/uploads\/2020\/06\/cropped-ghostyskylogo_text_white2.png","contentUrl":"https:\/\/www.ghostysky.com\/wp-content\/uploads\/2020\/06\/cropped-ghostyskylogo_text_white2.png","width":169,"height":56,"caption":"Ghostysky"},"image":{"@id":"https:\/\/www.ghostysky.com\/#\/schema\/logo\/image\/"},"sameAs":["https:\/\/www.facebook.com\/people\/Ghostysky\/100057676170234\/","https:\/\/x.com\/Gh0stysky","https:\/\/www.linkedin.com\/company\/34739653","https:\/\/www.instagram.com\/gh0stysky"]}]}},"_links":{"self":[{"href":"https:\/\/www.ghostysky.com\/fr\/wp-json\/wp\/v2\/product\/18982","targetHints":{"allow":["GET"]}}],"collection":[{"href":"https:\/\/www.ghostysky.com\/fr\/wp-json\/wp\/v2\/product"}],"about":[{"href":"https:\/\/www.ghostysky.com\/fr\/wp-json\/wp\/v2\/types\/product"}],"replies":[{"embeddable":true,"href":"https:\/\/www.ghostysky.com\/fr\/wp-json\/wp\/v2\/comments?post=18982"}],"wp:featuredmedia":[{"embeddable":true,"href":"https:\/\/www.ghostysky.com\/fr\/wp-json\/wp\/v2\/media\/2327"}],"wp:attachment":[{"href":"https:\/\/www.ghostysky.com\/fr\/wp-json\/wp\/v2\/media?parent=18982"}],"wp:term":[{"taxonomy":"product_brand","embeddable":true,"href":"https:\/\/www.ghostysky.com\/fr\/wp-json\/wp\/v2\/product_brand?post=18982"},{"taxonomy":"product_cat","embeddable":true,"href":"https:\/\/www.ghostysky.com\/fr\/wp-json\/wp\/v2\/product_cat?post=18982"},{"taxonomy":"product_tag","embeddable":true,"href":"https:\/\/www.ghostysky.com\/fr\/wp-json\/wp\/v2\/product_tag?post=18982"}],"curies":[{"name":"wp","href":"https:\/\/api.w.org\/{rel}","templated":true}]}}