{"id":19002,"date":"2024-05-22T08:18:26","date_gmt":"2024-05-22T08:18:26","guid":{"rendered":"https:\/\/www.ghostysky.com\/?post_type=product&#038;p=19002"},"modified":"2026-01-24T09:55:39","modified_gmt":"2026-01-24T09:55:39","slug":"pix4dsurvey-3-year-license","status":"publish","type":"product","link":"https:\/\/www.ghostysky.com\/fr\/product\/pix4dsurvey-3-year-license\/","title":{"rendered":"Pix4DSurvey \u2013 Licence de 3 ans"},"content":{"rendered":"<p><strong>CAPTURER<\/strong><\/p>\n<p>Capturez des images ou des nuages de points avec un drone ou n&#039;importe quel scanner laser.<\/p>\n<p>Lorsque vous utilisez un drone, automatisez et optimisez vos vols avec l&#039;application mobile gratuite Pix4Dcapture.<\/p>\n<p><strong>MOD\u00c8LE<\/strong><\/p>\n<p>Transformez vos images en nuages de points num\u00e9riques et importez-les dans Pix4Dsurvey.<\/p>\n<p>Travaillez directement avec les fichiers Pix4Dmapper ou Pix4Dmatic, ainsi qu&#039;avec n&#039;importe quel fichier .las ou .laz.<\/p>\n<p><strong>VECTORISER<\/strong><\/p>\n<p>G\u00e9n\u00e9rez un TIN pour mod\u00e9liser le sol et cr\u00e9ez des fichiers vectoriels CAO pr\u00eats pour l&#039;ing\u00e9nierie \u00e0 partir de donn\u00e9es de nuage de points en extrayant les \u00e9l\u00e9ments cl\u00e9s de votre projet avec Pix4Dsurvey.<\/p>\n<p><strong>INT\u00c9GRER<\/strong><\/p>\n<p>Ouvrez vos donn\u00e9es simplifi\u00e9es et pr\u00e9cises dans n&#039;importe quel logiciel de CAO ou SIG avec des calques et des propri\u00e9t\u00e9s personnalis\u00e9s adapt\u00e9s \u00e0 votre flux de travail existant.<\/p>","protected":false},"excerpt":{"rendered":"<p><span style=\"text-decoration: underline;\">Pix4DSurvey \u2013 Licence de 3 ans<\/span><\/p>\n<p>Pix4Dsurvey est un logiciel con\u00e7u pour exploiter les donn\u00e9es captur\u00e9es par drones et scanners laser. Il se concentre sp\u00e9cifiquement sur l&#039;\u00e9tape de post-traitement, apr\u00e8s la capture des images ou des nuages de points.<\/p>\n<hr \/>","protected":false},"featured_media":1969,"comment_status":"open","ping_status":"closed","template":"","meta":[],"product_brand":[],"product_cat":[100,112,31],"product_tag":[899,104,106,105,102,113,71],"class_list":{"0":"post-19002","1":"product","2":"type-product","3":"status-publish","4":"has-post-thumbnail","6":"product_cat-pix4d","7":"product_cat-pix4dsurvey","8":"product_cat-software","9":"product_tag-3-year-license","10":"product_tag-dsm","11":"product_tag-nuvem-de-pontos","12":"product_tag-ortomosaicos","13":"product_tag-pix4d","14":"product_tag-pix4dsurvey","15":"product_tag-software","17":"first","18":"onbackorder","19":"taxable","20":"shipping-taxable","21":"product-type-simple"},"yoast_head":"<!-- This site is optimized with the Yoast SEO plugin v27.1.1 - https:\/\/yoast.com\/product\/yoast-seo-wordpress\/ -->\n<title>Pix4DSurvey - 3-Year License -<\/title>\n<meta name=\"description\" content=\"Pix4Dsurvey is a software program designed to work with data captured from drones and laser scanners. It specifically focuses on the post-processing stage, after the images or point clouds have been captured.\" \/>\n<meta name=\"robots\" content=\"index, follow, max-snippet:-1, max-image-preview:large, max-video-preview:-1\" \/>\n<link rel=\"canonical\" href=\"https:\/\/www.ghostysky.com\/fr\/product\/pix4dsurvey-3-year-license\/\" \/>\n<meta property=\"og:locale\" content=\"fr_FR\" \/>\n<meta property=\"og:type\" content=\"article\" \/>\n<meta property=\"og:title\" content=\"Pix4DSurvey - 3-Year License -\" \/>\n<meta property=\"og:description\" content=\"Pix4Dsurvey is a software program designed to work with data captured from drones and laser scanners. It specifically focuses on the post-processing stage, after the images or point clouds have been captured.\" \/>\n<meta property=\"og:url\" content=\"https:\/\/www.ghostysky.com\/fr\/product\/pix4dsurvey-3-year-license\/\" \/>\n<meta property=\"og:site_name\" content=\"Ghostysky\" \/>\n<meta property=\"article:publisher\" content=\"https:\/\/www.facebook.com\/people\/Ghostysky\/100057676170234\/\" \/>\n<meta property=\"article:modified_time\" content=\"2026-01-24T09:55:39+00:00\" \/>\n<meta property=\"og:image\" content=\"https:\/\/www.ghostysky.com\/wp-content\/uploads\/2021\/02\/download.jpeg\" \/>\n\t<meta property=\"og:image:width\" content=\"225\" \/>\n\t<meta property=\"og:image:height\" content=\"225\" \/>\n\t<meta property=\"og:image:type\" content=\"image\/jpeg\" \/>\n<meta name=\"twitter:card\" content=\"summary_large_image\" \/>\n<meta name=\"twitter:site\" content=\"@Gh0stysky\" \/>\n<meta name=\"twitter:label1\" content=\"Dur\u00e9e de lecture estim\u00e9e\" \/>\n\t<meta name=\"twitter:data1\" content=\"1 minute\" \/>\n<script type=\"application\/ld+json\" class=\"yoast-schema-graph\">{\"@context\":\"https:\/\/schema.org\",\"@graph\":[{\"@type\":\"WebPage\",\"@id\":\"https:\/\/www.ghostysky.com\/product\/pix4dsurvey-3-year-license\/\",\"url\":\"https:\/\/www.ghostysky.com\/product\/pix4dsurvey-3-year-license\/\",\"name\":\"Pix4DSurvey - 3-Year License -\",\"isPartOf\":{\"@id\":\"https:\/\/www.ghostysky.com\/#website\"},\"primaryImageOfPage\":{\"@id\":\"https:\/\/www.ghostysky.com\/product\/pix4dsurvey-3-year-license\/#primaryimage\"},\"image\":{\"@id\":\"https:\/\/www.ghostysky.com\/product\/pix4dsurvey-3-year-license\/#primaryimage\"},\"thumbnailUrl\":\"https:\/\/www.ghostysky.com\/wp-content\/uploads\/2021\/02\/download.jpeg\",\"datePublished\":\"2024-05-22T08:18:26+00:00\",\"dateModified\":\"2026-01-24T09:55:39+00:00\",\"description\":\"Pix4Dsurvey is a software program designed to work with data captured from drones and laser scanners. It specifically focuses on the post-processing stage, after the images or point clouds have been captured.\",\"breadcrumb\":{\"@id\":\"https:\/\/www.ghostysky.com\/product\/pix4dsurvey-3-year-license\/#breadcrumb\"},\"inLanguage\":\"fr-FR\",\"potentialAction\":[{\"@type\":\"ReadAction\",\"target\":[\"https:\/\/www.ghostysky.com\/product\/pix4dsurvey-3-year-license\/\"]}]},{\"@type\":\"ImageObject\",\"inLanguage\":\"fr-FR\",\"@id\":\"https:\/\/www.ghostysky.com\/product\/pix4dsurvey-3-year-license\/#primaryimage\",\"url\":\"https:\/\/www.ghostysky.com\/wp-content\/uploads\/2021\/02\/download.jpeg\",\"contentUrl\":\"https:\/\/www.ghostysky.com\/wp-content\/uploads\/2021\/02\/download.jpeg\",\"width\":225,\"height\":225},{\"@type\":\"BreadcrumbList\",\"@id\":\"https:\/\/www.ghostysky.com\/product\/pix4dsurvey-3-year-license\/#breadcrumb\",\"itemListElement\":[{\"@type\":\"ListItem\",\"position\":1,\"name\":\"Home\",\"item\":\"https:\/\/www.ghostysky.com\/\"},{\"@type\":\"ListItem\",\"position\":2,\"name\":\"Shop\",\"item\":\"https:\/\/www.ghostysky.com\/shop\/\"},{\"@type\":\"ListItem\",\"position\":3,\"name\":\"Pix4DSurvey &#8211; 3-Year License\"}]},{\"@type\":\"WebSite\",\"@id\":\"https:\/\/www.ghostysky.com\/#website\",\"url\":\"https:\/\/www.ghostysky.com\/\",\"name\":\"Ghostysky\",\"description\":\"Delivering professional drones and services\",\"publisher\":{\"@id\":\"https:\/\/www.ghostysky.com\/#organization\"},\"potentialAction\":[{\"@type\":\"SearchAction\",\"target\":{\"@type\":\"EntryPoint\",\"urlTemplate\":\"https:\/\/www.ghostysky.com\/?s={search_term_string}\"},\"query-input\":{\"@type\":\"PropertyValueSpecification\",\"valueRequired\":true,\"valueName\":\"search_term_string\"}}],\"inLanguage\":\"fr-FR\"},{\"@type\":\"Organization\",\"@id\":\"https:\/\/www.ghostysky.com\/#organization\",\"name\":\"Ghostysky\",\"url\":\"https:\/\/www.ghostysky.com\/\",\"logo\":{\"@type\":\"ImageObject\",\"inLanguage\":\"fr-FR\",\"@id\":\"https:\/\/www.ghostysky.com\/#\/schema\/logo\/image\/\",\"url\":\"https:\/\/www.ghostysky.com\/wp-content\/uploads\/2020\/06\/cropped-ghostyskylogo_text_white2.png\",\"contentUrl\":\"https:\/\/www.ghostysky.com\/wp-content\/uploads\/2020\/06\/cropped-ghostyskylogo_text_white2.png\",\"width\":169,\"height\":56,\"caption\":\"Ghostysky\"},\"image\":{\"@id\":\"https:\/\/www.ghostysky.com\/#\/schema\/logo\/image\/\"},\"sameAs\":[\"https:\/\/www.facebook.com\/people\/Ghostysky\/100057676170234\/\",\"https:\/\/x.com\/Gh0stysky\",\"https:\/\/www.linkedin.com\/company\/34739653\",\"https:\/\/www.instagram.com\/gh0stysky\"]}]}<\/script>\n<!-- \/ Yoast SEO plugin. -->","yoast_head_json":{"title":"Pix4DSurvey - Licence de 3 ans -","description":"Pix4Dsurvey est un logiciel con\u00e7u pour exploiter les donn\u00e9es captur\u00e9es par drones et scanners laser. Il se concentre sp\u00e9cifiquement sur l&#039;\u00e9tape de post-traitement, apr\u00e8s la capture des images ou des nuages de points.","robots":{"index":"index","follow":"follow","max-snippet":"max-snippet:-1","max-image-preview":"max-image-preview:large","max-video-preview":"max-video-preview:-1"},"canonical":"https:\/\/www.ghostysky.com\/fr\/product\/pix4dsurvey-3-year-license\/","og_locale":"fr_FR","og_type":"article","og_title":"Pix4DSurvey - 3-Year License -","og_description":"Pix4Dsurvey is a software program designed to work with data captured from drones and laser scanners. It specifically focuses on the post-processing stage, after the images or point clouds have been captured.","og_url":"https:\/\/www.ghostysky.com\/fr\/product\/pix4dsurvey-3-year-license\/","og_site_name":"Ghostysky","article_publisher":"https:\/\/www.facebook.com\/people\/Ghostysky\/100057676170234\/","article_modified_time":"2026-01-24T09:55:39+00:00","og_image":[{"width":225,"height":225,"url":"https:\/\/www.ghostysky.com\/wp-content\/uploads\/2021\/02\/download.jpeg","type":"image\/jpeg"}],"twitter_card":"summary_large_image","twitter_site":"@Gh0stysky","twitter_misc":{"Dur\u00e9e de lecture estim\u00e9e":"1 minute"},"schema":{"@context":"https:\/\/schema.org","@graph":[{"@type":"WebPage","@id":"https:\/\/www.ghostysky.com\/product\/pix4dsurvey-3-year-license\/","url":"https:\/\/www.ghostysky.com\/product\/pix4dsurvey-3-year-license\/","name":"Pix4DSurvey - Licence de 3 ans -","isPartOf":{"@id":"https:\/\/www.ghostysky.com\/#website"},"primaryImageOfPage":{"@id":"https:\/\/www.ghostysky.com\/product\/pix4dsurvey-3-year-license\/#primaryimage"},"image":{"@id":"https:\/\/www.ghostysky.com\/product\/pix4dsurvey-3-year-license\/#primaryimage"},"thumbnailUrl":"https:\/\/www.ghostysky.com\/wp-content\/uploads\/2021\/02\/download.jpeg","datePublished":"2024-05-22T08:18:26+00:00","dateModified":"2026-01-24T09:55:39+00:00","description":"Pix4Dsurvey est un logiciel con\u00e7u pour exploiter les donn\u00e9es captur\u00e9es par drones et scanners laser. Il se concentre sp\u00e9cifiquement sur l&#039;\u00e9tape de post-traitement, apr\u00e8s la capture des images ou des nuages de points.","breadcrumb":{"@id":"https:\/\/www.ghostysky.com\/product\/pix4dsurvey-3-year-license\/#breadcrumb"},"inLanguage":"fr-FR","potentialAction":[{"@type":"ReadAction","target":["https:\/\/www.ghostysky.com\/product\/pix4dsurvey-3-year-license\/"]}]},{"@type":"ImageObject","inLanguage":"fr-FR","@id":"https:\/\/www.ghostysky.com\/product\/pix4dsurvey-3-year-license\/#primaryimage","url":"https:\/\/www.ghostysky.com\/wp-content\/uploads\/2021\/02\/download.jpeg","contentUrl":"https:\/\/www.ghostysky.com\/wp-content\/uploads\/2021\/02\/download.jpeg","width":225,"height":225},{"@type":"BreadcrumbList","@id":"https:\/\/www.ghostysky.com\/product\/pix4dsurvey-3-year-license\/#breadcrumb","itemListElement":[{"@type":"ListItem","position":1,"name":"Home","item":"https:\/\/www.ghostysky.com\/"},{"@type":"ListItem","position":2,"name":"Shop","item":"https:\/\/www.ghostysky.com\/shop\/"},{"@type":"ListItem","position":3,"name":"Pix4DSurvey &#8211; 3-Year License"}]},{"@type":"WebSite","@id":"https:\/\/www.ghostysky.com\/#website","url":"https:\/\/www.ghostysky.com\/","name":"Ghostysky","description":"Livraison de drones et de services professionnels","publisher":{"@id":"https:\/\/www.ghostysky.com\/#organization"},"potentialAction":[{"@type":"SearchAction","target":{"@type":"EntryPoint","urlTemplate":"https:\/\/www.ghostysky.com\/?s={search_term_string}"},"query-input":{"@type":"PropertyValueSpecification","valueRequired":true,"valueName":"search_term_string"}}],"inLanguage":"fr-FR"},{"@type":"Organization","@id":"https:\/\/www.ghostysky.com\/#organization","name":"Ghostysky","url":"https:\/\/www.ghostysky.com\/","logo":{"@type":"ImageObject","inLanguage":"fr-FR","@id":"https:\/\/www.ghostysky.com\/#\/schema\/logo\/image\/","url":"https:\/\/www.ghostysky.com\/wp-content\/uploads\/2020\/06\/cropped-ghostyskylogo_text_white2.png","contentUrl":"https:\/\/www.ghostysky.com\/wp-content\/uploads\/2020\/06\/cropped-ghostyskylogo_text_white2.png","width":169,"height":56,"caption":"Ghostysky"},"image":{"@id":"https:\/\/www.ghostysky.com\/#\/schema\/logo\/image\/"},"sameAs":["https:\/\/www.facebook.com\/people\/Ghostysky\/100057676170234\/","https:\/\/x.com\/Gh0stysky","https:\/\/www.linkedin.com\/company\/34739653","https:\/\/www.instagram.com\/gh0stysky"]}]}},"_links":{"self":[{"href":"https:\/\/www.ghostysky.com\/fr\/wp-json\/wp\/v2\/product\/19002","targetHints":{"allow":["GET"]}}],"collection":[{"href":"https:\/\/www.ghostysky.com\/fr\/wp-json\/wp\/v2\/product"}],"about":[{"href":"https:\/\/www.ghostysky.com\/fr\/wp-json\/wp\/v2\/types\/product"}],"replies":[{"embeddable":true,"href":"https:\/\/www.ghostysky.com\/fr\/wp-json\/wp\/v2\/comments?post=19002"}],"wp:featuredmedia":[{"embeddable":true,"href":"https:\/\/www.ghostysky.com\/fr\/wp-json\/wp\/v2\/media\/1969"}],"wp:attachment":[{"href":"https:\/\/www.ghostysky.com\/fr\/wp-json\/wp\/v2\/media?parent=19002"}],"wp:term":[{"taxonomy":"product_brand","embeddable":true,"href":"https:\/\/www.ghostysky.com\/fr\/wp-json\/wp\/v2\/product_brand?post=19002"},{"taxonomy":"product_cat","embeddable":true,"href":"https:\/\/www.ghostysky.com\/fr\/wp-json\/wp\/v2\/product_cat?post=19002"},{"taxonomy":"product_tag","embeddable":true,"href":"https:\/\/www.ghostysky.com\/fr\/wp-json\/wp\/v2\/product_tag?post=19002"}],"curies":[{"name":"wp","href":"https:\/\/api.w.org\/{rel}","templated":true}]}}