{"id":19037,"date":"2024-05-22T08:55:32","date_gmt":"2024-05-22T08:55:32","guid":{"rendered":"https:\/\/www.ghostysky.com\/?post_type=product&#038;p=19037"},"modified":"2026-01-24T09:58:29","modified_gmt":"2026-01-24T09:58:29","slug":"pix4dreact-professor-educational-5-year-license","status":"publish","type":"product","link":"https:\/\/www.ghostysky.com\/fr\/product\/pix4dreact-professor-educational-5-year-license\/","title":{"rendered":"Pix4DReact Professor Educational \u2013 Licence de 5 ans"},"content":{"rendered":"<p><strong>CAPTURER<\/strong><\/p>\n<p>Pilotez votre drone pour capturer les images dont vous avez besoin. Planifiez un vol optimis\u00e9 et automatis\u00e9 avec une application comme Pix4Dcapture pour drones Parrot et DJI.<\/p>\n<p><strong>PROCESSUS<\/strong><\/p>\n<p>Combinez un grand nombre d&#039;images en quelques minutes avec Pix4Dreact. Cr\u00e9ez des cartes 2D mesurables sur le terrain ou \u00e0 la base.<\/p>\n<p>*<em>Les r\u00e9sultats et la vitesse varient en fonction de la taille et du nombre d&#039;images.<\/em><\/p>\n<p><strong>EXAMINER<\/strong><\/p>\n<p>Avec les outils simples de Pix4Dreact, identifiez et mesurez les points d&#039;int\u00e9r\u00eat, marquez et \u00e9valuez vos cartes sur le terrain pour fournir des donn\u00e9es puissantes n\u00e9cessaires pour agir.<\/p>\n<p><strong>PARTAGER<\/strong><\/p>\n<p>Exportez vos cartes pour garantir que les \u00e9quipes et les d\u00e9cideurs re\u00e7oivent des informations efficaces lorsqu&#039;elles en ont le plus besoin.<\/p>\n<p><strong>R\u00c9PONDRE<\/strong><\/p>\n<p>Gr\u00e2ce \u00e0 des cartes \u00e0 jour, gagnez un temps pr\u00e9cieux, am\u00e9liorez la s\u00e9curit\u00e9 et r\u00e9duisez les co\u00fbts lorsque vous r\u00e9pondez \u00e0 une situation en \u00e9volution.<\/p>","protected":false},"excerpt":{"rendered":"<div class=\"workflow-content-title\">\n<p><span style=\"text-decoration: underline;\">Pix4DReact Professor Educational \u2013 Licence de 5 ans<\/span><\/p>\n<p>Cartographie rapide 2D pour les interventions d&#039;urgence et la s\u00e9curit\u00e9 publique<\/p>\n<p><strong>Le logiciel de cartographie pour les interventions d&#039;urgence<\/strong><br \/>\nObtenez une connaissance rapide et fiable de la situation pour des d\u00e9cisions rapides et une collaboration sur le terrain.<\/p>\n<\/div>\n<hr \/>","protected":false},"featured_media":1977,"comment_status":"open","ping_status":"closed","template":"","meta":[],"product_brand":[],"product_cat":[100,114,31],"product_tag":[115,902,117,102,116,904],"class_list":{"0":"post-19037","1":"product","2":"type-product","3":"status-publish","4":"has-post-thumbnail","6":"product_cat-pix4d","7":"product_cat-pix4dreact","8":"product_cat-software","9":"product_tag-2d-maps","10":"product_tag-5-year-license","11":"product_tag-images","12":"product_tag-pix4d","13":"product_tag-pix4dreact","14":"product_tag-pix4dreact-educational","16":"first","17":"onbackorder","18":"taxable","19":"shipping-taxable","20":"product-type-simple"},"yoast_head":"<!-- This site is optimized with the Yoast SEO plugin v27.1.1 - https:\/\/yoast.com\/product\/yoast-seo-wordpress\/ -->\n<title>Pix4DReact Professor Educational - 5-Year License -<\/title>\n<meta name=\"description\" content=\"2D fast-mapping for emergency response and public safety. The mapping software for emergency responseGet rapid and reliable situational awareness for quick decisions and collaboration in the field.\" \/>\n<meta name=\"robots\" content=\"index, follow, max-snippet:-1, max-image-preview:large, max-video-preview:-1\" \/>\n<link rel=\"canonical\" href=\"https:\/\/www.ghostysky.com\/fr\/product\/pix4dreact-professor-educational-5-year-license\/\" \/>\n<meta property=\"og:locale\" content=\"fr_FR\" \/>\n<meta property=\"og:type\" content=\"article\" \/>\n<meta property=\"og:title\" content=\"Pix4DReact Professor Educational - 5-Year License -\" \/>\n<meta property=\"og:description\" content=\"2D fast-mapping for emergency response and public safety. The mapping software for emergency responseGet rapid and reliable situational awareness for quick decisions and collaboration in the field.\" \/>\n<meta property=\"og:url\" content=\"https:\/\/www.ghostysky.com\/fr\/product\/pix4dreact-professor-educational-5-year-license\/\" \/>\n<meta property=\"og:site_name\" content=\"Ghostysky\" \/>\n<meta property=\"article:publisher\" content=\"https:\/\/www.facebook.com\/people\/Ghostysky\/100057676170234\/\" \/>\n<meta property=\"article:modified_time\" content=\"2026-01-24T09:58:29+00:00\" \/>\n<meta property=\"og:image\" content=\"https:\/\/www.ghostysky.com\/wp-content\/uploads\/2021\/02\/logo_pix4dreact_name_rgb_vertical.jpg\" \/>\n\t<meta property=\"og:image:width\" content=\"800\" \/>\n\t<meta property=\"og:image:height\" content=\"800\" \/>\n\t<meta property=\"og:image:type\" content=\"image\/jpeg\" \/>\n<meta name=\"twitter:card\" content=\"summary_large_image\" \/>\n<meta name=\"twitter:site\" content=\"@Gh0stysky\" \/>\n<meta name=\"twitter:label1\" content=\"Dur\u00e9e de lecture estim\u00e9e\" \/>\n\t<meta name=\"twitter:data1\" content=\"1 minute\" \/>\n<script type=\"application\/ld+json\" class=\"yoast-schema-graph\">{\"@context\":\"https:\/\/schema.org\",\"@graph\":[{\"@type\":\"WebPage\",\"@id\":\"https:\/\/www.ghostysky.com\/product\/pix4dreact-professor-educational-5-year-license\/\",\"url\":\"https:\/\/www.ghostysky.com\/product\/pix4dreact-professor-educational-5-year-license\/\",\"name\":\"Pix4DReact Professor Educational - 5-Year License -\",\"isPartOf\":{\"@id\":\"https:\/\/www.ghostysky.com\/#website\"},\"primaryImageOfPage\":{\"@id\":\"https:\/\/www.ghostysky.com\/product\/pix4dreact-professor-educational-5-year-license\/#primaryimage\"},\"image\":{\"@id\":\"https:\/\/www.ghostysky.com\/product\/pix4dreact-professor-educational-5-year-license\/#primaryimage\"},\"thumbnailUrl\":\"https:\/\/www.ghostysky.com\/wp-content\/uploads\/2021\/02\/logo_pix4dreact_name_rgb_vertical.jpg\",\"datePublished\":\"2024-05-22T08:55:32+00:00\",\"dateModified\":\"2026-01-24T09:58:29+00:00\",\"description\":\"2D fast-mapping for emergency response and public safety. The mapping software for emergency responseGet rapid and reliable situational awareness for quick decisions and collaboration in the field.\",\"breadcrumb\":{\"@id\":\"https:\/\/www.ghostysky.com\/product\/pix4dreact-professor-educational-5-year-license\/#breadcrumb\"},\"inLanguage\":\"fr-FR\",\"potentialAction\":[{\"@type\":\"ReadAction\",\"target\":[\"https:\/\/www.ghostysky.com\/product\/pix4dreact-professor-educational-5-year-license\/\"]}]},{\"@type\":\"ImageObject\",\"inLanguage\":\"fr-FR\",\"@id\":\"https:\/\/www.ghostysky.com\/product\/pix4dreact-professor-educational-5-year-license\/#primaryimage\",\"url\":\"https:\/\/www.ghostysky.com\/wp-content\/uploads\/2021\/02\/logo_pix4dreact_name_rgb_vertical.jpg\",\"contentUrl\":\"https:\/\/www.ghostysky.com\/wp-content\/uploads\/2021\/02\/logo_pix4dreact_name_rgb_vertical.jpg\",\"width\":800,\"height\":800},{\"@type\":\"BreadcrumbList\",\"@id\":\"https:\/\/www.ghostysky.com\/product\/pix4dreact-professor-educational-5-year-license\/#breadcrumb\",\"itemListElement\":[{\"@type\":\"ListItem\",\"position\":1,\"name\":\"Home\",\"item\":\"https:\/\/www.ghostysky.com\/\"},{\"@type\":\"ListItem\",\"position\":2,\"name\":\"Shop\",\"item\":\"https:\/\/www.ghostysky.com\/shop\/\"},{\"@type\":\"ListItem\",\"position\":3,\"name\":\"Pix4DReact Professor Educational &#8211; 5-Year License\"}]},{\"@type\":\"WebSite\",\"@id\":\"https:\/\/www.ghostysky.com\/#website\",\"url\":\"https:\/\/www.ghostysky.com\/\",\"name\":\"Ghostysky\",\"description\":\"Delivering professional drones and services\",\"publisher\":{\"@id\":\"https:\/\/www.ghostysky.com\/#organization\"},\"potentialAction\":[{\"@type\":\"SearchAction\",\"target\":{\"@type\":\"EntryPoint\",\"urlTemplate\":\"https:\/\/www.ghostysky.com\/?s={search_term_string}\"},\"query-input\":{\"@type\":\"PropertyValueSpecification\",\"valueRequired\":true,\"valueName\":\"search_term_string\"}}],\"inLanguage\":\"fr-FR\"},{\"@type\":\"Organization\",\"@id\":\"https:\/\/www.ghostysky.com\/#organization\",\"name\":\"Ghostysky\",\"url\":\"https:\/\/www.ghostysky.com\/\",\"logo\":{\"@type\":\"ImageObject\",\"inLanguage\":\"fr-FR\",\"@id\":\"https:\/\/www.ghostysky.com\/#\/schema\/logo\/image\/\",\"url\":\"https:\/\/www.ghostysky.com\/wp-content\/uploads\/2020\/06\/cropped-ghostyskylogo_text_white2.png\",\"contentUrl\":\"https:\/\/www.ghostysky.com\/wp-content\/uploads\/2020\/06\/cropped-ghostyskylogo_text_white2.png\",\"width\":169,\"height\":56,\"caption\":\"Ghostysky\"},\"image\":{\"@id\":\"https:\/\/www.ghostysky.com\/#\/schema\/logo\/image\/\"},\"sameAs\":[\"https:\/\/www.facebook.com\/people\/Ghostysky\/100057676170234\/\",\"https:\/\/x.com\/Gh0stysky\",\"https:\/\/www.linkedin.com\/company\/34739653\",\"https:\/\/www.instagram.com\/gh0stysky\"]}]}<\/script>\n<!-- \/ Yoast SEO plugin. -->","yoast_head_json":{"title":"Pix4DReact Professor Educational - Licence 5 ans -","description":"Cartographie 2D rapide pour les interventions d&#039;urgence et la s\u00e9curit\u00e9 publique. Le logiciel de cartographie pour les interventions d&#039;urgence. Obtenez une vision situationnelle rapide et fiable pour des d\u00e9cisions rapides et une collaboration efficace sur le terrain.","robots":{"index":"index","follow":"follow","max-snippet":"max-snippet:-1","max-image-preview":"max-image-preview:large","max-video-preview":"max-video-preview:-1"},"canonical":"https:\/\/www.ghostysky.com\/fr\/product\/pix4dreact-professor-educational-5-year-license\/","og_locale":"fr_FR","og_type":"article","og_title":"Pix4DReact Professor Educational - 5-Year License -","og_description":"2D fast-mapping for emergency response and public safety. The mapping software for emergency responseGet rapid and reliable situational awareness for quick decisions and collaboration in the field.","og_url":"https:\/\/www.ghostysky.com\/fr\/product\/pix4dreact-professor-educational-5-year-license\/","og_site_name":"Ghostysky","article_publisher":"https:\/\/www.facebook.com\/people\/Ghostysky\/100057676170234\/","article_modified_time":"2026-01-24T09:58:29+00:00","og_image":[{"width":800,"height":800,"url":"https:\/\/www.ghostysky.com\/wp-content\/uploads\/2021\/02\/logo_pix4dreact_name_rgb_vertical.jpg","type":"image\/jpeg"}],"twitter_card":"summary_large_image","twitter_site":"@Gh0stysky","twitter_misc":{"Dur\u00e9e de lecture estim\u00e9e":"1 minute"},"schema":{"@context":"https:\/\/schema.org","@graph":[{"@type":"WebPage","@id":"https:\/\/www.ghostysky.com\/product\/pix4dreact-professor-educational-5-year-license\/","url":"https:\/\/www.ghostysky.com\/product\/pix4dreact-professor-educational-5-year-license\/","name":"Pix4DReact Professor Educational - Licence 5 ans -","isPartOf":{"@id":"https:\/\/www.ghostysky.com\/#website"},"primaryImageOfPage":{"@id":"https:\/\/www.ghostysky.com\/product\/pix4dreact-professor-educational-5-year-license\/#primaryimage"},"image":{"@id":"https:\/\/www.ghostysky.com\/product\/pix4dreact-professor-educational-5-year-license\/#primaryimage"},"thumbnailUrl":"https:\/\/www.ghostysky.com\/wp-content\/uploads\/2021\/02\/logo_pix4dreact_name_rgb_vertical.jpg","datePublished":"2024-05-22T08:55:32+00:00","dateModified":"2026-01-24T09:58:29+00:00","description":"Cartographie 2D rapide pour les interventions d&#039;urgence et la s\u00e9curit\u00e9 publique. Le logiciel de cartographie pour les interventions d&#039;urgence. Obtenez une vision situationnelle rapide et fiable pour des d\u00e9cisions rapides et une collaboration efficace sur le terrain.","breadcrumb":{"@id":"https:\/\/www.ghostysky.com\/product\/pix4dreact-professor-educational-5-year-license\/#breadcrumb"},"inLanguage":"fr-FR","potentialAction":[{"@type":"ReadAction","target":["https:\/\/www.ghostysky.com\/product\/pix4dreact-professor-educational-5-year-license\/"]}]},{"@type":"ImageObject","inLanguage":"fr-FR","@id":"https:\/\/www.ghostysky.com\/product\/pix4dreact-professor-educational-5-year-license\/#primaryimage","url":"https:\/\/www.ghostysky.com\/wp-content\/uploads\/2021\/02\/logo_pix4dreact_name_rgb_vertical.jpg","contentUrl":"https:\/\/www.ghostysky.com\/wp-content\/uploads\/2021\/02\/logo_pix4dreact_name_rgb_vertical.jpg","width":800,"height":800},{"@type":"BreadcrumbList","@id":"https:\/\/www.ghostysky.com\/product\/pix4dreact-professor-educational-5-year-license\/#breadcrumb","itemListElement":[{"@type":"ListItem","position":1,"name":"Home","item":"https:\/\/www.ghostysky.com\/"},{"@type":"ListItem","position":2,"name":"Shop","item":"https:\/\/www.ghostysky.com\/shop\/"},{"@type":"ListItem","position":3,"name":"Pix4DReact Professor Educational &#8211; 5-Year License"}]},{"@type":"WebSite","@id":"https:\/\/www.ghostysky.com\/#website","url":"https:\/\/www.ghostysky.com\/","name":"Ghostysky","description":"Livraison de drones et de services professionnels","publisher":{"@id":"https:\/\/www.ghostysky.com\/#organization"},"potentialAction":[{"@type":"SearchAction","target":{"@type":"EntryPoint","urlTemplate":"https:\/\/www.ghostysky.com\/?s={search_term_string}"},"query-input":{"@type":"PropertyValueSpecification","valueRequired":true,"valueName":"search_term_string"}}],"inLanguage":"fr-FR"},{"@type":"Organization","@id":"https:\/\/www.ghostysky.com\/#organization","name":"Ghostysky","url":"https:\/\/www.ghostysky.com\/","logo":{"@type":"ImageObject","inLanguage":"fr-FR","@id":"https:\/\/www.ghostysky.com\/#\/schema\/logo\/image\/","url":"https:\/\/www.ghostysky.com\/wp-content\/uploads\/2020\/06\/cropped-ghostyskylogo_text_white2.png","contentUrl":"https:\/\/www.ghostysky.com\/wp-content\/uploads\/2020\/06\/cropped-ghostyskylogo_text_white2.png","width":169,"height":56,"caption":"Ghostysky"},"image":{"@id":"https:\/\/www.ghostysky.com\/#\/schema\/logo\/image\/"},"sameAs":["https:\/\/www.facebook.com\/people\/Ghostysky\/100057676170234\/","https:\/\/x.com\/Gh0stysky","https:\/\/www.linkedin.com\/company\/34739653","https:\/\/www.instagram.com\/gh0stysky"]}]}},"_links":{"self":[{"href":"https:\/\/www.ghostysky.com\/fr\/wp-json\/wp\/v2\/product\/19037","targetHints":{"allow":["GET"]}}],"collection":[{"href":"https:\/\/www.ghostysky.com\/fr\/wp-json\/wp\/v2\/product"}],"about":[{"href":"https:\/\/www.ghostysky.com\/fr\/wp-json\/wp\/v2\/types\/product"}],"replies":[{"embeddable":true,"href":"https:\/\/www.ghostysky.com\/fr\/wp-json\/wp\/v2\/comments?post=19037"}],"wp:featuredmedia":[{"embeddable":true,"href":"https:\/\/www.ghostysky.com\/fr\/wp-json\/wp\/v2\/media\/1977"}],"wp:attachment":[{"href":"https:\/\/www.ghostysky.com\/fr\/wp-json\/wp\/v2\/media?parent=19037"}],"wp:term":[{"taxonomy":"product_brand","embeddable":true,"href":"https:\/\/www.ghostysky.com\/fr\/wp-json\/wp\/v2\/product_brand?post=19037"},{"taxonomy":"product_cat","embeddable":true,"href":"https:\/\/www.ghostysky.com\/fr\/wp-json\/wp\/v2\/product_cat?post=19037"},{"taxonomy":"product_tag","embeddable":true,"href":"https:\/\/www.ghostysky.com\/fr\/wp-json\/wp\/v2\/product_tag?post=19037"}],"curies":[{"name":"wp","href":"https:\/\/api.w.org\/{rel}","templated":true}]}}