{"id":19069,"date":"2024-05-22T10:17:44","date_gmt":"2024-05-22T10:17:44","guid":{"rendered":"https:\/\/www.ghostysky.com\/?post_type=product&#038;p=19069"},"modified":"2026-01-24T10:03:57","modified_gmt":"2026-01-24T10:03:57","slug":"pix4dfields-student-educational-yearly-license","status":"publish","type":"product","link":"https:\/\/www.ghostysky.com\/fr\/product\/pix4dfields-student-educational-yearly-license\/","title":{"rendered":"Licence annuelle pour professeurs Pix4Dfields"},"content":{"rendered":"<p><strong>CAPTURER<\/strong><br \/>\nCollectez des images \u00e0 l&#039;aide d&#039;un drone et de n&#039;importe quelle cam\u00e9ra RVB standard ou d&#039;une cam\u00e9ra multispectrale s\u00e9lectionn\u00e9e comme Parrot Sequoia+ et MicaSense RedEdge.<\/p>\n<p>Utilisez notre application Pix4Dcapture pour planifier et contr\u00f4ler facilement votre vol de drone pour une cartographie optimale.<\/p>\n<p><strong>PROCESSUS<\/strong><br \/>\nTraitez l&#039;imagerie avec le moteur de traitement instantan\u00e9 et obtenez vos cartes directement sur le terrain : 6,8 Go, 2948 images, 10 min (avec le nouveau module de radiom\u00e9trie).<\/p>\n<p><strong>SCOUT<\/strong><br \/>\nG\u00e9n\u00e9rez des orthomosa\u00efques pr\u00e9cises, des mod\u00e8les de surface num\u00e9riques, des cartes d&#039;index, des zones et des cartes de prescription pr\u00e9cises.<\/p>\n<p>R\u00e9duisez vos champs \u00e0 la limite souhait\u00e9e pour cr\u00e9er des sorties plus cibl\u00e9es.<\/p>\n<p><strong>ANALYSER<\/strong><br \/>\nVisualisez et comprenez les stades de croissance et les niveaux de stress de vos cultures.<\/p>\n<p>Analysez et comparez diff\u00e9rentes couches d\u2019informations pour obtenir un aper\u00e7u complet de vos performances de rendement et utilisez-les pour augmenter la production agricole et r\u00e9duire les co\u00fbts.<\/p>\n<p><strong>PARTAGER<\/strong><br \/>\nPartagez vos cartes avec toutes les parties prenantes du projet pour une collaboration transparente \u00e0 l&#039;aide de l&#039;outil de rapport PDF Pix4Dfields.<\/p>\n<p><strong>INT\u00c9GRER<\/strong><br \/>\nT\u00e9l\u00e9chargez tous les r\u00e9sultats, sorties et informations et importez-les dans le logiciel de gestion agricole de votre choix dans divers formats standard de l&#039;industrie.<\/p>","protected":false},"excerpt":{"rendered":"<p><span style=\"text-decoration: underline;\">Licence annuelle pour professeurs Pix4Dfields<\/span><\/p>\n<p>Logiciel de cartographie agricole avanc\u00e9 pour l&#039;analyse a\u00e9rienne des cultures et l&#039;agriculture num\u00e9rique.<\/p>\n<p><strong>Cartographie agricole de pr\u00e9cision \u00e0 l&#039;aide d&#039;images de drones et de drones<\/strong><br \/>\nLe seul logiciel d&#039;agriculture num\u00e9rique ax\u00e9 sur la r\u00e9duction du temps de traitement tout en int\u00e9grant les normes de pr\u00e9cision les plus \u00e9lev\u00e9es, soutenues par des ann\u00e9es de recherche scientifique.<\/p>\n<p><strong>Utilisez Pix4Dfields pour cr\u00e9er des cartes de prescription et maximiser les rendements des cultures<\/strong><br \/>\nCr\u00e9ez des cartes de terrain pr\u00e9cises, g\u00e9n\u00e9rez des informations et analysez les donn\u00e9es de terrain en temps r\u00e9el pour augmenter la productivit\u00e9 des cultures<\/p>\n<hr \/>","protected":false},"featured_media":1964,"comment_status":"open","ping_status":"closed","template":"","meta":[],"product_brand":[],"product_cat":[100,111,31],"product_tag":[110,104,106,105,102,109,905,71,896],"class_list":{"0":"post-19069","1":"product","2":"type-product","3":"status-publish","4":"has-post-thumbnail","6":"product_cat-pix4d","7":"product_cat-pix4dfields","8":"product_cat-software","9":"product_tag-agricultura","10":"product_tag-dsm","11":"product_tag-nuvem-de-pontos","12":"product_tag-ortomosaicos","13":"product_tag-pix4d","14":"product_tag-pix4dfields","15":"product_tag-pix4dfields-educational","16":"product_tag-software","17":"product_tag-yearly-license","19":"first","20":"onbackorder","21":"taxable","22":"shipping-taxable","23":"product-type-simple"},"yoast_head":"<!-- This site is optimized with the Yoast SEO plugin v27.1.1 - https:\/\/yoast.com\/product\/yoast-seo-wordpress\/ -->\n<title>Pix4Dfields Professor Educational - Yearly License -<\/title>\n<meta name=\"description\" content=\"Advanced agriculture mapping software for aerial crop analysis and digital farming.Precision agriculture mapping using images from drones and UAVsThe only digital agriculture software focusing on reducing the processing time while incorporating the highest accuracy standards backed up with years of scientific research.Use Pix4Dfields to create prescription maps and maximize crop yieldsCreate accurate field maps, generate insights and analyze field data in real time to increase crop productivity\" \/>\n<meta name=\"robots\" content=\"index, follow, max-snippet:-1, max-image-preview:large, max-video-preview:-1\" \/>\n<link rel=\"canonical\" href=\"https:\/\/www.ghostysky.com\/fr\/product\/pix4dfields-student-educational-yearly-license\/\" \/>\n<meta property=\"og:locale\" content=\"fr_FR\" \/>\n<meta property=\"og:type\" content=\"article\" \/>\n<meta property=\"og:title\" content=\"Pix4Dfields Professor Educational - Yearly License -\" \/>\n<meta property=\"og:description\" content=\"Advanced agriculture mapping software for aerial crop analysis and digital farming.Precision agriculture mapping using images from drones and UAVsThe only digital agriculture software focusing on reducing the processing time while incorporating the highest accuracy standards backed up with years of scientific research.Use Pix4Dfields to create prescription maps and maximize crop yieldsCreate accurate field maps, generate insights and analyze field data in real time to increase crop productivity\" \/>\n<meta property=\"og:url\" content=\"https:\/\/www.ghostysky.com\/fr\/product\/pix4dfields-student-educational-yearly-license\/\" \/>\n<meta property=\"og:site_name\" content=\"Ghostysky\" \/>\n<meta property=\"article:publisher\" content=\"https:\/\/www.facebook.com\/people\/Ghostysky\/100057676170234\/\" \/>\n<meta property=\"article:modified_time\" content=\"2026-01-24T10:03:57+00:00\" \/>\n<meta property=\"og:image\" content=\"https:\/\/www.ghostysky.com\/wp-content\/uploads\/2021\/02\/2.jpg\" \/>\n\t<meta property=\"og:image:width\" content=\"400\" \/>\n\t<meta property=\"og:image:height\" content=\"400\" \/>\n\t<meta property=\"og:image:type\" content=\"image\/jpeg\" \/>\n<meta name=\"twitter:card\" content=\"summary_large_image\" \/>\n<meta name=\"twitter:site\" content=\"@Gh0stysky\" \/>\n<meta name=\"twitter:label1\" content=\"Dur\u00e9e de lecture estim\u00e9e\" \/>\n\t<meta name=\"twitter:data1\" content=\"1 minute\" \/>\n<script type=\"application\/ld+json\" class=\"yoast-schema-graph\">{\"@context\":\"https:\/\/schema.org\",\"@graph\":[{\"@type\":\"WebPage\",\"@id\":\"https:\/\/www.ghostysky.com\/product\/pix4dfields-student-educational-yearly-license\/\",\"url\":\"https:\/\/www.ghostysky.com\/product\/pix4dfields-student-educational-yearly-license\/\",\"name\":\"Pix4Dfields Professor Educational - Yearly License -\",\"isPartOf\":{\"@id\":\"https:\/\/www.ghostysky.com\/#website\"},\"primaryImageOfPage\":{\"@id\":\"https:\/\/www.ghostysky.com\/product\/pix4dfields-student-educational-yearly-license\/#primaryimage\"},\"image\":{\"@id\":\"https:\/\/www.ghostysky.com\/product\/pix4dfields-student-educational-yearly-license\/#primaryimage\"},\"thumbnailUrl\":\"https:\/\/www.ghostysky.com\/wp-content\/uploads\/2021\/02\/2.jpg\",\"datePublished\":\"2024-05-22T10:17:44+00:00\",\"dateModified\":\"2026-01-24T10:03:57+00:00\",\"description\":\"Advanced agriculture mapping software for aerial crop analysis and digital farming.Precision agriculture mapping using images from drones and UAVsThe only digital agriculture software focusing on reducing the processing time while incorporating the highest accuracy standards backed up with years of scientific research.Use Pix4Dfields to create prescription maps and maximize crop yieldsCreate accurate field maps, generate insights and analyze field data in real time to increase crop productivity\",\"breadcrumb\":{\"@id\":\"https:\/\/www.ghostysky.com\/product\/pix4dfields-student-educational-yearly-license\/#breadcrumb\"},\"inLanguage\":\"fr-FR\",\"potentialAction\":[{\"@type\":\"ReadAction\",\"target\":[\"https:\/\/www.ghostysky.com\/product\/pix4dfields-student-educational-yearly-license\/\"]}]},{\"@type\":\"ImageObject\",\"inLanguage\":\"fr-FR\",\"@id\":\"https:\/\/www.ghostysky.com\/product\/pix4dfields-student-educational-yearly-license\/#primaryimage\",\"url\":\"https:\/\/www.ghostysky.com\/wp-content\/uploads\/2021\/02\/2.jpg\",\"contentUrl\":\"https:\/\/www.ghostysky.com\/wp-content\/uploads\/2021\/02\/2.jpg\",\"width\":400,\"height\":400},{\"@type\":\"BreadcrumbList\",\"@id\":\"https:\/\/www.ghostysky.com\/product\/pix4dfields-student-educational-yearly-license\/#breadcrumb\",\"itemListElement\":[{\"@type\":\"ListItem\",\"position\":1,\"name\":\"Home\",\"item\":\"https:\/\/www.ghostysky.com\/\"},{\"@type\":\"ListItem\",\"position\":2,\"name\":\"Shop\",\"item\":\"https:\/\/www.ghostysky.com\/shop\/\"},{\"@type\":\"ListItem\",\"position\":3,\"name\":\"Pix4Dfields Professor Educational &#8211; Yearly License\"}]},{\"@type\":\"WebSite\",\"@id\":\"https:\/\/www.ghostysky.com\/#website\",\"url\":\"https:\/\/www.ghostysky.com\/\",\"name\":\"Ghostysky\",\"description\":\"Delivering professional drones and services\",\"publisher\":{\"@id\":\"https:\/\/www.ghostysky.com\/#organization\"},\"potentialAction\":[{\"@type\":\"SearchAction\",\"target\":{\"@type\":\"EntryPoint\",\"urlTemplate\":\"https:\/\/www.ghostysky.com\/?s={search_term_string}\"},\"query-input\":{\"@type\":\"PropertyValueSpecification\",\"valueRequired\":true,\"valueName\":\"search_term_string\"}}],\"inLanguage\":\"fr-FR\"},{\"@type\":\"Organization\",\"@id\":\"https:\/\/www.ghostysky.com\/#organization\",\"name\":\"Ghostysky\",\"url\":\"https:\/\/www.ghostysky.com\/\",\"logo\":{\"@type\":\"ImageObject\",\"inLanguage\":\"fr-FR\",\"@id\":\"https:\/\/www.ghostysky.com\/#\/schema\/logo\/image\/\",\"url\":\"https:\/\/www.ghostysky.com\/wp-content\/uploads\/2020\/06\/cropped-ghostyskylogo_text_white2.png\",\"contentUrl\":\"https:\/\/www.ghostysky.com\/wp-content\/uploads\/2020\/06\/cropped-ghostyskylogo_text_white2.png\",\"width\":169,\"height\":56,\"caption\":\"Ghostysky\"},\"image\":{\"@id\":\"https:\/\/www.ghostysky.com\/#\/schema\/logo\/image\/\"},\"sameAs\":[\"https:\/\/www.facebook.com\/people\/Ghostysky\/100057676170234\/\",\"https:\/\/x.com\/Gh0stysky\",\"https:\/\/www.linkedin.com\/company\/34739653\",\"https:\/\/www.instagram.com\/gh0stysky\"]}]}<\/script>\n<!-- \/ Yoast SEO plugin. -->","yoast_head_json":{"title":"Pix4Dfields Professor Educational - Licence annuelle -","description":"Logiciel de cartographie agricole avanc\u00e9 pour l&#039;analyse a\u00e9rienne des cultures et l&#039;agriculture num\u00e9rique.Cartographie agricole de pr\u00e9cision \u00e0 l&#039;aide d&#039;images de drones et de dronesLe seul logiciel d&#039;agriculture num\u00e9rique ax\u00e9 sur la r\u00e9duction du temps de traitement tout en int\u00e9grant les normes de pr\u00e9cision les plus \u00e9lev\u00e9es, soutenues par des ann\u00e9es de recherche scientifique.Utilisez Pix4Dfields pour cr\u00e9er des cartes de prescription et maximiser les rendements des culturesCr\u00e9ez des cartes de terrain pr\u00e9cises, g\u00e9n\u00e9rez des informations et analysez les donn\u00e9es de terrain en temps r\u00e9el pour augmenter la productivit\u00e9 des cultures","robots":{"index":"index","follow":"follow","max-snippet":"max-snippet:-1","max-image-preview":"max-image-preview:large","max-video-preview":"max-video-preview:-1"},"canonical":"https:\/\/www.ghostysky.com\/fr\/product\/pix4dfields-student-educational-yearly-license\/","og_locale":"fr_FR","og_type":"article","og_title":"Pix4Dfields Professor Educational - Yearly License -","og_description":"Advanced agriculture mapping software for aerial crop analysis and digital farming.Precision agriculture mapping using images from drones and UAVsThe only digital agriculture software focusing on reducing the processing time while incorporating the highest accuracy standards backed up with years of scientific research.Use Pix4Dfields to create prescription maps and maximize crop yieldsCreate accurate field maps, generate insights and analyze field data in real time to increase crop productivity","og_url":"https:\/\/www.ghostysky.com\/fr\/product\/pix4dfields-student-educational-yearly-license\/","og_site_name":"Ghostysky","article_publisher":"https:\/\/www.facebook.com\/people\/Ghostysky\/100057676170234\/","article_modified_time":"2026-01-24T10:03:57+00:00","og_image":[{"width":400,"height":400,"url":"https:\/\/www.ghostysky.com\/wp-content\/uploads\/2021\/02\/2.jpg","type":"image\/jpeg"}],"twitter_card":"summary_large_image","twitter_site":"@Gh0stysky","twitter_misc":{"Dur\u00e9e de lecture estim\u00e9e":"1 minute"},"schema":{"@context":"https:\/\/schema.org","@graph":[{"@type":"WebPage","@id":"https:\/\/www.ghostysky.com\/product\/pix4dfields-student-educational-yearly-license\/","url":"https:\/\/www.ghostysky.com\/product\/pix4dfields-student-educational-yearly-license\/","name":"Pix4Dfields Professor Educational - Licence annuelle -","isPartOf":{"@id":"https:\/\/www.ghostysky.com\/#website"},"primaryImageOfPage":{"@id":"https:\/\/www.ghostysky.com\/product\/pix4dfields-student-educational-yearly-license\/#primaryimage"},"image":{"@id":"https:\/\/www.ghostysky.com\/product\/pix4dfields-student-educational-yearly-license\/#primaryimage"},"thumbnailUrl":"https:\/\/www.ghostysky.com\/wp-content\/uploads\/2021\/02\/2.jpg","datePublished":"2024-05-22T10:17:44+00:00","dateModified":"2026-01-24T10:03:57+00:00","description":"Logiciel de cartographie agricole avanc\u00e9 pour l&#039;analyse a\u00e9rienne des cultures et l&#039;agriculture num\u00e9rique.Cartographie agricole de pr\u00e9cision \u00e0 l&#039;aide d&#039;images de drones et de dronesLe seul logiciel d&#039;agriculture num\u00e9rique ax\u00e9 sur la r\u00e9duction du temps de traitement tout en int\u00e9grant les normes de pr\u00e9cision les plus \u00e9lev\u00e9es, soutenues par des ann\u00e9es de recherche scientifique.Utilisez Pix4Dfields pour cr\u00e9er des cartes de prescription et maximiser les rendements des culturesCr\u00e9ez des cartes de terrain pr\u00e9cises, g\u00e9n\u00e9rez des informations et analysez les donn\u00e9es de terrain en temps r\u00e9el pour augmenter la productivit\u00e9 des cultures","breadcrumb":{"@id":"https:\/\/www.ghostysky.com\/product\/pix4dfields-student-educational-yearly-license\/#breadcrumb"},"inLanguage":"fr-FR","potentialAction":[{"@type":"ReadAction","target":["https:\/\/www.ghostysky.com\/product\/pix4dfields-student-educational-yearly-license\/"]}]},{"@type":"ImageObject","inLanguage":"fr-FR","@id":"https:\/\/www.ghostysky.com\/product\/pix4dfields-student-educational-yearly-license\/#primaryimage","url":"https:\/\/www.ghostysky.com\/wp-content\/uploads\/2021\/02\/2.jpg","contentUrl":"https:\/\/www.ghostysky.com\/wp-content\/uploads\/2021\/02\/2.jpg","width":400,"height":400},{"@type":"BreadcrumbList","@id":"https:\/\/www.ghostysky.com\/product\/pix4dfields-student-educational-yearly-license\/#breadcrumb","itemListElement":[{"@type":"ListItem","position":1,"name":"Home","item":"https:\/\/www.ghostysky.com\/"},{"@type":"ListItem","position":2,"name":"Shop","item":"https:\/\/www.ghostysky.com\/shop\/"},{"@type":"ListItem","position":3,"name":"Pix4Dfields Professor Educational &#8211; Yearly License"}]},{"@type":"WebSite","@id":"https:\/\/www.ghostysky.com\/#website","url":"https:\/\/www.ghostysky.com\/","name":"Ghostysky","description":"Livraison de drones et de services professionnels","publisher":{"@id":"https:\/\/www.ghostysky.com\/#organization"},"potentialAction":[{"@type":"SearchAction","target":{"@type":"EntryPoint","urlTemplate":"https:\/\/www.ghostysky.com\/?s={search_term_string}"},"query-input":{"@type":"PropertyValueSpecification","valueRequired":true,"valueName":"search_term_string"}}],"inLanguage":"fr-FR"},{"@type":"Organization","@id":"https:\/\/www.ghostysky.com\/#organization","name":"Ghostysky","url":"https:\/\/www.ghostysky.com\/","logo":{"@type":"ImageObject","inLanguage":"fr-FR","@id":"https:\/\/www.ghostysky.com\/#\/schema\/logo\/image\/","url":"https:\/\/www.ghostysky.com\/wp-content\/uploads\/2020\/06\/cropped-ghostyskylogo_text_white2.png","contentUrl":"https:\/\/www.ghostysky.com\/wp-content\/uploads\/2020\/06\/cropped-ghostyskylogo_text_white2.png","width":169,"height":56,"caption":"Ghostysky"},"image":{"@id":"https:\/\/www.ghostysky.com\/#\/schema\/logo\/image\/"},"sameAs":["https:\/\/www.facebook.com\/people\/Ghostysky\/100057676170234\/","https:\/\/x.com\/Gh0stysky","https:\/\/www.linkedin.com\/company\/34739653","https:\/\/www.instagram.com\/gh0stysky"]}]}},"_links":{"self":[{"href":"https:\/\/www.ghostysky.com\/fr\/wp-json\/wp\/v2\/product\/19069","targetHints":{"allow":["GET"]}}],"collection":[{"href":"https:\/\/www.ghostysky.com\/fr\/wp-json\/wp\/v2\/product"}],"about":[{"href":"https:\/\/www.ghostysky.com\/fr\/wp-json\/wp\/v2\/types\/product"}],"replies":[{"embeddable":true,"href":"https:\/\/www.ghostysky.com\/fr\/wp-json\/wp\/v2\/comments?post=19069"}],"wp:featuredmedia":[{"embeddable":true,"href":"https:\/\/www.ghostysky.com\/fr\/wp-json\/wp\/v2\/media\/1964"}],"wp:attachment":[{"href":"https:\/\/www.ghostysky.com\/fr\/wp-json\/wp\/v2\/media?parent=19069"}],"wp:term":[{"taxonomy":"product_brand","embeddable":true,"href":"https:\/\/www.ghostysky.com\/fr\/wp-json\/wp\/v2\/product_brand?post=19069"},{"taxonomy":"product_cat","embeddable":true,"href":"https:\/\/www.ghostysky.com\/fr\/wp-json\/wp\/v2\/product_cat?post=19069"},{"taxonomy":"product_tag","embeddable":true,"href":"https:\/\/www.ghostysky.com\/fr\/wp-json\/wp\/v2\/product_tag?post=19069"}],"curies":[{"name":"wp","href":"https:\/\/api.w.org\/{rel}","templated":true}]}}