{"id":19078,"date":"2024-05-22T10:44:25","date_gmt":"2024-05-22T10:44:25","guid":{"rendered":"https:\/\/www.ghostysky.com\/?post_type=product&#038;p=19078"},"modified":"2026-01-24T10:05:23","modified_gmt":"2026-01-24T10:05:23","slug":"pix4dcloud-standard-monthly-subscription","status":"publish","type":"product","link":"https:\/\/www.ghostysky.com\/fr\/product\/pix4dcloud-standard-monthly-subscription\/","title":{"rendered":"PIX4DCloud Standard \u2013 Abonnement mensuel"},"content":{"rendered":"<div class=\"row\">\n<ul>\n<li class=\"column right\">Comprend 20 cr\u00e9dits par mois ou <b>500 cr\u00e9dits par an<\/b><\/li>\n<\/ul>\n<\/div>\n<div class=\"row\">\n<ul>\n<li class=\"column right\">Partage de projets illimit\u00e9<\/li>\n<\/ul>\n<\/div>\n<div class=\"row\">\n<ul>\n<li class=\"column right\">Mesures et annotations<\/li>\n<\/ul>\n<\/div>\n<div class=\"row\">\n<ul>\n<li class=\"column right\">Acc\u00e8s \u00e0 PIX4Dcatch et PIX4Dcapture Pro<\/li>\n<\/ul>\n<\/div>\n<h4>Caract\u00e9ristiques principales<\/h4>\n<ul data-sourcepos=\"5:1-5:113\">\n<li data-sourcepos=\"5:1-5:113\"><strong>Traitement bas\u00e9 sur le cloud :<\/strong> Exploite la puissance du cloud computing au lieu de vous obliger \u00e0 utiliser votre propre ordinateur.<\/li>\n<li data-sourcepos=\"6:1-6:84\"><strong>Facile \u00e0 utiliser :<\/strong> Con\u00e7u pour \u00eatre convivial et ne pas n\u00e9cessiter de formation approfondie.<\/li>\n<li data-sourcepos=\"7:1-7:56\"><strong>Capture de donn\u00e9es :<\/strong> Fonctionne avec des images captur\u00e9es par des drones, des cam\u00e9ras portables ou leur propre cam\u00e9ra Pix4D Crane.<\/li>\n<li data-sourcepos=\"8:1-8:128\"><strong>Informatique:<\/strong> Traite automatiquement les images \u00e0 l&#039;aide de la photogramm\u00e9trie pour cr\u00e9er des sorties telles que des mod\u00e8les 3D et des cartes d&#039;\u00e9l\u00e9vation.<\/li>\n<li data-sourcepos=\"9:1-9:97\"><strong>Analyse des donn\u00e9es :<\/strong> Fournit des outils permettant de visualiser, de mesurer et de suivre la progression d\u2019un projet au fil du temps.<\/li>\n<li data-sourcepos=\"10:1-10:98\"><strong>Partage de donn\u00e9es :<\/strong> Vous permet de partager les r\u00e9sultats de votre projet avec d\u2019autres \u00e0 l\u2019aide d\u2019un simple lien Web.<\/li>\n<li data-sourcepos=\"11:1-11:59\"><strong>Int\u00e9gration des donn\u00e9es :<\/strong> Vous permet de t\u00e9l\u00e9charger et d&#039;exporter vos donn\u00e9es pour les utiliser avec d&#039;autres logiciels.<\/li>\n<\/ul>\n<p data-sourcepos=\"13:1-13:149\">Dans l\u2019ensemble, Pix4Dcloud est une solution compl\u00e8te pour tous ceux qui souhaitent utiliser des images de drones ou de terrain pour cr\u00e9er des cartes, des mod\u00e8les 3D et d\u2019autres livrables.<\/p>","protected":false},"excerpt":{"rendered":"<p>Pix4Dcloud est une plateforme web qui utilise le traitement cloud pour transformer des images de drones et de terrain en livrables 2D et 3D. En termes simples, elle transforme les images prises par des drones ou m\u00eame des cam\u00e9ras portables en produits utiles tels que des cartes, des mod\u00e8les 3D et des mesures.<\/p>","protected":false},"featured_media":19080,"comment_status":"open","ping_status":"closed","template":"","meta":[],"product_brand":[],"product_cat":[100,906,31],"product_tag":[908,102,907,910],"class_list":{"0":"post-19078","1":"product","2":"type-product","3":"status-publish","4":"has-post-thumbnail","6":"product_cat-pix4d","7":"product_cat-pix4dcloud","8":"product_cat-software","9":"product_tag-monthly-subscription","10":"product_tag-pix4d","11":"product_tag-pix4dcloud","12":"product_tag-standard-subscription","14":"first","15":"onbackorder","16":"taxable","17":"shipping-taxable","18":"product-type-simple"},"yoast_head":"<!-- This site is optimized with the Yoast SEO plugin v27.1.1 - https:\/\/yoast.com\/product\/yoast-seo-wordpress\/ -->\n<title>PIX4DCloud Standard - Monthly Subscription - Ghostysky<\/title>\n<meta name=\"description\" content=\"Pix4Dcloud is a web-based platform that utilizes cloud processing to turn drone and ground images into 2D and 3D deliverables. In simpler terms, it takes pictures captured by drones or even handheld cameras and turns them into useful products like maps, 3D models, and measurements.\" \/>\n<meta name=\"robots\" content=\"index, follow, max-snippet:-1, max-image-preview:large, max-video-preview:-1\" \/>\n<link rel=\"canonical\" href=\"https:\/\/www.ghostysky.com\/fr\/product\/pix4dcloud-standard-monthly-subscription\/\" \/>\n<meta property=\"og:locale\" content=\"fr_FR\" \/>\n<meta property=\"og:type\" content=\"article\" \/>\n<meta property=\"og:title\" content=\"PIX4DCloud Standard - Monthly Subscription - Ghostysky\" \/>\n<meta property=\"og:description\" content=\"Pix4Dcloud is a web-based platform that utilizes cloud processing to turn drone and ground images into 2D and 3D deliverables. In simpler terms, it takes pictures captured by drones or even handheld cameras and turns them into useful products like maps, 3D models, and measurements.\" \/>\n<meta property=\"og:url\" content=\"https:\/\/www.ghostysky.com\/fr\/product\/pix4dcloud-standard-monthly-subscription\/\" \/>\n<meta property=\"og:site_name\" content=\"Ghostysky\" \/>\n<meta property=\"article:publisher\" content=\"https:\/\/www.facebook.com\/people\/Ghostysky\/100057676170234\/\" \/>\n<meta property=\"article:modified_time\" content=\"2026-01-24T10:05:23+00:00\" \/>\n<meta property=\"og:image\" content=\"https:\/\/www.ghostysky.com\/wp-content\/uploads\/2024\/05\/GH_Pix4dCloud.jpg\" \/>\n\t<meta property=\"og:image:width\" content=\"400\" \/>\n\t<meta property=\"og:image:height\" content=\"314\" \/>\n\t<meta property=\"og:image:type\" content=\"image\/jpeg\" \/>\n<meta name=\"twitter:card\" content=\"summary_large_image\" \/>\n<meta name=\"twitter:site\" content=\"@Gh0stysky\" \/>\n<meta name=\"twitter:label1\" content=\"Dur\u00e9e de lecture estim\u00e9e\" \/>\n\t<meta name=\"twitter:data1\" content=\"1 minute\" \/>\n<script type=\"application\/ld+json\" class=\"yoast-schema-graph\">{\"@context\":\"https:\/\/schema.org\",\"@graph\":[{\"@type\":\"WebPage\",\"@id\":\"https:\/\/www.ghostysky.com\/product\/pix4dcloud-standard-monthly-subscription\/\",\"url\":\"https:\/\/www.ghostysky.com\/product\/pix4dcloud-standard-monthly-subscription\/\",\"name\":\"PIX4DCloud Standard - Monthly Subscription - Ghostysky\",\"isPartOf\":{\"@id\":\"https:\/\/www.ghostysky.com\/#website\"},\"primaryImageOfPage\":{\"@id\":\"https:\/\/www.ghostysky.com\/product\/pix4dcloud-standard-monthly-subscription\/#primaryimage\"},\"image\":{\"@id\":\"https:\/\/www.ghostysky.com\/product\/pix4dcloud-standard-monthly-subscription\/#primaryimage\"},\"thumbnailUrl\":\"https:\/\/www.ghostysky.com\/wp-content\/uploads\/2024\/05\/GH_Pix4dCloud.jpg\",\"datePublished\":\"2024-05-22T10:44:25+00:00\",\"dateModified\":\"2026-01-24T10:05:23+00:00\",\"description\":\"Pix4Dcloud is a web-based platform that utilizes cloud processing to turn drone and ground images into 2D and 3D deliverables. In simpler terms, it takes pictures captured by drones or even handheld cameras and turns them into useful products like maps, 3D models, and measurements.\",\"breadcrumb\":{\"@id\":\"https:\/\/www.ghostysky.com\/product\/pix4dcloud-standard-monthly-subscription\/#breadcrumb\"},\"inLanguage\":\"fr-FR\",\"potentialAction\":[{\"@type\":\"ReadAction\",\"target\":[\"https:\/\/www.ghostysky.com\/product\/pix4dcloud-standard-monthly-subscription\/\"]}]},{\"@type\":\"ImageObject\",\"inLanguage\":\"fr-FR\",\"@id\":\"https:\/\/www.ghostysky.com\/product\/pix4dcloud-standard-monthly-subscription\/#primaryimage\",\"url\":\"https:\/\/www.ghostysky.com\/wp-content\/uploads\/2024\/05\/GH_Pix4dCloud.jpg\",\"contentUrl\":\"https:\/\/www.ghostysky.com\/wp-content\/uploads\/2024\/05\/GH_Pix4dCloud.jpg\",\"width\":400,\"height\":314},{\"@type\":\"BreadcrumbList\",\"@id\":\"https:\/\/www.ghostysky.com\/product\/pix4dcloud-standard-monthly-subscription\/#breadcrumb\",\"itemListElement\":[{\"@type\":\"ListItem\",\"position\":1,\"name\":\"Home\",\"item\":\"https:\/\/www.ghostysky.com\/\"},{\"@type\":\"ListItem\",\"position\":2,\"name\":\"Shop\",\"item\":\"https:\/\/www.ghostysky.com\/shop\/\"},{\"@type\":\"ListItem\",\"position\":3,\"name\":\"PIX4DCloud Standard &#8211; Monthly Subscription\"}]},{\"@type\":\"WebSite\",\"@id\":\"https:\/\/www.ghostysky.com\/#website\",\"url\":\"https:\/\/www.ghostysky.com\/\",\"name\":\"Ghostysky\",\"description\":\"Delivering professional drones and services\",\"publisher\":{\"@id\":\"https:\/\/www.ghostysky.com\/#organization\"},\"potentialAction\":[{\"@type\":\"SearchAction\",\"target\":{\"@type\":\"EntryPoint\",\"urlTemplate\":\"https:\/\/www.ghostysky.com\/?s={search_term_string}\"},\"query-input\":{\"@type\":\"PropertyValueSpecification\",\"valueRequired\":true,\"valueName\":\"search_term_string\"}}],\"inLanguage\":\"fr-FR\"},{\"@type\":\"Organization\",\"@id\":\"https:\/\/www.ghostysky.com\/#organization\",\"name\":\"Ghostysky\",\"url\":\"https:\/\/www.ghostysky.com\/\",\"logo\":{\"@type\":\"ImageObject\",\"inLanguage\":\"fr-FR\",\"@id\":\"https:\/\/www.ghostysky.com\/#\/schema\/logo\/image\/\",\"url\":\"https:\/\/www.ghostysky.com\/wp-content\/uploads\/2020\/06\/cropped-ghostyskylogo_text_white2.png\",\"contentUrl\":\"https:\/\/www.ghostysky.com\/wp-content\/uploads\/2020\/06\/cropped-ghostyskylogo_text_white2.png\",\"width\":169,\"height\":56,\"caption\":\"Ghostysky\"},\"image\":{\"@id\":\"https:\/\/www.ghostysky.com\/#\/schema\/logo\/image\/\"},\"sameAs\":[\"https:\/\/www.facebook.com\/people\/Ghostysky\/100057676170234\/\",\"https:\/\/x.com\/Gh0stysky\",\"https:\/\/www.linkedin.com\/company\/34739653\",\"https:\/\/www.instagram.com\/gh0stysky\"]}]}<\/script>\n<!-- \/ Yoast SEO plugin. -->","yoast_head_json":{"title":"PIX4DCloud Standard - Abonnement mensuel - Ghostysky","description":"Pix4Dcloud est une plateforme web qui utilise le traitement cloud pour transformer des images de drones et de terrain en livrables 2D et 3D. En termes simples, elle transforme les images prises par des drones ou m\u00eame des cam\u00e9ras portables en produits utiles tels que des cartes, des mod\u00e8les 3D et des mesures.","robots":{"index":"index","follow":"follow","max-snippet":"max-snippet:-1","max-image-preview":"max-image-preview:large","max-video-preview":"max-video-preview:-1"},"canonical":"https:\/\/www.ghostysky.com\/fr\/product\/pix4dcloud-standard-monthly-subscription\/","og_locale":"fr_FR","og_type":"article","og_title":"PIX4DCloud Standard - Monthly Subscription - Ghostysky","og_description":"Pix4Dcloud is a web-based platform that utilizes cloud processing to turn drone and ground images into 2D and 3D deliverables. In simpler terms, it takes pictures captured by drones or even handheld cameras and turns them into useful products like maps, 3D models, and measurements.","og_url":"https:\/\/www.ghostysky.com\/fr\/product\/pix4dcloud-standard-monthly-subscription\/","og_site_name":"Ghostysky","article_publisher":"https:\/\/www.facebook.com\/people\/Ghostysky\/100057676170234\/","article_modified_time":"2026-01-24T10:05:23+00:00","og_image":[{"width":400,"height":314,"url":"https:\/\/www.ghostysky.com\/wp-content\/uploads\/2024\/05\/GH_Pix4dCloud.jpg","type":"image\/jpeg"}],"twitter_card":"summary_large_image","twitter_site":"@Gh0stysky","twitter_misc":{"Dur\u00e9e de lecture estim\u00e9e":"1 minute"},"schema":{"@context":"https:\/\/schema.org","@graph":[{"@type":"WebPage","@id":"https:\/\/www.ghostysky.com\/product\/pix4dcloud-standard-monthly-subscription\/","url":"https:\/\/www.ghostysky.com\/product\/pix4dcloud-standard-monthly-subscription\/","name":"PIX4DCloud Standard - Abonnement mensuel - Ghostysky","isPartOf":{"@id":"https:\/\/www.ghostysky.com\/#website"},"primaryImageOfPage":{"@id":"https:\/\/www.ghostysky.com\/product\/pix4dcloud-standard-monthly-subscription\/#primaryimage"},"image":{"@id":"https:\/\/www.ghostysky.com\/product\/pix4dcloud-standard-monthly-subscription\/#primaryimage"},"thumbnailUrl":"https:\/\/www.ghostysky.com\/wp-content\/uploads\/2024\/05\/GH_Pix4dCloud.jpg","datePublished":"2024-05-22T10:44:25+00:00","dateModified":"2026-01-24T10:05:23+00:00","description":"Pix4Dcloud est une plateforme web qui utilise le traitement cloud pour transformer des images de drones et de terrain en livrables 2D et 3D. En termes simples, elle transforme les images prises par des drones ou m\u00eame des cam\u00e9ras portables en produits utiles tels que des cartes, des mod\u00e8les 3D et des mesures.","breadcrumb":{"@id":"https:\/\/www.ghostysky.com\/product\/pix4dcloud-standard-monthly-subscription\/#breadcrumb"},"inLanguage":"fr-FR","potentialAction":[{"@type":"ReadAction","target":["https:\/\/www.ghostysky.com\/product\/pix4dcloud-standard-monthly-subscription\/"]}]},{"@type":"ImageObject","inLanguage":"fr-FR","@id":"https:\/\/www.ghostysky.com\/product\/pix4dcloud-standard-monthly-subscription\/#primaryimage","url":"https:\/\/www.ghostysky.com\/wp-content\/uploads\/2024\/05\/GH_Pix4dCloud.jpg","contentUrl":"https:\/\/www.ghostysky.com\/wp-content\/uploads\/2024\/05\/GH_Pix4dCloud.jpg","width":400,"height":314},{"@type":"BreadcrumbList","@id":"https:\/\/www.ghostysky.com\/product\/pix4dcloud-standard-monthly-subscription\/#breadcrumb","itemListElement":[{"@type":"ListItem","position":1,"name":"Home","item":"https:\/\/www.ghostysky.com\/"},{"@type":"ListItem","position":2,"name":"Shop","item":"https:\/\/www.ghostysky.com\/shop\/"},{"@type":"ListItem","position":3,"name":"PIX4DCloud Standard &#8211; Monthly Subscription"}]},{"@type":"WebSite","@id":"https:\/\/www.ghostysky.com\/#website","url":"https:\/\/www.ghostysky.com\/","name":"Ghostysky","description":"Livraison de drones et de services professionnels","publisher":{"@id":"https:\/\/www.ghostysky.com\/#organization"},"potentialAction":[{"@type":"SearchAction","target":{"@type":"EntryPoint","urlTemplate":"https:\/\/www.ghostysky.com\/?s={search_term_string}"},"query-input":{"@type":"PropertyValueSpecification","valueRequired":true,"valueName":"search_term_string"}}],"inLanguage":"fr-FR"},{"@type":"Organization","@id":"https:\/\/www.ghostysky.com\/#organization","name":"Ghostysky","url":"https:\/\/www.ghostysky.com\/","logo":{"@type":"ImageObject","inLanguage":"fr-FR","@id":"https:\/\/www.ghostysky.com\/#\/schema\/logo\/image\/","url":"https:\/\/www.ghostysky.com\/wp-content\/uploads\/2020\/06\/cropped-ghostyskylogo_text_white2.png","contentUrl":"https:\/\/www.ghostysky.com\/wp-content\/uploads\/2020\/06\/cropped-ghostyskylogo_text_white2.png","width":169,"height":56,"caption":"Ghostysky"},"image":{"@id":"https:\/\/www.ghostysky.com\/#\/schema\/logo\/image\/"},"sameAs":["https:\/\/www.facebook.com\/people\/Ghostysky\/100057676170234\/","https:\/\/x.com\/Gh0stysky","https:\/\/www.linkedin.com\/company\/34739653","https:\/\/www.instagram.com\/gh0stysky"]}]}},"_links":{"self":[{"href":"https:\/\/www.ghostysky.com\/fr\/wp-json\/wp\/v2\/product\/19078","targetHints":{"allow":["GET"]}}],"collection":[{"href":"https:\/\/www.ghostysky.com\/fr\/wp-json\/wp\/v2\/product"}],"about":[{"href":"https:\/\/www.ghostysky.com\/fr\/wp-json\/wp\/v2\/types\/product"}],"replies":[{"embeddable":true,"href":"https:\/\/www.ghostysky.com\/fr\/wp-json\/wp\/v2\/comments?post=19078"}],"wp:featuredmedia":[{"embeddable":true,"href":"https:\/\/www.ghostysky.com\/fr\/wp-json\/wp\/v2\/media\/19080"}],"wp:attachment":[{"href":"https:\/\/www.ghostysky.com\/fr\/wp-json\/wp\/v2\/media?parent=19078"}],"wp:term":[{"taxonomy":"product_brand","embeddable":true,"href":"https:\/\/www.ghostysky.com\/fr\/wp-json\/wp\/v2\/product_brand?post=19078"},{"taxonomy":"product_cat","embeddable":true,"href":"https:\/\/www.ghostysky.com\/fr\/wp-json\/wp\/v2\/product_cat?post=19078"},{"taxonomy":"product_tag","embeddable":true,"href":"https:\/\/www.ghostysky.com\/fr\/wp-json\/wp\/v2\/product_tag?post=19078"}],"curies":[{"name":"wp","href":"https:\/\/api.w.org\/{rel}","templated":true}]}}