{"id":19125,"date":"2024-05-22T11:38:13","date_gmt":"2024-05-22T11:38:13","guid":{"rendered":"https:\/\/www.ghostysky.com\/?post_type=product&#038;p=19125"},"modified":"2026-01-24T10:05:24","modified_gmt":"2026-01-24T10:05:24","slug":"pix4d-vidoc","status":"publish","type":"product","link":"https:\/\/www.ghostysky.com\/fr\/product\/pix4d-vidoc\/","title":{"rendered":"Pix4D viDoc"},"content":{"rendered":"<div class=\"response-container ng-tns-c1914865436-57 ng-star-inserted response-container-has-multiple-responses\">\n<div class=\"presented-response-container ng-tns-c1914865436-57\">\n<div class=\"response-container-content ng-tns-c1914865436-57\">\n<div class=\"response-content ng-tns-c1914865436-57\">\n<div class=\"markdown markdown-main-panel\" dir=\"ltr\">\n<h4 data-sourcepos=\"3:1-3:42\">Principales fonctionnalit\u00e9s de Pix4D viDoc<\/h4>\n<ul data-sourcepos=\"5:1-5:50\">\n<li data-sourcepos=\"5:1-5:50\"><strong>Pr\u00e9cision am\u00e9lior\u00e9e\u00a0:<\/strong> En utilisant la technologie RTK, viDoc fournit une pr\u00e9cision au centim\u00e8tre pr\u00e8s pour vos mod\u00e8les 3D, ce qui est nettement plus pr\u00e9cis que le GPS seul.<\/li>\n<li data-sourcepos=\"6:1-6:41\"><strong>Capture de donn\u00e9es plus rapide\u00a0:<\/strong> La g\u00e9olocalisation en temps r\u00e9el fournie par viDoc peut vous aider \u00e0 capturer des donn\u00e9es plus rapidement et plus efficacement.<\/li>\n<li data-sourcepos=\"7:1-7:61\"><strong>Compact et portable :<\/strong> Pesant seulement 250 grammes, viDoc est facile \u00e0 transporter et \u00e0 utiliser sur le terrain.<\/li>\n<li data-sourcepos=\"8:1-9:0\"><strong>Longue dur\u00e9e de vie de la batterie :<\/strong> Avec une autonomie de batterie allant jusqu&#039;\u00e0 8 heures, vous pouvez capturer des donn\u00e9es pendant des p\u00e9riodes prolong\u00e9es sans avoir besoin de recharger.<\/li>\n<\/ul>\n<p data-sourcepos=\"10:1-10:123\">Dans l\u2019ensemble, Pix4D viDoc est un outil pr\u00e9cieux pour quiconque a besoin de cr\u00e9er des mod\u00e8les 3D tr\u00e8s pr\u00e9cis \u00e0 l\u2019aide du logiciel Pix4Dcatch.<\/p>\n<\/div>\n<div class=\"skeleton-loader-container\"><\/div>\n<div class=\"response-footer gap complete\">\n<div class=\"sources-list-container ng-star-inserted\"><\/div>\n<\/div>\n<\/div>\n<\/div>\n<\/div>\n<div class=\"response-container-footer ng-tns-c1914865436-57\">\n<div class=\"actions-container-v2 ng-star-inserted\">\n<div class=\"buttons-container-v2 ng-star-inserted\">\n<div class=\"thumbs-up-animation-container\" hidden=\"\"><\/div>\n<div class=\"thumbs-down-animation-container\" hidden=\"\"><\/div>\n<div class=\"menu-button-wrapper ng-star-inserted\"><button class=\"mat-mdc-menu-trigger mat-mdc-tooltip-trigger icon-button mdc-button mat-mdc-button gmat-mdc-button-with-prefix mat-unthemed mat-mdc-button-base gmat-mdc-button ng-star-inserted\" aria-label=\"Modifier la r\u00e9ponse\" aria-haspopup=\"menu\" aria-expanded=\"false\">r\u00e9gler<\/button><button class=\"mat-mdc-menu-trigger mat-mdc-tooltip-trigger icon-button mdc-button mat-mdc-button gmat-mdc-button-with-prefix mat-unthemed mat-mdc-button-base gmat-mdc-button ng-star-inserted\" aria-label=\"Partilhar e exportar\" aria-haspopup=\"menu\" aria-expanded=\"false\">partager<\/button><\/div>\n<div class=\"menu-button-wrapper ng-star-inserted\"><\/div>\n<div class=\"menu-button-wrapper ng-star-inserted\"><button class=\"mat-mdc-menu-trigger mat-mdc-tooltip-trigger icon-button mdc-button mat-mdc-button gmat-mdc-button-with-prefix mat-unthemed mat-mdc-button-base gmat-mdc-button ng-star-inserted\" aria-label=\"Mostrar mais op\u00e7\u00f5es\" aria-haspopup=\"menu\" aria-expanded=\"false\" aria-describedby=\"cdk-describedby-message-ng-1-54\">plus_vert<\/button><\/div>\n<\/div>\n<\/div>\n<\/div>\n<\/div>\n<div id=\"feedback-form-0\" class=\"feedback-form-turn-index\"><\/div>","protected":false},"excerpt":{"rendered":"<p>Pix4D viDoc est un rover mobile RTK (Real-Time Kinematic) con\u00e7u pour \u00eatre utilis\u00e9 avec le logiciel Pix4Dcatch afin d&#039;am\u00e9liorer la pr\u00e9cision des mod\u00e8les 3D captur\u00e9s au sol.<\/p>","protected":false},"featured_media":19127,"comment_status":"open","ping_status":"closed","template":"","meta":[],"product_brand":[],"product_cat":[100,912,31],"product_tag":[102,914],"class_list":{"0":"post-19125","1":"product","2":"type-product","3":"status-publish","4":"has-post-thumbnail","6":"product_cat-pix4d","7":"product_cat-pix4dcatch","8":"product_cat-software","9":"product_tag-pix4d","10":"product_tag-pix4d-vidoc","12":"first","13":"onbackorder","14":"taxable","15":"shipping-taxable","16":"product-type-simple"},"yoast_head":"<!-- This site is optimized with the Yoast SEO plugin v27.1.1 - https:\/\/yoast.com\/product\/yoast-seo-wordpress\/ -->\n<title>Pix4D viDoc - Ghostysky<\/title>\n<meta name=\"description\" content=\"Pix4D viDoc is a mobile RTK (Real-Time Kinematic) rover designed to be used with Pix4Dcatch software to improve the accuracy of 3D models captured on the ground.\" \/>\n<meta name=\"robots\" content=\"index, follow, max-snippet:-1, max-image-preview:large, max-video-preview:-1\" \/>\n<link rel=\"canonical\" href=\"https:\/\/www.ghostysky.com\/fr\/product\/pix4d-vidoc\/\" \/>\n<meta property=\"og:locale\" content=\"fr_FR\" \/>\n<meta property=\"og:type\" content=\"article\" \/>\n<meta property=\"og:title\" content=\"Pix4D viDoc - Ghostysky\" \/>\n<meta property=\"og:description\" content=\"Pix4D viDoc is a mobile RTK (Real-Time Kinematic) rover designed to be used with Pix4Dcatch software to improve the accuracy of 3D models captured on the ground.\" \/>\n<meta property=\"og:url\" content=\"https:\/\/www.ghostysky.com\/fr\/product\/pix4d-vidoc\/\" \/>\n<meta property=\"og:site_name\" content=\"Ghostysky\" \/>\n<meta property=\"article:publisher\" content=\"https:\/\/www.facebook.com\/people\/Ghostysky\/100057676170234\/\" \/>\n<meta property=\"article:modified_time\" content=\"2026-01-24T10:05:24+00:00\" \/>\n<meta property=\"og:image\" content=\"https:\/\/www.ghostysky.com\/wp-content\/uploads\/2024\/05\/GH_VIDOC-RTKROVER.jpg\" \/>\n\t<meta property=\"og:image:width\" content=\"720\" \/>\n\t<meta property=\"og:image:height\" content=\"480\" \/>\n\t<meta property=\"og:image:type\" content=\"image\/jpeg\" \/>\n<meta name=\"twitter:card\" content=\"summary_large_image\" \/>\n<meta name=\"twitter:site\" content=\"@Gh0stysky\" \/>\n<meta name=\"twitter:label1\" content=\"Dur\u00e9e de lecture estim\u00e9e\" \/>\n\t<meta name=\"twitter:data1\" content=\"1 minute\" \/>\n<script type=\"application\/ld+json\" class=\"yoast-schema-graph\">{\"@context\":\"https:\/\/schema.org\",\"@graph\":[{\"@type\":\"WebPage\",\"@id\":\"https:\/\/www.ghostysky.com\/product\/pix4d-vidoc\/\",\"url\":\"https:\/\/www.ghostysky.com\/product\/pix4d-vidoc\/\",\"name\":\"Pix4D viDoc - Ghostysky\",\"isPartOf\":{\"@id\":\"https:\/\/www.ghostysky.com\/#website\"},\"primaryImageOfPage\":{\"@id\":\"https:\/\/www.ghostysky.com\/product\/pix4d-vidoc\/#primaryimage\"},\"image\":{\"@id\":\"https:\/\/www.ghostysky.com\/product\/pix4d-vidoc\/#primaryimage\"},\"thumbnailUrl\":\"https:\/\/www.ghostysky.com\/wp-content\/uploads\/2024\/05\/GH_VIDOC-RTKROVER.jpg\",\"datePublished\":\"2024-05-22T11:38:13+00:00\",\"dateModified\":\"2026-01-24T10:05:24+00:00\",\"description\":\"Pix4D viDoc is a mobile RTK (Real-Time Kinematic) rover designed to be used with Pix4Dcatch software to improve the accuracy of 3D models captured on the ground.\",\"breadcrumb\":{\"@id\":\"https:\/\/www.ghostysky.com\/product\/pix4d-vidoc\/#breadcrumb\"},\"inLanguage\":\"fr-FR\",\"potentialAction\":[{\"@type\":\"ReadAction\",\"target\":[\"https:\/\/www.ghostysky.com\/product\/pix4d-vidoc\/\"]}]},{\"@type\":\"ImageObject\",\"inLanguage\":\"fr-FR\",\"@id\":\"https:\/\/www.ghostysky.com\/product\/pix4d-vidoc\/#primaryimage\",\"url\":\"https:\/\/www.ghostysky.com\/wp-content\/uploads\/2024\/05\/GH_VIDOC-RTKROVER.jpg\",\"contentUrl\":\"https:\/\/www.ghostysky.com\/wp-content\/uploads\/2024\/05\/GH_VIDOC-RTKROVER.jpg\",\"width\":720,\"height\":480},{\"@type\":\"BreadcrumbList\",\"@id\":\"https:\/\/www.ghostysky.com\/product\/pix4d-vidoc\/#breadcrumb\",\"itemListElement\":[{\"@type\":\"ListItem\",\"position\":1,\"name\":\"Home\",\"item\":\"https:\/\/www.ghostysky.com\/\"},{\"@type\":\"ListItem\",\"position\":2,\"name\":\"Shop\",\"item\":\"https:\/\/www.ghostysky.com\/shop\/\"},{\"@type\":\"ListItem\",\"position\":3,\"name\":\"Pix4D viDoc\"}]},{\"@type\":\"WebSite\",\"@id\":\"https:\/\/www.ghostysky.com\/#website\",\"url\":\"https:\/\/www.ghostysky.com\/\",\"name\":\"Ghostysky\",\"description\":\"Delivering professional drones and services\",\"publisher\":{\"@id\":\"https:\/\/www.ghostysky.com\/#organization\"},\"potentialAction\":[{\"@type\":\"SearchAction\",\"target\":{\"@type\":\"EntryPoint\",\"urlTemplate\":\"https:\/\/www.ghostysky.com\/?s={search_term_string}\"},\"query-input\":{\"@type\":\"PropertyValueSpecification\",\"valueRequired\":true,\"valueName\":\"search_term_string\"}}],\"inLanguage\":\"fr-FR\"},{\"@type\":\"Organization\",\"@id\":\"https:\/\/www.ghostysky.com\/#organization\",\"name\":\"Ghostysky\",\"url\":\"https:\/\/www.ghostysky.com\/\",\"logo\":{\"@type\":\"ImageObject\",\"inLanguage\":\"fr-FR\",\"@id\":\"https:\/\/www.ghostysky.com\/#\/schema\/logo\/image\/\",\"url\":\"https:\/\/www.ghostysky.com\/wp-content\/uploads\/2020\/06\/cropped-ghostyskylogo_text_white2.png\",\"contentUrl\":\"https:\/\/www.ghostysky.com\/wp-content\/uploads\/2020\/06\/cropped-ghostyskylogo_text_white2.png\",\"width\":169,\"height\":56,\"caption\":\"Ghostysky\"},\"image\":{\"@id\":\"https:\/\/www.ghostysky.com\/#\/schema\/logo\/image\/\"},\"sameAs\":[\"https:\/\/www.facebook.com\/people\/Ghostysky\/100057676170234\/\",\"https:\/\/x.com\/Gh0stysky\",\"https:\/\/www.linkedin.com\/company\/34739653\",\"https:\/\/www.instagram.com\/gh0stysky\"]}]}<\/script>\n<!-- \/ Yoast SEO plugin. -->","yoast_head_json":{"title":"Pix4D viDoc - Ghostysky","description":"Pix4D viDoc est un rover mobile RTK (Real-Time Kinematic) con\u00e7u pour \u00eatre utilis\u00e9 avec le logiciel Pix4Dcatch afin d&#039;am\u00e9liorer la pr\u00e9cision des mod\u00e8les 3D captur\u00e9s au sol.","robots":{"index":"index","follow":"follow","max-snippet":"max-snippet:-1","max-image-preview":"max-image-preview:large","max-video-preview":"max-video-preview:-1"},"canonical":"https:\/\/www.ghostysky.com\/fr\/product\/pix4d-vidoc\/","og_locale":"fr_FR","og_type":"article","og_title":"Pix4D viDoc - Ghostysky","og_description":"Pix4D viDoc is a mobile RTK (Real-Time Kinematic) rover designed to be used with Pix4Dcatch software to improve the accuracy of 3D models captured on the ground.","og_url":"https:\/\/www.ghostysky.com\/fr\/product\/pix4d-vidoc\/","og_site_name":"Ghostysky","article_publisher":"https:\/\/www.facebook.com\/people\/Ghostysky\/100057676170234\/","article_modified_time":"2026-01-24T10:05:24+00:00","og_image":[{"width":720,"height":480,"url":"https:\/\/www.ghostysky.com\/wp-content\/uploads\/2024\/05\/GH_VIDOC-RTKROVER.jpg","type":"image\/jpeg"}],"twitter_card":"summary_large_image","twitter_site":"@Gh0stysky","twitter_misc":{"Dur\u00e9e de lecture estim\u00e9e":"1 minute"},"schema":{"@context":"https:\/\/schema.org","@graph":[{"@type":"WebPage","@id":"https:\/\/www.ghostysky.com\/product\/pix4d-vidoc\/","url":"https:\/\/www.ghostysky.com\/product\/pix4d-vidoc\/","name":"Pix4D viDoc - Ghostysky","isPartOf":{"@id":"https:\/\/www.ghostysky.com\/#website"},"primaryImageOfPage":{"@id":"https:\/\/www.ghostysky.com\/product\/pix4d-vidoc\/#primaryimage"},"image":{"@id":"https:\/\/www.ghostysky.com\/product\/pix4d-vidoc\/#primaryimage"},"thumbnailUrl":"https:\/\/www.ghostysky.com\/wp-content\/uploads\/2024\/05\/GH_VIDOC-RTKROVER.jpg","datePublished":"2024-05-22T11:38:13+00:00","dateModified":"2026-01-24T10:05:24+00:00","description":"Pix4D viDoc est un rover mobile RTK (Real-Time Kinematic) con\u00e7u pour \u00eatre utilis\u00e9 avec le logiciel Pix4Dcatch afin d&#039;am\u00e9liorer la pr\u00e9cision des mod\u00e8les 3D captur\u00e9s au sol.","breadcrumb":{"@id":"https:\/\/www.ghostysky.com\/product\/pix4d-vidoc\/#breadcrumb"},"inLanguage":"fr-FR","potentialAction":[{"@type":"ReadAction","target":["https:\/\/www.ghostysky.com\/product\/pix4d-vidoc\/"]}]},{"@type":"ImageObject","inLanguage":"fr-FR","@id":"https:\/\/www.ghostysky.com\/product\/pix4d-vidoc\/#primaryimage","url":"https:\/\/www.ghostysky.com\/wp-content\/uploads\/2024\/05\/GH_VIDOC-RTKROVER.jpg","contentUrl":"https:\/\/www.ghostysky.com\/wp-content\/uploads\/2024\/05\/GH_VIDOC-RTKROVER.jpg","width":720,"height":480},{"@type":"BreadcrumbList","@id":"https:\/\/www.ghostysky.com\/product\/pix4d-vidoc\/#breadcrumb","itemListElement":[{"@type":"ListItem","position":1,"name":"Home","item":"https:\/\/www.ghostysky.com\/"},{"@type":"ListItem","position":2,"name":"Shop","item":"https:\/\/www.ghostysky.com\/shop\/"},{"@type":"ListItem","position":3,"name":"Pix4D viDoc"}]},{"@type":"WebSite","@id":"https:\/\/www.ghostysky.com\/#website","url":"https:\/\/www.ghostysky.com\/","name":"Ghostysky","description":"Livraison de drones et de services professionnels","publisher":{"@id":"https:\/\/www.ghostysky.com\/#organization"},"potentialAction":[{"@type":"SearchAction","target":{"@type":"EntryPoint","urlTemplate":"https:\/\/www.ghostysky.com\/?s={search_term_string}"},"query-input":{"@type":"PropertyValueSpecification","valueRequired":true,"valueName":"search_term_string"}}],"inLanguage":"fr-FR"},{"@type":"Organization","@id":"https:\/\/www.ghostysky.com\/#organization","name":"Ghostysky","url":"https:\/\/www.ghostysky.com\/","logo":{"@type":"ImageObject","inLanguage":"fr-FR","@id":"https:\/\/www.ghostysky.com\/#\/schema\/logo\/image\/","url":"https:\/\/www.ghostysky.com\/wp-content\/uploads\/2020\/06\/cropped-ghostyskylogo_text_white2.png","contentUrl":"https:\/\/www.ghostysky.com\/wp-content\/uploads\/2020\/06\/cropped-ghostyskylogo_text_white2.png","width":169,"height":56,"caption":"Ghostysky"},"image":{"@id":"https:\/\/www.ghostysky.com\/#\/schema\/logo\/image\/"},"sameAs":["https:\/\/www.facebook.com\/people\/Ghostysky\/100057676170234\/","https:\/\/x.com\/Gh0stysky","https:\/\/www.linkedin.com\/company\/34739653","https:\/\/www.instagram.com\/gh0stysky"]}]}},"_links":{"self":[{"href":"https:\/\/www.ghostysky.com\/fr\/wp-json\/wp\/v2\/product\/19125","targetHints":{"allow":["GET"]}}],"collection":[{"href":"https:\/\/www.ghostysky.com\/fr\/wp-json\/wp\/v2\/product"}],"about":[{"href":"https:\/\/www.ghostysky.com\/fr\/wp-json\/wp\/v2\/types\/product"}],"replies":[{"embeddable":true,"href":"https:\/\/www.ghostysky.com\/fr\/wp-json\/wp\/v2\/comments?post=19125"}],"wp:featuredmedia":[{"embeddable":true,"href":"https:\/\/www.ghostysky.com\/fr\/wp-json\/wp\/v2\/media\/19127"}],"wp:attachment":[{"href":"https:\/\/www.ghostysky.com\/fr\/wp-json\/wp\/v2\/media?parent=19125"}],"wp:term":[{"taxonomy":"product_brand","embeddable":true,"href":"https:\/\/www.ghostysky.com\/fr\/wp-json\/wp\/v2\/product_brand?post=19125"},{"taxonomy":"product_cat","embeddable":true,"href":"https:\/\/www.ghostysky.com\/fr\/wp-json\/wp\/v2\/product_cat?post=19125"},{"taxonomy":"product_tag","embeddable":true,"href":"https:\/\/www.ghostysky.com\/fr\/wp-json\/wp\/v2\/product_tag?post=19125"}],"curies":[{"name":"wp","href":"https:\/\/api.w.org\/{rel}","templated":true}]}}