{"id":19145,"date":"2024-05-22T13:16:33","date_gmt":"2024-05-22T13:16:33","guid":{"rendered":"https:\/\/www.ghostysky.com\/?post_type=product&#038;p=19145"},"modified":"2024-11-05T18:01:18","modified_gmt":"2024-11-05T18:01:18","slug":"emlid-flow-survey-plan-monthly-subscription","status":"publish","type":"product","link":"https:\/\/www.ghostysky.com\/fr\/product\/emlid-flow-survey-plan-monthly-subscription\/","title":{"rendered":"Plan d&#039;enqu\u00eate Emlid Flow (abonnement mensuel)"},"content":{"rendered":"<p data-sourcepos=\"3:1-3:29\"><strong>Fonctionnalit\u00e9s avanc\u00e9es :<\/strong><\/p>\n<ul data-sourcepos=\"5:1-5:68\">\n<li data-sourcepos=\"5:1-5:68\"><strong>Collectez et jalonnez des points avec des descriptions d\u00e9taill\u00e9es :<\/strong> Cela va au-del\u00e0 de la simple capture d&#039;un point. Vous pouvez ajouter des descriptions pour contextualiser chaque point de donn\u00e9es.<\/li>\n<li data-sourcepos=\"6:1-6:68\"><strong>Travailler avec diff\u00e9rents syst\u00e8mes de coordonn\u00e9es :<\/strong> Le plan vous permet de g\u00e9rer diff\u00e9rents syst\u00e8mes de coordonn\u00e9es, essentiels pour des projets d&#039;arpentage pr\u00e9cis.<\/li>\n<li data-sourcepos=\"7:1-7:91\"><strong>Codage des donn\u00e9es d&#039;enqu\u00eate :<\/strong> Attribuez des codes \u00e0 vos points de donn\u00e9es pour les cat\u00e9goriser et les organiser efficacement.<\/li>\n<li data-sourcepos=\"8:1-8:124\"><strong>Collecter et implanter des lignes :<\/strong> Cela vous permet de d\u00e9finir des entit\u00e9s lin\u00e9aires sur votre carte topographique, comme des limites ou des routes.<\/li>\n<li data-sourcepos=\"9:1-10:0\"><strong>G\u00e9rer les biblioth\u00e8ques de codes\u00a0:<\/strong> Cr\u00e9ez et g\u00e9rez des biblioth\u00e8ques de codes personnalis\u00e9es pour une cat\u00e9gorisation simplifi\u00e9e des donn\u00e9es dans vos projets.<\/li>\n<\/ul>\n<p data-sourcepos=\"11:1-11:29\"><strong>\u00c0 qui s&#039;adresse ce plan\u00a0:<\/strong><\/p>\n<p data-sourcepos=\"13:1-13:242\">Le forfait d&#039;enqu\u00eate Emlid Flow est id\u00e9al pour les g\u00e9om\u00e8tres professionnels ou les particuliers qui ont besoin de donn\u00e9es plus compl\u00e8tes pour leurs projets d&#039;enqu\u00eate. Il fournit les outils n\u00e9cessaires pour collecter, g\u00e9rer et organiser efficacement des donn\u00e9es d&#039;enqu\u00eate complexes.<\/p>\n<p data-sourcepos=\"15:1-15:2\"><strong>Points suppl\u00e9mentaires \u00e0 prendre en compte\u00a0:<\/strong><\/p>\n<ul data-sourcepos=\"17:1-18:133\">\n<li data-sourcepos=\"17:1-17:88\">Le plan d&#039;enqu\u00eate Emlid Flow est un service d&#039;abonnement payant, g\u00e9n\u00e9ralement propos\u00e9 annuellement.<\/li>\n<li data-sourcepos=\"18:1-18:133\">Si vous avez uniquement besoin de collecter des points de base pour des t\u00e2ches telles que le placement de points de contr\u00f4le au sol (GCP), le plan Standard gratuit peut suffire.<\/li>\n<\/ul>","protected":false},"excerpt":{"rendered":"<p>Le forfait d&#039;arpentage Emlid Flow est un service d&#039;abonnement qui vous permet d&#039;acc\u00e9der \u00e0 des fonctionnalit\u00e9s avanc\u00e9es pour l&#039;arpentage sur la plateforme Emlid Flow. Il est con\u00e7u pour les utilisateurs qui ont besoin de plus qu&#039;une simple collecte de points.<\/p>","protected":false},"featured_media":19144,"comment_status":"open","ping_status":"closed","template":"","meta":[],"product_brand":[],"product_cat":[89,30,926],"product_tag":[58,908,918],"class_list":{"0":"post-19145","1":"product","2":"type-product","3":"status-publish","4":"has-post-thumbnail","6":"product_cat-emlid","7":"product_cat-mobile-station","8":"product_cat-software-emlid","9":"product_tag-emlid","10":"product_tag-monthly-subscription","11":"product_tag-survey-plan-emlid","13":"first","14":"instock","15":"taxable","16":"shipping-taxable","17":"purchasable","18":"product-type-simple"},"yoast_head":"<!-- This site is optimized with the Yoast SEO plugin v27.4 - https:\/\/yoast.com\/product\/yoast-seo-wordpress\/ -->\n<title>Emlid Flow Survey Plan (Monthly subscription) - Ghostysky<\/title>\n<meta name=\"description\" content=\"The Emlid Flow Survey Plan is a subscription service that unlocks advanced features for land surveying on the Emlid Flow platform. It&#039;s designed for users who need more than just basic point collection.\" \/>\n<meta name=\"robots\" content=\"index, follow, max-snippet:-1, max-image-preview:large, max-video-preview:-1\" \/>\n<link rel=\"canonical\" href=\"https:\/\/www.ghostysky.com\/fr\/product\/emlid-flow-survey-plan-monthly-subscription\/\" \/>\n<meta property=\"og:locale\" content=\"fr_FR\" \/>\n<meta property=\"og:type\" content=\"article\" \/>\n<meta property=\"og:title\" content=\"Emlid Flow Survey Plan (Monthly subscription) - Ghostysky\" \/>\n<meta property=\"og:description\" content=\"The Emlid Flow Survey Plan is a subscription service that unlocks advanced features for land surveying on the Emlid Flow platform. It&#039;s designed for users who need more than just basic point collection.\" \/>\n<meta property=\"og:url\" content=\"https:\/\/www.ghostysky.com\/fr\/product\/emlid-flow-survey-plan-monthly-subscription\/\" \/>\n<meta property=\"og:site_name\" content=\"Ghostysky\" \/>\n<meta property=\"article:publisher\" content=\"https:\/\/www.facebook.com\/people\/Ghostysky\/100057676170234\/\" \/>\n<meta property=\"article:modified_time\" content=\"2024-11-05T18:01:18+00:00\" \/>\n<meta property=\"og:image\" content=\"https:\/\/www.ghostysky.com\/wp-content\/uploads\/2024\/05\/GH_Emlid_Flow_Survey_1.jpg\" \/>\n\t<meta property=\"og:image:width\" content=\"800\" \/>\n\t<meta property=\"og:image:height\" content=\"800\" \/>\n\t<meta property=\"og:image:type\" content=\"image\/jpeg\" \/>\n<meta name=\"twitter:card\" content=\"summary_large_image\" \/>\n<meta name=\"twitter:site\" content=\"@Gh0stysky\" \/>\n<meta name=\"twitter:label1\" content=\"Dur\u00e9e de lecture estim\u00e9e\" \/>\n\t<meta name=\"twitter:data1\" content=\"1 minute\" \/>\n<script type=\"application\/ld+json\" class=\"yoast-schema-graph\">{\"@context\":\"https:\\\/\\\/schema.org\",\"@graph\":[{\"@type\":\"WebPage\",\"@id\":\"https:\\\/\\\/www.ghostysky.com\\\/product\\\/emlid-flow-survey-plan-monthly-subscription\\\/\",\"url\":\"https:\\\/\\\/www.ghostysky.com\\\/product\\\/emlid-flow-survey-plan-monthly-subscription\\\/\",\"name\":\"Emlid Flow Survey Plan (Monthly subscription) - Ghostysky\",\"isPartOf\":{\"@id\":\"https:\\\/\\\/www.ghostysky.com\\\/#website\"},\"primaryImageOfPage\":{\"@id\":\"https:\\\/\\\/www.ghostysky.com\\\/product\\\/emlid-flow-survey-plan-monthly-subscription\\\/#primaryimage\"},\"image\":{\"@id\":\"https:\\\/\\\/www.ghostysky.com\\\/product\\\/emlid-flow-survey-plan-monthly-subscription\\\/#primaryimage\"},\"thumbnailUrl\":\"https:\\\/\\\/www.ghostysky.com\\\/wp-content\\\/uploads\\\/2024\\\/05\\\/GH_Emlid_Flow_Survey_1.jpg\",\"datePublished\":\"2024-05-22T13:16:33+00:00\",\"dateModified\":\"2024-11-05T18:01:18+00:00\",\"description\":\"The Emlid Flow Survey Plan is a subscription service that unlocks advanced features for land surveying on the Emlid Flow platform. It's designed for users who need more than just basic point collection.\",\"breadcrumb\":{\"@id\":\"https:\\\/\\\/www.ghostysky.com\\\/product\\\/emlid-flow-survey-plan-monthly-subscription\\\/#breadcrumb\"},\"inLanguage\":\"fr-FR\",\"potentialAction\":[{\"@type\":\"ReadAction\",\"target\":[\"https:\\\/\\\/www.ghostysky.com\\\/product\\\/emlid-flow-survey-plan-monthly-subscription\\\/\"]}]},{\"@type\":\"ImageObject\",\"inLanguage\":\"fr-FR\",\"@id\":\"https:\\\/\\\/www.ghostysky.com\\\/product\\\/emlid-flow-survey-plan-monthly-subscription\\\/#primaryimage\",\"url\":\"https:\\\/\\\/www.ghostysky.com\\\/wp-content\\\/uploads\\\/2024\\\/05\\\/GH_Emlid_Flow_Survey_1.jpg\",\"contentUrl\":\"https:\\\/\\\/www.ghostysky.com\\\/wp-content\\\/uploads\\\/2024\\\/05\\\/GH_Emlid_Flow_Survey_1.jpg\",\"width\":800,\"height\":800},{\"@type\":\"BreadcrumbList\",\"@id\":\"https:\\\/\\\/www.ghostysky.com\\\/product\\\/emlid-flow-survey-plan-monthly-subscription\\\/#breadcrumb\",\"itemListElement\":[{\"@type\":\"ListItem\",\"position\":1,\"name\":\"Home\",\"item\":\"https:\\\/\\\/www.ghostysky.com\\\/\"},{\"@type\":\"ListItem\",\"position\":2,\"name\":\"Shop\",\"item\":\"https:\\\/\\\/www.ghostysky.com\\\/shop\\\/\"},{\"@type\":\"ListItem\",\"position\":3,\"name\":\"Emlid Flow Survey Plan (Monthly subscription)\"}]},{\"@type\":\"WebSite\",\"@id\":\"https:\\\/\\\/www.ghostysky.com\\\/#website\",\"url\":\"https:\\\/\\\/www.ghostysky.com\\\/\",\"name\":\"Ghostysky\",\"description\":\"Delivering professional drones and robotics solutions\",\"publisher\":{\"@id\":\"https:\\\/\\\/www.ghostysky.com\\\/#organization\"},\"potentialAction\":[{\"@type\":\"SearchAction\",\"target\":{\"@type\":\"EntryPoint\",\"urlTemplate\":\"https:\\\/\\\/www.ghostysky.com\\\/?s={search_term_string}\"},\"query-input\":{\"@type\":\"PropertyValueSpecification\",\"valueRequired\":true,\"valueName\":\"search_term_string\"}}],\"inLanguage\":\"fr-FR\"},{\"@type\":\"Organization\",\"@id\":\"https:\\\/\\\/www.ghostysky.com\\\/#organization\",\"name\":\"Ghostysky\",\"url\":\"https:\\\/\\\/www.ghostysky.com\\\/\",\"logo\":{\"@type\":\"ImageObject\",\"inLanguage\":\"fr-FR\",\"@id\":\"https:\\\/\\\/www.ghostysky.com\\\/#\\\/schema\\\/logo\\\/image\\\/\",\"url\":\"https:\\\/\\\/www.ghostysky.com\\\/wp-content\\\/uploads\\\/2020\\\/06\\\/cropped-ghostyskylogo_text_white2.png\",\"contentUrl\":\"https:\\\/\\\/www.ghostysky.com\\\/wp-content\\\/uploads\\\/2020\\\/06\\\/cropped-ghostyskylogo_text_white2.png\",\"width\":169,\"height\":56,\"caption\":\"Ghostysky\"},\"image\":{\"@id\":\"https:\\\/\\\/www.ghostysky.com\\\/#\\\/schema\\\/logo\\\/image\\\/\"},\"sameAs\":[\"https:\\\/\\\/www.facebook.com\\\/people\\\/Ghostysky\\\/100057676170234\\\/\",\"https:\\\/\\\/x.com\\\/Gh0stysky\",\"https:\\\/\\\/www.linkedin.com\\\/company\\\/34739653\",\"https:\\\/\\\/www.instagram.com\\\/gh0stysky\"]}]}<\/script>\n<!-- \/ Yoast SEO plugin. -->","yoast_head_json":{"title":"Plan d&#039;enqu\u00eate Emlid Flow (abonnement mensuel) - Ghostysky","description":"Le forfait d&#039;arpentage Emlid Flow est un service d&#039;abonnement qui vous permet d&#039;acc\u00e9der \u00e0 des fonctionnalit\u00e9s avanc\u00e9es pour l&#039;arpentage sur la plateforme Emlid Flow. Il est con\u00e7u pour les utilisateurs qui ont besoin de plus qu&#039;une simple collecte de points.","robots":{"index":"index","follow":"follow","max-snippet":"max-snippet:-1","max-image-preview":"max-image-preview:large","max-video-preview":"max-video-preview:-1"},"canonical":"https:\/\/www.ghostysky.com\/fr\/product\/emlid-flow-survey-plan-monthly-subscription\/","og_locale":"fr_FR","og_type":"article","og_title":"Emlid Flow Survey Plan (Monthly subscription) - Ghostysky","og_description":"The Emlid Flow Survey Plan is a subscription service that unlocks advanced features for land surveying on the Emlid Flow platform. It's designed for users who need more than just basic point collection.","og_url":"https:\/\/www.ghostysky.com\/fr\/product\/emlid-flow-survey-plan-monthly-subscription\/","og_site_name":"Ghostysky","article_publisher":"https:\/\/www.facebook.com\/people\/Ghostysky\/100057676170234\/","article_modified_time":"2024-11-05T18:01:18+00:00","og_image":[{"width":800,"height":800,"url":"https:\/\/www.ghostysky.com\/wp-content\/uploads\/2024\/05\/GH_Emlid_Flow_Survey_1.jpg","type":"image\/jpeg"}],"twitter_card":"summary_large_image","twitter_site":"@Gh0stysky","twitter_misc":{"Dur\u00e9e de lecture estim\u00e9e":"1 minute"},"schema":{"@context":"https:\/\/schema.org","@graph":[{"@type":"WebPage","@id":"https:\/\/www.ghostysky.com\/product\/emlid-flow-survey-plan-monthly-subscription\/","url":"https:\/\/www.ghostysky.com\/product\/emlid-flow-survey-plan-monthly-subscription\/","name":"Plan d&#039;enqu\u00eate Emlid Flow (abonnement mensuel) - Ghostysky","isPartOf":{"@id":"https:\/\/www.ghostysky.com\/#website"},"primaryImageOfPage":{"@id":"https:\/\/www.ghostysky.com\/product\/emlid-flow-survey-plan-monthly-subscription\/#primaryimage"},"image":{"@id":"https:\/\/www.ghostysky.com\/product\/emlid-flow-survey-plan-monthly-subscription\/#primaryimage"},"thumbnailUrl":"https:\/\/www.ghostysky.com\/wp-content\/uploads\/2024\/05\/GH_Emlid_Flow_Survey_1.jpg","datePublished":"2024-05-22T13:16:33+00:00","dateModified":"2024-11-05T18:01:18+00:00","description":"Le forfait d&#039;arpentage Emlid Flow est un service d&#039;abonnement qui vous permet d&#039;acc\u00e9der \u00e0 des fonctionnalit\u00e9s avanc\u00e9es pour l&#039;arpentage sur la plateforme Emlid Flow. Il est con\u00e7u pour les utilisateurs qui ont besoin de plus qu&#039;une simple collecte de points.","breadcrumb":{"@id":"https:\/\/www.ghostysky.com\/product\/emlid-flow-survey-plan-monthly-subscription\/#breadcrumb"},"inLanguage":"fr-FR","potentialAction":[{"@type":"ReadAction","target":["https:\/\/www.ghostysky.com\/product\/emlid-flow-survey-plan-monthly-subscription\/"]}]},{"@type":"ImageObject","inLanguage":"fr-FR","@id":"https:\/\/www.ghostysky.com\/product\/emlid-flow-survey-plan-monthly-subscription\/#primaryimage","url":"https:\/\/www.ghostysky.com\/wp-content\/uploads\/2024\/05\/GH_Emlid_Flow_Survey_1.jpg","contentUrl":"https:\/\/www.ghostysky.com\/wp-content\/uploads\/2024\/05\/GH_Emlid_Flow_Survey_1.jpg","width":800,"height":800},{"@type":"BreadcrumbList","@id":"https:\/\/www.ghostysky.com\/product\/emlid-flow-survey-plan-monthly-subscription\/#breadcrumb","itemListElement":[{"@type":"ListItem","position":1,"name":"Home","item":"https:\/\/www.ghostysky.com\/"},{"@type":"ListItem","position":2,"name":"Shop","item":"https:\/\/www.ghostysky.com\/shop\/"},{"@type":"ListItem","position":3,"name":"Emlid Flow Survey Plan (Monthly subscription)"}]},{"@type":"WebSite","@id":"https:\/\/www.ghostysky.com\/#website","url":"https:\/\/www.ghostysky.com\/","name":"Ghostysky","description":"Fourniture de solutions professionnelles en mati\u00e8re de drones et de robotique","publisher":{"@id":"https:\/\/www.ghostysky.com\/#organization"},"potentialAction":[{"@type":"SearchAction","target":{"@type":"EntryPoint","urlTemplate":"https:\/\/www.ghostysky.com\/?s={search_term_string}"},"query-input":{"@type":"PropertyValueSpecification","valueRequired":true,"valueName":"search_term_string"}}],"inLanguage":"fr-FR"},{"@type":"Organization","@id":"https:\/\/www.ghostysky.com\/#organization","name":"Ghostysky","url":"https:\/\/www.ghostysky.com\/","logo":{"@type":"ImageObject","inLanguage":"fr-FR","@id":"https:\/\/www.ghostysky.com\/#\/schema\/logo\/image\/","url":"https:\/\/www.ghostysky.com\/wp-content\/uploads\/2020\/06\/cropped-ghostyskylogo_text_white2.png","contentUrl":"https:\/\/www.ghostysky.com\/wp-content\/uploads\/2020\/06\/cropped-ghostyskylogo_text_white2.png","width":169,"height":56,"caption":"Ghostysky"},"image":{"@id":"https:\/\/www.ghostysky.com\/#\/schema\/logo\/image\/"},"sameAs":["https:\/\/www.facebook.com\/people\/Ghostysky\/100057676170234\/","https:\/\/x.com\/Gh0stysky","https:\/\/www.linkedin.com\/company\/34739653","https:\/\/www.instagram.com\/gh0stysky"]}]}},"_links":{"self":[{"href":"https:\/\/www.ghostysky.com\/fr\/wp-json\/wp\/v2\/product\/19145","targetHints":{"allow":["GET"]}}],"collection":[{"href":"https:\/\/www.ghostysky.com\/fr\/wp-json\/wp\/v2\/product"}],"about":[{"href":"https:\/\/www.ghostysky.com\/fr\/wp-json\/wp\/v2\/types\/product"}],"replies":[{"embeddable":true,"href":"https:\/\/www.ghostysky.com\/fr\/wp-json\/wp\/v2\/comments?post=19145"}],"version-history":[{"count":0,"href":"https:\/\/www.ghostysky.com\/fr\/wp-json\/wp\/v2\/product\/19145\/revisions"}],"wp:featuredmedia":[{"embeddable":true,"href":"https:\/\/www.ghostysky.com\/fr\/wp-json\/wp\/v2\/media\/19144"}],"wp:attachment":[{"href":"https:\/\/www.ghostysky.com\/fr\/wp-json\/wp\/v2\/media?parent=19145"}],"wp:term":[{"taxonomy":"product_brand","embeddable":true,"href":"https:\/\/www.ghostysky.com\/fr\/wp-json\/wp\/v2\/product_brand?post=19145"},{"taxonomy":"product_cat","embeddable":true,"href":"https:\/\/www.ghostysky.com\/fr\/wp-json\/wp\/v2\/product_cat?post=19145"},{"taxonomy":"product_tag","embeddable":true,"href":"https:\/\/www.ghostysky.com\/fr\/wp-json\/wp\/v2\/product_tag?post=19145"}],"curies":[{"name":"wp","href":"https:\/\/api.w.org\/{rel}","templated":true}]}}