{"id":19166,"date":"2024-05-22T14:23:32","date_gmt":"2024-05-22T14:23:32","guid":{"rendered":"https:\/\/www.ghostysky.com\/?post_type=product&#038;p=19166"},"modified":"2025-10-14T11:55:17","modified_gmt":"2025-10-14T11:55:17","slug":"scanace-perpetual-license","status":"publish","type":"product","link":"https:\/\/www.ghostysky.com\/fr\/product\/scanace-perpetual-license\/","title":{"rendered":"ScanAce \u2013 Licence perp\u00e9tuelle"},"content":{"rendered":"<h4 data-sourcepos=\"3:1-3:39\">Caract\u00e9ristiques principales<\/h4>\n<ul data-sourcepos=\"5:1-5:28\">\n<li data-sourcepos=\"5:1-5:28\"><strong>Transforme votre appareil en scanner 3D :<\/strong> En exploitant le scanner LiDAR et la technologie SLAM (localisation et cartographie simultan\u00e9es) de votre appareil, ScanAce le transforme en un scanner laser d&#039;imagerie portable.<\/li>\n<li data-sourcepos=\"6:1-6:135\"><strong>G\u00e9n\u00e9ration pr\u00e9cise de mod\u00e8les 3D :<\/strong> Capturez des environnements du monde r\u00e9el et cr\u00e9ez des mod\u00e8les 3D pr\u00e9cis \u00e0 diverses fins telles que la planification, la documentation et m\u00eame la g\u00e9n\u00e9ration de jumeaux num\u00e9riques.<\/li>\n<li data-sourcepos=\"7:1-7:162\"><strong>Traitement hors ligne :<\/strong> Tout le traitement des donn\u00e9es captur\u00e9es est effectu\u00e9 directement sur votre appareil, \u00e9liminant ainsi le besoin d&#039;une connexion Internet ou de services cloud.<\/li>\n<li data-sourcepos=\"8:1-9:0\"><strong>Appareils pris en charge\u00a0:<\/strong> D\u00e9sormais, ScanAce est compatible avec certains appareils Apple \u00e9quip\u00e9s de scanners LiDAR : iPad Pro (mod\u00e8les 2020 et 2021), iPhone 12 Pro et iPhone 12 Pro Max.<\/li>\n<\/ul>\n<p data-sourcepos=\"10:1-10:218\"><strong>En r\u00e9sum\u00e9, ScanAce offre une solution portable et pratique pour capturer des environnements r\u00e9els et g\u00e9n\u00e9rer des mod\u00e8les 3D \u00e0 l&#039;aide de votre smartphone ou de votre tablette, particuli\u00e8rement utile pour les professionnels de divers domaines.<\/strong><\/p>","protected":false},"excerpt":{"rendered":"<div class=\"avatar-gutter ng-tns-c1914865436-105 ng-star-inserted\">\n<div class=\"resize-observable\">ScanAce d&#039;ITS Geo Solutions est une application professionnelle de num\u00e9risation 3D con\u00e7ue pour les smartphones et les tablettes. Elle s&#039;adresse \u00e0 divers domaines, notamment la topographie, la construction, les services publics, l&#039;arch\u00e9ologie, l&#039;architecture et les SIG (Syst\u00e8mes d&#039;information g\u00e9ographique).<\/div>\n<div><\/div>\n<\/div>\n<div>Kit disponible en ligne pour le logiciel \u2013 <a href=\"https:\/\/www.ghostysky.com\/fr\/product\/emlid-rx-iphone-kit\/\">Kit Emlid RX pour iPhone<\/a><\/div>","protected":false},"featured_media":19168,"comment_status":"open","ping_status":"closed","template":"","meta":[],"product_brand":[],"product_cat":[922,31],"product_tag":[924,921,71],"class_list":{"0":"post-19166","1":"product","2":"type-product","3":"status-publish","4":"has-post-thumbnail","6":"product_cat-its-geo","7":"product_cat-software","8":"product_tag-emlid-rx-iphone-kit","9":"product_tag-scanace","10":"product_tag-software","12":"first","13":"instock","14":"taxable","15":"shipping-taxable","16":"product-type-simple"},"yoast_head":"<!-- This site is optimized with the Yoast SEO plugin v27.1.1 - https:\/\/yoast.com\/product\/yoast-seo-wordpress\/ -->\n<title>ScanAce - Perpetual License - Ghostysky<\/title>\n<meta name=\"description\" content=\"ScanAce by ITS Geo Solutions is a professional 3D scanning application designed for use on smartphones and tablets. It caters to various fields including surveying, construction, utilities, archaeology, architecture, and GIS (Geographic Information Systems).\" \/>\n<meta name=\"robots\" content=\"index, follow, max-snippet:-1, max-image-preview:large, max-video-preview:-1\" \/>\n<link rel=\"canonical\" href=\"https:\/\/www.ghostysky.com\/fr\/product\/scanace-perpetual-license\/\" \/>\n<meta property=\"og:locale\" content=\"fr_FR\" \/>\n<meta property=\"og:type\" content=\"article\" \/>\n<meta property=\"og:title\" content=\"ScanAce - Perpetual License - Ghostysky\" \/>\n<meta property=\"og:description\" content=\"ScanAce by ITS Geo Solutions is a professional 3D scanning application designed for use on smartphones and tablets. It caters to various fields including surveying, construction, utilities, archaeology, architecture, and GIS (Geographic Information Systems).\" \/>\n<meta property=\"og:url\" content=\"https:\/\/www.ghostysky.com\/fr\/product\/scanace-perpetual-license\/\" \/>\n<meta property=\"og:site_name\" content=\"Ghostysky\" \/>\n<meta property=\"article:publisher\" content=\"https:\/\/www.facebook.com\/people\/Ghostysky\/100057676170234\/\" \/>\n<meta property=\"article:modified_time\" content=\"2025-10-14T11:55:17+00:00\" \/>\n<meta property=\"og:image\" content=\"https:\/\/www.ghostysky.com\/wp-content\/uploads\/2024\/05\/GH_ScanAce_1.jpg\" \/>\n\t<meta property=\"og:image:width\" content=\"582\" \/>\n\t<meta property=\"og:image:height\" content=\"400\" \/>\n\t<meta property=\"og:image:type\" content=\"image\/jpeg\" \/>\n<meta name=\"twitter:card\" content=\"summary_large_image\" \/>\n<meta name=\"twitter:site\" content=\"@Gh0stysky\" \/>\n<meta name=\"twitter:label1\" content=\"Dur\u00e9e de lecture estim\u00e9e\" \/>\n\t<meta name=\"twitter:data1\" content=\"1 minute\" \/>\n<script type=\"application\/ld+json\" class=\"yoast-schema-graph\">{\"@context\":\"https:\/\/schema.org\",\"@graph\":[{\"@type\":\"WebPage\",\"@id\":\"https:\/\/www.ghostysky.com\/product\/scanace-perpetual-license\/\",\"url\":\"https:\/\/www.ghostysky.com\/product\/scanace-perpetual-license\/\",\"name\":\"ScanAce - Perpetual License - Ghostysky\",\"isPartOf\":{\"@id\":\"https:\/\/www.ghostysky.com\/#website\"},\"primaryImageOfPage\":{\"@id\":\"https:\/\/www.ghostysky.com\/product\/scanace-perpetual-license\/#primaryimage\"},\"image\":{\"@id\":\"https:\/\/www.ghostysky.com\/product\/scanace-perpetual-license\/#primaryimage\"},\"thumbnailUrl\":\"https:\/\/www.ghostysky.com\/wp-content\/uploads\/2024\/05\/GH_ScanAce_1.jpg\",\"datePublished\":\"2024-05-22T14:23:32+00:00\",\"dateModified\":\"2025-10-14T11:55:17+00:00\",\"description\":\"ScanAce by ITS Geo Solutions is a professional 3D scanning application designed for use on smartphones and tablets. It caters to various fields including surveying, construction, utilities, archaeology, architecture, and GIS (Geographic Information Systems).\",\"breadcrumb\":{\"@id\":\"https:\/\/www.ghostysky.com\/product\/scanace-perpetual-license\/#breadcrumb\"},\"inLanguage\":\"fr-FR\",\"potentialAction\":[{\"@type\":\"ReadAction\",\"target\":[\"https:\/\/www.ghostysky.com\/product\/scanace-perpetual-license\/\"]}]},{\"@type\":\"ImageObject\",\"inLanguage\":\"fr-FR\",\"@id\":\"https:\/\/www.ghostysky.com\/product\/scanace-perpetual-license\/#primaryimage\",\"url\":\"https:\/\/www.ghostysky.com\/wp-content\/uploads\/2024\/05\/GH_ScanAce_1.jpg\",\"contentUrl\":\"https:\/\/www.ghostysky.com\/wp-content\/uploads\/2024\/05\/GH_ScanAce_1.jpg\",\"width\":582,\"height\":400},{\"@type\":\"BreadcrumbList\",\"@id\":\"https:\/\/www.ghostysky.com\/product\/scanace-perpetual-license\/#breadcrumb\",\"itemListElement\":[{\"@type\":\"ListItem\",\"position\":1,\"name\":\"Home\",\"item\":\"https:\/\/www.ghostysky.com\/\"},{\"@type\":\"ListItem\",\"position\":2,\"name\":\"Shop\",\"item\":\"https:\/\/www.ghostysky.com\/shop\/\"},{\"@type\":\"ListItem\",\"position\":3,\"name\":\"ScanAce &#8211; Perpetual License\"}]},{\"@type\":\"WebSite\",\"@id\":\"https:\/\/www.ghostysky.com\/#website\",\"url\":\"https:\/\/www.ghostysky.com\/\",\"name\":\"Ghostysky\",\"description\":\"Delivering professional drones and services\",\"publisher\":{\"@id\":\"https:\/\/www.ghostysky.com\/#organization\"},\"potentialAction\":[{\"@type\":\"SearchAction\",\"target\":{\"@type\":\"EntryPoint\",\"urlTemplate\":\"https:\/\/www.ghostysky.com\/?s={search_term_string}\"},\"query-input\":{\"@type\":\"PropertyValueSpecification\",\"valueRequired\":true,\"valueName\":\"search_term_string\"}}],\"inLanguage\":\"fr-FR\"},{\"@type\":\"Organization\",\"@id\":\"https:\/\/www.ghostysky.com\/#organization\",\"name\":\"Ghostysky\",\"url\":\"https:\/\/www.ghostysky.com\/\",\"logo\":{\"@type\":\"ImageObject\",\"inLanguage\":\"fr-FR\",\"@id\":\"https:\/\/www.ghostysky.com\/#\/schema\/logo\/image\/\",\"url\":\"https:\/\/www.ghostysky.com\/wp-content\/uploads\/2020\/06\/cropped-ghostyskylogo_text_white2.png\",\"contentUrl\":\"https:\/\/www.ghostysky.com\/wp-content\/uploads\/2020\/06\/cropped-ghostyskylogo_text_white2.png\",\"width\":169,\"height\":56,\"caption\":\"Ghostysky\"},\"image\":{\"@id\":\"https:\/\/www.ghostysky.com\/#\/schema\/logo\/image\/\"},\"sameAs\":[\"https:\/\/www.facebook.com\/people\/Ghostysky\/100057676170234\/\",\"https:\/\/x.com\/Gh0stysky\",\"https:\/\/www.linkedin.com\/company\/34739653\",\"https:\/\/www.instagram.com\/gh0stysky\"]}]}<\/script>\n<!-- \/ Yoast SEO plugin. -->","yoast_head_json":{"title":"ScanAce - Licence perp\u00e9tuelle - Ghostysky","description":"ScanAce d&#039;ITS Geo Solutions est une application professionnelle de num\u00e9risation 3D con\u00e7ue pour les smartphones et les tablettes. Elle s&#039;adresse \u00e0 divers domaines, notamment la topographie, la construction, les services publics, l&#039;arch\u00e9ologie, l&#039;architecture et les SIG (Syst\u00e8mes d&#039;information g\u00e9ographique).","robots":{"index":"index","follow":"follow","max-snippet":"max-snippet:-1","max-image-preview":"max-image-preview:large","max-video-preview":"max-video-preview:-1"},"canonical":"https:\/\/www.ghostysky.com\/fr\/product\/scanace-perpetual-license\/","og_locale":"fr_FR","og_type":"article","og_title":"ScanAce - Perpetual License - Ghostysky","og_description":"ScanAce by ITS Geo Solutions is a professional 3D scanning application designed for use on smartphones and tablets. It caters to various fields including surveying, construction, utilities, archaeology, architecture, and GIS (Geographic Information Systems).","og_url":"https:\/\/www.ghostysky.com\/fr\/product\/scanace-perpetual-license\/","og_site_name":"Ghostysky","article_publisher":"https:\/\/www.facebook.com\/people\/Ghostysky\/100057676170234\/","article_modified_time":"2025-10-14T11:55:17+00:00","og_image":[{"width":582,"height":400,"url":"https:\/\/www.ghostysky.com\/wp-content\/uploads\/2024\/05\/GH_ScanAce_1.jpg","type":"image\/jpeg"}],"twitter_card":"summary_large_image","twitter_site":"@Gh0stysky","twitter_misc":{"Dur\u00e9e de lecture estim\u00e9e":"1 minute"},"schema":{"@context":"https:\/\/schema.org","@graph":[{"@type":"WebPage","@id":"https:\/\/www.ghostysky.com\/product\/scanace-perpetual-license\/","url":"https:\/\/www.ghostysky.com\/product\/scanace-perpetual-license\/","name":"ScanAce - Licence perp\u00e9tuelle - Ghostysky","isPartOf":{"@id":"https:\/\/www.ghostysky.com\/#website"},"primaryImageOfPage":{"@id":"https:\/\/www.ghostysky.com\/product\/scanace-perpetual-license\/#primaryimage"},"image":{"@id":"https:\/\/www.ghostysky.com\/product\/scanace-perpetual-license\/#primaryimage"},"thumbnailUrl":"https:\/\/www.ghostysky.com\/wp-content\/uploads\/2024\/05\/GH_ScanAce_1.jpg","datePublished":"2024-05-22T14:23:32+00:00","dateModified":"2025-10-14T11:55:17+00:00","description":"ScanAce d&#039;ITS Geo Solutions est une application professionnelle de num\u00e9risation 3D con\u00e7ue pour les smartphones et les tablettes. Elle s&#039;adresse \u00e0 divers domaines, notamment la topographie, la construction, les services publics, l&#039;arch\u00e9ologie, l&#039;architecture et les SIG (Syst\u00e8mes d&#039;information g\u00e9ographique).","breadcrumb":{"@id":"https:\/\/www.ghostysky.com\/product\/scanace-perpetual-license\/#breadcrumb"},"inLanguage":"fr-FR","potentialAction":[{"@type":"ReadAction","target":["https:\/\/www.ghostysky.com\/product\/scanace-perpetual-license\/"]}]},{"@type":"ImageObject","inLanguage":"fr-FR","@id":"https:\/\/www.ghostysky.com\/product\/scanace-perpetual-license\/#primaryimage","url":"https:\/\/www.ghostysky.com\/wp-content\/uploads\/2024\/05\/GH_ScanAce_1.jpg","contentUrl":"https:\/\/www.ghostysky.com\/wp-content\/uploads\/2024\/05\/GH_ScanAce_1.jpg","width":582,"height":400},{"@type":"BreadcrumbList","@id":"https:\/\/www.ghostysky.com\/product\/scanace-perpetual-license\/#breadcrumb","itemListElement":[{"@type":"ListItem","position":1,"name":"Home","item":"https:\/\/www.ghostysky.com\/"},{"@type":"ListItem","position":2,"name":"Shop","item":"https:\/\/www.ghostysky.com\/shop\/"},{"@type":"ListItem","position":3,"name":"ScanAce &#8211; Perpetual License"}]},{"@type":"WebSite","@id":"https:\/\/www.ghostysky.com\/#website","url":"https:\/\/www.ghostysky.com\/","name":"Ghostysky","description":"Livraison de drones et de services professionnels","publisher":{"@id":"https:\/\/www.ghostysky.com\/#organization"},"potentialAction":[{"@type":"SearchAction","target":{"@type":"EntryPoint","urlTemplate":"https:\/\/www.ghostysky.com\/?s={search_term_string}"},"query-input":{"@type":"PropertyValueSpecification","valueRequired":true,"valueName":"search_term_string"}}],"inLanguage":"fr-FR"},{"@type":"Organization","@id":"https:\/\/www.ghostysky.com\/#organization","name":"Ghostysky","url":"https:\/\/www.ghostysky.com\/","logo":{"@type":"ImageObject","inLanguage":"fr-FR","@id":"https:\/\/www.ghostysky.com\/#\/schema\/logo\/image\/","url":"https:\/\/www.ghostysky.com\/wp-content\/uploads\/2020\/06\/cropped-ghostyskylogo_text_white2.png","contentUrl":"https:\/\/www.ghostysky.com\/wp-content\/uploads\/2020\/06\/cropped-ghostyskylogo_text_white2.png","width":169,"height":56,"caption":"Ghostysky"},"image":{"@id":"https:\/\/www.ghostysky.com\/#\/schema\/logo\/image\/"},"sameAs":["https:\/\/www.facebook.com\/people\/Ghostysky\/100057676170234\/","https:\/\/x.com\/Gh0stysky","https:\/\/www.linkedin.com\/company\/34739653","https:\/\/www.instagram.com\/gh0stysky"]}]}},"_links":{"self":[{"href":"https:\/\/www.ghostysky.com\/fr\/wp-json\/wp\/v2\/product\/19166","targetHints":{"allow":["GET"]}}],"collection":[{"href":"https:\/\/www.ghostysky.com\/fr\/wp-json\/wp\/v2\/product"}],"about":[{"href":"https:\/\/www.ghostysky.com\/fr\/wp-json\/wp\/v2\/types\/product"}],"replies":[{"embeddable":true,"href":"https:\/\/www.ghostysky.com\/fr\/wp-json\/wp\/v2\/comments?post=19166"}],"wp:featuredmedia":[{"embeddable":true,"href":"https:\/\/www.ghostysky.com\/fr\/wp-json\/wp\/v2\/media\/19168"}],"wp:attachment":[{"href":"https:\/\/www.ghostysky.com\/fr\/wp-json\/wp\/v2\/media?parent=19166"}],"wp:term":[{"taxonomy":"product_brand","embeddable":true,"href":"https:\/\/www.ghostysky.com\/fr\/wp-json\/wp\/v2\/product_brand?post=19166"},{"taxonomy":"product_cat","embeddable":true,"href":"https:\/\/www.ghostysky.com\/fr\/wp-json\/wp\/v2\/product_cat?post=19166"},{"taxonomy":"product_tag","embeddable":true,"href":"https:\/\/www.ghostysky.com\/fr\/wp-json\/wp\/v2\/product_tag?post=19166"}],"curies":[{"name":"wp","href":"https:\/\/api.w.org\/{rel}","templated":true}]}}