{"id":19342,"date":"2024-05-25T10:55:29","date_gmt":"2024-05-25T10:55:29","guid":{"rendered":"https:\/\/www.ghostysky.com\/?post_type=product&#038;p=19342"},"modified":"2025-10-18T04:31:14","modified_gmt":"2025-10-18T04:31:14","slug":"dji-zenmuse-h30-worry-free-plus-combo","status":"publish","type":"product","link":"https:\/\/www.ghostysky.com\/fr\/product\/dji-zenmuse-h30-worry-free-plus-combo\/","title":{"rendered":"Combo DJI Zenmuse H30 Worry-Free Plus"},"content":{"rendered":"<p data-sourcepos=\"3:1-3:21\"><strong>Plusieurs capteurs :<\/strong><\/p>\n<ul data-sourcepos=\"5:1-5:34\">\n<li data-sourcepos=\"5:1-5:34\"><strong>Cam\u00e9ra zoom haute r\u00e9solution :<\/strong> Capteur 40MP avec zoom optique jusqu&#039;\u00e0 34x et zoom num\u00e9rique 400x pour capturer des images et des vid\u00e9os d\u00e9taill\u00e9es de sujets \u00e9loign\u00e9s.<\/li>\n<li data-sourcepos=\"6:1-6:1\"><strong>Cam\u00e9ra grand angle :<\/strong> Offre un large champ de vision pour une meilleure connaissance de la situation.<\/li>\n<li data-sourcepos=\"7:1-7:83\"><strong>T\u00e9l\u00e9m\u00e8tre laser :<\/strong> Fournit des mesures de distance pr\u00e9cises jusqu&#039;\u00e0 3000 m\u00e8tres.<\/li>\n<li data-sourcepos=\"8:1-8:164\"><strong>Cam\u00e9ra thermique infrarouge (mod\u00e8le H30T uniquement)\u00a0:<\/strong> Utile pour capturer des images thermiques dans des conditions de faible luminosit\u00e9 ou d&#039;obscurit\u00e9 totale, id\u00e9al pour la recherche et le sauvetage ou les inspections.<\/li>\n<li data-sourcepos=\"9:1-10:0\"><strong>Lumi\u00e8re auxiliaire NIR :<\/strong> Aide \u00e0 l&#039;imagerie de vision nocturne.<\/li>\n<\/ul>\n<p data-sourcepos=\"11:1-11:21\"><strong>Autres points forts :<\/strong><\/p>\n<ul data-sourcepos=\"13:1-14:94\">\n<li data-sourcepos=\"13:1-13:111\"><strong>Fonctionnement par tous les temps :<\/strong> Peut r\u00e9sister \u00e0 la pluie, \u00e0 la neige et au vent pour des performances fiables dans diverses conditions.<\/li>\n<li data-sourcepos=\"14:1-14:94\"><strong>Capacit\u00e9 jour et nuit :<\/strong> Les cam\u00e9ras dot\u00e9es de modes de vision nocturne permettent un fonctionnement efficace tout au long du cycle jour-nuit.<\/li>\n<li data-sourcepos=\"15:1-16:0\"><strong>Compatibilit\u00e9:<\/strong> S&#039;int\u00e8gre aux drones DJI Matrice 300 RTK et Matrice 350 RTK (n\u00e9cessite DJI CR Plus).<\/li>\n<\/ul>\n<p data-sourcepos=\"17:1-17:169\">Dans l\u2019ensemble, le DJI Zenmuse H30 est une charge utile puissante et polyvalente adapt\u00e9e aux applications professionnelles de s\u00e9curit\u00e9 publique, d\u2019inspections, de surveillance des infrastructures, etc.<\/p>","protected":false},"excerpt":{"rendered":"<div class=\"avatar-gutter ng-tns-c2176366975-45 ng-star-inserted\">\n<div class=\"resize-observable\">Le DJI Zenmuse H30 est une charge utile multicapteurs haut de gamme con\u00e7ue pour \u00eatre utilis\u00e9e avec les drones DJI Enterprise compatibles. Il est commercialis\u00e9 comme une solution tout-temps, utilisable toute la journ\u00e9e, pour diverses applications.<\/div>\n<\/div>","protected":false},"featured_media":19339,"comment_status":"open","ping_status":"closed","template":"","meta":[],"product_brand":[],"product_cat":[622,37,621,29,1125,1127],"product_tag":[938,937,618],"class_list":{"0":"post-19342","1":"product","2":"type-product","3":"status-publish","4":"has-post-thumbnail","6":"product_cat-matrice-350-accessories","7":"product_cat-dji","8":"product_cat-dji-matrice-350-rtk","9":"product_cat-drones","10":"product_cat-matrice-400","11":"product_cat-matrice-400-accessories","12":"product_tag-dji-matrice-350","13":"product_tag-dji-zenmuse-h30","14":"product_tag-worry-free-plus-combo","16":"first","17":"onbackorder","18":"taxable","19":"shipping-taxable","20":"purchasable","21":"product-type-simple"},"yoast_head":"<!-- This site is optimized with the Yoast SEO plugin v27.1.1 - https:\/\/yoast.com\/product\/yoast-seo-wordpress\/ -->\n<title>DJI Zenmuse H30 Worry-Free Plus Combo - Ghostysky<\/title>\n<meta name=\"description\" content=\"The DJI Zenmuse H30 is a high-end multi-sensor payload designed for use with compatible DJI Enterprise drones. It&#039;s marketed as an all-weather, full-day solution for various applications.\" \/>\n<meta name=\"robots\" content=\"index, follow, max-snippet:-1, max-image-preview:large, max-video-preview:-1\" \/>\n<link rel=\"canonical\" href=\"https:\/\/www.ghostysky.com\/fr\/product\/dji-zenmuse-h30-worry-free-plus-combo\/\" \/>\n<meta property=\"og:locale\" content=\"fr_FR\" \/>\n<meta property=\"og:type\" content=\"article\" \/>\n<meta property=\"og:title\" content=\"DJI Zenmuse H30 Worry-Free Plus Combo - Ghostysky\" \/>\n<meta property=\"og:description\" content=\"The DJI Zenmuse H30 is a high-end multi-sensor payload designed for use with compatible DJI Enterprise drones. It&#039;s marketed as an all-weather, full-day solution for various applications.\" \/>\n<meta property=\"og:url\" content=\"https:\/\/www.ghostysky.com\/fr\/product\/dji-zenmuse-h30-worry-free-plus-combo\/\" \/>\n<meta property=\"og:site_name\" content=\"Ghostysky\" \/>\n<meta property=\"article:publisher\" content=\"https:\/\/www.facebook.com\/people\/Ghostysky\/100057676170234\/\" \/>\n<meta property=\"article:modified_time\" content=\"2025-10-18T04:31:14+00:00\" \/>\n<meta property=\"og:image\" content=\"https:\/\/www.ghostysky.com\/wp-content\/uploads\/2024\/05\/GH_DJI_H30_2-1.jpg\" \/>\n\t<meta property=\"og:image:width\" content=\"1280\" \/>\n\t<meta property=\"og:image:height\" content=\"1280\" \/>\n\t<meta property=\"og:image:type\" content=\"image\/jpeg\" \/>\n<meta name=\"twitter:card\" content=\"summary_large_image\" \/>\n<meta name=\"twitter:site\" content=\"@Gh0stysky\" \/>\n<meta name=\"twitter:label1\" content=\"Dur\u00e9e de lecture estim\u00e9e\" \/>\n\t<meta name=\"twitter:data1\" content=\"1 minute\" \/>\n<script type=\"application\/ld+json\" class=\"yoast-schema-graph\">{\"@context\":\"https:\/\/schema.org\",\"@graph\":[{\"@type\":\"WebPage\",\"@id\":\"https:\/\/www.ghostysky.com\/product\/dji-zenmuse-h30-worry-free-plus-combo\/\",\"url\":\"https:\/\/www.ghostysky.com\/product\/dji-zenmuse-h30-worry-free-plus-combo\/\",\"name\":\"DJI Zenmuse H30 Worry-Free Plus Combo - Ghostysky\",\"isPartOf\":{\"@id\":\"https:\/\/www.ghostysky.com\/#website\"},\"primaryImageOfPage\":{\"@id\":\"https:\/\/www.ghostysky.com\/product\/dji-zenmuse-h30-worry-free-plus-combo\/#primaryimage\"},\"image\":{\"@id\":\"https:\/\/www.ghostysky.com\/product\/dji-zenmuse-h30-worry-free-plus-combo\/#primaryimage\"},\"thumbnailUrl\":\"https:\/\/www.ghostysky.com\/wp-content\/uploads\/2024\/05\/GH_DJI_H30_2-1.jpg\",\"datePublished\":\"2024-05-25T10:55:29+00:00\",\"dateModified\":\"2025-10-18T04:31:14+00:00\",\"description\":\"The DJI Zenmuse H30 is a high-end multi-sensor payload designed for use with compatible DJI Enterprise drones. It's marketed as an all-weather, full-day solution for various applications.\",\"breadcrumb\":{\"@id\":\"https:\/\/www.ghostysky.com\/product\/dji-zenmuse-h30-worry-free-plus-combo\/#breadcrumb\"},\"inLanguage\":\"fr-FR\",\"potentialAction\":[{\"@type\":\"ReadAction\",\"target\":[\"https:\/\/www.ghostysky.com\/product\/dji-zenmuse-h30-worry-free-plus-combo\/\"]}]},{\"@type\":\"ImageObject\",\"inLanguage\":\"fr-FR\",\"@id\":\"https:\/\/www.ghostysky.com\/product\/dji-zenmuse-h30-worry-free-plus-combo\/#primaryimage\",\"url\":\"https:\/\/www.ghostysky.com\/wp-content\/uploads\/2024\/05\/GH_DJI_H30_2-1.jpg\",\"contentUrl\":\"https:\/\/www.ghostysky.com\/wp-content\/uploads\/2024\/05\/GH_DJI_H30_2-1.jpg\",\"width\":1280,\"height\":1280},{\"@type\":\"BreadcrumbList\",\"@id\":\"https:\/\/www.ghostysky.com\/product\/dji-zenmuse-h30-worry-free-plus-combo\/#breadcrumb\",\"itemListElement\":[{\"@type\":\"ListItem\",\"position\":1,\"name\":\"Home\",\"item\":\"https:\/\/www.ghostysky.com\/\"},{\"@type\":\"ListItem\",\"position\":2,\"name\":\"Shop\",\"item\":\"https:\/\/www.ghostysky.com\/shop\/\"},{\"@type\":\"ListItem\",\"position\":3,\"name\":\"DJI Zenmuse H30 Worry-Free Plus Combo\"}]},{\"@type\":\"WebSite\",\"@id\":\"https:\/\/www.ghostysky.com\/#website\",\"url\":\"https:\/\/www.ghostysky.com\/\",\"name\":\"Ghostysky\",\"description\":\"Delivering professional drones and services\",\"publisher\":{\"@id\":\"https:\/\/www.ghostysky.com\/#organization\"},\"potentialAction\":[{\"@type\":\"SearchAction\",\"target\":{\"@type\":\"EntryPoint\",\"urlTemplate\":\"https:\/\/www.ghostysky.com\/?s={search_term_string}\"},\"query-input\":{\"@type\":\"PropertyValueSpecification\",\"valueRequired\":true,\"valueName\":\"search_term_string\"}}],\"inLanguage\":\"fr-FR\"},{\"@type\":\"Organization\",\"@id\":\"https:\/\/www.ghostysky.com\/#organization\",\"name\":\"Ghostysky\",\"url\":\"https:\/\/www.ghostysky.com\/\",\"logo\":{\"@type\":\"ImageObject\",\"inLanguage\":\"fr-FR\",\"@id\":\"https:\/\/www.ghostysky.com\/#\/schema\/logo\/image\/\",\"url\":\"https:\/\/www.ghostysky.com\/wp-content\/uploads\/2020\/06\/cropped-ghostyskylogo_text_white2.png\",\"contentUrl\":\"https:\/\/www.ghostysky.com\/wp-content\/uploads\/2020\/06\/cropped-ghostyskylogo_text_white2.png\",\"width\":169,\"height\":56,\"caption\":\"Ghostysky\"},\"image\":{\"@id\":\"https:\/\/www.ghostysky.com\/#\/schema\/logo\/image\/\"},\"sameAs\":[\"https:\/\/www.facebook.com\/people\/Ghostysky\/100057676170234\/\",\"https:\/\/x.com\/Gh0stysky\",\"https:\/\/www.linkedin.com\/company\/34739653\",\"https:\/\/www.instagram.com\/gh0stysky\"]}]}<\/script>\n<!-- \/ Yoast SEO plugin. -->","yoast_head_json":{"title":"DJI Zenmuse H30 Worry-Free Plus Combo - Ghostysky","description":"Le DJI Zenmuse H30 est une charge utile multicapteurs haut de gamme con\u00e7ue pour \u00eatre utilis\u00e9e avec les drones DJI Enterprise compatibles. Il est commercialis\u00e9 comme une solution tout-temps, utilisable toute la journ\u00e9e, pour diverses applications.","robots":{"index":"index","follow":"follow","max-snippet":"max-snippet:-1","max-image-preview":"max-image-preview:large","max-video-preview":"max-video-preview:-1"},"canonical":"https:\/\/www.ghostysky.com\/fr\/product\/dji-zenmuse-h30-worry-free-plus-combo\/","og_locale":"fr_FR","og_type":"article","og_title":"DJI Zenmuse H30 Worry-Free Plus Combo - Ghostysky","og_description":"The DJI Zenmuse H30 is a high-end multi-sensor payload designed for use with compatible DJI Enterprise drones. It's marketed as an all-weather, full-day solution for various applications.","og_url":"https:\/\/www.ghostysky.com\/fr\/product\/dji-zenmuse-h30-worry-free-plus-combo\/","og_site_name":"Ghostysky","article_publisher":"https:\/\/www.facebook.com\/people\/Ghostysky\/100057676170234\/","article_modified_time":"2025-10-18T04:31:14+00:00","og_image":[{"width":1280,"height":1280,"url":"https:\/\/www.ghostysky.com\/wp-content\/uploads\/2024\/05\/GH_DJI_H30_2-1.jpg","type":"image\/jpeg"}],"twitter_card":"summary_large_image","twitter_site":"@Gh0stysky","twitter_misc":{"Dur\u00e9e de lecture estim\u00e9e":"1 minute"},"schema":{"@context":"https:\/\/schema.org","@graph":[{"@type":"WebPage","@id":"https:\/\/www.ghostysky.com\/product\/dji-zenmuse-h30-worry-free-plus-combo\/","url":"https:\/\/www.ghostysky.com\/product\/dji-zenmuse-h30-worry-free-plus-combo\/","name":"DJI Zenmuse H30 Worry-Free Plus Combo - Ghostysky","isPartOf":{"@id":"https:\/\/www.ghostysky.com\/#website"},"primaryImageOfPage":{"@id":"https:\/\/www.ghostysky.com\/product\/dji-zenmuse-h30-worry-free-plus-combo\/#primaryimage"},"image":{"@id":"https:\/\/www.ghostysky.com\/product\/dji-zenmuse-h30-worry-free-plus-combo\/#primaryimage"},"thumbnailUrl":"https:\/\/www.ghostysky.com\/wp-content\/uploads\/2024\/05\/GH_DJI_H30_2-1.jpg","datePublished":"2024-05-25T10:55:29+00:00","dateModified":"2025-10-18T04:31:14+00:00","description":"Le DJI Zenmuse H30 est une charge utile multicapteurs haut de gamme con\u00e7ue pour \u00eatre utilis\u00e9e avec les drones DJI Enterprise compatibles. Il est commercialis\u00e9 comme une solution tout-temps, utilisable toute la journ\u00e9e, pour diverses applications.","breadcrumb":{"@id":"https:\/\/www.ghostysky.com\/product\/dji-zenmuse-h30-worry-free-plus-combo\/#breadcrumb"},"inLanguage":"fr-FR","potentialAction":[{"@type":"ReadAction","target":["https:\/\/www.ghostysky.com\/product\/dji-zenmuse-h30-worry-free-plus-combo\/"]}]},{"@type":"ImageObject","inLanguage":"fr-FR","@id":"https:\/\/www.ghostysky.com\/product\/dji-zenmuse-h30-worry-free-plus-combo\/#primaryimage","url":"https:\/\/www.ghostysky.com\/wp-content\/uploads\/2024\/05\/GH_DJI_H30_2-1.jpg","contentUrl":"https:\/\/www.ghostysky.com\/wp-content\/uploads\/2024\/05\/GH_DJI_H30_2-1.jpg","width":1280,"height":1280},{"@type":"BreadcrumbList","@id":"https:\/\/www.ghostysky.com\/product\/dji-zenmuse-h30-worry-free-plus-combo\/#breadcrumb","itemListElement":[{"@type":"ListItem","position":1,"name":"Home","item":"https:\/\/www.ghostysky.com\/"},{"@type":"ListItem","position":2,"name":"Shop","item":"https:\/\/www.ghostysky.com\/shop\/"},{"@type":"ListItem","position":3,"name":"DJI Zenmuse H30 Worry-Free Plus Combo"}]},{"@type":"WebSite","@id":"https:\/\/www.ghostysky.com\/#website","url":"https:\/\/www.ghostysky.com\/","name":"Ghostysky","description":"Livraison de drones et de services professionnels","publisher":{"@id":"https:\/\/www.ghostysky.com\/#organization"},"potentialAction":[{"@type":"SearchAction","target":{"@type":"EntryPoint","urlTemplate":"https:\/\/www.ghostysky.com\/?s={search_term_string}"},"query-input":{"@type":"PropertyValueSpecification","valueRequired":true,"valueName":"search_term_string"}}],"inLanguage":"fr-FR"},{"@type":"Organization","@id":"https:\/\/www.ghostysky.com\/#organization","name":"Ghostysky","url":"https:\/\/www.ghostysky.com\/","logo":{"@type":"ImageObject","inLanguage":"fr-FR","@id":"https:\/\/www.ghostysky.com\/#\/schema\/logo\/image\/","url":"https:\/\/www.ghostysky.com\/wp-content\/uploads\/2020\/06\/cropped-ghostyskylogo_text_white2.png","contentUrl":"https:\/\/www.ghostysky.com\/wp-content\/uploads\/2020\/06\/cropped-ghostyskylogo_text_white2.png","width":169,"height":56,"caption":"Ghostysky"},"image":{"@id":"https:\/\/www.ghostysky.com\/#\/schema\/logo\/image\/"},"sameAs":["https:\/\/www.facebook.com\/people\/Ghostysky\/100057676170234\/","https:\/\/x.com\/Gh0stysky","https:\/\/www.linkedin.com\/company\/34739653","https:\/\/www.instagram.com\/gh0stysky"]}]}},"_links":{"self":[{"href":"https:\/\/www.ghostysky.com\/fr\/wp-json\/wp\/v2\/product\/19342","targetHints":{"allow":["GET"]}}],"collection":[{"href":"https:\/\/www.ghostysky.com\/fr\/wp-json\/wp\/v2\/product"}],"about":[{"href":"https:\/\/www.ghostysky.com\/fr\/wp-json\/wp\/v2\/types\/product"}],"replies":[{"embeddable":true,"href":"https:\/\/www.ghostysky.com\/fr\/wp-json\/wp\/v2\/comments?post=19342"}],"wp:featuredmedia":[{"embeddable":true,"href":"https:\/\/www.ghostysky.com\/fr\/wp-json\/wp\/v2\/media\/19339"}],"wp:attachment":[{"href":"https:\/\/www.ghostysky.com\/fr\/wp-json\/wp\/v2\/media?parent=19342"}],"wp:term":[{"taxonomy":"product_brand","embeddable":true,"href":"https:\/\/www.ghostysky.com\/fr\/wp-json\/wp\/v2\/product_brand?post=19342"},{"taxonomy":"product_cat","embeddable":true,"href":"https:\/\/www.ghostysky.com\/fr\/wp-json\/wp\/v2\/product_cat?post=19342"},{"taxonomy":"product_tag","embeddable":true,"href":"https:\/\/www.ghostysky.com\/fr\/wp-json\/wp\/v2\/product_tag?post=19342"}],"curies":[{"name":"wp","href":"https:\/\/api.w.org\/{rel}","templated":true}]}}