{"id":19508,"date":"2024-07-19T10:01:19","date_gmt":"2024-07-19T10:01:19","guid":{"rendered":"https:\/\/www.ghostysky.com\/?post_type=product&#038;p=19508"},"modified":"2025-10-14T11:25:44","modified_gmt":"2025-10-14T11:25:44","slug":"fisherman-fd1-waterproof-fishing-drone","status":"publish","type":"product","link":"https:\/\/www.ghostysky.com\/fr\/product\/fisherman-fd1-waterproof-fishing-drone\/","title":{"rendered":"Drone de p\u00eache \u00e9tanche Fisherman FD1+"},"content":{"rendered":"<p data-sourcepos=\"5:1-5:12\"><strong>Caract\u00e9ristiques<\/strong><\/p>\n<ul data-sourcepos=\"7:1-7:33\">\n<li data-sourcepos=\"7:1-7:33\"><strong>Lancez plus loin, attrapez plus gros :<\/strong> Avec une capacit\u00e9 de charge utile maximale de 4,8 lb (2,2 kg), le FD1+ peut livrer votre app\u00e2t et votre ligne de p\u00eache plus loin que jamais, atteignant les endroits de p\u00eache difficiles d&#039;acc\u00e8s.<\/li>\n<li data-sourcepos=\"8:1-8:235\"><strong>Con\u00e7u pour le levage d&#039;app\u00e2ts :<\/strong> Le FD1+ est aliment\u00e9 par une batterie LiHV 6S haute tension qui lui permet de transporter des leurres lourds sans compromettre la stabilit\u00e9 de vol. Son syst\u00e8me de propulsion performant lui permet de voler dans des conditions difficiles, comme par vent fort.<\/li>\n<li data-sourcepos=\"9:1-9:197\"><strong>Con\u00e7u pour les nouveaux pilotes\u00a0:<\/strong> Le FD1+ est facile \u00e0 piloter, m\u00eame pour les d\u00e9butants. Sa conception sans calibrage et son contr\u00f4leur de vol intuitif simplifient le d\u00e9collage, l&#039;atterrissage et le vol.<\/li>\n<li data-sourcepos=\"10:1-11:0\"><strong>Con\u00e7u pour une dur\u00e9e de vie plus longue :<\/strong> Le FD1+ est con\u00e7u pour r\u00e9sister aux conditions difficiles de l&#039;eau sal\u00e9e. Son fuselage est en ABS de qualit\u00e9 industrielle et est \u00e9tanche selon la norme 100% (IP67). Les moteurs externes \u00e9tanches et l&#039;\u00e9lectronique interne b\u00e9n\u00e9ficient \u00e9galement d&#039;un rev\u00eatement pour une meilleure r\u00e9sistance \u00e0 la corrosion.<\/li>\n<\/ul>\n<p data-sourcepos=\"12:1-12:18\"><strong>Caract\u00e9ristiques<\/strong><\/p>\n<ul data-sourcepos=\"14:1-20:0\">\n<li data-sourcepos=\"14:1-14:35\"><strong>Dur\u00e9e du vol :<\/strong> Jusqu&#039;\u00e0 25 minutes<\/li>\n<li data-sourcepos=\"15:1-15:48\"><strong>Capacit\u00e9 de charge utile maximale :<\/strong> 4,8 livres (2,2 kg)<\/li>\n<li data-sourcepos=\"16:1-16:45\"><strong>Port\u00e9e de lancer :<\/strong> Jusqu&#039;\u00e0 1,3 km (0,8 miles)<\/li>\n<li data-sourcepos=\"17:1-17:55\"><strong>R\u00e9sistance au vent :<\/strong> Jusqu&#039;au niveau 7 (20 m\/s ou 38 mph)<\/li>\n<li data-sourcepos=\"18:1-18:35\"><strong>Batterie:<\/strong> LiHV 6S haute tension<\/li>\n<li data-sourcepos=\"19:1-20:0\"><strong>Application :<\/strong> Application SwellPro (disponible sur iOS et Android)<\/li>\n<\/ul>\n<p data-sourcepos=\"21:1-21:55\">Globalement, le drone de p\u00eache \u00e9tanche Fisherman FD1+ est une excellente option pour les p\u00eacheurs souhaitant se lancer dans la p\u00eache au drone. Il est facile \u00e0 utiliser, offre une longue autonomie de vol et peut transporter une charge utile importante.<\/p>\n<p data-sourcepos=\"23:1-23:106\">Voici quelques \u00e9l\u00e9ments suppl\u00e9mentaires \u00e0 prendre en compte avant d&#039;acheter le drone de p\u00eache \u00e9tanche Fisherman FD1+\u00a0:<\/p>\n<ul data-sourcepos=\"25:1-27:244\">\n<li data-sourcepos=\"25:1-25:166\"><strong>R\u00e9glementation sur la p\u00eache au drone :<\/strong> La r\u00e9glementation sur la p\u00eache par drone varie d&#039;un endroit \u00e0 l&#039;autre. Assurez-vous de v\u00e9rifier la r\u00e9glementation en vigueur dans votre r\u00e9gion avant d&#039;acheter un drone pour la p\u00eache.<\/li>\n<li data-sourcepos=\"26:1-26:230\"><strong>Niveau de comp\u00e9tence :<\/strong> Bien que le FD1+ soit facile \u00e0 piloter, ma\u00eetriser la p\u00eache au drone demande un peu de pratique. Si vous \u00eates totalement d\u00e9butant, vous pouvez envisager de suivre un cours de pilotage de drone avant de commencer \u00e0 p\u00eacher avec un drone.<\/li>\n<li data-sourcepos=\"27:1-27:244\"><strong>Co\u00fbt:<\/strong> Le Fisherman FD1+ est un drone relativement abordable, mais il repr\u00e9sente tout de m\u00eame un investissement. N&#039;oubliez pas de prendre en compte le co\u00fbt du drone, ainsi que les accessoires suppl\u00e9mentaires dont vous pourriez avoir besoin, comme des batteries suppl\u00e9mentaires et des m\u00e9canismes de largage d&#039;app\u00e2ts.<\/li>\n<\/ul>\n<div class=\"response-container-content ng-tns-c1912281619-69\">\n<div class=\"response-content ng-tns-c1912281619-69\">\n<div class=\"markdown markdown-main-panel\" dir=\"ltr\">\n<p class=\"first-token\" data-sourcepos=\"1:1-1:17\">Le drone de p\u00eache \u00e9tanche Fisherman FD1+ est livr\u00e9 avec les \u00e9l\u00e9ments suivants dans la bo\u00eete\u00a0:<\/p>\n<ul data-sourcepos=\"3:1-5:2\">\n<li data-sourcepos=\"3:1-3:13\">1x Avion<\/li>\n<li data-sourcepos=\"4:1-4:22\">1x t\u00e9l\u00e9commande<\/li>\n<li data-sourcepos=\"5:1-5:2\">1x double largage de charge utile<\/li>\n<li data-sourcepos=\"6:1-6:22\">2x h\u00e9lices (paire)<\/li>\n<li data-sourcepos=\"7:1-7:19\">1x batterie de vol<\/li>\n<li data-sourcepos=\"8:1-8:32\">1x Chargeur de batterie et c\u00e2ble<\/li>\n<li data-sourcepos=\"9:1-9:18\">1x adaptateur secteur<\/li>\n<li data-sourcepos=\"10:1-12:0\">1x c\u00e2ble USB-C<\/li>\n<\/ul>\n<\/div>\n<\/div>\n<\/div>","protected":false},"excerpt":{"rendered":"<p>Le drone de p\u00eache \u00e9tanche Fisherman FD1+ est un drone d&#039;entr\u00e9e de gamme sp\u00e9cialement con\u00e7u pour les d\u00e9butants en p\u00eache au drone. Il s&#039;agit d&#039;une version simplifi\u00e9e et am\u00e9lior\u00e9e du SplashDrone 3+, supprimant toutes les fonctionnalit\u00e9s inutiles qui emp\u00eachent le largage des app\u00e2ts, r\u00e9duisant ainsi son co\u00fbt.<\/p>","protected":false},"featured_media":19509,"comment_status":"open","ping_status":"closed","template":"","meta":[],"product_brand":[],"product_cat":[29,303,278],"product_tag":[951,279],"class_list":{"0":"post-19508","1":"product","2":"type-product","3":"status-publish","4":"has-post-thumbnail","6":"product_cat-drones","7":"product_cat-drones-sweellpro","8":"product_cat-swellpro","9":"product_tag-fisherman-fd1-plus","10":"product_tag-swellpro","12":"first","13":"onbackorder","14":"taxable","15":"shipping-taxable","16":"product-type-simple"},"yoast_head":"<!-- This site is optimized with the Yoast SEO plugin v27.1.1 - https:\/\/yoast.com\/product\/yoast-seo-wordpress\/ -->\n<title>Fisherman FD1+ WaterProof Fishing Drone - Ghostysky<\/title>\n<meta name=\"description\" content=\"The Fisherman FD1+ WaterProof Fishing Drone is an entry-level drone designed specifically for those who are new to drone fishing. It is a simplified yet enhanced version of SplashDrone 3+ removing all the unnecessary features that don&#039;t contribute to bait dropping, thus reducing the cost.\" \/>\n<meta name=\"robots\" content=\"index, follow, max-snippet:-1, max-image-preview:large, max-video-preview:-1\" \/>\n<link rel=\"canonical\" href=\"https:\/\/www.ghostysky.com\/fr\/product\/fisherman-fd1-waterproof-fishing-drone\/\" \/>\n<meta property=\"og:locale\" content=\"fr_FR\" \/>\n<meta property=\"og:type\" content=\"article\" \/>\n<meta property=\"og:title\" content=\"Fisherman FD1+ WaterProof Fishing Drone - Ghostysky\" \/>\n<meta property=\"og:description\" content=\"The Fisherman FD1+ WaterProof Fishing Drone is an entry-level drone designed specifically for those who are new to drone fishing. It is a simplified yet enhanced version of SplashDrone 3+ removing all the unnecessary features that don&#039;t contribute to bait dropping, thus reducing the cost.\" \/>\n<meta property=\"og:url\" content=\"https:\/\/www.ghostysky.com\/fr\/product\/fisherman-fd1-waterproof-fishing-drone\/\" \/>\n<meta property=\"og:site_name\" content=\"Ghostysky\" \/>\n<meta property=\"article:publisher\" content=\"https:\/\/www.facebook.com\/people\/Ghostysky\/100057676170234\/\" \/>\n<meta property=\"article:modified_time\" content=\"2025-10-14T11:25:44+00:00\" \/>\n<meta property=\"og:image\" content=\"https:\/\/www.ghostysky.com\/wp-content\/uploads\/2024\/07\/Swellpro_FD14.jpg\" \/>\n\t<meta property=\"og:image:width\" content=\"800\" \/>\n\t<meta property=\"og:image:height\" content=\"800\" \/>\n\t<meta property=\"og:image:type\" content=\"image\/jpeg\" \/>\n<meta name=\"twitter:card\" content=\"summary_large_image\" \/>\n<meta name=\"twitter:site\" content=\"@Gh0stysky\" \/>\n<meta name=\"twitter:label1\" content=\"Dur\u00e9e de lecture estim\u00e9e\" \/>\n\t<meta name=\"twitter:data1\" content=\"2 minutes\" \/>\n<script type=\"application\/ld+json\" class=\"yoast-schema-graph\">{\"@context\":\"https:\/\/schema.org\",\"@graph\":[{\"@type\":\"WebPage\",\"@id\":\"https:\/\/www.ghostysky.com\/product\/fisherman-fd1-waterproof-fishing-drone\/\",\"url\":\"https:\/\/www.ghostysky.com\/product\/fisherman-fd1-waterproof-fishing-drone\/\",\"name\":\"Fisherman FD1+ WaterProof Fishing Drone - Ghostysky\",\"isPartOf\":{\"@id\":\"https:\/\/www.ghostysky.com\/#website\"},\"primaryImageOfPage\":{\"@id\":\"https:\/\/www.ghostysky.com\/product\/fisherman-fd1-waterproof-fishing-drone\/#primaryimage\"},\"image\":{\"@id\":\"https:\/\/www.ghostysky.com\/product\/fisherman-fd1-waterproof-fishing-drone\/#primaryimage\"},\"thumbnailUrl\":\"https:\/\/www.ghostysky.com\/wp-content\/uploads\/2024\/07\/Swellpro_FD14.jpg\",\"datePublished\":\"2024-07-19T10:01:19+00:00\",\"dateModified\":\"2025-10-14T11:25:44+00:00\",\"description\":\"The Fisherman FD1+ WaterProof Fishing Drone is an entry-level drone designed specifically for those who are new to drone fishing. It is a simplified yet enhanced version of SplashDrone 3+ removing all the unnecessary features that don't contribute to bait dropping, thus reducing the cost.\",\"breadcrumb\":{\"@id\":\"https:\/\/www.ghostysky.com\/product\/fisherman-fd1-waterproof-fishing-drone\/#breadcrumb\"},\"inLanguage\":\"fr-FR\",\"potentialAction\":[{\"@type\":\"ReadAction\",\"target\":[\"https:\/\/www.ghostysky.com\/product\/fisherman-fd1-waterproof-fishing-drone\/\"]}]},{\"@type\":\"ImageObject\",\"inLanguage\":\"fr-FR\",\"@id\":\"https:\/\/www.ghostysky.com\/product\/fisherman-fd1-waterproof-fishing-drone\/#primaryimage\",\"url\":\"https:\/\/www.ghostysky.com\/wp-content\/uploads\/2024\/07\/Swellpro_FD14.jpg\",\"contentUrl\":\"https:\/\/www.ghostysky.com\/wp-content\/uploads\/2024\/07\/Swellpro_FD14.jpg\",\"width\":800,\"height\":800},{\"@type\":\"BreadcrumbList\",\"@id\":\"https:\/\/www.ghostysky.com\/product\/fisherman-fd1-waterproof-fishing-drone\/#breadcrumb\",\"itemListElement\":[{\"@type\":\"ListItem\",\"position\":1,\"name\":\"Home\",\"item\":\"https:\/\/www.ghostysky.com\/\"},{\"@type\":\"ListItem\",\"position\":2,\"name\":\"Shop\",\"item\":\"https:\/\/www.ghostysky.com\/shop\/\"},{\"@type\":\"ListItem\",\"position\":3,\"name\":\"Fisherman FD1+ WaterProof Fishing Drone\"}]},{\"@type\":\"WebSite\",\"@id\":\"https:\/\/www.ghostysky.com\/#website\",\"url\":\"https:\/\/www.ghostysky.com\/\",\"name\":\"Ghostysky\",\"description\":\"Delivering professional drones and services\",\"publisher\":{\"@id\":\"https:\/\/www.ghostysky.com\/#organization\"},\"potentialAction\":[{\"@type\":\"SearchAction\",\"target\":{\"@type\":\"EntryPoint\",\"urlTemplate\":\"https:\/\/www.ghostysky.com\/?s={search_term_string}\"},\"query-input\":{\"@type\":\"PropertyValueSpecification\",\"valueRequired\":true,\"valueName\":\"search_term_string\"}}],\"inLanguage\":\"fr-FR\"},{\"@type\":\"Organization\",\"@id\":\"https:\/\/www.ghostysky.com\/#organization\",\"name\":\"Ghostysky\",\"url\":\"https:\/\/www.ghostysky.com\/\",\"logo\":{\"@type\":\"ImageObject\",\"inLanguage\":\"fr-FR\",\"@id\":\"https:\/\/www.ghostysky.com\/#\/schema\/logo\/image\/\",\"url\":\"https:\/\/www.ghostysky.com\/wp-content\/uploads\/2020\/06\/cropped-ghostyskylogo_text_white2.png\",\"contentUrl\":\"https:\/\/www.ghostysky.com\/wp-content\/uploads\/2020\/06\/cropped-ghostyskylogo_text_white2.png\",\"width\":169,\"height\":56,\"caption\":\"Ghostysky\"},\"image\":{\"@id\":\"https:\/\/www.ghostysky.com\/#\/schema\/logo\/image\/\"},\"sameAs\":[\"https:\/\/www.facebook.com\/people\/Ghostysky\/100057676170234\/\",\"https:\/\/x.com\/Gh0stysky\",\"https:\/\/www.linkedin.com\/company\/34739653\",\"https:\/\/www.instagram.com\/gh0stysky\"]}]}<\/script>\n<!-- \/ Yoast SEO plugin. -->","yoast_head_json":{"title":"Drone de p\u00eache \u00e9tanche Fisherman FD1+ - Ghostysky","description":"Le drone de p\u00eache \u00e9tanche Fisherman FD1+ est un drone d&#039;entr\u00e9e de gamme sp\u00e9cialement con\u00e7u pour les d\u00e9butants en p\u00eache au drone. Il s&#039;agit d&#039;une version simplifi\u00e9e et am\u00e9lior\u00e9e du SplashDrone 3+, supprimant toutes les fonctionnalit\u00e9s inutiles qui emp\u00eachent le largage des app\u00e2ts, r\u00e9duisant ainsi son co\u00fbt.","robots":{"index":"index","follow":"follow","max-snippet":"max-snippet:-1","max-image-preview":"max-image-preview:large","max-video-preview":"max-video-preview:-1"},"canonical":"https:\/\/www.ghostysky.com\/fr\/product\/fisherman-fd1-waterproof-fishing-drone\/","og_locale":"fr_FR","og_type":"article","og_title":"Fisherman FD1+ WaterProof Fishing Drone - Ghostysky","og_description":"The Fisherman FD1+ WaterProof Fishing Drone is an entry-level drone designed specifically for those who are new to drone fishing. It is a simplified yet enhanced version of SplashDrone 3+ removing all the unnecessary features that don't contribute to bait dropping, thus reducing the cost.","og_url":"https:\/\/www.ghostysky.com\/fr\/product\/fisherman-fd1-waterproof-fishing-drone\/","og_site_name":"Ghostysky","article_publisher":"https:\/\/www.facebook.com\/people\/Ghostysky\/100057676170234\/","article_modified_time":"2025-10-14T11:25:44+00:00","og_image":[{"width":800,"height":800,"url":"https:\/\/www.ghostysky.com\/wp-content\/uploads\/2024\/07\/Swellpro_FD14.jpg","type":"image\/jpeg"}],"twitter_card":"summary_large_image","twitter_site":"@Gh0stysky","twitter_misc":{"Dur\u00e9e de lecture estim\u00e9e":"2 minutes"},"schema":{"@context":"https:\/\/schema.org","@graph":[{"@type":"WebPage","@id":"https:\/\/www.ghostysky.com\/product\/fisherman-fd1-waterproof-fishing-drone\/","url":"https:\/\/www.ghostysky.com\/product\/fisherman-fd1-waterproof-fishing-drone\/","name":"Drone de p\u00eache \u00e9tanche Fisherman FD1+ - Ghostysky","isPartOf":{"@id":"https:\/\/www.ghostysky.com\/#website"},"primaryImageOfPage":{"@id":"https:\/\/www.ghostysky.com\/product\/fisherman-fd1-waterproof-fishing-drone\/#primaryimage"},"image":{"@id":"https:\/\/www.ghostysky.com\/product\/fisherman-fd1-waterproof-fishing-drone\/#primaryimage"},"thumbnailUrl":"https:\/\/www.ghostysky.com\/wp-content\/uploads\/2024\/07\/Swellpro_FD14.jpg","datePublished":"2024-07-19T10:01:19+00:00","dateModified":"2025-10-14T11:25:44+00:00","description":"Le drone de p\u00eache \u00e9tanche Fisherman FD1+ est un drone d&#039;entr\u00e9e de gamme sp\u00e9cialement con\u00e7u pour les d\u00e9butants en p\u00eache au drone. Il s&#039;agit d&#039;une version simplifi\u00e9e et am\u00e9lior\u00e9e du SplashDrone 3+, supprimant toutes les fonctionnalit\u00e9s inutiles qui emp\u00eachent le largage des app\u00e2ts, r\u00e9duisant ainsi son co\u00fbt.","breadcrumb":{"@id":"https:\/\/www.ghostysky.com\/product\/fisherman-fd1-waterproof-fishing-drone\/#breadcrumb"},"inLanguage":"fr-FR","potentialAction":[{"@type":"ReadAction","target":["https:\/\/www.ghostysky.com\/product\/fisherman-fd1-waterproof-fishing-drone\/"]}]},{"@type":"ImageObject","inLanguage":"fr-FR","@id":"https:\/\/www.ghostysky.com\/product\/fisherman-fd1-waterproof-fishing-drone\/#primaryimage","url":"https:\/\/www.ghostysky.com\/wp-content\/uploads\/2024\/07\/Swellpro_FD14.jpg","contentUrl":"https:\/\/www.ghostysky.com\/wp-content\/uploads\/2024\/07\/Swellpro_FD14.jpg","width":800,"height":800},{"@type":"BreadcrumbList","@id":"https:\/\/www.ghostysky.com\/product\/fisherman-fd1-waterproof-fishing-drone\/#breadcrumb","itemListElement":[{"@type":"ListItem","position":1,"name":"Home","item":"https:\/\/www.ghostysky.com\/"},{"@type":"ListItem","position":2,"name":"Shop","item":"https:\/\/www.ghostysky.com\/shop\/"},{"@type":"ListItem","position":3,"name":"Fisherman FD1+ WaterProof Fishing Drone"}]},{"@type":"WebSite","@id":"https:\/\/www.ghostysky.com\/#website","url":"https:\/\/www.ghostysky.com\/","name":"Ghostysky","description":"Livraison de drones et de services professionnels","publisher":{"@id":"https:\/\/www.ghostysky.com\/#organization"},"potentialAction":[{"@type":"SearchAction","target":{"@type":"EntryPoint","urlTemplate":"https:\/\/www.ghostysky.com\/?s={search_term_string}"},"query-input":{"@type":"PropertyValueSpecification","valueRequired":true,"valueName":"search_term_string"}}],"inLanguage":"fr-FR"},{"@type":"Organization","@id":"https:\/\/www.ghostysky.com\/#organization","name":"Ghostysky","url":"https:\/\/www.ghostysky.com\/","logo":{"@type":"ImageObject","inLanguage":"fr-FR","@id":"https:\/\/www.ghostysky.com\/#\/schema\/logo\/image\/","url":"https:\/\/www.ghostysky.com\/wp-content\/uploads\/2020\/06\/cropped-ghostyskylogo_text_white2.png","contentUrl":"https:\/\/www.ghostysky.com\/wp-content\/uploads\/2020\/06\/cropped-ghostyskylogo_text_white2.png","width":169,"height":56,"caption":"Ghostysky"},"image":{"@id":"https:\/\/www.ghostysky.com\/#\/schema\/logo\/image\/"},"sameAs":["https:\/\/www.facebook.com\/people\/Ghostysky\/100057676170234\/","https:\/\/x.com\/Gh0stysky","https:\/\/www.linkedin.com\/company\/34739653","https:\/\/www.instagram.com\/gh0stysky"]}]}},"_links":{"self":[{"href":"https:\/\/www.ghostysky.com\/fr\/wp-json\/wp\/v2\/product\/19508","targetHints":{"allow":["GET"]}}],"collection":[{"href":"https:\/\/www.ghostysky.com\/fr\/wp-json\/wp\/v2\/product"}],"about":[{"href":"https:\/\/www.ghostysky.com\/fr\/wp-json\/wp\/v2\/types\/product"}],"replies":[{"embeddable":true,"href":"https:\/\/www.ghostysky.com\/fr\/wp-json\/wp\/v2\/comments?post=19508"}],"wp:featuredmedia":[{"embeddable":true,"href":"https:\/\/www.ghostysky.com\/fr\/wp-json\/wp\/v2\/media\/19509"}],"wp:attachment":[{"href":"https:\/\/www.ghostysky.com\/fr\/wp-json\/wp\/v2\/media?parent=19508"}],"wp:term":[{"taxonomy":"product_brand","embeddable":true,"href":"https:\/\/www.ghostysky.com\/fr\/wp-json\/wp\/v2\/product_brand?post=19508"},{"taxonomy":"product_cat","embeddable":true,"href":"https:\/\/www.ghostysky.com\/fr\/wp-json\/wp\/v2\/product_cat?post=19508"},{"taxonomy":"product_tag","embeddable":true,"href":"https:\/\/www.ghostysky.com\/fr\/wp-json\/wp\/v2\/product_tag?post=19508"}],"curies":[{"name":"wp","href":"https:\/\/api.w.org\/{rel}","templated":true}]}}