{"id":19663,"date":"2024-09-12T16:57:11","date_gmt":"2024-09-12T16:57:11","guid":{"rendered":"https:\/\/www.ghostysky.com\/?post_type=product&#038;p=19663"},"modified":"2024-09-12T16:59:17","modified_gmt":"2024-09-12T16:59:17","slug":"redcatch-redtoolbox-lifetime-updates-support","status":"publish","type":"product","link":"https:\/\/www.ghostysky.com\/fr\/product\/redcatch-redtoolbox-lifetime-updates-support\/","title":{"rendered":"REDcatch REDtoolbox (Mises \u00e0 jour \u00e0 vie + Assistance)"},"content":{"rendered":"<h3 data-sourcepos=\"1:1-1:183\">Caract\u00e9ristiques principales<\/h3>\n<ul data-sourcepos=\"3:1-9:0\">\n<li data-sourcepos=\"3:1-3:216\"><strong>Post-traitement GNSS multi-constellations\u00a0:<\/strong> REDtoolbox peut traiter les donn\u00e9es de plusieurs constellations de syst\u00e8mes mondiaux de navigation par satellite (GNSS), notamment GPS, GLONASS, Beidou et Galileo, pour am\u00e9liorer la pr\u00e9cision.<\/li>\n<li data-sourcepos=\"4:1-4:194\"><strong>PPK pour les configurations Base-Rover\u00a0:<\/strong> Il excelle dans le post-traitement des donn\u00e9es cin\u00e9matiques (PPK) collect\u00e9es avec une configuration de base-rover, couramment utilis\u00e9e dans les applications de cartographie par drone de haute pr\u00e9cision.<\/li>\n<li data-sourcepos=\"5:1-5:190\"><strong>G\u00e9olocalisation des images :<\/strong> Le logiciel peut g\u00e9or\u00e9f\u00e9rencer les images captur\u00e9es et attribuer des donn\u00e9es de localisation pr\u00e9cises \u00e0 chaque photo. Ceci est essentiel pour cr\u00e9er des mod\u00e8les 3D pr\u00e9cis \u00e0 partir d&#039;images de drone.<\/li>\n<li data-sourcepos=\"6:1-6:202\"><strong>Compatibilit\u00e9 avec plusieurs appareils :<\/strong> REDtoolbox fonctionne avec les donn\u00e9es d&#039;une large gamme d&#039;appareils et de chipsets de fabricants de drones populaires tels que DJI, Autel, Yuneec et Emlid, ce qui en fait un outil polyvalent.<\/li>\n<li data-sourcepos=\"7:1-7:205\"><strong>Flux de travail automatis\u00e9\u00a0:<\/strong> Le programme b\u00e9n\u00e9ficie d&#039;une interface conviviale et d&#039;un flux de travail hautement automatis\u00e9. Des t\u00e2ches complexes comme la g\u00e9olocalisation et le traitement de donn\u00e9es peuvent souvent \u00eatre r\u00e9alis\u00e9es en quelques clics.<\/li>\n<li data-sourcepos=\"8:1-9:0\"><strong>Prise en charge de plusieurs projets\u00a0:<\/strong> REDtoolbox g\u00e8re efficacement les projets constitu\u00e9s de plusieurs vols ou sessions de capture.<\/li>\n<\/ul>\n<p data-sourcepos=\"10:1-10:160\">Dans l\u2019ensemble, REDcatch REDtoolbox est une solution logicielle pr\u00e9cieuse pour les professionnels travaillant avec des drones et des appareils terrestres qui ont besoin de donn\u00e9es g\u00e9ospatiales pr\u00e9cises.<\/p>\n<h3 class=\"elementor-heading-title elementor-size-default\">Drones et appareils compatibles avec le logiciel REDtoolbox<a href=\"https:\/\/www.ghostysky.com\/wp-content\/uploads\/2024\/05\/GH_REDtoolbox_main.png\"><img fetchpriority=\"high\" decoding=\"async\" class=\"size-full wp-image-18628 aligncenter lazyload\" src=\"data:image\/gif;base64,R0lGODlhAQABAAAAACH5BAEKAAEALAAAAAABAAEAAAICTAEAOw==\" alt=\"\" width=\"1134\" height=\"378\" data-src=\"data:image\/gif;base64,R0lGODlhAQABAAAAACH5BAEKAAEALAAAAAABAAEAAAICTAEAOw==\"><\/a><\/h3>\n<ul class=\"elementor-icon-list-items\">\n<li class=\"elementor-icon-list-item\"><span class=\"elementor-icon-list-text\">DJI<sup>MT<\/sup>\u00a0P4RTK Phanton4 RTK<\/span><\/li>\n<li class=\"elementor-icon-list-item\"><i class=\"fas fa-check\" aria-hidden=\"true\"><\/i><span class=\"elementor-icon-list-text\">DJI<sup>MT<\/sup>\u00a0Cam\u00e9ra M300 P1, L1 (cam\u00e9ra RVB)<\/span><\/li>\n<li class=\"elementor-icon-list-item\"><i class=\"fas fa-check-double\" aria-hidden=\"true\"><\/i><span class=\"elementor-icon-list-text\">DJI<sup>MT<\/sup>\u00a0<b>MAVIC 3 Enterprise RTK ***** NOUVEAU *****<\/b><\/span><\/li>\n<li class=\"elementor-icon-list-item\"><i class=\"fas fa-check\" aria-hidden=\"true\"><\/i><span class=\"elementor-icon-list-text\">Autel<sup>MT<\/sup>\u00a0EVO2 RTK<\/span><\/li>\n<li class=\"elementor-icon-list-item\"><i class=\"fas fa-check\" aria-hidden=\"true\"><\/i><span class=\"elementor-icon-list-text\">Yuneek<sup>MT<\/sup>\u00a0H520, H850 RTK<\/span><\/li>\n<li class=\"elementor-icon-list-item\"><i class=\"fas fa-check\" aria-hidden=\"true\"><\/i><span class=\"elementor-icon-list-text\">Emlid<sup>MT<\/sup>\u00a0Kits de port\u00e9e<\/span><\/li>\n<li class=\"elementor-icon-list-item\"><i class=\"fas fa-check\" aria-hidden=\"true\"><\/i><span class=\"elementor-icon-list-text\">Septentrio<sup>MT<\/sup>\u00a0kits de drones Mosaic<\/span><\/li>\n<li class=\"elementor-icon-list-item\"><i class=\"fas fa-check\" aria-hidden=\"true\"><\/i><span class=\"elementor-icon-list-text\">ublox<sup>MT<\/sup>\u00a0Puces ZED F9P, M8P<\/span><\/li>\n<li class=\"elementor-icon-list-item\"><i class=\"fas fa-check\" aria-hidden=\"true\"><\/i><span class=\"elementor-icon-list-text\">ublox<sup>MT<\/sup>\u00a0des kits comme : TopoDrone, Teokit, metta, etc.<\/span><\/li>\n<li class=\"elementor-icon-list-item\"><i class=\"fas fa-check\" aria-hidden=\"true\"><\/i><span class=\"elementor-icon-list-text\">ImageVector 3D \u2013 cam\u00e9ra GNSS et IMU<\/span><\/li>\n<li class=\"elementor-icon-list-item\"><i class=\"fas fa-check\" aria-hidden=\"true\"><\/i><span class=\"elementor-icon-list-text\">Module compl\u00e9mentaire 360RTK pour Insta360 one x2\/x3<\/span><\/li>\n<\/ul>\n<h3 class=\"elementor-heading-title elementor-size-default\">Utilisez la sortie directement dans votre logiciel de photogramm\u00e9trie<\/h3>\n<h3><a href=\"https:\/\/www.ghostysky.com\/wp-content\/uploads\/2024\/05\/GH_Redtoolbox_photogrammetry.jpg\"><img decoding=\"async\" class=\"alignnone size-full wp-image-18638 lazyload\" src=\"data:image\/gif;base64,R0lGODlhAQABAAAAACH5BAEKAAEALAAAAAABAAEAAAICTAEAOw==\" alt=\"\" width=\"1024\" height=\"487\" data-src=\"data:image\/gif;base64,R0lGODlhAQABAAAAACH5BAEKAAEALAAAAAABAAEAAAICTAEAOw==\"><\/a><\/h3>\n<p>Sorties sous forme de texte brut, de donn\u00e9es EXIF d&#039;image ou dans les fichiers natifs Agisoft Metashape Professional, Pix4d Mapper, Pix4d Matic, Shape file et Google Earth kml, ces informations peuvent \u00eatre utilis\u00e9es directement sans aucune conversion suppl\u00e9mentaire.<\/p>\n<p>Applications, par exemple dans\u00a0<strong>photogramm\u00e9trie et documentation<\/strong>.<\/p>\n<ul class=\"elementor-icon-list-items\">\n<li class=\"elementor-icon-list-item\"><span class=\"elementor-icon-list-text\">Agisoft Metashape Professionnel<\/span><\/li>\n<li class=\"elementor-icon-list-item\"><i class=\"fas fa-check\" aria-hidden=\"true\"><\/i><span class=\"elementor-icon-list-text\">Pix4D Mapper \/ Pix4d Matic<\/span><\/li>\n<li class=\"elementor-icon-list-item\"><i class=\"fas fa-check\" aria-hidden=\"true\"><\/i><span class=\"elementor-icon-list-text\">Capture de la r\u00e9alit\u00e9<\/span><\/li>\n<li class=\"elementor-icon-list-item\"><i class=\"fas fa-check\" aria-hidden=\"true\"><\/i><span class=\"elementor-icon-list-text\">Relev\u00e9 3D<\/span><\/li>\n<li class=\"elementor-icon-list-item\"><i class=\"fas fa-check\" aria-hidden=\"true\"><\/i><span class=\"elementor-icon-list-text\">DJI Terra<\/span><\/li>\n<li class=\"elementor-icon-list-item\"><i class=\"fas fa-check\" aria-hidden=\"true\"><\/i><span class=\"elementor-icon-list-text\">tout, capable de lire des donn\u00e9es txt ou EXIF<\/span><\/li>\n<\/ul>","protected":false},"excerpt":{"rendered":"<div class=\"avatar-gutter ng-tns-c1120444467-48 ng-star-inserted\">\n<div class=\"resize-observable\">REDcatch REDtoolbox est un logiciel con\u00e7u pour le post-traitement et la g\u00e9olocalisation des donn\u00e9es captur\u00e9es par des drones et des appareils terrestres. Il est sp\u00e9cifiquement ax\u00e9 sur les donn\u00e9es GNSS (Global Navigation Satellite System), utilis\u00e9es pour le positionnement et la localisation.<\/div>\n<\/div>\n<div>\n<ul>\n<li>Licence perp\u00e9tuelle 1 place<\/li>\n<li>Mises \u00e0 jour \u00e0 vie gratuites (tant que le logiciel existe)<\/li>\n<li>Nombre illimit\u00e9 d&#039;images pouvant \u00eatre trait\u00e9es, aucune limitation de sortie<\/li>\n<li>Mises \u00e0 jour \u00e0 vie vers la derni\u00e8re version du logiciel<\/li>\n<li>Assistance prioritaire par e-mail et par t\u00e9l\u00e9phone pour les questions de gestion de REDtoolbox<\/li>\n<li>1,5 heure de support incluse<\/li>\n<\/ul>\n<\/div>","protected":false},"featured_media":18641,"comment_status":"open","ping_status":"closed","template":"","meta":[],"product_brand":[],"product_cat":[872],"product_tag":[958,957,873,874],"class_list":{"0":"post-19663","1":"product","2":"type-product","3":"status-publish","4":"has-post-thumbnail","6":"product_cat-redcatxh","7":"product_tag-lifetime-support","8":"product_tag-lifetime-updates","9":"product_tag-redcatch","10":"product_tag-redtoolbox","12":"first","13":"instock","14":"taxable","15":"shipping-taxable","16":"purchasable","17":"product-type-simple"},"yoast_head":"<!-- This site is optimized with the Yoast SEO plugin v27.1.1 - https:\/\/yoast.com\/product\/yoast-seo-wordpress\/ -->\n<title>REDcatch REDtoolbox (Lifetime updates + Support) - Ghostysky<\/title>\n<meta name=\"description\" content=\"REDcatch REDtoolbox is a software designed for post-processing and geotagging data captured by drones and terrestrial devices. It specifically focuses on GNSS (Global Navigation Satellite System) data, which is used for positioning and location information.\" \/>\n<meta name=\"robots\" content=\"index, follow, max-snippet:-1, max-image-preview:large, max-video-preview:-1\" \/>\n<link rel=\"canonical\" href=\"https:\/\/www.ghostysky.com\/fr\/product\/redcatch-redtoolbox-lifetime-updates-support\/\" \/>\n<meta property=\"og:locale\" content=\"fr_FR\" \/>\n<meta property=\"og:type\" content=\"article\" \/>\n<meta property=\"og:title\" content=\"REDcatch REDtoolbox (Lifetime updates + Support) - Ghostysky\" \/>\n<meta property=\"og:description\" content=\"REDcatch REDtoolbox is a software designed for post-processing and geotagging data captured by drones and terrestrial devices. It specifically focuses on GNSS (Global Navigation Satellite System) data, which is used for positioning and location information.\" \/>\n<meta property=\"og:url\" content=\"https:\/\/www.ghostysky.com\/fr\/product\/redcatch-redtoolbox-lifetime-updates-support\/\" \/>\n<meta property=\"og:site_name\" content=\"Ghostysky\" \/>\n<meta property=\"article:publisher\" content=\"https:\/\/www.facebook.com\/people\/Ghostysky\/100057676170234\/\" \/>\n<meta property=\"article:modified_time\" content=\"2024-09-12T16:59:17+00:00\" \/>\n<meta property=\"og:image\" content=\"https:\/\/www.ghostysky.com\/wp-content\/uploads\/2024\/05\/GH_REDtoolbox_IMg_Product.png\" \/>\n\t<meta property=\"og:image:width\" content=\"357\" \/>\n\t<meta property=\"og:image:height\" content=\"400\" \/>\n\t<meta property=\"og:image:type\" content=\"image\/png\" \/>\n<meta name=\"twitter:card\" content=\"summary_large_image\" \/>\n<meta name=\"twitter:site\" content=\"@Gh0stysky\" \/>\n<meta name=\"twitter:label1\" content=\"Dur\u00e9e de lecture estim\u00e9e\" \/>\n\t<meta name=\"twitter:data1\" content=\"2 minutes\" \/>\n<script type=\"application\/ld+json\" class=\"yoast-schema-graph\">{\"@context\":\"https:\/\/schema.org\",\"@graph\":[{\"@type\":\"WebPage\",\"@id\":\"https:\/\/www.ghostysky.com\/product\/redcatch-redtoolbox-lifetime-updates-support\/\",\"url\":\"https:\/\/www.ghostysky.com\/product\/redcatch-redtoolbox-lifetime-updates-support\/\",\"name\":\"REDcatch REDtoolbox (Lifetime updates + Support) - Ghostysky\",\"isPartOf\":{\"@id\":\"https:\/\/www.ghostysky.com\/#website\"},\"primaryImageOfPage\":{\"@id\":\"https:\/\/www.ghostysky.com\/product\/redcatch-redtoolbox-lifetime-updates-support\/#primaryimage\"},\"image\":{\"@id\":\"https:\/\/www.ghostysky.com\/product\/redcatch-redtoolbox-lifetime-updates-support\/#primaryimage\"},\"thumbnailUrl\":\"https:\/\/www.ghostysky.com\/wp-content\/uploads\/2024\/05\/GH_REDtoolbox_IMg_Product.png\",\"datePublished\":\"2024-09-12T16:57:11+00:00\",\"dateModified\":\"2024-09-12T16:59:17+00:00\",\"description\":\"REDcatch REDtoolbox is a software designed for post-processing and geotagging data captured by drones and terrestrial devices. It specifically focuses on GNSS (Global Navigation Satellite System) data, which is used for positioning and location information.\",\"breadcrumb\":{\"@id\":\"https:\/\/www.ghostysky.com\/product\/redcatch-redtoolbox-lifetime-updates-support\/#breadcrumb\"},\"inLanguage\":\"fr-FR\",\"potentialAction\":[{\"@type\":\"ReadAction\",\"target\":[\"https:\/\/www.ghostysky.com\/product\/redcatch-redtoolbox-lifetime-updates-support\/\"]}]},{\"@type\":\"ImageObject\",\"inLanguage\":\"fr-FR\",\"@id\":\"https:\/\/www.ghostysky.com\/product\/redcatch-redtoolbox-lifetime-updates-support\/#primaryimage\",\"url\":\"https:\/\/www.ghostysky.com\/wp-content\/uploads\/2024\/05\/GH_REDtoolbox_IMg_Product.png\",\"contentUrl\":\"https:\/\/www.ghostysky.com\/wp-content\/uploads\/2024\/05\/GH_REDtoolbox_IMg_Product.png\",\"width\":357,\"height\":400},{\"@type\":\"BreadcrumbList\",\"@id\":\"https:\/\/www.ghostysky.com\/product\/redcatch-redtoolbox-lifetime-updates-support\/#breadcrumb\",\"itemListElement\":[{\"@type\":\"ListItem\",\"position\":1,\"name\":\"Home\",\"item\":\"https:\/\/www.ghostysky.com\/\"},{\"@type\":\"ListItem\",\"position\":2,\"name\":\"Shop\",\"item\":\"https:\/\/www.ghostysky.com\/shop\/\"},{\"@type\":\"ListItem\",\"position\":3,\"name\":\"REDcatch REDtoolbox (Lifetime updates + Support)\"}]},{\"@type\":\"WebSite\",\"@id\":\"https:\/\/www.ghostysky.com\/#website\",\"url\":\"https:\/\/www.ghostysky.com\/\",\"name\":\"Ghostysky\",\"description\":\"Delivering professional drones and services\",\"publisher\":{\"@id\":\"https:\/\/www.ghostysky.com\/#organization\"},\"potentialAction\":[{\"@type\":\"SearchAction\",\"target\":{\"@type\":\"EntryPoint\",\"urlTemplate\":\"https:\/\/www.ghostysky.com\/?s={search_term_string}\"},\"query-input\":{\"@type\":\"PropertyValueSpecification\",\"valueRequired\":true,\"valueName\":\"search_term_string\"}}],\"inLanguage\":\"fr-FR\"},{\"@type\":\"Organization\",\"@id\":\"https:\/\/www.ghostysky.com\/#organization\",\"name\":\"Ghostysky\",\"url\":\"https:\/\/www.ghostysky.com\/\",\"logo\":{\"@type\":\"ImageObject\",\"inLanguage\":\"fr-FR\",\"@id\":\"https:\/\/www.ghostysky.com\/#\/schema\/logo\/image\/\",\"url\":\"https:\/\/www.ghostysky.com\/wp-content\/uploads\/2020\/06\/cropped-ghostyskylogo_text_white2.png\",\"contentUrl\":\"https:\/\/www.ghostysky.com\/wp-content\/uploads\/2020\/06\/cropped-ghostyskylogo_text_white2.png\",\"width\":169,\"height\":56,\"caption\":\"Ghostysky\"},\"image\":{\"@id\":\"https:\/\/www.ghostysky.com\/#\/schema\/logo\/image\/\"},\"sameAs\":[\"https:\/\/www.facebook.com\/people\/Ghostysky\/100057676170234\/\",\"https:\/\/x.com\/Gh0stysky\",\"https:\/\/www.linkedin.com\/company\/34739653\",\"https:\/\/www.instagram.com\/gh0stysky\"]}]}<\/script>\n<!-- \/ Yoast SEO plugin. -->","yoast_head_json":{"title":"REDcatch REDtoolbox (Mises \u00e0 jour \u00e0 vie + Support) - Ghostysky","description":"REDcatch REDtoolbox est un logiciel con\u00e7u pour le post-traitement et la g\u00e9olocalisation des donn\u00e9es captur\u00e9es par des drones et des appareils terrestres. Il est sp\u00e9cifiquement ax\u00e9 sur les donn\u00e9es GNSS (Global Navigation Satellite System), utilis\u00e9es pour le positionnement et la localisation.","robots":{"index":"index","follow":"follow","max-snippet":"max-snippet:-1","max-image-preview":"max-image-preview:large","max-video-preview":"max-video-preview:-1"},"canonical":"https:\/\/www.ghostysky.com\/fr\/product\/redcatch-redtoolbox-lifetime-updates-support\/","og_locale":"fr_FR","og_type":"article","og_title":"REDcatch REDtoolbox (Lifetime updates + Support) - Ghostysky","og_description":"REDcatch REDtoolbox is a software designed for post-processing and geotagging data captured by drones and terrestrial devices. It specifically focuses on GNSS (Global Navigation Satellite System) data, which is used for positioning and location information.","og_url":"https:\/\/www.ghostysky.com\/fr\/product\/redcatch-redtoolbox-lifetime-updates-support\/","og_site_name":"Ghostysky","article_publisher":"https:\/\/www.facebook.com\/people\/Ghostysky\/100057676170234\/","article_modified_time":"2024-09-12T16:59:17+00:00","og_image":[{"width":357,"height":400,"url":"https:\/\/www.ghostysky.com\/wp-content\/uploads\/2024\/05\/GH_REDtoolbox_IMg_Product.png","type":"image\/png"}],"twitter_card":"summary_large_image","twitter_site":"@Gh0stysky","twitter_misc":{"Dur\u00e9e de lecture estim\u00e9e":"2 minutes"},"schema":{"@context":"https:\/\/schema.org","@graph":[{"@type":"WebPage","@id":"https:\/\/www.ghostysky.com\/product\/redcatch-redtoolbox-lifetime-updates-support\/","url":"https:\/\/www.ghostysky.com\/product\/redcatch-redtoolbox-lifetime-updates-support\/","name":"REDcatch REDtoolbox (Mises \u00e0 jour \u00e0 vie + Support) - Ghostysky","isPartOf":{"@id":"https:\/\/www.ghostysky.com\/#website"},"primaryImageOfPage":{"@id":"https:\/\/www.ghostysky.com\/product\/redcatch-redtoolbox-lifetime-updates-support\/#primaryimage"},"image":{"@id":"https:\/\/www.ghostysky.com\/product\/redcatch-redtoolbox-lifetime-updates-support\/#primaryimage"},"thumbnailUrl":"https:\/\/www.ghostysky.com\/wp-content\/uploads\/2024\/05\/GH_REDtoolbox_IMg_Product.png","datePublished":"2024-09-12T16:57:11+00:00","dateModified":"2024-09-12T16:59:17+00:00","description":"REDcatch REDtoolbox est un logiciel con\u00e7u pour le post-traitement et la g\u00e9olocalisation des donn\u00e9es captur\u00e9es par des drones et des appareils terrestres. Il est sp\u00e9cifiquement ax\u00e9 sur les donn\u00e9es GNSS (Global Navigation Satellite System), utilis\u00e9es pour le positionnement et la localisation.","breadcrumb":{"@id":"https:\/\/www.ghostysky.com\/product\/redcatch-redtoolbox-lifetime-updates-support\/#breadcrumb"},"inLanguage":"fr-FR","potentialAction":[{"@type":"ReadAction","target":["https:\/\/www.ghostysky.com\/product\/redcatch-redtoolbox-lifetime-updates-support\/"]}]},{"@type":"ImageObject","inLanguage":"fr-FR","@id":"https:\/\/www.ghostysky.com\/product\/redcatch-redtoolbox-lifetime-updates-support\/#primaryimage","url":"https:\/\/www.ghostysky.com\/wp-content\/uploads\/2024\/05\/GH_REDtoolbox_IMg_Product.png","contentUrl":"https:\/\/www.ghostysky.com\/wp-content\/uploads\/2024\/05\/GH_REDtoolbox_IMg_Product.png","width":357,"height":400},{"@type":"BreadcrumbList","@id":"https:\/\/www.ghostysky.com\/product\/redcatch-redtoolbox-lifetime-updates-support\/#breadcrumb","itemListElement":[{"@type":"ListItem","position":1,"name":"Home","item":"https:\/\/www.ghostysky.com\/"},{"@type":"ListItem","position":2,"name":"Shop","item":"https:\/\/www.ghostysky.com\/shop\/"},{"@type":"ListItem","position":3,"name":"REDcatch REDtoolbox (Lifetime updates + Support)"}]},{"@type":"WebSite","@id":"https:\/\/www.ghostysky.com\/#website","url":"https:\/\/www.ghostysky.com\/","name":"Ghostysky","description":"Livraison de drones et de services professionnels","publisher":{"@id":"https:\/\/www.ghostysky.com\/#organization"},"potentialAction":[{"@type":"SearchAction","target":{"@type":"EntryPoint","urlTemplate":"https:\/\/www.ghostysky.com\/?s={search_term_string}"},"query-input":{"@type":"PropertyValueSpecification","valueRequired":true,"valueName":"search_term_string"}}],"inLanguage":"fr-FR"},{"@type":"Organization","@id":"https:\/\/www.ghostysky.com\/#organization","name":"Ghostysky","url":"https:\/\/www.ghostysky.com\/","logo":{"@type":"ImageObject","inLanguage":"fr-FR","@id":"https:\/\/www.ghostysky.com\/#\/schema\/logo\/image\/","url":"https:\/\/www.ghostysky.com\/wp-content\/uploads\/2020\/06\/cropped-ghostyskylogo_text_white2.png","contentUrl":"https:\/\/www.ghostysky.com\/wp-content\/uploads\/2020\/06\/cropped-ghostyskylogo_text_white2.png","width":169,"height":56,"caption":"Ghostysky"},"image":{"@id":"https:\/\/www.ghostysky.com\/#\/schema\/logo\/image\/"},"sameAs":["https:\/\/www.facebook.com\/people\/Ghostysky\/100057676170234\/","https:\/\/x.com\/Gh0stysky","https:\/\/www.linkedin.com\/company\/34739653","https:\/\/www.instagram.com\/gh0stysky"]}]}},"_links":{"self":[{"href":"https:\/\/www.ghostysky.com\/fr\/wp-json\/wp\/v2\/product\/19663","targetHints":{"allow":["GET"]}}],"collection":[{"href":"https:\/\/www.ghostysky.com\/fr\/wp-json\/wp\/v2\/product"}],"about":[{"href":"https:\/\/www.ghostysky.com\/fr\/wp-json\/wp\/v2\/types\/product"}],"replies":[{"embeddable":true,"href":"https:\/\/www.ghostysky.com\/fr\/wp-json\/wp\/v2\/comments?post=19663"}],"wp:featuredmedia":[{"embeddable":true,"href":"https:\/\/www.ghostysky.com\/fr\/wp-json\/wp\/v2\/media\/18641"}],"wp:attachment":[{"href":"https:\/\/www.ghostysky.com\/fr\/wp-json\/wp\/v2\/media?parent=19663"}],"wp:term":[{"taxonomy":"product_brand","embeddable":true,"href":"https:\/\/www.ghostysky.com\/fr\/wp-json\/wp\/v2\/product_brand?post=19663"},{"taxonomy":"product_cat","embeddable":true,"href":"https:\/\/www.ghostysky.com\/fr\/wp-json\/wp\/v2\/product_cat?post=19663"},{"taxonomy":"product_tag","embeddable":true,"href":"https:\/\/www.ghostysky.com\/fr\/wp-json\/wp\/v2\/product_tag?post=19663"}],"curies":[{"name":"wp","href":"https:\/\/api.w.org\/{rel}","templated":true}]}}