{"id":2006,"date":"2021-03-04T15:37:29","date_gmt":"2021-03-04T15:37:29","guid":{"rendered":"https:\/\/www.ghostysky.com\/?post_type=product&#038;p=2006"},"modified":"2024-08-01T00:13:13","modified_gmt":"2024-08-01T00:13:13","slug":"h520e-rtk","status":"publish","type":"product","link":"https:\/\/www.ghostysky.com\/fr\/product\/h520e-rtk\/","title":{"rendered":"Yuneec H520E RTK"},"content":{"rendered":"<p><strong>H520E RTK \u2013 Principales caract\u00e9ristiques<\/strong><\/p>\n<ul>\n<li>Module RTK (Real Time Kinematic) pour un positionnement relatif de haute pr\u00e9cision : 1 cm + ppm horizontal \/ 2 cm + ppm vertical<\/li>\n<li>Maintenir une pr\u00e9cision en cm m\u00eame dans un environnement GNSS difficile (par exemple entre des b\u00e2timents \u00e9lev\u00e9s)<\/li>\n<li>Pour une cartographie plus rapide et plus pr\u00e9cise (par exemple, relev\u00e9s complexes, inspections, cartographie, affichages 3D)<\/li>\n<li>Taux de mise \u00e0 jour de 5 Hz de la position, de la vitesse et du temps<\/li>\n<li>Enti\u00e8rement int\u00e9gr\u00e9 au YUNEEC H520E<\/li>\n<li>Toutes les donn\u00e9es, y compris les donn\u00e9es GNSS brutes et la solution en temps r\u00e9el, peuvent \u00eatre enregistr\u00e9es \u00e0 bord \u2013 pr\u00eates pour le PPK (cin\u00e9matique post-trait\u00e9e)<\/li>\n<li>Prend en charge les signaux jusqu&#039;\u00e0 3 constellations GNSS parmi GPS, GLONASS, Galileo et BeiDou<\/li>\n<li>Compatible avec toutes les charges utiles de cam\u00e9ra Yuneec H520E existantes<\/li>\n<li>R\u00e9seau RTK ou station de base n\u00e9cessaire<\/li>\n<\/ul>\n<p>&nbsp;<\/p>\n<p><strong>L&#039;ensemble comprend :<\/strong><\/p>\n<ul>\n<li>Drone Yuneec H520E RTK<\/li>\n<li>2x batterie<\/li>\n<li>Station au sol ST16E avec sangle de cou<\/li>\n<li>Chargeur<\/li>\n<li>Alimentation du chargeur<\/li>\n<li>Adaptateur pour alimenter le chargeur depuis la prise allume-cigare de la voiture<\/li>\n<li>Mini antenne panneau<\/li>\n<li>10x h\u00e9lices<\/li>\n<li>C\u00e2ble micro USB<\/li>\n<\/ul>\n<p>&nbsp;<\/p>\n<p>&nbsp;<\/p>","protected":false},"excerpt":{"rendered":"<p><strong>L&#039;un des syst\u00e8mes RTK les plus rapides au monde<\/strong><\/p>\n<p>L&#039;Hexacopter commercial H520E est \u00e9quip\u00e9 de l&#039;un des syst\u00e8mes RTK les plus rapides et les plus fiables au monde. Enti\u00e8rement int\u00e9gr\u00e9 au H520E, il garantit une pr\u00e9cision optimale et une disponibilit\u00e9 op\u00e9rationnelle optimale, m\u00eame dans des conditions GPS difficiles, comme en ville, dans les canyons ou en for\u00eat. Gr\u00e2ce \u00e0 la navigation par satellite cin\u00e9matique en temps r\u00e9el, le nouveau H520E RTK pourra voler avec une pr\u00e9cision centim\u00e9trique, permettant des photos extr\u00eamement pr\u00e9cises et r\u00e9p\u00e9titives, une cartographie 3D plus rapide et des vols d&#039;inspection plus pr\u00e9cis, voire automatis\u00e9s.<\/p>\n<hr \/>","protected":false},"featured_media":10512,"comment_status":"open","ping_status":"closed","template":"","meta":[],"product_brand":[],"product_cat":[29,307,118],"product_tag":[425,424,122,125,423,426,54,427,124,422,121,539],"class_list":{"0":"post-2006","1":"product","2":"type-product","3":"status-publish","4":"has-post-thumbnail","6":"product_cat-drones","7":"product_cat-drones-yuneec","8":"product_cat-yuneec","9":"product_tag-agriculture-field","10":"product_tag-construction","11":"product_tag-h520e","12":"product_tag-h520e-rtk","13":"product_tag-mining-aggregates","14":"product_tag-researchenvironment","15":"product_tag-rtk","16":"product_tag-searchrescue","17":"product_tag-st16e","18":"product_tag-surveying-gis","19":"product_tag-yuneec","20":"product_tag-yuneec-h520e-rtk","22":"first","23":"onbackorder","24":"taxable","25":"shipping-taxable","26":"purchasable","27":"product-type-simple"},"yoast_head":"<!-- This site is optimized with the Yoast SEO plugin v27.1.1 - https:\/\/yoast.com\/product\/yoast-seo-wordpress\/ -->\n<title>Yuneec H520E RTK -<\/title>\n<meta name=\"description\" content=\"The commercial Hexacopter H520E receives one of the fastest and most reliable RTK systems in the world. Fully integrated into the H520E, it ensures the highest precision and the fastest possible operational readiness even under difficult GPS conditions like in cities, canyons or forests.\" \/>\n<meta name=\"robots\" content=\"index, follow, max-snippet:-1, max-image-preview:large, max-video-preview:-1\" \/>\n<link rel=\"canonical\" href=\"https:\/\/www.ghostysky.com\/fr\/product\/h520e-rtk\/\" \/>\n<meta property=\"og:locale\" content=\"fr_FR\" \/>\n<meta property=\"og:type\" content=\"article\" \/>\n<meta property=\"og:title\" content=\"Yuneec H520E RTK -\" \/>\n<meta property=\"og:description\" content=\"The commercial Hexacopter H520E receives one of the fastest and most reliable RTK systems in the world. Fully integrated into the H520E, it ensures the highest precision and the fastest possible operational readiness even under difficult GPS conditions like in cities, canyons or forests.\" \/>\n<meta property=\"og:url\" content=\"https:\/\/www.ghostysky.com\/fr\/product\/h520e-rtk\/\" \/>\n<meta property=\"og:site_name\" content=\"Ghostysky\" \/>\n<meta property=\"article:publisher\" content=\"https:\/\/www.facebook.com\/people\/Ghostysky\/100057676170234\/\" \/>\n<meta property=\"article:modified_time\" content=\"2024-08-01T00:13:13+00:00\" \/>\n<meta property=\"og:image\" content=\"https:\/\/www.ghostysky.com\/wp-content\/uploads\/2021\/03\/YUNEEC_YUNH520E-RTKEU_01.webp\" \/>\n\t<meta property=\"og:image:width\" content=\"1000\" \/>\n\t<meta property=\"og:image:height\" content=\"639\" \/>\n\t<meta property=\"og:image:type\" content=\"image\/webp\" \/>\n<meta name=\"twitter:card\" content=\"summary_large_image\" \/>\n<meta name=\"twitter:site\" content=\"@Gh0stysky\" \/>\n<meta name=\"twitter:label1\" content=\"Dur\u00e9e de lecture estim\u00e9e\" \/>\n\t<meta name=\"twitter:data1\" content=\"1 minute\" \/>\n<script type=\"application\/ld+json\" class=\"yoast-schema-graph\">{\"@context\":\"https:\/\/schema.org\",\"@graph\":[{\"@type\":\"WebPage\",\"@id\":\"https:\/\/www.ghostysky.com\/product\/h520e-rtk\/\",\"url\":\"https:\/\/www.ghostysky.com\/product\/h520e-rtk\/\",\"name\":\"Yuneec H520E RTK -\",\"isPartOf\":{\"@id\":\"https:\/\/www.ghostysky.com\/#website\"},\"primaryImageOfPage\":{\"@id\":\"https:\/\/www.ghostysky.com\/product\/h520e-rtk\/#primaryimage\"},\"image\":{\"@id\":\"https:\/\/www.ghostysky.com\/product\/h520e-rtk\/#primaryimage\"},\"thumbnailUrl\":\"https:\/\/www.ghostysky.com\/wp-content\/uploads\/2021\/03\/YUNEEC_YUNH520E-RTKEU_01.webp\",\"datePublished\":\"2021-03-04T15:37:29+00:00\",\"dateModified\":\"2024-08-01T00:13:13+00:00\",\"description\":\"The commercial Hexacopter H520E receives one of the fastest and most reliable RTK systems in the world. Fully integrated into the H520E, it ensures the highest precision and the fastest possible operational readiness even under difficult GPS conditions like in cities, canyons or forests.\",\"breadcrumb\":{\"@id\":\"https:\/\/www.ghostysky.com\/product\/h520e-rtk\/#breadcrumb\"},\"inLanguage\":\"fr-FR\",\"potentialAction\":[{\"@type\":\"ReadAction\",\"target\":[\"https:\/\/www.ghostysky.com\/product\/h520e-rtk\/\"]}]},{\"@type\":\"ImageObject\",\"inLanguage\":\"fr-FR\",\"@id\":\"https:\/\/www.ghostysky.com\/product\/h520e-rtk\/#primaryimage\",\"url\":\"https:\/\/www.ghostysky.com\/wp-content\/uploads\/2021\/03\/YUNEEC_YUNH520E-RTKEU_01.webp\",\"contentUrl\":\"https:\/\/www.ghostysky.com\/wp-content\/uploads\/2021\/03\/YUNEEC_YUNH520E-RTKEU_01.webp\",\"width\":1000,\"height\":639},{\"@type\":\"BreadcrumbList\",\"@id\":\"https:\/\/www.ghostysky.com\/product\/h520e-rtk\/#breadcrumb\",\"itemListElement\":[{\"@type\":\"ListItem\",\"position\":1,\"name\":\"Home\",\"item\":\"https:\/\/www.ghostysky.com\/\"},{\"@type\":\"ListItem\",\"position\":2,\"name\":\"Shop\",\"item\":\"https:\/\/www.ghostysky.com\/shop\/\"},{\"@type\":\"ListItem\",\"position\":3,\"name\":\"Yuneec H520E RTK\"}]},{\"@type\":\"WebSite\",\"@id\":\"https:\/\/www.ghostysky.com\/#website\",\"url\":\"https:\/\/www.ghostysky.com\/\",\"name\":\"Ghostysky\",\"description\":\"Delivering professional drones and services\",\"publisher\":{\"@id\":\"https:\/\/www.ghostysky.com\/#organization\"},\"potentialAction\":[{\"@type\":\"SearchAction\",\"target\":{\"@type\":\"EntryPoint\",\"urlTemplate\":\"https:\/\/www.ghostysky.com\/?s={search_term_string}\"},\"query-input\":{\"@type\":\"PropertyValueSpecification\",\"valueRequired\":true,\"valueName\":\"search_term_string\"}}],\"inLanguage\":\"fr-FR\"},{\"@type\":\"Organization\",\"@id\":\"https:\/\/www.ghostysky.com\/#organization\",\"name\":\"Ghostysky\",\"url\":\"https:\/\/www.ghostysky.com\/\",\"logo\":{\"@type\":\"ImageObject\",\"inLanguage\":\"fr-FR\",\"@id\":\"https:\/\/www.ghostysky.com\/#\/schema\/logo\/image\/\",\"url\":\"https:\/\/www.ghostysky.com\/wp-content\/uploads\/2020\/06\/cropped-ghostyskylogo_text_white2.png\",\"contentUrl\":\"https:\/\/www.ghostysky.com\/wp-content\/uploads\/2020\/06\/cropped-ghostyskylogo_text_white2.png\",\"width\":169,\"height\":56,\"caption\":\"Ghostysky\"},\"image\":{\"@id\":\"https:\/\/www.ghostysky.com\/#\/schema\/logo\/image\/\"},\"sameAs\":[\"https:\/\/www.facebook.com\/people\/Ghostysky\/100057676170234\/\",\"https:\/\/x.com\/Gh0stysky\",\"https:\/\/www.linkedin.com\/company\/34739653\",\"https:\/\/www.instagram.com\/gh0stysky\"]}]}<\/script>\n<!-- \/ Yoast SEO plugin. -->","yoast_head_json":{"title":"Yuneec H520E RTK -","description":"L&#039;Hexacopter commercial H520E est \u00e9quip\u00e9 de l&#039;un des syst\u00e8mes RTK les plus rapides et les plus fiables au monde. Enti\u00e8rement int\u00e9gr\u00e9 au H520E, il garantit une pr\u00e9cision optimale et une disponibilit\u00e9 op\u00e9rationnelle optimale, m\u00eame dans des conditions GPS difficiles, comme en ville, dans les canyons ou en for\u00eat.","robots":{"index":"index","follow":"follow","max-snippet":"max-snippet:-1","max-image-preview":"max-image-preview:large","max-video-preview":"max-video-preview:-1"},"canonical":"https:\/\/www.ghostysky.com\/fr\/product\/h520e-rtk\/","og_locale":"fr_FR","og_type":"article","og_title":"Yuneec H520E RTK -","og_description":"The commercial Hexacopter H520E receives one of the fastest and most reliable RTK systems in the world. Fully integrated into the H520E, it ensures the highest precision and the fastest possible operational readiness even under difficult GPS conditions like in cities, canyons or forests.","og_url":"https:\/\/www.ghostysky.com\/fr\/product\/h520e-rtk\/","og_site_name":"Ghostysky","article_publisher":"https:\/\/www.facebook.com\/people\/Ghostysky\/100057676170234\/","article_modified_time":"2024-08-01T00:13:13+00:00","og_image":[{"width":1000,"height":639,"url":"https:\/\/www.ghostysky.com\/wp-content\/uploads\/2021\/03\/YUNEEC_YUNH520E-RTKEU_01.webp","type":"image\/webp"}],"twitter_card":"summary_large_image","twitter_site":"@Gh0stysky","twitter_misc":{"Dur\u00e9e de lecture estim\u00e9e":"1 minute"},"schema":{"@context":"https:\/\/schema.org","@graph":[{"@type":"WebPage","@id":"https:\/\/www.ghostysky.com\/product\/h520e-rtk\/","url":"https:\/\/www.ghostysky.com\/product\/h520e-rtk\/","name":"Yuneec H520E RTK -","isPartOf":{"@id":"https:\/\/www.ghostysky.com\/#website"},"primaryImageOfPage":{"@id":"https:\/\/www.ghostysky.com\/product\/h520e-rtk\/#primaryimage"},"image":{"@id":"https:\/\/www.ghostysky.com\/product\/h520e-rtk\/#primaryimage"},"thumbnailUrl":"https:\/\/www.ghostysky.com\/wp-content\/uploads\/2021\/03\/YUNEEC_YUNH520E-RTKEU_01.webp","datePublished":"2021-03-04T15:37:29+00:00","dateModified":"2024-08-01T00:13:13+00:00","description":"L&#039;Hexacopter commercial H520E est \u00e9quip\u00e9 de l&#039;un des syst\u00e8mes RTK les plus rapides et les plus fiables au monde. Enti\u00e8rement int\u00e9gr\u00e9 au H520E, il garantit une pr\u00e9cision optimale et une disponibilit\u00e9 op\u00e9rationnelle optimale, m\u00eame dans des conditions GPS difficiles, comme en ville, dans les canyons ou en for\u00eat.","breadcrumb":{"@id":"https:\/\/www.ghostysky.com\/product\/h520e-rtk\/#breadcrumb"},"inLanguage":"fr-FR","potentialAction":[{"@type":"ReadAction","target":["https:\/\/www.ghostysky.com\/product\/h520e-rtk\/"]}]},{"@type":"ImageObject","inLanguage":"fr-FR","@id":"https:\/\/www.ghostysky.com\/product\/h520e-rtk\/#primaryimage","url":"https:\/\/www.ghostysky.com\/wp-content\/uploads\/2021\/03\/YUNEEC_YUNH520E-RTKEU_01.webp","contentUrl":"https:\/\/www.ghostysky.com\/wp-content\/uploads\/2021\/03\/YUNEEC_YUNH520E-RTKEU_01.webp","width":1000,"height":639},{"@type":"BreadcrumbList","@id":"https:\/\/www.ghostysky.com\/product\/h520e-rtk\/#breadcrumb","itemListElement":[{"@type":"ListItem","position":1,"name":"Home","item":"https:\/\/www.ghostysky.com\/"},{"@type":"ListItem","position":2,"name":"Shop","item":"https:\/\/www.ghostysky.com\/shop\/"},{"@type":"ListItem","position":3,"name":"Yuneec H520E RTK"}]},{"@type":"WebSite","@id":"https:\/\/www.ghostysky.com\/#website","url":"https:\/\/www.ghostysky.com\/","name":"Ghostysky","description":"Livraison de drones et de services professionnels","publisher":{"@id":"https:\/\/www.ghostysky.com\/#organization"},"potentialAction":[{"@type":"SearchAction","target":{"@type":"EntryPoint","urlTemplate":"https:\/\/www.ghostysky.com\/?s={search_term_string}"},"query-input":{"@type":"PropertyValueSpecification","valueRequired":true,"valueName":"search_term_string"}}],"inLanguage":"fr-FR"},{"@type":"Organization","@id":"https:\/\/www.ghostysky.com\/#organization","name":"Ghostysky","url":"https:\/\/www.ghostysky.com\/","logo":{"@type":"ImageObject","inLanguage":"fr-FR","@id":"https:\/\/www.ghostysky.com\/#\/schema\/logo\/image\/","url":"https:\/\/www.ghostysky.com\/wp-content\/uploads\/2020\/06\/cropped-ghostyskylogo_text_white2.png","contentUrl":"https:\/\/www.ghostysky.com\/wp-content\/uploads\/2020\/06\/cropped-ghostyskylogo_text_white2.png","width":169,"height":56,"caption":"Ghostysky"},"image":{"@id":"https:\/\/www.ghostysky.com\/#\/schema\/logo\/image\/"},"sameAs":["https:\/\/www.facebook.com\/people\/Ghostysky\/100057676170234\/","https:\/\/x.com\/Gh0stysky","https:\/\/www.linkedin.com\/company\/34739653","https:\/\/www.instagram.com\/gh0stysky"]}]}},"_links":{"self":[{"href":"https:\/\/www.ghostysky.com\/fr\/wp-json\/wp\/v2\/product\/2006","targetHints":{"allow":["GET"]}}],"collection":[{"href":"https:\/\/www.ghostysky.com\/fr\/wp-json\/wp\/v2\/product"}],"about":[{"href":"https:\/\/www.ghostysky.com\/fr\/wp-json\/wp\/v2\/types\/product"}],"replies":[{"embeddable":true,"href":"https:\/\/www.ghostysky.com\/fr\/wp-json\/wp\/v2\/comments?post=2006"}],"wp:featuredmedia":[{"embeddable":true,"href":"https:\/\/www.ghostysky.com\/fr\/wp-json\/wp\/v2\/media\/10512"}],"wp:attachment":[{"href":"https:\/\/www.ghostysky.com\/fr\/wp-json\/wp\/v2\/media?parent=2006"}],"wp:term":[{"taxonomy":"product_brand","embeddable":true,"href":"https:\/\/www.ghostysky.com\/fr\/wp-json\/wp\/v2\/product_brand?post=2006"},{"taxonomy":"product_cat","embeddable":true,"href":"https:\/\/www.ghostysky.com\/fr\/wp-json\/wp\/v2\/product_cat?post=2006"},{"taxonomy":"product_tag","embeddable":true,"href":"https:\/\/www.ghostysky.com\/fr\/wp-json\/wp\/v2\/product_tag?post=2006"}],"curies":[{"name":"wp","href":"https:\/\/api.w.org\/{rel}","templated":true}]}}