{"id":20162,"date":"2024-11-04T13:11:42","date_gmt":"2024-11-04T13:11:42","guid":{"rendered":"https:\/\/www.ghostysky.com\/?post_type=product&#038;p=20162"},"modified":"2024-11-05T05:50:44","modified_gmt":"2024-11-05T05:50:44","slug":"yuneec-h600-rtk-yunh600-rtkus","status":"publish","type":"product","link":"https:\/\/www.ghostysky.com\/fr\/product\/yuneec-h600-rtk-yunh600-rtkus\/","title":{"rendered":"Yuneec H600 RTK (YUNH600-RTKUS)"},"content":{"rendered":"<h3 data-sourcepos=\"3:1-3:17\"><strong>Caract\u00e9ristiques principales :<\/strong><\/h3>\n<ul data-sourcepos=\"5:1-11:0\">\n<li data-sourcepos=\"5:1-5:148\"><strong><span class=\"citation-2 recitation\">Pr\u00e9cision et s\u00e9curit\u00e9 :<\/span><\/strong><span class=\"citation-2 recitation citation-end-2\"> Les syst\u00e8mes doubles RTK\/GPS et la transmission de donn\u00e9es crypt\u00e9es garantissent un positionnement pr\u00e9cis et une gestion s\u00e9curis\u00e9e des donn\u00e9es.<\/span><\/li>\n<li data-sourcepos=\"5:1-5:148\"><strong><span class=\"citation-3 recitation\">Applications polyvalentes :<\/span><\/strong><span class=\"citation-3 recitation citation-end-3\"> La possibilit\u00e9 d&#039;\u00e9changer des charges utiles vous permet de personnaliser le drone pour diverses t\u00e2ches, maximisant ainsi son utilit\u00e9.<\/span><span class=\"button-container hide-from-message-actions ng-star-inserted\">\u00a0 \u00a0<\/span>\n<div class=\"container ng-tns-c950992431-68 hide\">\n<div class=\"carousel-container ng-tns-c950992431-68\"><\/div>\n<\/div>\n<\/li>\n<li data-sourcepos=\"7:1-7:124\"><strong>Dur\u00e9e de vol prolong\u00e9e :<\/strong> <span class=\"citation-4 recitation citation-end-4\">Le temps de vol de 50 minutes permet des op\u00e9rations plus longues sans recharge fr\u00e9quente.<\/span><span class=\"button-container hide-from-message-actions ng-star-inserted\">\u00a0<\/span><\/li>\n<li data-sourcepos=\"7:1-7:124\"><strong><span class=\"citation-5 recitation\">Conception robuste :<\/span><\/strong><span class=\"citation-5 recitation citation-end-5\"> La conception \u00e0 cinq rotors offre une redondance de panne renforc\u00e9e, garantissant des performances stables et fiables m\u00eame dans des conditions difficiles.<\/span><span class=\"button-container hide-from-message-actions ng-star-inserted\">\u00a0 <\/span><\/li>\n<li data-sourcepos=\"7:1-7:124\"><strong>Capacit\u00e9 de charge utile :<\/strong> Capable de transporter jusqu&#039;\u00e0 1 kg, prenant en charge diverses charges utiles pour diff\u00e9rentes applications.<\/li>\n<li data-sourcepos=\"10:1-11:0\"><strong>\u00c9vitement avanc\u00e9 des obstacles\u00a0:<\/strong> \u00c9quip\u00e9 d&#039;un syst\u00e8me d&#039;\u00e9vitement d&#039;obstacles visuels avanc\u00e9s d\u00e9velopp\u00e9 par nos soins pour un vol s\u00fbr et s\u00e9curis\u00e9.<\/li>\n<\/ul>\n<h3 data-sourcepos=\"12:1-12:172\"><strong>Caract\u00e9ristiques:<\/strong><\/h3>\n<p data-sourcepos=\"12:1-12:172\"><strong><em>DRONE:<\/em><\/strong><\/p>\n<p data-sourcepos=\"12:1-12:172\">Nombre d&#039;h\u00e9lices : 6<br \/>\nDistance de l&#039;arbre du moteur : 610 mm<br \/>\nPoids (avec support de cardan, sans batterie ni charge utile) 3,53 lb (1,6 kg)<\/p>\n<p>Interfaces d&#039;extension r\u00e9serv\u00e9es\u00a0:<br \/>\n\u2013 GPIO<br \/>\n\u2013 USB 3.0 Type A<br \/>\n\u2013 GMAC 1000 Mo<br \/>\n\u2013 Port de type C<br \/>\n\u2013 PWM<br \/>\n\u2013 UART<br \/>\n\u2013 Port d&#039;alimentation XT30<\/p>\n<p class=\"translation-block\">Poids maximal de la charge utile\u00a0: 1 kg (2,20 lb)<br> Poids maximal au d\u00e9collage\u00a0: 3,7\u00a0kg (8,16\u00a0lb)<br> Batterie : Batterie intelligente unique<br> Dimensions de la batterie : 178 \u00d7 75 \u00d7 72 mm<br> Poids de la batterie : 2,43 lb (1,1 kg)<br> Capacit\u00e9 de la batterie : 9800 mAh<\/p>\n<p class=\"translation-block\">Dimensions du drone d\u00e9pli\u00e9\u00a0: 655\u00a0\u00d7\u00a0655\u00a0\u00d7\u00a0382\u00a0mm<br> Dimensions du drone pli\u00e9 : 263 \u00d7 342 \u00d7 382 mm<br> Diam\u00e8tre des h\u00e9lices : 293 mm<br> Pas de lame : 5,2 pouces<br> Dur\u00e9e maximale du vol\u00a0: 50\u00a0minutes<br> Distance maximale de la t\u00e9l\u00e9commande\u00a0:<br> FCC : 9,32 miles (15 km)<br> CE : 4,97 miles (8 km)<\/p>\n<p class=\"translation-block\">Capacit\u00e9 anti-vent : 29 mph (13 m\/s)<br> Indice de protection IP : IP44<\/p>\n<p class=\"translation-block\">Vitesse de vol maximale\u00a0:<br> Mode Sport\u00a0: 42,5\u00a0mph (19\u00a0m\/s)<br> Mode angle\u00a0: 22,36\u00a0mph (10\u00a0m\/s)<\/p>\n<p class=\"translation-block\">Altitude de vol maximale\u00a0: 4\u00a0000\u00a0m au-dessus du niveau moyen de la mer<br> Vitesse maximale de mont\u00e9e\u00a0: 11,18\u00a0mph (5\u00a0m\/s)<br> Vitesse de descente maximale\u00a0: 8,95\u00a0mph (4\u00a0m\/s)<\/p>\n<p class=\"translation-block\">Syst\u00e8me de positionnement GNSS :<br> Antenne compatible avec toutes les bandes, module RTK en option pour une navigation de haute pr\u00e9cision\u00a0:<br> GPS + GLONASS + BeiDou + GALILEO<br> Ou mode GPS+RTK<br> (Antenne de navigation GPS double) (en option)<\/p>\n<p class=\"translation-block\">Pr\u00e9cision du survol :<br> Verticale : \u00b1 0,5 m (GPS)<br> \u00b1 0,1 m (RTK)<br> Horizon : \u00b11,5 m (GPS)<br> \u00b1 0,1 m (RTK)<\/p>\n<p class=\"translation-block\">Pr\u00e9cision du positionnement RTK\u00a0:<br> Verticale : 1,5 cm + 1 ppm<br> Horizon : 1 cm + 1 ppm<\/p>\n<p><em><b>T\u00c9L\u00c9COMMANDE DE LA STATION AU SOL T-ONE :<\/b><\/em><\/p>\n<p class=\"translation-block\">Nom du produit : T-One<br> Taille de l&#039;\u00e9cran : 7 pouces<br> Dimensions de la t\u00e9l\u00e9commande\u00a0: 209,6\u00a0\u00d7\u00a0201,6\u00a0\u00d7\u00a0109\u00a0mm<br> R\u00e9solution d&#039;\u00e9cran : 1920 \u00d7 1200<br> Luminosit\u00e9 maximale de l&#039;\u00e9cran\u00a0: 1\u00a0000\u00a0nits<\/p>\n<p class=\"translation-block\">Mat\u00e9riel:<br> Cortex-A72 + Cortex-A53<br> ROM 32 Go + RAM 4 Go<br> GPS + GLONASS<\/p>\n<p class=\"translation-block\">Dur\u00e9e de vie de la batterie :<br> 100% Luminosit\u00e9 : environ 5 heures<br> &lt;80% Luminosit\u00e9 : Plus de 7,5 heures<\/p>\n<p class=\"translation-block\">Poids : Moins de 2,65 lb (1,2 kg)<br> Distance maximale de la t\u00e9l\u00e9commande (dans les meilleures conditions)\u00a0: 15\u00a0km<br> Cha\u00eenes : 16 cha\u00eenes<br> Canal de signal vid\u00e9o\u00a0: OFDM 2,4\/5,8\u00a0GHz<br> Indice de protection IP : IP44<br> Port de sortie vid\u00e9o : HDMI<\/p>\n<p class=\"translation-block\">Ports externes\u00a0:<br> USB 2.0 \/ USB 3.0 \/ HDMI \/ Micro SD \/ Type-C<\/p>\n<p class=\"translation-block\">Capacit\u00e9 de la batterie : 7,6 V 10\u00a0000 mAh (21\u00a0700)<br> Plage de temp\u00e9rature de fonctionnement : -20 \u00b0C \u00e0 50 \u00b0C (-4 \u00b0F \u00e0 122 \u00b0F)<\/p>\n<p class=\"translation-block\"><em><b>CHARGEUR D&#039;\u00c9QUILIBRAGE INTELLIGENT :<\/b><\/em><br> Dimensions du chargeur : 150 \u00d7 87 \u00d7 65 mm<br> Capacit\u00e9 de charge : 1 batterie peut \u00eatre charg\u00e9e \u00e0 la fois<br> \u00c9cran : \u00e9cran OLED bicolore de 0,96 pouces<br> Puissance d&#039;entr\u00e9e : 90 \u2013 264 V CA<br> Plage de temp\u00e9rature de fonctionnement : -10 \u00b0C \u00e0 50 \u00b0C (14 \u00b0F \u00e0 122 \u00b0F)<br> Puissance max. : 200 W<\/p>\n<p><em><strong>DANS LA BO\u00ceTE :<\/strong><\/em><\/p>\n<p class=\"translation-block\">1 x cellule Yuneec H600<br> 1 module RTK<br> 1 x t\u00e9l\u00e9commande T-One<br> 5 h\u00e9lices A dans le sens des aiguilles d&#039;une montre<br> 5 x h\u00e9lices B dans le sens inverse des aiguilles d&#039;une montre<br> 1 x sangle de cou<br> 1 c\u00e2ble USB-C vers USB-C<br> 1 x batterie de vol intelligente<br> 1 x chargeur standard<br> 1 x Manuel d&#039;utilisation<\/p>\n<p data-sourcepos=\"12:1-12:172\"><strong><span class=\"citation-6 recitation\">Dans l\u2019ensemble, le Yuneec H600 RTK est une solution de drone fiable et efficace pour les professionnels recherchant pr\u00e9cision, polyvalence et s\u00e9curit\u00e9 dans leurs op\u00e9rations.<\/span><\/strong><span class=\"citation-6 recitation citation-end-6\"><sup class=\"superscript ng-star-inserted\">\u00a0<\/sup><\/span><\/p>\n<p data-sourcepos=\"12:1-12:172\">","protected":false},"excerpt":{"rendered":"<p>Le Yuneec H600 RTK est un drone d&#039;entreprise polyvalent et puissant, con\u00e7u pour diverses applications, notamment la topographie, la cartographie, l&#039;agriculture et la construction. Avec une autonomie de vol de 50 minutes et un indice de protection IP44, il est adapt\u00e9 \u00e0 la plupart des conditions m\u00e9t\u00e9orologiques.<\/p>\n<p><b>Options de charge utile<\/b><br \/>\n\u2013 E90-Pro<br \/>\n\u2013 E30Zx<br \/>\n\u2013 E45S<br \/>\n\u2013 ETx-Lite<br \/>\n\u2013 E20Tvx<br \/>\n\u2013 E20Tvx-Pro<\/p>","protected":false},"featured_media":20164,"comment_status":"open","ping_status":"closed","template":"","meta":[],"product_brand":[],"product_cat":[307,118],"product_tag":[1004,1003,121],"class_list":{"0":"post-20162","1":"product","2":"type-product","3":"status-publish","4":"has-post-thumbnail","6":"product_cat-drones-yuneec","7":"product_cat-yuneec","8":"product_tag-h600","9":"product_tag-h600-rtk","10":"product_tag-yuneec","12":"first","13":"onbackorder","14":"taxable","15":"shipping-taxable","16":"product-type-simple"},"yoast_head":"<!-- This site is optimized with the Yoast SEO plugin v27.1.1 - https:\/\/yoast.com\/product\/yoast-seo-wordpress\/ -->\n<title>Yuneec H600 RTK (YUNH600-RTKUS) - Ghostysky<\/title>\n<meta name=\"description\" content=\"The Yuneec H600 RTK is a versatile and powerful enterprise drone designed for various applications, including surveying, mapping, agriculture, and construction. This drone offers a 50-minute flight time and an IP44 weather rating, making it suitable for operation in most conditions.\" \/>\n<meta name=\"robots\" content=\"index, follow, max-snippet:-1, max-image-preview:large, max-video-preview:-1\" \/>\n<link rel=\"canonical\" href=\"https:\/\/www.ghostysky.com\/fr\/product\/yuneec-h600-rtk-yunh600-rtkus\/\" \/>\n<meta property=\"og:locale\" content=\"fr_FR\" \/>\n<meta property=\"og:type\" content=\"article\" \/>\n<meta property=\"og:title\" content=\"Yuneec H600 RTK (YUNH600-RTKUS) - Ghostysky\" \/>\n<meta property=\"og:description\" content=\"The Yuneec H600 RTK is a versatile and powerful enterprise drone designed for various applications, including surveying, mapping, agriculture, and construction. This drone offers a 50-minute flight time and an IP44 weather rating, making it suitable for operation in most conditions.\" \/>\n<meta property=\"og:url\" content=\"https:\/\/www.ghostysky.com\/fr\/product\/yuneec-h600-rtk-yunh600-rtkus\/\" \/>\n<meta property=\"og:site_name\" content=\"Ghostysky\" \/>\n<meta property=\"article:publisher\" content=\"https:\/\/www.facebook.com\/people\/Ghostysky\/100057676170234\/\" \/>\n<meta property=\"article:modified_time\" content=\"2024-11-05T05:50:44+00:00\" \/>\n<meta property=\"og:image\" content=\"https:\/\/www.ghostysky.com\/wp-content\/uploads\/2024\/11\/GH_Yuneec_H600_RTK_Cover.jpg\" \/>\n\t<meta property=\"og:image:width\" content=\"1000\" \/>\n\t<meta property=\"og:image:height\" content=\"1000\" \/>\n\t<meta property=\"og:image:type\" content=\"image\/jpeg\" \/>\n<meta name=\"twitter:card\" content=\"summary_large_image\" \/>\n<meta name=\"twitter:site\" content=\"@Gh0stysky\" \/>\n<meta name=\"twitter:label1\" content=\"Dur\u00e9e de lecture estim\u00e9e\" \/>\n\t<meta name=\"twitter:data1\" content=\"3 minutes\" \/>\n<script type=\"application\/ld+json\" class=\"yoast-schema-graph\">{\"@context\":\"https:\/\/schema.org\",\"@graph\":[{\"@type\":\"WebPage\",\"@id\":\"https:\/\/www.ghostysky.com\/product\/yuneec-h600-rtk-yunh600-rtkus\/\",\"url\":\"https:\/\/www.ghostysky.com\/product\/yuneec-h600-rtk-yunh600-rtkus\/\",\"name\":\"Yuneec H600 RTK (YUNH600-RTKUS) - Ghostysky\",\"isPartOf\":{\"@id\":\"https:\/\/www.ghostysky.com\/#website\"},\"primaryImageOfPage\":{\"@id\":\"https:\/\/www.ghostysky.com\/product\/yuneec-h600-rtk-yunh600-rtkus\/#primaryimage\"},\"image\":{\"@id\":\"https:\/\/www.ghostysky.com\/product\/yuneec-h600-rtk-yunh600-rtkus\/#primaryimage\"},\"thumbnailUrl\":\"https:\/\/www.ghostysky.com\/wp-content\/uploads\/2024\/11\/GH_Yuneec_H600_RTK_Cover.jpg\",\"datePublished\":\"2024-11-04T13:11:42+00:00\",\"dateModified\":\"2024-11-05T05:50:44+00:00\",\"description\":\"The Yuneec H600 RTK is a versatile and powerful enterprise drone designed for various applications, including surveying, mapping, agriculture, and construction. This drone offers a 50-minute flight time and an IP44 weather rating, making it suitable for operation in most conditions.\",\"breadcrumb\":{\"@id\":\"https:\/\/www.ghostysky.com\/product\/yuneec-h600-rtk-yunh600-rtkus\/#breadcrumb\"},\"inLanguage\":\"fr-FR\",\"potentialAction\":[{\"@type\":\"ReadAction\",\"target\":[\"https:\/\/www.ghostysky.com\/product\/yuneec-h600-rtk-yunh600-rtkus\/\"]}]},{\"@type\":\"ImageObject\",\"inLanguage\":\"fr-FR\",\"@id\":\"https:\/\/www.ghostysky.com\/product\/yuneec-h600-rtk-yunh600-rtkus\/#primaryimage\",\"url\":\"https:\/\/www.ghostysky.com\/wp-content\/uploads\/2024\/11\/GH_Yuneec_H600_RTK_Cover.jpg\",\"contentUrl\":\"https:\/\/www.ghostysky.com\/wp-content\/uploads\/2024\/11\/GH_Yuneec_H600_RTK_Cover.jpg\",\"width\":1000,\"height\":1000},{\"@type\":\"BreadcrumbList\",\"@id\":\"https:\/\/www.ghostysky.com\/product\/yuneec-h600-rtk-yunh600-rtkus\/#breadcrumb\",\"itemListElement\":[{\"@type\":\"ListItem\",\"position\":1,\"name\":\"Home\",\"item\":\"https:\/\/www.ghostysky.com\/\"},{\"@type\":\"ListItem\",\"position\":2,\"name\":\"Shop\",\"item\":\"https:\/\/www.ghostysky.com\/shop\/\"},{\"@type\":\"ListItem\",\"position\":3,\"name\":\"Yuneec H600 RTK (YUNH600-RTKUS)\"}]},{\"@type\":\"WebSite\",\"@id\":\"https:\/\/www.ghostysky.com\/#website\",\"url\":\"https:\/\/www.ghostysky.com\/\",\"name\":\"Ghostysky\",\"description\":\"Delivering professional drones and services\",\"publisher\":{\"@id\":\"https:\/\/www.ghostysky.com\/#organization\"},\"potentialAction\":[{\"@type\":\"SearchAction\",\"target\":{\"@type\":\"EntryPoint\",\"urlTemplate\":\"https:\/\/www.ghostysky.com\/?s={search_term_string}\"},\"query-input\":{\"@type\":\"PropertyValueSpecification\",\"valueRequired\":true,\"valueName\":\"search_term_string\"}}],\"inLanguage\":\"fr-FR\"},{\"@type\":\"Organization\",\"@id\":\"https:\/\/www.ghostysky.com\/#organization\",\"name\":\"Ghostysky\",\"url\":\"https:\/\/www.ghostysky.com\/\",\"logo\":{\"@type\":\"ImageObject\",\"inLanguage\":\"fr-FR\",\"@id\":\"https:\/\/www.ghostysky.com\/#\/schema\/logo\/image\/\",\"url\":\"https:\/\/www.ghostysky.com\/wp-content\/uploads\/2020\/06\/cropped-ghostyskylogo_text_white2.png\",\"contentUrl\":\"https:\/\/www.ghostysky.com\/wp-content\/uploads\/2020\/06\/cropped-ghostyskylogo_text_white2.png\",\"width\":169,\"height\":56,\"caption\":\"Ghostysky\"},\"image\":{\"@id\":\"https:\/\/www.ghostysky.com\/#\/schema\/logo\/image\/\"},\"sameAs\":[\"https:\/\/www.facebook.com\/people\/Ghostysky\/100057676170234\/\",\"https:\/\/x.com\/Gh0stysky\",\"https:\/\/www.linkedin.com\/company\/34739653\",\"https:\/\/www.instagram.com\/gh0stysky\"]}]}<\/script>\n<!-- \/ Yoast SEO plugin. -->","yoast_head_json":{"title":"Yuneec H600 RTK (YUNH600-RTKUS) - Ghostysky","description":"Le Yuneec H600 RTK est un drone d&#039;entreprise polyvalent et puissant, con\u00e7u pour diverses applications, notamment la topographie, la cartographie, l&#039;agriculture et la construction. Avec une autonomie de vol de 50 minutes et un indice de protection IP44, il est adapt\u00e9 \u00e0 la plupart des conditions m\u00e9t\u00e9orologiques.","robots":{"index":"index","follow":"follow","max-snippet":"max-snippet:-1","max-image-preview":"max-image-preview:large","max-video-preview":"max-video-preview:-1"},"canonical":"https:\/\/www.ghostysky.com\/fr\/product\/yuneec-h600-rtk-yunh600-rtkus\/","og_locale":"fr_FR","og_type":"article","og_title":"Yuneec H600 RTK (YUNH600-RTKUS) - Ghostysky","og_description":"The Yuneec H600 RTK is a versatile and powerful enterprise drone designed for various applications, including surveying, mapping, agriculture, and construction. This drone offers a 50-minute flight time and an IP44 weather rating, making it suitable for operation in most conditions.","og_url":"https:\/\/www.ghostysky.com\/fr\/product\/yuneec-h600-rtk-yunh600-rtkus\/","og_site_name":"Ghostysky","article_publisher":"https:\/\/www.facebook.com\/people\/Ghostysky\/100057676170234\/","article_modified_time":"2024-11-05T05:50:44+00:00","og_image":[{"width":1000,"height":1000,"url":"https:\/\/www.ghostysky.com\/wp-content\/uploads\/2024\/11\/GH_Yuneec_H600_RTK_Cover.jpg","type":"image\/jpeg"}],"twitter_card":"summary_large_image","twitter_site":"@Gh0stysky","twitter_misc":{"Dur\u00e9e de lecture estim\u00e9e":"3 minutes"},"schema":{"@context":"https:\/\/schema.org","@graph":[{"@type":"WebPage","@id":"https:\/\/www.ghostysky.com\/product\/yuneec-h600-rtk-yunh600-rtkus\/","url":"https:\/\/www.ghostysky.com\/product\/yuneec-h600-rtk-yunh600-rtkus\/","name":"Yuneec H600 RTK (YUNH600-RTKUS) - Ghostysky","isPartOf":{"@id":"https:\/\/www.ghostysky.com\/#website"},"primaryImageOfPage":{"@id":"https:\/\/www.ghostysky.com\/product\/yuneec-h600-rtk-yunh600-rtkus\/#primaryimage"},"image":{"@id":"https:\/\/www.ghostysky.com\/product\/yuneec-h600-rtk-yunh600-rtkus\/#primaryimage"},"thumbnailUrl":"https:\/\/www.ghostysky.com\/wp-content\/uploads\/2024\/11\/GH_Yuneec_H600_RTK_Cover.jpg","datePublished":"2024-11-04T13:11:42+00:00","dateModified":"2024-11-05T05:50:44+00:00","description":"Le Yuneec H600 RTK est un drone d&#039;entreprise polyvalent et puissant, con\u00e7u pour diverses applications, notamment la topographie, la cartographie, l&#039;agriculture et la construction. Avec une autonomie de vol de 50 minutes et un indice de protection IP44, il est adapt\u00e9 \u00e0 la plupart des conditions m\u00e9t\u00e9orologiques.","breadcrumb":{"@id":"https:\/\/www.ghostysky.com\/product\/yuneec-h600-rtk-yunh600-rtkus\/#breadcrumb"},"inLanguage":"fr-FR","potentialAction":[{"@type":"ReadAction","target":["https:\/\/www.ghostysky.com\/product\/yuneec-h600-rtk-yunh600-rtkus\/"]}]},{"@type":"ImageObject","inLanguage":"fr-FR","@id":"https:\/\/www.ghostysky.com\/product\/yuneec-h600-rtk-yunh600-rtkus\/#primaryimage","url":"https:\/\/www.ghostysky.com\/wp-content\/uploads\/2024\/11\/GH_Yuneec_H600_RTK_Cover.jpg","contentUrl":"https:\/\/www.ghostysky.com\/wp-content\/uploads\/2024\/11\/GH_Yuneec_H600_RTK_Cover.jpg","width":1000,"height":1000},{"@type":"BreadcrumbList","@id":"https:\/\/www.ghostysky.com\/product\/yuneec-h600-rtk-yunh600-rtkus\/#breadcrumb","itemListElement":[{"@type":"ListItem","position":1,"name":"Home","item":"https:\/\/www.ghostysky.com\/"},{"@type":"ListItem","position":2,"name":"Shop","item":"https:\/\/www.ghostysky.com\/shop\/"},{"@type":"ListItem","position":3,"name":"Yuneec H600 RTK (YUNH600-RTKUS)"}]},{"@type":"WebSite","@id":"https:\/\/www.ghostysky.com\/#website","url":"https:\/\/www.ghostysky.com\/","name":"Ghostysky","description":"Livraison de drones et de services professionnels","publisher":{"@id":"https:\/\/www.ghostysky.com\/#organization"},"potentialAction":[{"@type":"SearchAction","target":{"@type":"EntryPoint","urlTemplate":"https:\/\/www.ghostysky.com\/?s={search_term_string}"},"query-input":{"@type":"PropertyValueSpecification","valueRequired":true,"valueName":"search_term_string"}}],"inLanguage":"fr-FR"},{"@type":"Organization","@id":"https:\/\/www.ghostysky.com\/#organization","name":"Ghostysky","url":"https:\/\/www.ghostysky.com\/","logo":{"@type":"ImageObject","inLanguage":"fr-FR","@id":"https:\/\/www.ghostysky.com\/#\/schema\/logo\/image\/","url":"https:\/\/www.ghostysky.com\/wp-content\/uploads\/2020\/06\/cropped-ghostyskylogo_text_white2.png","contentUrl":"https:\/\/www.ghostysky.com\/wp-content\/uploads\/2020\/06\/cropped-ghostyskylogo_text_white2.png","width":169,"height":56,"caption":"Ghostysky"},"image":{"@id":"https:\/\/www.ghostysky.com\/#\/schema\/logo\/image\/"},"sameAs":["https:\/\/www.facebook.com\/people\/Ghostysky\/100057676170234\/","https:\/\/x.com\/Gh0stysky","https:\/\/www.linkedin.com\/company\/34739653","https:\/\/www.instagram.com\/gh0stysky"]}]}},"_links":{"self":[{"href":"https:\/\/www.ghostysky.com\/fr\/wp-json\/wp\/v2\/product\/20162","targetHints":{"allow":["GET"]}}],"collection":[{"href":"https:\/\/www.ghostysky.com\/fr\/wp-json\/wp\/v2\/product"}],"about":[{"href":"https:\/\/www.ghostysky.com\/fr\/wp-json\/wp\/v2\/types\/product"}],"replies":[{"embeddable":true,"href":"https:\/\/www.ghostysky.com\/fr\/wp-json\/wp\/v2\/comments?post=20162"}],"wp:featuredmedia":[{"embeddable":true,"href":"https:\/\/www.ghostysky.com\/fr\/wp-json\/wp\/v2\/media\/20164"}],"wp:attachment":[{"href":"https:\/\/www.ghostysky.com\/fr\/wp-json\/wp\/v2\/media?parent=20162"}],"wp:term":[{"taxonomy":"product_brand","embeddable":true,"href":"https:\/\/www.ghostysky.com\/fr\/wp-json\/wp\/v2\/product_brand?post=20162"},{"taxonomy":"product_cat","embeddable":true,"href":"https:\/\/www.ghostysky.com\/fr\/wp-json\/wp\/v2\/product_cat?post=20162"},{"taxonomy":"product_tag","embeddable":true,"href":"https:\/\/www.ghostysky.com\/fr\/wp-json\/wp\/v2\/product_tag?post=20162"}],"curies":[{"name":"wp","href":"https:\/\/api.w.org\/{rel}","templated":true}]}}