{"id":20209,"date":"2024-11-05T06:07:00","date_gmt":"2024-11-05T06:07:00","guid":{"rendered":"https:\/\/www.ghostysky.com\/?post_type=product&#038;p=20209"},"modified":"2024-11-05T08:41:36","modified_gmt":"2024-11-05T08:41:36","slug":"emlid-reach-rs2-rs3-hard-carrying-case-model-b","status":"publish","type":"product","link":"https:\/\/www.ghostysky.com\/fr\/product\/emlid-reach-rs2-rs3-hard-carrying-case-model-b\/","title":{"rendered":"\u00c9tui de transport rigide Emlid Reach RS2+\/RS3, mod\u00e8le B"},"content":{"rendered":"<p>Dimensions : 14,75\u2033 x 12\u2033 x 7,25\u2033<\/p>\n<p>Pourrait transporter :<\/p>\n<ul>\n<li>2 x RS2\/RS3<\/li>\n<li>2 antennes LoRa<\/li>\n<li>Charges et c\u00e2bles<\/li>\n<\/ul>","protected":false},"excerpt":{"rendered":"<p>La mallette de transport rigide Emlid Reach RS2+\/RS3 est une solution de protection durable, sp\u00e9cialement con\u00e7ue pour les r\u00e9cepteurs GNSS Emlid Reach RS2+ et RS3. Elle assure un transport et un rangement s\u00e9curis\u00e9s de votre \u00e9quipement, le gardant ainsi pr\u00eat \u00e0 l&#039;emploi.<\/p>","protected":false},"featured_media":20197,"comment_status":"open","ping_status":"closed","template":"","meta":[],"product_brand":[],"product_cat":[461,1007],"product_tag":[58,1005,95,1006],"class_list":{"0":"post-20209","1":"product","2":"type-product","3":"status-publish","4":"has-post-thumbnail","6":"product_cat-accessories-2","7":"product_cat-hard-cases","8":"product_tag-emlid","9":"product_tag-hard-case","10":"product_tag-rs2","11":"product_tag-rs3","13":"first","14":"onbackorder","15":"taxable","16":"shipping-taxable","17":"purchasable","18":"product-type-simple"},"yoast_head":"<!-- This site is optimized with the Yoast SEO plugin v27.4 - https:\/\/yoast.com\/product\/yoast-seo-wordpress\/ -->\n<title>Emlid Reach RS2+\/RS3 Hard Carrying Case, Model B - Ghostysky<\/title>\n<meta name=\"description\" content=\"The Emlid Reach RS2+\/RS3 Hard Carrying Case is a durable and protective solution designed specifically for the Emlid Reach RS2+ and RS3 GNSS receivers. It offers secure transportation and storage for your equipment, ensuring it remains safe and ready for use.\" \/>\n<meta name=\"robots\" content=\"index, follow, max-snippet:-1, max-image-preview:large, max-video-preview:-1\" \/>\n<link rel=\"canonical\" href=\"https:\/\/www.ghostysky.com\/fr\/product\/emlid-reach-rs2-rs3-hard-carrying-case-model-b\/\" \/>\n<meta property=\"og:locale\" content=\"fr_FR\" \/>\n<meta property=\"og:type\" content=\"article\" \/>\n<meta property=\"og:title\" content=\"Emlid Reach RS2+\/RS3 Hard Carrying Case, Model B - Ghostysky\" \/>\n<meta property=\"og:description\" content=\"The Emlid Reach RS2+\/RS3 Hard Carrying Case is a durable and protective solution designed specifically for the Emlid Reach RS2+ and RS3 GNSS receivers. It offers secure transportation and storage for your equipment, ensuring it remains safe and ready for use.\" \/>\n<meta property=\"og:url\" content=\"https:\/\/www.ghostysky.com\/fr\/product\/emlid-reach-rs2-rs3-hard-carrying-case-model-b\/\" \/>\n<meta property=\"og:site_name\" content=\"Ghostysky\" \/>\n<meta property=\"article:publisher\" content=\"https:\/\/www.facebook.com\/people\/Ghostysky\/100057676170234\/\" \/>\n<meta property=\"article:modified_time\" content=\"2024-11-05T08:41:36+00:00\" \/>\n<meta property=\"og:image\" content=\"https:\/\/www.ghostysky.com\/wp-content\/uploads\/2024\/11\/Emlid_Hard_Case_LP_1.jpg\" \/>\n\t<meta property=\"og:image:width\" content=\"360\" \/>\n\t<meta property=\"og:image:height\" content=\"360\" \/>\n\t<meta property=\"og:image:type\" content=\"image\/jpeg\" \/>\n<meta name=\"twitter:card\" content=\"summary_large_image\" \/>\n<meta name=\"twitter:site\" content=\"@Gh0stysky\" \/>\n<meta name=\"twitter:label1\" content=\"Dur\u00e9e de lecture estim\u00e9e\" \/>\n\t<meta name=\"twitter:data1\" content=\"1 minute\" \/>\n<script type=\"application\/ld+json\" class=\"yoast-schema-graph\">{\"@context\":\"https:\\\/\\\/schema.org\",\"@graph\":[{\"@type\":\"WebPage\",\"@id\":\"https:\\\/\\\/www.ghostysky.com\\\/product\\\/emlid-reach-rs2-rs3-hard-carrying-case-model-b\\\/\",\"url\":\"https:\\\/\\\/www.ghostysky.com\\\/product\\\/emlid-reach-rs2-rs3-hard-carrying-case-model-b\\\/\",\"name\":\"Emlid Reach RS2+\\\/RS3 Hard Carrying Case, Model B - Ghostysky\",\"isPartOf\":{\"@id\":\"https:\\\/\\\/www.ghostysky.com\\\/#website\"},\"primaryImageOfPage\":{\"@id\":\"https:\\\/\\\/www.ghostysky.com\\\/product\\\/emlid-reach-rs2-rs3-hard-carrying-case-model-b\\\/#primaryimage\"},\"image\":{\"@id\":\"https:\\\/\\\/www.ghostysky.com\\\/product\\\/emlid-reach-rs2-rs3-hard-carrying-case-model-b\\\/#primaryimage\"},\"thumbnailUrl\":\"https:\\\/\\\/www.ghostysky.com\\\/wp-content\\\/uploads\\\/2024\\\/11\\\/Emlid_Hard_Case_LP_1.jpg\",\"datePublished\":\"2024-11-05T06:07:00+00:00\",\"dateModified\":\"2024-11-05T08:41:36+00:00\",\"description\":\"The Emlid Reach RS2+\\\/RS3 Hard Carrying Case is a durable and protective solution designed specifically for the Emlid Reach RS2+ and RS3 GNSS receivers. It offers secure transportation and storage for your equipment, ensuring it remains safe and ready for use.\",\"breadcrumb\":{\"@id\":\"https:\\\/\\\/www.ghostysky.com\\\/product\\\/emlid-reach-rs2-rs3-hard-carrying-case-model-b\\\/#breadcrumb\"},\"inLanguage\":\"fr-FR\",\"potentialAction\":[{\"@type\":\"ReadAction\",\"target\":[\"https:\\\/\\\/www.ghostysky.com\\\/product\\\/emlid-reach-rs2-rs3-hard-carrying-case-model-b\\\/\"]}]},{\"@type\":\"ImageObject\",\"inLanguage\":\"fr-FR\",\"@id\":\"https:\\\/\\\/www.ghostysky.com\\\/product\\\/emlid-reach-rs2-rs3-hard-carrying-case-model-b\\\/#primaryimage\",\"url\":\"https:\\\/\\\/www.ghostysky.com\\\/wp-content\\\/uploads\\\/2024\\\/11\\\/Emlid_Hard_Case_LP_1.jpg\",\"contentUrl\":\"https:\\\/\\\/www.ghostysky.com\\\/wp-content\\\/uploads\\\/2024\\\/11\\\/Emlid_Hard_Case_LP_1.jpg\",\"width\":360,\"height\":360},{\"@type\":\"BreadcrumbList\",\"@id\":\"https:\\\/\\\/www.ghostysky.com\\\/product\\\/emlid-reach-rs2-rs3-hard-carrying-case-model-b\\\/#breadcrumb\",\"itemListElement\":[{\"@type\":\"ListItem\",\"position\":1,\"name\":\"Home\",\"item\":\"https:\\\/\\\/www.ghostysky.com\\\/\"},{\"@type\":\"ListItem\",\"position\":2,\"name\":\"Shop\",\"item\":\"https:\\\/\\\/www.ghostysky.com\\\/shop\\\/\"},{\"@type\":\"ListItem\",\"position\":3,\"name\":\"Emlid Reach RS2+\\\/RS3 Hard Carrying Case, Model B\"}]},{\"@type\":\"WebSite\",\"@id\":\"https:\\\/\\\/www.ghostysky.com\\\/#website\",\"url\":\"https:\\\/\\\/www.ghostysky.com\\\/\",\"name\":\"Ghostysky\",\"description\":\"Delivering professional drones and robotics solutions\",\"publisher\":{\"@id\":\"https:\\\/\\\/www.ghostysky.com\\\/#organization\"},\"potentialAction\":[{\"@type\":\"SearchAction\",\"target\":{\"@type\":\"EntryPoint\",\"urlTemplate\":\"https:\\\/\\\/www.ghostysky.com\\\/?s={search_term_string}\"},\"query-input\":{\"@type\":\"PropertyValueSpecification\",\"valueRequired\":true,\"valueName\":\"search_term_string\"}}],\"inLanguage\":\"fr-FR\"},{\"@type\":\"Organization\",\"@id\":\"https:\\\/\\\/www.ghostysky.com\\\/#organization\",\"name\":\"Ghostysky\",\"url\":\"https:\\\/\\\/www.ghostysky.com\\\/\",\"logo\":{\"@type\":\"ImageObject\",\"inLanguage\":\"fr-FR\",\"@id\":\"https:\\\/\\\/www.ghostysky.com\\\/#\\\/schema\\\/logo\\\/image\\\/\",\"url\":\"https:\\\/\\\/www.ghostysky.com\\\/wp-content\\\/uploads\\\/2020\\\/06\\\/cropped-ghostyskylogo_text_white2.png\",\"contentUrl\":\"https:\\\/\\\/www.ghostysky.com\\\/wp-content\\\/uploads\\\/2020\\\/06\\\/cropped-ghostyskylogo_text_white2.png\",\"width\":169,\"height\":56,\"caption\":\"Ghostysky\"},\"image\":{\"@id\":\"https:\\\/\\\/www.ghostysky.com\\\/#\\\/schema\\\/logo\\\/image\\\/\"},\"sameAs\":[\"https:\\\/\\\/www.facebook.com\\\/people\\\/Ghostysky\\\/100057676170234\\\/\",\"https:\\\/\\\/x.com\\\/Gh0stysky\",\"https:\\\/\\\/www.linkedin.com\\\/company\\\/34739653\",\"https:\\\/\\\/www.instagram.com\\\/gh0stysky\"]}]}<\/script>\n<!-- \/ Yoast SEO plugin. -->","yoast_head_json":{"title":"\u00c9tui de transport rigide Emlid Reach RS2+\/RS3, mod\u00e8le B - Ghostysky","description":"La mallette de transport rigide Emlid Reach RS2+\/RS3 est une solution de protection durable, sp\u00e9cialement con\u00e7ue pour les r\u00e9cepteurs GNSS Emlid Reach RS2+ et RS3. Elle assure un transport et un rangement s\u00e9curis\u00e9s de votre \u00e9quipement, le gardant ainsi pr\u00eat \u00e0 l&#039;emploi.","robots":{"index":"index","follow":"follow","max-snippet":"max-snippet:-1","max-image-preview":"max-image-preview:large","max-video-preview":"max-video-preview:-1"},"canonical":"https:\/\/www.ghostysky.com\/fr\/product\/emlid-reach-rs2-rs3-hard-carrying-case-model-b\/","og_locale":"fr_FR","og_type":"article","og_title":"Emlid Reach RS2+\/RS3 Hard Carrying Case, Model B - Ghostysky","og_description":"The Emlid Reach RS2+\/RS3 Hard Carrying Case is a durable and protective solution designed specifically for the Emlid Reach RS2+ and RS3 GNSS receivers. It offers secure transportation and storage for your equipment, ensuring it remains safe and ready for use.","og_url":"https:\/\/www.ghostysky.com\/fr\/product\/emlid-reach-rs2-rs3-hard-carrying-case-model-b\/","og_site_name":"Ghostysky","article_publisher":"https:\/\/www.facebook.com\/people\/Ghostysky\/100057676170234\/","article_modified_time":"2024-11-05T08:41:36+00:00","og_image":[{"width":360,"height":360,"url":"https:\/\/www.ghostysky.com\/wp-content\/uploads\/2024\/11\/Emlid_Hard_Case_LP_1.jpg","type":"image\/jpeg"}],"twitter_card":"summary_large_image","twitter_site":"@Gh0stysky","twitter_misc":{"Dur\u00e9e de lecture estim\u00e9e":"1 minute"},"schema":{"@context":"https:\/\/schema.org","@graph":[{"@type":"WebPage","@id":"https:\/\/www.ghostysky.com\/product\/emlid-reach-rs2-rs3-hard-carrying-case-model-b\/","url":"https:\/\/www.ghostysky.com\/product\/emlid-reach-rs2-rs3-hard-carrying-case-model-b\/","name":"\u00c9tui de transport rigide Emlid Reach RS2+\/RS3, mod\u00e8le B - Ghostysky","isPartOf":{"@id":"https:\/\/www.ghostysky.com\/#website"},"primaryImageOfPage":{"@id":"https:\/\/www.ghostysky.com\/product\/emlid-reach-rs2-rs3-hard-carrying-case-model-b\/#primaryimage"},"image":{"@id":"https:\/\/www.ghostysky.com\/product\/emlid-reach-rs2-rs3-hard-carrying-case-model-b\/#primaryimage"},"thumbnailUrl":"https:\/\/www.ghostysky.com\/wp-content\/uploads\/2024\/11\/Emlid_Hard_Case_LP_1.jpg","datePublished":"2024-11-05T06:07:00+00:00","dateModified":"2024-11-05T08:41:36+00:00","description":"La mallette de transport rigide Emlid Reach RS2+\/RS3 est une solution de protection durable, sp\u00e9cialement con\u00e7ue pour les r\u00e9cepteurs GNSS Emlid Reach RS2+ et RS3. Elle assure un transport et un rangement s\u00e9curis\u00e9s de votre \u00e9quipement, le gardant ainsi pr\u00eat \u00e0 l&#039;emploi.","breadcrumb":{"@id":"https:\/\/www.ghostysky.com\/product\/emlid-reach-rs2-rs3-hard-carrying-case-model-b\/#breadcrumb"},"inLanguage":"fr-FR","potentialAction":[{"@type":"ReadAction","target":["https:\/\/www.ghostysky.com\/product\/emlid-reach-rs2-rs3-hard-carrying-case-model-b\/"]}]},{"@type":"ImageObject","inLanguage":"fr-FR","@id":"https:\/\/www.ghostysky.com\/product\/emlid-reach-rs2-rs3-hard-carrying-case-model-b\/#primaryimage","url":"https:\/\/www.ghostysky.com\/wp-content\/uploads\/2024\/11\/Emlid_Hard_Case_LP_1.jpg","contentUrl":"https:\/\/www.ghostysky.com\/wp-content\/uploads\/2024\/11\/Emlid_Hard_Case_LP_1.jpg","width":360,"height":360},{"@type":"BreadcrumbList","@id":"https:\/\/www.ghostysky.com\/product\/emlid-reach-rs2-rs3-hard-carrying-case-model-b\/#breadcrumb","itemListElement":[{"@type":"ListItem","position":1,"name":"Home","item":"https:\/\/www.ghostysky.com\/"},{"@type":"ListItem","position":2,"name":"Shop","item":"https:\/\/www.ghostysky.com\/shop\/"},{"@type":"ListItem","position":3,"name":"Emlid Reach RS2+\/RS3 Hard Carrying Case, Model B"}]},{"@type":"WebSite","@id":"https:\/\/www.ghostysky.com\/#website","url":"https:\/\/www.ghostysky.com\/","name":"Ghostysky","description":"Fourniture de solutions professionnelles en mati\u00e8re de drones et de robotique","publisher":{"@id":"https:\/\/www.ghostysky.com\/#organization"},"potentialAction":[{"@type":"SearchAction","target":{"@type":"EntryPoint","urlTemplate":"https:\/\/www.ghostysky.com\/?s={search_term_string}"},"query-input":{"@type":"PropertyValueSpecification","valueRequired":true,"valueName":"search_term_string"}}],"inLanguage":"fr-FR"},{"@type":"Organization","@id":"https:\/\/www.ghostysky.com\/#organization","name":"Ghostysky","url":"https:\/\/www.ghostysky.com\/","logo":{"@type":"ImageObject","inLanguage":"fr-FR","@id":"https:\/\/www.ghostysky.com\/#\/schema\/logo\/image\/","url":"https:\/\/www.ghostysky.com\/wp-content\/uploads\/2020\/06\/cropped-ghostyskylogo_text_white2.png","contentUrl":"https:\/\/www.ghostysky.com\/wp-content\/uploads\/2020\/06\/cropped-ghostyskylogo_text_white2.png","width":169,"height":56,"caption":"Ghostysky"},"image":{"@id":"https:\/\/www.ghostysky.com\/#\/schema\/logo\/image\/"},"sameAs":["https:\/\/www.facebook.com\/people\/Ghostysky\/100057676170234\/","https:\/\/x.com\/Gh0stysky","https:\/\/www.linkedin.com\/company\/34739653","https:\/\/www.instagram.com\/gh0stysky"]}]}},"_links":{"self":[{"href":"https:\/\/www.ghostysky.com\/fr\/wp-json\/wp\/v2\/product\/20209","targetHints":{"allow":["GET"]}}],"collection":[{"href":"https:\/\/www.ghostysky.com\/fr\/wp-json\/wp\/v2\/product"}],"about":[{"href":"https:\/\/www.ghostysky.com\/fr\/wp-json\/wp\/v2\/types\/product"}],"replies":[{"embeddable":true,"href":"https:\/\/www.ghostysky.com\/fr\/wp-json\/wp\/v2\/comments?post=20209"}],"version-history":[{"count":0,"href":"https:\/\/www.ghostysky.com\/fr\/wp-json\/wp\/v2\/product\/20209\/revisions"}],"wp:featuredmedia":[{"embeddable":true,"href":"https:\/\/www.ghostysky.com\/fr\/wp-json\/wp\/v2\/media\/20197"}],"wp:attachment":[{"href":"https:\/\/www.ghostysky.com\/fr\/wp-json\/wp\/v2\/media?parent=20209"}],"wp:term":[{"taxonomy":"product_brand","embeddable":true,"href":"https:\/\/www.ghostysky.com\/fr\/wp-json\/wp\/v2\/product_brand?post=20209"},{"taxonomy":"product_cat","embeddable":true,"href":"https:\/\/www.ghostysky.com\/fr\/wp-json\/wp\/v2\/product_cat?post=20209"},{"taxonomy":"product_tag","embeddable":true,"href":"https:\/\/www.ghostysky.com\/fr\/wp-json\/wp\/v2\/product_tag?post=20209"}],"curies":[{"name":"wp","href":"https:\/\/api.w.org\/{rel}","templated":true}]}}