{"id":20224,"date":"2024-11-05T06:49:26","date_gmt":"2024-11-05T06:49:26","guid":{"rendered":"https:\/\/www.ghostysky.com\/?post_type=product&#038;p=20224"},"modified":"2024-11-05T08:39:37","modified_gmt":"2024-11-05T08:39:37","slug":"hard-case-for-dji-matrice-3d-3td","status":"publish","type":"product","link":"https:\/\/www.ghostysky.com\/fr\/product\/hard-case-for-dji-matrice-3d-3td\/","title":{"rendered":"\u00c9tui rigide pour DJI Matrice 3D\/3TD"},"content":{"rendered":"<p>La valise HPRC2710 est la solution id\u00e9ale pour transporter et prot\u00e9ger le drone DJI Matrice 3D\/3TD. Elle est sp\u00e9cialement con\u00e7ue pour r\u00e9pondre aux besoins des professionnels de l&#039;inspection industrielle, de la cartographie 3D et de la s\u00e9curit\u00e9. Fabriqu\u00e9e avec des mat\u00e9riaux de la plus haute qualit\u00e9, elle offre une excellente protection contre les chocs, la poussi\u00e8re et l&#039;eau, garantissant ainsi la s\u00e9curit\u00e9 de votre drone et de ses accessoires.<\/p>\n<p>Caract\u00e9ristiques principales :<\/p>\n<ul>\n<li class=\"translation-block\"><strong>Compatibilit\u00e9 parfaite<\/strong> : con\u00e7u sur mesure pour le DJI Matrice 3D\/3TD, il assure un logement parfait pour le drone et ses composants.<\/li>\n<li class=\"translation-block\"><strong>Protection totale<\/strong> : Structure en r\u00e9sine TTX01 offrant une r\u00e9sistance exceptionnelle aux chocs, \u00e0 la corrosion et aux intemp\u00e9ries. Certifi\u00e9 IP67, le bo\u00eetier est \u00e9tanche \u00e0 l&#039;eau et \u00e0 la poussi\u00e8re.<\/li>\n<li class=\"translation-block\"><strong>Int\u00e9rieur personnalis\u00e9<\/strong> : l&#039;int\u00e9rieur est dot\u00e9 d&#039;une mousse haute densit\u00e9 pr\u00e9d\u00e9coup\u00e9e pour accueillir le drone, les batteries, la radiocommande et autres accessoires tout en assurant ordre et protection.<\/li>\n<li class=\"translation-block\"><strong>Confort<\/strong> : les deux poign\u00e9es ergonomiques offrent une excellente prise en main m\u00eame en conditions humides.<\/li>\n<li class=\"translation-block\"><strong>Fermeture s\u00e9curis\u00e9e :<\/strong> les loquets extr\u00eamement robustes sont \u00e9quip\u00e9s d&#039;un syst\u00e8me d&#039;ouverture\/fermeture en deux \u00e9tapes : il assure un mouvement particuli\u00e8rement fluide mais emp\u00eache tout en m\u00eame temps l&#039;ouverture des crochets en cas de chute.<\/li>\n<\/ul>\n<p>&nbsp;<\/p>\n<p>La mousse peut abriter :<\/p>\n<ul>\n<li>DJI Matrice 3D\/3TD<\/li>\n<li>Divers\/C\u00e2bles<\/li>\n<li>Piles<\/li>\n<li>Contr\u00f4leur intelligent DJI RC Pro\/DJI RC-N1\/DJI<\/li>\n<li>Divers\/C\u00e2bles\/Batteries<\/li>\n<li>H\u00e9lices<\/li>\n<li>Kit de charge<\/li>\n<\/ul>","protected":false},"excerpt":{"rendered":"<p>La valise HPRC2710 est la solution id\u00e9ale pour transporter et prot\u00e9ger le drone DJI Matrice 3D\/3TD.<\/p>","protected":false},"featured_media":20229,"comment_status":"open","ping_status":"closed","template":"","meta":[],"product_brand":[],"product_cat":[461,1007],"product_tag":[1009,42,1005],"class_list":{"0":"post-20224","1":"product","2":"type-product","3":"status-publish","4":"has-post-thumbnail","6":"product_cat-accessories-2","7":"product_cat-hard-cases","8":"product_tag-3d","9":"product_tag-dji","10":"product_tag-hard-case","12":"first","13":"onbackorder","14":"taxable","15":"shipping-taxable","16":"product-type-simple"},"yoast_head":"<!-- This site is optimized with the Yoast SEO plugin v27.1.1 - https:\/\/yoast.com\/product\/yoast-seo-wordpress\/ -->\n<title>Hard Case For DJI Matrice 3D\/3TD - Ghostysky<\/title>\n<meta name=\"description\" content=\"The HPRC2710 case is the ideal solution for transporting and protecting the DJI Matrice 3D\/3TD drone.\" \/>\n<meta name=\"robots\" content=\"index, follow, max-snippet:-1, max-image-preview:large, max-video-preview:-1\" \/>\n<link rel=\"canonical\" href=\"https:\/\/www.ghostysky.com\/fr\/product\/hard-case-for-dji-matrice-3d-3td\/\" \/>\n<meta property=\"og:locale\" content=\"fr_FR\" \/>\n<meta property=\"og:type\" content=\"article\" \/>\n<meta property=\"og:title\" content=\"Hard Case For DJI Matrice 3D\/3TD - Ghostysky\" \/>\n<meta property=\"og:description\" content=\"The HPRC2710 case is the ideal solution for transporting and protecting the DJI Matrice 3D\/3TD drone.\" \/>\n<meta property=\"og:url\" content=\"https:\/\/www.ghostysky.com\/fr\/product\/hard-case-for-dji-matrice-3d-3td\/\" \/>\n<meta property=\"og:site_name\" content=\"Ghostysky\" \/>\n<meta property=\"article:publisher\" content=\"https:\/\/www.facebook.com\/people\/Ghostysky\/100057676170234\/\" \/>\n<meta property=\"article:modified_time\" content=\"2024-11-05T08:39:37+00:00\" \/>\n<meta property=\"og:image\" content=\"https:\/\/www.ghostysky.com\/wp-content\/uploads\/2024\/11\/GH_HardCase_DJI3D.jpg\" \/>\n\t<meta property=\"og:image:width\" content=\"960\" \/>\n\t<meta property=\"og:image:height\" content=\"960\" \/>\n\t<meta property=\"og:image:type\" content=\"image\/jpeg\" \/>\n<meta name=\"twitter:card\" content=\"summary_large_image\" \/>\n<meta name=\"twitter:site\" content=\"@Gh0stysky\" \/>\n<meta name=\"twitter:label1\" content=\"Dur\u00e9e de lecture estim\u00e9e\" \/>\n\t<meta name=\"twitter:data1\" content=\"2 minutes\" \/>\n<script type=\"application\/ld+json\" class=\"yoast-schema-graph\">{\"@context\":\"https:\/\/schema.org\",\"@graph\":[{\"@type\":\"WebPage\",\"@id\":\"https:\/\/www.ghostysky.com\/product\/hard-case-for-dji-matrice-3d-3td\/\",\"url\":\"https:\/\/www.ghostysky.com\/product\/hard-case-for-dji-matrice-3d-3td\/\",\"name\":\"Hard Case For DJI Matrice 3D\/3TD - Ghostysky\",\"isPartOf\":{\"@id\":\"https:\/\/www.ghostysky.com\/#website\"},\"primaryImageOfPage\":{\"@id\":\"https:\/\/www.ghostysky.com\/product\/hard-case-for-dji-matrice-3d-3td\/#primaryimage\"},\"image\":{\"@id\":\"https:\/\/www.ghostysky.com\/product\/hard-case-for-dji-matrice-3d-3td\/#primaryimage\"},\"thumbnailUrl\":\"https:\/\/www.ghostysky.com\/wp-content\/uploads\/2024\/11\/GH_HardCase_DJI3D.jpg\",\"datePublished\":\"2024-11-05T06:49:26+00:00\",\"dateModified\":\"2024-11-05T08:39:37+00:00\",\"description\":\"The HPRC2710 case is the ideal solution for transporting and protecting the DJI Matrice 3D\/3TD drone.\",\"breadcrumb\":{\"@id\":\"https:\/\/www.ghostysky.com\/product\/hard-case-for-dji-matrice-3d-3td\/#breadcrumb\"},\"inLanguage\":\"fr-FR\",\"potentialAction\":[{\"@type\":\"ReadAction\",\"target\":[\"https:\/\/www.ghostysky.com\/product\/hard-case-for-dji-matrice-3d-3td\/\"]}]},{\"@type\":\"ImageObject\",\"inLanguage\":\"fr-FR\",\"@id\":\"https:\/\/www.ghostysky.com\/product\/hard-case-for-dji-matrice-3d-3td\/#primaryimage\",\"url\":\"https:\/\/www.ghostysky.com\/wp-content\/uploads\/2024\/11\/GH_HardCase_DJI3D.jpg\",\"contentUrl\":\"https:\/\/www.ghostysky.com\/wp-content\/uploads\/2024\/11\/GH_HardCase_DJI3D.jpg\",\"width\":960,\"height\":960},{\"@type\":\"BreadcrumbList\",\"@id\":\"https:\/\/www.ghostysky.com\/product\/hard-case-for-dji-matrice-3d-3td\/#breadcrumb\",\"itemListElement\":[{\"@type\":\"ListItem\",\"position\":1,\"name\":\"Home\",\"item\":\"https:\/\/www.ghostysky.com\/\"},{\"@type\":\"ListItem\",\"position\":2,\"name\":\"Shop\",\"item\":\"https:\/\/www.ghostysky.com\/shop\/\"},{\"@type\":\"ListItem\",\"position\":3,\"name\":\"Hard Case For DJI Matrice 3D\/3TD\"}]},{\"@type\":\"WebSite\",\"@id\":\"https:\/\/www.ghostysky.com\/#website\",\"url\":\"https:\/\/www.ghostysky.com\/\",\"name\":\"Ghostysky\",\"description\":\"Delivering professional drones and services\",\"publisher\":{\"@id\":\"https:\/\/www.ghostysky.com\/#organization\"},\"potentialAction\":[{\"@type\":\"SearchAction\",\"target\":{\"@type\":\"EntryPoint\",\"urlTemplate\":\"https:\/\/www.ghostysky.com\/?s={search_term_string}\"},\"query-input\":{\"@type\":\"PropertyValueSpecification\",\"valueRequired\":true,\"valueName\":\"search_term_string\"}}],\"inLanguage\":\"fr-FR\"},{\"@type\":\"Organization\",\"@id\":\"https:\/\/www.ghostysky.com\/#organization\",\"name\":\"Ghostysky\",\"url\":\"https:\/\/www.ghostysky.com\/\",\"logo\":{\"@type\":\"ImageObject\",\"inLanguage\":\"fr-FR\",\"@id\":\"https:\/\/www.ghostysky.com\/#\/schema\/logo\/image\/\",\"url\":\"https:\/\/www.ghostysky.com\/wp-content\/uploads\/2020\/06\/cropped-ghostyskylogo_text_white2.png\",\"contentUrl\":\"https:\/\/www.ghostysky.com\/wp-content\/uploads\/2020\/06\/cropped-ghostyskylogo_text_white2.png\",\"width\":169,\"height\":56,\"caption\":\"Ghostysky\"},\"image\":{\"@id\":\"https:\/\/www.ghostysky.com\/#\/schema\/logo\/image\/\"},\"sameAs\":[\"https:\/\/www.facebook.com\/people\/Ghostysky\/100057676170234\/\",\"https:\/\/x.com\/Gh0stysky\",\"https:\/\/www.linkedin.com\/company\/34739653\",\"https:\/\/www.instagram.com\/gh0stysky\"]}]}<\/script>\n<!-- \/ Yoast SEO plugin. -->","yoast_head_json":{"title":"\u00c9tui rigide pour DJI Matrice 3D\/3TD - Ghostysky","description":"La valise HPRC2710 est la solution id\u00e9ale pour transporter et prot\u00e9ger le drone DJI Matrice 3D\/3TD.","robots":{"index":"index","follow":"follow","max-snippet":"max-snippet:-1","max-image-preview":"max-image-preview:large","max-video-preview":"max-video-preview:-1"},"canonical":"https:\/\/www.ghostysky.com\/fr\/product\/hard-case-for-dji-matrice-3d-3td\/","og_locale":"fr_FR","og_type":"article","og_title":"Hard Case For DJI Matrice 3D\/3TD - Ghostysky","og_description":"The HPRC2710 case is the ideal solution for transporting and protecting the DJI Matrice 3D\/3TD drone.","og_url":"https:\/\/www.ghostysky.com\/fr\/product\/hard-case-for-dji-matrice-3d-3td\/","og_site_name":"Ghostysky","article_publisher":"https:\/\/www.facebook.com\/people\/Ghostysky\/100057676170234\/","article_modified_time":"2024-11-05T08:39:37+00:00","og_image":[{"width":960,"height":960,"url":"https:\/\/www.ghostysky.com\/wp-content\/uploads\/2024\/11\/GH_HardCase_DJI3D.jpg","type":"image\/jpeg"}],"twitter_card":"summary_large_image","twitter_site":"@Gh0stysky","twitter_misc":{"Dur\u00e9e de lecture estim\u00e9e":"2 minutes"},"schema":{"@context":"https:\/\/schema.org","@graph":[{"@type":"WebPage","@id":"https:\/\/www.ghostysky.com\/product\/hard-case-for-dji-matrice-3d-3td\/","url":"https:\/\/www.ghostysky.com\/product\/hard-case-for-dji-matrice-3d-3td\/","name":"\u00c9tui rigide pour DJI Matrice 3D\/3TD - Ghostysky","isPartOf":{"@id":"https:\/\/www.ghostysky.com\/#website"},"primaryImageOfPage":{"@id":"https:\/\/www.ghostysky.com\/product\/hard-case-for-dji-matrice-3d-3td\/#primaryimage"},"image":{"@id":"https:\/\/www.ghostysky.com\/product\/hard-case-for-dji-matrice-3d-3td\/#primaryimage"},"thumbnailUrl":"https:\/\/www.ghostysky.com\/wp-content\/uploads\/2024\/11\/GH_HardCase_DJI3D.jpg","datePublished":"2024-11-05T06:49:26+00:00","dateModified":"2024-11-05T08:39:37+00:00","description":"La valise HPRC2710 est la solution id\u00e9ale pour transporter et prot\u00e9ger le drone DJI Matrice 3D\/3TD.","breadcrumb":{"@id":"https:\/\/www.ghostysky.com\/product\/hard-case-for-dji-matrice-3d-3td\/#breadcrumb"},"inLanguage":"fr-FR","potentialAction":[{"@type":"ReadAction","target":["https:\/\/www.ghostysky.com\/product\/hard-case-for-dji-matrice-3d-3td\/"]}]},{"@type":"ImageObject","inLanguage":"fr-FR","@id":"https:\/\/www.ghostysky.com\/product\/hard-case-for-dji-matrice-3d-3td\/#primaryimage","url":"https:\/\/www.ghostysky.com\/wp-content\/uploads\/2024\/11\/GH_HardCase_DJI3D.jpg","contentUrl":"https:\/\/www.ghostysky.com\/wp-content\/uploads\/2024\/11\/GH_HardCase_DJI3D.jpg","width":960,"height":960},{"@type":"BreadcrumbList","@id":"https:\/\/www.ghostysky.com\/product\/hard-case-for-dji-matrice-3d-3td\/#breadcrumb","itemListElement":[{"@type":"ListItem","position":1,"name":"Home","item":"https:\/\/www.ghostysky.com\/"},{"@type":"ListItem","position":2,"name":"Shop","item":"https:\/\/www.ghostysky.com\/shop\/"},{"@type":"ListItem","position":3,"name":"Hard Case For DJI Matrice 3D\/3TD"}]},{"@type":"WebSite","@id":"https:\/\/www.ghostysky.com\/#website","url":"https:\/\/www.ghostysky.com\/","name":"Ghostysky","description":"Livraison de drones et de services professionnels","publisher":{"@id":"https:\/\/www.ghostysky.com\/#organization"},"potentialAction":[{"@type":"SearchAction","target":{"@type":"EntryPoint","urlTemplate":"https:\/\/www.ghostysky.com\/?s={search_term_string}"},"query-input":{"@type":"PropertyValueSpecification","valueRequired":true,"valueName":"search_term_string"}}],"inLanguage":"fr-FR"},{"@type":"Organization","@id":"https:\/\/www.ghostysky.com\/#organization","name":"Ghostysky","url":"https:\/\/www.ghostysky.com\/","logo":{"@type":"ImageObject","inLanguage":"fr-FR","@id":"https:\/\/www.ghostysky.com\/#\/schema\/logo\/image\/","url":"https:\/\/www.ghostysky.com\/wp-content\/uploads\/2020\/06\/cropped-ghostyskylogo_text_white2.png","contentUrl":"https:\/\/www.ghostysky.com\/wp-content\/uploads\/2020\/06\/cropped-ghostyskylogo_text_white2.png","width":169,"height":56,"caption":"Ghostysky"},"image":{"@id":"https:\/\/www.ghostysky.com\/#\/schema\/logo\/image\/"},"sameAs":["https:\/\/www.facebook.com\/people\/Ghostysky\/100057676170234\/","https:\/\/x.com\/Gh0stysky","https:\/\/www.linkedin.com\/company\/34739653","https:\/\/www.instagram.com\/gh0stysky"]}]}},"_links":{"self":[{"href":"https:\/\/www.ghostysky.com\/fr\/wp-json\/wp\/v2\/product\/20224","targetHints":{"allow":["GET"]}}],"collection":[{"href":"https:\/\/www.ghostysky.com\/fr\/wp-json\/wp\/v2\/product"}],"about":[{"href":"https:\/\/www.ghostysky.com\/fr\/wp-json\/wp\/v2\/types\/product"}],"replies":[{"embeddable":true,"href":"https:\/\/www.ghostysky.com\/fr\/wp-json\/wp\/v2\/comments?post=20224"}],"wp:featuredmedia":[{"embeddable":true,"href":"https:\/\/www.ghostysky.com\/fr\/wp-json\/wp\/v2\/media\/20229"}],"wp:attachment":[{"href":"https:\/\/www.ghostysky.com\/fr\/wp-json\/wp\/v2\/media?parent=20224"}],"wp:term":[{"taxonomy":"product_brand","embeddable":true,"href":"https:\/\/www.ghostysky.com\/fr\/wp-json\/wp\/v2\/product_brand?post=20224"},{"taxonomy":"product_cat","embeddable":true,"href":"https:\/\/www.ghostysky.com\/fr\/wp-json\/wp\/v2\/product_cat?post=20224"},{"taxonomy":"product_tag","embeddable":true,"href":"https:\/\/www.ghostysky.com\/fr\/wp-json\/wp\/v2\/product_tag?post=20224"}],"curies":[{"name":"wp","href":"https:\/\/api.w.org\/{rel}","templated":true}]}}