{"id":20230,"date":"2024-11-05T06:55:58","date_gmt":"2024-11-05T06:55:58","guid":{"rendered":"https:\/\/www.ghostysky.com\/?post_type=product&#038;p=20230"},"modified":"2024-11-05T08:38:39","modified_gmt":"2024-11-05T08:38:39","slug":"hard-case-for-batteries-dji-matrice-300-350-rtk","status":"publish","type":"product","link":"https:\/\/www.ghostysky.com\/fr\/product\/hard-case-for-batteries-dji-matrice-300-350-rtk\/","title":{"rendered":"\u00c9tui rigide pour batteries \u2013 DJI Matrice 300\/350 RTK"},"content":{"rendered":"<p>Cet \u00e9tui rigide et \u00e9tanche \u2013 bas\u00e9 sur le mod\u00e8le HPRC2550W \u2013 est sp\u00e9cialement con\u00e7u pour contenir les batteries DJI MATRICE 300\/350 RTK.<\/p>\n<p><strong>La mousse d\u00e9coup\u00e9e sur mesure peut stocker :<\/strong><\/p>\n<p>-10 x Batterie de vol intelligente TB60\/TB65<\/p>\n<p>-6 x Batterie intelligente WB37<\/p>\n<p>\u2013 Divers. L&#039;emplacement est id\u00e9al pour accueillir le Dry Keeper, un conteneur sp\u00e9cialement con\u00e7u par HPRC pour prot\u00e9ger les articles de la moisissure, de la d\u00e9t\u00e9rioration et des dommages caus\u00e9s par une forte humidit\u00e9. Cet accessoire, disponible s\u00e9par\u00e9ment, est r\u00e9g\u00e9n\u00e9rable et permet de maintenir votre \u00e9quipement en bon \u00e9tat, quel que soit l&#039;environnement.<\/p>\n<p>La mallette est r\u00e9sistante aux chocs, aux chutes et \u00e0 la corrosion. Ses roulettes et sa poign\u00e9e permettent de transporter facilement l&#039;\u00e9quipement partout.<\/p>\n<p>Le Vector Panel augmente la protection du mat\u00e9riel stock\u00e9 et permet une organisation rapide et facile de l&#039;espace.<\/p>\n<p><em>Les images servent uniquement \u00e0 pr\u00e9senter le produit. La mallette est vendue SANS \u00e9quipement.<\/em><\/p>\n<p>&nbsp;<\/p>","protected":false},"excerpt":{"rendered":"<p>Cet \u00e9tui rigide et \u00e9tanche \u2013 bas\u00e9 sur le mod\u00e8le HPRC2550W \u2013 est sp\u00e9cialement con\u00e7u pour contenir les batteries DJI MATRICE 300\/350 RTK.<\/p>","protected":false},"featured_media":20235,"comment_status":"open","ping_status":"closed","template":"","meta":[],"product_brand":[],"product_cat":[461,1007],"product_tag":[42,1005,261,1010],"class_list":{"0":"post-20230","1":"product","2":"type-product","3":"status-publish","4":"has-post-thumbnail","6":"product_cat-accessories-2","7":"product_cat-hard-cases","8":"product_tag-dji","9":"product_tag-hard-case","10":"product_tag-tb60","11":"product_tag-tb65","13":"first","14":"onbackorder","15":"taxable","16":"shipping-taxable","17":"product-type-simple"},"yoast_head":"<!-- This site is optimized with the Yoast SEO plugin v27.1.1 - https:\/\/yoast.com\/product\/yoast-seo-wordpress\/ -->\n<title>Hard Case for Batteries - DJI Matrice 300\/350 RTK - Ghostysky<\/title>\n<meta name=\"description\" content=\"This hard and watertight case \u2013 based on the HPRC2550W model \u2013 is specifically designed to hold the DJI MATRICE 300\/350 RTK Batteries.\" \/>\n<meta name=\"robots\" content=\"index, follow, max-snippet:-1, max-image-preview:large, max-video-preview:-1\" \/>\n<link rel=\"canonical\" href=\"https:\/\/www.ghostysky.com\/fr\/product\/hard-case-for-batteries-dji-matrice-300-350-rtk\/\" \/>\n<meta property=\"og:locale\" content=\"fr_FR\" \/>\n<meta property=\"og:type\" content=\"article\" \/>\n<meta property=\"og:title\" content=\"Hard Case for Batteries - DJI Matrice 300\/350 RTK - Ghostysky\" \/>\n<meta property=\"og:description\" content=\"This hard and watertight case \u2013 based on the HPRC2550W model \u2013 is specifically designed to hold the DJI MATRICE 300\/350 RTK Batteries.\" \/>\n<meta property=\"og:url\" content=\"https:\/\/www.ghostysky.com\/fr\/product\/hard-case-for-batteries-dji-matrice-300-350-rtk\/\" \/>\n<meta property=\"og:site_name\" content=\"Ghostysky\" \/>\n<meta property=\"article:publisher\" content=\"https:\/\/www.facebook.com\/people\/Ghostysky\/100057676170234\/\" \/>\n<meta property=\"article:modified_time\" content=\"2024-11-05T08:38:39+00:00\" \/>\n<meta property=\"og:image\" content=\"https:\/\/www.ghostysky.com\/wp-content\/uploads\/2024\/11\/GH_HardCase_TB65_DJI_1.jpg\" \/>\n\t<meta property=\"og:image:width\" content=\"960\" \/>\n\t<meta property=\"og:image:height\" content=\"960\" \/>\n\t<meta property=\"og:image:type\" content=\"image\/jpeg\" \/>\n<meta name=\"twitter:card\" content=\"summary_large_image\" \/>\n<meta name=\"twitter:site\" content=\"@Gh0stysky\" \/>\n<meta name=\"twitter:label1\" content=\"Dur\u00e9e de lecture estim\u00e9e\" \/>\n\t<meta name=\"twitter:data1\" content=\"1 minute\" \/>\n<script type=\"application\/ld+json\" class=\"yoast-schema-graph\">{\"@context\":\"https:\/\/schema.org\",\"@graph\":[{\"@type\":\"WebPage\",\"@id\":\"https:\/\/www.ghostysky.com\/product\/hard-case-for-batteries-dji-matrice-300-350-rtk\/\",\"url\":\"https:\/\/www.ghostysky.com\/product\/hard-case-for-batteries-dji-matrice-300-350-rtk\/\",\"name\":\"Hard Case for Batteries - DJI Matrice 300\/350 RTK - Ghostysky\",\"isPartOf\":{\"@id\":\"https:\/\/www.ghostysky.com\/#website\"},\"primaryImageOfPage\":{\"@id\":\"https:\/\/www.ghostysky.com\/product\/hard-case-for-batteries-dji-matrice-300-350-rtk\/#primaryimage\"},\"image\":{\"@id\":\"https:\/\/www.ghostysky.com\/product\/hard-case-for-batteries-dji-matrice-300-350-rtk\/#primaryimage\"},\"thumbnailUrl\":\"https:\/\/www.ghostysky.com\/wp-content\/uploads\/2024\/11\/GH_HardCase_TB65_DJI_1.jpg\",\"datePublished\":\"2024-11-05T06:55:58+00:00\",\"dateModified\":\"2024-11-05T08:38:39+00:00\",\"description\":\"This hard and watertight case \u2013 based on the HPRC2550W model \u2013 is specifically designed to hold the DJI MATRICE 300\/350 RTK Batteries.\",\"breadcrumb\":{\"@id\":\"https:\/\/www.ghostysky.com\/product\/hard-case-for-batteries-dji-matrice-300-350-rtk\/#breadcrumb\"},\"inLanguage\":\"fr-FR\",\"potentialAction\":[{\"@type\":\"ReadAction\",\"target\":[\"https:\/\/www.ghostysky.com\/product\/hard-case-for-batteries-dji-matrice-300-350-rtk\/\"]}]},{\"@type\":\"ImageObject\",\"inLanguage\":\"fr-FR\",\"@id\":\"https:\/\/www.ghostysky.com\/product\/hard-case-for-batteries-dji-matrice-300-350-rtk\/#primaryimage\",\"url\":\"https:\/\/www.ghostysky.com\/wp-content\/uploads\/2024\/11\/GH_HardCase_TB65_DJI_1.jpg\",\"contentUrl\":\"https:\/\/www.ghostysky.com\/wp-content\/uploads\/2024\/11\/GH_HardCase_TB65_DJI_1.jpg\",\"width\":960,\"height\":960},{\"@type\":\"BreadcrumbList\",\"@id\":\"https:\/\/www.ghostysky.com\/product\/hard-case-for-batteries-dji-matrice-300-350-rtk\/#breadcrumb\",\"itemListElement\":[{\"@type\":\"ListItem\",\"position\":1,\"name\":\"Home\",\"item\":\"https:\/\/www.ghostysky.com\/\"},{\"@type\":\"ListItem\",\"position\":2,\"name\":\"Shop\",\"item\":\"https:\/\/www.ghostysky.com\/shop\/\"},{\"@type\":\"ListItem\",\"position\":3,\"name\":\"Hard Case for Batteries &#8211; DJI Matrice 300\/350 RTK\"}]},{\"@type\":\"WebSite\",\"@id\":\"https:\/\/www.ghostysky.com\/#website\",\"url\":\"https:\/\/www.ghostysky.com\/\",\"name\":\"Ghostysky\",\"description\":\"Delivering professional drones and services\",\"publisher\":{\"@id\":\"https:\/\/www.ghostysky.com\/#organization\"},\"potentialAction\":[{\"@type\":\"SearchAction\",\"target\":{\"@type\":\"EntryPoint\",\"urlTemplate\":\"https:\/\/www.ghostysky.com\/?s={search_term_string}\"},\"query-input\":{\"@type\":\"PropertyValueSpecification\",\"valueRequired\":true,\"valueName\":\"search_term_string\"}}],\"inLanguage\":\"fr-FR\"},{\"@type\":\"Organization\",\"@id\":\"https:\/\/www.ghostysky.com\/#organization\",\"name\":\"Ghostysky\",\"url\":\"https:\/\/www.ghostysky.com\/\",\"logo\":{\"@type\":\"ImageObject\",\"inLanguage\":\"fr-FR\",\"@id\":\"https:\/\/www.ghostysky.com\/#\/schema\/logo\/image\/\",\"url\":\"https:\/\/www.ghostysky.com\/wp-content\/uploads\/2020\/06\/cropped-ghostyskylogo_text_white2.png\",\"contentUrl\":\"https:\/\/www.ghostysky.com\/wp-content\/uploads\/2020\/06\/cropped-ghostyskylogo_text_white2.png\",\"width\":169,\"height\":56,\"caption\":\"Ghostysky\"},\"image\":{\"@id\":\"https:\/\/www.ghostysky.com\/#\/schema\/logo\/image\/\"},\"sameAs\":[\"https:\/\/www.facebook.com\/people\/Ghostysky\/100057676170234\/\",\"https:\/\/x.com\/Gh0stysky\",\"https:\/\/www.linkedin.com\/company\/34739653\",\"https:\/\/www.instagram.com\/gh0stysky\"]}]}<\/script>\n<!-- \/ Yoast SEO plugin. -->","yoast_head_json":{"title":"\u00c9tui rigide pour batteries - DJI Matrice 300\/350 RTK - Ghostysky","description":"Cet \u00e9tui rigide et \u00e9tanche \u2013 bas\u00e9 sur le mod\u00e8le HPRC2550W \u2013 est sp\u00e9cialement con\u00e7u pour contenir les batteries DJI MATRICE 300\/350 RTK.","robots":{"index":"index","follow":"follow","max-snippet":"max-snippet:-1","max-image-preview":"max-image-preview:large","max-video-preview":"max-video-preview:-1"},"canonical":"https:\/\/www.ghostysky.com\/fr\/product\/hard-case-for-batteries-dji-matrice-300-350-rtk\/","og_locale":"fr_FR","og_type":"article","og_title":"Hard Case for Batteries - DJI Matrice 300\/350 RTK - Ghostysky","og_description":"This hard and watertight case \u2013 based on the HPRC2550W model \u2013 is specifically designed to hold the DJI MATRICE 300\/350 RTK Batteries.","og_url":"https:\/\/www.ghostysky.com\/fr\/product\/hard-case-for-batteries-dji-matrice-300-350-rtk\/","og_site_name":"Ghostysky","article_publisher":"https:\/\/www.facebook.com\/people\/Ghostysky\/100057676170234\/","article_modified_time":"2024-11-05T08:38:39+00:00","og_image":[{"width":960,"height":960,"url":"https:\/\/www.ghostysky.com\/wp-content\/uploads\/2024\/11\/GH_HardCase_TB65_DJI_1.jpg","type":"image\/jpeg"}],"twitter_card":"summary_large_image","twitter_site":"@Gh0stysky","twitter_misc":{"Dur\u00e9e de lecture estim\u00e9e":"1 minute"},"schema":{"@context":"https:\/\/schema.org","@graph":[{"@type":"WebPage","@id":"https:\/\/www.ghostysky.com\/product\/hard-case-for-batteries-dji-matrice-300-350-rtk\/","url":"https:\/\/www.ghostysky.com\/product\/hard-case-for-batteries-dji-matrice-300-350-rtk\/","name":"\u00c9tui rigide pour batteries - DJI Matrice 300\/350 RTK - Ghostysky","isPartOf":{"@id":"https:\/\/www.ghostysky.com\/#website"},"primaryImageOfPage":{"@id":"https:\/\/www.ghostysky.com\/product\/hard-case-for-batteries-dji-matrice-300-350-rtk\/#primaryimage"},"image":{"@id":"https:\/\/www.ghostysky.com\/product\/hard-case-for-batteries-dji-matrice-300-350-rtk\/#primaryimage"},"thumbnailUrl":"https:\/\/www.ghostysky.com\/wp-content\/uploads\/2024\/11\/GH_HardCase_TB65_DJI_1.jpg","datePublished":"2024-11-05T06:55:58+00:00","dateModified":"2024-11-05T08:38:39+00:00","description":"Cet \u00e9tui rigide et \u00e9tanche \u2013 bas\u00e9 sur le mod\u00e8le HPRC2550W \u2013 est sp\u00e9cialement con\u00e7u pour contenir les batteries DJI MATRICE 300\/350 RTK.","breadcrumb":{"@id":"https:\/\/www.ghostysky.com\/product\/hard-case-for-batteries-dji-matrice-300-350-rtk\/#breadcrumb"},"inLanguage":"fr-FR","potentialAction":[{"@type":"ReadAction","target":["https:\/\/www.ghostysky.com\/product\/hard-case-for-batteries-dji-matrice-300-350-rtk\/"]}]},{"@type":"ImageObject","inLanguage":"fr-FR","@id":"https:\/\/www.ghostysky.com\/product\/hard-case-for-batteries-dji-matrice-300-350-rtk\/#primaryimage","url":"https:\/\/www.ghostysky.com\/wp-content\/uploads\/2024\/11\/GH_HardCase_TB65_DJI_1.jpg","contentUrl":"https:\/\/www.ghostysky.com\/wp-content\/uploads\/2024\/11\/GH_HardCase_TB65_DJI_1.jpg","width":960,"height":960},{"@type":"BreadcrumbList","@id":"https:\/\/www.ghostysky.com\/product\/hard-case-for-batteries-dji-matrice-300-350-rtk\/#breadcrumb","itemListElement":[{"@type":"ListItem","position":1,"name":"Home","item":"https:\/\/www.ghostysky.com\/"},{"@type":"ListItem","position":2,"name":"Shop","item":"https:\/\/www.ghostysky.com\/shop\/"},{"@type":"ListItem","position":3,"name":"Hard Case for Batteries &#8211; DJI Matrice 300\/350 RTK"}]},{"@type":"WebSite","@id":"https:\/\/www.ghostysky.com\/#website","url":"https:\/\/www.ghostysky.com\/","name":"Ghostysky","description":"Livraison de drones et de services professionnels","publisher":{"@id":"https:\/\/www.ghostysky.com\/#organization"},"potentialAction":[{"@type":"SearchAction","target":{"@type":"EntryPoint","urlTemplate":"https:\/\/www.ghostysky.com\/?s={search_term_string}"},"query-input":{"@type":"PropertyValueSpecification","valueRequired":true,"valueName":"search_term_string"}}],"inLanguage":"fr-FR"},{"@type":"Organization","@id":"https:\/\/www.ghostysky.com\/#organization","name":"Ghostysky","url":"https:\/\/www.ghostysky.com\/","logo":{"@type":"ImageObject","inLanguage":"fr-FR","@id":"https:\/\/www.ghostysky.com\/#\/schema\/logo\/image\/","url":"https:\/\/www.ghostysky.com\/wp-content\/uploads\/2020\/06\/cropped-ghostyskylogo_text_white2.png","contentUrl":"https:\/\/www.ghostysky.com\/wp-content\/uploads\/2020\/06\/cropped-ghostyskylogo_text_white2.png","width":169,"height":56,"caption":"Ghostysky"},"image":{"@id":"https:\/\/www.ghostysky.com\/#\/schema\/logo\/image\/"},"sameAs":["https:\/\/www.facebook.com\/people\/Ghostysky\/100057676170234\/","https:\/\/x.com\/Gh0stysky","https:\/\/www.linkedin.com\/company\/34739653","https:\/\/www.instagram.com\/gh0stysky"]}]}},"_links":{"self":[{"href":"https:\/\/www.ghostysky.com\/fr\/wp-json\/wp\/v2\/product\/20230","targetHints":{"allow":["GET"]}}],"collection":[{"href":"https:\/\/www.ghostysky.com\/fr\/wp-json\/wp\/v2\/product"}],"about":[{"href":"https:\/\/www.ghostysky.com\/fr\/wp-json\/wp\/v2\/types\/product"}],"replies":[{"embeddable":true,"href":"https:\/\/www.ghostysky.com\/fr\/wp-json\/wp\/v2\/comments?post=20230"}],"wp:featuredmedia":[{"embeddable":true,"href":"https:\/\/www.ghostysky.com\/fr\/wp-json\/wp\/v2\/media\/20235"}],"wp:attachment":[{"href":"https:\/\/www.ghostysky.com\/fr\/wp-json\/wp\/v2\/media?parent=20230"}],"wp:term":[{"taxonomy":"product_brand","embeddable":true,"href":"https:\/\/www.ghostysky.com\/fr\/wp-json\/wp\/v2\/product_brand?post=20230"},{"taxonomy":"product_cat","embeddable":true,"href":"https:\/\/www.ghostysky.com\/fr\/wp-json\/wp\/v2\/product_cat?post=20230"},{"taxonomy":"product_tag","embeddable":true,"href":"https:\/\/www.ghostysky.com\/fr\/wp-json\/wp\/v2\/product_tag?post=20230"}],"curies":[{"name":"wp","href":"https:\/\/api.w.org\/{rel}","templated":true}]}}