{"id":2025,"date":"2021-03-04T16:23:51","date_gmt":"2021-03-04T16:23:51","guid":{"rendered":"https:\/\/www.ghostysky.com\/?post_type=product&#038;p=2025"},"modified":"2023-11-26T07:03:54","modified_gmt":"2023-11-26T07:03:54","slug":"yuneec-typhoon-h-plus","status":"publish","type":"product","link":"https:\/\/www.ghostysky.com\/fr\/product\/yuneec-typhoon-h-plus\/","title":{"rendered":"Yuneec Typhoon H Plus"},"content":{"rendered":"<p><strong>LA PR\u00c9CISION DE L&#039;UN<\/strong><br \/>\nLes cr\u00e9atifs b\u00e9n\u00e9ficieront de l&#039;appareil photo C23 \u00e0 capteur d&#039;un pouce. Capable de prendre des photos haute r\u00e9solution de 20 m\u00e9gapixels et de r\u00e9aliser des vid\u00e9os 4K \u00e0 60 ips, il permet de capturer des images d&#039;une pr\u00e9cision saisissante. B\u00e9n\u00e9ficiant de performances am\u00e9lior\u00e9es en basse lumi\u00e8re par rapport aux mod\u00e8les pr\u00e9c\u00e9dents, cet appareil photo am\u00e9lior\u00e9 b\u00e9n\u00e9ficie d&#039;une optique \u00e0 plus grande ouverture et d&#039;une plage ISO \u00e9tendue. Le capteur offre une plage dynamique exceptionnelle et un rapport signal\/bruit am\u00e9lior\u00e9. L&#039;appareil est \u00e9quip\u00e9 d&#039;une nacelle 3 axes \u00e0 rotation continue pour une capture d&#039;images \u00e0 360\u00b0.<\/p>\n<p><strong>LA PUISSANCE DU SIX<\/strong><br \/>\nLes six rotors assurent une s\u00e9curit\u00e9 et une stabilit\u00e9 in\u00e9gal\u00e9es \u00e0 bord. Leur conception permet de capturer des images ultra-stables, m\u00eame par vent fort. Le Typhoon H Plus est l&#039;un des drones les plus silencieux de sa cat\u00e9gorie, avec une r\u00e9duction de bruit de 40% par rapport aux mod\u00e8les pr\u00e9c\u00e9dents. En cas de panne moteur, la conception \u00e0 six rotors permet au Typhoon H Plus de rester en vol avec seulement cinq moteurs et d&#039;atterrir en toute s\u00e9curit\u00e9.<\/p>\n<p><strong>CONTR\u00d4LEUR ST16S<\/strong><br \/>\nLa station sol ST16S est un \u00e9metteur-r\u00e9cepteur int\u00e9gr\u00e9 et une plateforme Android qui vous offre un contr\u00f4le total sur le Typhoon H Plus. Vous pouvez ainsi programmer facilement un vol autonome et capturer de superbes photos et vid\u00e9os. Le grand \u00e9cran int\u00e9gr\u00e9 de 7 pouces affiche les images de votre vol en temps r\u00e9el, \u00e9liminant ainsi le besoin d&#039;un appareil externe. R\u00e9glez les param\u00e8tres manuels de l&#039;appareil photo, acc\u00e9dez \u00e0 la t\u00e9l\u00e9m\u00e9trie de vol et naviguez sur Internet depuis la t\u00e9l\u00e9commande intelligente.<\/p>\n<p><strong>MODES DE VOL AUTOMATIS\u00c9S<\/strong><\/p>\n<p><strong>Suivez-moi\/Regardez-moi<\/strong>: Suivez-moi pour que Typhoon H Plus vous accompagne dans vos d\u00e9placements. Regardez-moi pour lui indiquer de vous suivre tout en pointant la cam\u00e9ra vers vous, o\u00f9 que vous alliez.<br \/>\n<strong>Orbite-moi<\/strong>:Le Typhoon H Plus d\u00e9crit un chemin circulaire autour de vous, en gardant la cam\u00e9ra braqu\u00e9e sur vous tout le temps.<br \/>\n<strong>Point d&#039;int\u00e9r\u00eat<\/strong>:S\u00e9lectionnez un sujet et Typhoon H Plus orbitera autour de ce sujet de mani\u00e8re autonome.<br \/>\n<strong>Voyage<\/strong>:Le Typhoon H Plus s&#039;\u00e9l\u00e8vera et sortira jusqu&#039;\u00e0 150 pieds et capturera le selfie a\u00e9rien parfait.<br \/>\n<strong>Cam\u00e9ra \u00e0 c\u00e2ble incurv\u00e9e<\/strong>Programmez facilement un itin\u00e9raire invisible pour le Typhoon H Plus. Le Typhoon H Plus volera entre des coordonn\u00e9es pr\u00e9d\u00e9finies tout en contr\u00f4lant ind\u00e9pendamment la position de la cam\u00e9ra.<br \/>\n<strong>Retour \u00e0 l&#039;accueil<\/strong>:Passez simplement en mode Accueil et le Typhoon H Plus reviendra et atterrira \u00e0 moins de 26 pieds (8 m\u00e8tres) de vous.<\/p>\n<p><strong>BO\u00ceTE DE CONTENU<br \/>\n<\/strong><\/p>\n<ul>\n<li>Typhoon H Plus Hexacopte<\/li>\n<li>Cam\u00e9ra C23<\/li>\n<li>T\u00e9l\u00e9commande ST16S<\/li>\n<li>2x batterie<\/li>\n<li>chargeur<\/li>\n<li>sangle de cou et pare-soleil pour ST16S<\/li>\n<li>Carte SD et autres accessoires<\/li>\n<\/ul>\n<p>&nbsp;<\/p>\n<table class=\"product--properties-table\">\n<tbody>\n<tr class=\"product--properties-row\">\n<td class=\"product--properties-label is--bold\">DRONE:<\/td>\n<td class=\"product--properties-value\">\u2014\u2014\u2014\u2014\u2014<\/td>\n<\/tr>\n<tr class=\"product--properties-row\">\n<td class=\"product--properties-label is--bold\">Poids:<\/td>\n<td class=\"product--properties-value\">1645 g (sans appareil photo) \/ 1995 g (avec C23)<\/td>\n<\/tr>\n<tr class=\"product--properties-row\">\n<td class=\"product--properties-label is--bold\">Longueur diagonale :<\/td>\n<td class=\"product--properties-value\">520 mm<\/td>\n<\/tr>\n<tr class=\"product--properties-row\">\n<td class=\"product--properties-label is--bold\">Dur\u00e9e du vol :<\/td>\n<td class=\"product--properties-value\">Jusqu&#039;\u00e0 28 min<\/td>\n<\/tr>\n<tr class=\"product--properties-row\">\n<td class=\"product--properties-label is--bold\">Taux de mont\u00e9e maximal\u00a0:<\/td>\n<td class=\"product--properties-value\">4 m\/s<\/td>\n<\/tr>\n<tr class=\"product--properties-row\">\n<td class=\"product--properties-label is--bold\">Taux de descente maximal\u00a0:<\/td>\n<td class=\"product--properties-value\">2,5 m\/s<\/td>\n<\/tr>\n<tr class=\"product--properties-row\">\n<td class=\"product--properties-label is--bold\">Vitesse de vol maximale\u00a0:<\/td>\n<td class=\"product--properties-value\">13,5 m\/s<\/td>\n<\/tr>\n<tr class=\"product--properties-row\">\n<td class=\"product--properties-label is--bold\">Moteurs:<\/td>\n<td class=\"product--properties-value\">730 kV<\/td>\n<\/tr>\n<tr class=\"product--properties-row\">\n<td class=\"product--properties-label is--bold\">Batterie:<\/td>\n<td class=\"product--properties-value\">Batterie LiPo 4S 5250 mAh<\/td>\n<\/tr>\n<tr class=\"product--properties-row\">\n<td class=\"product--properties-label is--bold\">Chargeur:<\/td>\n<td class=\"product--properties-value\">SC4000-4H<\/td>\n<\/tr>\n<tr class=\"product--properties-row\">\n<td class=\"product--properties-label is--bold\">Temp\u00e9rature de fonctionnement :<\/td>\n<td class=\"product--properties-value\">0\u00b0C \u2013 40\u00b0C<\/td>\n<\/tr>\n<tr class=\"product--properties-row\">\n<td class=\"product--properties-label is--bold\">T\u00c9L\u00c9COMMANDE:<\/td>\n<td class=\"product--properties-value\">\u2014\u2014\u2014\u2014\u2014<\/td>\n<\/tr>\n<tr class=\"product--properties-row\">\n<td class=\"product--properties-label is--bold\">Syst\u00e8me op\u00e9rateur:<\/td>\n<td class=\"product--properties-value\">Android\u2122<\/td>\n<\/tr>\n<tr class=\"product--properties-row\">\n<td class=\"product--properties-label is--bold\">Nombre de canaux :<\/td>\n<td class=\"product--properties-value\">16<\/td>\n<\/tr>\n<tr class=\"product--properties-row\">\n<td class=\"product--properties-label is--bold\">Plage de distance de transmission (conditions optimales) :<\/td>\n<td class=\"product--properties-value\">Jusqu&#039;\u00e0 1,6 km<\/td>\n<\/tr>\n<tr class=\"product--properties-row\">\n<td class=\"product--properties-label is--bold\">Bande de fr\u00e9quence de liaison vid\u00e9o :<\/td>\n<td class=\"product--properties-value\">Wi-Fi 5,8 GHz<\/td>\n<\/tr>\n<tr class=\"product--properties-row\">\n<td class=\"product--properties-label is--bold\">R\u00e9solution du lien vid\u00e9o\u00a0:<\/td>\n<td class=\"product--properties-value\">HD 720p<\/td>\n<\/tr>\n<tr class=\"product--properties-row\">\n<td class=\"product--properties-label is--bold\">\u00c9cran d&#039;affichage :<\/td>\n<td class=\"product--properties-value\">7\u2033<\/td>\n<\/tr>\n<tr class=\"product--properties-row\">\n<td class=\"product--properties-label is--bold\">Batterie du contr\u00f4leur :<\/td>\n<td class=\"product--properties-value\">Batterie lithium-ion 8700 mAh 3,6 V 31,32 Wh<\/td>\n<\/tr>\n<tr class=\"product--properties-row\">\n<td class=\"product--properties-label is--bold\">Donn\u00e9es de t\u00e9l\u00e9m\u00e9trie \u00e0 l&#039;\u00e9cran\u00a0:<\/td>\n<td class=\"product--properties-value\">Oui<\/td>\n<\/tr>\n<tr class=\"product--properties-row\">\n<td class=\"product--properties-label is--bold\">Types de connexion\u00a0:<\/td>\n<td class=\"product--properties-value\">HDMI, USB<\/td>\n<\/tr>\n<tr class=\"product--properties-row\">\n<td class=\"product--properties-label is--bold\">CAM\u00c9RA:<\/td>\n<td class=\"product--properties-value\">\u2014\u2014\u2014\u2014\u2014<\/td>\n<\/tr>\n<tr class=\"product--properties-row\">\n<td class=\"product--properties-label is--bold\">Dimensions de la cam\u00e9ra :<\/td>\n<td class=\"product--properties-value\">115 x 80 x 130 mm<\/td>\n<\/tr>\n<tr class=\"product--properties-row\">\n<td class=\"product--properties-label is--bold\">Poids de l&#039;appareil photo :<\/td>\n<td class=\"product--properties-value\">350 g<\/td>\n<\/tr>\n<tr class=\"product--properties-row\">\n<td class=\"product--properties-label is--bold\">Capteur:<\/td>\n<td class=\"product--properties-value\">CMOS 1 pouce<\/td>\n<\/tr>\n<tr class=\"product--properties-row\">\n<td class=\"product--properties-label is--bold\">Pixel effectif :<\/td>\n<td class=\"product--properties-value\">20 m\u00e9gapixels<\/td>\n<\/tr>\n<tr class=\"product--properties-row\">\n<td class=\"product--properties-label is--bold\">R\u00e9solution vid\u00e9o:<\/td>\n<td class=\"product--properties-value\">4K 60 FPS maximum<\/td>\n<\/tr>\n<tr class=\"product--properties-row\">\n<td class=\"product--properties-label is--bold\">Champ de vision :<\/td>\n<td class=\"product--properties-value\">91\u00b0<\/td>\n<\/tr>\n<tr class=\"product--properties-row\">\n<td class=\"product--properties-label is--bold\">Plage ISO :<\/td>\n<td class=\"product--properties-value\">100 \u2013 6400<\/td>\n<\/tr>\n<tr class=\"product--properties-row\">\n<td class=\"product--properties-label is--bold\">Vitesse d&#039;obturation:<\/td>\n<td class=\"product--properties-value\">4 s \u2013 1\/8 000 s<\/td>\n<\/tr>\n<tr class=\"product--properties-row\">\n<td class=\"product--properties-label is--bold\">Balance des blancs :<\/td>\n<td class=\"product--properties-value\">Verrouill\u00e9, Ensoleill\u00e9, Nuageux, Automatique, Fluorescent, Incandescent, Coucher de soleil<\/td>\n<\/tr>\n<tr class=\"product--properties-row\">\n<td class=\"product--properties-label is--bold\">Format photo :<\/td>\n<td class=\"product--properties-value\">JPG, JPEG+DNG<\/td>\n<\/tr>\n<tr class=\"product--properties-row\">\n<td class=\"product--properties-label is--bold\">Format vid\u00e9o :<\/td>\n<td class=\"product--properties-value\">MP4<\/td>\n<\/tr>\n<\/tbody>\n<\/table>","protected":false},"excerpt":{"rendered":"<p><strong>LA PUISSANCE DE LA PR\u00c9CISION<\/strong><br \/>\nD\u00e9couvrez la nouvelle g\u00e9n\u00e9ration de Typhoon H \u2013 un hexacopt\u00e8re encore plus puissant qu&#039;avant et dot\u00e9 d&#039;un tout nouveau contr\u00f4leur de vol, bas\u00e9 sur le PX4.<\/p>\n<hr \/>","protected":false},"featured_media":2026,"comment_status":"open","ping_status":"closed","template":"","meta":[],"product_brand":[],"product_cat":[29,307,118],"product_tag":[38,128,121],"class_list":{"0":"post-2025","1":"product","2":"type-product","3":"status-publish","4":"has-post-thumbnail","6":"product_cat-drones","7":"product_cat-drones-yuneec","8":"product_cat-yuneec","9":"product_tag-drone","10":"product_tag-typhoon-h-plus","11":"product_tag-yuneec","13":"first","14":"onbackorder","15":"taxable","16":"shipping-taxable","17":"product-type-simple"},"yoast_head":"<!-- This site is optimized with the Yoast SEO plugin v27.1.1 - https:\/\/yoast.com\/product\/yoast-seo-wordpress\/ -->\n<title>Yuneec Typhoon H Plus -<\/title>\n<meta name=\"description\" content=\"Meet the next generation of Typhoon H - a hexacopter even more powerful than before and with an all new flight controller, based on PX4.\" \/>\n<meta name=\"robots\" content=\"index, follow, max-snippet:-1, max-image-preview:large, max-video-preview:-1\" \/>\n<link rel=\"canonical\" href=\"https:\/\/www.ghostysky.com\/fr\/product\/yuneec-typhoon-h-plus\/\" \/>\n<meta property=\"og:locale\" content=\"fr_FR\" \/>\n<meta property=\"og:type\" content=\"article\" \/>\n<meta property=\"og:title\" content=\"Yuneec Typhoon H Plus -\" \/>\n<meta property=\"og:description\" content=\"Meet the next generation of Typhoon H - a hexacopter even more powerful than before and with an all new flight controller, based on PX4.\" \/>\n<meta property=\"og:url\" content=\"https:\/\/www.ghostysky.com\/fr\/product\/yuneec-typhoon-h-plus\/\" \/>\n<meta property=\"og:site_name\" content=\"Ghostysky\" \/>\n<meta property=\"article:publisher\" content=\"https:\/\/www.facebook.com\/people\/Ghostysky\/100057676170234\/\" \/>\n<meta property=\"article:modified_time\" content=\"2023-11-26T07:03:54+00:00\" \/>\n<meta property=\"og:image\" content=\"https:\/\/www.ghostysky.com\/wp-content\/uploads\/2021\/03\/H-Plus.png\" \/>\n\t<meta property=\"og:image:width\" content=\"1400\" \/>\n\t<meta property=\"og:image:height\" content=\"1218\" \/>\n\t<meta property=\"og:image:type\" content=\"image\/png\" \/>\n<meta name=\"twitter:card\" content=\"summary_large_image\" \/>\n<meta name=\"twitter:site\" content=\"@Gh0stysky\" \/>\n<meta name=\"twitter:label1\" content=\"Dur\u00e9e de lecture estim\u00e9e\" \/>\n\t<meta name=\"twitter:data1\" content=\"3 minutes\" \/>\n<script type=\"application\/ld+json\" class=\"yoast-schema-graph\">{\"@context\":\"https:\/\/schema.org\",\"@graph\":[{\"@type\":\"WebPage\",\"@id\":\"https:\/\/www.ghostysky.com\/product\/yuneec-typhoon-h-plus\/\",\"url\":\"https:\/\/www.ghostysky.com\/product\/yuneec-typhoon-h-plus\/\",\"name\":\"Yuneec Typhoon H Plus -\",\"isPartOf\":{\"@id\":\"https:\/\/www.ghostysky.com\/#website\"},\"primaryImageOfPage\":{\"@id\":\"https:\/\/www.ghostysky.com\/product\/yuneec-typhoon-h-plus\/#primaryimage\"},\"image\":{\"@id\":\"https:\/\/www.ghostysky.com\/product\/yuneec-typhoon-h-plus\/#primaryimage\"},\"thumbnailUrl\":\"https:\/\/www.ghostysky.com\/wp-content\/uploads\/2021\/03\/H-Plus.png\",\"datePublished\":\"2021-03-04T16:23:51+00:00\",\"dateModified\":\"2023-11-26T07:03:54+00:00\",\"description\":\"Meet the next generation of Typhoon H - a hexacopter even more powerful than before and with an all new flight controller, based on PX4.\",\"breadcrumb\":{\"@id\":\"https:\/\/www.ghostysky.com\/product\/yuneec-typhoon-h-plus\/#breadcrumb\"},\"inLanguage\":\"fr-FR\",\"potentialAction\":[{\"@type\":\"ReadAction\",\"target\":[\"https:\/\/www.ghostysky.com\/product\/yuneec-typhoon-h-plus\/\"]}]},{\"@type\":\"ImageObject\",\"inLanguage\":\"fr-FR\",\"@id\":\"https:\/\/www.ghostysky.com\/product\/yuneec-typhoon-h-plus\/#primaryimage\",\"url\":\"https:\/\/www.ghostysky.com\/wp-content\/uploads\/2021\/03\/H-Plus.png\",\"contentUrl\":\"https:\/\/www.ghostysky.com\/wp-content\/uploads\/2021\/03\/H-Plus.png\",\"width\":1400,\"height\":1218},{\"@type\":\"BreadcrumbList\",\"@id\":\"https:\/\/www.ghostysky.com\/product\/yuneec-typhoon-h-plus\/#breadcrumb\",\"itemListElement\":[{\"@type\":\"ListItem\",\"position\":1,\"name\":\"Home\",\"item\":\"https:\/\/www.ghostysky.com\/\"},{\"@type\":\"ListItem\",\"position\":2,\"name\":\"Shop\",\"item\":\"https:\/\/www.ghostysky.com\/shop\/\"},{\"@type\":\"ListItem\",\"position\":3,\"name\":\"Yuneec Typhoon H Plus\"}]},{\"@type\":\"WebSite\",\"@id\":\"https:\/\/www.ghostysky.com\/#website\",\"url\":\"https:\/\/www.ghostysky.com\/\",\"name\":\"Ghostysky\",\"description\":\"Delivering professional drones and services\",\"publisher\":{\"@id\":\"https:\/\/www.ghostysky.com\/#organization\"},\"potentialAction\":[{\"@type\":\"SearchAction\",\"target\":{\"@type\":\"EntryPoint\",\"urlTemplate\":\"https:\/\/www.ghostysky.com\/?s={search_term_string}\"},\"query-input\":{\"@type\":\"PropertyValueSpecification\",\"valueRequired\":true,\"valueName\":\"search_term_string\"}}],\"inLanguage\":\"fr-FR\"},{\"@type\":\"Organization\",\"@id\":\"https:\/\/www.ghostysky.com\/#organization\",\"name\":\"Ghostysky\",\"url\":\"https:\/\/www.ghostysky.com\/\",\"logo\":{\"@type\":\"ImageObject\",\"inLanguage\":\"fr-FR\",\"@id\":\"https:\/\/www.ghostysky.com\/#\/schema\/logo\/image\/\",\"url\":\"https:\/\/www.ghostysky.com\/wp-content\/uploads\/2020\/06\/cropped-ghostyskylogo_text_white2.png\",\"contentUrl\":\"https:\/\/www.ghostysky.com\/wp-content\/uploads\/2020\/06\/cropped-ghostyskylogo_text_white2.png\",\"width\":169,\"height\":56,\"caption\":\"Ghostysky\"},\"image\":{\"@id\":\"https:\/\/www.ghostysky.com\/#\/schema\/logo\/image\/\"},\"sameAs\":[\"https:\/\/www.facebook.com\/people\/Ghostysky\/100057676170234\/\",\"https:\/\/x.com\/Gh0stysky\",\"https:\/\/www.linkedin.com\/company\/34739653\",\"https:\/\/www.instagram.com\/gh0stysky\"]}]}<\/script>\n<!-- \/ Yoast SEO plugin. -->","yoast_head_json":{"title":"Yuneec Typhoon H Plus -","description":"D\u00e9couvrez la nouvelle g\u00e9n\u00e9ration de Typhoon H - un hexacopt\u00e8re encore plus puissant qu&#039;avant et dot\u00e9 d&#039;un tout nouveau contr\u00f4leur de vol, bas\u00e9 sur PX4.","robots":{"index":"index","follow":"follow","max-snippet":"max-snippet:-1","max-image-preview":"max-image-preview:large","max-video-preview":"max-video-preview:-1"},"canonical":"https:\/\/www.ghostysky.com\/fr\/product\/yuneec-typhoon-h-plus\/","og_locale":"fr_FR","og_type":"article","og_title":"Yuneec Typhoon H Plus -","og_description":"Meet the next generation of Typhoon H - a hexacopter even more powerful than before and with an all new flight controller, based on PX4.","og_url":"https:\/\/www.ghostysky.com\/fr\/product\/yuneec-typhoon-h-plus\/","og_site_name":"Ghostysky","article_publisher":"https:\/\/www.facebook.com\/people\/Ghostysky\/100057676170234\/","article_modified_time":"2023-11-26T07:03:54+00:00","og_image":[{"width":1400,"height":1218,"url":"https:\/\/www.ghostysky.com\/wp-content\/uploads\/2021\/03\/H-Plus.png","type":"image\/png"}],"twitter_card":"summary_large_image","twitter_site":"@Gh0stysky","twitter_misc":{"Dur\u00e9e de lecture estim\u00e9e":"3 minutes"},"schema":{"@context":"https:\/\/schema.org","@graph":[{"@type":"WebPage","@id":"https:\/\/www.ghostysky.com\/product\/yuneec-typhoon-h-plus\/","url":"https:\/\/www.ghostysky.com\/product\/yuneec-typhoon-h-plus\/","name":"Yuneec Typhoon H Plus -","isPartOf":{"@id":"https:\/\/www.ghostysky.com\/#website"},"primaryImageOfPage":{"@id":"https:\/\/www.ghostysky.com\/product\/yuneec-typhoon-h-plus\/#primaryimage"},"image":{"@id":"https:\/\/www.ghostysky.com\/product\/yuneec-typhoon-h-plus\/#primaryimage"},"thumbnailUrl":"https:\/\/www.ghostysky.com\/wp-content\/uploads\/2021\/03\/H-Plus.png","datePublished":"2021-03-04T16:23:51+00:00","dateModified":"2023-11-26T07:03:54+00:00","description":"D\u00e9couvrez la nouvelle g\u00e9n\u00e9ration de Typhoon H - un hexacopt\u00e8re encore plus puissant qu&#039;avant et dot\u00e9 d&#039;un tout nouveau contr\u00f4leur de vol, bas\u00e9 sur PX4.","breadcrumb":{"@id":"https:\/\/www.ghostysky.com\/product\/yuneec-typhoon-h-plus\/#breadcrumb"},"inLanguage":"fr-FR","potentialAction":[{"@type":"ReadAction","target":["https:\/\/www.ghostysky.com\/product\/yuneec-typhoon-h-plus\/"]}]},{"@type":"ImageObject","inLanguage":"fr-FR","@id":"https:\/\/www.ghostysky.com\/product\/yuneec-typhoon-h-plus\/#primaryimage","url":"https:\/\/www.ghostysky.com\/wp-content\/uploads\/2021\/03\/H-Plus.png","contentUrl":"https:\/\/www.ghostysky.com\/wp-content\/uploads\/2021\/03\/H-Plus.png","width":1400,"height":1218},{"@type":"BreadcrumbList","@id":"https:\/\/www.ghostysky.com\/product\/yuneec-typhoon-h-plus\/#breadcrumb","itemListElement":[{"@type":"ListItem","position":1,"name":"Home","item":"https:\/\/www.ghostysky.com\/"},{"@type":"ListItem","position":2,"name":"Shop","item":"https:\/\/www.ghostysky.com\/shop\/"},{"@type":"ListItem","position":3,"name":"Yuneec Typhoon H Plus"}]},{"@type":"WebSite","@id":"https:\/\/www.ghostysky.com\/#website","url":"https:\/\/www.ghostysky.com\/","name":"Ghostysky","description":"Livraison de drones et de services professionnels","publisher":{"@id":"https:\/\/www.ghostysky.com\/#organization"},"potentialAction":[{"@type":"SearchAction","target":{"@type":"EntryPoint","urlTemplate":"https:\/\/www.ghostysky.com\/?s={search_term_string}"},"query-input":{"@type":"PropertyValueSpecification","valueRequired":true,"valueName":"search_term_string"}}],"inLanguage":"fr-FR"},{"@type":"Organization","@id":"https:\/\/www.ghostysky.com\/#organization","name":"Ghostysky","url":"https:\/\/www.ghostysky.com\/","logo":{"@type":"ImageObject","inLanguage":"fr-FR","@id":"https:\/\/www.ghostysky.com\/#\/schema\/logo\/image\/","url":"https:\/\/www.ghostysky.com\/wp-content\/uploads\/2020\/06\/cropped-ghostyskylogo_text_white2.png","contentUrl":"https:\/\/www.ghostysky.com\/wp-content\/uploads\/2020\/06\/cropped-ghostyskylogo_text_white2.png","width":169,"height":56,"caption":"Ghostysky"},"image":{"@id":"https:\/\/www.ghostysky.com\/#\/schema\/logo\/image\/"},"sameAs":["https:\/\/www.facebook.com\/people\/Ghostysky\/100057676170234\/","https:\/\/x.com\/Gh0stysky","https:\/\/www.linkedin.com\/company\/34739653","https:\/\/www.instagram.com\/gh0stysky"]}]}},"_links":{"self":[{"href":"https:\/\/www.ghostysky.com\/fr\/wp-json\/wp\/v2\/product\/2025","targetHints":{"allow":["GET"]}}],"collection":[{"href":"https:\/\/www.ghostysky.com\/fr\/wp-json\/wp\/v2\/product"}],"about":[{"href":"https:\/\/www.ghostysky.com\/fr\/wp-json\/wp\/v2\/types\/product"}],"replies":[{"embeddable":true,"href":"https:\/\/www.ghostysky.com\/fr\/wp-json\/wp\/v2\/comments?post=2025"}],"wp:featuredmedia":[{"embeddable":true,"href":"https:\/\/www.ghostysky.com\/fr\/wp-json\/wp\/v2\/media\/2026"}],"wp:attachment":[{"href":"https:\/\/www.ghostysky.com\/fr\/wp-json\/wp\/v2\/media?parent=2025"}],"wp:term":[{"taxonomy":"product_brand","embeddable":true,"href":"https:\/\/www.ghostysky.com\/fr\/wp-json\/wp\/v2\/product_brand?post=2025"},{"taxonomy":"product_cat","embeddable":true,"href":"https:\/\/www.ghostysky.com\/fr\/wp-json\/wp\/v2\/product_cat?post=2025"},{"taxonomy":"product_tag","embeddable":true,"href":"https:\/\/www.ghostysky.com\/fr\/wp-json\/wp\/v2\/product_tag?post=2025"}],"curies":[{"name":"wp","href":"https:\/\/api.w.org\/{rel}","templated":true}]}}