{"id":20261,"date":"2024-11-05T07:42:08","date_gmt":"2024-11-05T07:42:08","guid":{"rendered":"https:\/\/www.ghostysky.com\/?post_type=product&#038;p=20261"},"modified":"2024-11-05T08:37:14","modified_gmt":"2024-11-05T08:37:14","slug":"dji-mavic-3-enterprise-emlid-reach-rs3-survey-case","status":"publish","type":"product","link":"https:\/\/www.ghostysky.com\/fr\/product\/dji-mavic-3-enterprise-emlid-reach-rs3-survey-case\/","title":{"rendered":"\u00c9tude de cas sur DJI Mavic 3 Enterprise et Emlid Reach RS3"},"content":{"rendered":"<h3>\u00c9tude de cas DJI Mavic 3 Enterprise REACH RS3<\/h3>\n<ul>\n<li class=\"js-image-area-title\" data-area-id=\"dji-mavic-3-enterprise-with-props-on\"><span aria-hidden=\"true\">+<\/span>DJI Mavic 3 Enterprise avec accessoires<\/li>\n<li class=\"js-image-area-title\" data-area-id=\"mavic-3-controller\"><span aria-hidden=\"true\">+<\/span>Contr\u00f4leur Mavic 3<\/li>\n<li class=\"js-image-area-title\" data-area-id=\"reach-rs3-ground-station-head\"><span aria-hidden=\"true\">+<\/span>T\u00eate de station au sol REACH RS3<\/li>\n<li class=\"js-image-area-title\" data-area-id=\"7-mavic-3-batteries-1-installed\"><span aria-hidden=\"true\">+<\/span>7 batteries Mavic 3 (1 install\u00e9e)<\/li>\n<li class=\"js-image-area-title\" data-area-id=\"2-mavic-3-battery-charging-power-supplies\"><span aria-hidden=\"true\">+<\/span>2 alimentations de charge de batterie Mavic 3<\/li>\n<li class=\"js-image-area-title\" data-area-id=\"2-mavic-3-battery-charging-hubs\"><span aria-hidden=\"true\">+<\/span>2 concentrateurs de charge de batterie Mavic 3<\/li>\n<li class=\"js-image-area-title\" data-area-id=\"speaker\"><span aria-hidden=\"true\">+<\/span>Conf\u00e9rencier<\/li>\n<li class=\"js-image-area-title\" data-area-id=\"2-cable-storage-cavity\"><span aria-hidden=\"true\">+<\/span>2 cavit\u00e9s de stockage de c\u00e2bles<\/li>\n<li class=\"js-image-area-title\" data-area-id=\"3-accessory-cavities\"><span aria-hidden=\"true\">+<\/span>3 cavit\u00e9s accessoires<\/li>\n<li class=\"js-image-area-title\" data-area-id=\"spare-props-cavity\"><span aria-hidden=\"true\">+<\/span>Cavit\u00e9 d&#039;h\u00e9lices de rechange<\/li>\n<li class=\"js-image-area-title\" data-area-id=\"1-gpc-lenspen-micropro-sold-separately\"><span aria-hidden=\"true\">+<\/span>1 GPC LensPen MicroPro (vendu s\u00e9par\u00e9ment)<\/li>\n<li class=\"js-image-area-title\" data-area-id=\"1-gpc-micro-sd-card-holder-sold-separately\"><span aria-hidden=\"true\">+<\/span>1 support de carte Micro SD GPC (vendu s\u00e9par\u00e9ment)<\/li>\n<\/ul>","protected":false},"excerpt":{"rendered":"<p>Ce mod\u00e8le phare de la gamme Mavic 3 Enterprise est id\u00e9al pour voyager avec une grande vari\u00e9t\u00e9 d&#039;accessoires pr\u00e9cieux. Cette valise est id\u00e9ale pour le Mavic 3 Enterprise, la station au sol REACH RS3, de nombreuses batteries Mavic, des chargeurs et bien plus encore. Elle permet de garder tous vos objets en s\u00e9curit\u00e9 et bien organis\u00e9s. Conscients de l&#039;importance d&#039;un d\u00e9ploiement rapide, nous avons con\u00e7u la cavit\u00e9 du Mavic 3 pour maintenir les h\u00e9lices en place.<\/p>\n<p>*Accessoires vendus s\u00e9par\u00e9ment*<\/p>","protected":false},"featured_media":20266,"comment_status":"open","ping_status":"closed","template":"","meta":[],"product_brand":[],"product_cat":[461,1007],"product_tag":[42,58,1005,1006],"class_list":{"0":"post-20261","1":"product","2":"type-product","3":"status-publish","4":"has-post-thumbnail","6":"product_cat-accessories-2","7":"product_cat-hard-cases","8":"product_tag-dji","9":"product_tag-emlid","10":"product_tag-hard-case","11":"product_tag-rs3","13":"first","14":"onbackorder","15":"taxable","16":"shipping-taxable","17":"purchasable","18":"product-type-simple"},"yoast_head":"<!-- This site is optimized with the Yoast SEO plugin v27.1.1 - https:\/\/yoast.com\/product\/yoast-seo-wordpress\/ -->\n<title>DJI Mavic 3 Enterprise &amp; Emlid Reach RS3 Survey Case - Ghostysky<\/title>\n<meta name=\"description\" content=\"This workhorse of a Mavic 3 Enterprise series travels with a wide variety of valuable accessories. This case packs a punch with the Mavic 3 Enterprise, REACH RS3 Ground station, plenty of Mavic batteries, chargers and much more. This case keeps all the items secure and well organized. We also know that quick deploy is important, therefore we have designed the Mavic 3 cavity to keep the props on.\" \/>\n<meta name=\"robots\" content=\"index, follow, max-snippet:-1, max-image-preview:large, max-video-preview:-1\" \/>\n<link rel=\"canonical\" href=\"https:\/\/www.ghostysky.com\/fr\/product\/dji-mavic-3-enterprise-emlid-reach-rs3-survey-case\/\" \/>\n<meta property=\"og:locale\" content=\"fr_FR\" \/>\n<meta property=\"og:type\" content=\"article\" \/>\n<meta property=\"og:title\" content=\"DJI Mavic 3 Enterprise &amp; Emlid Reach RS3 Survey Case - Ghostysky\" \/>\n<meta property=\"og:description\" content=\"This workhorse of a Mavic 3 Enterprise series travels with a wide variety of valuable accessories. This case packs a punch with the Mavic 3 Enterprise, REACH RS3 Ground station, plenty of Mavic batteries, chargers and much more. This case keeps all the items secure and well organized. We also know that quick deploy is important, therefore we have designed the Mavic 3 cavity to keep the props on.\" \/>\n<meta property=\"og:url\" content=\"https:\/\/www.ghostysky.com\/fr\/product\/dji-mavic-3-enterprise-emlid-reach-rs3-survey-case\/\" \/>\n<meta property=\"og:site_name\" content=\"Ghostysky\" \/>\n<meta property=\"article:publisher\" content=\"https:\/\/www.facebook.com\/people\/Ghostysky\/100057676170234\/\" \/>\n<meta property=\"article:modified_time\" content=\"2024-11-05T08:37:14+00:00\" \/>\n<meta property=\"og:image\" content=\"https:\/\/www.ghostysky.com\/wp-content\/uploads\/2024\/11\/Mav3RTKRS3Hero_800x.jpg\" \/>\n\t<meta property=\"og:image:width\" content=\"800\" \/>\n\t<meta property=\"og:image:height\" content=\"800\" \/>\n\t<meta property=\"og:image:type\" content=\"image\/jpeg\" \/>\n<meta name=\"twitter:card\" content=\"summary_large_image\" \/>\n<meta name=\"twitter:site\" content=\"@Gh0stysky\" \/>\n<meta name=\"twitter:label1\" content=\"Dur\u00e9e de lecture estim\u00e9e\" \/>\n\t<meta name=\"twitter:data1\" content=\"1 minute\" \/>\n<script type=\"application\/ld+json\" class=\"yoast-schema-graph\">{\"@context\":\"https:\/\/schema.org\",\"@graph\":[{\"@type\":\"WebPage\",\"@id\":\"https:\/\/www.ghostysky.com\/product\/dji-mavic-3-enterprise-emlid-reach-rs3-survey-case\/\",\"url\":\"https:\/\/www.ghostysky.com\/product\/dji-mavic-3-enterprise-emlid-reach-rs3-survey-case\/\",\"name\":\"DJI Mavic 3 Enterprise & Emlid Reach RS3 Survey Case - Ghostysky\",\"isPartOf\":{\"@id\":\"https:\/\/www.ghostysky.com\/#website\"},\"primaryImageOfPage\":{\"@id\":\"https:\/\/www.ghostysky.com\/product\/dji-mavic-3-enterprise-emlid-reach-rs3-survey-case\/#primaryimage\"},\"image\":{\"@id\":\"https:\/\/www.ghostysky.com\/product\/dji-mavic-3-enterprise-emlid-reach-rs3-survey-case\/#primaryimage\"},\"thumbnailUrl\":\"https:\/\/www.ghostysky.com\/wp-content\/uploads\/2024\/11\/Mav3RTKRS3Hero_800x.jpg\",\"datePublished\":\"2024-11-05T07:42:08+00:00\",\"dateModified\":\"2024-11-05T08:37:14+00:00\",\"description\":\"This workhorse of a Mavic 3 Enterprise series travels with a wide variety of valuable accessories. This case packs a punch with the Mavic 3 Enterprise, REACH RS3 Ground station, plenty of Mavic batteries, chargers and much more. This case keeps all the items secure and well organized. We also know that quick deploy is important, therefore we have designed the Mavic 3 cavity to keep the props on.\",\"breadcrumb\":{\"@id\":\"https:\/\/www.ghostysky.com\/product\/dji-mavic-3-enterprise-emlid-reach-rs3-survey-case\/#breadcrumb\"},\"inLanguage\":\"fr-FR\",\"potentialAction\":[{\"@type\":\"ReadAction\",\"target\":[\"https:\/\/www.ghostysky.com\/product\/dji-mavic-3-enterprise-emlid-reach-rs3-survey-case\/\"]}]},{\"@type\":\"ImageObject\",\"inLanguage\":\"fr-FR\",\"@id\":\"https:\/\/www.ghostysky.com\/product\/dji-mavic-3-enterprise-emlid-reach-rs3-survey-case\/#primaryimage\",\"url\":\"https:\/\/www.ghostysky.com\/wp-content\/uploads\/2024\/11\/Mav3RTKRS3Hero_800x.jpg\",\"contentUrl\":\"https:\/\/www.ghostysky.com\/wp-content\/uploads\/2024\/11\/Mav3RTKRS3Hero_800x.jpg\",\"width\":800,\"height\":800},{\"@type\":\"BreadcrumbList\",\"@id\":\"https:\/\/www.ghostysky.com\/product\/dji-mavic-3-enterprise-emlid-reach-rs3-survey-case\/#breadcrumb\",\"itemListElement\":[{\"@type\":\"ListItem\",\"position\":1,\"name\":\"Home\",\"item\":\"https:\/\/www.ghostysky.com\/\"},{\"@type\":\"ListItem\",\"position\":2,\"name\":\"Shop\",\"item\":\"https:\/\/www.ghostysky.com\/shop\/\"},{\"@type\":\"ListItem\",\"position\":3,\"name\":\"DJI Mavic 3 Enterprise &#038; Emlid Reach RS3 Survey Case\"}]},{\"@type\":\"WebSite\",\"@id\":\"https:\/\/www.ghostysky.com\/#website\",\"url\":\"https:\/\/www.ghostysky.com\/\",\"name\":\"Ghostysky\",\"description\":\"Delivering professional drones and services\",\"publisher\":{\"@id\":\"https:\/\/www.ghostysky.com\/#organization\"},\"potentialAction\":[{\"@type\":\"SearchAction\",\"target\":{\"@type\":\"EntryPoint\",\"urlTemplate\":\"https:\/\/www.ghostysky.com\/?s={search_term_string}\"},\"query-input\":{\"@type\":\"PropertyValueSpecification\",\"valueRequired\":true,\"valueName\":\"search_term_string\"}}],\"inLanguage\":\"fr-FR\"},{\"@type\":\"Organization\",\"@id\":\"https:\/\/www.ghostysky.com\/#organization\",\"name\":\"Ghostysky\",\"url\":\"https:\/\/www.ghostysky.com\/\",\"logo\":{\"@type\":\"ImageObject\",\"inLanguage\":\"fr-FR\",\"@id\":\"https:\/\/www.ghostysky.com\/#\/schema\/logo\/image\/\",\"url\":\"https:\/\/www.ghostysky.com\/wp-content\/uploads\/2020\/06\/cropped-ghostyskylogo_text_white2.png\",\"contentUrl\":\"https:\/\/www.ghostysky.com\/wp-content\/uploads\/2020\/06\/cropped-ghostyskylogo_text_white2.png\",\"width\":169,\"height\":56,\"caption\":\"Ghostysky\"},\"image\":{\"@id\":\"https:\/\/www.ghostysky.com\/#\/schema\/logo\/image\/\"},\"sameAs\":[\"https:\/\/www.facebook.com\/people\/Ghostysky\/100057676170234\/\",\"https:\/\/x.com\/Gh0stysky\",\"https:\/\/www.linkedin.com\/company\/34739653\",\"https:\/\/www.instagram.com\/gh0stysky\"]}]}<\/script>\n<!-- \/ Yoast SEO plugin. -->","yoast_head_json":{"title":"\u00c9tude de cas sur DJI Mavic 3 Enterprise et Emlid Reach RS3 - Ghostysky","description":"Ce mod\u00e8le phare de la gamme Mavic 3 Enterprise est id\u00e9al pour voyager avec une grande vari\u00e9t\u00e9 d&#039;accessoires pr\u00e9cieux. Cette valise est id\u00e9ale pour le Mavic 3 Enterprise, la station au sol REACH RS3, de nombreuses batteries Mavic, des chargeurs et bien plus encore. Elle permet de garder tous vos objets en s\u00e9curit\u00e9 et bien organis\u00e9s. Conscients de l&#039;importance d&#039;un d\u00e9ploiement rapide, nous avons con\u00e7u la cavit\u00e9 du Mavic 3 pour maintenir les h\u00e9lices en place.","robots":{"index":"index","follow":"follow","max-snippet":"max-snippet:-1","max-image-preview":"max-image-preview:large","max-video-preview":"max-video-preview:-1"},"canonical":"https:\/\/www.ghostysky.com\/fr\/product\/dji-mavic-3-enterprise-emlid-reach-rs3-survey-case\/","og_locale":"fr_FR","og_type":"article","og_title":"DJI Mavic 3 Enterprise & Emlid Reach RS3 Survey Case - Ghostysky","og_description":"This workhorse of a Mavic 3 Enterprise series travels with a wide variety of valuable accessories. This case packs a punch with the Mavic 3 Enterprise, REACH RS3 Ground station, plenty of Mavic batteries, chargers and much more. This case keeps all the items secure and well organized. We also know that quick deploy is important, therefore we have designed the Mavic 3 cavity to keep the props on.","og_url":"https:\/\/www.ghostysky.com\/fr\/product\/dji-mavic-3-enterprise-emlid-reach-rs3-survey-case\/","og_site_name":"Ghostysky","article_publisher":"https:\/\/www.facebook.com\/people\/Ghostysky\/100057676170234\/","article_modified_time":"2024-11-05T08:37:14+00:00","og_image":[{"width":800,"height":800,"url":"https:\/\/www.ghostysky.com\/wp-content\/uploads\/2024\/11\/Mav3RTKRS3Hero_800x.jpg","type":"image\/jpeg"}],"twitter_card":"summary_large_image","twitter_site":"@Gh0stysky","twitter_misc":{"Dur\u00e9e de lecture estim\u00e9e":"1 minute"},"schema":{"@context":"https:\/\/schema.org","@graph":[{"@type":"WebPage","@id":"https:\/\/www.ghostysky.com\/product\/dji-mavic-3-enterprise-emlid-reach-rs3-survey-case\/","url":"https:\/\/www.ghostysky.com\/product\/dji-mavic-3-enterprise-emlid-reach-rs3-survey-case\/","name":"\u00c9tude de cas sur DJI Mavic 3 Enterprise et Emlid Reach RS3 - Ghostysky","isPartOf":{"@id":"https:\/\/www.ghostysky.com\/#website"},"primaryImageOfPage":{"@id":"https:\/\/www.ghostysky.com\/product\/dji-mavic-3-enterprise-emlid-reach-rs3-survey-case\/#primaryimage"},"image":{"@id":"https:\/\/www.ghostysky.com\/product\/dji-mavic-3-enterprise-emlid-reach-rs3-survey-case\/#primaryimage"},"thumbnailUrl":"https:\/\/www.ghostysky.com\/wp-content\/uploads\/2024\/11\/Mav3RTKRS3Hero_800x.jpg","datePublished":"2024-11-05T07:42:08+00:00","dateModified":"2024-11-05T08:37:14+00:00","description":"Ce mod\u00e8le phare de la gamme Mavic 3 Enterprise est id\u00e9al pour voyager avec une grande vari\u00e9t\u00e9 d&#039;accessoires pr\u00e9cieux. Cette valise est id\u00e9ale pour le Mavic 3 Enterprise, la station au sol REACH RS3, de nombreuses batteries Mavic, des chargeurs et bien plus encore. Elle permet de garder tous vos objets en s\u00e9curit\u00e9 et bien organis\u00e9s. Conscients de l&#039;importance d&#039;un d\u00e9ploiement rapide, nous avons con\u00e7u la cavit\u00e9 du Mavic 3 pour maintenir les h\u00e9lices en place.","breadcrumb":{"@id":"https:\/\/www.ghostysky.com\/product\/dji-mavic-3-enterprise-emlid-reach-rs3-survey-case\/#breadcrumb"},"inLanguage":"fr-FR","potentialAction":[{"@type":"ReadAction","target":["https:\/\/www.ghostysky.com\/product\/dji-mavic-3-enterprise-emlid-reach-rs3-survey-case\/"]}]},{"@type":"ImageObject","inLanguage":"fr-FR","@id":"https:\/\/www.ghostysky.com\/product\/dji-mavic-3-enterprise-emlid-reach-rs3-survey-case\/#primaryimage","url":"https:\/\/www.ghostysky.com\/wp-content\/uploads\/2024\/11\/Mav3RTKRS3Hero_800x.jpg","contentUrl":"https:\/\/www.ghostysky.com\/wp-content\/uploads\/2024\/11\/Mav3RTKRS3Hero_800x.jpg","width":800,"height":800},{"@type":"BreadcrumbList","@id":"https:\/\/www.ghostysky.com\/product\/dji-mavic-3-enterprise-emlid-reach-rs3-survey-case\/#breadcrumb","itemListElement":[{"@type":"ListItem","position":1,"name":"Home","item":"https:\/\/www.ghostysky.com\/"},{"@type":"ListItem","position":2,"name":"Shop","item":"https:\/\/www.ghostysky.com\/shop\/"},{"@type":"ListItem","position":3,"name":"DJI Mavic 3 Enterprise &#038; Emlid Reach RS3 Survey Case"}]},{"@type":"WebSite","@id":"https:\/\/www.ghostysky.com\/#website","url":"https:\/\/www.ghostysky.com\/","name":"Ghostysky","description":"Livraison de drones et de services professionnels","publisher":{"@id":"https:\/\/www.ghostysky.com\/#organization"},"potentialAction":[{"@type":"SearchAction","target":{"@type":"EntryPoint","urlTemplate":"https:\/\/www.ghostysky.com\/?s={search_term_string}"},"query-input":{"@type":"PropertyValueSpecification","valueRequired":true,"valueName":"search_term_string"}}],"inLanguage":"fr-FR"},{"@type":"Organization","@id":"https:\/\/www.ghostysky.com\/#organization","name":"Ghostysky","url":"https:\/\/www.ghostysky.com\/","logo":{"@type":"ImageObject","inLanguage":"fr-FR","@id":"https:\/\/www.ghostysky.com\/#\/schema\/logo\/image\/","url":"https:\/\/www.ghostysky.com\/wp-content\/uploads\/2020\/06\/cropped-ghostyskylogo_text_white2.png","contentUrl":"https:\/\/www.ghostysky.com\/wp-content\/uploads\/2020\/06\/cropped-ghostyskylogo_text_white2.png","width":169,"height":56,"caption":"Ghostysky"},"image":{"@id":"https:\/\/www.ghostysky.com\/#\/schema\/logo\/image\/"},"sameAs":["https:\/\/www.facebook.com\/people\/Ghostysky\/100057676170234\/","https:\/\/x.com\/Gh0stysky","https:\/\/www.linkedin.com\/company\/34739653","https:\/\/www.instagram.com\/gh0stysky"]}]}},"_links":{"self":[{"href":"https:\/\/www.ghostysky.com\/fr\/wp-json\/wp\/v2\/product\/20261","targetHints":{"allow":["GET"]}}],"collection":[{"href":"https:\/\/www.ghostysky.com\/fr\/wp-json\/wp\/v2\/product"}],"about":[{"href":"https:\/\/www.ghostysky.com\/fr\/wp-json\/wp\/v2\/types\/product"}],"replies":[{"embeddable":true,"href":"https:\/\/www.ghostysky.com\/fr\/wp-json\/wp\/v2\/comments?post=20261"}],"wp:featuredmedia":[{"embeddable":true,"href":"https:\/\/www.ghostysky.com\/fr\/wp-json\/wp\/v2\/media\/20266"}],"wp:attachment":[{"href":"https:\/\/www.ghostysky.com\/fr\/wp-json\/wp\/v2\/media?parent=20261"}],"wp:term":[{"taxonomy":"product_brand","embeddable":true,"href":"https:\/\/www.ghostysky.com\/fr\/wp-json\/wp\/v2\/product_brand?post=20261"},{"taxonomy":"product_cat","embeddable":true,"href":"https:\/\/www.ghostysky.com\/fr\/wp-json\/wp\/v2\/product_cat?post=20261"},{"taxonomy":"product_tag","embeddable":true,"href":"https:\/\/www.ghostysky.com\/fr\/wp-json\/wp\/v2\/product_tag?post=20261"}],"curies":[{"name":"wp","href":"https:\/\/api.w.org\/{rel}","templated":true}]}}