{"id":20262,"date":"2024-11-05T07:45:56","date_gmt":"2024-11-05T07:45:56","guid":{"rendered":"https:\/\/www.ghostysky.com\/?post_type=product&#038;p=20262"},"modified":"2024-11-05T08:38:00","modified_gmt":"2024-11-05T08:38:00","slug":"dji-mavic-3-eight-battery-case","status":"publish","type":"product","link":"https:\/\/www.ghostysky.com\/fr\/product\/dji-mavic-3-eight-battery-case\/","title":{"rendered":"Bo\u00eetier de batterie DJI Mavic 3 Eight"},"content":{"rendered":"<h3>Bo\u00eetier de batterie DJI Mavic 3 Eight<\/h3>\n<ul>\n<li class=\"js-image-area-title\" data-area-id=\"8-dji-mavic-3-or-mavic-3-classic-batteries\"><span aria-hidden=\"true\">+<\/span>8 batteries DJI Mavic 3 ou Mavic 3 Classic<\/li>\n<li class=\"js-image-area-title is-active\" data-area-id=\"1-charging-hub\"><span aria-hidden=\"true\">+<\/span>1 station de charge<\/li>\n<li class=\"js-image-area-title\" data-area-id=\"1-charger\"><span aria-hidden=\"true\">+<\/span>1 chargeur<\/li>\n<li class=\"js-image-area-title\" data-area-id=\"1-cable-storage-cavity\"><span aria-hidden=\"true\">+<\/span>1 cavit\u00e9 de stockage de c\u00e2bles<\/li>\n<\/ul>","protected":false},"excerpt":{"rendered":"<p>DJI a sorti un autre Mavic exceptionnel, le Mavic 3. Malgr\u00e9 son excellente autonomie de vol, nous savons qu&#039;un espace de stockage suppl\u00e9mentaire pour les batteries est toujours n\u00e9cessaire. Voici un excellent bo\u00eetier compact pouvant accueillir 8 batteries et leurs accessoires de charge.<\/p>","protected":false},"featured_media":20263,"comment_status":"open","ping_status":"closed","template":"","meta":[],"product_brand":[],"product_cat":[461,1007],"product_tag":[42,1005,1012],"class_list":{"0":"post-20262","1":"product","2":"type-product","3":"status-publish","4":"has-post-thumbnail","6":"product_cat-accessories-2","7":"product_cat-hard-cases","8":"product_tag-dji","9":"product_tag-hard-case","10":"product_tag-mavic3","12":"first","13":"onbackorder","14":"taxable","15":"shipping-taxable","16":"purchasable","17":"product-type-simple"},"yoast_head":"<!-- This site is optimized with the Yoast SEO plugin v27.1.1 - https:\/\/yoast.com\/product\/yoast-seo-wordpress\/ -->\n<title>DJI Mavic 3 Eight Battery Case - Ghostysky<\/title>\n<meta name=\"description\" content=\"DJI has brought out another amazing Mavic, the Mavic 3. Even though it has great flight time, we know that more battery storage is always necessary. Here\u2019s a great compact case accommodating 8 batteries and the charging accessories.\" \/>\n<meta name=\"robots\" content=\"index, follow, max-snippet:-1, max-image-preview:large, max-video-preview:-1\" \/>\n<link rel=\"canonical\" href=\"https:\/\/www.ghostysky.com\/fr\/product\/dji-mavic-3-eight-battery-case\/\" \/>\n<meta property=\"og:locale\" content=\"fr_FR\" \/>\n<meta property=\"og:type\" content=\"article\" \/>\n<meta property=\"og:title\" content=\"DJI Mavic 3 Eight Battery Case - Ghostysky\" \/>\n<meta property=\"og:description\" content=\"DJI has brought out another amazing Mavic, the Mavic 3. Even though it has great flight time, we know that more battery storage is always necessary. Here\u2019s a great compact case accommodating 8 batteries and the charging accessories.\" \/>\n<meta property=\"og:url\" content=\"https:\/\/www.ghostysky.com\/fr\/product\/dji-mavic-3-eight-battery-case\/\" \/>\n<meta property=\"og:site_name\" content=\"Ghostysky\" \/>\n<meta property=\"article:publisher\" content=\"https:\/\/www.facebook.com\/people\/Ghostysky\/100057676170234\/\" \/>\n<meta property=\"article:modified_time\" content=\"2024-11-05T08:38:00+00:00\" \/>\n<meta property=\"og:image\" content=\"https:\/\/www.ghostysky.com\/wp-content\/uploads\/2024\/11\/Mav38BtryHero_800x.jpg\" \/>\n\t<meta property=\"og:image:width\" content=\"800\" \/>\n\t<meta property=\"og:image:height\" content=\"800\" \/>\n\t<meta property=\"og:image:type\" content=\"image\/jpeg\" \/>\n<meta name=\"twitter:card\" content=\"summary_large_image\" \/>\n<meta name=\"twitter:site\" content=\"@Gh0stysky\" \/>\n<meta name=\"twitter:label1\" content=\"Dur\u00e9e de lecture estim\u00e9e\" \/>\n\t<meta name=\"twitter:data1\" content=\"1 minute\" \/>\n<script type=\"application\/ld+json\" class=\"yoast-schema-graph\">{\"@context\":\"https:\/\/schema.org\",\"@graph\":[{\"@type\":\"WebPage\",\"@id\":\"https:\/\/www.ghostysky.com\/product\/dji-mavic-3-eight-battery-case\/\",\"url\":\"https:\/\/www.ghostysky.com\/product\/dji-mavic-3-eight-battery-case\/\",\"name\":\"DJI Mavic 3 Eight Battery Case - Ghostysky\",\"isPartOf\":{\"@id\":\"https:\/\/www.ghostysky.com\/#website\"},\"primaryImageOfPage\":{\"@id\":\"https:\/\/www.ghostysky.com\/product\/dji-mavic-3-eight-battery-case\/#primaryimage\"},\"image\":{\"@id\":\"https:\/\/www.ghostysky.com\/product\/dji-mavic-3-eight-battery-case\/#primaryimage\"},\"thumbnailUrl\":\"https:\/\/www.ghostysky.com\/wp-content\/uploads\/2024\/11\/Mav38BtryHero_800x.jpg\",\"datePublished\":\"2024-11-05T07:45:56+00:00\",\"dateModified\":\"2024-11-05T08:38:00+00:00\",\"description\":\"DJI has brought out another amazing Mavic, the Mavic 3. Even though it has great flight time, we know that more battery storage is always necessary. Here\u2019s a great compact case accommodating 8 batteries and the charging accessories.\",\"breadcrumb\":{\"@id\":\"https:\/\/www.ghostysky.com\/product\/dji-mavic-3-eight-battery-case\/#breadcrumb\"},\"inLanguage\":\"fr-FR\",\"potentialAction\":[{\"@type\":\"ReadAction\",\"target\":[\"https:\/\/www.ghostysky.com\/product\/dji-mavic-3-eight-battery-case\/\"]}]},{\"@type\":\"ImageObject\",\"inLanguage\":\"fr-FR\",\"@id\":\"https:\/\/www.ghostysky.com\/product\/dji-mavic-3-eight-battery-case\/#primaryimage\",\"url\":\"https:\/\/www.ghostysky.com\/wp-content\/uploads\/2024\/11\/Mav38BtryHero_800x.jpg\",\"contentUrl\":\"https:\/\/www.ghostysky.com\/wp-content\/uploads\/2024\/11\/Mav38BtryHero_800x.jpg\",\"width\":800,\"height\":800},{\"@type\":\"BreadcrumbList\",\"@id\":\"https:\/\/www.ghostysky.com\/product\/dji-mavic-3-eight-battery-case\/#breadcrumb\",\"itemListElement\":[{\"@type\":\"ListItem\",\"position\":1,\"name\":\"Home\",\"item\":\"https:\/\/www.ghostysky.com\/\"},{\"@type\":\"ListItem\",\"position\":2,\"name\":\"Shop\",\"item\":\"https:\/\/www.ghostysky.com\/shop\/\"},{\"@type\":\"ListItem\",\"position\":3,\"name\":\"DJI Mavic 3 Eight Battery Case\"}]},{\"@type\":\"WebSite\",\"@id\":\"https:\/\/www.ghostysky.com\/#website\",\"url\":\"https:\/\/www.ghostysky.com\/\",\"name\":\"Ghostysky\",\"description\":\"Delivering professional drones and services\",\"publisher\":{\"@id\":\"https:\/\/www.ghostysky.com\/#organization\"},\"potentialAction\":[{\"@type\":\"SearchAction\",\"target\":{\"@type\":\"EntryPoint\",\"urlTemplate\":\"https:\/\/www.ghostysky.com\/?s={search_term_string}\"},\"query-input\":{\"@type\":\"PropertyValueSpecification\",\"valueRequired\":true,\"valueName\":\"search_term_string\"}}],\"inLanguage\":\"fr-FR\"},{\"@type\":\"Organization\",\"@id\":\"https:\/\/www.ghostysky.com\/#organization\",\"name\":\"Ghostysky\",\"url\":\"https:\/\/www.ghostysky.com\/\",\"logo\":{\"@type\":\"ImageObject\",\"inLanguage\":\"fr-FR\",\"@id\":\"https:\/\/www.ghostysky.com\/#\/schema\/logo\/image\/\",\"url\":\"https:\/\/www.ghostysky.com\/wp-content\/uploads\/2020\/06\/cropped-ghostyskylogo_text_white2.png\",\"contentUrl\":\"https:\/\/www.ghostysky.com\/wp-content\/uploads\/2020\/06\/cropped-ghostyskylogo_text_white2.png\",\"width\":169,\"height\":56,\"caption\":\"Ghostysky\"},\"image\":{\"@id\":\"https:\/\/www.ghostysky.com\/#\/schema\/logo\/image\/\"},\"sameAs\":[\"https:\/\/www.facebook.com\/people\/Ghostysky\/100057676170234\/\",\"https:\/\/x.com\/Gh0stysky\",\"https:\/\/www.linkedin.com\/company\/34739653\",\"https:\/\/www.instagram.com\/gh0stysky\"]}]}<\/script>\n<!-- \/ Yoast SEO plugin. -->","yoast_head_json":{"title":"Bo\u00eetier de batterie pour DJI Mavic 3 Eight - Ghostysky","description":"DJI a sorti un autre Mavic exceptionnel, le Mavic 3. Malgr\u00e9 son excellente autonomie de vol, nous savons qu&#039;un espace de stockage suppl\u00e9mentaire pour les batteries est toujours n\u00e9cessaire. Voici un excellent bo\u00eetier compact pouvant accueillir 8 batteries et leurs accessoires de charge.","robots":{"index":"index","follow":"follow","max-snippet":"max-snippet:-1","max-image-preview":"max-image-preview:large","max-video-preview":"max-video-preview:-1"},"canonical":"https:\/\/www.ghostysky.com\/fr\/product\/dji-mavic-3-eight-battery-case\/","og_locale":"fr_FR","og_type":"article","og_title":"DJI Mavic 3 Eight Battery Case - Ghostysky","og_description":"DJI has brought out another amazing Mavic, the Mavic 3. Even though it has great flight time, we know that more battery storage is always necessary. Here\u2019s a great compact case accommodating 8 batteries and the charging accessories.","og_url":"https:\/\/www.ghostysky.com\/fr\/product\/dji-mavic-3-eight-battery-case\/","og_site_name":"Ghostysky","article_publisher":"https:\/\/www.facebook.com\/people\/Ghostysky\/100057676170234\/","article_modified_time":"2024-11-05T08:38:00+00:00","og_image":[{"width":800,"height":800,"url":"https:\/\/www.ghostysky.com\/wp-content\/uploads\/2024\/11\/Mav38BtryHero_800x.jpg","type":"image\/jpeg"}],"twitter_card":"summary_large_image","twitter_site":"@Gh0stysky","twitter_misc":{"Dur\u00e9e de lecture estim\u00e9e":"1 minute"},"schema":{"@context":"https:\/\/schema.org","@graph":[{"@type":"WebPage","@id":"https:\/\/www.ghostysky.com\/product\/dji-mavic-3-eight-battery-case\/","url":"https:\/\/www.ghostysky.com\/product\/dji-mavic-3-eight-battery-case\/","name":"Bo\u00eetier de batterie pour DJI Mavic 3 Eight - Ghostysky","isPartOf":{"@id":"https:\/\/www.ghostysky.com\/#website"},"primaryImageOfPage":{"@id":"https:\/\/www.ghostysky.com\/product\/dji-mavic-3-eight-battery-case\/#primaryimage"},"image":{"@id":"https:\/\/www.ghostysky.com\/product\/dji-mavic-3-eight-battery-case\/#primaryimage"},"thumbnailUrl":"https:\/\/www.ghostysky.com\/wp-content\/uploads\/2024\/11\/Mav38BtryHero_800x.jpg","datePublished":"2024-11-05T07:45:56+00:00","dateModified":"2024-11-05T08:38:00+00:00","description":"DJI a sorti un autre Mavic exceptionnel, le Mavic 3. Malgr\u00e9 son excellente autonomie de vol, nous savons qu&#039;un espace de stockage suppl\u00e9mentaire pour les batteries est toujours n\u00e9cessaire. Voici un excellent bo\u00eetier compact pouvant accueillir 8 batteries et leurs accessoires de charge.","breadcrumb":{"@id":"https:\/\/www.ghostysky.com\/product\/dji-mavic-3-eight-battery-case\/#breadcrumb"},"inLanguage":"fr-FR","potentialAction":[{"@type":"ReadAction","target":["https:\/\/www.ghostysky.com\/product\/dji-mavic-3-eight-battery-case\/"]}]},{"@type":"ImageObject","inLanguage":"fr-FR","@id":"https:\/\/www.ghostysky.com\/product\/dji-mavic-3-eight-battery-case\/#primaryimage","url":"https:\/\/www.ghostysky.com\/wp-content\/uploads\/2024\/11\/Mav38BtryHero_800x.jpg","contentUrl":"https:\/\/www.ghostysky.com\/wp-content\/uploads\/2024\/11\/Mav38BtryHero_800x.jpg","width":800,"height":800},{"@type":"BreadcrumbList","@id":"https:\/\/www.ghostysky.com\/product\/dji-mavic-3-eight-battery-case\/#breadcrumb","itemListElement":[{"@type":"ListItem","position":1,"name":"Home","item":"https:\/\/www.ghostysky.com\/"},{"@type":"ListItem","position":2,"name":"Shop","item":"https:\/\/www.ghostysky.com\/shop\/"},{"@type":"ListItem","position":3,"name":"DJI Mavic 3 Eight Battery Case"}]},{"@type":"WebSite","@id":"https:\/\/www.ghostysky.com\/#website","url":"https:\/\/www.ghostysky.com\/","name":"Ghostysky","description":"Livraison de drones et de services professionnels","publisher":{"@id":"https:\/\/www.ghostysky.com\/#organization"},"potentialAction":[{"@type":"SearchAction","target":{"@type":"EntryPoint","urlTemplate":"https:\/\/www.ghostysky.com\/?s={search_term_string}"},"query-input":{"@type":"PropertyValueSpecification","valueRequired":true,"valueName":"search_term_string"}}],"inLanguage":"fr-FR"},{"@type":"Organization","@id":"https:\/\/www.ghostysky.com\/#organization","name":"Ghostysky","url":"https:\/\/www.ghostysky.com\/","logo":{"@type":"ImageObject","inLanguage":"fr-FR","@id":"https:\/\/www.ghostysky.com\/#\/schema\/logo\/image\/","url":"https:\/\/www.ghostysky.com\/wp-content\/uploads\/2020\/06\/cropped-ghostyskylogo_text_white2.png","contentUrl":"https:\/\/www.ghostysky.com\/wp-content\/uploads\/2020\/06\/cropped-ghostyskylogo_text_white2.png","width":169,"height":56,"caption":"Ghostysky"},"image":{"@id":"https:\/\/www.ghostysky.com\/#\/schema\/logo\/image\/"},"sameAs":["https:\/\/www.facebook.com\/people\/Ghostysky\/100057676170234\/","https:\/\/x.com\/Gh0stysky","https:\/\/www.linkedin.com\/company\/34739653","https:\/\/www.instagram.com\/gh0stysky"]}]}},"_links":{"self":[{"href":"https:\/\/www.ghostysky.com\/fr\/wp-json\/wp\/v2\/product\/20262","targetHints":{"allow":["GET"]}}],"collection":[{"href":"https:\/\/www.ghostysky.com\/fr\/wp-json\/wp\/v2\/product"}],"about":[{"href":"https:\/\/www.ghostysky.com\/fr\/wp-json\/wp\/v2\/types\/product"}],"replies":[{"embeddable":true,"href":"https:\/\/www.ghostysky.com\/fr\/wp-json\/wp\/v2\/comments?post=20262"}],"wp:featuredmedia":[{"embeddable":true,"href":"https:\/\/www.ghostysky.com\/fr\/wp-json\/wp\/v2\/media\/20263"}],"wp:attachment":[{"href":"https:\/\/www.ghostysky.com\/fr\/wp-json\/wp\/v2\/media?parent=20262"}],"wp:term":[{"taxonomy":"product_brand","embeddable":true,"href":"https:\/\/www.ghostysky.com\/fr\/wp-json\/wp\/v2\/product_brand?post=20262"},{"taxonomy":"product_cat","embeddable":true,"href":"https:\/\/www.ghostysky.com\/fr\/wp-json\/wp\/v2\/product_cat?post=20262"},{"taxonomy":"product_tag","embeddable":true,"href":"https:\/\/www.ghostysky.com\/fr\/wp-json\/wp\/v2\/product_tag?post=20262"}],"curies":[{"name":"wp","href":"https:\/\/api.w.org\/{rel}","templated":true}]}}