{"id":2046,"date":"2021-03-04T17:09:39","date_gmt":"2021-03-04T17:09:39","guid":{"rendered":"https:\/\/www.ghostysky.com\/?post_type=product&#038;p=2046"},"modified":"2024-12-03T06:17:15","modified_gmt":"2024-12-03T06:17:15","slug":"e10tx-camera-320p-flir-thermal-and-rgb","status":"publish","type":"product","link":"https:\/\/www.ghostysky.com\/fr\/product\/e10tx-camera-320p-flir-thermal-and-rgb\/","title":{"rendered":"Cam\u00e9ra E10TX 320p (FLIR) thermique et RVB"},"content":{"rendered":"<p><strong>L&#039;E10TX est une solution professionnelle, s\u00fbre et facile \u00e0 utiliser pour d&#039;innombrables domaines d&#039;application :<\/strong><\/p>\n<ul>\n<li>Construction et inspection de b\u00e2timents<\/li>\n<li>Inspection des syst\u00e8mes photovolta\u00efques<\/li>\n<li>Agriculture et sylviculture<\/li>\n<li>Lutte contre l&#039;incendie<\/li>\n<li>Applications de police et de douane<\/li>\n<li>Recherche et sauvetage<\/li>\n<\/ul>\n<p><strong>TOUT EN UN COUP D&#039;\u0152IL<\/strong><\/p>\n<ul>\n<li>Mesure et affichage de la temp\u00e9rature<\/li>\n<li>Diff\u00e9rents spectres de couleurs permettent une visualisation pr\u00e9cise des sources de chaleur<\/li>\n<li>\u00c9chelle de d\u00e9tection de temp\u00e9rature r\u00e9glable pour se concentrer sur les zones pertinentes<\/li>\n<li>Cardan mont\u00e9 IR pour un affichage de d\u00e9tection fluide<\/li>\n<li>Le grand capteur IR d\u00e9tecte plus de d\u00e9tails dans l&#039;obscurit\u00e9 que l&#039;\u0153il humain et est id\u00e9al pour la surveillance<\/li>\n<li>Enregistrement simultan\u00e9 double HD et infrarouge<\/li>\n<li>La lumi\u00e8re thermique et la lumi\u00e8re disponible sont enregistr\u00e9es simultan\u00e9ment, de sorte que la vid\u00e9o est pr\u00e9cise \u00e0 l&#039;image pr\u00e8s lors de la lecture avec un timecode int\u00e9gr\u00e9<\/li>\n<li>Prend en charge DataPilot et la planification de mission<\/li>\n<li>Compatible uniquement avec H520E<\/li>\n<\/ul>","protected":false},"excerpt":{"rendered":"<p>| Champ de vision 16\u00b0\/13,8 mm | Champ de vision 24\u00b0\/9,1 mm | Champ de vision 34\u00b0\/6,3 mm | Champ de vision 50\u00b0\/4,3 mm H520E<\/p>\n<p><strong>CAM\u00c9RA FLIR \u00c0 HAUTE R\u00c9SOLUTION D&#039;IMAGERIE THERMIQUE ET DE FAIBLE LUMI\u00c8RE<\/strong><\/p>\n<p>L&#039;E10TX pour l&#039;Hexacopter H520E est un cardan 3 axes stabilis\u00e9, une cam\u00e9ra d&#039;imagerie thermique et de lumi\u00e8re r\u00e9siduelle tout-en-un.<br \/>\nAvec une r\u00e9solution d&#039;imagerie thermique de 320*256 pixels, l&#039;E10TX prend des photos de haute qualit\u00e9 et d\u00e9tecte plus de d\u00e9tails dans l&#039;obscurit\u00e9 qu&#039;\u00e0 l&#039;\u0153il nu gr\u00e2ce \u00e0 son grand capteur RVB.<br \/>\nGr\u00e2ce \u00e0 son double flux vid\u00e9o, vous pouvez diffuser simultan\u00e9ment l&#039;image thermique et l&#039;image r\u00e9siduelle vers la t\u00e9l\u00e9commande, puis visualiser l&#039;image en superposition ou en incrustation. De plus, l&#039;E10TX prend en charge des applications commerciales telles que la planification de missions.<\/p>\n<hr \/>","protected":false},"featured_media":2047,"comment_status":"open","ping_status":"closed","template":"","meta":[],"product_brand":[],"product_cat":[120,29,118],"product_tag":[62,133,122,72,59,121],"class_list":{"0":"post-2046","1":"product","2":"type-product","3":"status-publish","4":"has-post-thumbnail","6":"product_cat-yuneec-cameras","7":"product_cat-drones","8":"product_cat-yuneec","9":"product_tag-camera","10":"product_tag-e10tx","11":"product_tag-h520e","12":"product_tag-rgb-camera","13":"product_tag-thermal-camera","14":"product_tag-yuneec","16":"first","17":"onbackorder","18":"taxable","19":"shipping-taxable","20":"purchasable","21":"product-type-simple"},"yoast_head":"<!-- This site is optimized with the Yoast SEO plugin v27.1.1 - https:\/\/yoast.com\/product\/yoast-seo-wordpress\/ -->\n<title>E10TX Camera 320p (FLIR) thermal and RGB -<\/title>\n<meta name=\"description\" content=\"The E10TX for the H520E Hexacopter is a stabilised 3-axis gimbal, thermal imaging and residual light camera all-in-one.With a 320*256-pixel thermal imaging resolution, the E10TX takes high-quality pictures and detects more details in the dark than the naked eye with the help of its large RGB sensor.\" \/>\n<meta name=\"robots\" content=\"index, follow, max-snippet:-1, max-image-preview:large, max-video-preview:-1\" \/>\n<link rel=\"canonical\" href=\"https:\/\/www.ghostysky.com\/fr\/product\/e10tx-camera-320p-flir-thermal-and-rgb\/\" \/>\n<meta property=\"og:locale\" content=\"fr_FR\" \/>\n<meta property=\"og:type\" content=\"article\" \/>\n<meta property=\"og:title\" content=\"E10TX Camera 320p (FLIR) thermal and RGB -\" \/>\n<meta property=\"og:description\" content=\"The E10TX for the H520E Hexacopter is a stabilised 3-axis gimbal, thermal imaging and residual light camera all-in-one.With a 320*256-pixel thermal imaging resolution, the E10TX takes high-quality pictures and detects more details in the dark than the naked eye with the help of its large RGB sensor.\" \/>\n<meta property=\"og:url\" content=\"https:\/\/www.ghostysky.com\/fr\/product\/e10tx-camera-320p-flir-thermal-and-rgb\/\" \/>\n<meta property=\"og:site_name\" content=\"Ghostysky\" \/>\n<meta property=\"article:publisher\" content=\"https:\/\/www.facebook.com\/people\/Ghostysky\/100057676170234\/\" \/>\n<meta property=\"article:modified_time\" content=\"2024-12-03T06:17:15+00:00\" \/>\n<meta property=\"og:image\" content=\"https:\/\/www.ghostysky.com\/wp-content\/uploads\/2021\/03\/E10TX3.png\" \/>\n\t<meta property=\"og:image:width\" content=\"497\" \/>\n\t<meta property=\"og:image:height\" content=\"686\" \/>\n\t<meta property=\"og:image:type\" content=\"image\/png\" \/>\n<meta name=\"twitter:card\" content=\"summary_large_image\" \/>\n<meta name=\"twitter:site\" content=\"@Gh0stysky\" \/>\n<meta name=\"twitter:label1\" content=\"Dur\u00e9e de lecture estim\u00e9e\" \/>\n\t<meta name=\"twitter:data1\" content=\"1 minute\" \/>\n<script type=\"application\/ld+json\" class=\"yoast-schema-graph\">{\"@context\":\"https:\/\/schema.org\",\"@graph\":[{\"@type\":\"WebPage\",\"@id\":\"https:\/\/www.ghostysky.com\/product\/e10tx-camera-320p-flir-thermal-and-rgb\/\",\"url\":\"https:\/\/www.ghostysky.com\/product\/e10tx-camera-320p-flir-thermal-and-rgb\/\",\"name\":\"E10TX Camera 320p (FLIR) thermal and RGB -\",\"isPartOf\":{\"@id\":\"https:\/\/www.ghostysky.com\/#website\"},\"primaryImageOfPage\":{\"@id\":\"https:\/\/www.ghostysky.com\/product\/e10tx-camera-320p-flir-thermal-and-rgb\/#primaryimage\"},\"image\":{\"@id\":\"https:\/\/www.ghostysky.com\/product\/e10tx-camera-320p-flir-thermal-and-rgb\/#primaryimage\"},\"thumbnailUrl\":\"https:\/\/www.ghostysky.com\/wp-content\/uploads\/2021\/03\/E10TX3.png\",\"datePublished\":\"2021-03-04T17:09:39+00:00\",\"dateModified\":\"2024-12-03T06:17:15+00:00\",\"description\":\"The E10TX for the H520E Hexacopter is a stabilised 3-axis gimbal, thermal imaging and residual light camera all-in-one.With a 320*256-pixel thermal imaging resolution, the E10TX takes high-quality pictures and detects more details in the dark than the naked eye with the help of its large RGB sensor.\",\"breadcrumb\":{\"@id\":\"https:\/\/www.ghostysky.com\/product\/e10tx-camera-320p-flir-thermal-and-rgb\/#breadcrumb\"},\"inLanguage\":\"fr-FR\",\"potentialAction\":[{\"@type\":\"ReadAction\",\"target\":[\"https:\/\/www.ghostysky.com\/product\/e10tx-camera-320p-flir-thermal-and-rgb\/\"]}]},{\"@type\":\"ImageObject\",\"inLanguage\":\"fr-FR\",\"@id\":\"https:\/\/www.ghostysky.com\/product\/e10tx-camera-320p-flir-thermal-and-rgb\/#primaryimage\",\"url\":\"https:\/\/www.ghostysky.com\/wp-content\/uploads\/2021\/03\/E10TX3.png\",\"contentUrl\":\"https:\/\/www.ghostysky.com\/wp-content\/uploads\/2021\/03\/E10TX3.png\",\"width\":497,\"height\":686},{\"@type\":\"BreadcrumbList\",\"@id\":\"https:\/\/www.ghostysky.com\/product\/e10tx-camera-320p-flir-thermal-and-rgb\/#breadcrumb\",\"itemListElement\":[{\"@type\":\"ListItem\",\"position\":1,\"name\":\"Home\",\"item\":\"https:\/\/www.ghostysky.com\/\"},{\"@type\":\"ListItem\",\"position\":2,\"name\":\"Shop\",\"item\":\"https:\/\/www.ghostysky.com\/shop\/\"},{\"@type\":\"ListItem\",\"position\":3,\"name\":\"E10TX Camera 320p (FLIR) thermal and RGB\"}]},{\"@type\":\"WebSite\",\"@id\":\"https:\/\/www.ghostysky.com\/#website\",\"url\":\"https:\/\/www.ghostysky.com\/\",\"name\":\"Ghostysky\",\"description\":\"Delivering professional drones and services\",\"publisher\":{\"@id\":\"https:\/\/www.ghostysky.com\/#organization\"},\"potentialAction\":[{\"@type\":\"SearchAction\",\"target\":{\"@type\":\"EntryPoint\",\"urlTemplate\":\"https:\/\/www.ghostysky.com\/?s={search_term_string}\"},\"query-input\":{\"@type\":\"PropertyValueSpecification\",\"valueRequired\":true,\"valueName\":\"search_term_string\"}}],\"inLanguage\":\"fr-FR\"},{\"@type\":\"Organization\",\"@id\":\"https:\/\/www.ghostysky.com\/#organization\",\"name\":\"Ghostysky\",\"url\":\"https:\/\/www.ghostysky.com\/\",\"logo\":{\"@type\":\"ImageObject\",\"inLanguage\":\"fr-FR\",\"@id\":\"https:\/\/www.ghostysky.com\/#\/schema\/logo\/image\/\",\"url\":\"https:\/\/www.ghostysky.com\/wp-content\/uploads\/2020\/06\/cropped-ghostyskylogo_text_white2.png\",\"contentUrl\":\"https:\/\/www.ghostysky.com\/wp-content\/uploads\/2020\/06\/cropped-ghostyskylogo_text_white2.png\",\"width\":169,\"height\":56,\"caption\":\"Ghostysky\"},\"image\":{\"@id\":\"https:\/\/www.ghostysky.com\/#\/schema\/logo\/image\/\"},\"sameAs\":[\"https:\/\/www.facebook.com\/people\/Ghostysky\/100057676170234\/\",\"https:\/\/x.com\/Gh0stysky\",\"https:\/\/www.linkedin.com\/company\/34739653\",\"https:\/\/www.instagram.com\/gh0stysky\"]}]}<\/script>\n<!-- \/ Yoast SEO plugin. -->","yoast_head_json":{"title":"Cam\u00e9ra E10TX 320p (FLIR) thermique et RVB -","description":"L&#039;E10TX pour l&#039;Hexacopter H520E est un cardan stabilis\u00e9 \u00e0 3 axes, une cam\u00e9ra d&#039;imagerie thermique et de lumi\u00e8re r\u00e9siduelle tout-en-un. Avec une r\u00e9solution d&#039;imagerie thermique de 320*256 pixels, l&#039;E10TX prend des photos de haute qualit\u00e9 et d\u00e9tecte plus de d\u00e9tails dans l&#039;obscurit\u00e9 qu&#039;\u00e0 l&#039;\u0153il nu gr\u00e2ce \u00e0 son grand capteur RVB.","robots":{"index":"index","follow":"follow","max-snippet":"max-snippet:-1","max-image-preview":"max-image-preview:large","max-video-preview":"max-video-preview:-1"},"canonical":"https:\/\/www.ghostysky.com\/fr\/product\/e10tx-camera-320p-flir-thermal-and-rgb\/","og_locale":"fr_FR","og_type":"article","og_title":"E10TX Camera 320p (FLIR) thermal and RGB -","og_description":"The E10TX for the H520E Hexacopter is a stabilised 3-axis gimbal, thermal imaging and residual light camera all-in-one.With a 320*256-pixel thermal imaging resolution, the E10TX takes high-quality pictures and detects more details in the dark than the naked eye with the help of its large RGB sensor.","og_url":"https:\/\/www.ghostysky.com\/fr\/product\/e10tx-camera-320p-flir-thermal-and-rgb\/","og_site_name":"Ghostysky","article_publisher":"https:\/\/www.facebook.com\/people\/Ghostysky\/100057676170234\/","article_modified_time":"2024-12-03T06:17:15+00:00","og_image":[{"width":497,"height":686,"url":"https:\/\/www.ghostysky.com\/wp-content\/uploads\/2021\/03\/E10TX3.png","type":"image\/png"}],"twitter_card":"summary_large_image","twitter_site":"@Gh0stysky","twitter_misc":{"Dur\u00e9e de lecture estim\u00e9e":"1 minute"},"schema":{"@context":"https:\/\/schema.org","@graph":[{"@type":"WebPage","@id":"https:\/\/www.ghostysky.com\/product\/e10tx-camera-320p-flir-thermal-and-rgb\/","url":"https:\/\/www.ghostysky.com\/product\/e10tx-camera-320p-flir-thermal-and-rgb\/","name":"Cam\u00e9ra E10TX 320p (FLIR) thermique et RVB -","isPartOf":{"@id":"https:\/\/www.ghostysky.com\/#website"},"primaryImageOfPage":{"@id":"https:\/\/www.ghostysky.com\/product\/e10tx-camera-320p-flir-thermal-and-rgb\/#primaryimage"},"image":{"@id":"https:\/\/www.ghostysky.com\/product\/e10tx-camera-320p-flir-thermal-and-rgb\/#primaryimage"},"thumbnailUrl":"https:\/\/www.ghostysky.com\/wp-content\/uploads\/2021\/03\/E10TX3.png","datePublished":"2021-03-04T17:09:39+00:00","dateModified":"2024-12-03T06:17:15+00:00","description":"L&#039;E10TX pour l&#039;Hexacopter H520E est un cardan stabilis\u00e9 \u00e0 3 axes, une cam\u00e9ra d&#039;imagerie thermique et de lumi\u00e8re r\u00e9siduelle tout-en-un. Avec une r\u00e9solution d&#039;imagerie thermique de 320*256 pixels, l&#039;E10TX prend des photos de haute qualit\u00e9 et d\u00e9tecte plus de d\u00e9tails dans l&#039;obscurit\u00e9 qu&#039;\u00e0 l&#039;\u0153il nu gr\u00e2ce \u00e0 son grand capteur RVB.","breadcrumb":{"@id":"https:\/\/www.ghostysky.com\/product\/e10tx-camera-320p-flir-thermal-and-rgb\/#breadcrumb"},"inLanguage":"fr-FR","potentialAction":[{"@type":"ReadAction","target":["https:\/\/www.ghostysky.com\/product\/e10tx-camera-320p-flir-thermal-and-rgb\/"]}]},{"@type":"ImageObject","inLanguage":"fr-FR","@id":"https:\/\/www.ghostysky.com\/product\/e10tx-camera-320p-flir-thermal-and-rgb\/#primaryimage","url":"https:\/\/www.ghostysky.com\/wp-content\/uploads\/2021\/03\/E10TX3.png","contentUrl":"https:\/\/www.ghostysky.com\/wp-content\/uploads\/2021\/03\/E10TX3.png","width":497,"height":686},{"@type":"BreadcrumbList","@id":"https:\/\/www.ghostysky.com\/product\/e10tx-camera-320p-flir-thermal-and-rgb\/#breadcrumb","itemListElement":[{"@type":"ListItem","position":1,"name":"Home","item":"https:\/\/www.ghostysky.com\/"},{"@type":"ListItem","position":2,"name":"Shop","item":"https:\/\/www.ghostysky.com\/shop\/"},{"@type":"ListItem","position":3,"name":"E10TX Camera 320p (FLIR) thermal and RGB"}]},{"@type":"WebSite","@id":"https:\/\/www.ghostysky.com\/#website","url":"https:\/\/www.ghostysky.com\/","name":"Ghostysky","description":"Livraison de drones et de services professionnels","publisher":{"@id":"https:\/\/www.ghostysky.com\/#organization"},"potentialAction":[{"@type":"SearchAction","target":{"@type":"EntryPoint","urlTemplate":"https:\/\/www.ghostysky.com\/?s={search_term_string}"},"query-input":{"@type":"PropertyValueSpecification","valueRequired":true,"valueName":"search_term_string"}}],"inLanguage":"fr-FR"},{"@type":"Organization","@id":"https:\/\/www.ghostysky.com\/#organization","name":"Ghostysky","url":"https:\/\/www.ghostysky.com\/","logo":{"@type":"ImageObject","inLanguage":"fr-FR","@id":"https:\/\/www.ghostysky.com\/#\/schema\/logo\/image\/","url":"https:\/\/www.ghostysky.com\/wp-content\/uploads\/2020\/06\/cropped-ghostyskylogo_text_white2.png","contentUrl":"https:\/\/www.ghostysky.com\/wp-content\/uploads\/2020\/06\/cropped-ghostyskylogo_text_white2.png","width":169,"height":56,"caption":"Ghostysky"},"image":{"@id":"https:\/\/www.ghostysky.com\/#\/schema\/logo\/image\/"},"sameAs":["https:\/\/www.facebook.com\/people\/Ghostysky\/100057676170234\/","https:\/\/x.com\/Gh0stysky","https:\/\/www.linkedin.com\/company\/34739653","https:\/\/www.instagram.com\/gh0stysky"]}]}},"_links":{"self":[{"href":"https:\/\/www.ghostysky.com\/fr\/wp-json\/wp\/v2\/product\/2046","targetHints":{"allow":["GET"]}}],"collection":[{"href":"https:\/\/www.ghostysky.com\/fr\/wp-json\/wp\/v2\/product"}],"about":[{"href":"https:\/\/www.ghostysky.com\/fr\/wp-json\/wp\/v2\/types\/product"}],"replies":[{"embeddable":true,"href":"https:\/\/www.ghostysky.com\/fr\/wp-json\/wp\/v2\/comments?post=2046"}],"wp:featuredmedia":[{"embeddable":true,"href":"https:\/\/www.ghostysky.com\/fr\/wp-json\/wp\/v2\/media\/2047"}],"wp:attachment":[{"href":"https:\/\/www.ghostysky.com\/fr\/wp-json\/wp\/v2\/media?parent=2046"}],"wp:term":[{"taxonomy":"product_brand","embeddable":true,"href":"https:\/\/www.ghostysky.com\/fr\/wp-json\/wp\/v2\/product_brand?post=2046"},{"taxonomy":"product_cat","embeddable":true,"href":"https:\/\/www.ghostysky.com\/fr\/wp-json\/wp\/v2\/product_cat?post=2046"},{"taxonomy":"product_tag","embeddable":true,"href":"https:\/\/www.ghostysky.com\/fr\/wp-json\/wp\/v2\/product_tag?post=2046"}],"curies":[{"name":"wp","href":"https:\/\/api.w.org\/{rel}","templated":true}]}}