{"id":2054,"date":"2021-03-04T17:23:46","date_gmt":"2021-03-04T17:23:46","guid":{"rendered":"https:\/\/www.ghostysky.com\/?post_type=product&#038;p=2054"},"modified":"2024-07-11T20:30:01","modified_gmt":"2024-07-11T20:30:01","slug":"yuneec-e30z-for-h520e","status":"publish","type":"product","link":"https:\/\/www.ghostysky.com\/fr\/product\/yuneec-e30z-for-h520e\/","title":{"rendered":"Cam\u00e9ra E30ZX pour H520E et H850"},"content":{"rendered":"<div class=\"product--description\">\n<p>Le Yuneec E30ZX est \u00e9quip\u00e9 d&#039;un zoom optique 30x, optimis\u00e9 par un zoom num\u00e9rique 6x. La vitesse de zoom maximale, du grand-angle au t\u00e9l\u00e9objectif, est de seulement 2,55 secondes, vous permettant de capturer des informations importantes en un clin d&#039;\u0153il, m\u00eame \u00e0 distance. L&#039;\u00e9cran tactile int\u00e9gr\u00e9 du contr\u00f4leur ST16E permet de r\u00e9gler les param\u00e8tres de l&#039;appareil photo, tels que les modes de photographie ou la balance des blancs. La mise au point s&#039;effectue automatiquement gr\u00e2ce \u00e0 l&#039;autofocus. La stabilisation de l&#039;E30ZX joue un r\u00f4le crucial. Le stabilisateur 3 axes int\u00e9gr\u00e9 compense automatiquement les l\u00e9g\u00e8res rafales de vent et les mouvements du drone. Il offre une pr\u00e9cision de \u00b1 0,02\u00b0 et produit des vid\u00e9os fluides, ainsi que des photos d&#039;une nettet\u00e9 exceptionnelle.<\/p>\n<p>Associ\u00e9 \u00e0 l&#039;hexacopt\u00e8re H520E ou H850, l&#039;E30ZX convient \u00e0 de nombreuses applications. Gr\u00e2ce \u00e0 sa puissante fonction zoom, les plus petits d\u00e9tails sont reconnus \u00e0 distance, sans avoir \u00e0 s&#039;approcher trop pr\u00e8s de l&#039;objet. L&#039;utilisateur b\u00e9n\u00e9ficie d&#039;un acc\u00e8s complet \u00e0 toutes les fonctionnalit\u00e9s des H520E et H850, ainsi qu&#039;au logiciel DataPilot\u2122 pr\u00e9install\u00e9. Gr\u00e2ce \u00e0 sa conception modulaire, le drone peut \u00e9galement \u00eatre \u00e9quip\u00e9 d&#039;autres cam\u00e9ras, comme une cam\u00e9ra thermique, pour une flexibilit\u00e9 optimale avec son H520E\/H850.<\/p>\n<p>&nbsp;<\/p>\n<p><strong>TOUT EN UN COUP D&#039;\u0152IL<\/strong><\/p>\n<ul>\n<li class=\"p1\">Zoom optique 30x + zoom num\u00e9rique 6x<\/li>\n<li class=\"p1\">Autofocus<\/li>\n<li class=\"p1\">D\u00e9sembuage<\/li>\n<li class=\"p1\">Compatible avec l&#039;hexacopt\u00e8re YUNEEC H520E<\/li>\n<li class=\"p1\">Cardan \u00e0 3 axes<\/li>\n<li class=\"p1\">R\u00e9solution vid\u00e9o 1080p<\/li>\n<li class=\"p1\">Vitesse de zoom de 2,55 s (du grand angle au t\u00e9l\u00e9objectif)<\/li>\n<li class=\"p1\"><strong>Compatible avec H520E et H850<\/strong><\/li>\n<\/ul>\n<p>&nbsp;<\/p>\n<p style=\"text-align: left;\"><strong>Num\u00e9ro d&#039;enregistrement DEEE DE 78138862<\/strong><\/p>\n<\/div>\n<div class=\"product--properties panel has--border\">\n<table class=\"product--properties-table alignleft\">\n<tbody>\n<tr class=\"product--properties-row\">\n<td class=\"product--properties-label is--bold\" style=\"text-align: left;\">Poids:<\/td>\n<td class=\"product--properties-value\" style=\"text-align: left;\">518 g<\/td>\n<\/tr>\n<tr class=\"product--properties-row\">\n<td class=\"product--properties-label is--bold\">Temp\u00e9rature de fonctionnement :<\/td>\n<td class=\"product--properties-value\">-10\u00b0C \u2013 40\u00b0C<\/td>\n<\/tr>\n<tr class=\"product--properties-row\">\n<td class=\"product--properties-label is--bold\">CARDAN :<\/td>\n<td class=\"product--properties-value\">\u2014\u2014\u2014\u2014\u2014<\/td>\n<\/tr>\n<tr class=\"product--properties-row\">\n<td class=\"product--properties-label is--bold\">Plage de vibrations angulaires :<\/td>\n<td class=\"product--properties-value\">\u00b10,02\u00b0<\/td>\n<\/tr>\n<tr class=\"product--properties-row\">\n<td class=\"product--properties-label is--bold\">Monter:<\/td>\n<td class=\"product--properties-value\">D\u00e9tachable<\/td>\n<\/tr>\n<tr class=\"product--properties-row\">\n<td class=\"product--properties-label is--bold\">Vitesse angulaire max. :<\/td>\n<td class=\"product--properties-value\">Inclinaison : 50\u00b0\/s, panoramique : 50\u00b0\/s<\/td>\n<\/tr>\n<tr class=\"product--properties-row\">\n<td class=\"product--properties-label is--bold\">Plage contr\u00f4lable :<\/td>\n<td class=\"product--properties-value\">Inclinaison\u00a0: +30\u00b0 \u00e0 -120\u00b0, panoramique\u00a0: \u00b1165\u00b0<\/td>\n<\/tr>\n<tr class=\"product--properties-row\">\n<td class=\"product--properties-label is--bold\">CAM\u00c9RA:<\/td>\n<td class=\"product--properties-value\">\u2014\u2014\u2014\u2014\u2014<\/td>\n<\/tr>\n<tr class=\"product--properties-row\">\n<td class=\"product--properties-label is--bold\">Capteur:<\/td>\n<td class=\"product--properties-value\">1\/2,8\u2033 CMOS Pixels effectifs : 2,13 MP<\/td>\n<\/tr>\n<tr class=\"product--properties-row\">\n<td class=\"product--properties-label is--bold\">Objectif de l&#039;appareil photo :<\/td>\n<td class=\"product--properties-value\">Champ de vision : 63,7\u00b0 (grand angle) - 2,3\u00b0 (t\u00e9l\u00e9objectif) \/ F : F1,6 (grand angle) - F4,7 (t\u00e9l\u00e9objectif) \/ Zoom optique 30X Zoom num\u00e9rique 6X<\/td>\n<\/tr>\n<tr class=\"product--properties-row\">\n<td class=\"product--properties-label is--bold\">R\u00e9solution photo :<\/td>\n<td class=\"product--properties-value\">16:9, 1920\u00d71080<\/td>\n<\/tr>\n<tr class=\"product--properties-row\">\n<td class=\"product--properties-label is--bold\">R\u00e9solution vid\u00e9o:<\/td>\n<td class=\"product--properties-value\">H.264 1080P 1920X1080 (60 ips, 50 ips, 30 ips, 25 ips)<\/td>\n<\/tr>\n<tr class=\"product--properties-row\">\n<td class=\"product--properties-label is--bold\">Format photo :<\/td>\n<td class=\"product--properties-value\">JPG<\/td>\n<\/tr>\n<tr class=\"product--properties-row\">\n<td class=\"product--properties-label is--bold\">Format vid\u00e9o :<\/td>\n<td class=\"product--properties-value\">MP4<\/td>\n<\/tr>\n<tr class=\"product--properties-row\">\n<td class=\"product--properties-label is--bold\">Modes photo\u00a0:<\/td>\n<td class=\"product--properties-value\">C\u00e9libataire, Time Lapse<\/td>\n<\/tr>\n<tr class=\"product--properties-row\">\n<td class=\"product--properties-label is--bold\">Modes d&#039;exposition :<\/td>\n<td class=\"product--properties-value\">Auto, Priorit\u00e9 \u00e0 l&#039;obturateur, Priorit\u00e9 \u00e0 l&#039;ouverture, Manuel<\/td>\n<\/tr>\n<tr class=\"product--properties-row\">\n<td class=\"product--properties-label is--bold\">Compensation d&#039;exposition :<\/td>\n<td class=\"product--properties-value\">\u00b13,0<\/td>\n<\/tr>\n<tr class=\"product--properties-row\">\n<td class=\"product--properties-label is--bold\">Mode de mesure :<\/td>\n<td class=\"product--properties-value\">Mesure spot, mesure moyenne<\/td>\n<\/tr>\n<tr class=\"product--properties-row\">\n<td class=\"product--properties-label is--bold\">Obturateur \u00e9lectronique :<\/td>\n<td class=\"product--properties-value\">1\/1\u20141\/10000S<\/td>\n<\/tr>\n<tr class=\"product--properties-row\">\n<td class=\"product--properties-label is--bold\">Balance des blancs :<\/td>\n<td class=\"product--properties-value\">Automatique, manuel (1\u00a0000-20\u00a0000\u00a0K)<\/td>\n<\/tr>\n<tr class=\"product--properties-row\">\n<td class=\"product--properties-label is--bold\" style=\"text-align: left;\">Plage ISO :<\/td>\n<td class=\"product--properties-value\" style=\"text-align: left;\">100 \u2013 6400<\/td>\n<\/tr>\n<\/tbody>\n<\/table>\n<\/div>","protected":false},"excerpt":{"rendered":"<p><strong>D\u00c9TAILS ILLIMIT\u00c9S \u2013 ZOOM 30X<br \/>\n<\/strong><\/p>\n<p>La cam\u00e9ra E30ZX pour drone Yuneec H520E et H850 Hexacopter est une puissante cam\u00e9ra avec zoom 30x qui permet de zoomer facilement sur des objets \u00e9loign\u00e9s pour obtenir des d\u00e9tails pr\u00e9cieux. Son bo\u00eetier compact int\u00e8gre un capteur CMOS 1\/2,8\u2033, garantissant des enregistrements de haute qualit\u00e9 et stabilis\u00e9s, m\u00eame en basse lumi\u00e8re. Outre son zoom optique 30x, la cam\u00e9ra offre un zoom num\u00e9rique 6x pour des applications polyvalentes telles que l&#039;inspection, les op\u00e9rations de recherche et sauvetage, la surveillance, la recherche de personnes, et bien plus encore.<\/p>\n<p>&nbsp;<\/p>","protected":false},"featured_media":7787,"comment_status":"open","ping_status":"closed","template":"","meta":[],"product_brand":[],"product_cat":[120,118],"product_tag":[62,393,131,389,121],"class_list":{"0":"post-2054","1":"product","2":"type-product","3":"status-publish","4":"has-post-thumbnail","6":"product_cat-yuneec-cameras","7":"product_cat-yuneec","8":"product_tag-camera","9":"product_tag-e30zx","10":"product_tag-h520","11":"product_tag-h850","12":"product_tag-yuneec","14":"first","15":"outofstock","16":"taxable","17":"shipping-taxable","18":"product-type-simple"},"yoast_head":"<!-- This site is optimized with the Yoast SEO plugin v27.1.1 - https:\/\/yoast.com\/product\/yoast-seo-wordpress\/ -->\n<title>E30ZX Camera for H520E &amp; H850 -<\/title>\n<meta name=\"description\" content=\"The E30ZX for the Yuneec H520E &amp; H850 Hexacopter is a powerful 30x zoom drone camera and makes it easy to zoom in on distant objects to gain valuable details.\" \/>\n<meta name=\"robots\" content=\"index, follow, max-snippet:-1, max-image-preview:large, max-video-preview:-1\" \/>\n<link rel=\"canonical\" href=\"https:\/\/www.ghostysky.com\/fr\/product\/yuneec-e30z-for-h520e\/\" \/>\n<meta property=\"og:locale\" content=\"fr_FR\" \/>\n<meta property=\"og:type\" content=\"article\" \/>\n<meta property=\"og:title\" content=\"E30ZX Camera for H520E &amp; H850 -\" \/>\n<meta property=\"og:description\" content=\"The E30ZX for the Yuneec H520E &amp; H850 Hexacopter is a powerful 30x zoom drone camera and makes it easy to zoom in on distant objects to gain valuable details.\" \/>\n<meta property=\"og:url\" content=\"https:\/\/www.ghostysky.com\/fr\/product\/yuneec-e30z-for-h520e\/\" \/>\n<meta property=\"og:site_name\" content=\"Ghostysky\" \/>\n<meta property=\"article:publisher\" content=\"https:\/\/www.facebook.com\/people\/Ghostysky\/100057676170234\/\" \/>\n<meta property=\"article:modified_time\" content=\"2024-07-11T20:30:01+00:00\" \/>\n<meta property=\"og:image\" content=\"https:\/\/www.ghostysky.com\/wp-content\/uploads\/2021\/03\/E30Zx.jpg\" \/>\n\t<meta property=\"og:image:width\" content=\"600\" \/>\n\t<meta property=\"og:image:height\" content=\"600\" \/>\n\t<meta property=\"og:image:type\" content=\"image\/jpeg\" \/>\n<meta name=\"twitter:card\" content=\"summary_large_image\" \/>\n<meta name=\"twitter:site\" content=\"@Gh0stysky\" \/>\n<meta name=\"twitter:label1\" content=\"Dur\u00e9e de lecture estim\u00e9e\" \/>\n\t<meta name=\"twitter:data1\" content=\"2 minutes\" \/>\n<script type=\"application\/ld+json\" class=\"yoast-schema-graph\">{\"@context\":\"https:\/\/schema.org\",\"@graph\":[{\"@type\":\"WebPage\",\"@id\":\"https:\/\/www.ghostysky.com\/product\/yuneec-e30z-for-h520e\/\",\"url\":\"https:\/\/www.ghostysky.com\/product\/yuneec-e30z-for-h520e\/\",\"name\":\"E30ZX Camera for H520E & H850 -\",\"isPartOf\":{\"@id\":\"https:\/\/www.ghostysky.com\/#website\"},\"primaryImageOfPage\":{\"@id\":\"https:\/\/www.ghostysky.com\/product\/yuneec-e30z-for-h520e\/#primaryimage\"},\"image\":{\"@id\":\"https:\/\/www.ghostysky.com\/product\/yuneec-e30z-for-h520e\/#primaryimage\"},\"thumbnailUrl\":\"https:\/\/www.ghostysky.com\/wp-content\/uploads\/2021\/03\/E30Zx.jpg\",\"datePublished\":\"2021-03-04T17:23:46+00:00\",\"dateModified\":\"2024-07-11T20:30:01+00:00\",\"description\":\"The E30ZX for the Yuneec H520E & H850 Hexacopter is a powerful 30x zoom drone camera and makes it easy to zoom in on distant objects to gain valuable details.\",\"breadcrumb\":{\"@id\":\"https:\/\/www.ghostysky.com\/product\/yuneec-e30z-for-h520e\/#breadcrumb\"},\"inLanguage\":\"fr-FR\",\"potentialAction\":[{\"@type\":\"ReadAction\",\"target\":[\"https:\/\/www.ghostysky.com\/product\/yuneec-e30z-for-h520e\/\"]}]},{\"@type\":\"ImageObject\",\"inLanguage\":\"fr-FR\",\"@id\":\"https:\/\/www.ghostysky.com\/product\/yuneec-e30z-for-h520e\/#primaryimage\",\"url\":\"https:\/\/www.ghostysky.com\/wp-content\/uploads\/2021\/03\/E30Zx.jpg\",\"contentUrl\":\"https:\/\/www.ghostysky.com\/wp-content\/uploads\/2021\/03\/E30Zx.jpg\",\"width\":600,\"height\":600},{\"@type\":\"BreadcrumbList\",\"@id\":\"https:\/\/www.ghostysky.com\/product\/yuneec-e30z-for-h520e\/#breadcrumb\",\"itemListElement\":[{\"@type\":\"ListItem\",\"position\":1,\"name\":\"Home\",\"item\":\"https:\/\/www.ghostysky.com\/\"},{\"@type\":\"ListItem\",\"position\":2,\"name\":\"Shop\",\"item\":\"https:\/\/www.ghostysky.com\/shop\/\"},{\"@type\":\"ListItem\",\"position\":3,\"name\":\"E30ZX Camera for H520E &#038; H850\"}]},{\"@type\":\"WebSite\",\"@id\":\"https:\/\/www.ghostysky.com\/#website\",\"url\":\"https:\/\/www.ghostysky.com\/\",\"name\":\"Ghostysky\",\"description\":\"Delivering professional drones and services\",\"publisher\":{\"@id\":\"https:\/\/www.ghostysky.com\/#organization\"},\"potentialAction\":[{\"@type\":\"SearchAction\",\"target\":{\"@type\":\"EntryPoint\",\"urlTemplate\":\"https:\/\/www.ghostysky.com\/?s={search_term_string}\"},\"query-input\":{\"@type\":\"PropertyValueSpecification\",\"valueRequired\":true,\"valueName\":\"search_term_string\"}}],\"inLanguage\":\"fr-FR\"},{\"@type\":\"Organization\",\"@id\":\"https:\/\/www.ghostysky.com\/#organization\",\"name\":\"Ghostysky\",\"url\":\"https:\/\/www.ghostysky.com\/\",\"logo\":{\"@type\":\"ImageObject\",\"inLanguage\":\"fr-FR\",\"@id\":\"https:\/\/www.ghostysky.com\/#\/schema\/logo\/image\/\",\"url\":\"https:\/\/www.ghostysky.com\/wp-content\/uploads\/2020\/06\/cropped-ghostyskylogo_text_white2.png\",\"contentUrl\":\"https:\/\/www.ghostysky.com\/wp-content\/uploads\/2020\/06\/cropped-ghostyskylogo_text_white2.png\",\"width\":169,\"height\":56,\"caption\":\"Ghostysky\"},\"image\":{\"@id\":\"https:\/\/www.ghostysky.com\/#\/schema\/logo\/image\/\"},\"sameAs\":[\"https:\/\/www.facebook.com\/people\/Ghostysky\/100057676170234\/\",\"https:\/\/x.com\/Gh0stysky\",\"https:\/\/www.linkedin.com\/company\/34739653\",\"https:\/\/www.instagram.com\/gh0stysky\"]}]}<\/script>\n<!-- \/ Yoast SEO plugin. -->","yoast_head_json":{"title":"Cam\u00e9ra E30ZX pour H520E et H850 -","description":"La cam\u00e9ra drone E30ZX pour Yuneec H520E &amp; H850 Hexacopter est une puissante cam\u00e9ra zoom 30x et permet de zoomer facilement sur des objets \u00e9loign\u00e9s pour obtenir des d\u00e9tails pr\u00e9cieux.","robots":{"index":"index","follow":"follow","max-snippet":"max-snippet:-1","max-image-preview":"max-image-preview:large","max-video-preview":"max-video-preview:-1"},"canonical":"https:\/\/www.ghostysky.com\/fr\/product\/yuneec-e30z-for-h520e\/","og_locale":"fr_FR","og_type":"article","og_title":"E30ZX Camera for H520E & H850 -","og_description":"The E30ZX for the Yuneec H520E & H850 Hexacopter is a powerful 30x zoom drone camera and makes it easy to zoom in on distant objects to gain valuable details.","og_url":"https:\/\/www.ghostysky.com\/fr\/product\/yuneec-e30z-for-h520e\/","og_site_name":"Ghostysky","article_publisher":"https:\/\/www.facebook.com\/people\/Ghostysky\/100057676170234\/","article_modified_time":"2024-07-11T20:30:01+00:00","og_image":[{"width":600,"height":600,"url":"https:\/\/www.ghostysky.com\/wp-content\/uploads\/2021\/03\/E30Zx.jpg","type":"image\/jpeg"}],"twitter_card":"summary_large_image","twitter_site":"@Gh0stysky","twitter_misc":{"Dur\u00e9e de lecture estim\u00e9e":"2 minutes"},"schema":{"@context":"https:\/\/schema.org","@graph":[{"@type":"WebPage","@id":"https:\/\/www.ghostysky.com\/product\/yuneec-e30z-for-h520e\/","url":"https:\/\/www.ghostysky.com\/product\/yuneec-e30z-for-h520e\/","name":"Cam\u00e9ra E30ZX pour H520E et H850 -","isPartOf":{"@id":"https:\/\/www.ghostysky.com\/#website"},"primaryImageOfPage":{"@id":"https:\/\/www.ghostysky.com\/product\/yuneec-e30z-for-h520e\/#primaryimage"},"image":{"@id":"https:\/\/www.ghostysky.com\/product\/yuneec-e30z-for-h520e\/#primaryimage"},"thumbnailUrl":"https:\/\/www.ghostysky.com\/wp-content\/uploads\/2021\/03\/E30Zx.jpg","datePublished":"2021-03-04T17:23:46+00:00","dateModified":"2024-07-11T20:30:01+00:00","description":"La cam\u00e9ra drone E30ZX pour Yuneec H520E &amp; H850 Hexacopter est une puissante cam\u00e9ra zoom 30x et permet de zoomer facilement sur des objets \u00e9loign\u00e9s pour obtenir des d\u00e9tails pr\u00e9cieux.","breadcrumb":{"@id":"https:\/\/www.ghostysky.com\/product\/yuneec-e30z-for-h520e\/#breadcrumb"},"inLanguage":"fr-FR","potentialAction":[{"@type":"ReadAction","target":["https:\/\/www.ghostysky.com\/product\/yuneec-e30z-for-h520e\/"]}]},{"@type":"ImageObject","inLanguage":"fr-FR","@id":"https:\/\/www.ghostysky.com\/product\/yuneec-e30z-for-h520e\/#primaryimage","url":"https:\/\/www.ghostysky.com\/wp-content\/uploads\/2021\/03\/E30Zx.jpg","contentUrl":"https:\/\/www.ghostysky.com\/wp-content\/uploads\/2021\/03\/E30Zx.jpg","width":600,"height":600},{"@type":"BreadcrumbList","@id":"https:\/\/www.ghostysky.com\/product\/yuneec-e30z-for-h520e\/#breadcrumb","itemListElement":[{"@type":"ListItem","position":1,"name":"Home","item":"https:\/\/www.ghostysky.com\/"},{"@type":"ListItem","position":2,"name":"Shop","item":"https:\/\/www.ghostysky.com\/shop\/"},{"@type":"ListItem","position":3,"name":"E30ZX Camera for H520E &#038; H850"}]},{"@type":"WebSite","@id":"https:\/\/www.ghostysky.com\/#website","url":"https:\/\/www.ghostysky.com\/","name":"Ghostysky","description":"Livraison de drones et de services professionnels","publisher":{"@id":"https:\/\/www.ghostysky.com\/#organization"},"potentialAction":[{"@type":"SearchAction","target":{"@type":"EntryPoint","urlTemplate":"https:\/\/www.ghostysky.com\/?s={search_term_string}"},"query-input":{"@type":"PropertyValueSpecification","valueRequired":true,"valueName":"search_term_string"}}],"inLanguage":"fr-FR"},{"@type":"Organization","@id":"https:\/\/www.ghostysky.com\/#organization","name":"Ghostysky","url":"https:\/\/www.ghostysky.com\/","logo":{"@type":"ImageObject","inLanguage":"fr-FR","@id":"https:\/\/www.ghostysky.com\/#\/schema\/logo\/image\/","url":"https:\/\/www.ghostysky.com\/wp-content\/uploads\/2020\/06\/cropped-ghostyskylogo_text_white2.png","contentUrl":"https:\/\/www.ghostysky.com\/wp-content\/uploads\/2020\/06\/cropped-ghostyskylogo_text_white2.png","width":169,"height":56,"caption":"Ghostysky"},"image":{"@id":"https:\/\/www.ghostysky.com\/#\/schema\/logo\/image\/"},"sameAs":["https:\/\/www.facebook.com\/people\/Ghostysky\/100057676170234\/","https:\/\/x.com\/Gh0stysky","https:\/\/www.linkedin.com\/company\/34739653","https:\/\/www.instagram.com\/gh0stysky"]}]}},"_links":{"self":[{"href":"https:\/\/www.ghostysky.com\/fr\/wp-json\/wp\/v2\/product\/2054","targetHints":{"allow":["GET"]}}],"collection":[{"href":"https:\/\/www.ghostysky.com\/fr\/wp-json\/wp\/v2\/product"}],"about":[{"href":"https:\/\/www.ghostysky.com\/fr\/wp-json\/wp\/v2\/types\/product"}],"replies":[{"embeddable":true,"href":"https:\/\/www.ghostysky.com\/fr\/wp-json\/wp\/v2\/comments?post=2054"}],"wp:featuredmedia":[{"embeddable":true,"href":"https:\/\/www.ghostysky.com\/fr\/wp-json\/wp\/v2\/media\/7787"}],"wp:attachment":[{"href":"https:\/\/www.ghostysky.com\/fr\/wp-json\/wp\/v2\/media?parent=2054"}],"wp:term":[{"taxonomy":"product_brand","embeddable":true,"href":"https:\/\/www.ghostysky.com\/fr\/wp-json\/wp\/v2\/product_brand?post=2054"},{"taxonomy":"product_cat","embeddable":true,"href":"https:\/\/www.ghostysky.com\/fr\/wp-json\/wp\/v2\/product_cat?post=2054"},{"taxonomy":"product_tag","embeddable":true,"href":"https:\/\/www.ghostysky.com\/fr\/wp-json\/wp\/v2\/product_tag?post=2054"}],"curies":[{"name":"wp","href":"https:\/\/api.w.org\/{rel}","templated":true}]}}