{"id":2058,"date":"2021-03-04T17:33:04","date_gmt":"2021-03-04T17:33:04","guid":{"rendered":"https:\/\/www.ghostysky.com\/?post_type=product&#038;p=2058"},"modified":"2024-12-17T04:28:25","modified_gmt":"2024-12-17T04:28:25","slug":"yuneec-e90x-camera-for-h520e","status":"publish","type":"product","link":"https:\/\/www.ghostysky.com\/fr\/product\/yuneec-e90x-camera-for-h520e\/","title":{"rendered":"Cam\u00e9ra E90X pour H520E et H850-RTK"},"content":{"rendered":"<div class=\"product--description\">\n<p><strong>TOUT EN UN COUP D&#039;\u0152IL<\/strong><\/p>\n<ul>\n<li>R\u00e9solution 20 m\u00e9gapixels \/ 4K \u00e0 60 images par seconde<\/li>\n<li>Capteur CMOS 1&quot;<\/li>\n<li>Zoom num\u00e9rique jusqu&#039;\u00e0 8x<\/li>\n<li>Objectif 23 mm \u00e0 faible distorsion<\/li>\n<li>Connecteur X 30 broches<\/li>\n<li>Rotation du cardan \u00e0 320\u00b0 pour une stabilisation parfaite de l&#039;image<\/li>\n<li>Id\u00e9al pour les applications cin\u00e9matographiques professionnelles, la cartographie\/mod\u00e9lisation 3D et la recherche et le sauvetage<\/li>\n<li>Compatible avec H520E\/H520E-RTK et H850<\/li>\n<\/ul>\n<p style=\"text-align: left;\"><strong>Sp\u00e9cifications techniques:<\/strong><\/p>\n<\/div>\n<div class=\"product--properties panel has--border\">\n<table class=\"product--properties-table\">\n<tbody>\n<tr class=\"product--properties-row\">\n<td class=\"product--properties-label is--bold\">Poids:<\/td>\n<td class=\"product--properties-value\">300g<\/td>\n<\/tr>\n<tr class=\"product--properties-row\">\n<td class=\"product--properties-label is--bold\">Temp\u00e9rature de fonctionnement :<\/td>\n<td class=\"product--properties-value\">-10\u00b0C \u2013 40\u00b0C<\/td>\n<\/tr>\n<tr class=\"product--properties-row\">\n<td class=\"product--properties-label is--bold\">CARDAN :<\/td>\n<td class=\"product--properties-value\">\u2014\u2014\u2014\u2014\u2014<\/td>\n<\/tr>\n<tr class=\"product--properties-row\">\n<td class=\"product--properties-label is--bold\">Plage de vibrations angulaires :<\/td>\n<td class=\"product--properties-value\">\u00b10,02\u00b0<\/td>\n<\/tr>\n<tr class=\"product--properties-row\">\n<td class=\"product--properties-label is--bold\">Monter:<\/td>\n<td class=\"product--properties-value\">D\u00e9tachable<\/td>\n<\/tr>\n<tr class=\"product--properties-row\">\n<td class=\"product--properties-label is--bold\">Vitesse angulaire max. :<\/td>\n<td class=\"product--properties-value\">Inclinaison : 30\u00b0\/s, Panoramique : 120\u00b0\/s<\/td>\n<\/tr>\n<tr class=\"product--properties-row\">\n<td class=\"product--properties-label is--bold\">Plage contr\u00f4lable :<\/td>\n<td class=\"product--properties-value\">Inclinaison\u00a0: +30\u00b0 \u00e0 -120\u00b0, panoramique\u00a0: \u00b1165\u00b0<\/td>\n<\/tr>\n<tr class=\"product--properties-row\">\n<td class=\"product--properties-label is--bold\">CAM\u00c9RA:<\/td>\n<td class=\"product--properties-value\">\u2014\u2014\u2014\u2014\u2014<\/td>\n<\/tr>\n<tr class=\"product--properties-row\">\n<td class=\"product--properties-label is--bold\">Capteur:<\/td>\n<td class=\"product--properties-value\">CMOS 1\u2033 Pixels effectifs\u00a0: 20\u00a0MP<\/td>\n<\/tr>\n<tr class=\"product--properties-row\">\n<td class=\"product--properties-label is--bold\">Objectif de l&#039;appareil photo :<\/td>\n<td class=\"product--properties-value\">Champ de vision 91\u00b0 F\/2,8, \u00e9quivalent au format 23 mm<\/td>\n<\/tr>\n<tr class=\"product--properties-row\">\n<td class=\"product--properties-label is--bold\">R\u00e9solution photo :<\/td>\n<td class=\"product--properties-value\">3:2 (5472 x 3648) ; 4:3 (4864 x 3648) ; 16:9 (5472 x 3080)<\/td>\n<\/tr>\n<tr class=\"product--properties-row\">\n<td class=\"product--properties-label is--bold\">R\u00e9solution vid\u00e9o:<\/td>\n<td class=\"product--properties-value\">H.264 4096 \u00d7 2160 (24\/25\/30\/48\/50\/60p) 3840 \u00d7 2160 (24\/25\/30\/48\/50\/60p) 2720 \u00d7 1530 (24\/25\/30\/48\/50\/60p) 1920 \u00d7 1080 (24\/25\/30\/48\/50\/60\/120p) 1280 \u00d7 720 (24\/25\/30\/48\/50\/60\/120p)<\/td>\n<\/tr>\n<tr class=\"product--properties-row\">\n<td class=\"product--properties-label is--bold\">Format photo :<\/td>\n<td class=\"product--properties-value\">JPG, JPEG+DNG<\/td>\n<\/tr>\n<tr class=\"product--properties-row\">\n<td class=\"product--properties-label is--bold\">Format vid\u00e9o :<\/td>\n<td class=\"product--properties-value\">MP4<\/td>\n<\/tr>\n<tr class=\"product--properties-row\">\n<td class=\"product--properties-label is--bold\">Modes photo\u00a0:<\/td>\n<td class=\"product--properties-value\">C\u00e9libataire, Time Lapse<\/td>\n<\/tr>\n<tr class=\"product--properties-row\">\n<td class=\"product--properties-label is--bold\">Modes d&#039;exposition :<\/td>\n<td class=\"product--properties-value\">Exposition automatique, exposition manuelle<\/td>\n<\/tr>\n<tr class=\"product--properties-row\">\n<td class=\"product--properties-label is--bold\">Compensation d&#039;exposition :<\/td>\n<td class=\"product--properties-value\">\u00b13,0<\/td>\n<\/tr>\n<tr class=\"product--properties-row\">\n<td class=\"product--properties-label is--bold\">Mode de mesure :<\/td>\n<td class=\"product--properties-value\">Mesure spot, mesure centrale, mesure moyenne<\/td>\n<\/tr>\n<tr class=\"product--properties-row\">\n<td class=\"product--properties-label is--bold\">Obturateur \u00e9lectronique :<\/td>\n<td class=\"product--properties-value\">4\u20131\/8000s<\/td>\n<\/tr>\n<tr class=\"product--properties-row\">\n<td class=\"product--properties-label is--bold\">Balance des blancs :<\/td>\n<td class=\"product--properties-value\">Auto, Incandescent, Lever de soleil, Coucher de soleil, Ensoleill\u00e9, Nuageux, Fluorescent, Verrouill\u00e9<\/td>\n<\/tr>\n<tr class=\"product--properties-row\">\n<td class=\"product--properties-label is--bold\" style=\"text-align: left;\">Plage ISO :<\/td>\n<td class=\"product--properties-value\" style=\"text-align: left;\">100 \u2013 6400<\/td>\n<\/tr>\n<\/tbody>\n<\/table>\n<\/div>","protected":false},"excerpt":{"rendered":"<p>La cam\u00e9ra E90x pour H520E\/H520E-RTK et H850-RTK est un syst\u00e8me d&#039;imagerie grand angle, haute r\u00e9solution et stabilis\u00e9 par cardan, parfaitement adapt\u00e9 aux applications exigeant des photos et des vid\u00e9os de haute qualit\u00e9. L&#039;E90x utilise un capteur 20 MP de 1 pouce et une puce de traitement d&#039;image haute vitesse. Le zoom num\u00e9rique permet d&#039;effectuer des zooms avant et arri\u00e8re d&#039;un simple geste du doigt. Le facteur de zoom peut atteindre 8x, tandis que la ST16E offre une image sans perte jusqu&#039;\u00e0 4x.<\/p>\n<p>&nbsp;<\/p>","protected":false},"featured_media":2060,"comment_status":"open","ping_status":"closed","template":"","meta":[],"product_brand":[],"product_cat":[120,29,118],"product_tag":[62,139,122,389,121],"class_list":{"0":"post-2058","1":"product","2":"type-product","3":"status-publish","4":"has-post-thumbnail","6":"product_cat-yuneec-cameras","7":"product_cat-drones","8":"product_cat-yuneec","9":"product_tag-camera","10":"product_tag-e90x","11":"product_tag-h520e","12":"product_tag-h850","13":"product_tag-yuneec","15":"first","16":"onbackorder","17":"taxable","18":"shipping-taxable","19":"purchasable","20":"product-type-simple"},"yoast_head":"<!-- This site is optimized with the Yoast SEO plugin v27.4 - https:\/\/yoast.com\/product\/yoast-seo-wordpress\/ -->\n<title>E90X Camera for H520E &amp; H850-RTK -<\/title>\n<meta name=\"description\" content=\"The E90x camera for the H520E\/H520E-RTK &amp; H850-RTK is a wide-angle, high resolution, gimbal stabilized imaging system perfectly suited for use in\u00a0applications that require high quality photo and video.\" \/>\n<meta name=\"robots\" content=\"index, follow, max-snippet:-1, max-image-preview:large, max-video-preview:-1\" \/>\n<link rel=\"canonical\" href=\"https:\/\/www.ghostysky.com\/fr\/product\/yuneec-e90x-camera-for-h520e\/\" \/>\n<meta property=\"og:locale\" content=\"fr_FR\" \/>\n<meta property=\"og:type\" content=\"article\" \/>\n<meta property=\"og:title\" content=\"E90X Camera for H520E &amp; H850-RTK -\" \/>\n<meta property=\"og:description\" content=\"The E90x camera for the H520E\/H520E-RTK &amp; H850-RTK is a wide-angle, high resolution, gimbal stabilized imaging system perfectly suited for use in\u00a0applications that require high quality photo and video.\" \/>\n<meta property=\"og:url\" content=\"https:\/\/www.ghostysky.com\/fr\/product\/yuneec-e90x-camera-for-h520e\/\" \/>\n<meta property=\"og:site_name\" content=\"Ghostysky\" \/>\n<meta property=\"article:publisher\" content=\"https:\/\/www.facebook.com\/people\/Ghostysky\/100057676170234\/\" \/>\n<meta property=\"article:modified_time\" content=\"2024-12-17T04:28:25+00:00\" \/>\n<meta property=\"og:image\" content=\"https:\/\/www.ghostysky.com\/wp-content\/uploads\/2021\/03\/e90X2.png\" \/>\n\t<meta property=\"og:image:width\" content=\"642\" \/>\n\t<meta property=\"og:image:height\" content=\"715\" \/>\n\t<meta property=\"og:image:type\" content=\"image\/png\" \/>\n<meta name=\"twitter:card\" content=\"summary_large_image\" \/>\n<meta name=\"twitter:site\" content=\"@Gh0stysky\" \/>\n<meta name=\"twitter:label1\" content=\"Dur\u00e9e de lecture estim\u00e9e\" \/>\n\t<meta name=\"twitter:data1\" content=\"1 minute\" \/>\n<script type=\"application\/ld+json\" class=\"yoast-schema-graph\">{\"@context\":\"https:\\\/\\\/schema.org\",\"@graph\":[{\"@type\":\"WebPage\",\"@id\":\"https:\\\/\\\/www.ghostysky.com\\\/product\\\/yuneec-e90x-camera-for-h520e\\\/\",\"url\":\"https:\\\/\\\/www.ghostysky.com\\\/product\\\/yuneec-e90x-camera-for-h520e\\\/\",\"name\":\"E90X Camera for H520E & H850-RTK -\",\"isPartOf\":{\"@id\":\"https:\\\/\\\/www.ghostysky.com\\\/#website\"},\"primaryImageOfPage\":{\"@id\":\"https:\\\/\\\/www.ghostysky.com\\\/product\\\/yuneec-e90x-camera-for-h520e\\\/#primaryimage\"},\"image\":{\"@id\":\"https:\\\/\\\/www.ghostysky.com\\\/product\\\/yuneec-e90x-camera-for-h520e\\\/#primaryimage\"},\"thumbnailUrl\":\"https:\\\/\\\/www.ghostysky.com\\\/wp-content\\\/uploads\\\/2021\\\/03\\\/e90X2.png\",\"datePublished\":\"2021-03-04T17:33:04+00:00\",\"dateModified\":\"2024-12-17T04:28:25+00:00\",\"description\":\"The E90x camera for the H520E\\\/H520E-RTK & H850-RTK is a wide-angle, high resolution, gimbal stabilized imaging system perfectly suited for use in\u00a0applications that require high quality photo and video.\",\"breadcrumb\":{\"@id\":\"https:\\\/\\\/www.ghostysky.com\\\/product\\\/yuneec-e90x-camera-for-h520e\\\/#breadcrumb\"},\"inLanguage\":\"fr-FR\",\"potentialAction\":[{\"@type\":\"ReadAction\",\"target\":[\"https:\\\/\\\/www.ghostysky.com\\\/product\\\/yuneec-e90x-camera-for-h520e\\\/\"]}]},{\"@type\":\"ImageObject\",\"inLanguage\":\"fr-FR\",\"@id\":\"https:\\\/\\\/www.ghostysky.com\\\/product\\\/yuneec-e90x-camera-for-h520e\\\/#primaryimage\",\"url\":\"https:\\\/\\\/www.ghostysky.com\\\/wp-content\\\/uploads\\\/2021\\\/03\\\/e90X2.png\",\"contentUrl\":\"https:\\\/\\\/www.ghostysky.com\\\/wp-content\\\/uploads\\\/2021\\\/03\\\/e90X2.png\",\"width\":642,\"height\":715},{\"@type\":\"BreadcrumbList\",\"@id\":\"https:\\\/\\\/www.ghostysky.com\\\/product\\\/yuneec-e90x-camera-for-h520e\\\/#breadcrumb\",\"itemListElement\":[{\"@type\":\"ListItem\",\"position\":1,\"name\":\"Home\",\"item\":\"https:\\\/\\\/www.ghostysky.com\\\/\"},{\"@type\":\"ListItem\",\"position\":2,\"name\":\"Shop\",\"item\":\"https:\\\/\\\/www.ghostysky.com\\\/shop\\\/\"},{\"@type\":\"ListItem\",\"position\":3,\"name\":\"E90X Camera for H520E &#038; H850-RTK\"}]},{\"@type\":\"WebSite\",\"@id\":\"https:\\\/\\\/www.ghostysky.com\\\/#website\",\"url\":\"https:\\\/\\\/www.ghostysky.com\\\/\",\"name\":\"Ghostysky\",\"description\":\"Delivering professional drones and services\",\"publisher\":{\"@id\":\"https:\\\/\\\/www.ghostysky.com\\\/#organization\"},\"potentialAction\":[{\"@type\":\"SearchAction\",\"target\":{\"@type\":\"EntryPoint\",\"urlTemplate\":\"https:\\\/\\\/www.ghostysky.com\\\/?s={search_term_string}\"},\"query-input\":{\"@type\":\"PropertyValueSpecification\",\"valueRequired\":true,\"valueName\":\"search_term_string\"}}],\"inLanguage\":\"fr-FR\"},{\"@type\":\"Organization\",\"@id\":\"https:\\\/\\\/www.ghostysky.com\\\/#organization\",\"name\":\"Ghostysky\",\"url\":\"https:\\\/\\\/www.ghostysky.com\\\/\",\"logo\":{\"@type\":\"ImageObject\",\"inLanguage\":\"fr-FR\",\"@id\":\"https:\\\/\\\/www.ghostysky.com\\\/#\\\/schema\\\/logo\\\/image\\\/\",\"url\":\"https:\\\/\\\/www.ghostysky.com\\\/wp-content\\\/uploads\\\/2020\\\/06\\\/cropped-ghostyskylogo_text_white2.png\",\"contentUrl\":\"https:\\\/\\\/www.ghostysky.com\\\/wp-content\\\/uploads\\\/2020\\\/06\\\/cropped-ghostyskylogo_text_white2.png\",\"width\":169,\"height\":56,\"caption\":\"Ghostysky\"},\"image\":{\"@id\":\"https:\\\/\\\/www.ghostysky.com\\\/#\\\/schema\\\/logo\\\/image\\\/\"},\"sameAs\":[\"https:\\\/\\\/www.facebook.com\\\/people\\\/Ghostysky\\\/100057676170234\\\/\",\"https:\\\/\\\/x.com\\\/Gh0stysky\",\"https:\\\/\\\/www.linkedin.com\\\/company\\\/34739653\",\"https:\\\/\\\/www.instagram.com\\\/gh0stysky\"]}]}<\/script>\n<!-- \/ Yoast SEO plugin. -->","yoast_head_json":{"title":"Cam\u00e9ra E90X pour H520E et H850-RTK -","description":"La cam\u00e9ra E90x pour H520E\/H520E-RTK et H850-RTK est un syst\u00e8me d&#039;imagerie stabilis\u00e9 par cardan grand angle et haute r\u00e9solution, parfaitement adapt\u00e9 \u00e0 une utilisation dans des applications n\u00e9cessitant des photos et des vid\u00e9os de haute qualit\u00e9.","robots":{"index":"index","follow":"follow","max-snippet":"max-snippet:-1","max-image-preview":"max-image-preview:large","max-video-preview":"max-video-preview:-1"},"canonical":"https:\/\/www.ghostysky.com\/fr\/product\/yuneec-e90x-camera-for-h520e\/","og_locale":"fr_FR","og_type":"article","og_title":"E90X Camera for H520E & H850-RTK -","og_description":"The E90x camera for the H520E\/H520E-RTK & H850-RTK is a wide-angle, high resolution, gimbal stabilized imaging system perfectly suited for use in\u00a0applications that require high quality photo and video.","og_url":"https:\/\/www.ghostysky.com\/fr\/product\/yuneec-e90x-camera-for-h520e\/","og_site_name":"Ghostysky","article_publisher":"https:\/\/www.facebook.com\/people\/Ghostysky\/100057676170234\/","article_modified_time":"2024-12-17T04:28:25+00:00","og_image":[{"width":642,"height":715,"url":"https:\/\/www.ghostysky.com\/wp-content\/uploads\/2021\/03\/e90X2.png","type":"image\/png"}],"twitter_card":"summary_large_image","twitter_site":"@Gh0stysky","twitter_misc":{"Dur\u00e9e de lecture estim\u00e9e":"1 minute"},"schema":{"@context":"https:\/\/schema.org","@graph":[{"@type":"WebPage","@id":"https:\/\/www.ghostysky.com\/product\/yuneec-e90x-camera-for-h520e\/","url":"https:\/\/www.ghostysky.com\/product\/yuneec-e90x-camera-for-h520e\/","name":"Cam\u00e9ra E90X pour H520E et H850-RTK -","isPartOf":{"@id":"https:\/\/www.ghostysky.com\/#website"},"primaryImageOfPage":{"@id":"https:\/\/www.ghostysky.com\/product\/yuneec-e90x-camera-for-h520e\/#primaryimage"},"image":{"@id":"https:\/\/www.ghostysky.com\/product\/yuneec-e90x-camera-for-h520e\/#primaryimage"},"thumbnailUrl":"https:\/\/www.ghostysky.com\/wp-content\/uploads\/2021\/03\/e90X2.png","datePublished":"2021-03-04T17:33:04+00:00","dateModified":"2024-12-17T04:28:25+00:00","description":"La cam\u00e9ra E90x pour H520E\/H520E-RTK et H850-RTK est un syst\u00e8me d&#039;imagerie stabilis\u00e9 par cardan grand angle et haute r\u00e9solution, parfaitement adapt\u00e9 \u00e0 une utilisation dans des applications n\u00e9cessitant des photos et des vid\u00e9os de haute qualit\u00e9.","breadcrumb":{"@id":"https:\/\/www.ghostysky.com\/product\/yuneec-e90x-camera-for-h520e\/#breadcrumb"},"inLanguage":"fr-FR","potentialAction":[{"@type":"ReadAction","target":["https:\/\/www.ghostysky.com\/product\/yuneec-e90x-camera-for-h520e\/"]}]},{"@type":"ImageObject","inLanguage":"fr-FR","@id":"https:\/\/www.ghostysky.com\/product\/yuneec-e90x-camera-for-h520e\/#primaryimage","url":"https:\/\/www.ghostysky.com\/wp-content\/uploads\/2021\/03\/e90X2.png","contentUrl":"https:\/\/www.ghostysky.com\/wp-content\/uploads\/2021\/03\/e90X2.png","width":642,"height":715},{"@type":"BreadcrumbList","@id":"https:\/\/www.ghostysky.com\/product\/yuneec-e90x-camera-for-h520e\/#breadcrumb","itemListElement":[{"@type":"ListItem","position":1,"name":"Home","item":"https:\/\/www.ghostysky.com\/"},{"@type":"ListItem","position":2,"name":"Shop","item":"https:\/\/www.ghostysky.com\/shop\/"},{"@type":"ListItem","position":3,"name":"E90X Camera for H520E &#038; H850-RTK"}]},{"@type":"WebSite","@id":"https:\/\/www.ghostysky.com\/#website","url":"https:\/\/www.ghostysky.com\/","name":"Ghostysky","description":"Livraison de drones et de services professionnels","publisher":{"@id":"https:\/\/www.ghostysky.com\/#organization"},"potentialAction":[{"@type":"SearchAction","target":{"@type":"EntryPoint","urlTemplate":"https:\/\/www.ghostysky.com\/?s={search_term_string}"},"query-input":{"@type":"PropertyValueSpecification","valueRequired":true,"valueName":"search_term_string"}}],"inLanguage":"fr-FR"},{"@type":"Organization","@id":"https:\/\/www.ghostysky.com\/#organization","name":"Ghostysky","url":"https:\/\/www.ghostysky.com\/","logo":{"@type":"ImageObject","inLanguage":"fr-FR","@id":"https:\/\/www.ghostysky.com\/#\/schema\/logo\/image\/","url":"https:\/\/www.ghostysky.com\/wp-content\/uploads\/2020\/06\/cropped-ghostyskylogo_text_white2.png","contentUrl":"https:\/\/www.ghostysky.com\/wp-content\/uploads\/2020\/06\/cropped-ghostyskylogo_text_white2.png","width":169,"height":56,"caption":"Ghostysky"},"image":{"@id":"https:\/\/www.ghostysky.com\/#\/schema\/logo\/image\/"},"sameAs":["https:\/\/www.facebook.com\/people\/Ghostysky\/100057676170234\/","https:\/\/x.com\/Gh0stysky","https:\/\/www.linkedin.com\/company\/34739653","https:\/\/www.instagram.com\/gh0stysky"]}]}},"_links":{"self":[{"href":"https:\/\/www.ghostysky.com\/fr\/wp-json\/wp\/v2\/product\/2058","targetHints":{"allow":["GET"]}}],"collection":[{"href":"https:\/\/www.ghostysky.com\/fr\/wp-json\/wp\/v2\/product"}],"about":[{"href":"https:\/\/www.ghostysky.com\/fr\/wp-json\/wp\/v2\/types\/product"}],"replies":[{"embeddable":true,"href":"https:\/\/www.ghostysky.com\/fr\/wp-json\/wp\/v2\/comments?post=2058"}],"version-history":[{"count":0,"href":"https:\/\/www.ghostysky.com\/fr\/wp-json\/wp\/v2\/product\/2058\/revisions"}],"wp:featuredmedia":[{"embeddable":true,"href":"https:\/\/www.ghostysky.com\/fr\/wp-json\/wp\/v2\/media\/2060"}],"wp:attachment":[{"href":"https:\/\/www.ghostysky.com\/fr\/wp-json\/wp\/v2\/media?parent=2058"}],"wp:term":[{"taxonomy":"product_brand","embeddable":true,"href":"https:\/\/www.ghostysky.com\/fr\/wp-json\/wp\/v2\/product_brand?post=2058"},{"taxonomy":"product_cat","embeddable":true,"href":"https:\/\/www.ghostysky.com\/fr\/wp-json\/wp\/v2\/product_cat?post=2058"},{"taxonomy":"product_tag","embeddable":true,"href":"https:\/\/www.ghostysky.com\/fr\/wp-json\/wp\/v2\/product_tag?post=2058"}],"curies":[{"name":"wp","href":"https:\/\/api.w.org\/{rel}","templated":true}]}}